{"id":9655,"date":"2020-01-24T08:16:02","date_gmt":"2020-01-24T08:16:02","guid":{"rendered":"https:\/\/internetaddictsanonymous.org\/?page_id=9655"},"modified":"2026-02-27T13:57:57","modified_gmt":"2026-02-27T21:57:57","slug":"itaa-konwencje","status":"publish","type":"page","link":"https:\/\/internetaddictsanonymous.org\/pl\/itaa-conventions\/","title":{"rendered":"Konwencje ITAA"},"content":{"rendered":"<p><em>Ka\u017cdy cz\u0142onek lub grupa cz\u0142onk\u00f3w mo\u017ce zorganizowa\u0107 konwencj\u0119. Je\u015bli chcesz zaplanowa\u0107 konwencj\u0119 w swojej okolicy, nie kr\u0119puj si\u0119!<\/em><\/p>\n\n\n\n<p><strong>Konwencja Niemiecka ITAA 2026<\/strong><\/p>\n\n\n\n<p>W dniach 19\u201321 czerwca 2026 r. w Immenhausen ko\u0142o Kassel odb\u0119dzie si\u0119 niemieckoj\u0119zyczna konwencja ITAA, w ramach kt\u00f3rej odb\u0119d\u0105 si\u0119 spotkania i wsp\u00f3lne gotowanie.<br>W celu rejestracji prosimy o kontakt: <a href=\"mailto:itaa.treffen.immenhausen.2026@gmail.com\" target=\"_blank\" rel=\"noreferrer noopener\">itaa.treffen.immenhausen.2026@gmail.com<\/a><\/p>\n\n\n\n<p>Wom 19.\u201321. Czerwiec 2026 findet eine deutschsprachige Konwencja ITAA w Immenhausen bei Kassel mit Meetings und gemeinsamem Kochen statt.<br>Infos zur Anmeldung unter: <a href=\"mailto:itaa.treffen.immenhausen.2026@gmail.com\" target=\"_blank\" rel=\"noreferrer noopener\">itaa.treffen.immenhausen.2026@gmail.com<\/a><\/p>\n\n\n\n<p class=\"has-text-align-center\">-~-<\/p>\n\n\n\n<p><strong>Konwencja ITAA Mid-Atlantic \u2013 Wiosna w Nowym Jorku<\/strong><\/p>\n\n\n\n<p>Oficjalnie wznowiono planowanie potencjalnego osobistego spotkania ITAA Mid-Atlantic tej wiosny w Nowym Jorku!<\/p>\n\n\n\n<p>W zesz\u0142orocznym wydarzeniu w Waszyngtonie spotkali si\u0119 cz\u0142onkowie z Filadelfii, Nowego Jorku, Waszyngtonu i innych miejsc. By\u0142o to pot\u0119\u017cne do\u015bwiadczenie budowania wi\u0119zi i powrotu do zdrowia.<\/p>\n\n\n\n<p>Obecnie badamy zainteresowanie wiosennym spotkaniem w Nowym Jorku. Je\u015bli chcesz wzi\u0105\u0107 w nim udzia\u0142 lub pom\u00f3c w planowaniu, skontaktuj si\u0119 z nami pod adresem itaa.macc@gmail.com<\/p>\n\n\n\n<p>Wi\u0119cej szczeg\u00f3\u0142\u00f3w wkr\u00f3tce.<\/p>\n\n\n\n<p class=\"has-text-align-center\">-~-<\/p>\n\n\n\n<p><strong>Konwencja P\u00f3\u0142nocnoameryka\u0144ska ITAA 2026<\/strong><\/p>\n\n\n\n<p>Odejd\u017a od ekranu i zanurz si\u0119 w spokoju! Trzecia P\u00f3\u0142nocnoameryka\u0144ska Konwencja ITAA odb\u0119dzie si\u0119 w dniach 19-21 czerwca 2026 roku w Centrum Rekolekcyjnym Menucha w Portland w stanie Oregon. Najwa\u017cniejsze wydarzenia to po\u017cywne posi\u0142ki, anga\u017cuj\u0105ce panele, codzienne spotkania z towarzyszami z ca\u0142ego \u015bwiata oraz (nie)s\u0142awny otwarty mikrofon.<\/p>\n\n\n\n<p>Dost\u0119pna jest pewna pomoc finansowa. Ceny bilet\u00f3w normalnych wahaj\u0105 si\u0119 od $275 do 750, w zale\u017cno\u015bci od rodzaju pokoju. Rejestracja jest ju\u017c otwarta! Kliknij ten link, aby dowiedzie\u0107 si\u0119 wi\u0119cej i zarejestrowa\u0107 si\u0119:&nbsp;<a href=\"https:\/\/docs.google.com\/document\/d\/18E0DZBR4hg_FICBhGSVHA6cA6m6HEadJkjgzwnJYn-4\/edit?tab=t.0%E2%80%9D\" target=\"_blank\" rel=\"noreferrer noopener\">https:\/\/docs.google.com\/document\/d\/18E0DZBR4hg_FICBhGSVHA6cA6m6HEadJkjgzwnJYn-4\/edit?tab=t.0<\/a><\/p>\n\n\n\n<p>Je\u015bli chcesz dowiedzie\u0107 si\u0119 wi\u0119cej o konwencie lub zaanga\u017cowa\u0107 si\u0119 w proces planowania, zapraszamy na jedno z cotygodniowych spotka\u0144 planistycznych! Spotkania planistyczne online mo\u017cna znale\u017a\u0107 w kalendarzu. Spotkania odbywaj\u0105 si\u0119 w niedziele o godzinie 19:00 czasu wschodniego USA.<\/p>\n\n\n\n<p>Zapraszamy do kontaktu <a href=\"mailto:itaa.nacc@gmail.com\" target=\"_blank\" rel=\"noreferrer noopener\">itaa.nacc@gmail.com<\/a> Aby uzyska\u0107 wi\u0119cej informacji.<\/p>\n\n\n\n<p><\/p>\n\n\n\n<h2 class=\"wp-block-heading has-large-font-size\"><strong>Poprzednie konwencje ITAA<\/strong><\/h2>\n\n\n\n<p><strong>Konwencja Kalifornijska ITAA (CAC) 2025<\/strong><br><br>Pierwsza Kalifornijska Konwencja ITAA (CAC 1) odby\u0142a si\u0119 w dniach 11-13 pa\u017adziernika 2025 roku. Sze\u015bcioro stypendyst\u00f3w z ca\u0142ego stanu sp\u0119dzi\u0142o weekend w nieco nawiedzonej rezydencji na terenie winnicy. Codziennie odbywali\u015bmy spotkania, oddawali\u015bmy si\u0119 g\u0142\u0119bokim medytacjom, wygrzewali\u015bmy si\u0119 na pla\u017cy, rozmawiali\u015bmy o swoich odczuciach i grali\u015bmy w gry planszowe. Czekajcie na kontynuacj\u0119 \u2013 CAC 2 w 2026 roku!<\/p>\n\n\n\n<p class=\"has-text-align-center\">-~-<\/p>\n\n\n\n<p><strong>Konwencja \u015brodkowoatlantycka ITAA 2025<\/strong><br><br>Z przyjemno\u015bci\u0105 og\u0142aszamy, \u017ce rejestracja na ITAA Mid-Atlantic Convention 2025 jest ju\u017c oficjalnie otwarta!<br>Data wydarzenia: sobota, 27 wrze\u015bnia 2025 r.<br>Czas wydarzenia: 10:00 \u2013 18:00<br>Lokalizacja: Rock Creek Park, Waszyngton, DC.<br>Je\u015bli chcesz si\u0119 zarejestrowa\u0107, wype\u0142nij formularz rejestracyjny.<\/p>\n\n\n\n<p><a href=\"https:\/\/tinyurl.com\/34kxz2hk\" target=\"_blank\" rel=\"noreferrer noopener\">Formularz rejestracyjny MAC-ITAA<\/a><\/p>\n\n\n\n<p>Post\u0119puj zgodnie z instrukcjami dotycz\u0105cymi uiszczenia op\u0142aty rejestracyjnej. W razie pyta\u0144 prosimy o kontakt. Do zobaczenia wkr\u00f3tce!&nbsp;<a href=\"mailto:itaa.macc@gmail.com\" target=\"_blank\" rel=\"noreferrer noopener\">itaa.macc@gmail.com<\/a>.<\/p>\n\n\n\n<p class=\"has-text-align-center\">-~-<\/p>\n\n\n\n<p class=\"has-medium-font-size\"><strong>Konwencja Niemiecka ITAA 2025<\/strong><\/p>\n\n\n\n<p class=\"has-medium-font-size\">Niemiecki kongres ITAA w Immenhausen w Niemczech (niedaleko Kassel) planowany jest na 6-8 czerwca 2025 roku. Wydarzenie odb\u0119dzie si\u0119 w j\u0119zyku niemieckim. Cena wynosi 50 euro (+koszty podr\u00f3\u017cy). Aby zarejestrowa\u0107 si\u0119, prosimy o kontakt pod adresem: ITAA.Treffen.Immenhausen.2025@gmail.com. Termin rejestracji up\u0142ywa 4 kwietnia. Je\u015bli chcesz dowiedzie\u0107 si\u0119 wi\u0119cej o niemieckoj\u0119zycznym kongresie ITAA w Immenhausen w 2025 roku, zapraszamy na spotkanie organizacyjne, kt\u00f3re odb\u0119dzie si\u0119 w niedziel\u0119 16 lutego po niemieckim spotkaniu ITAA (9:30-10:30 czasu MET).<\/p>\n\n\n\n<p>Wir planen, im Juni (06.06.-08.06.2025) w ITAA-Treffen w Immenhausen (in der N\u00e4he von Kassel) zu organisieren. Die Veranstaltung findet auf Deutsch statt. Die \u00dcbernachtungskosten werden sich voraussichtlich auf etwa 50 Euro belaufen (dazu kommen Verpflegungs- und Reisekosten).<br>Wenn ihr Interesse an einer Teilnahme habt, skontaktuj si\u0119 z nami pod adresem ITAA.Treffen.Immenhausen.2025@gmail.com<br>Anmeldeschluss ist der 4. April.<br>Wenn ihr mehr \u00fcber das deutschsprachige ITAA-Treffen 2025 w Immenhausen erfahren m\u00f6chtet, k\u00f6nnt ihr auch zum Planungstreffen kommen. Das n\u00e4chste Planungstreffen findet am 16.02. im Anschluss an das Deutsche ITAA Treffen am Sonntag (9:30-10:30 Uhr MEZ) statt.<\/p>\n\n\n\n<p class=\"has-text-align-center has-medium-font-size\">-~-<\/p>\n\n\n\n<p><strong>Konwencja ITAA w Ameryce P\u00f3\u0142nocnej 2024<\/strong><\/p>\n\n\n\n<p>Druga Konwencja P\u00f3\u0142nocnoameryka\u0144ska (NAC) odby\u0142a si\u0119 w dniach 27-29 wrze\u015bnia 2024 roku w wiejskim o\u015brodku rekolekcyjnym w Maryland \u2013 pi\u0119knej, malowniczej farmie i miejscu spotka\u0144, kt\u00f3rego mottem jest \u201cod\u0142\u0105cz si\u0119, aby po\u0142\u0105czy\u0107\u201d. Ponad 80 cz\u0142onk\u00f3w uczestniczy\u0142o osobi\u015bcie w wydarzeniu z bliska i daleka, w tym z W\u0119gier, Wielkiej Brytanii, Kanady, Arizony, Illinois, Ohio, Kolorado, Karoliny P\u00f3\u0142nocnej, Kalifornii, stanu Waszyngton, Waszyngtonu i ca\u0142ego p\u00f3\u0142nocno-wschodniego regionu USA.<br><br>Frekwencja na wydarzeniu niemal podwoi\u0142a si\u0119 w por\u00f3wnaniu z ubieg\u0142ym rokiem, bij\u0105c rekord najwi\u0119kszego spotkania stacjonarnego w historii ITAA. Dodatkowo, wydarzenie cieszy\u0142o si\u0119 du\u017c\u0105 popularno\u015bci\u0105 wirtualn\u0105 podczas czterech wydarze\u0144 hybrydowych transmitowanych na stronie internetowej ITAA, kt\u00f3rych nagrania mo\u017cna znale\u017a\u0107 na stronie internetowej.&nbsp;<a href=\"https:\/\/internetaddictsanonymous.org\/pl\/historie-powrotu-do-zdrowia\/\" target=\"_blank\" rel=\"noreferrer noopener\">Historie odzyskiwania<\/a>&nbsp;Strona. Prze\u017cyli\u015bmy trzy dni pe\u0142ne wsp\u00f3lnoty, z szerok\u0105 gam\u0105 wydarze\u0144, w tym spotkania z prelegentami, panele, warsztaty o tematyce od krok\u00f3w w pracy, przez wykorzystanie sztuki do osi\u0105gni\u0119cia abstynencji, po tworzenie zdrowych spotka\u0144 na \u017cywo, wiecz\u00f3r z otwartym mikrofonem oraz grupowe spotkania z najwa\u017cniejszymi osobami, w tym medytacje, modlitw\u0119 dwustronn\u0105 i bieganie. Dzielili\u015bmy si\u0119 jedzeniem, \u015bmiechem i przyja\u017ani\u0105, buduj\u0105c g\u0142\u0119bsze wi\u0119zi, kt\u00f3re pozostaj\u0105 integraln\u0105 cz\u0119\u015bci\u0105 naszej drogi do wyzdrowienia d\u0142ugo po zako\u0144czeniu weekendu.<\/p>\n\n\n\n<p class=\"has-text-align-center\">-~-<\/p>\n\n\n\n<p><strong>Dania ITAA Retreat 2024<\/strong> <\/p>\n\n\n\n<p>W dniach od 20 do 24 wrze\u015bnia 2024 r. 5 cz\u0142onk\u00f3w ITAA z 4 kraj\u00f3w sp\u0119dzi\u0142o czas na wsi za Ringsted w Danii.<\/p>\n\n\n\n<p>Razem \u0107wiczyli\u015bmy jog\u0119 i qi-gong, razem gotowali\u015bmy i jedli\u015bmy, a tak\u017ce wybrali\u015bmy si\u0119 na cichy spacer po lesie. Odby\u0142o si\u0119 wiele spotka\u0144 i mn\u00f3stwo zabawy. W sobotni wiecz\u00f3r sauna by\u0142a zapalona. Ostatnie spotkanie w niedziel\u0119 odby\u0142o si\u0119 na tratwie na ma\u0142ym stawie obok miejsca spotkania!<\/p>\n\n\n\n<p>Je\u015bli jeste\u015b zainteresowany do\u0142\u0105czeniem do przysz\u0142ego TINTNAC, skontaktuj si\u0119 z nami&nbsp;<a href=\"mailto:tintnac@itaa.dk\" target=\"_blank\" rel=\"noreferrer noopener\">tintnac@itaa.dk<\/a>.<\/p>\n\n\n\n<p class=\"has-text-align-center\">-~-<\/p>\n\n\n\n<p><strong>Konwencja ITAA w Ameryce P\u00f3\u0142nocnej 2023<\/strong><\/p>\n\n\n\n<p>Inauguracyjna Konwencja P\u00f3\u0142nocnoameryka\u0144ska (NAC) odby\u0142a si\u0119 w dniach 4-6 sierpnia 2023 r. w o\u015brodku rekolekcyjnym w San Ramon Valley. Wzi\u0119\u0142o w nim udzia\u0142 ponad 50 cz\u0142onk\u00f3w z ca\u0142ego \u015bwiata, w tym z Dubaju, Wielkiej Brytanii, Nowego Jorku, Arizony, Waszyngtonu i Kalifornii.<\/p>\n\n\n\n<p>By\u0142o to najwi\u0119ksze osobiste spotkanie w historii ITAA. Pod has\u0142em przewodnim <em>Powr\u00f3t do domu do ITAA<\/em>Uczestniczyli\u015bmy w r\u00f3\u017cnorodnej ofercie wydarze\u0144 - spotkaniach prowadzonych przez Recovery, panelach, warsztatach, cichej imprezie tanecznej, pokazie talent\u00f3w i zaj\u0119ciach grupowych. Cieszyli\u015bmy si\u0119 wsp\u00f3lnymi posi\u0142kami i prawdziwymi u\u015bciskami! Wi\u0119cej na ten temat mo\u017cna przeczyta\u0107 tutaj:<br><a href=\"https:\/\/drive.google.com\/file\/d\/1dY9NGsuFw19U-4qDMpAKvs3yRs7Mb58d\/view?usp=sharing\">Biuletyn konwencji NAC 2023<\/a><\/p>\n\n\n\n<p class=\"has-text-align-center\">-~-<\/p>\n\n\n\n<p><strong>Mi\u0119dzynarodowa Niemiecka Konwencja ITAA 2022<\/strong><\/p>\n\n\n\n<p>Mi\u0119dzynarodowa konwencja niemieckoj\u0119zyczna odby\u0142a si\u0119 w Kassel w Niemczech w dniach od 4 do 6 listopada 2022 roku. Wi\u0119cej informacji mo\u017cna znale\u017a\u0107 pod poni\u017cszymi linkami:<br><a href=\"https:\/\/drive.google.com\/file\/d\/1nVc7ASAUNOWPfETdJYxi3Ca3OwUQDy9o\/view?usp=sharing\">Biuletyn w j\u0119zyku angielskim<\/a><br><a href=\"https:\/\/drive.google.com\/file\/d\/19yIeiCZfQ4lzuJY466wLgGqS9uhI61dQ\/view?usp=sharing\">Niemiecki biuletyn informacyjny<\/a><\/p>\n\n\n\n<p class=\"has-text-align-center\">-~-<\/p>\n\n\n\n<p><strong>Pierwsze mi\u0119dzynarodowe spotkanie ITAA 2019<\/strong><\/p>\n\n\n\n<p>Pierwsze mi\u0119dzynarodowe zgromadzenie ITAA odby\u0142o si\u0119 w Berlinie, w Niemczech, w dniach 9 i 10 listopada 2019 r. O zgromadzeniu i historiach cz\u0142onk\u00f3w mo\u017cna przeczyta\u0107 w <a aria-label=\"nieokre\u015blony (otwiera si\u0119 w nowej karcie)\" href=\"https:\/\/drive.google.com\/file\/d\/1RKRxJW0WZVy2g_jvjCV2MLBDm35xtqIB\/view?usp=sharing\" target=\"_blank\" rel=\"noreferrer noopener\">nasz newsletter<\/a>.<\/p>\n<!-- PMB print buttons is only displayed on a single post\/page URLs-->","protected":false},"excerpt":{"rendered":"<p>Any member or group of members may organize a convention. If you would like to plan a convention in your area, please feel free to do so! ITAA German Convention 2026 From June 19\u201321, 2026, a German-speaking ITAA Convention will take place in Immenhausen near Kassel, featuring meetings and shared cooking activities.For Registration please contact: &hellip; <a href=\"https:\/\/internetaddictsanonymous.org\/pl\/itaa-conventions\/\" class=\"more-link\">Kontynuuj czytanie <span class=\"screen-reader-text\">Konwencje ITAA<\/span><\/a><\/p>","protected":false},"author":35194237,"featured_media":0,"parent":0,"menu_order":0,"comment_status":"closed","ping_status":"closed","template":"full-width-page.php","meta":{"inline_featured_image":false,"_lmt_disableupdate":"","_lmt_disable":"","footnotes":""},"tags":[],"class_list":["post-9655","page","type-page","status-publish","hentry"],"yoast_head":"<!-- This site is optimized with the Yoast SEO plugin v27.4 - https:\/\/yoast.com\/product\/yoast-seo-wordpress\/ -->\n<title>ITAA Conventions &#8211; Internet and Technology Addicts Anonymous<\/title>\n<meta name=\"robots\" content=\"index, follow, max-snippet:-1, max-image-preview:large, max-video-preview:-1\" \/>\n<link rel=\"canonical\" href=\"https:\/\/internetaddictsanonymous.org\/pl\/itaa-konwencje\/\" \/>\n<meta property=\"og:locale\" content=\"pl_PL\" \/>\n<meta property=\"og:type\" content=\"article\" \/>\n<meta property=\"og:title\" content=\"ITAA Conventions &#8211; Internet and Technology Addicts Anonymous\" \/>\n<meta property=\"og:description\" content=\"Any member or group of members may organize a convention. If you would like to plan a convention in your area, please feel free to do so! ITAA German Convention 2026 From June 19\u201321, 2026, a German-speaking ITAA Convention will take place in Immenhausen near Kassel, featuring meetings and shared cooking activities.For Registration please contact: &hellip; Continue reading ITAA Conventions\" \/>\n<meta property=\"og:url\" content=\"https:\/\/internetaddictsanonymous.org\/pl\/itaa-konwencje\/\" \/>\n<meta property=\"og:site_name\" content=\"Internet and Technology Addicts Anonymous\" \/>\n<meta property=\"article:modified_time\" content=\"2026-02-27T21:57:57+00:00\" \/>\n<meta name=\"twitter:card\" content=\"summary_large_image\" \/>\n<meta name=\"twitter:label1\" content=\"Szacowany czas czytania\" \/>\n\t<meta name=\"twitter:data1\" content=\"5 minut\" \/>\n<script type=\"application\/ld+json\" class=\"yoast-schema-graph\">{\"@context\":\"https:\\\/\\\/schema.org\",\"@graph\":[{\"@type\":\"WebPage\",\"@id\":\"https:\\\/\\\/internetaddictsanonymous.org\\\/itaa-conventions\\\/\",\"url\":\"https:\\\/\\\/internetaddictsanonymous.org\\\/itaa-conventions\\\/\",\"name\":\"ITAA Conventions &#8211; Internet and Technology Addicts Anonymous\",\"isPartOf\":{\"@id\":\"https:\\\/\\\/internetaddictsanonymous.org\\\/#website\"},\"datePublished\":\"2020-01-24T08:16:02+00:00\",\"dateModified\":\"2026-02-27T21:57:57+00:00\",\"breadcrumb\":{\"@id\":\"https:\\\/\\\/internetaddictsanonymous.org\\\/itaa-conventions\\\/#breadcrumb\"},\"inLanguage\":\"pl-PL\",\"potentialAction\":[{\"@type\":\"ReadAction\",\"target\":[\"https:\\\/\\\/internetaddictsanonymous.org\\\/itaa-conventions\\\/\"]}]},{\"@type\":\"BreadcrumbList\",\"@id\":\"https:\\\/\\\/internetaddictsanonymous.org\\\/itaa-conventions\\\/#breadcrumb\",\"itemListElement\":[{\"@type\":\"ListItem\",\"position\":1,\"name\":\"Home\",\"item\":\"https:\\\/\\\/internetaddictsanonymous.org\\\/\"},{\"@type\":\"ListItem\",\"position\":2,\"name\":\"ITAA Conventions\"}]},{\"@type\":\"WebSite\",\"@id\":\"https:\\\/\\\/internetaddictsanonymous.org\\\/#website\",\"url\":\"https:\\\/\\\/internetaddictsanonymous.org\\\/\",\"name\":\"Internet and Technology Addicts Anonymous\",\"description\":\"Worldwide 12-step Fellowship for Internet and Technology Addiction\",\"publisher\":{\"@id\":\"https:\\\/\\\/internetaddictsanonymous.org\\\/#organization\"},\"potentialAction\":[{\"@type\":\"SearchAction\",\"target\":{\"@type\":\"EntryPoint\",\"urlTemplate\":\"https:\\\/\\\/internetaddictsanonymous.org\\\/?s={search_term_string}\"},\"query-input\":{\"@type\":\"PropertyValueSpecification\",\"valueRequired\":true,\"valueName\":\"search_term_string\"}}],\"inLanguage\":\"pl-PL\"},{\"@type\":\"Organization\",\"@id\":\"https:\\\/\\\/internetaddictsanonymous.org\\\/#organization\",\"name\":\"Internet and Technology Addicts Anonymous\",\"url\":\"https:\\\/\\\/internetaddictsanonymous.org\\\/\",\"logo\":{\"@type\":\"ImageObject\",\"inLanguage\":\"pl-PL\",\"@id\":\"https:\\\/\\\/internetaddictsanonymous.org\\\/#\\\/schema\\\/logo\\\/image\\\/\",\"url\":\"https:\\\/\\\/internetaddictsanonymous.org\\\/wp-content\\\/uploads\\\/2023\\\/01\\\/cropped-ITAA-logo-480px.png\",\"contentUrl\":\"https:\\\/\\\/internetaddictsanonymous.org\\\/wp-content\\\/uploads\\\/2023\\\/01\\\/cropped-ITAA-logo-480px.png\",\"width\":480,\"height\":480,\"caption\":\"Internet and Technology Addicts Anonymous\"},\"image\":{\"@id\":\"https:\\\/\\\/internetaddictsanonymous.org\\\/#\\\/schema\\\/logo\\\/image\\\/\"}}]}<\/script>\n<!-- \/ Yoast SEO plugin. -->","yoast_head_json":{"title":"Konwencje ITAA - Anonimowi Uzale\u017cnieni od Internetu i Technologii","robots":{"index":"index","follow":"follow","max-snippet":"max-snippet:-1","max-image-preview":"max-image-preview:large","max-video-preview":"max-video-preview:-1"},"canonical":"https:\/\/internetaddictsanonymous.org\/pl\/itaa-konwencje\/","og_locale":"pl_PL","og_type":"article","og_title":"ITAA Conventions &#8211; Internet and Technology Addicts Anonymous","og_description":"Any member or group of members may organize a convention. If you would like to plan a convention in your area, please feel free to do so! ITAA German Convention 2026 From June 19\u201321, 2026, a German-speaking ITAA Convention will take place in Immenhausen near Kassel, featuring meetings and shared cooking activities.For Registration please contact: &hellip; Continue reading ITAA Conventions","og_url":"https:\/\/internetaddictsanonymous.org\/pl\/itaa-konwencje\/","og_site_name":"Internet and Technology Addicts Anonymous","article_modified_time":"2026-02-27T21:57:57+00:00","twitter_card":"summary_large_image","twitter_misc":{"Szacowany czas czytania":"5 minut"},"schema":{"@context":"https:\/\/schema.org","@graph":[{"@type":"WebPage","@id":"https:\/\/internetaddictsanonymous.org\/itaa-conventions\/","url":"https:\/\/internetaddictsanonymous.org\/itaa-conventions\/","name":"Konwencje ITAA - Anonimowi Uzale\u017cnieni od Internetu i Technologii","isPartOf":{"@id":"https:\/\/internetaddictsanonymous.org\/#website"},"datePublished":"2020-01-24T08:16:02+00:00","dateModified":"2026-02-27T21:57:57+00:00","breadcrumb":{"@id":"https:\/\/internetaddictsanonymous.org\/itaa-conventions\/#breadcrumb"},"inLanguage":"pl-PL","potentialAction":[{"@type":"ReadAction","target":["https:\/\/internetaddictsanonymous.org\/itaa-conventions\/"]}]},{"@type":"BreadcrumbList","@id":"https:\/\/internetaddictsanonymous.org\/itaa-conventions\/#breadcrumb","itemListElement":[{"@type":"ListItem","position":1,"name":"Home","item":"https:\/\/internetaddictsanonymous.org\/"},{"@type":"ListItem","position":2,"name":"ITAA Conventions"}]},{"@type":"WebSite","@id":"https:\/\/internetaddictsanonymous.org\/#website","url":"https:\/\/internetaddictsanonymous.org\/","name":"Anonimowi uzale\u017cnieni od Internetu i technologii","description":"\u015awiatowa wsp\u00f3lnota 12 krok\u00f3w dla uzale\u017cnionych od Internetu i technologii","publisher":{"@id":"https:\/\/internetaddictsanonymous.org\/#organization"},"potentialAction":[{"@type":"SearchAction","target":{"@type":"EntryPoint","urlTemplate":"https:\/\/internetaddictsanonymous.org\/?s={search_term_string}"},"query-input":{"@type":"PropertyValueSpecification","valueRequired":true,"valueName":"search_term_string"}}],"inLanguage":"pl-PL"},{"@type":"Organization","@id":"https:\/\/internetaddictsanonymous.org\/#organization","name":"Anonimowi uzale\u017cnieni od Internetu i technologii","url":"https:\/\/internetaddictsanonymous.org\/","logo":{"@type":"ImageObject","inLanguage":"pl-PL","@id":"https:\/\/internetaddictsanonymous.org\/#\/schema\/logo\/image\/","url":"https:\/\/internetaddictsanonymous.org\/wp-content\/uploads\/2023\/01\/cropped-ITAA-logo-480px.png","contentUrl":"https:\/\/internetaddictsanonymous.org\/wp-content\/uploads\/2023\/01\/cropped-ITAA-logo-480px.png","width":480,"height":480,"caption":"Internet and Technology Addicts Anonymous"},"image":{"@id":"https:\/\/internetaddictsanonymous.org\/#\/schema\/logo\/image\/"}}]}},"jetpack_sharing_enabled":true,"jetpack_shortlink":"https:\/\/wp.me\/P9Fwob-2vJ","_links":{"self":[{"href":"https:\/\/internetaddictsanonymous.org\/pl\/wp-json\/wp\/v2\/pages\/9655","targetHints":{"allow":["GET"]}}],"collection":[{"href":"https:\/\/internetaddictsanonymous.org\/pl\/wp-json\/wp\/v2\/pages"}],"about":[{"href":"https:\/\/internetaddictsanonymous.org\/pl\/wp-json\/wp\/v2\/types\/page"}],"author":[{"embeddable":true,"href":"https:\/\/internetaddictsanonymous.org\/pl\/wp-json\/wp\/v2\/users\/35194237"}],"replies":[{"embeddable":true,"href":"https:\/\/internetaddictsanonymous.org\/pl\/wp-json\/wp\/v2\/comments?post=9655"}],"version-history":[{"count":68,"href":"https:\/\/internetaddictsanonymous.org\/pl\/wp-json\/wp\/v2\/pages\/9655\/revisions"}],"predecessor-version":[{"id":21079,"href":"https:\/\/internetaddictsanonymous.org\/pl\/wp-json\/wp\/v2\/pages\/9655\/revisions\/21079"}],"wp:attachment":[{"href":"https:\/\/internetaddictsanonymous.org\/pl\/wp-json\/wp\/v2\/media?parent=9655"}],"wp:term":[{"taxonomy":"post_tag","embeddable":true,"href":"https:\/\/internetaddictsanonymous.org\/pl\/wp-json\/wp\/v2\/tags?post=9655"}],"curies":[{"name":"wp","href":"https:\/\/api.w.org\/{rel}","templated":true}]}}