{"id":10620,"date":"2020-05-03T13:30:03","date_gmt":"2020-05-03T13:30:03","guid":{"rendered":"https:\/\/internetaddictsanonymous.org\/?page_id=10620"},"modified":"2023-01-14T07:03:14","modified_gmt":"2023-01-14T12:03:14","slug":"servico","status":"publish","type":"page","link":"https:\/\/internetaddictsanonymous.org\/pt\/service\/","title":{"rendered":"Um guia para o servi\u00e7o"},"content":{"rendered":"<p>Uma de nossas ferramentas mais fortes de recupera\u00e7\u00e3o \u00e9 servir a outros adictos, bem como \u00e0s nossas comunidades mais amplas. DITA \u00e9 uma organiza\u00e7\u00e3o totalmente volunt\u00e1ria, sem profissionais remunerados. Abaixo est\u00e3o algumas sugest\u00f5es de como voc\u00ea pode ser \u00fatil ao DITA. Voc\u00ea tamb\u00e9m pode encontrar <a href=\"https:\/\/internetaddictsanonymous.org\/pt\/posicoes-de-servico\/\">posi\u00e7\u00f5es de servi\u00e7o atualmente abertas<\/a> para mais oportunidades de servir.<\/p>\n\n\n\n<p>Maneiras de prestar servi\u00e7o em DITA:<\/p>\n\n\n\n<ol class=\"wp-block-list\">\n<li>Boas-vindas aos rec\u00e9m-chegados. Ajude os rec\u00e9m-chegados a se sentirem-se seguros, bem-vindos e valorizados como seres humanos, n\u00e3o importa o qu\u00e3o mal eles possam se sentir presos em seu v\u00edcio em internet e tecnologia. Apoiar os outros e relembrar como foi assistir ao sua primeira reuni\u00e3o pode ajudar a manter uma \u201catitude de gratid\u00e3o\u201d, que \u00e9 um grande suporte na manuten\u00e7\u00e3o da sobriedade di\u00e1ria.<\/li>\n\n\n\n<li>Liderar uma reuni\u00e3o. Todos os nossos l\u00edderes s\u00e3o apenas servidores de confian\u00e7a, n\u00e3o tem poderes para governar (2\u00ba Tradi\u00e7\u00e3o). Voc\u00ea apenas tem que ser voc\u00ea mesmo, \"vestir-se e aparecer\" na reuni\u00e3o durante o seu compromisso de liderar (ou, se voc\u00ea sabe que n\u00e3o pode ir, pe\u00e7a a outro membro para assumir por voc\u00ea) e ler o&nbsp;<a href=\"https:\/\/internetaddictsanonymous.org\/pt\/online-meeting-chamada\/script-de-reuniao\/\" target=\"_blank\" rel=\"noreferrer noopener\">script de reuni\u00e3o<\/a>. <\/li>\n\n\n\n<li>Comece uma nova reuni\u00e3o! Qualquer pessoa pode iniciar uma nova reuni\u00e3o. Voc\u00ea pode consultar nossa programa\u00e7\u00e3o de reuni\u00f5es para ver as lacunas nas quais uma nova reuni\u00e3o poderia ser adicionada. Pode ser \u00fatil encontrar um co-l\u00edder ou colega dedicado para que voc\u00ea n\u00e3o esteja sozinho. Se voc\u00ea iniciar uma nova reuni\u00e3o, basta enviar um e-mail atrav\u00e9s do formul\u00e1rio de contato e podemos adicion\u00e1-la ao calend\u00e1rio. Aqui est\u00e3o mais algumas sugest\u00f5es para&nbsp;<a href=\"https:\/\/internetaddictsanonymous.org\/pt\/inicio-de-uma-nova-reuniao-cara-a-cara\/\" target=\"_blank\" rel=\"noreferrer noopener\">iniciar novas reuni\u00f5es<\/a>.<\/li>\n\n\n\n<li>Entrar em contato. Considere entrar em contato com outros membros. Compartilhar sobre sua experi\u00eancia, for\u00e7a e esperan\u00e7a e dar a outro membro a chance de oferecer servi\u00e7o, pedindo-lhe ajuda para superar conflitos, deslizes e reca\u00eddas <em>\u00e9<\/em> uma \u00f3tima forma de servi\u00e7o. Depois de compartilhar, perguntar como seu colega est\u00e1 indo tamb\u00e9m \u00e9 uma maneira de prestar servi\u00e7o.<\/li>\n\n\n\n<li>Co-Apadrinhamento \/ Parceiro de presta\u00e7\u00e3o de contas. Voc\u00ea pode considerar ser co-padrinho ou parceiro de presta\u00e7\u00e3o de contas de algu\u00e9m. Voc\u00ea tamb\u00e9m pode participar de uma reuni\u00e3o de co-apadrinhamento ou de discuss\u00e3o sobre literatura, ou pode marcar uma nova reuni\u00e3o de trabalho de passos. Aqui est\u00e3o algumas notas sobre&nbsp;<a href=\"https:\/\/internetaddictsanonymous.org\/pt\/patrocinio\/\" target=\"_blank\" rel=\"noreferrer noopener\">apadrinhamento e co-apadrinhamento.<\/a>.<\/li>\n\n\n\n<li>Patroc\u00ednio. Se voc\u00ea tem sobriedade e experi\u00eancia em trabalhar as etapas, considere o patroc\u00ednio de outro membro. Muitas vezes \u00e9 recomendado esperar at\u00e9 que voc\u00ea tenha dado o passo 3 antes de come\u00e7ar a patrocinar os rec\u00e9m-chegados. O apadrinhamento \u00e9 uma \u00f3tima maneira de ajudar os outros, e muitas vezes tamb\u00e9m \u00e9 igualmente \u00fatil para sua pr\u00f3pria recupera\u00e7\u00e3o. \"N\u00f3s s\u00f3 guardamos o que temos ao oferec\u00ea-lo\".<\/li>\n\n\n\n<li>Participe de nossas&nbsp;<a href=\"https:\/\/internetaddictsanonymous.org\/pt\/ism\/\">Reuni\u00f5es mensais de Servi\u00e7o Internacional<\/a>onde discutimos quest\u00f5es administrativas para o bem da irmandade. Cada membro da ITAA tem uma voz igual. Se voc\u00ea tem uma opini\u00e3o que pode ajudar a construir uma consci\u00eancia coletiva forte e tornar o coletivo na ITAA mais forte e s\u00e1bio, torne-a conhecida no ISM quando as pessoas estiverem formando uma consci\u00eancia coletiva sobre um determinado t\u00f3pico para chegar a uma decis\u00e3o informada. Da mesma forma, cada reuni\u00e3o individual realiza ocasionalmente reuni\u00f5es de neg\u00f3cios para discutir quest\u00f5es pertinentes a esse grupo, e participar delas tamb\u00e9m \u00e9 uma \u00f3tima maneira de ser \u00fatil. Se voc\u00ea tiver d\u00favidas sobre o que algo significa ou como as reuni\u00f5es de neg\u00f3cios funcionam, voc\u00ea pode perguntar durante uma reuni\u00e3o de neg\u00f3cios e os membros mais experientes podem ajud\u00e1-lo a entender.<\/li>\n\n\n\n<li>Voc\u00ea pode participar de um de nossos comit\u00eas de servi\u00e7o, que s\u00e3o grupos dedicados a uma assunto especial de servi\u00e7o, como reda\u00e7\u00e3o de literatura. Voc\u00ea pode encontrar oportunidades de comit\u00ea no p\u00e1gina <a href=\"https:\/\/internetaddictsanonymous.org\/pt\/posicoes-de-servico\/\">posi\u00e7\u00f5es de servi\u00e7o<\/a> .<\/li>\n\n\n\n<li>Voc\u00ea pode enviar uma breve hist\u00f3ria de cerca de 250 palavras descrevendo como estavam as coisas, como era estar na adic\u00e7\u00e3o ativa, como chegou ao ITAA e quais j\u00f3ias voc\u00ea encontrou at\u00e9 agora na recupera\u00e7\u00e3o. Isso nos ajudar\u00e1 a come\u00e7ar a construir reflex\u00f5es di\u00e1rias.&nbsp;<\/li>\n\n\n\n<li>Se voc\u00ea tem uma recupera\u00e7\u00e3o de longo prazo em DITA e deseja compartilhar sua hist\u00f3ria de recupera\u00e7\u00e3o, podemos adicion\u00e1-la a nossa p\u00e1gina\u00a0<a href=\"https:\/\/internetaddictsanonymous.org\/pt\/historias-de-recuperacao\/\" target=\"_blank\" rel=\"noreferrer noopener\">hist\u00f3rias de recupera\u00e7\u00e3o.<\/a>\u00a0p\u00e1gina. O comprimento sugerido \u00e9 de 2500-5000 palavras.<\/li>\n\n\n\n<li>Voc\u00ea pode&nbsp;<a href=\"https:\/\/internetaddictsanonymous.org\/pt\/doar\/\" target=\"_blank\" rel=\"noreferrer noopener\">doar<\/a>&nbsp;\u00e0 irmandade. Nossa 7\u00aa tradi\u00e7\u00e3o afirma: \u201cTodo grupo deve ser totalmente autossustent\u00e1vel, recusando contribui\u00e7\u00f5es externas\u201d.<\/li>\n<\/ol>\n\n\n\n<p>Voc\u00ea tamb\u00e9m pode ser criativo ao pensar em outras maneiras de prestar servi\u00e7o. Sinta-se \u00e0 vontade para entrar em contato com a p\u00e1gina de contato sobre como voc\u00ea deseja ajudar a transmitir a mensagem aos adictos em necessidade.<\/p>\n<!-- PMB print buttons is only displayed on a single post\/page URLs-->","protected":false},"excerpt":{"rendered":"<p>Uma de nossas ferramentas mais fortes na recupera\u00e7\u00e3o \u00e9 estar a servi\u00e7o de outros adictos, bem como de nossas comunidades mais amplas. A ITAA \u00e9 uma organiza\u00e7\u00e3o inteiramente volunt\u00e1ria, sem profissionais remunerados. Abaixo est\u00e3o algumas sugest\u00f5es de como voc\u00ea pode ser \u00fatil no ITAA. Voc\u00ea tamb\u00e9m pode ver nossas posi\u00e7\u00f5es de servi\u00e7o atualmente abertas para\u2026 <a href=\"https:\/\/internetaddictsanonymous.org\/pt\/service\/\" class=\"more-link\">Continue lendo <span class=\"screen-reader-text\">Um guia para o servi\u00e7o<\/span><\/a><\/p>","protected":false},"author":35194237,"featured_media":0,"parent":0,"menu_order":0,"comment_status":"closed","ping_status":"closed","template":"full-width-page.php","meta":{"inline_featured_image":false,"_lmt_disableupdate":"no","_lmt_disable":"","footnotes":""},"tags":[],"class_list":["post-10620","page","type-page","status-publish","hentry"],"yoast_head":"<!-- This site is optimized with the Yoast SEO plugin v27.5 - https:\/\/yoast.com\/product\/yoast-seo-wordpress\/ -->\n<title>A Guide to Service &#8211; Internet and Technology Addicts Anonymous<\/title>\n<meta name=\"robots\" content=\"index, follow, max-snippet:-1, max-image-preview:large, max-video-preview:-1\" \/>\n<link rel=\"canonical\" href=\"https:\/\/internetaddictsanonymous.org\/pt\/servico\/\" \/>\n<meta property=\"og:locale\" content=\"pt_BR\" \/>\n<meta property=\"og:type\" content=\"article\" \/>\n<meta property=\"og:title\" content=\"A Guide to Service &#8211; Internet and Technology Addicts Anonymous\" \/>\n<meta property=\"og:description\" content=\"One of our strongest tools in recovering is being of service to other addicts, as well as to our wider communities. ITAA is entirely a volunteer organization, with no paid professionals. Below are some suggestions for how you might be of service in ITAA. You can also find see our currently open service positions for &hellip; Continue lendo A Guide to Service\" \/>\n<meta property=\"og:url\" content=\"https:\/\/internetaddictsanonymous.org\/pt\/servico\/\" \/>\n<meta property=\"og:site_name\" content=\"Internet and Technology Addicts Anonymous\" \/>\n<meta property=\"article:modified_time\" content=\"2023-01-14T12:03:14+00:00\" \/>\n<meta name=\"twitter:card\" content=\"summary_large_image\" \/>\n<meta name=\"twitter:label1\" content=\"Est. tempo de leitura\" \/>\n\t<meta name=\"twitter:data1\" content=\"4 minutos\" \/>\n<script type=\"application\/ld+json\" class=\"yoast-schema-graph\">{\"@context\":\"https:\\\/\\\/schema.org\",\"@graph\":[{\"@type\":\"WebPage\",\"@id\":\"https:\\\/\\\/internetaddictsanonymous.org\\\/service\\\/\",\"url\":\"https:\\\/\\\/internetaddictsanonymous.org\\\/service\\\/\",\"name\":\"A Guide to Service &#8211; Internet and Technology Addicts Anonymous\",\"isPartOf\":{\"@id\":\"https:\\\/\\\/internetaddictsanonymous.org\\\/#website\"},\"datePublished\":\"2020-05-03T13:30:03+00:00\",\"dateModified\":\"2023-01-14T12:03:14+00:00\",\"breadcrumb\":{\"@id\":\"https:\\\/\\\/internetaddictsanonymous.org\\\/service\\\/#breadcrumb\"},\"inLanguage\":\"pt-BR\",\"potentialAction\":[{\"@type\":\"ReadAction\",\"target\":[\"https:\\\/\\\/internetaddictsanonymous.org\\\/service\\\/\"]}]},{\"@type\":\"BreadcrumbList\",\"@id\":\"https:\\\/\\\/internetaddictsanonymous.org\\\/service\\\/#breadcrumb\",\"itemListElement\":[{\"@type\":\"ListItem\",\"position\":1,\"name\":\"Home\",\"item\":\"https:\\\/\\\/internetaddictsanonymous.org\\\/\"},{\"@type\":\"ListItem\",\"position\":2,\"name\":\"A Guide to Service\"}]},{\"@type\":\"WebSite\",\"@id\":\"https:\\\/\\\/internetaddictsanonymous.org\\\/#website\",\"url\":\"https:\\\/\\\/internetaddictsanonymous.org\\\/\",\"name\":\"Internet and Technology Addicts Anonymous\",\"description\":\"Worldwide 12-step Fellowship for Internet and Technology Addiction\",\"publisher\":{\"@id\":\"https:\\\/\\\/internetaddictsanonymous.org\\\/#organization\"},\"potentialAction\":[{\"@type\":\"SearchAction\",\"target\":{\"@type\":\"EntryPoint\",\"urlTemplate\":\"https:\\\/\\\/internetaddictsanonymous.org\\\/?s={search_term_string}\"},\"query-input\":{\"@type\":\"PropertyValueSpecification\",\"valueRequired\":true,\"valueName\":\"search_term_string\"}}],\"inLanguage\":\"pt-BR\"},{\"@type\":\"Organization\",\"@id\":\"https:\\\/\\\/internetaddictsanonymous.org\\\/#organization\",\"name\":\"Internet and Technology Addicts Anonymous\",\"url\":\"https:\\\/\\\/internetaddictsanonymous.org\\\/\",\"logo\":{\"@type\":\"ImageObject\",\"inLanguage\":\"pt-BR\",\"@id\":\"https:\\\/\\\/internetaddictsanonymous.org\\\/#\\\/schema\\\/logo\\\/image\\\/\",\"url\":\"https:\\\/\\\/internetaddictsanonymous.org\\\/wp-content\\\/uploads\\\/2023\\\/01\\\/cropped-ITAA-logo-480px.png\",\"contentUrl\":\"https:\\\/\\\/internetaddictsanonymous.org\\\/wp-content\\\/uploads\\\/2023\\\/01\\\/cropped-ITAA-logo-480px.png\",\"width\":480,\"height\":480,\"caption\":\"Internet and Technology Addicts Anonymous\"},\"image\":{\"@id\":\"https:\\\/\\\/internetaddictsanonymous.org\\\/#\\\/schema\\\/logo\\\/image\\\/\"}}]}<\/script>\n<!-- \/ Yoast SEO plugin. -->","yoast_head_json":{"title":"Um guia de servi\u00e7o - Viciados em Internet e Tecnologia An\u00f4nimos","robots":{"index":"index","follow":"follow","max-snippet":"max-snippet:-1","max-image-preview":"max-image-preview:large","max-video-preview":"max-video-preview:-1"},"canonical":"https:\/\/internetaddictsanonymous.org\/pt\/servico\/","og_locale":"pt_BR","og_type":"article","og_title":"A Guide to Service &#8211; Internet and Technology Addicts Anonymous","og_description":"One of our strongest tools in recovering is being of service to other addicts, as well as to our wider communities. ITAA is entirely a volunteer organization, with no paid professionals. Below are some suggestions for how you might be of service in ITAA. You can also find see our currently open service positions for &hellip; Continue lendo A Guide to Service","og_url":"https:\/\/internetaddictsanonymous.org\/pt\/servico\/","og_site_name":"Internet and Technology Addicts Anonymous","article_modified_time":"2023-01-14T12:03:14+00:00","twitter_card":"summary_large_image","twitter_misc":{"Est. tempo de leitura":"4 minutos"},"schema":{"@context":"https:\/\/schema.org","@graph":[{"@type":"WebPage","@id":"https:\/\/internetaddictsanonymous.org\/service\/","url":"https:\/\/internetaddictsanonymous.org\/service\/","name":"Um guia de servi\u00e7o - Viciados em Internet e Tecnologia An\u00f4nimos","isPartOf":{"@id":"https:\/\/internetaddictsanonymous.org\/#website"},"datePublished":"2020-05-03T13:30:03+00:00","dateModified":"2023-01-14T12:03:14+00:00","breadcrumb":{"@id":"https:\/\/internetaddictsanonymous.org\/service\/#breadcrumb"},"inLanguage":"pt-BR","potentialAction":[{"@type":"ReadAction","target":["https:\/\/internetaddictsanonymous.org\/service\/"]}]},{"@type":"BreadcrumbList","@id":"https:\/\/internetaddictsanonymous.org\/service\/#breadcrumb","itemListElement":[{"@type":"ListItem","position":1,"name":"Home","item":"https:\/\/internetaddictsanonymous.org\/"},{"@type":"ListItem","position":2,"name":"A Guide to Service"}]},{"@type":"WebSite","@id":"https:\/\/internetaddictsanonymous.org\/#website","url":"https:\/\/internetaddictsanonymous.org\/","name":"Dependentes de Internet e Tecnologia An\u00f4nimos","description":"Bolsa mundial de 12 passos para Internet e v\u00edcio em tecnologia","publisher":{"@id":"https:\/\/internetaddictsanonymous.org\/#organization"},"potentialAction":[{"@type":"SearchAction","target":{"@type":"EntryPoint","urlTemplate":"https:\/\/internetaddictsanonymous.org\/?s={search_term_string}"},"query-input":{"@type":"PropertyValueSpecification","valueRequired":true,"valueName":"search_term_string"}}],"inLanguage":"pt-BR"},{"@type":"Organization","@id":"https:\/\/internetaddictsanonymous.org\/#organization","name":"Dependentes de Internet e Tecnologia An\u00f4nimos","url":"https:\/\/internetaddictsanonymous.org\/","logo":{"@type":"ImageObject","inLanguage":"pt-BR","@id":"https:\/\/internetaddictsanonymous.org\/#\/schema\/logo\/image\/","url":"https:\/\/internetaddictsanonymous.org\/wp-content\/uploads\/2023\/01\/cropped-ITAA-logo-480px.png","contentUrl":"https:\/\/internetaddictsanonymous.org\/wp-content\/uploads\/2023\/01\/cropped-ITAA-logo-480px.png","width":480,"height":480,"caption":"Internet and Technology Addicts Anonymous"},"image":{"@id":"https:\/\/internetaddictsanonymous.org\/#\/schema\/logo\/image\/"}}]}},"jetpack_sharing_enabled":true,"jetpack_shortlink":"https:\/\/wp.me\/P9Fwob-2Li","_links":{"self":[{"href":"https:\/\/internetaddictsanonymous.org\/pt\/wp-json\/wp\/v2\/pages\/10620","targetHints":{"allow":["GET"]}}],"collection":[{"href":"https:\/\/internetaddictsanonymous.org\/pt\/wp-json\/wp\/v2\/pages"}],"about":[{"href":"https:\/\/internetaddictsanonymous.org\/pt\/wp-json\/wp\/v2\/types\/page"}],"author":[{"embeddable":true,"href":"https:\/\/internetaddictsanonymous.org\/pt\/wp-json\/wp\/v2\/users\/35194237"}],"replies":[{"embeddable":true,"href":"https:\/\/internetaddictsanonymous.org\/pt\/wp-json\/wp\/v2\/comments?post=10620"}],"version-history":[{"count":22,"href":"https:\/\/internetaddictsanonymous.org\/pt\/wp-json\/wp\/v2\/pages\/10620\/revisions"}],"predecessor-version":[{"id":14799,"href":"https:\/\/internetaddictsanonymous.org\/pt\/wp-json\/wp\/v2\/pages\/10620\/revisions\/14799"}],"wp:attachment":[{"href":"https:\/\/internetaddictsanonymous.org\/pt\/wp-json\/wp\/v2\/media?parent=10620"}],"wp:term":[{"taxonomy":"post_tag","embeddable":true,"href":"https:\/\/internetaddictsanonymous.org\/pt\/wp-json\/wp\/v2\/tags?post=10620"}],"curies":[{"name":"wp","href":"https:\/\/api.w.org\/{rel}","templated":true}]}}