{"id":10858,"date":"2020-05-31T09:19:27","date_gmt":"2020-05-31T09:19:27","guid":{"rendered":"https:\/\/internetaddictsanonymous.org\/?page_id=10858"},"modified":"2026-05-01T09:36:39","modified_gmt":"2026-05-01T16:36:39","slug":"anuncios-e-servicos-quadro-de-avisos","status":"publish","type":"page","link":"https:\/\/internetaddictsanonymous.org\/pt\/announcements-and-service-bulletin-board\/","title":{"rendered":"Boletim de an\u00fancios"},"content":{"rendered":"<p>Este \u00e9 um quadro de avisos atualizado regularmente com an\u00fancios referentes \u00e0 ITAA como um todo.<br><a href=\"https:\/\/internetaddictsanonymous.org\/pt\/anuncios-arquivo\/\">Arquivo do quadro de avisos<\/a><\/p>\n\n\n\n<p><strong>Comunicados<\/strong><\/p>\n\n\n\n<p>Our in-person meeting details for Santa Monica, CA, South Pay, CA, Portland OR, Buffalo, NY, and Toronto, Canada have been updated. Additionally, there is interest in starting an in-person meeting in Nashville, TN. For more information, please visit the in-person meetings page.<\/p>\n\n\n\n<p>-~-<br><br>Update: Due to increased zoom disruptions, meetings are encouraged to consider temporarily disabling the ability for participants to rename themselves. Please also be mindful when passing host to another participant and verify the person is able to perform the duties of host before being made host. For more information on security features, please refer to our website: <a href=\"https:\/\/internetaddictsanonymous.org\/pt\/diretrizes-de-seguranca-para-os-anfitrioes-da-reuniao-de-estudantes\/\">https:\/\/internetaddictsanonymous.org\/security-guidelines-for-itaa-meeting-hosts\/<\/a><\/p>\n\n\n\n<p>-~-<br><br>Commuter&nbsp;tickets are now available for the North American Convention &#8211; you can find them on our webpage&nbsp;bit.ly\/4tAXMcr<\/p>\n\n\n\n<p><\/p>\n<!-- PMB print buttons is only displayed on a single post\/page URLs-->","protected":false},"excerpt":{"rendered":"<p>This is a regularly updated bulletin board with announcements pertaining to ITAA as a whole.Announcements Bulletin Board Archive Announcements Our in-person meeting details for Santa Monica, CA, South Pay, CA, Portland OR, Buffalo, NY, and Toronto, Canada have been updated. Additionally, there is interest in starting an in-person meeting in Nashville, TN. For more information, &hellip; <a href=\"https:\/\/internetaddictsanonymous.org\/pt\/announcements-and-service-bulletin-board\/\" class=\"more-link\">Continue lendo <span class=\"screen-reader-text\">Boletim de an\u00fancios<\/span><\/a><\/p>","protected":false},"author":35194237,"featured_media":0,"parent":0,"menu_order":0,"comment_status":"closed","ping_status":"closed","template":"full-width-page.php","meta":{"inline_featured_image":false,"_lmt_disableupdate":"no","_lmt_disable":"","footnotes":""},"tags":[],"class_list":["post-10858","page","type-page","status-publish","hentry"],"yoast_head":"<!-- This site is optimized with the Yoast SEO plugin v27.5 - https:\/\/yoast.com\/product\/yoast-seo-wordpress\/ -->\n<title>Announcements Bulletin Board &#8211; Internet and Technology Addicts Anonymous<\/title>\n<meta name=\"robots\" content=\"index, follow, max-snippet:-1, max-image-preview:large, max-video-preview:-1\" \/>\n<link rel=\"canonical\" href=\"https:\/\/internetaddictsanonymous.org\/pt\/anuncios-e-servicos-quadro-de-avisos\/\" \/>\n<meta property=\"og:locale\" content=\"pt_BR\" \/>\n<meta property=\"og:type\" content=\"article\" \/>\n<meta property=\"og:title\" content=\"Announcements Bulletin Board &#8211; Internet and Technology Addicts Anonymous\" \/>\n<meta property=\"og:description\" content=\"This is a regularly updated bulletin board with announcements pertaining to ITAA as a whole.Announcements Bulletin Board Archive Announcements Our in-person meeting details for Santa Monica, CA, South Pay, CA, Portland OR, Buffalo, NY, and Toronto, Canada have been updated. Additionally, there is interest in starting an in-person meeting in Nashville, TN. For more information, &hellip; Continue lendo Announcements Bulletin Board\" \/>\n<meta property=\"og:url\" content=\"https:\/\/internetaddictsanonymous.org\/pt\/anuncios-e-servicos-quadro-de-avisos\/\" \/>\n<meta property=\"og:site_name\" content=\"Internet and Technology Addicts Anonymous\" \/>\n<meta property=\"article:modified_time\" content=\"2026-05-01T16:36:39+00:00\" \/>\n<meta name=\"twitter:card\" content=\"summary_large_image\" \/>\n<meta name=\"twitter:label1\" content=\"Est. tempo de leitura\" \/>\n\t<meta name=\"twitter:data1\" content=\"1 minuto\" \/>\n<script type=\"application\/ld+json\" class=\"yoast-schema-graph\">{\"@context\":\"https:\\\/\\\/schema.org\",\"@graph\":[{\"@type\":\"WebPage\",\"@id\":\"https:\\\/\\\/internetaddictsanonymous.org\\\/announcements-and-service-bulletin-board\\\/\",\"url\":\"https:\\\/\\\/internetaddictsanonymous.org\\\/announcements-and-service-bulletin-board\\\/\",\"name\":\"Announcements Bulletin Board &#8211; Internet and Technology Addicts Anonymous\",\"isPartOf\":{\"@id\":\"https:\\\/\\\/internetaddictsanonymous.org\\\/#website\"},\"datePublished\":\"2020-05-31T09:19:27+00:00\",\"dateModified\":\"2026-05-01T16:36:39+00:00\",\"breadcrumb\":{\"@id\":\"https:\\\/\\\/internetaddictsanonymous.org\\\/announcements-and-service-bulletin-board\\\/#breadcrumb\"},\"inLanguage\":\"pt-BR\",\"potentialAction\":[{\"@type\":\"ReadAction\",\"target\":[\"https:\\\/\\\/internetaddictsanonymous.org\\\/announcements-and-service-bulletin-board\\\/\"]}]},{\"@type\":\"BreadcrumbList\",\"@id\":\"https:\\\/\\\/internetaddictsanonymous.org\\\/announcements-and-service-bulletin-board\\\/#breadcrumb\",\"itemListElement\":[{\"@type\":\"ListItem\",\"position\":1,\"name\":\"Home\",\"item\":\"https:\\\/\\\/internetaddictsanonymous.org\\\/\"},{\"@type\":\"ListItem\",\"position\":2,\"name\":\"Announcements Bulletin Board\"}]},{\"@type\":\"WebSite\",\"@id\":\"https:\\\/\\\/internetaddictsanonymous.org\\\/#website\",\"url\":\"https:\\\/\\\/internetaddictsanonymous.org\\\/\",\"name\":\"Internet and Technology Addicts Anonymous\",\"description\":\"Worldwide 12-step Fellowship for Internet and Technology Addiction\",\"publisher\":{\"@id\":\"https:\\\/\\\/internetaddictsanonymous.org\\\/#organization\"},\"potentialAction\":[{\"@type\":\"SearchAction\",\"target\":{\"@type\":\"EntryPoint\",\"urlTemplate\":\"https:\\\/\\\/internetaddictsanonymous.org\\\/?s={search_term_string}\"},\"query-input\":{\"@type\":\"PropertyValueSpecification\",\"valueRequired\":true,\"valueName\":\"search_term_string\"}}],\"inLanguage\":\"pt-BR\"},{\"@type\":\"Organization\",\"@id\":\"https:\\\/\\\/internetaddictsanonymous.org\\\/#organization\",\"name\":\"Internet and Technology Addicts Anonymous\",\"url\":\"https:\\\/\\\/internetaddictsanonymous.org\\\/\",\"logo\":{\"@type\":\"ImageObject\",\"inLanguage\":\"pt-BR\",\"@id\":\"https:\\\/\\\/internetaddictsanonymous.org\\\/#\\\/schema\\\/logo\\\/image\\\/\",\"url\":\"https:\\\/\\\/internetaddictsanonymous.org\\\/wp-content\\\/uploads\\\/2023\\\/01\\\/cropped-ITAA-logo-480px.png\",\"contentUrl\":\"https:\\\/\\\/internetaddictsanonymous.org\\\/wp-content\\\/uploads\\\/2023\\\/01\\\/cropped-ITAA-logo-480px.png\",\"width\":480,\"height\":480,\"caption\":\"Internet and Technology Addicts Anonymous\"},\"image\":{\"@id\":\"https:\\\/\\\/internetaddictsanonymous.org\\\/#\\\/schema\\\/logo\\\/image\\\/\"}}]}<\/script>\n<!-- \/ Yoast SEO plugin. -->","yoast_head_json":{"title":"Quadro de avisos de an\u00fancios - Internet and Technology Addicts Anonymous","robots":{"index":"index","follow":"follow","max-snippet":"max-snippet:-1","max-image-preview":"max-image-preview:large","max-video-preview":"max-video-preview:-1"},"canonical":"https:\/\/internetaddictsanonymous.org\/pt\/anuncios-e-servicos-quadro-de-avisos\/","og_locale":"pt_BR","og_type":"article","og_title":"Announcements Bulletin Board &#8211; Internet and Technology Addicts Anonymous","og_description":"This is a regularly updated bulletin board with announcements pertaining to ITAA as a whole.Announcements Bulletin Board Archive Announcements Our in-person meeting details for Santa Monica, CA, South Pay, CA, Portland OR, Buffalo, NY, and Toronto, Canada have been updated. Additionally, there is interest in starting an in-person meeting in Nashville, TN. For more information, &hellip; Continue lendo Announcements Bulletin Board","og_url":"https:\/\/internetaddictsanonymous.org\/pt\/anuncios-e-servicos-quadro-de-avisos\/","og_site_name":"Internet and Technology Addicts Anonymous","article_modified_time":"2026-05-01T16:36:39+00:00","twitter_card":"summary_large_image","twitter_misc":{"Est. tempo de leitura":"1 minuto"},"schema":{"@context":"https:\/\/schema.org","@graph":[{"@type":"WebPage","@id":"https:\/\/internetaddictsanonymous.org\/announcements-and-service-bulletin-board\/","url":"https:\/\/internetaddictsanonymous.org\/announcements-and-service-bulletin-board\/","name":"Quadro de avisos de an\u00fancios - Internet and Technology Addicts Anonymous","isPartOf":{"@id":"https:\/\/internetaddictsanonymous.org\/#website"},"datePublished":"2020-05-31T09:19:27+00:00","dateModified":"2026-05-01T16:36:39+00:00","breadcrumb":{"@id":"https:\/\/internetaddictsanonymous.org\/announcements-and-service-bulletin-board\/#breadcrumb"},"inLanguage":"pt-BR","potentialAction":[{"@type":"ReadAction","target":["https:\/\/internetaddictsanonymous.org\/announcements-and-service-bulletin-board\/"]}]},{"@type":"BreadcrumbList","@id":"https:\/\/internetaddictsanonymous.org\/announcements-and-service-bulletin-board\/#breadcrumb","itemListElement":[{"@type":"ListItem","position":1,"name":"Home","item":"https:\/\/internetaddictsanonymous.org\/"},{"@type":"ListItem","position":2,"name":"Announcements Bulletin Board"}]},{"@type":"WebSite","@id":"https:\/\/internetaddictsanonymous.org\/#website","url":"https:\/\/internetaddictsanonymous.org\/","name":"Dependentes de Internet e Tecnologia An\u00f4nimos","description":"Bolsa mundial de 12 passos para Internet e v\u00edcio em tecnologia","publisher":{"@id":"https:\/\/internetaddictsanonymous.org\/#organization"},"potentialAction":[{"@type":"SearchAction","target":{"@type":"EntryPoint","urlTemplate":"https:\/\/internetaddictsanonymous.org\/?s={search_term_string}"},"query-input":{"@type":"PropertyValueSpecification","valueRequired":true,"valueName":"search_term_string"}}],"inLanguage":"pt-BR"},{"@type":"Organization","@id":"https:\/\/internetaddictsanonymous.org\/#organization","name":"Dependentes de Internet e Tecnologia An\u00f4nimos","url":"https:\/\/internetaddictsanonymous.org\/","logo":{"@type":"ImageObject","inLanguage":"pt-BR","@id":"https:\/\/internetaddictsanonymous.org\/#\/schema\/logo\/image\/","url":"https:\/\/internetaddictsanonymous.org\/wp-content\/uploads\/2023\/01\/cropped-ITAA-logo-480px.png","contentUrl":"https:\/\/internetaddictsanonymous.org\/wp-content\/uploads\/2023\/01\/cropped-ITAA-logo-480px.png","width":480,"height":480,"caption":"Internet and Technology Addicts Anonymous"},"image":{"@id":"https:\/\/internetaddictsanonymous.org\/#\/schema\/logo\/image\/"}}]}},"jetpack_sharing_enabled":true,"jetpack_shortlink":"https:\/\/wp.me\/P9Fwob-2P8","_links":{"self":[{"href":"https:\/\/internetaddictsanonymous.org\/pt\/wp-json\/wp\/v2\/pages\/10858","targetHints":{"allow":["GET"]}}],"collection":[{"href":"https:\/\/internetaddictsanonymous.org\/pt\/wp-json\/wp\/v2\/pages"}],"about":[{"href":"https:\/\/internetaddictsanonymous.org\/pt\/wp-json\/wp\/v2\/types\/page"}],"author":[{"embeddable":true,"href":"https:\/\/internetaddictsanonymous.org\/pt\/wp-json\/wp\/v2\/users\/35194237"}],"replies":[{"embeddable":true,"href":"https:\/\/internetaddictsanonymous.org\/pt\/wp-json\/wp\/v2\/comments?post=10858"}],"version-history":[{"count":99,"href":"https:\/\/internetaddictsanonymous.org\/pt\/wp-json\/wp\/v2\/pages\/10858\/revisions"}],"predecessor-version":[{"id":21286,"href":"https:\/\/internetaddictsanonymous.org\/pt\/wp-json\/wp\/v2\/pages\/10858\/revisions\/21286"}],"wp:attachment":[{"href":"https:\/\/internetaddictsanonymous.org\/pt\/wp-json\/wp\/v2\/media?parent=10858"}],"wp:term":[{"taxonomy":"post_tag","embeddable":true,"href":"https:\/\/internetaddictsanonymous.org\/pt\/wp-json\/wp\/v2\/tags?post=10858"}],"curies":[{"name":"wp","href":"https:\/\/api.w.org\/{rel}","templated":true}]}}