{"id":11348,"date":"2020-07-12T07:06:35","date_gmt":"2020-07-12T07:06:35","guid":{"rendered":"https:\/\/internetaddictsanonymous.org\/?page_id=11348"},"modified":"2025-09-14T11:35:18","modified_gmt":"2025-09-14T18:35:18","slug":"posicoes-de-servico","status":"publish","type":"page","link":"https:\/\/internetaddictsanonymous.org\/pt\/open-service-positions\/","title":{"rendered":"Posi\u00e7\u00f5es de servi\u00e7o e comit\u00eas"},"content":{"rendered":"<p>Agradecemos seu interesse em prestar servi\u00e7os em n\u00edvel de irmandade na ITAA! O servi\u00e7o n\u00e3o \u00e9 apenas uma ferramenta inestim\u00e1vel para nossas pr\u00f3prias recupera\u00e7\u00f5es, mas tamb\u00e9m ajuda toda a irmandade da ITAA - desde os rec\u00e9m-chegados em sua primeira reuni\u00e3o, aos veteranos, aos grupos e \u00e0 irmandade como um todo. Abaixo est\u00e1 uma lista de nossos cargos e comit\u00eas internacionais de servi\u00e7o.<\/p>\n\n\n\n<p><strong>Pr\u00f3ximas reuni\u00f5es do comit\u00ea da ITAA e Reuni\u00f5es de Servi\u00e7os Internacionais<\/strong><\/p>\n\n\n<p><iframe style=\"height: 600px; width: 100%;\" src=\"https:\/\/teamup.com\/ks4ag6i7z1xynrk5ra?view=m&amp;showHeader=0&amp;showLogo=0&amp;showTitle=0&amp;showSidepanel=0&amp;showViewSelector=1\" width=\"100%\" height=\"600\" frameborder=\"0\"><\/iframe><\/p>\n\n\n<h5 class=\"wp-block-heading\" id=\"fellowship-level\"><strong>Cargos de servi\u00e7o de n\u00edvel de irmandade <\/strong><\/h5>\n\n\n\n<ul class=\"wp-block-list\">\n<li><strong>Assessores<\/strong>H\u00e1 dois copresidentes para as Reuni\u00f5es de Servi\u00e7o Internacional, eleitos para mandatos de um ano. Cada copresidente gerencia uma Reuni\u00e3o de Servi\u00e7o Internacional a cada dois meses. As responsabilidades dos presidentes s\u00e3o presidir a Reuni\u00e3o de Servi\u00e7o Internacional e tamb\u00e9m atualizar e manter estas diretrizes escritas para que permane\u00e7am atuais. Eles trabalham com os secret\u00e1rios para finalizar a pauta. <strong>Se voc\u00ea estiver interessado em ser um copresidente, envie um e-mail para secretaries.itaa@gmail.com ou participe de uma pr\u00f3xima ISM.<\/strong><br><br><\/li>\n\n\n\n<li><strong>Secret\u00e1rios<\/strong>H\u00e1 dois Co-secret\u00e1rios para as Reuni\u00f5es de Servi\u00e7o Internacional, eleitos para mandatos de um ano. Cada Co-secret\u00e1rio gerencia uma Reuni\u00e3o de Servi\u00e7o Internacional a cada dois meses. Os secret\u00e1rios redigem a ata da Reuni\u00e3o de Servi\u00e7o Internacional e elaboram a pauta. Eles trabalham em conjunto com os Presidentes para finalizar a pauta. <strong>Se tiver interesse em ser co-secret\u00e1rio, envie um e-mail para secretaries.itaa@gmail.com ou participe de uma pr\u00f3xima ISM.<\/strong><br><br><\/li>\n\n\n\n<li><strong>Co-Webmaster<\/strong>: ITAA tem pelo menos 2 co-diretores (embora possa haver mais de 2) que podem ser eleitos para mandatos de at\u00e9 2 anos (mandatos mais curtos tamb\u00e9m s\u00e3o aceit\u00e1veis). Os co-webmasters mant\u00eam, atualizam e modificam o website da ITAA a servi\u00e7o da consci\u00eancia coletiva da irmandade. Os webmasters tamb\u00e9m gerenciam as contas Zoom da ITAA, a conta Google Ads, e o calend\u00e1rio de reuni\u00f5es. Os co-webmasters t\u00eam autoridade para fazer pequenas mudan\u00e7as no site que est\u00e3o no esp\u00edrito do site existente. Qualquer mudan\u00e7a dr\u00e1stica, novas se\u00e7\u00f5es ou desacordo substancial pode ser encaminhado ao ISM. <strong>Se voc\u00ea estiver interessado em ser um co-webmaster, envie um e-mail para webmaster.itaa@gmail.com.<\/strong><br><br> <\/li>\n\n\n\n<li><strong>Co-tesoureiro<\/strong>H\u00e1 dois Co-Tesoureiros eleitos para mandatos de 12 meses. Os tesoureiros s\u00e3o respons\u00e1veis pela gest\u00e3o das contas da ITAA e pelo registro de todas as despesas e doa\u00e7\u00f5es. Normalmente, os tesoureiros apresentam um relat\u00f3rio \u00e0s Reuni\u00f5es de Servi\u00e7o Internacional no terceiro fim de semana de cada m\u00eas. Os tesoureiros n\u00e3o t\u00eam autonomia para tomar decis\u00f5es de gastos. Qualquer decis\u00e3o sobre novas despesas deve ser tomada pela Reuni\u00e3o de Servi\u00e7o Internacional. <strong>Se voc\u00ea tiver interesse em ser um dos tesoureiros, envie um e-mail para itaa.business@gmail.com.<\/strong><br><br><\/li>\n\n\n\n<li><strong>Respondente de e-mail<\/strong>Os respons\u00e1veis pela resposta a e-mails da ITAA ajudam a responder a perguntas gerais enviadas pelo site da ITAA. Isso pode incluir fornecer informa\u00e7\u00f5es sobre a ITAA, nossa agenda de reuni\u00f5es, os recursos dispon\u00edveis em nosso site ou redirecionar mensagens para outros funcion\u00e1rios de confian\u00e7a (por exemplo, os secret\u00e1rios, webmasters, um comit\u00ea espec\u00edfico ou um grupo espec\u00edfico). Normalmente, o tempo semanal dedicado por cada respons\u00e1vel pela resposta a e-mails \u00e9 de 15 a 30 minutos. Os respons\u00e1veis pela resposta a e-mails devem ter pelo menos 3 meses de experi\u00eancia na ITAA, e cada um pode escolher a dura\u00e7\u00e3o do seu mandato, de 3 meses a 2 anos. <strong>Se voc\u00ea estiver interessado em responder por e-mail, envie um e-mail para internetandtechaa@gmail.com<span style=\"color: initial; font-family: -apple-system, BlinkMacSystemFont, &quot;Segoe UI&quot;, Roboto, Oxygen-Sans, Ubuntu, Cantarell, &quot;Helvetica Neue&quot;, sans-serif;\">.<\/span><\/strong><br><br><\/li>\n\n\n\n<li><strong>Representante de Servi\u00e7o do Grupo (GSRs)<\/strong>: Os RSGs s\u00e3o eleitos por grupos para ajud\u00e1-los a represent\u00e1-los nas Reuni\u00f5es de Servi\u00e7o Internacional da ITAA, e eles asseguram que as vozes de nossos grupos sejam ouvidas ao tomar decis\u00f5es em n\u00edvel de companheirismo. Os grupos s\u00e3o encorajados a manter a consci\u00eancia coletiva para eleger os RSGs e definir os requisitos de servi\u00e7o, responsabilidades e dura\u00e7\u00e3o do mandato. O seguinte recurso cont\u00e9m mais informa\u00e7\u00f5es sobre os RSGs:<br><a href=\"https:\/\/internetaddictsanonymous.org\/pt\/gsr\/\" target=\"_blank\" rel=\"noreferrer noopener\">O que \u00e9 um &#039;Representante de Servi\u00e7o de Grupo&#039; no ITAA?<\/a><br><\/li>\n<\/ul>\n\n\n\n<h5 class=\"wp-block-heading\" id=\"fellowship-level\">N\u00edvel de bolsa<strong> comit\u00eas<\/strong><\/h5>\n\n\n\n<ul class=\"wp-block-list\">\n<li><strong>Comit\u00ea Jur\u00eddico e Financeiro<\/strong>Este Comit\u00ea discute quest\u00f5es jur\u00eddicas e financeiras pertinentes \u00e0 associa\u00e7\u00e3o ITAA como um todo, desenvolve e prop\u00f5e solu\u00e7\u00f5es para essas quest\u00f5es para revis\u00e3o pelo ISM, interage com advogados, contadores e outros profissionais relevantes, conforme necess\u00e1rio, e produz materiais e recursos relacionados a quest\u00f5es jur\u00eddicas e financeiras que podem apoiar grupos e membros individuais. A participa\u00e7\u00e3o \u00e9 aberta a todos. <strong>Se voc\u00ea tiver interesse em contribuir, envie um e-mail para legalaffairs.itaa@gmail.com.<\/strong><br><br><\/li>\n\n\n\n<li><strong>Comit\u00ea de Literatura<\/strong>: O Comit\u00ea de Literatura escreve literatura extensa e impressa para apoiar o prop\u00f3sito principal da nossa irmandade. A participa\u00e7\u00e3o est\u00e1 aberta a todos. Se voc\u00ea n\u00e3o puder comparecer ao hor\u00e1rio da reuni\u00e3o devido a problemas de fuso hor\u00e1rio, entre em contato com a pessoa de contato. Atualmente estamos escrevendo nosso primeiro livro da ITAA e estamos buscando hist\u00f3rias de recupera\u00e7\u00e3o de membros com pelo menos 6 meses na ITAA, sobriedade est\u00e1vel conforme eles a entendem e que est\u00e3o seguindo os Passos \u2013 mais informa\u00e7\u00f5es podem ser encontradas <a href=\"https:\/\/docs.google.com\/document\/d\/1WkjCP1kEapF_RhWaTpPk6nmuVHrNbohQVA2TJIpbDtQ\/edit?usp=sharing\">aqui<\/a>. Qualquer membro da ITAA tamb\u00e9m pode se inscrever para ser leitor revisor e fornecer feedback sobre as vers\u00f5es preliminares do nosso livro. Voc\u00ea pode encontrar a vers\u00e3o atual do livro e se inscrever para receber atualiza\u00e7\u00f5es regulares \u00e0 medida que novos cap\u00edtulos forem lan\u00e7ados, preenchendo o formul\u00e1rio. <a href=\"https:\/\/forms.gle\/xUyrY5BUxropNELWA\">essa forma<\/a>. <strong>Para quaisquer d\u00favidas ou coment\u00e1rios, envie um e-mail para literature.itaa@gmail.com. <\/strong><br><br><\/li>\n\n\n\n<li><strong>Comit\u00ea de Rela\u00e7\u00f5es P\u00fablicas<\/strong>Este comit\u00ea tem duas fun\u00e7\u00f5es: Organizadores e Entrevistados. Os Organizadores gerenciam os pedidos de entrevistas recebidos, realizam atividades de divulga\u00e7\u00e3o, redigem e mant\u00eam materiais para jornalistas atualizados e mant\u00eam a Reuni\u00e3o Internacional de Servi\u00e7o atualizada com relat\u00f3rios. Qualquer membro pode se tornar um Organizador e participar de nossas reuni\u00f5es. Os Entrevistados s\u00e3o membros que recebem uma mensagem pelo site solicitando uma entrevista com um membro do ITAA sobre nossa irmandade ou programa de recupera\u00e7\u00e3o. Para ser entrevistado, o membro deve estar no ITAA h\u00e1 pelo menos 5 meses, frequentar as reuni\u00f5es regularmente, estar praticando os 12 passos e ter pelo menos algum grau de sobriedade, de acordo com sua pr\u00f3pria defini\u00e7\u00e3o. Os membros do comit\u00ea podem escolher uma ou ambas as fun\u00e7\u00f5es. <strong>Se voc\u00ea tiver interesse em fazer parte do Comit\u00ea de Rela\u00e7\u00f5es P\u00fablicas, envie um e-mail para inquiries.itaa@gmail.com.<\/strong> <strong>Precisamos de mais organizadores e entrevistados. Se voc\u00ea gostaria de realizar atividades de divulga\u00e7\u00e3o p\u00fablica em sua regi\u00e3o, pode consultar nosso [link para o site\/plataforma de divulga\u00e7\u00e3o]. <a href=\"https:\/\/docs.google.com\/document\/d\/1aRALvNCgyFK4UUpQHtJfsWbFT4WthLxQqeuzJhA2bM0\/edit?usp=sharing\">modelo de divulga\u00e7\u00e3o de informa\u00e7\u00f5es p\u00fablicas<\/a>.<\/strong><br><\/li>\n<\/ul>\n\n\n\n<ul class=\"wp-block-list\">\n<li><strong>Subcomit\u00ea de SEO \/ Google Ads<\/strong>: Este subcomit\u00ea est\u00e1 focado em melhorar nossos An\u00fancios Google e a otimiza\u00e7\u00e3o dos mecanismos de busca para ajudar a garantir que nossa bolsa seja a mais acess\u00edvel poss\u00edvel para aqueles que precisam dela. Este grupo \u00e9 um subcomit\u00ea do Comit\u00ea de Conte\u00fado da Web. <strong>Para d\u00favidas, envie um e-mail para tomask.itaa@gmail.com.<\/strong><br><\/li>\n<\/ul>\n\n\n\n<ul class=\"wp-block-list\">\n<li><strong>Comit\u00ea de Conte\u00fado da Web<\/strong>Nesta comiss\u00e3o, discutimos, editamos e redigimos conte\u00fado para o nosso site. Todos os membros s\u00e3o convidados a participar, sendo requisito para a participa\u00e7\u00e3o na comiss\u00e3o ter comparecido a pelo menos 6 reuni\u00f5es da ITAA. Sinta-se \u00e0 vontade para enviar suas perguntas para webcontent.itaa@gmail.com.<br><br><\/li>\n\n\n\n<li><strong>Tradu\u00e7\u00e3o do site<\/strong>: Se voc\u00ea deseja traduzir o site da ITAA para outro idioma, pode ajudar a transmitir nossa mensagem aos adictos que n\u00e3o falam ingl\u00eas. <strong>Se voc\u00ea estiver interessado em ajudar a traduzir o site, envie um e-mail para webmaster.itaa@gmail.com<\/strong><\/li>\n<\/ul>\n<!-- PMB print buttons is only displayed on a single post\/page URLs-->","protected":false},"excerpt":{"rendered":"<p>Obrigado pelo seu interesse em prestar servi\u00e7o em n\u00edvel de bolsa na ITAA! O servi\u00e7o n\u00e3o \u00e9 apenas uma ferramenta inestim\u00e1vel para as nossas pr\u00f3prias recupera\u00e7\u00f5es, mas tamb\u00e9m ajuda toda a irmandade ITAA \u2013 desde os rec\u00e9m-chegados na sua primeira reuni\u00e3o, at\u00e9 aos veteranos, aos grupos e \u00e0 irmandade como um todo. Abaixo est\u00e1 uma lista de nossos\u2026 <a href=\"https:\/\/internetaddictsanonymous.org\/pt\/open-service-positions\/\" class=\"more-link\">Continue lendo <span class=\"screen-reader-text\">Posi\u00e7\u00f5es de servi\u00e7o e comit\u00eas<\/span><\/a><\/p>","protected":false},"author":35194237,"featured_media":0,"parent":0,"menu_order":0,"comment_status":"closed","ping_status":"closed","template":"full-width-page.php","meta":{"inline_featured_image":false,"_lmt_disableupdate":"no","_lmt_disable":"","jetpack_post_was_ever_published":false,"footnotes":""},"tags":[],"class_list":["post-11348","page","type-page","status-publish","hentry"],"yoast_head":"<!-- This site is optimized with the Yoast SEO plugin v27.3 - https:\/\/yoast.com\/product\/yoast-seo-wordpress\/ -->\n<title>Service Positions and Committees &#8211; Internet and Technology Addicts Anonymous<\/title>\n<meta name=\"robots\" content=\"index, follow, max-snippet:-1, max-image-preview:large, max-video-preview:-1\" \/>\n<link rel=\"canonical\" href=\"https:\/\/internetaddictsanonymous.org\/pt\/posicoes-de-servico\/\" \/>\n<meta property=\"og:locale\" content=\"pt_BR\" \/>\n<meta property=\"og:type\" content=\"article\" \/>\n<meta property=\"og:title\" content=\"Service Positions and Committees &#8211; Internet and Technology Addicts Anonymous\" \/>\n<meta property=\"og:description\" content=\"Thank you for your interest in being of service at the fellowship level in ITAA! Service is not only an invaluable tool for our own recoveries, it also helps the entire ITAA fellowship\u2014from newcomers at their first meeting, to old-timers, to the groups, and the fellowship as a whole. Below is a list of our &hellip; Continue lendo Service Positions and Committees\" \/>\n<meta property=\"og:url\" content=\"https:\/\/internetaddictsanonymous.org\/pt\/posicoes-de-servico\/\" \/>\n<meta property=\"og:site_name\" content=\"Internet and Technology Addicts Anonymous\" \/>\n<meta property=\"article:modified_time\" content=\"2025-09-14T18:35:18+00:00\" \/>\n<meta name=\"twitter:card\" content=\"summary_large_image\" \/>\n<meta name=\"twitter:label1\" content=\"Est. tempo de leitura\" \/>\n\t<meta name=\"twitter:data1\" content=\"5 minutos\" \/>\n<script type=\"application\/ld+json\" class=\"yoast-schema-graph\">{\"@context\":\"https:\\\/\\\/schema.org\",\"@graph\":[{\"@type\":\"WebPage\",\"@id\":\"https:\\\/\\\/internetaddictsanonymous.org\\\/open-service-positions\\\/\",\"url\":\"https:\\\/\\\/internetaddictsanonymous.org\\\/open-service-positions\\\/\",\"name\":\"Service Positions and Committees &#8211; Internet and Technology Addicts Anonymous\",\"isPartOf\":{\"@id\":\"https:\\\/\\\/internetaddictsanonymous.org\\\/#website\"},\"datePublished\":\"2020-07-12T07:06:35+00:00\",\"dateModified\":\"2025-09-14T18:35:18+00:00\",\"breadcrumb\":{\"@id\":\"https:\\\/\\\/internetaddictsanonymous.org\\\/open-service-positions\\\/#breadcrumb\"},\"inLanguage\":\"pt-BR\",\"potentialAction\":[{\"@type\":\"ReadAction\",\"target\":[\"https:\\\/\\\/internetaddictsanonymous.org\\\/open-service-positions\\\/\"]}]},{\"@type\":\"BreadcrumbList\",\"@id\":\"https:\\\/\\\/internetaddictsanonymous.org\\\/open-service-positions\\\/#breadcrumb\",\"itemListElement\":[{\"@type\":\"ListItem\",\"position\":1,\"name\":\"Home\",\"item\":\"https:\\\/\\\/internetaddictsanonymous.org\\\/\"},{\"@type\":\"ListItem\",\"position\":2,\"name\":\"Service Positions and Committees\"}]},{\"@type\":\"WebSite\",\"@id\":\"https:\\\/\\\/internetaddictsanonymous.org\\\/#website\",\"url\":\"https:\\\/\\\/internetaddictsanonymous.org\\\/\",\"name\":\"Internet and Technology Addicts Anonymous\",\"description\":\"Worldwide 12-step Fellowship for Internet and Technology Addiction\",\"publisher\":{\"@id\":\"https:\\\/\\\/internetaddictsanonymous.org\\\/#organization\"},\"potentialAction\":[{\"@type\":\"SearchAction\",\"target\":{\"@type\":\"EntryPoint\",\"urlTemplate\":\"https:\\\/\\\/internetaddictsanonymous.org\\\/?s={search_term_string}\"},\"query-input\":{\"@type\":\"PropertyValueSpecification\",\"valueRequired\":true,\"valueName\":\"search_term_string\"}}],\"inLanguage\":\"pt-BR\"},{\"@type\":\"Organization\",\"@id\":\"https:\\\/\\\/internetaddictsanonymous.org\\\/#organization\",\"name\":\"Internet and Technology Addicts Anonymous\",\"url\":\"https:\\\/\\\/internetaddictsanonymous.org\\\/\",\"logo\":{\"@type\":\"ImageObject\",\"inLanguage\":\"pt-BR\",\"@id\":\"https:\\\/\\\/internetaddictsanonymous.org\\\/#\\\/schema\\\/logo\\\/image\\\/\",\"url\":\"https:\\\/\\\/internetaddictsanonymous.org\\\/wp-content\\\/uploads\\\/2023\\\/01\\\/cropped-ITAA-logo-480px.png\",\"contentUrl\":\"https:\\\/\\\/internetaddictsanonymous.org\\\/wp-content\\\/uploads\\\/2023\\\/01\\\/cropped-ITAA-logo-480px.png\",\"width\":480,\"height\":480,\"caption\":\"Internet and Technology Addicts Anonymous\"},\"image\":{\"@id\":\"https:\\\/\\\/internetaddictsanonymous.org\\\/#\\\/schema\\\/logo\\\/image\\\/\"}}]}<\/script>\n<!-- \/ Yoast SEO plugin. -->","yoast_head_json":{"title":"Cargos de servi\u00e7o e comit\u00eas - Internet and Technology Addicts Anonymous","robots":{"index":"index","follow":"follow","max-snippet":"max-snippet:-1","max-image-preview":"max-image-preview:large","max-video-preview":"max-video-preview:-1"},"canonical":"https:\/\/internetaddictsanonymous.org\/pt\/posicoes-de-servico\/","og_locale":"pt_BR","og_type":"article","og_title":"Service Positions and Committees &#8211; Internet and Technology Addicts Anonymous","og_description":"Thank you for your interest in being of service at the fellowship level in ITAA! Service is not only an invaluable tool for our own recoveries, it also helps the entire ITAA fellowship\u2014from newcomers at their first meeting, to old-timers, to the groups, and the fellowship as a whole. Below is a list of our &hellip; Continue lendo Service Positions and Committees","og_url":"https:\/\/internetaddictsanonymous.org\/pt\/posicoes-de-servico\/","og_site_name":"Internet and Technology Addicts Anonymous","article_modified_time":"2025-09-14T18:35:18+00:00","twitter_card":"summary_large_image","twitter_misc":{"Est. tempo de leitura":"5 minutos"},"schema":{"@context":"https:\/\/schema.org","@graph":[{"@type":"WebPage","@id":"https:\/\/internetaddictsanonymous.org\/open-service-positions\/","url":"https:\/\/internetaddictsanonymous.org\/open-service-positions\/","name":"Cargos de servi\u00e7o e comit\u00eas - Internet and Technology Addicts Anonymous","isPartOf":{"@id":"https:\/\/internetaddictsanonymous.org\/#website"},"datePublished":"2020-07-12T07:06:35+00:00","dateModified":"2025-09-14T18:35:18+00:00","breadcrumb":{"@id":"https:\/\/internetaddictsanonymous.org\/open-service-positions\/#breadcrumb"},"inLanguage":"pt-BR","potentialAction":[{"@type":"ReadAction","target":["https:\/\/internetaddictsanonymous.org\/open-service-positions\/"]}]},{"@type":"BreadcrumbList","@id":"https:\/\/internetaddictsanonymous.org\/open-service-positions\/#breadcrumb","itemListElement":[{"@type":"ListItem","position":1,"name":"Home","item":"https:\/\/internetaddictsanonymous.org\/"},{"@type":"ListItem","position":2,"name":"Service Positions and Committees"}]},{"@type":"WebSite","@id":"https:\/\/internetaddictsanonymous.org\/#website","url":"https:\/\/internetaddictsanonymous.org\/","name":"Dependentes de Internet e Tecnologia An\u00f4nimos","description":"Bolsa mundial de 12 passos para Internet e v\u00edcio em tecnologia","publisher":{"@id":"https:\/\/internetaddictsanonymous.org\/#organization"},"potentialAction":[{"@type":"SearchAction","target":{"@type":"EntryPoint","urlTemplate":"https:\/\/internetaddictsanonymous.org\/?s={search_term_string}"},"query-input":{"@type":"PropertyValueSpecification","valueRequired":true,"valueName":"search_term_string"}}],"inLanguage":"pt-BR"},{"@type":"Organization","@id":"https:\/\/internetaddictsanonymous.org\/#organization","name":"Dependentes de Internet e Tecnologia An\u00f4nimos","url":"https:\/\/internetaddictsanonymous.org\/","logo":{"@type":"ImageObject","inLanguage":"pt-BR","@id":"https:\/\/internetaddictsanonymous.org\/#\/schema\/logo\/image\/","url":"https:\/\/internetaddictsanonymous.org\/wp-content\/uploads\/2023\/01\/cropped-ITAA-logo-480px.png","contentUrl":"https:\/\/internetaddictsanonymous.org\/wp-content\/uploads\/2023\/01\/cropped-ITAA-logo-480px.png","width":480,"height":480,"caption":"Internet and Technology Addicts Anonymous"},"image":{"@id":"https:\/\/internetaddictsanonymous.org\/#\/schema\/logo\/image\/"}}]}},"jetpack_sharing_enabled":true,"jetpack_shortlink":"https:\/\/wp.me\/P9Fwob-2X2","_links":{"self":[{"href":"https:\/\/internetaddictsanonymous.org\/pt\/wp-json\/wp\/v2\/pages\/11348","targetHints":{"allow":["GET"]}}],"collection":[{"href":"https:\/\/internetaddictsanonymous.org\/pt\/wp-json\/wp\/v2\/pages"}],"about":[{"href":"https:\/\/internetaddictsanonymous.org\/pt\/wp-json\/wp\/v2\/types\/page"}],"author":[{"embeddable":true,"href":"https:\/\/internetaddictsanonymous.org\/pt\/wp-json\/wp\/v2\/users\/35194237"}],"replies":[{"embeddable":true,"href":"https:\/\/internetaddictsanonymous.org\/pt\/wp-json\/wp\/v2\/comments?post=11348"}],"version-history":[{"count":99,"href":"https:\/\/internetaddictsanonymous.org\/pt\/wp-json\/wp\/v2\/pages\/11348\/revisions"}],"predecessor-version":[{"id":20440,"href":"https:\/\/internetaddictsanonymous.org\/pt\/wp-json\/wp\/v2\/pages\/11348\/revisions\/20440"}],"wp:attachment":[{"href":"https:\/\/internetaddictsanonymous.org\/pt\/wp-json\/wp\/v2\/media?parent=11348"}],"wp:term":[{"taxonomy":"post_tag","embeddable":true,"href":"https:\/\/internetaddictsanonymous.org\/pt\/wp-json\/wp\/v2\/tags?post=11348"}],"curies":[{"name":"wp","href":"https:\/\/api.w.org\/{rel}","templated":true}]}}