{"id":12898,"date":"2021-05-05T19:25:45","date_gmt":"2021-05-05T19:25:45","guid":{"rendered":"https:\/\/internetaddictsanonymous.org\/?page_id=12898"},"modified":"2026-04-11T21:36:16","modified_gmt":"2026-04-12T04:36:16","slug":"diretrizes-de-seguranca-para-os-anfitrioes-da-reuniao-de-estudantes","status":"publish","type":"page","link":"https:\/\/internetaddictsanonymous.org\/pt\/security-guidelines-for-itaa-meeting-hosts\/","title":{"rendered":"Diretrizes de seguran\u00e7a para anfitri\u00f5es de reuni\u00f5es da ITAA"},"content":{"rendered":"<p>As reuni\u00f5es da ITAA podem ser alvos de trolls perturbadores. Abaixo est\u00e3o algumas sugest\u00f5es que podem ajud\u00e1-lo a manter sua reuni\u00e3o do Zoom segura e protegida. As reuni\u00f5es s\u00e3o encorajadas a manter a consci\u00eancia de grupo e discutir planos de como prevenir e responder a interrup\u00e7\u00f5es. <strong>Um v\u00eddeo de demonstra\u00e7\u00e3o das sugest\u00f5es abaixo pode ser encontrado <a href=\"https:\/\/www.loom.com\/share\/0962dd4d02924e9caa30ff0ee7ec326e?sid=cb36c3e4-46ac-45b0-8550-04b095fab1ef\" target=\"_blank\" rel=\"noreferrer noopener\">aqui<\/a>.<\/strong><\/p>\n\n\n\n<p><em>Observe que essas medidas de seguran\u00e7a s\u00e3o apenas para pessoas intencionalmente perturbadoras e n\u00e3o para impedir que participantes genu\u00ednos compartilhem, mesmo que o que eles digam possa ser acionado por outros. Como afirma nossa terceira tradi\u00e7\u00e3o, o \u00fanico requisito para ser membro da ITAA \u00e9 o desejo de parar de usar compulsivamente a internet e a tecnologia.<\/em> <em>Para saber como lidar com comportamentos inadequados de outros membros da ITAA, consulte nosso recurso sobre <a href=\"https:\/\/internetaddictsanonymous.org\/pt\/safety-in-itaa\/\" type=\"page\" id=\"13073\">Seguran\u00e7a no DITA<\/a>.<\/em><\/p>\n\n\n\n<ul class=\"wp-block-list\">\n<li><strong><mark style=\"background-color:rgba(0, 0, 0, 0);color:#ff0000\" class=\"has-inline-color\">Se ocorrer uma interrup\u00e7\u00e3o<\/mark><\/strong>, <em>certifique-se de ter reivindicado o c\u00f3digo do host<\/em> e clique no bot\u00e3o \u201cSeguran\u00e7a\u201d na parte inferior da tela do Zoom (em formato de escudo) e pressione o bot\u00e3o vermelho \u201cSuspender Atividades do Participante\u201d. <strong>Essa \u00e9 a maneira mais r\u00e1pida de acabar com um bombardeio de zoom.<\/strong> Voc\u00ea ter\u00e1 que pressionar um segundo bot\u00e3o vermelho \u201cSuspender\u201d em um pop-up para confirmar. Isso desligar\u00e1 o v\u00eddeo e o \u00e1udio, desativar\u00e1 o bate-papo, impedir\u00e1 que os usu\u00e1rios renomeiem a si mesmos e bloquear\u00e1 a reuni\u00e3o (o que impede a entrada de novos usu\u00e1rios). Voc\u00ea pode ent\u00e3o remover o participante perturbador <strong>e report\u00e1-los ao Zoom<\/strong>.<\/li>\n<\/ul>\n\n\n\n<ul class=\"wp-block-list\">\n<li><strong><mark style=\"background-color:rgba(0, 0, 0, 0);color:#ff0000\" class=\"has-inline-color\">Para reivindicar o c\u00f3digo do host<\/mark><\/strong>, clique na guia \u201cParticipantes\u201d na parte inferior da tela Zoom para abrir a barra lateral dos participantes. No canto inferior direito da barra lateral h\u00e1 um bot\u00e3o que diz \u201creivindicar host\u201d. Depois de clicar aqui, voc\u00ea ser\u00e1 solicitado a inserir o c\u00f3digo do host. Em geral, sugerimos chegar alguns minutos antes da reuni\u00e3o e inserir o c\u00f3digo do organizador para estar preparado. <\/li>\n<\/ul>\n\n\n\n<ul class=\"wp-block-list\">\n<li><strong><mark style=\"background-color:rgba(0, 0, 0, 0);color:#ff0000\" class=\"has-inline-color\">Torne pelo menos um membro de confian\u00e7a co-anfitri\u00e3o do Zoom<\/mark><\/strong>. Os coanfitri\u00f5es podem acessar todos os controles de seguran\u00e7a do Zoom. Para tornar algu\u00e9m co-apresentador, clique em \u201c\u2026\u201d no canto superior direito do quadrado do v\u00eddeo ou ao lado do nome na barra lateral dos participantes. Certifique-se de reconhecer a voz deles ou de que eles estejam com o v\u00eddeo ligado antes de torn\u00e1-los co-apresentadores, pois os bombardeiros de zoom \u00e0s vezes se fazem passar por outros membros. Sua reuni\u00e3o pode desejar estabelecer uma posi\u00e7\u00e3o regular de servi\u00e7o de host t\u00e9cnico para ajudar a gerenciar as configura\u00e7\u00f5es de seguran\u00e7a e remover membros perturbadores.<\/li>\n<\/ul>\n\n\n\n<ul class=\"wp-block-list\">\n<li><strong>Sala de espera. <\/strong>Voc\u00ea pode habilitar a sala de espera clicando no bot\u00e3o \u201cSeguran\u00e7a\u201d na parte inferior da tela de zoom. Voc\u00ea pode esperar um minuto ou mais antes de admitir nomes desconhecidos na reuni\u00e3o. Trolls tendem a entrar em reuni\u00f5es no meio e trabalhar em grupos, ent\u00e3o se no meio da reuni\u00e3o voc\u00ea vir um grupo de pessoas entrando na sala de espera de uma vez, isso \u00e9 um sinal de que eles podem ser trolls (principalmente se tiverem nomes de usu\u00e1rio anormais, como de uma celebridade famosa). Se voc\u00ea n\u00e3o tiver certeza, pode admitir participantes, mas esteja alerta e pronto para agir rapidamente caso algo perturbador ocorra.<\/li>\n<\/ul>\n\n\n\n<ul class=\"wp-block-list\">\n<li><strong>Desative a capacidade dos participantes ativarem o som<\/strong>. Voc\u00ea pode fazer isso clicando no bot\u00e3o \u201cSeguran\u00e7a\u201d. Os participantes precisar\u00e3o levantar a m\u00e3o (ou pressionar *9 se estiverem discando) e, em seguida, o anfitri\u00e3o poder\u00e1 ativar o microfone deles. Isso impedir\u00e1 que pessoas mal-intencionadas interrompam os membros durante a apresenta\u00e7\u00e3o. Como alternativa, voc\u00ea pode desativar a capacidade dos participantes de ativar o pr\u00f3prio microfone apenas enquanto algu\u00e9m estiver compartilhando e, em seguida, reativ\u00e1-la quando a apresenta\u00e7\u00e3o terminar. Isso evitar\u00e1 interrup\u00e7\u00f5es, permitindo que os participantes ativem o pr\u00f3prio microfone (sem precisar levantar a m\u00e3o) quando quiserem compartilhar.<\/li>\n<\/ul>\n\n\n\n<ul class=\"wp-block-list\">\n<li><strong>Desative a capacidade dos participantes de renomearem a si mesmos<\/strong>. Voc\u00ea pode fazer isso clicando no bot\u00e3o \u201cSeguran\u00e7a\u201d. Isso evita que os trolls mudem seus nomes para imitar outros membros da reuni\u00e3o ou para se esconderem dos anfitri\u00f5es da reuni\u00e3o.<\/li>\n<\/ul>\n\n\n\n<ul class=\"wp-block-list\">\n<li><strong>Exige que o v\u00eddeo esteja ativado. <\/strong>Voc\u00ea pode pedir que todos os participantes liguem o v\u00eddeo durante a reuni\u00e3o ou, pelo menos, liguem o v\u00eddeo ao se apresentarem. Se novos membros ingressarem, eles poder\u00e3o ser solicitados a ativar o v\u00eddeo e se apresentar. Isso dissuade os trolls que desejam permanecer nas sombras.<\/li>\n<\/ul>\n\n\n\n<ul class=\"wp-block-list\">\n<li><strong>Desative mensagens privadas.<\/strong> Voc\u00ea pode desativar isso abrindo a barra lateral do bate-papo, clicando em \u201c\u2026\u201d no canto inferior direito e selecionando \u201cOs participantes podem conversar com: Todos publicamente\u201d. Voc\u00ea tamb\u00e9m pode alterar isso para \u201cOs participantes podem conversar com: Somente anfitri\u00e3o\u201d.<\/li>\n<\/ul>\n\n\n\n<ul class=\"wp-block-list\">\n<li>Para aumentar ainda mais a seguran\u00e7a da reuni\u00e3o, voc\u00ea pode usar uma sala de descanso para a reuni\u00e3o propriamente dita e, em seguida, usar a sala principal para admitir as pessoas da sala de espera, uma de cada vez, e examinar os poss\u00edveis trolls. Isso \u00e9 mais complexo, mas altamente seguro. Um guia e um tutorial em v\u00eddeo podem ser encontrados <a href=\"https:\/\/docs.google.com\/document\/d\/1SJwND-Ugc_MGlyOKVr_wqd89esfXkgrbAyNejL6bQ5M\/edit?usp=sharing\">aqui<\/a>.<\/li>\n<\/ul>\n\n\n\n<ul class=\"wp-block-list\">\n<li>Voc\u00ea tamb\u00e9m pode exigir que as pessoas enviem um e-mail para o e-mail de contato com anteced\u00eancia, solicitando a ID e a senha para participar.<\/li>\n<\/ul>\n<!-- PMB print buttons is only displayed on a single post\/page URLs-->","protected":false},"excerpt":{"rendered":"<p>As reuni\u00f5es da ITAA podem ser alvo de trolls perturbadores. Abaixo est\u00e3o algumas sugest\u00f5es que podem ajud\u00e1-lo a manter sua reuni\u00e3o Zoom segura e protegida. As reuni\u00f5es s\u00e3o encorajadas para manter consci\u00eancias de grupo e discutir planos sobre como prevenir e responder a perturba\u00e7\u00f5es. Um v\u00eddeo de demonstra\u00e7\u00e3o das sugest\u00f5es abaixo pode ser encontrado aqui. Observe que\u2026 <a href=\"https:\/\/internetaddictsanonymous.org\/pt\/security-guidelines-for-itaa-meeting-hosts\/\" class=\"more-link\">Continue lendo <span class=\"screen-reader-text\">Diretrizes de seguran\u00e7a para anfitri\u00f5es de reuni\u00f5es da ITAA<\/span><\/a><\/p>","protected":false},"author":35194237,"featured_media":0,"parent":0,"menu_order":0,"comment_status":"closed","ping_status":"closed","template":"full-width-page.php","meta":{"inline_featured_image":false,"_lmt_disableupdate":"","_lmt_disable":"","footnotes":""},"tags":[],"class_list":["post-12898","page","type-page","status-publish","hentry"],"yoast_head":"<!-- This site is optimized with the Yoast SEO plugin v27.5 - https:\/\/yoast.com\/product\/yoast-seo-wordpress\/ -->\n<title>Security guidelines for ITAA meeting hosts &#8211; Internet and Technology Addicts Anonymous<\/title>\n<meta name=\"robots\" content=\"index, follow, max-snippet:-1, max-image-preview:large, max-video-preview:-1\" \/>\n<link rel=\"canonical\" href=\"https:\/\/internetaddictsanonymous.org\/pt\/diretrizes-de-seguranca-para-os-anfitrioes-da-reuniao-de-estudantes\/\" \/>\n<meta property=\"og:locale\" content=\"pt_BR\" \/>\n<meta property=\"og:type\" content=\"article\" \/>\n<meta property=\"og:title\" content=\"Security guidelines for ITAA meeting hosts &#8211; Internet and Technology Addicts Anonymous\" \/>\n<meta property=\"og:description\" content=\"ITAA meetings may be targeted by disruptive trolls. Below are some suggestions that can help you keep your Zoom meeting safe and secure. Meetings are encouraged to hold group consciences and discuss plans for how to prevent and respond to disruption. A video demo of the suggestions below can be found here. Please note that &hellip; Continue lendo Security guidelines for ITAA meeting hosts\" \/>\n<meta property=\"og:url\" content=\"https:\/\/internetaddictsanonymous.org\/pt\/diretrizes-de-seguranca-para-os-anfitrioes-da-reuniao-de-estudantes\/\" \/>\n<meta property=\"og:site_name\" content=\"Internet and Technology Addicts Anonymous\" \/>\n<meta property=\"article:modified_time\" content=\"2026-04-12T04:36:16+00:00\" \/>\n<meta name=\"twitter:card\" content=\"summary_large_image\" \/>\n<meta name=\"twitter:label1\" content=\"Est. tempo de leitura\" \/>\n\t<meta name=\"twitter:data1\" content=\"4 minutos\" \/>\n<script type=\"application\/ld+json\" class=\"yoast-schema-graph\">{\"@context\":\"https:\\\/\\\/schema.org\",\"@graph\":[{\"@type\":\"WebPage\",\"@id\":\"https:\\\/\\\/internetaddictsanonymous.org\\\/security-guidelines-for-itaa-meeting-hosts\\\/\",\"url\":\"https:\\\/\\\/internetaddictsanonymous.org\\\/security-guidelines-for-itaa-meeting-hosts\\\/\",\"name\":\"Security guidelines for ITAA meeting hosts &#8211; Internet and Technology Addicts Anonymous\",\"isPartOf\":{\"@id\":\"https:\\\/\\\/internetaddictsanonymous.org\\\/#website\"},\"datePublished\":\"2021-05-05T19:25:45+00:00\",\"dateModified\":\"2026-04-12T04:36:16+00:00\",\"breadcrumb\":{\"@id\":\"https:\\\/\\\/internetaddictsanonymous.org\\\/security-guidelines-for-itaa-meeting-hosts\\\/#breadcrumb\"},\"inLanguage\":\"pt-BR\",\"potentialAction\":[{\"@type\":\"ReadAction\",\"target\":[\"https:\\\/\\\/internetaddictsanonymous.org\\\/security-guidelines-for-itaa-meeting-hosts\\\/\"]}]},{\"@type\":\"BreadcrumbList\",\"@id\":\"https:\\\/\\\/internetaddictsanonymous.org\\\/security-guidelines-for-itaa-meeting-hosts\\\/#breadcrumb\",\"itemListElement\":[{\"@type\":\"ListItem\",\"position\":1,\"name\":\"Home\",\"item\":\"https:\\\/\\\/internetaddictsanonymous.org\\\/\"},{\"@type\":\"ListItem\",\"position\":2,\"name\":\"Security guidelines for ITAA meeting hosts\"}]},{\"@type\":\"WebSite\",\"@id\":\"https:\\\/\\\/internetaddictsanonymous.org\\\/#website\",\"url\":\"https:\\\/\\\/internetaddictsanonymous.org\\\/\",\"name\":\"Internet and Technology Addicts Anonymous\",\"description\":\"Worldwide 12-step Fellowship for Internet and Technology Addiction\",\"publisher\":{\"@id\":\"https:\\\/\\\/internetaddictsanonymous.org\\\/#organization\"},\"potentialAction\":[{\"@type\":\"SearchAction\",\"target\":{\"@type\":\"EntryPoint\",\"urlTemplate\":\"https:\\\/\\\/internetaddictsanonymous.org\\\/?s={search_term_string}\"},\"query-input\":{\"@type\":\"PropertyValueSpecification\",\"valueRequired\":true,\"valueName\":\"search_term_string\"}}],\"inLanguage\":\"pt-BR\"},{\"@type\":\"Organization\",\"@id\":\"https:\\\/\\\/internetaddictsanonymous.org\\\/#organization\",\"name\":\"Internet and Technology Addicts Anonymous\",\"url\":\"https:\\\/\\\/internetaddictsanonymous.org\\\/\",\"logo\":{\"@type\":\"ImageObject\",\"inLanguage\":\"pt-BR\",\"@id\":\"https:\\\/\\\/internetaddictsanonymous.org\\\/#\\\/schema\\\/logo\\\/image\\\/\",\"url\":\"https:\\\/\\\/internetaddictsanonymous.org\\\/wp-content\\\/uploads\\\/2023\\\/01\\\/cropped-ITAA-logo-480px.png\",\"contentUrl\":\"https:\\\/\\\/internetaddictsanonymous.org\\\/wp-content\\\/uploads\\\/2023\\\/01\\\/cropped-ITAA-logo-480px.png\",\"width\":480,\"height\":480,\"caption\":\"Internet and Technology Addicts Anonymous\"},\"image\":{\"@id\":\"https:\\\/\\\/internetaddictsanonymous.org\\\/#\\\/schema\\\/logo\\\/image\\\/\"}}]}<\/script>\n<!-- \/ Yoast SEO plugin. -->","yoast_head_json":{"title":"Diretrizes de seguran\u00e7a para anfitri\u00f5es de reuni\u00f5es da ITAA - Internet and Technology Addicts Anonymous","robots":{"index":"index","follow":"follow","max-snippet":"max-snippet:-1","max-image-preview":"max-image-preview:large","max-video-preview":"max-video-preview:-1"},"canonical":"https:\/\/internetaddictsanonymous.org\/pt\/diretrizes-de-seguranca-para-os-anfitrioes-da-reuniao-de-estudantes\/","og_locale":"pt_BR","og_type":"article","og_title":"Security guidelines for ITAA meeting hosts &#8211; Internet and Technology Addicts Anonymous","og_description":"ITAA meetings may be targeted by disruptive trolls. Below are some suggestions that can help you keep your Zoom meeting safe and secure. Meetings are encouraged to hold group consciences and discuss plans for how to prevent and respond to disruption. A video demo of the suggestions below can be found here. Please note that &hellip; Continue lendo Security guidelines for ITAA meeting hosts","og_url":"https:\/\/internetaddictsanonymous.org\/pt\/diretrizes-de-seguranca-para-os-anfitrioes-da-reuniao-de-estudantes\/","og_site_name":"Internet and Technology Addicts Anonymous","article_modified_time":"2026-04-12T04:36:16+00:00","twitter_card":"summary_large_image","twitter_misc":{"Est. tempo de leitura":"4 minutos"},"schema":{"@context":"https:\/\/schema.org","@graph":[{"@type":"WebPage","@id":"https:\/\/internetaddictsanonymous.org\/security-guidelines-for-itaa-meeting-hosts\/","url":"https:\/\/internetaddictsanonymous.org\/security-guidelines-for-itaa-meeting-hosts\/","name":"Diretrizes de seguran\u00e7a para anfitri\u00f5es de reuni\u00f5es da ITAA - Internet and Technology Addicts Anonymous","isPartOf":{"@id":"https:\/\/internetaddictsanonymous.org\/#website"},"datePublished":"2021-05-05T19:25:45+00:00","dateModified":"2026-04-12T04:36:16+00:00","breadcrumb":{"@id":"https:\/\/internetaddictsanonymous.org\/security-guidelines-for-itaa-meeting-hosts\/#breadcrumb"},"inLanguage":"pt-BR","potentialAction":[{"@type":"ReadAction","target":["https:\/\/internetaddictsanonymous.org\/security-guidelines-for-itaa-meeting-hosts\/"]}]},{"@type":"BreadcrumbList","@id":"https:\/\/internetaddictsanonymous.org\/security-guidelines-for-itaa-meeting-hosts\/#breadcrumb","itemListElement":[{"@type":"ListItem","position":1,"name":"Home","item":"https:\/\/internetaddictsanonymous.org\/"},{"@type":"ListItem","position":2,"name":"Security guidelines for ITAA meeting hosts"}]},{"@type":"WebSite","@id":"https:\/\/internetaddictsanonymous.org\/#website","url":"https:\/\/internetaddictsanonymous.org\/","name":"Dependentes de Internet e Tecnologia An\u00f4nimos","description":"Bolsa mundial de 12 passos para Internet e v\u00edcio em tecnologia","publisher":{"@id":"https:\/\/internetaddictsanonymous.org\/#organization"},"potentialAction":[{"@type":"SearchAction","target":{"@type":"EntryPoint","urlTemplate":"https:\/\/internetaddictsanonymous.org\/?s={search_term_string}"},"query-input":{"@type":"PropertyValueSpecification","valueRequired":true,"valueName":"search_term_string"}}],"inLanguage":"pt-BR"},{"@type":"Organization","@id":"https:\/\/internetaddictsanonymous.org\/#organization","name":"Dependentes de Internet e Tecnologia An\u00f4nimos","url":"https:\/\/internetaddictsanonymous.org\/","logo":{"@type":"ImageObject","inLanguage":"pt-BR","@id":"https:\/\/internetaddictsanonymous.org\/#\/schema\/logo\/image\/","url":"https:\/\/internetaddictsanonymous.org\/wp-content\/uploads\/2023\/01\/cropped-ITAA-logo-480px.png","contentUrl":"https:\/\/internetaddictsanonymous.org\/wp-content\/uploads\/2023\/01\/cropped-ITAA-logo-480px.png","width":480,"height":480,"caption":"Internet and Technology Addicts Anonymous"},"image":{"@id":"https:\/\/internetaddictsanonymous.org\/#\/schema\/logo\/image\/"}}]}},"jetpack_sharing_enabled":true,"jetpack_shortlink":"https:\/\/wp.me\/P9Fwob-3m2","_links":{"self":[{"href":"https:\/\/internetaddictsanonymous.org\/pt\/wp-json\/wp\/v2\/pages\/12898","targetHints":{"allow":["GET"]}}],"collection":[{"href":"https:\/\/internetaddictsanonymous.org\/pt\/wp-json\/wp\/v2\/pages"}],"about":[{"href":"https:\/\/internetaddictsanonymous.org\/pt\/wp-json\/wp\/v2\/types\/page"}],"author":[{"embeddable":true,"href":"https:\/\/internetaddictsanonymous.org\/pt\/wp-json\/wp\/v2\/users\/35194237"}],"replies":[{"embeddable":true,"href":"https:\/\/internetaddictsanonymous.org\/pt\/wp-json\/wp\/v2\/comments?post=12898"}],"version-history":[{"count":31,"href":"https:\/\/internetaddictsanonymous.org\/pt\/wp-json\/wp\/v2\/pages\/12898\/revisions"}],"predecessor-version":[{"id":21212,"href":"https:\/\/internetaddictsanonymous.org\/pt\/wp-json\/wp\/v2\/pages\/12898\/revisions\/21212"}],"wp:attachment":[{"href":"https:\/\/internetaddictsanonymous.org\/pt\/wp-json\/wp\/v2\/media?parent=12898"}],"wp:term":[{"taxonomy":"post_tag","embeddable":true,"href":"https:\/\/internetaddictsanonymous.org\/pt\/wp-json\/wp\/v2\/tags?post=12898"}],"curies":[{"name":"wp","href":"https:\/\/api.w.org\/{rel}","templated":true}]}}