{"id":13592,"date":"2022-03-24T00:02:20","date_gmt":"2022-03-24T00:02:20","guid":{"rendered":"https:\/\/internetaddictsanonymous.org\/?page_id=13592"},"modified":"2025-01-21T13:31:26","modified_gmt":"2025-01-21T21:31:26","slug":"gsr","status":"publish","type":"page","link":"https:\/\/internetaddictsanonymous.org\/pt\/gsr\/","title":{"rendered":"O que \u00e9 um &#039;Representante de Servi\u00e7o de Grupo&#039; no ITAA?"},"content":{"rendered":"<p>Um 'Representante de Servi\u00e7o em Grupo' (GSR) \u00e9 um membro da ITAA que foi eleito por um grupo particular da ITAA para representar esse grupo nas Reuni\u00f5es de Servi\u00e7o Internacional (ISMs). A estrutura de servi\u00e7o do ITAA se assemelha a uma pir\u00e2mide invertida, com os grupos na parte superior e o ISM na parte inferior. Em outras palavras, as Reuni\u00f5es de Servi\u00e7o Internacional atendem aos interesses dos grupos. Isto significa que a considera\u00e7\u00e3o mais importante para nossos \u00f3rg\u00e3os de servi\u00e7o ao tomar decis\u00f5es em n\u00edvel de companheirismo \u00e9 que as necessidades e perspectivas de todos os grupos da ITAA sejam bem representadas. Os RSGs asseguram que as vozes de nossos grupos sejam ouvidas ao tomar decis\u00f5es em n\u00edvel de irmandade.<\/p>\n\n\n\n<p>Embora os RSG tenham uma responsabilidade especial de representar as opini\u00f5es de seus grupos, todos os membros da ITAA s\u00e3o fortemente encorajados a participar e votar no ISM, pois isso ajuda a melhorar a diversidade e a for\u00e7a das decis\u00f5es de nossa irmandade.&nbsp;<\/p>\n\n\n\n<p>Cada grupo \u00e9 aut\u00f4nomo e pode definir seus pr\u00f3prios requisitos, dura\u00e7\u00e3o do mandato e deveres para seu(s) RSG(s). Abaixo est\u00e3o algumas sugest\u00f5es de como os grupos podem definir a fun\u00e7\u00e3o de servi\u00e7o do GSR para sua reuni\u00e3o.<\/p>\n\n\n\n<h3 class=\"wp-block-heading\"><strong>Requisitos sugeridos<\/strong><\/h3>\n\n\n\n<p>Cada grupo pode determinar quaisquer requisitos para sua fun\u00e7\u00e3o de servi\u00e7o de RSG que a consci\u00eancia de grupo considere prudente. Alguns exemplos de requisitos podem ser:<\/p>\n\n\n\n<ul class=\"wp-block-list\">\n<li>Vontade<\/li>\n\n\n\n<li>Ter participado de pelo menos 10 reuni\u00f5es do ITAA<\/li>\n\n\n\n<li>Estar no ITAA por 3 meses<\/li>\n\n\n\n<li>Frequentar regularmente as reuni\u00f5es espec\u00edficas do grupo que voc\u00ea representaria<\/li>\n\n\n\n<li>Poder participar da Consci\u00eancia Coletiva do grupo que voc\u00ea representaria.\u00a0<\/li>\n\n\n\n<li>Participar regularmente das reuni\u00f5es do ITAA<\/li>\n\n\n\n<li>Atualmente trabalhando os Passos<\/li>\n\n\n\n<li>Familiaridade com as Tradi\u00e7\u00f5es e Conceitos<\/li>\n\n\n\n<li>Ter sobriedade est\u00e1vel como voc\u00ea a define<\/li>\n\n\n\n<li>Poder participar de 1 das 2 reuni\u00f5es rotativas para as reuni\u00f5es do ISM<\/li>\n\n\n\n<li>Ainda n\u00e3o GSR para outro grupo<\/li>\n\n\n\n<li>Sem requisitos<\/li>\n<\/ul>\n\n\n\n<h3 class=\"wp-block-heading\"><strong>Dura\u00e7\u00e3o sugerida do mandato<\/strong><\/h3>\n\n\n\n<p>Cada grupo tamb\u00e9m tem o poder de definir a dura\u00e7\u00e3o do mandato dessa fun\u00e7\u00e3o de servi\u00e7o. A bolsa internacional sugeriu uma dura\u00e7\u00e3o m\u00e1xima de 2 anos.<\/p>\n\n\n\n<h3 class=\"wp-block-heading\"><strong>Responsabilidades sugeridas<\/strong><\/h3>\n\n\n\n<p>Os GSRs conectam a Reuni\u00e3o do ISM com o Grupo que eles representam. Cada grupo pode decidir as responsabilidades de seus GSR(s). Para este fim, os RSGs podem:<\/p>\n\n\n\n<ul class=\"wp-block-list\">\n<li>Participar de reuni\u00f5es de servi\u00e7o internacional atrav\u00e9s de discuss\u00e3o e vota\u00e7\u00e3o<\/li>\n\n\n\n<li>Representar as necessidades e perspectivas de seu grupo em reuni\u00f5es de servi\u00e7os internacionais<\/li>\n\n\n\n<li>Notificar seu grupo sobre quaisquer decis\u00f5es ou informa\u00e7\u00f5es relevantes<\/li>\n\n\n\n<li>Pratique as 12 Tradi\u00e7\u00f5es da ITAA atrav\u00e9s do seu servi\u00e7o<\/li>\n\n\n\n<li>Conforme necess\u00e1rio, manter as consci\u00eancias de grupo em seus grupos de origem em rela\u00e7\u00e3o aos itens da agenda a serem discutidos nas Reuni\u00f5es do ISM, e depois transmitir os resultados e sentimentos da consci\u00eancia de grupo para o ISM.<\/li>\n<\/ul>\n\n\n\n<p>Grupos individuais tamb\u00e9m podem decidir sobre responsabilidades alternativas ou adicionais.<\/p>\n\n\n\n<h3 class=\"wp-block-heading\"><strong>Familiaridade com as Doze Tradi\u00e7\u00f5es da ITAA<\/strong><\/h3>\n\n\n\n<p>Enquanto nossos Doze Passos nos guiam em nossos caminhos individuais para a recupera\u00e7\u00e3o, as Doze Tradi\u00e7\u00f5es ajudam a manter nossos grupos e nossa irmandade mais ampla em bases espirituais s\u00f3lidas enquanto prestamos servi\u00e7o. Como servidores de confian\u00e7a, os RSGs precisar\u00e3o ter uma compreens\u00e3o das tradi\u00e7\u00f5es ou vontade de aprender sobre elas. Ler alguma literatura sobre as tradi\u00e7\u00f5es ser\u00e1 muito \u00fatil. Para isso, h\u00e1 alguns recursos sugeridos no final deste documento.&nbsp;<\/p>\n\n\n\n<p>Pode haver interpreta\u00e7\u00f5es diferentes de certas tradi\u00e7\u00f5es e, em \u00faltima an\u00e1lise, tentamos aplic\u00e1-las e defend\u00ea-las da melhor maneira poss\u00edvel e confiar que a vontade de nosso Poder Superior \u00e9 revelada atrav\u00e9s da consci\u00eancia de grupo. Quando n\u00e3o temos certeza de como interpretar ou aplicar uma certa tradi\u00e7\u00e3o, podemos pedir orienta\u00e7\u00e3o a nossos companheiros de servi\u00e7o.&nbsp;<\/p>\n\n\n\n<h3 class=\"wp-block-heading\"><strong>Sobre a elei\u00e7\u00e3o de v\u00e1rios GSRs<\/strong><\/h3>\n\n\n\n<p>ITAA tem quase 100 grupos atualmente (online e presencialmente), com membros em todos os continentes. Como a ITAA \u00e9 uma irmandade internacional, nossas Reuni\u00f5es de Servi\u00e7o Internacional s\u00e3o realizadas em um hor\u00e1rio rotativo, para permitir a participa\u00e7\u00e3o de membros em diferentes fusos hor\u00e1rios. Idealmente, em cada ISM ter\u00edamos representantes presentes de muitos, se n\u00e3o de todos, os grupos da ITAA. Para isso, os grupos poderiam decidir eleger v\u00e1rios GSRs baseados em diferentes fusos hor\u00e1rios, para que possam enviar um representante a todos os ISMs.&nbsp;<\/p>\n\n\n\n<p>Por outro lado, os grupos podem querer evitar eleger um \u00fanico membro como RSG de v\u00e1rios grupos para que mais membros tenham a oportunidade de prestar servi\u00e7o e participar de nossas consci\u00eancias de grupo em toda a irmandade.<\/p>\n\n\n\n<h3 class=\"wp-block-heading\"><strong>Vota\u00e7\u00e3o em reuni\u00f5es de servi\u00e7os internacionais<\/strong><\/h3>\n\n\n\n<p>Na ITAA, qualquer membro pode participar e votar nas Reuni\u00f5es de Servi\u00e7o Internacional. N\u00e3o \u00e9 necess\u00e1rio ser eleito GSR para poder participar e votar.<\/p>\n\n\n\n<h3 class=\"wp-block-heading\"><strong>Recursos sugeridos para GSRs<\/strong><\/h3>\n\n\n\n<p>A pr\u00e1tica das 12 Tradi\u00e7\u00f5es \u00e9 central para nosso servi\u00e7o como GSRs. Al\u00e9m disso, o Regulamento de Ordem de Robert \u00e9 um m\u00e9todo para tomar consci\u00eancia de grupo e um processo para passar pela discuss\u00e3o e vota\u00e7\u00e3o de tal forma que a voz de todos possa ser ouvida. Utilizamos o Regulamento Robert para realizar Reuni\u00f5es de Servi\u00e7o Internacional. Recomendamos que os GSRs se familiarizem com os seguintes recursos:<\/p>\n\n\n\n<ul class=\"wp-block-list\">\n<li><a href=\"https:\/\/internetaddictsanonymous.org\/pt\/12-passos-daitaa\/\">As 12 Tradi\u00e7\u00f5es da ITAA<\/a><\/li>\n\n\n\n<li><a href=\"https:\/\/drive.google.com\/file\/d\/13_d1quYWWJbjwdo9M9LPnczjkyfL1ypR\/view?usp=sharing\">Guia ITAA para as Regras de Ordem de Robert<\/a><\/li>\n<\/ul>\n\n\n\n<p>Muitos de n\u00f3s tamb\u00e9m encontramos orienta\u00e7\u00f5es valiosas na literatura de outras bolsas de 12 passos, mesmo que nem todos os detalhes sejam aplic\u00e1veis ao ITAA:<\/p>\n\n\n\n<ul class=\"wp-block-list\">\n<li><a href=\"https:\/\/www.aa.org\/pages\/en_US\/twelve-steps-and-twelve-traditions\">AA 12 Passos e 12 Tradi\u00e7\u00f5es<\/a><\/li>\n\n\n\n<li><a href=\"https:\/\/www.alcoholics-anonymous.org.uk\/download\/1\/Library\/Documents\/Literature%20Downloads\/3345%20Twelve%20Traditions%20Checklist.pdf\">Lista de Verifica\u00e7\u00e3o de Tradi\u00e7\u00f5es AA 12<\/a><\/li>\n\n\n\n<li><a href=\"https:\/\/www.aa.org\/sites\/default\/files\/literature\/assets\/p-19_gsr.pdf\">Panfleto AA GSR<\/a><\/li>\n\n\n\n<li><a href=\"https:\/\/al-anon.org\/pdf\/G11.pdf%20https:\/\/www.alcoholics-\">Panfleto Al-Anon GSR<\/a><\/li>\n\n\n\n<li><a href=\"http:\/\/www.alcoholics-anonymous.org.uk\/download\/1\/Library\/Documents\/Literature%20Downloads\/3300%20Twelve%20Concepts%20Illustrated.pdf\">AA 12 Conceitos Ilustrados<\/a><\/li>\n\n\n\n<li><a href=\"http:\/\/www.alcoholics-anonymous.org.uk\/download\/1\/Library\/Documents\/Literature%20Downloads\/3346%20Twelve%20Concepts%20Checklist.pdf\">Lista de Verifica\u00e7\u00e3o de Conceitos AA 12<\/a><\/li>\n\n\n\n<li><a href=\"http:\/\/aagb.silverink.ie\/download\/1\/Library\/Documents\/Handbooks\/AA%20Service%20Handbook%20for%20Great%20Britain%204th%20edition%202018.pdf\">Manual de servi\u00e7o AA<\/a><\/li>\n<\/ul>\n<!-- PMB print buttons is only displayed on a single post\/page URLs-->","protected":false},"excerpt":{"rendered":"<p>Um &#039;Representante de Servi\u00e7o de Grupo&#039; (GSR) \u00e9 um membro da ITAA que foi eleito por um grupo espec\u00edfico da ITAA para representar esse grupo nas Reuni\u00f5es de Servi\u00e7o Internacionais (ISMs). A estrutura de servi\u00e7os da ITAA assemelha-se a uma pir\u00e2mide invertida, com os grupos no topo e o ISM na base. Em outras palavras, as Reuni\u00f5es de Servi\u00e7o Internacionais servem\u2026 <a href=\"https:\/\/internetaddictsanonymous.org\/pt\/gsr\/\" class=\"more-link\">Continue lendo <span class=\"screen-reader-text\">O que \u00e9 um &#039;Representante de Servi\u00e7o de Grupo&#039; no ITAA?<\/span><\/a><\/p>","protected":false},"author":35194255,"featured_media":0,"parent":0,"menu_order":0,"comment_status":"closed","ping_status":"closed","template":"full-width-page.php","meta":{"inline_featured_image":false,"_lmt_disableupdate":"","_lmt_disable":"","footnotes":""},"tags":[],"class_list":["post-13592","page","type-page","status-publish","hentry"],"yoast_head":"<!-- This site is optimized with the Yoast SEO plugin v27.5 - https:\/\/yoast.com\/product\/yoast-seo-wordpress\/ -->\n<title>What is a \u2018Group Service Representative\u2019 in ITAA? &#8211; Internet and Technology Addicts Anonymous<\/title>\n<meta name=\"robots\" content=\"index, follow, max-snippet:-1, max-image-preview:large, max-video-preview:-1\" \/>\n<link rel=\"canonical\" href=\"https:\/\/internetaddictsanonymous.org\/pt\/gsr\/\" \/>\n<meta property=\"og:locale\" content=\"pt_BR\" \/>\n<meta property=\"og:type\" content=\"article\" \/>\n<meta property=\"og:title\" content=\"What is a \u2018Group Service Representative\u2019 in ITAA? &#8211; Internet and Technology Addicts Anonymous\" \/>\n<meta property=\"og:description\" content=\"A \u2018Group Service Representative\u2019 (GSR) is a member of ITAA who has been elected by a particular ITAA group to represent that group at International Service Meetings (ISMs). ITAA\u2019s service structure resembles an inverted pyramid, with the groups at the top, and the ISM at the bottom. In other words, the International Service Meetings serves &hellip; Continue lendo What is a \u2018Group Service Representative\u2019 in ITAA?\" \/>\n<meta property=\"og:url\" content=\"https:\/\/internetaddictsanonymous.org\/pt\/gsr\/\" \/>\n<meta property=\"og:site_name\" content=\"Internet and Technology Addicts Anonymous\" \/>\n<meta property=\"article:modified_time\" content=\"2025-01-21T21:31:26+00:00\" \/>\n<meta name=\"twitter:card\" content=\"summary_large_image\" \/>\n<meta name=\"twitter:label1\" content=\"Est. tempo de leitura\" \/>\n\t<meta name=\"twitter:data1\" content=\"4 minutos\" \/>\n<script type=\"application\/ld+json\" class=\"yoast-schema-graph\">{\"@context\":\"https:\\\/\\\/schema.org\",\"@graph\":[{\"@type\":\"WebPage\",\"@id\":\"https:\\\/\\\/internetaddictsanonymous.org\\\/gsr\\\/\",\"url\":\"https:\\\/\\\/internetaddictsanonymous.org\\\/gsr\\\/\",\"name\":\"What is a \u2018Group Service Representative\u2019 in ITAA? &#8211; Internet and Technology Addicts Anonymous\",\"isPartOf\":{\"@id\":\"https:\\\/\\\/internetaddictsanonymous.org\\\/#website\"},\"datePublished\":\"2022-03-24T00:02:20+00:00\",\"dateModified\":\"2025-01-21T21:31:26+00:00\",\"breadcrumb\":{\"@id\":\"https:\\\/\\\/internetaddictsanonymous.org\\\/gsr\\\/#breadcrumb\"},\"inLanguage\":\"pt-BR\",\"potentialAction\":[{\"@type\":\"ReadAction\",\"target\":[\"https:\\\/\\\/internetaddictsanonymous.org\\\/gsr\\\/\"]}]},{\"@type\":\"BreadcrumbList\",\"@id\":\"https:\\\/\\\/internetaddictsanonymous.org\\\/gsr\\\/#breadcrumb\",\"itemListElement\":[{\"@type\":\"ListItem\",\"position\":1,\"name\":\"Home\",\"item\":\"https:\\\/\\\/internetaddictsanonymous.org\\\/\"},{\"@type\":\"ListItem\",\"position\":2,\"name\":\"What is a \u2018Group Service Representative\u2019 in ITAA?\"}]},{\"@type\":\"WebSite\",\"@id\":\"https:\\\/\\\/internetaddictsanonymous.org\\\/#website\",\"url\":\"https:\\\/\\\/internetaddictsanonymous.org\\\/\",\"name\":\"Internet and Technology Addicts Anonymous\",\"description\":\"Worldwide 12-step Fellowship for Internet and Technology Addiction\",\"publisher\":{\"@id\":\"https:\\\/\\\/internetaddictsanonymous.org\\\/#organization\"},\"potentialAction\":[{\"@type\":\"SearchAction\",\"target\":{\"@type\":\"EntryPoint\",\"urlTemplate\":\"https:\\\/\\\/internetaddictsanonymous.org\\\/?s={search_term_string}\"},\"query-input\":{\"@type\":\"PropertyValueSpecification\",\"valueRequired\":true,\"valueName\":\"search_term_string\"}}],\"inLanguage\":\"pt-BR\"},{\"@type\":\"Organization\",\"@id\":\"https:\\\/\\\/internetaddictsanonymous.org\\\/#organization\",\"name\":\"Internet and Technology Addicts Anonymous\",\"url\":\"https:\\\/\\\/internetaddictsanonymous.org\\\/\",\"logo\":{\"@type\":\"ImageObject\",\"inLanguage\":\"pt-BR\",\"@id\":\"https:\\\/\\\/internetaddictsanonymous.org\\\/#\\\/schema\\\/logo\\\/image\\\/\",\"url\":\"https:\\\/\\\/internetaddictsanonymous.org\\\/wp-content\\\/uploads\\\/2023\\\/01\\\/cropped-ITAA-logo-480px.png\",\"contentUrl\":\"https:\\\/\\\/internetaddictsanonymous.org\\\/wp-content\\\/uploads\\\/2023\\\/01\\\/cropped-ITAA-logo-480px.png\",\"width\":480,\"height\":480,\"caption\":\"Internet and Technology Addicts Anonymous\"},\"image\":{\"@id\":\"https:\\\/\\\/internetaddictsanonymous.org\\\/#\\\/schema\\\/logo\\\/image\\\/\"}}]}<\/script>\n<!-- \/ Yoast SEO plugin. -->","yoast_head_json":{"title":"O que \u00e9 um \"Representante de Servi\u00e7os do Grupo\" na ITAA? - Viciados em Internet e Tecnologia An\u00f4nimos","robots":{"index":"index","follow":"follow","max-snippet":"max-snippet:-1","max-image-preview":"max-image-preview:large","max-video-preview":"max-video-preview:-1"},"canonical":"https:\/\/internetaddictsanonymous.org\/pt\/gsr\/","og_locale":"pt_BR","og_type":"article","og_title":"What is a \u2018Group Service Representative\u2019 in ITAA? &#8211; Internet and Technology Addicts Anonymous","og_description":"A \u2018Group Service Representative\u2019 (GSR) is a member of ITAA who has been elected by a particular ITAA group to represent that group at International Service Meetings (ISMs). ITAA\u2019s service structure resembles an inverted pyramid, with the groups at the top, and the ISM at the bottom. In other words, the International Service Meetings serves &hellip; Continue lendo What is a \u2018Group Service Representative\u2019 in ITAA?","og_url":"https:\/\/internetaddictsanonymous.org\/pt\/gsr\/","og_site_name":"Internet and Technology Addicts Anonymous","article_modified_time":"2025-01-21T21:31:26+00:00","twitter_card":"summary_large_image","twitter_misc":{"Est. tempo de leitura":"4 minutos"},"schema":{"@context":"https:\/\/schema.org","@graph":[{"@type":"WebPage","@id":"https:\/\/internetaddictsanonymous.org\/gsr\/","url":"https:\/\/internetaddictsanonymous.org\/gsr\/","name":"O que \u00e9 um \"Representante de Servi\u00e7os do Grupo\" na ITAA? - Viciados em Internet e Tecnologia An\u00f4nimos","isPartOf":{"@id":"https:\/\/internetaddictsanonymous.org\/#website"},"datePublished":"2022-03-24T00:02:20+00:00","dateModified":"2025-01-21T21:31:26+00:00","breadcrumb":{"@id":"https:\/\/internetaddictsanonymous.org\/gsr\/#breadcrumb"},"inLanguage":"pt-BR","potentialAction":[{"@type":"ReadAction","target":["https:\/\/internetaddictsanonymous.org\/gsr\/"]}]},{"@type":"BreadcrumbList","@id":"https:\/\/internetaddictsanonymous.org\/gsr\/#breadcrumb","itemListElement":[{"@type":"ListItem","position":1,"name":"Home","item":"https:\/\/internetaddictsanonymous.org\/"},{"@type":"ListItem","position":2,"name":"What is a \u2018Group Service Representative\u2019 in ITAA?"}]},{"@type":"WebSite","@id":"https:\/\/internetaddictsanonymous.org\/#website","url":"https:\/\/internetaddictsanonymous.org\/","name":"Dependentes de Internet e Tecnologia An\u00f4nimos","description":"Bolsa mundial de 12 passos para Internet e v\u00edcio em tecnologia","publisher":{"@id":"https:\/\/internetaddictsanonymous.org\/#organization"},"potentialAction":[{"@type":"SearchAction","target":{"@type":"EntryPoint","urlTemplate":"https:\/\/internetaddictsanonymous.org\/?s={search_term_string}"},"query-input":{"@type":"PropertyValueSpecification","valueRequired":true,"valueName":"search_term_string"}}],"inLanguage":"pt-BR"},{"@type":"Organization","@id":"https:\/\/internetaddictsanonymous.org\/#organization","name":"Dependentes de Internet e Tecnologia An\u00f4nimos","url":"https:\/\/internetaddictsanonymous.org\/","logo":{"@type":"ImageObject","inLanguage":"pt-BR","@id":"https:\/\/internetaddictsanonymous.org\/#\/schema\/logo\/image\/","url":"https:\/\/internetaddictsanonymous.org\/wp-content\/uploads\/2023\/01\/cropped-ITAA-logo-480px.png","contentUrl":"https:\/\/internetaddictsanonymous.org\/wp-content\/uploads\/2023\/01\/cropped-ITAA-logo-480px.png","width":480,"height":480,"caption":"Internet and Technology Addicts Anonymous"},"image":{"@id":"https:\/\/internetaddictsanonymous.org\/#\/schema\/logo\/image\/"}}]}},"jetpack_sharing_enabled":true,"jetpack_shortlink":"https:\/\/wp.me\/P9Fwob-3xe","_links":{"self":[{"href":"https:\/\/internetaddictsanonymous.org\/pt\/wp-json\/wp\/v2\/pages\/13592","targetHints":{"allow":["GET"]}}],"collection":[{"href":"https:\/\/internetaddictsanonymous.org\/pt\/wp-json\/wp\/v2\/pages"}],"about":[{"href":"https:\/\/internetaddictsanonymous.org\/pt\/wp-json\/wp\/v2\/types\/page"}],"author":[{"embeddable":true,"href":"https:\/\/internetaddictsanonymous.org\/pt\/wp-json\/wp\/v2\/users\/35194255"}],"replies":[{"embeddable":true,"href":"https:\/\/internetaddictsanonymous.org\/pt\/wp-json\/wp\/v2\/comments?post=13592"}],"version-history":[{"count":9,"href":"https:\/\/internetaddictsanonymous.org\/pt\/wp-json\/wp\/v2\/pages\/13592\/revisions"}],"predecessor-version":[{"id":19241,"href":"https:\/\/internetaddictsanonymous.org\/pt\/wp-json\/wp\/v2\/pages\/13592\/revisions\/19241"}],"wp:attachment":[{"href":"https:\/\/internetaddictsanonymous.org\/pt\/wp-json\/wp\/v2\/media?parent=13592"}],"wp:term":[{"taxonomy":"post_tag","embeddable":true,"href":"https:\/\/internetaddictsanonymous.org\/pt\/wp-json\/wp\/v2\/tags?post=13592"}],"curies":[{"name":"wp","href":"https:\/\/api.w.org\/{rel}","templated":true}]}}