{"id":14142,"date":"2022-08-29T17:12:59","date_gmt":"2022-08-29T17:12:59","guid":{"rendered":"https:\/\/internetaddictsanonymous.org\/?page_id=14142"},"modified":"2025-04-20T12:14:24","modified_gmt":"2025-04-20T19:14:24","slug":"do-i-have-an-addiction","status":"publish","type":"page","link":"https:\/\/internetaddictsanonymous.org\/pt\/do-i-have-an-addiction\/","title":{"rendered":"Eu tenho um v\u00edcio?"},"content":{"rendered":"<p>Se voc\u00ea \u00e9 novo na ITAA, pode estar se perguntando se \u00e9 um viciado em Internet e tecnologia. As perguntas a seguir podem ajud\u00e1-lo a identificar se voc\u00ea apresenta algum dos padr\u00f5es e sintomas comuns ao v\u00edcio em Internet e tecnologia:<\/p>\n\n\n\n<h2 class=\"wp-block-heading translation-block\"><strong>V\u00edcio em Internet<\/strong><strong> <\/strong><strong>Question\u00e1rio<\/strong> <strong>:<\/strong><\/h2>\n\n\n\n<ol class=\"wp-block-list\">\n<li>Alguma vez eu entro na Internet para verificar algo rapidamente e descubro que j\u00e1 se passaram horas?<\/li>\n\n\n\n<li>Eu j\u00e1 deixei de usar ou estabeleci limites para um determinado aplicativo ou atividade on-line e depois n\u00e3o cumpri meus compromissos?<\/li>\n\n\n\n<li>Eu tenho compuls\u00f5es por internet e tecnologia que duram o dia todo ou at\u00e9 tarde da noite?<\/li>\n\n\n\n<li>Eu pego meus dispositivos sempre que tenho tempo livre?<\/li>\n\n\n\n<li>Meu uso da Internet e da tecnologia me leva a negligenciar minha higiene pessoal, necessidades nutricionais ou sa\u00fade f\u00edsica?<\/li>\n\n\n\n<li>Eu me sinto isolado, emocionalmente ausente, distra\u00eddo ou ansioso quando n\u00e3o estou on-line?<\/li>\n\n\n\n<li>Meu uso da Internet contribui para conflitos ou evita\u00e7\u00e3o nos relacionamentos pessoais?<\/li>\n\n\n\n<li>As consequ\u00eancias negativas do meu uso da Internet prejudicaram meus estudos, finan\u00e7as ou carreira?<\/li>\n\n\n\n<li>Escondo ou minto sobre a quantidade de tempo que passo on-line ou sobre os tipos de conte\u00fado digital que consumo?<\/li>\n\n\n\n<li>Sinto-me culpado ou envergonhado por usar a Internet?<\/li>\n<\/ol>\n\n\n\n<p>Ningu\u00e9m deve sofrer por causa do uso da Internet e da tecnologia. Se voc\u00ea respondeu sim a v\u00e1rias das perguntas acima, recomendamos que considere a possibilidade de obter apoio.<\/p>\n\n\n\n<div class=\"wp-block-buttons is-content-justification-left is-layout-flex wp-container-core-buttons-is-layout-fdcfc74e wp-block-buttons-is-layout-flex\">\n<div class=\"wp-block-button has-custom-width wp-block-button__width-50 is-style-fill\"><a class=\"wp-block-button__link has-white-color has-blue-background-color has-text-color has-background has-custom-font-size wp-element-button\" href=\"https:\/\/internetaddictsanonymous.org\/pt\/reunioes-on-line\/\" style=\"border-radius:100px;font-size:25px;font-style:normal;font-weight:900\">Participe de uma reuni\u00e3o<\/a><\/div>\n\n\n<\/div>\n\n\n\n<p><\/p>\n\n\n\n<p>Al\u00e9m das perguntas acima, voc\u00ea pode encontrar question\u00e1rios adicionais para comportamentos compulsivos mais espec\u00edficos nos links abaixo:<\/p>\n\n\n\n<ul class=\"wp-block-list\">\n<li><a href=\"https:\/\/internetaddictsanonymous.org\/pt\/vicio-das-midias-sociais\/\">Sinais de v\u00edcio em m\u00eddia social<\/a><\/li>\n\n\n\n<li><a href=\"https:\/\/internetaddictsanonymous.org\/pt\/smartphone-addiction\/\">Sinais de v\u00edcio em telefone<\/a><\/li>\n\n\n\n<li><a href=\"https:\/\/internetaddictsanonymous.org\/pt\/vicio-de-streaming\/\">Sinais de depend\u00eancia de streaming<\/a><\/li>\n\n\n\n<li><a href=\"https:\/\/internetaddictsanonymous.org\/pt\/dependencia-de-internet-e-tecnologia\/vicio-em-videogame\/\">Sinais de depend\u00eancia de videogame<\/a><\/li>\n\n\n\n<li><a href=\"https:\/\/internetaddictsanonymous.org\/pt\/viciados-em-internet-e-tecnologia-anonimos\/vicio-em-pornografia\/\">Sinais de depend\u00eancia de pornografia<\/a><\/li>\n\n\n\n<li><a href=\"https:\/\/internetaddictsanonymous.org\/pt\/dependencia-de-internet-e-tecnologia\/vicio-em-informacoes\/\">Sinais de depend\u00eancia de informa\u00e7\u00e3o<\/a><\/li>\n<\/ul>\n\n\n\n<p>Muitos membros tamb\u00e9m lutam com not\u00edcias, pornografia, pesquisas, compras, aplicativos de namoro e outros comportamentos. Se voc\u00ea se encontra repetidamente em padr\u00f5es dolorosos ou autodestrutivos que envolvem o uso de m\u00eddia, telas ou outros dispositivos, ent\u00e3o a ITAA pode ajud\u00e1-lo a encontrar liberdade e al\u00edvio para o que est\u00e1 vivenciando. Os rec\u00e9m-chegados s\u00e3o incentivados a participar de 6 reuni\u00f5es em um curto per\u00edodo de tempo para determinar se esse programa \u00e9 adequado para eles. Nossas reuni\u00f5es s\u00e3o baseadas em uma escuta compassiva e sem julgamentos, e as reuni\u00f5es oferecem oportunidades para que os rec\u00e9m-chegados fa\u00e7am perguntas.<\/p>\n\n\n\n<p>O v\u00edcio em internet e tecnologia \u00e9 uma condi\u00e7\u00e3o que pode afetar adultos e crian\u00e7as, \u00e0s vezes em uma idade jovem e \u00e0s vezes mais tarde na vida. Como outros v\u00edcios, n\u00e3o discrimina com base na idade, n\u00edvel educacional, ra\u00e7a ou etnia. Ao prejudicar nosso potencial, senso de identidade e qualidade de vida, nossa adic\u00e7\u00e3o pode prejudicar nossas vidas; e contribuindo para a depress\u00e3o, tend\u00eancias suicidas e outros problemas de sa\u00fade mental, nosso v\u00edcio pode ser fatal. Se voc\u00ea acha que pode ser um adicto, n\u00f3s o incentivamos a procurar ajuda e aproveitar os recursos e a experi\u00eancia de nossa irmandade.<\/p>\n<!-- PMB print buttons is only displayed on a single post\/page URLs-->","protected":false},"excerpt":{"rendered":"<p>Se voc\u00ea \u00e9 novo no ITAA, pode estar se perguntando se \u00e9 um viciado em internet e tecnologia. As perguntas a seguir podem ajud\u00e1-lo a identificar se voc\u00ea experimenta algum dos padr\u00f5es e sintomas comuns ao v\u00edcio em internet e tecnologia: Question\u00e1rio sobre v\u00edcio em internet: Ningu\u00e9m deveria sofrer devido ao uso da internet e da tecnologia. \u2026 <a href=\"https:\/\/internetaddictsanonymous.org\/pt\/do-i-have-an-addiction\/\" class=\"more-link\">Continue lendo <span class=\"screen-reader-text\">Eu tenho um v\u00edcio?<\/span><\/a><\/p>","protected":false},"author":35194237,"featured_media":0,"parent":0,"menu_order":0,"comment_status":"closed","ping_status":"closed","template":"full-width-page.php","meta":{"inline_featured_image":false,"_lmt_disableupdate":"","_lmt_disable":"","footnotes":""},"tags":[],"class_list":["post-14142","page","type-page","status-publish","hentry"],"yoast_head":"<!-- This site is optimized with the Yoast SEO plugin v27.6 - https:\/\/yoast.com\/product\/yoast-seo-wordpress\/ -->\n<title>Do I Have an Addiction? &#8211; Internet and Technology Addicts Anonymous<\/title>\n<meta name=\"description\" content=\"If you are new to ITAA, you may be wondering whether you have an internet and technology addiction.\" \/>\n<meta name=\"robots\" content=\"index, follow, max-snippet:-1, max-image-preview:large, max-video-preview:-1\" \/>\n<link rel=\"canonical\" href=\"https:\/\/internetaddictsanonymous.org\/pt\/do-i-have-an-addiction\/\" \/>\n<meta property=\"og:locale\" content=\"pt_BR\" \/>\n<meta property=\"og:type\" content=\"article\" \/>\n<meta property=\"og:title\" content=\"Do I Have an Addiction? &#8211; Internet and Technology Addicts Anonymous\" \/>\n<meta property=\"og:description\" content=\"If you are new to ITAA, you may be wondering whether you have an internet and technology addiction.\" \/>\n<meta property=\"og:url\" content=\"https:\/\/internetaddictsanonymous.org\/pt\/do-i-have-an-addiction\/\" \/>\n<meta property=\"og:site_name\" content=\"Internet and Technology Addicts Anonymous\" \/>\n<meta property=\"article:modified_time\" content=\"2025-04-20T19:14:24+00:00\" \/>\n<meta name=\"twitter:card\" content=\"summary_large_image\" \/>\n<meta name=\"twitter:label1\" content=\"Est. tempo de leitura\" \/>\n\t<meta name=\"twitter:data1\" content=\"3 minutos\" \/>\n<script type=\"application\/ld+json\" class=\"yoast-schema-graph\">{\"@context\":\"https:\\\/\\\/schema.org\",\"@graph\":[{\"@type\":\"WebPage\",\"@id\":\"https:\\\/\\\/internetaddictsanonymous.org\\\/do-i-have-an-addiction\\\/\",\"url\":\"https:\\\/\\\/internetaddictsanonymous.org\\\/do-i-have-an-addiction\\\/\",\"name\":\"Do I Have an Addiction? &#8211; Internet and Technology Addicts Anonymous\",\"isPartOf\":{\"@id\":\"https:\\\/\\\/internetaddictsanonymous.org\\\/#website\"},\"datePublished\":\"2022-08-29T17:12:59+00:00\",\"dateModified\":\"2025-04-20T19:14:24+00:00\",\"description\":\"If you are new to ITAA, you may be wondering whether you have an internet and technology addiction.\",\"breadcrumb\":{\"@id\":\"https:\\\/\\\/internetaddictsanonymous.org\\\/do-i-have-an-addiction\\\/#breadcrumb\"},\"inLanguage\":\"pt-BR\",\"potentialAction\":[{\"@type\":\"ReadAction\",\"target\":[\"https:\\\/\\\/internetaddictsanonymous.org\\\/do-i-have-an-addiction\\\/\"]}]},{\"@type\":\"BreadcrumbList\",\"@id\":\"https:\\\/\\\/internetaddictsanonymous.org\\\/do-i-have-an-addiction\\\/#breadcrumb\",\"itemListElement\":[{\"@type\":\"ListItem\",\"position\":1,\"name\":\"Home\",\"item\":\"https:\\\/\\\/internetaddictsanonymous.org\\\/\"},{\"@type\":\"ListItem\",\"position\":2,\"name\":\"Do I Have an Addiction?\"}]},{\"@type\":\"WebSite\",\"@id\":\"https:\\\/\\\/internetaddictsanonymous.org\\\/#website\",\"url\":\"https:\\\/\\\/internetaddictsanonymous.org\\\/\",\"name\":\"Internet and Technology Addicts Anonymous\",\"description\":\"Worldwide 12-step Fellowship for Internet and Technology Addiction\",\"publisher\":{\"@id\":\"https:\\\/\\\/internetaddictsanonymous.org\\\/#organization\"},\"potentialAction\":[{\"@type\":\"SearchAction\",\"target\":{\"@type\":\"EntryPoint\",\"urlTemplate\":\"https:\\\/\\\/internetaddictsanonymous.org\\\/?s={search_term_string}\"},\"query-input\":{\"@type\":\"PropertyValueSpecification\",\"valueRequired\":true,\"valueName\":\"search_term_string\"}}],\"inLanguage\":\"pt-BR\"},{\"@type\":\"Organization\",\"@id\":\"https:\\\/\\\/internetaddictsanonymous.org\\\/#organization\",\"name\":\"Internet and Technology Addicts Anonymous\",\"url\":\"https:\\\/\\\/internetaddictsanonymous.org\\\/\",\"logo\":{\"@type\":\"ImageObject\",\"inLanguage\":\"pt-BR\",\"@id\":\"https:\\\/\\\/internetaddictsanonymous.org\\\/#\\\/schema\\\/logo\\\/image\\\/\",\"url\":\"https:\\\/\\\/internetaddictsanonymous.org\\\/wp-content\\\/uploads\\\/2023\\\/01\\\/cropped-ITAA-logo-480px.png\",\"contentUrl\":\"https:\\\/\\\/internetaddictsanonymous.org\\\/wp-content\\\/uploads\\\/2023\\\/01\\\/cropped-ITAA-logo-480px.png\",\"width\":480,\"height\":480,\"caption\":\"Internet and Technology Addicts Anonymous\"},\"image\":{\"@id\":\"https:\\\/\\\/internetaddictsanonymous.org\\\/#\\\/schema\\\/logo\\\/image\\\/\"}}]}<\/script>\n<!-- \/ Yoast SEO plugin. -->","yoast_head_json":{"title":"Eu tenho um v\u00edcio? - Viciados em Internet e Tecnologia An\u00f4nimos","description":"Se voc\u00ea \u00e9 novo no ITAA, pode estar se perguntando se tem um v\u00edcio em internet e tecnologia.","robots":{"index":"index","follow":"follow","max-snippet":"max-snippet:-1","max-image-preview":"max-image-preview:large","max-video-preview":"max-video-preview:-1"},"canonical":"https:\/\/internetaddictsanonymous.org\/pt\/do-i-have-an-addiction\/","og_locale":"pt_BR","og_type":"article","og_title":"Do I Have an Addiction? &#8211; Internet and Technology Addicts Anonymous","og_description":"If you are new to ITAA, you may be wondering whether you have an internet and technology addiction.","og_url":"https:\/\/internetaddictsanonymous.org\/pt\/do-i-have-an-addiction\/","og_site_name":"Internet and Technology Addicts Anonymous","article_modified_time":"2025-04-20T19:14:24+00:00","twitter_card":"summary_large_image","twitter_misc":{"Est. tempo de leitura":"3 minutos"},"schema":{"@context":"https:\/\/schema.org","@graph":[{"@type":"WebPage","@id":"https:\/\/internetaddictsanonymous.org\/do-i-have-an-addiction\/","url":"https:\/\/internetaddictsanonymous.org\/do-i-have-an-addiction\/","name":"Eu tenho um v\u00edcio? - Viciados em Internet e Tecnologia An\u00f4nimos","isPartOf":{"@id":"https:\/\/internetaddictsanonymous.org\/#website"},"datePublished":"2022-08-29T17:12:59+00:00","dateModified":"2025-04-20T19:14:24+00:00","description":"Se voc\u00ea \u00e9 novo no ITAA, pode estar se perguntando se tem um v\u00edcio em internet e tecnologia.","breadcrumb":{"@id":"https:\/\/internetaddictsanonymous.org\/do-i-have-an-addiction\/#breadcrumb"},"inLanguage":"pt-BR","potentialAction":[{"@type":"ReadAction","target":["https:\/\/internetaddictsanonymous.org\/do-i-have-an-addiction\/"]}]},{"@type":"BreadcrumbList","@id":"https:\/\/internetaddictsanonymous.org\/do-i-have-an-addiction\/#breadcrumb","itemListElement":[{"@type":"ListItem","position":1,"name":"Home","item":"https:\/\/internetaddictsanonymous.org\/"},{"@type":"ListItem","position":2,"name":"Do I Have an Addiction?"}]},{"@type":"WebSite","@id":"https:\/\/internetaddictsanonymous.org\/#website","url":"https:\/\/internetaddictsanonymous.org\/","name":"Dependentes de Internet e Tecnologia An\u00f4nimos","description":"Bolsa mundial de 12 passos para Internet e v\u00edcio em tecnologia","publisher":{"@id":"https:\/\/internetaddictsanonymous.org\/#organization"},"potentialAction":[{"@type":"SearchAction","target":{"@type":"EntryPoint","urlTemplate":"https:\/\/internetaddictsanonymous.org\/?s={search_term_string}"},"query-input":{"@type":"PropertyValueSpecification","valueRequired":true,"valueName":"search_term_string"}}],"inLanguage":"pt-BR"},{"@type":"Organization","@id":"https:\/\/internetaddictsanonymous.org\/#organization","name":"Dependentes de Internet e Tecnologia An\u00f4nimos","url":"https:\/\/internetaddictsanonymous.org\/","logo":{"@type":"ImageObject","inLanguage":"pt-BR","@id":"https:\/\/internetaddictsanonymous.org\/#\/schema\/logo\/image\/","url":"https:\/\/internetaddictsanonymous.org\/wp-content\/uploads\/2023\/01\/cropped-ITAA-logo-480px.png","contentUrl":"https:\/\/internetaddictsanonymous.org\/wp-content\/uploads\/2023\/01\/cropped-ITAA-logo-480px.png","width":480,"height":480,"caption":"Internet and Technology Addicts Anonymous"},"image":{"@id":"https:\/\/internetaddictsanonymous.org\/#\/schema\/logo\/image\/"}}]}},"jetpack_sharing_enabled":true,"jetpack_shortlink":"https:\/\/wp.me\/P9Fwob-3G6","_links":{"self":[{"href":"https:\/\/internetaddictsanonymous.org\/pt\/wp-json\/wp\/v2\/pages\/14142","targetHints":{"allow":["GET"]}}],"collection":[{"href":"https:\/\/internetaddictsanonymous.org\/pt\/wp-json\/wp\/v2\/pages"}],"about":[{"href":"https:\/\/internetaddictsanonymous.org\/pt\/wp-json\/wp\/v2\/types\/page"}],"author":[{"embeddable":true,"href":"https:\/\/internetaddictsanonymous.org\/pt\/wp-json\/wp\/v2\/users\/35194237"}],"replies":[{"embeddable":true,"href":"https:\/\/internetaddictsanonymous.org\/pt\/wp-json\/wp\/v2\/comments?post=14142"}],"version-history":[{"count":6,"href":"https:\/\/internetaddictsanonymous.org\/pt\/wp-json\/wp\/v2\/pages\/14142\/revisions"}],"predecessor-version":[{"id":19632,"href":"https:\/\/internetaddictsanonymous.org\/pt\/wp-json\/wp\/v2\/pages\/14142\/revisions\/19632"}],"wp:attachment":[{"href":"https:\/\/internetaddictsanonymous.org\/pt\/wp-json\/wp\/v2\/media?parent=14142"}],"wp:term":[{"taxonomy":"post_tag","embeddable":true,"href":"https:\/\/internetaddictsanonymous.org\/pt\/wp-json\/wp\/v2\/tags?post=14142"}],"curies":[{"name":"wp","href":"https:\/\/api.w.org\/{rel}","templated":true}]}}