{"id":14520,"date":"2022-11-07T16:51:18","date_gmt":"2022-11-07T21:51:18","guid":{"rendered":"https:\/\/internetaddictsanonymous.org\/?page_id=14520"},"modified":"2023-01-08T17:22:07","modified_gmt":"2023-01-08T22:22:07","slug":"os-doze-conceitos","status":"publish","type":"page","link":"https:\/\/internetaddictsanonymous.org\/pt\/the-twelve-concepts\/","title":{"rendered":"Os Doze Conceitos"},"content":{"rendered":"<p>Esta p\u00e1gina cont\u00e9m os Doze Conceitos de Alco\u00f3licos An\u00f4nimos, que descrevem os princ\u00edpios operacionais orientadores e as estruturas de servi\u00e7o da AA. No futuro, ITAA espera modificar os Doze Conceitos para refletir nossos pr\u00f3prios princ\u00edpios operacionais orientadores e estruturas de servi\u00e7o at\u00e9 a aprova\u00e7\u00e3o da Irmandade. Entretanto, os Doze Conceitos de AA podem servir como um ponto de refer\u00eancia \u00fatil.<\/p>\n\n\n\n<ol class=\"wp-block-list\">\n<li>A responsabilidade final e a autoridade \u00faltima pelos servi\u00e7os mundiais de AA deve sempre residir na consci\u00eancia coletiva de toda a nossa Irmandade.<\/li>\n\n\n\n<li>A Confer\u00eancia de Servi\u00e7o Geral de AA tornou-se, para quase todos os fins pr\u00e1ticos, a voz ativa e a consci\u00eancia efetiva de toda a nossa sociedade em seus assuntos mundiais.<\/li>\n\n\n\n<li>Para assegurar uma lideran\u00e7a eficaz, devemos dotar cada elemento da A.A.- a Confer\u00eancia, o Conselho de Servi\u00e7o Geral e suas corpora\u00e7\u00f5es de servi\u00e7os, funcion\u00e1rios, comit\u00eas e executivos - com um tradicional \"Direito de Decis\u00e3o\".&nbsp;<\/li>\n\n\n\n<li>Em todos os n\u00edveis respons\u00e1veis, devemos manter um \"Direito de Participa\u00e7\u00e3o\" tradicional, permitindo uma representa\u00e7\u00e3o de voto em propor\u00e7\u00e3o razo\u00e1vel \u00e0 responsabilidade que cada um deve cumprir.&nbsp;<\/li>\n\n\n\n<li>Em toda nossa estrutura, deve prevalecer o tradicional \"Direito de Apela\u00e7\u00e3o\", para que a opini\u00e3o minorit\u00e1ria seja ouvida e as reclama\u00e7\u00f5es pessoais sejam cuidadosamente consideradas.&nbsp;<\/li>\n\n\n\n<li>A Confer\u00eancia reconhece que a iniciativa principal e a responsabilidade ativa na maioria dos assuntos de servi\u00e7o mundial deve ser exercida pelos membros fiduci\u00e1rios da Confer\u00eancia atuando como Conselho de Servi\u00e7o Geral.&nbsp;<\/li>\n\n\n\n<li>A Carta e o Estatuto do Conselho de Servi\u00e7o Geral s\u00e3o instrumentos legais, capacitando os curadores a administrar e conduzir os assuntos dos servi\u00e7os mundiais. A Carta da Confer\u00eancia n\u00e3o \u00e9 um documento legal; ela se baseia na tradi\u00e7\u00e3o e na bolsa de A.A. para a efic\u00e1cia final.&nbsp;<\/li>\n\n\n\n<li>Os curadores s\u00e3o os principais planejadores e administradores de pol\u00edticas e finan\u00e7as gerais. Eles t\u00eam supervis\u00e3o de cust\u00f3dia dos servi\u00e7os incorporados separadamente e constantemente ativos, 2 exercendo isto atrav\u00e9s de sua capacidade de eleger todos os diretores destas entidades.&nbsp;<\/li>\n\n\n\n<li>Uma boa lideran\u00e7a de servi\u00e7o em todos os n\u00edveis \u00e9 indispens\u00e1vel para nosso futuro funcionamento e seguran\u00e7a. A lideran\u00e7a prim\u00e1ria de servi\u00e7os mundiais, uma vez exercida pelos fundadores, deve necessariamente ser assumida pelos fideicomiss\u00e1rios.&nbsp;<\/li>\n\n\n\n<li>Cada responsabilidade de servi\u00e7o deve ser igualada por uma autoridade de servi\u00e7o igual, com o escopo de tal autoridade bem definido.&nbsp;<\/li>\n\n\n\n<li>Os curadores devem ter sempre os melhores comit\u00eas, diretores de servi\u00e7os corporativos, executivos, funcion\u00e1rios e consultores poss\u00edveis. Composi\u00e7\u00e3o, qualifica\u00e7\u00f5es, procedimentos de indu\u00e7\u00e3o e direitos e deveres ser\u00e3o sempre assuntos de grande preocupa\u00e7\u00e3o.&nbsp;<\/li>\n\n\n\n<li>A Confer\u00eancia observar\u00e1 o esp\u00edrito da tradi\u00e7\u00e3o de AA, cuidando para que nunca se torne a sede de riqueza ou poder perigoso; que fundos operacionais e reservas suficientes sejam seu princ\u00edpio financeiro prudente; que n\u00e3o coloque nenhum de seus membros em uma posi\u00e7\u00e3o de autoridade incondicional sobre os outros; que chegue a todas as decis\u00f5es importantes por discuss\u00e3o, vota\u00e7\u00e3o e, sempre que poss\u00edvel, unanimidade substancial; que suas a\u00e7\u00f5es nunca sejam pessoalmente punitivas nem um incitamento \u00e0 controv\u00e9rsia p\u00fablica; que nunca realize atos de governo; que, como a Sociedade que serve, permane\u00e7a sempre democr\u00e1tica em pensamento e a\u00e7\u00e3o.&nbsp;<\/li>\n<\/ol>\n\n\n\n<p>Copyright \u00a9 1962 Alcoholics Anonymous World Services, Inc. Todos os direitos reservados<\/p>\n<!-- PMB print buttons is only displayed on a single post\/page URLs-->","protected":false},"excerpt":{"rendered":"<p>Esta p\u00e1gina cont\u00e9m os Doze Conceitos de Alco\u00f3licos An\u00f4nimos, que descrevem os princ\u00edpios operacionais orientadores e as estruturas de servi\u00e7o de AA. No futuro, a ITAA espera modificar os Doze Conceitos para refletir os nossos pr\u00f3prios princ\u00edpios operacionais orientadores e estruturas de servi\u00e7o, enquanto se aguarda a aprova\u00e7\u00e3o da Irmandade. Nesse \u00ednterim, os Doze Conceitos de AA podem servir como um ponto de refer\u00eancia \u00fatil. \u2026 <a href=\"https:\/\/internetaddictsanonymous.org\/pt\/the-twelve-concepts\/\" class=\"more-link\">Continue lendo <span class=\"screen-reader-text\">Os Doze Conceitos<\/span><\/a><\/p>","protected":false},"author":35194237,"featured_media":0,"parent":0,"menu_order":0,"comment_status":"closed","ping_status":"closed","template":"full-width-page.php","meta":{"inline_featured_image":false,"_lmt_disableupdate":"","_lmt_disable":"","footnotes":""},"tags":[],"class_list":["post-14520","page","type-page","status-publish","hentry"],"yoast_head":"<!-- This site is optimized with the Yoast SEO plugin v27.4 - https:\/\/yoast.com\/product\/yoast-seo-wordpress\/ -->\n<title>The Twelve Concepts &#8211; Internet and Technology Addicts Anonymous<\/title>\n<meta name=\"robots\" content=\"index, follow, max-snippet:-1, max-image-preview:large, max-video-preview:-1\" \/>\n<link rel=\"canonical\" href=\"https:\/\/internetaddictsanonymous.org\/pt\/os-doze-conceitos\/\" \/>\n<meta property=\"og:locale\" content=\"pt_BR\" \/>\n<meta property=\"og:type\" content=\"article\" \/>\n<meta property=\"og:title\" content=\"The Twelve Concepts &#8211; Internet and Technology Addicts Anonymous\" \/>\n<meta property=\"og:description\" content=\"This page contains the Twelve Concepts of Alcoholics Anonymous, which describe AA\u2019s guiding operating principles and service structures. In the future, ITAA hopes to modify the Twelve Concepts to reflect our own guiding operating principles and service structures pending Fellowship approval. In the interim, AA\u2019s Twelve Concepts can serve as a useful point of reference. &hellip; Continue lendo The Twelve Concepts\" \/>\n<meta property=\"og:url\" content=\"https:\/\/internetaddictsanonymous.org\/pt\/os-doze-conceitos\/\" \/>\n<meta property=\"og:site_name\" content=\"Internet and Technology Addicts Anonymous\" \/>\n<meta property=\"article:modified_time\" content=\"2023-01-08T22:22:07+00:00\" \/>\n<meta name=\"twitter:card\" content=\"summary_large_image\" \/>\n<meta name=\"twitter:label1\" content=\"Est. tempo de leitura\" \/>\n\t<meta name=\"twitter:data1\" content=\"3 minutos\" \/>\n<script type=\"application\/ld+json\" class=\"yoast-schema-graph\">{\"@context\":\"https:\\\/\\\/schema.org\",\"@graph\":[{\"@type\":\"WebPage\",\"@id\":\"https:\\\/\\\/internetaddictsanonymous.org\\\/the-twelve-concepts\\\/\",\"url\":\"https:\\\/\\\/internetaddictsanonymous.org\\\/the-twelve-concepts\\\/\",\"name\":\"The Twelve Concepts &#8211; Internet and Technology Addicts Anonymous\",\"isPartOf\":{\"@id\":\"https:\\\/\\\/internetaddictsanonymous.org\\\/#website\"},\"datePublished\":\"2022-11-07T21:51:18+00:00\",\"dateModified\":\"2023-01-08T22:22:07+00:00\",\"breadcrumb\":{\"@id\":\"https:\\\/\\\/internetaddictsanonymous.org\\\/the-twelve-concepts\\\/#breadcrumb\"},\"inLanguage\":\"pt-BR\",\"potentialAction\":[{\"@type\":\"ReadAction\",\"target\":[\"https:\\\/\\\/internetaddictsanonymous.org\\\/the-twelve-concepts\\\/\"]}]},{\"@type\":\"BreadcrumbList\",\"@id\":\"https:\\\/\\\/internetaddictsanonymous.org\\\/the-twelve-concepts\\\/#breadcrumb\",\"itemListElement\":[{\"@type\":\"ListItem\",\"position\":1,\"name\":\"Home\",\"item\":\"https:\\\/\\\/internetaddictsanonymous.org\\\/\"},{\"@type\":\"ListItem\",\"position\":2,\"name\":\"The Twelve Concepts\"}]},{\"@type\":\"WebSite\",\"@id\":\"https:\\\/\\\/internetaddictsanonymous.org\\\/#website\",\"url\":\"https:\\\/\\\/internetaddictsanonymous.org\\\/\",\"name\":\"Internet and Technology Addicts Anonymous\",\"description\":\"Worldwide 12-step Fellowship for Internet and Technology Addiction\",\"publisher\":{\"@id\":\"https:\\\/\\\/internetaddictsanonymous.org\\\/#organization\"},\"potentialAction\":[{\"@type\":\"SearchAction\",\"target\":{\"@type\":\"EntryPoint\",\"urlTemplate\":\"https:\\\/\\\/internetaddictsanonymous.org\\\/?s={search_term_string}\"},\"query-input\":{\"@type\":\"PropertyValueSpecification\",\"valueRequired\":true,\"valueName\":\"search_term_string\"}}],\"inLanguage\":\"pt-BR\"},{\"@type\":\"Organization\",\"@id\":\"https:\\\/\\\/internetaddictsanonymous.org\\\/#organization\",\"name\":\"Internet and Technology Addicts Anonymous\",\"url\":\"https:\\\/\\\/internetaddictsanonymous.org\\\/\",\"logo\":{\"@type\":\"ImageObject\",\"inLanguage\":\"pt-BR\",\"@id\":\"https:\\\/\\\/internetaddictsanonymous.org\\\/#\\\/schema\\\/logo\\\/image\\\/\",\"url\":\"https:\\\/\\\/internetaddictsanonymous.org\\\/wp-content\\\/uploads\\\/2023\\\/01\\\/cropped-ITAA-logo-480px.png\",\"contentUrl\":\"https:\\\/\\\/internetaddictsanonymous.org\\\/wp-content\\\/uploads\\\/2023\\\/01\\\/cropped-ITAA-logo-480px.png\",\"width\":480,\"height\":480,\"caption\":\"Internet and Technology Addicts Anonymous\"},\"image\":{\"@id\":\"https:\\\/\\\/internetaddictsanonymous.org\\\/#\\\/schema\\\/logo\\\/image\\\/\"}}]}<\/script>\n<!-- \/ Yoast SEO plugin. -->","yoast_head_json":{"title":"Os Doze Conceitos - Viciados em Internet e Tecnologia An\u00f4nimos","robots":{"index":"index","follow":"follow","max-snippet":"max-snippet:-1","max-image-preview":"max-image-preview:large","max-video-preview":"max-video-preview:-1"},"canonical":"https:\/\/internetaddictsanonymous.org\/pt\/os-doze-conceitos\/","og_locale":"pt_BR","og_type":"article","og_title":"The Twelve Concepts &#8211; Internet and Technology Addicts Anonymous","og_description":"This page contains the Twelve Concepts of Alcoholics Anonymous, which describe AA\u2019s guiding operating principles and service structures. In the future, ITAA hopes to modify the Twelve Concepts to reflect our own guiding operating principles and service structures pending Fellowship approval. In the interim, AA\u2019s Twelve Concepts can serve as a useful point of reference. &hellip; Continue lendo The Twelve Concepts","og_url":"https:\/\/internetaddictsanonymous.org\/pt\/os-doze-conceitos\/","og_site_name":"Internet and Technology Addicts Anonymous","article_modified_time":"2023-01-08T22:22:07+00:00","twitter_card":"summary_large_image","twitter_misc":{"Est. tempo de leitura":"3 minutos"},"schema":{"@context":"https:\/\/schema.org","@graph":[{"@type":"WebPage","@id":"https:\/\/internetaddictsanonymous.org\/the-twelve-concepts\/","url":"https:\/\/internetaddictsanonymous.org\/the-twelve-concepts\/","name":"Os Doze Conceitos - Viciados em Internet e Tecnologia An\u00f4nimos","isPartOf":{"@id":"https:\/\/internetaddictsanonymous.org\/#website"},"datePublished":"2022-11-07T21:51:18+00:00","dateModified":"2023-01-08T22:22:07+00:00","breadcrumb":{"@id":"https:\/\/internetaddictsanonymous.org\/the-twelve-concepts\/#breadcrumb"},"inLanguage":"pt-BR","potentialAction":[{"@type":"ReadAction","target":["https:\/\/internetaddictsanonymous.org\/the-twelve-concepts\/"]}]},{"@type":"BreadcrumbList","@id":"https:\/\/internetaddictsanonymous.org\/the-twelve-concepts\/#breadcrumb","itemListElement":[{"@type":"ListItem","position":1,"name":"Home","item":"https:\/\/internetaddictsanonymous.org\/"},{"@type":"ListItem","position":2,"name":"The Twelve Concepts"}]},{"@type":"WebSite","@id":"https:\/\/internetaddictsanonymous.org\/#website","url":"https:\/\/internetaddictsanonymous.org\/","name":"Dependentes de Internet e Tecnologia An\u00f4nimos","description":"Bolsa mundial de 12 passos para Internet e v\u00edcio em tecnologia","publisher":{"@id":"https:\/\/internetaddictsanonymous.org\/#organization"},"potentialAction":[{"@type":"SearchAction","target":{"@type":"EntryPoint","urlTemplate":"https:\/\/internetaddictsanonymous.org\/?s={search_term_string}"},"query-input":{"@type":"PropertyValueSpecification","valueRequired":true,"valueName":"search_term_string"}}],"inLanguage":"pt-BR"},{"@type":"Organization","@id":"https:\/\/internetaddictsanonymous.org\/#organization","name":"Dependentes de Internet e Tecnologia An\u00f4nimos","url":"https:\/\/internetaddictsanonymous.org\/","logo":{"@type":"ImageObject","inLanguage":"pt-BR","@id":"https:\/\/internetaddictsanonymous.org\/#\/schema\/logo\/image\/","url":"https:\/\/internetaddictsanonymous.org\/wp-content\/uploads\/2023\/01\/cropped-ITAA-logo-480px.png","contentUrl":"https:\/\/internetaddictsanonymous.org\/wp-content\/uploads\/2023\/01\/cropped-ITAA-logo-480px.png","width":480,"height":480,"caption":"Internet and Technology Addicts Anonymous"},"image":{"@id":"https:\/\/internetaddictsanonymous.org\/#\/schema\/logo\/image\/"}}]}},"jetpack_sharing_enabled":true,"jetpack_shortlink":"https:\/\/wp.me\/P9Fwob-3Mc","_links":{"self":[{"href":"https:\/\/internetaddictsanonymous.org\/pt\/wp-json\/wp\/v2\/pages\/14520","targetHints":{"allow":["GET"]}}],"collection":[{"href":"https:\/\/internetaddictsanonymous.org\/pt\/wp-json\/wp\/v2\/pages"}],"about":[{"href":"https:\/\/internetaddictsanonymous.org\/pt\/wp-json\/wp\/v2\/types\/page"}],"author":[{"embeddable":true,"href":"https:\/\/internetaddictsanonymous.org\/pt\/wp-json\/wp\/v2\/users\/35194237"}],"replies":[{"embeddable":true,"href":"https:\/\/internetaddictsanonymous.org\/pt\/wp-json\/wp\/v2\/comments?post=14520"}],"version-history":[{"count":1,"href":"https:\/\/internetaddictsanonymous.org\/pt\/wp-json\/wp\/v2\/pages\/14520\/revisions"}],"predecessor-version":[{"id":14521,"href":"https:\/\/internetaddictsanonymous.org\/pt\/wp-json\/wp\/v2\/pages\/14520\/revisions\/14521"}],"wp:attachment":[{"href":"https:\/\/internetaddictsanonymous.org\/pt\/wp-json\/wp\/v2\/media?parent=14520"}],"wp:term":[{"taxonomy":"post_tag","embeddable":true,"href":"https:\/\/internetaddictsanonymous.org\/pt\/wp-json\/wp\/v2\/tags?post=14520"}],"curies":[{"name":"wp","href":"https:\/\/api.w.org\/{rel}","templated":true}]}}