{"id":14759,"date":"2023-01-09T14:03:10","date_gmt":"2023-01-09T19:03:10","guid":{"rendered":"https:\/\/internetaddictsanonymous.org\/?page_id=14759"},"modified":"2023-11-18T13:51:03","modified_gmt":"2023-11-18T18:51:03","slug":"sobre","status":"publish","type":"page","link":"https:\/\/internetaddictsanonymous.org\/pt\/about\/","title":{"rendered":"Sobre"},"content":{"rendered":"<p>Internet and Technology Addicts Anonymous (Viciados em Internet e Tecnologia An\u00f4nimos) \u00e9 uma irmandade de Doze Passos baseada nos princ\u00edpios pioneiros de Alco\u00f3licos An\u00f4nimos. Nossa associa\u00e7\u00e3o \u00e9 totalmente n\u00e3o-profissional e autossustent\u00e1vel, e o \u00fanico requisito para ser membro da ITAA \u00e9 o desejo de parar de usar a Internet e a tecnologia compulsivamente. Compartilhamos nossa experi\u00eancia, for\u00e7a e esperan\u00e7a uns com os outros por meio de reuni\u00f5es em grupo e relacionamentos individuais, e trabalhamos em um programa de recupera\u00e7\u00e3o baseado nos Doze Passos dos Alco\u00f3licos An\u00f4nimos. N\u00e3o temos opini\u00f5es sobre quest\u00f5es externas e n\u00e3o condenamos nem apoiamos nenhuma tecnologia espec\u00edfica. N\u00e3o somos afiliados a nenhuma agenda pol\u00edtica, movimento religioso ou interesses externos. Nosso \u00fanico objetivo \u00e9 abster-nos do uso compulsivo da Internet e da tecnologia e ajudar outras pessoas a se libertarem desse v\u00edcio.<\/p>\n\n\n\n<p>A ITAA foi formada inicialmente em junho de 2017, depois que os membros originais se encontraram em uma irmandade diferente. Eles reconheceram que tinham um problema grave com o uso compulsivo da Internet e da tecnologia e decidiram se unir para obter ajuda m\u00fatua. Como moravam em diferentes partes do mundo, as primeiras reuni\u00f5es foram realizadas por telefone. Inicialmente, os membros se uniram por meio do boca a boca, at\u00e9 que um novo site permitiu que mais pessoas em busca de ajuda encontrassem a irmandade. Durante o primeiro ano, houve duas reuni\u00f5es telef\u00f4nicas por semana com apenas um punhado de membros participantes, al\u00e9m de uma reuni\u00e3o presencial em Bellevue, Washington. Ao longo de 2019, o n\u00famero de reuni\u00f5es aumentou para sete por semana, incluindo outra reuni\u00e3o presencial em Amsterd\u00e3, e a primeira conven\u00e7\u00e3o internacional foi realizada em Berlim, em novembro. Depois disso, foi iniciada uma reuni\u00e3o presencial em Berlim, seguida logo depois por reuni\u00f5es em Nova York e Moscou. A irmandade come\u00e7ou a crescer rapidamente e, atualmente, h\u00e1 quase 100 reuni\u00f5es semanais on-line e 30 reuni\u00f5es presenciais em todo o mundo. Nossos membros s\u00e3o provenientes de mais de 80 pa\u00edses e temos reuni\u00f5es em ingl\u00eas, espanhol, alem\u00e3o, russo, franc\u00eas, holand\u00eas, portugu\u00eas, hebraico e polon\u00eas.<\/p>\n\n\n\n<p>A ITAA \u00e9 uma organiza\u00e7\u00e3o sem fins lucrativos isenta de impostos federais 501(c)(3) dos EUA, constitu\u00edda no estado do Colorado.<\/p>\n<!-- PMB print buttons is only displayed on a single post\/page URLs-->","protected":false},"excerpt":{"rendered":"<p>Internet and Technology Addicts Anonymous \u00e9 uma irmandade de Doze Passos baseada nos princ\u00edpios pioneiros de Alco\u00f3licos An\u00f4nimos. Nossa irmandade \u00e9 totalmente n\u00e3o profissional e autossustent\u00e1vel, e o \u00fanico requisito para ser membro da ITAA \u00e9 o desejo de parar de usar a Internet e a tecnologia compulsivamente. Compartilhamos nossa experi\u00eancia, for\u00e7a e esperan\u00e7a uns com os outros por meio de reuni\u00f5es de grupo e\u2026 <a href=\"https:\/\/internetaddictsanonymous.org\/pt\/about\/\" class=\"more-link\">Continue lendo <span class=\"screen-reader-text\">Sobre<\/span><\/a><\/p>","protected":false},"author":35194237,"featured_media":0,"parent":0,"menu_order":0,"comment_status":"closed","ping_status":"closed","template":"full-width-page.php","meta":{"inline_featured_image":false,"_lmt_disableupdate":"","_lmt_disable":"","jetpack_post_was_ever_published":false,"footnotes":""},"tags":[],"class_list":["post-14759","page","type-page","status-publish","hentry"],"yoast_head":"<!-- This site is optimized with the Yoast SEO plugin v27.3 - https:\/\/yoast.com\/product\/yoast-seo-wordpress\/ -->\n<title>About &#8211; Internet and Technology Addicts Anonymous<\/title>\n<meta name=\"robots\" content=\"index, follow, max-snippet:-1, max-image-preview:large, max-video-preview:-1\" \/>\n<link rel=\"canonical\" href=\"https:\/\/internetaddictsanonymous.org\/pt\/sobre\/\" \/>\n<meta property=\"og:locale\" content=\"pt_BR\" \/>\n<meta property=\"og:type\" content=\"article\" \/>\n<meta property=\"og:title\" content=\"About &#8211; Internet and Technology Addicts Anonymous\" \/>\n<meta property=\"og:description\" content=\"Internet and Technology Addicts Anonymous is a Twelve-Step fellowship based on the principles pioneered by Alcoholics Anonymous. Our fellowship is entirely nonprofessional and self-supporting, and the only requirement for ITAA membership is a desire to stop using internet and technology compulsively. We share our experience, strength, and hope with each other through group meetings and &hellip; Continue lendo About\" \/>\n<meta property=\"og:url\" content=\"https:\/\/internetaddictsanonymous.org\/pt\/sobre\/\" \/>\n<meta property=\"og:site_name\" content=\"Internet and Technology Addicts Anonymous\" \/>\n<meta property=\"article:modified_time\" content=\"2023-11-18T18:51:03+00:00\" \/>\n<meta name=\"twitter:card\" content=\"summary_large_image\" \/>\n<meta name=\"twitter:label1\" content=\"Est. tempo de leitura\" \/>\n\t<meta name=\"twitter:data1\" content=\"2 minutos\" \/>\n<script type=\"application\/ld+json\" class=\"yoast-schema-graph\">{\"@context\":\"https:\\\/\\\/schema.org\",\"@graph\":[{\"@type\":\"WebPage\",\"@id\":\"https:\\\/\\\/internetaddictsanonymous.org\\\/about\\\/\",\"url\":\"https:\\\/\\\/internetaddictsanonymous.org\\\/about\\\/\",\"name\":\"About &#8211; Internet and Technology Addicts Anonymous\",\"isPartOf\":{\"@id\":\"https:\\\/\\\/internetaddictsanonymous.org\\\/#website\"},\"datePublished\":\"2023-01-09T19:03:10+00:00\",\"dateModified\":\"2023-11-18T18:51:03+00:00\",\"breadcrumb\":{\"@id\":\"https:\\\/\\\/internetaddictsanonymous.org\\\/about\\\/#breadcrumb\"},\"inLanguage\":\"pt-BR\",\"potentialAction\":[{\"@type\":\"ReadAction\",\"target\":[\"https:\\\/\\\/internetaddictsanonymous.org\\\/about\\\/\"]}]},{\"@type\":\"BreadcrumbList\",\"@id\":\"https:\\\/\\\/internetaddictsanonymous.org\\\/about\\\/#breadcrumb\",\"itemListElement\":[{\"@type\":\"ListItem\",\"position\":1,\"name\":\"Home\",\"item\":\"https:\\\/\\\/internetaddictsanonymous.org\\\/\"},{\"@type\":\"ListItem\",\"position\":2,\"name\":\"About\"}]},{\"@type\":\"WebSite\",\"@id\":\"https:\\\/\\\/internetaddictsanonymous.org\\\/#website\",\"url\":\"https:\\\/\\\/internetaddictsanonymous.org\\\/\",\"name\":\"Internet and Technology Addicts Anonymous\",\"description\":\"Worldwide 12-step Fellowship for Internet and Technology Addiction\",\"publisher\":{\"@id\":\"https:\\\/\\\/internetaddictsanonymous.org\\\/#organization\"},\"potentialAction\":[{\"@type\":\"SearchAction\",\"target\":{\"@type\":\"EntryPoint\",\"urlTemplate\":\"https:\\\/\\\/internetaddictsanonymous.org\\\/?s={search_term_string}\"},\"query-input\":{\"@type\":\"PropertyValueSpecification\",\"valueRequired\":true,\"valueName\":\"search_term_string\"}}],\"inLanguage\":\"pt-BR\"},{\"@type\":\"Organization\",\"@id\":\"https:\\\/\\\/internetaddictsanonymous.org\\\/#organization\",\"name\":\"Internet and Technology Addicts Anonymous\",\"url\":\"https:\\\/\\\/internetaddictsanonymous.org\\\/\",\"logo\":{\"@type\":\"ImageObject\",\"inLanguage\":\"pt-BR\",\"@id\":\"https:\\\/\\\/internetaddictsanonymous.org\\\/#\\\/schema\\\/logo\\\/image\\\/\",\"url\":\"https:\\\/\\\/internetaddictsanonymous.org\\\/wp-content\\\/uploads\\\/2023\\\/01\\\/cropped-ITAA-logo-480px.png\",\"contentUrl\":\"https:\\\/\\\/internetaddictsanonymous.org\\\/wp-content\\\/uploads\\\/2023\\\/01\\\/cropped-ITAA-logo-480px.png\",\"width\":480,\"height\":480,\"caption\":\"Internet and Technology Addicts Anonymous\"},\"image\":{\"@id\":\"https:\\\/\\\/internetaddictsanonymous.org\\\/#\\\/schema\\\/logo\\\/image\\\/\"}}]}<\/script>\n<!-- \/ Yoast SEO plugin. -->","yoast_head_json":{"title":"Sobre - Viciados em Internet e Tecnologia An\u00f4nimos","robots":{"index":"index","follow":"follow","max-snippet":"max-snippet:-1","max-image-preview":"max-image-preview:large","max-video-preview":"max-video-preview:-1"},"canonical":"https:\/\/internetaddictsanonymous.org\/pt\/sobre\/","og_locale":"pt_BR","og_type":"article","og_title":"About &#8211; Internet and Technology Addicts Anonymous","og_description":"Internet and Technology Addicts Anonymous is a Twelve-Step fellowship based on the principles pioneered by Alcoholics Anonymous. Our fellowship is entirely nonprofessional and self-supporting, and the only requirement for ITAA membership is a desire to stop using internet and technology compulsively. We share our experience, strength, and hope with each other through group meetings and &hellip; Continue lendo About","og_url":"https:\/\/internetaddictsanonymous.org\/pt\/sobre\/","og_site_name":"Internet and Technology Addicts Anonymous","article_modified_time":"2023-11-18T18:51:03+00:00","twitter_card":"summary_large_image","twitter_misc":{"Est. tempo de leitura":"2 minutos"},"schema":{"@context":"https:\/\/schema.org","@graph":[{"@type":"WebPage","@id":"https:\/\/internetaddictsanonymous.org\/about\/","url":"https:\/\/internetaddictsanonymous.org\/about\/","name":"Sobre - Viciados em Internet e Tecnologia An\u00f4nimos","isPartOf":{"@id":"https:\/\/internetaddictsanonymous.org\/#website"},"datePublished":"2023-01-09T19:03:10+00:00","dateModified":"2023-11-18T18:51:03+00:00","breadcrumb":{"@id":"https:\/\/internetaddictsanonymous.org\/about\/#breadcrumb"},"inLanguage":"pt-BR","potentialAction":[{"@type":"ReadAction","target":["https:\/\/internetaddictsanonymous.org\/about\/"]}]},{"@type":"BreadcrumbList","@id":"https:\/\/internetaddictsanonymous.org\/about\/#breadcrumb","itemListElement":[{"@type":"ListItem","position":1,"name":"Home","item":"https:\/\/internetaddictsanonymous.org\/"},{"@type":"ListItem","position":2,"name":"About"}]},{"@type":"WebSite","@id":"https:\/\/internetaddictsanonymous.org\/#website","url":"https:\/\/internetaddictsanonymous.org\/","name":"Dependentes de Internet e Tecnologia An\u00f4nimos","description":"Bolsa mundial de 12 passos para Internet e v\u00edcio em tecnologia","publisher":{"@id":"https:\/\/internetaddictsanonymous.org\/#organization"},"potentialAction":[{"@type":"SearchAction","target":{"@type":"EntryPoint","urlTemplate":"https:\/\/internetaddictsanonymous.org\/?s={search_term_string}"},"query-input":{"@type":"PropertyValueSpecification","valueRequired":true,"valueName":"search_term_string"}}],"inLanguage":"pt-BR"},{"@type":"Organization","@id":"https:\/\/internetaddictsanonymous.org\/#organization","name":"Dependentes de Internet e Tecnologia An\u00f4nimos","url":"https:\/\/internetaddictsanonymous.org\/","logo":{"@type":"ImageObject","inLanguage":"pt-BR","@id":"https:\/\/internetaddictsanonymous.org\/#\/schema\/logo\/image\/","url":"https:\/\/internetaddictsanonymous.org\/wp-content\/uploads\/2023\/01\/cropped-ITAA-logo-480px.png","contentUrl":"https:\/\/internetaddictsanonymous.org\/wp-content\/uploads\/2023\/01\/cropped-ITAA-logo-480px.png","width":480,"height":480,"caption":"Internet and Technology Addicts Anonymous"},"image":{"@id":"https:\/\/internetaddictsanonymous.org\/#\/schema\/logo\/image\/"}}]}},"jetpack_sharing_enabled":true,"jetpack_shortlink":"https:\/\/wp.me\/P9Fwob-3Q3","_links":{"self":[{"href":"https:\/\/internetaddictsanonymous.org\/pt\/wp-json\/wp\/v2\/pages\/14759","targetHints":{"allow":["GET"]}}],"collection":[{"href":"https:\/\/internetaddictsanonymous.org\/pt\/wp-json\/wp\/v2\/pages"}],"about":[{"href":"https:\/\/internetaddictsanonymous.org\/pt\/wp-json\/wp\/v2\/types\/page"}],"author":[{"embeddable":true,"href":"https:\/\/internetaddictsanonymous.org\/pt\/wp-json\/wp\/v2\/users\/35194237"}],"replies":[{"embeddable":true,"href":"https:\/\/internetaddictsanonymous.org\/pt\/wp-json\/wp\/v2\/comments?post=14759"}],"version-history":[{"count":6,"href":"https:\/\/internetaddictsanonymous.org\/pt\/wp-json\/wp\/v2\/pages\/14759\/revisions"}],"predecessor-version":[{"id":17173,"href":"https:\/\/internetaddictsanonymous.org\/pt\/wp-json\/wp\/v2\/pages\/14759\/revisions\/17173"}],"wp:attachment":[{"href":"https:\/\/internetaddictsanonymous.org\/pt\/wp-json\/wp\/v2\/media?parent=14759"}],"wp:term":[{"taxonomy":"post_tag","embeddable":true,"href":"https:\/\/internetaddictsanonymous.org\/pt\/wp-json\/wp\/v2\/tags?post=14759"}],"curies":[{"name":"wp","href":"https:\/\/api.w.org\/{rel}","templated":true}]}}