{"id":148,"date":"2018-12-31T19:54:10","date_gmt":"2018-12-31T19:54:10","guid":{"rendered":"https:\/\/internetaddictsanonymous.org\/?page_id=148"},"modified":"2026-04-03T12:44:36","modified_gmt":"2026-04-03T19:44:36","slug":"reunioes-de-adiccao-internet-local","status":"publish","type":"page","link":"https:\/\/internetaddictsanonymous.org\/pt\/in-person-meetings\/","title":{"rendered":"Reuni\u00f5es Presenciais"},"content":{"rendered":"<p>Bem-vindo! <strong>Abaixo est\u00e1 uma lista dos atuais e <span style=\"color: orange;\">potencial<\/span> Reuni\u00f5es presenciais da ITAA.<\/strong> Se voc\u00ea \u00e9 novo por aqui, recomendamos que participe de seis reuni\u00f5es em um curto per\u00edodo para verificar se o nosso programa pode ser \u00fatil para voc\u00ea.<\/p>\n\n\n<iframe src=\"https:\/\/www.google.com\/maps\/d\/u\/2\/embed?mid=1jNKsT5CquIfOcUgBv1OV0Suuf7qPFzMN\" width=\"880\" height=\"500\"><\/iframe>\n\n\n\n<p><em>Para ver este mapa em tela cheia, clique <a href=\"https:\/\/www.google.com\/maps\/d\/u\/3\/edit?mid=1jNKsT5CquIfOcUgBv1OV0Suuf7qPFzMN&amp;usp=sharing\" target=\"_blank\" rel=\"noreferrer noopener\">aqui<\/a>.<\/em><\/p>\n\n\n\n<p>Cada local onde atualmente n\u00e3o h\u00e1 reuni\u00f5es presenciais em andamento, mas onde um ou mais membros manifestaram interesse em iniciar uma, \u00e9 indicado por <span style=\"color:orange;\">essa cor laranja<\/span>. Se voc\u00ea deseja agendar uma reuni\u00e3o em uma dessas \u00e1reas, entre em contato com a pessoa indicada na respectiva p\u00e1gina.<\/p>\n\n\n\n<p><em>Se n\u00e3o encontrar uma reuni\u00e3o em sua cidade, clique em <a href=\"#no-meetings\">aqui<\/a>.<\/em><\/p>\n\n\n\n<p class=\"has-text-align-center\">-~-<\/p>\n\n\n\n<h3 class=\"wp-block-heading\" id=\"united-states\">Estados Unidos (EUA)<\/h3>\n\n\n\n<div class=\"wp-block-group is-layout-grid wp-container-core-group-is-layout-6be84c55 wp-block-group-is-layout-grid\">\n<p><strong><a href=\"https:\/\/internetaddictsanonymous.org\/pt\/reunioes-de-adiccao-internet-local\/eua-ca\/\">Calif\u00f3rnia (CA)<\/a><\/strong><\/p>\n\n\n\n<p><strong><a href=\"https:\/\/internetaddictsanonymous.org\/pt\/reunioes-de-adiccao-internet-local\/eua-co\/\">Colorado (CO)<\/a><\/strong><\/p>\n\n\n\n<p><strong style=\"font-weight: bold;\"><a style=\"font-weight: bold;\" href=\"https:\/\/internetaddictsanonymous.org\/pt\/reunioes-de-adiccao-internet-local\/us-dc-washington\/\">Washington (DC<\/a>)<\/strong><\/p>\n\n\n\n<p><a href=\"https:\/\/internetaddictsanonymous.org\/pt\/reunioes-de-adiccao-internet-local\/eua-ga\/\"><strong>Ge\u00f3rgia (GA)<\/strong><\/a><\/p>\n\n\n\n<p class=\"wp-container-content-2155ee95\"><a href=\"https:\/\/internetaddictsanonymous.org\/pt\/reunioes-de-adiccao-internet-local\/eua-il\/\"><strong>Illinois (IL)<\/strong><\/a><\/p>\n\n\n\n<p><strong><a href=\"https:\/\/internetaddictsanonymous.org\/pt\/reunioes-de-adiccao-internet-local\/eua-ky\/\">Kentucky (KY)<\/a><\/strong><\/p>\n\n\n\n<p><a href=\"https:\/\/internetaddictsanonymous.org\/pt\/reunioes-de-adiccao-internet-local\/eua-md\/\"><strong>Maryland (MD)<\/strong><\/a><\/p>\n\n\n\n<p><strong><a href=\"https:\/\/internetaddictsanonymous.org\/pt\/reunioes-de-adiccao-internet-local\/eua-ma\/\">Massachusetts (MA)<\/a><\/strong><\/p>\n\n\n\n<p class=\"wp-container-content-2155ee95\"><strong><a href=\"https:\/\/internetaddictsanonymous.org\/pt\/reunioes-de-adiccao-internet-local\/eua\/\">Michigan (MI)<\/a><\/strong><\/p>\n\n\n\n<p><strong><a href=\"https:\/\/internetaddictsanonymous.org\/pt\/reunioes-de-adiccao-internet-local\/eua-mn\/\">Minnesota (MN)<\/a><\/strong><\/p>\n\n\n\n<p><strong><a href=\"https:\/\/internetaddictsanonymous.org\/pt\/reunioes-de-adiccao-internet-local\/eua-nj\/\">Nova Jersey (NJ)<\/a><\/strong><\/p>\n\n\n\n<p><span><a style=\"font-weight: bold;\" href=\"https:\/\/internetaddictsanonymous.org\/pt\/reunioes-de-adiccao-internet-local\/eua-nova-york\/\"><strong>Nova Iorque (NY)<\/strong><\/a><\/span><\/p>\n\n\n\n<p><strong><a href=\"https:\/\/internetaddictsanonymous.org\/pt\/reunioes-de-adiccao-internet-local\/eua-nc-cary\/\">Carolina do Norte (NC)<\/a><\/strong><\/p>\n\n\n\n<p><strong><a href=\"https:\/\/internetaddictsanonymous.org\/pt\/reunioes-de-adiccao-internet-local\/eua-ou\/\">Oregon (OR)<\/a><\/strong><\/p>\n\n\n\n<p><a href=\"https:\/\/internetaddictsanonymous.org\/pt\/reunioes-de-adiccao-internet-local\/nos-pa\/\"><strong>Pensilv\u00e2nia (PA)<\/strong><\/a><\/p>\n\n\n\n<p><a href=\"https:\/\/internetaddictsanonymous.org\/pt\/reunioes-de-adiccao-internet-local\/eua-tx\/\"><strong>Texas (TX)<\/strong><\/a><\/p>\n\n\n\n<p><a href=\"https:\/\/internetaddictsanonymous.org\/pt\/reunioes-de-adiccao-internet-local\/us-va\/\"><strong>Virg\u00ednia (VA)<\/strong><\/a><\/p>\n\n\n\n<p class=\"wp-container-content-2155ee95\"><a href=\"https:\/\/internetaddictsanonymous.org\/pt\/itaa-no-novo-mexico\/\"><strong>Novo M\u00e9xico<\/strong> <strong>(NM)<\/strong><\/a><\/p>\n\n\n\n<p class=\"wp-container-content-2155ee95\"><a href=\"https:\/\/internetaddictsanonymous.org\/pt\/reunioes-de-adiccao-internet-local\/nos-vamos\/\" type=\"link\" id=\"https:\/\/internetaddictsanonymous.org\/in-person-meetings\/us-wa\/\"><strong>Washington, (WA)<\/strong><\/a><\/p>\n\n\n\n<p class=\"has-text-color has-link-color wp-elements-1dff8357ef80e4759c8e5087f05737ec wp-container-content-2155ee95\" style=\"color:#ed960c\"><a href=\"https:\/\/internetaddictsanonymous.org\/pt\/itaa-em-ohio-eua\/\" type=\"link\" id=\"https:\/\/internetaddictsanonymous.org\/in-person-meetings\/us-wa\/\"><strong>Ohio, (OH), (Potencial)<\/strong><\/a><\/p>\n<\/div>\n\n\n\n<p><\/p>\n\n\n\n<h3 class=\"wp-block-heading\" id=\"united-states\">Canad\u00e1<\/h3>\n\n\n\n<div class=\"wp-block-group is-layout-grid wp-container-core-group-is-layout-6be84c55 wp-block-group-is-layout-grid\">\n<p><strong><a href=\"https:\/\/internetaddictsanonymous.org\/pt\/reunioes-de-adiccao-internet-local\/canada-montreal\/\"><span style=\"color:orange;\">Montreal (Potencial)<\/span><\/a><\/strong><\/p>\n\n\n\n<p><strong><a href=\"https:\/\/internetaddictsanonymous.org\/pt\/reunioes-de-adiccao-internet-local\/itaa-em-toronto-canada\/\">Toronto<\/a><\/strong><\/p>\n\n\n\n<p><strong><a href=\"https:\/\/internetaddictsanonymous.org\/pt\/reunioes-de-adiccao-internet-local\/canada-vancouver\/\">Vancouver<\/a><\/strong><\/p>\n<\/div>\n\n\n\n<p><\/p>\n\n\n\n<h3 class=\"wp-block-heading\" id=\"europe\">Europa<\/h3>\n\n\n\n<div class=\"wp-block-group is-layout-grid wp-container-core-group-is-layout-6be84c55 wp-block-group-is-layout-grid\">\n<p class=\"wp-container-content-2155ee95\"><strong><a href=\"https:\/\/internetaddictsanonymous.org\/pt\/reunioes-de-adiccao-internet-local\/belgica\/\">B\u00e9lgica<\/a><\/strong><\/p>\n\n\n\n<p><strong><a href=\"https:\/\/internetaddictsanonymous.org\/pt\/reunioes-de-adiccao-internet-local\/dinamarca\/\">Dinamarca<\/a><\/strong><\/p>\n\n\n\n<p><a href=\"https:\/\/internetaddictsanonymous.org\/pt\/reunioes-de-adiccao-internet-local\/franca\/\"><strong>Fran\u00e7a<\/strong><\/a><\/p>\n\n\n\n<p><a href=\"https:\/\/internetaddictsanonymous.org\/pt\/alemanha\/\"><strong>Alemanha<\/strong><\/a><\/p>\n\n\n\n<p><strong><a href=\"https:\/\/internetaddictsanonymous.org\/pt\/reunioes-de-adiccao-internet-local\/hungary-budapest\/\">Hungria<\/a><\/strong><\/p>\n\n\n\n<p class=\"wp-container-content-2155ee95\"><strong><a href=\"https:\/\/internetaddictsanonymous.org\/pt\/reunioes-de-adiccao-internet-local\/polonia-bialystok\/\">Pol\u00f4nia<\/a><\/strong><\/p>\n\n\n\n<p><strong><a href=\"https:\/\/internetaddictsanonymous.org\/pt\/reunioes-de-adiccao-internet-local\/portugal-lisboa\/\"><span style=\"color:orange;\">Portugal (Potencial)<\/span><\/a><\/strong><\/p>\n\n\n\n<p class=\"wp-container-content-2155ee95\"><strong><a href=\"https:\/\/internetaddictsanonymous.org\/pt\/reunioes-de-adiccao-internet-local\/russia-moscovia\/\">R\u00fassia<\/a><\/strong><\/p>\n\n\n\n<p class=\"wp-container-content-2155ee95\"><strong><a href=\"https:\/\/internetaddictsanonymous.org\/pt\/reunioes-de-adiccao-internet-local\/reino-unido-londres\/\">Reino Unido<\/a><\/strong><\/p>\n\n\n\n<p><strong><a href=\"https:\/\/internetaddictsanonymous.org\/pt\/reunioes-de-adiccao-internet-local\/suecia-uppsala\/\"><span style=\"color:orange;\">Su\u00e9cia (Potencial)<\/span><\/a><\/strong><\/p>\n\n\n\n<p class=\"wp-container-content-2155ee95\"><\/p>\n<\/div>\n\n\n\n<p><\/p>\n\n\n\n<h3 class=\"wp-block-heading\" id=\"united-states\">Am\u00e9rica Latina<\/h3>\n\n\n\n<div class=\"wp-block-group is-layout-grid wp-container-core-group-is-layout-6be84c55 wp-block-group-is-layout-grid\">\n<p><strong><a href=\"https:\/\/internetaddictsanonymous.org\/pt\/reunioes-de-adiccao-internet-local\/argentina-rosario\/\"><span style=\"color:orange;\">Argentina (Potencial)<\/span><\/a><\/strong><\/p>\n\n\n\n<p><strong><a href=\"https:\/\/internetaddictsanonymous.org\/pt\/reunioes-de-adiccao-internet-local\/brasil-saopaulo\/\"><span style=\"color:orange;\"><mark style=\"background-color:rgba(0, 0, 0, 0)\" class=\"has-inline-color has-dark-gray-color\">Brasil<\/mark><\/span><\/a><\/strong><\/p>\n<\/div>\n\n\n\n<p><\/p>\n\n\n\n<h3 class=\"wp-block-heading\" id=\"united-states\">\u00c1sia<\/h3>\n\n\n\n<p><strong><a href=\"https:\/\/internetaddictsanonymous.org\/pt\/itaa-em-ubud-bali\/\">Bali<\/a><\/strong><\/p>\n\n\n\n<p><\/p>\n\n\n\n<h3 class=\"wp-block-heading\" id=\"united-states\">Austr\u00e1lia<\/h3>\n\n\n\n<div class=\"wp-block-group is-layout-grid wp-container-core-group-is-layout-6be84c55 wp-block-group-is-layout-grid\">\n<p><a href=\"https:\/\/internetaddictsanonymous.org\/pt\/reunioes-de-adiccao-internet-local\/australia-adelaide\/\"><span style=\"color:orange;\"><strong>Adelaide (Potencial)<\/strong><\/span><\/a><\/p>\n\n\n\n<p><a href=\"https:\/\/internetaddictsanonymous.org\/pt\/reunioes-de-adiccao-internet-local\/australia-bendigo\/\"><span style=\"color:orange;\"><strong>Bendig<a href=\"https:\/\/internetaddictsanonymous.org\/pt\/reunioes-de-adiccao-internet-local\/australia-adelaide\/\"><span style=\"color:orange;\">o <strong>(Potencial)<\/strong><\/span><\/a><\/strong><\/span><\/a><\/p>\n\n\n\n<p><strong><a href=\"https:\/\/internetaddictsanonymous.org\/pt\/reunioes-de-adiccao-internet-local\/australia-byronbay\/\"><span style=\"color:orange;\">Byron Bay <a href=\"https:\/\/internetaddictsanonymous.org\/pt\/reunioes-de-adiccao-internet-local\/australia-adelaide\/\"><span style=\"color:orange;\"><strong>(Potencial)<\/strong><\/span><\/a><\/span><\/a><\/strong><\/p>\n\n\n\n<p class=\"wp-container-content-2155ee95\"><a href=\"https:\/\/internetaddictsanonymous.org\/pt\/reunioes-de-adiccao-internet-local\/australia-geelong\/\"><strong>Geelong<\/strong><\/a><\/p>\n\n\n\n<p><strong><a href=\"https:\/\/internetaddictsanonymous.org\/pt\/reunioes-de-adiccao-internet-local\/australia-melbourne\/\">Melbourne<\/a><\/strong><\/p>\n<\/div>\n\n\n\n<p><\/p>\n\n\n\n<h3 class=\"wp-block-heading\" id=\"united-states\">M\u00e9dio Oriente<\/h3>\n\n\n\n<div class=\"wp-block-group is-layout-grid wp-container-core-group-is-layout-6be84c55 wp-block-group-is-layout-grid\">\n<p><strong><a href=\"https:\/\/internetaddictsanonymous.org\/pt\/reunioes-de-adiccao-internet-local\/israel-jerusalem\/\">Israel<\/a><\/strong><\/p>\n\n\n\n<p class=\"has-text-color has-link-color wp-elements-f2a1f2fa45b7a487f7f78cb708ff8403\" style=\"color:#ffa500\"><strong><a href=\"https:\/\/internetaddictsanonymous.org\/pt\/itaa-em-latakia-siria\/\">S\u00edria <a href=\"https:\/\/internetaddictsanonymous.org\/pt\/reunioes-de-adiccao-internet-local\/australia-adelaide\/\"><span style=\"color:orange;\"><strong>(Potencial)<\/strong><\/span><\/a><\/a><\/strong><\/p>\n<\/div>\n\n\n\n<p class=\"has-text-align-center\"><br>-~-<br><\/p>\n\n\n\n<h3 class=\"wp-block-heading\"><strong>Como funcionam as reuni\u00f5es?<\/strong><\/h3>\n\n\n\n<p id=\"no-meetings\">Se voc\u00ea for participar de uma reuni\u00e3o pela primeira vez, n\u00e3o precisa ficar nervoso. A maioria de nossas reuni\u00f5es \u00e9 muito simples; cada reuni\u00e3o tem um presidente que a conduz, e a maioria das reuni\u00f5es tem uma hora de dura\u00e7\u00e3o. O presidente e outros volunt\u00e1rios leem algumas declara\u00e7\u00f5es de abertura, antes de abrirmos a reuni\u00e3o para os membros compartilharem. N\u00e3o h\u00e1 nenhuma exig\u00eancia para compartilhar e n\u00e3o h\u00e1 problema em apenas ouvir. Voc\u00ea pode compartilhar como est\u00e1 se saindo, ou simplesmente se apresentar e o que o trouxe \u00e0 ITAA. A menos que solicitado pelo membro que est\u00e1 compartilhando, n\u00e3o oferecemos sugest\u00f5es ou coment\u00e1rios em resposta aos compartilhamentos dos outros; simplesmente ouvimos sem julgar. Ao final de uma hora, a reuni\u00e3o ser\u00e1 encerrada com algumas declara\u00e7\u00f5es finais, ap\u00f3s as quais os membros geralmente ficam por perto para conversar casualmente, fazer perguntas e trocar detalhes de contato.<\/p>\n\n\n\n<h3 class=\"wp-block-heading\"><strong>E se n\u00e3o houver reuni\u00f5es em minha cidade?<\/strong><\/h3>\n\n\n\n<ul class=\"wp-block-list\">\n<li>Enquanto voc\u00ea espera por uma reuni\u00e3o local, <strong>incentivamos voc\u00ea a tentar participar de alguns de nossos <a href=\"https:\/\/internetaddictsanonymous.org\/pt\/reunioes-on-line\/\">reuni\u00f5es on-line<\/a><\/strong>. Eles s\u00e3o um recurso incr\u00edvel que pode ajud\u00e1-lo a gastar <em>menos<\/em> tempo na tela.<\/li>\n\n\n\n<li>Voc\u00ea mesmo pode iniciar uma nova reuni\u00e3o e enviar um <a href=\"https:\/\/internetaddictsanonymous.org\/pt\/contato\/\">mensagem de contato<\/a> aos webmasters para que eles possam public\u00e1-lo nesta p\u00e1gina. Para obter mais informa\u00e7\u00f5es, recomendamos que voc\u00ea leia nosso <a href=\"https:\/\/internetaddictsanonymous.org\/pt\/leading-and-strengthening-meetings\/\">sugest\u00f5es para iniciar uma nova reuni\u00e3o<\/a>.<\/li>\n\n\n\n<li>Voc\u00ea tamb\u00e9m pode <a href=\"https:\/\/internetaddictsanonymous.org\/pt\/contato\/\">Entre em contato com os webmasters<\/a> e pe\u00e7a que listem sua cidade com suas informa\u00e7\u00f5es de contato e uma breve nota explicando que voc\u00ea espera iniciar uma nova reuni\u00e3o em breve. Isso permitir\u00e1 que outros membros locais interessados entrem em contato com voc\u00ea. <\/li>\n\n\n\n<li>Se voc\u00ea quiser ser notificado sobre o in\u00edcio de uma nova reuni\u00e3o da ITAA em sua regi\u00e3o, preencha este formul\u00e1rio&nbsp;<a href=\"https:\/\/forms.gle\/YXq4MFhxixg66kiF6\">formul\u00e1rio<\/a> para que possamos mant\u00ea-lo atualizado.<\/li>\n<\/ul>\n<!-- PMB print buttons is only displayed on a single post\/page URLs-->","protected":false},"excerpt":{"rendered":"<p>Bem-vindo(a)! Abaixo est\u00e1 uma lista de reuni\u00f5es presenciais da ITAA, tanto atuais quanto potenciais. Se voc\u00ea \u00e9 novo(a) por aqui, recomendamos que participe de seis reuni\u00f5es em um curto per\u00edodo para verificar se nosso programa pode ser \u00fatil para voc\u00ea. Para visualizar este mapa em tela cheia, clique aqui. Cada local onde h\u00e1 reuni\u00f5es presenciais atualmente\u2026 <a href=\"https:\/\/internetaddictsanonymous.org\/pt\/in-person-meetings\/\" class=\"more-link\">Continue lendo <span class=\"screen-reader-text\">Reuni\u00f5es Presenciais<\/span><\/a><\/p>","protected":false},"author":35194237,"featured_media":0,"parent":0,"menu_order":0,"comment_status":"closed","ping_status":"closed","template":"full-width-page.php","meta":{"inline_featured_image":false,"_lmt_disableupdate":"no","_lmt_disable":"","jetpack_post_was_ever_published":false,"footnotes":""},"tags":[655524897,655524899,307668,655524904,655524894,655524896,655524898,655524895,655524900,534293,1410996],"class_list":["post-148","page","type-page","status-publish","hentry","tag-dallas","tag-denver","tag-internet-addiction","tag-internet-addicts-anonymous","tag-internet-smartphone-and-gaming-addicts-anonymous","tag-pasadena","tag-plano","tag-san-jose","tag-smartphone-addiction","tag-support-group","tag-technology-addiction"],"yoast_head":"<!-- This site is optimized with the Yoast SEO plugin v27.3 - https:\/\/yoast.com\/product\/yoast-seo-wordpress\/ -->\n<title>In-Person Meetings &#8211; Internet and Technology Addicts Anonymous<\/title>\n<meta name=\"description\" content=\"Information for local meetings in 16 countries around the world, including 17 US states -- and coming soon to a location near you!\" \/>\n<meta name=\"robots\" content=\"index, follow, max-snippet:-1, max-image-preview:large, max-video-preview:-1\" \/>\n<link rel=\"canonical\" href=\"https:\/\/internetaddictsanonymous.org\/pt\/reunioes-de-adiccao-internet-local\/\" \/>\n<meta property=\"og:locale\" content=\"pt_BR\" \/>\n<meta property=\"og:type\" content=\"article\" \/>\n<meta property=\"og:title\" content=\"In-Person Meetings &#8211; Internet and Technology Addicts Anonymous\" \/>\n<meta property=\"og:description\" content=\"Information for local meetings in 16 countries around the world, including 17 US states -- and coming soon to a location near you!\" \/>\n<meta property=\"og:url\" content=\"https:\/\/internetaddictsanonymous.org\/pt\/reunioes-de-adiccao-internet-local\/\" \/>\n<meta property=\"og:site_name\" content=\"Internet and Technology Addicts Anonymous\" \/>\n<meta property=\"article:modified_time\" content=\"2026-04-03T19:44:36+00:00\" \/>\n<meta name=\"twitter:card\" content=\"summary_large_image\" \/>\n<meta name=\"twitter:label1\" content=\"Est. tempo de leitura\" \/>\n\t<meta name=\"twitter:data1\" content=\"3 minutos\" \/>\n<script type=\"application\/ld+json\" class=\"yoast-schema-graph\">{\"@context\":\"https:\\\/\\\/schema.org\",\"@graph\":[{\"@type\":\"WebPage\",\"@id\":\"https:\\\/\\\/internetaddictsanonymous.org\\\/in-person-meetings\\\/\",\"url\":\"https:\\\/\\\/internetaddictsanonymous.org\\\/in-person-meetings\\\/\",\"name\":\"In-Person Meetings &#8211; Internet and Technology Addicts Anonymous\",\"isPartOf\":{\"@id\":\"https:\\\/\\\/internetaddictsanonymous.org\\\/#website\"},\"datePublished\":\"2018-12-31T19:54:10+00:00\",\"dateModified\":\"2026-04-03T19:44:36+00:00\",\"description\":\"Information for local meetings in 16 countries around the world, including 17 US states -- and coming soon to a location near you!\",\"breadcrumb\":{\"@id\":\"https:\\\/\\\/internetaddictsanonymous.org\\\/in-person-meetings\\\/#breadcrumb\"},\"inLanguage\":\"pt-BR\",\"potentialAction\":[{\"@type\":\"ReadAction\",\"target\":[\"https:\\\/\\\/internetaddictsanonymous.org\\\/in-person-meetings\\\/\"]}]},{\"@type\":\"BreadcrumbList\",\"@id\":\"https:\\\/\\\/internetaddictsanonymous.org\\\/in-person-meetings\\\/#breadcrumb\",\"itemListElement\":[{\"@type\":\"ListItem\",\"position\":1,\"name\":\"Home\",\"item\":\"https:\\\/\\\/internetaddictsanonymous.org\\\/\"},{\"@type\":\"ListItem\",\"position\":2,\"name\":\"In-Person Meetings\"}]},{\"@type\":\"WebSite\",\"@id\":\"https:\\\/\\\/internetaddictsanonymous.org\\\/#website\",\"url\":\"https:\\\/\\\/internetaddictsanonymous.org\\\/\",\"name\":\"Internet and Technology Addicts Anonymous\",\"description\":\"Worldwide 12-step Fellowship for Internet and Technology Addiction\",\"publisher\":{\"@id\":\"https:\\\/\\\/internetaddictsanonymous.org\\\/#organization\"},\"potentialAction\":[{\"@type\":\"SearchAction\",\"target\":{\"@type\":\"EntryPoint\",\"urlTemplate\":\"https:\\\/\\\/internetaddictsanonymous.org\\\/?s={search_term_string}\"},\"query-input\":{\"@type\":\"PropertyValueSpecification\",\"valueRequired\":true,\"valueName\":\"search_term_string\"}}],\"inLanguage\":\"pt-BR\"},{\"@type\":\"Organization\",\"@id\":\"https:\\\/\\\/internetaddictsanonymous.org\\\/#organization\",\"name\":\"Internet and Technology Addicts Anonymous\",\"url\":\"https:\\\/\\\/internetaddictsanonymous.org\\\/\",\"logo\":{\"@type\":\"ImageObject\",\"inLanguage\":\"pt-BR\",\"@id\":\"https:\\\/\\\/internetaddictsanonymous.org\\\/#\\\/schema\\\/logo\\\/image\\\/\",\"url\":\"https:\\\/\\\/internetaddictsanonymous.org\\\/wp-content\\\/uploads\\\/2023\\\/01\\\/cropped-ITAA-logo-480px.png\",\"contentUrl\":\"https:\\\/\\\/internetaddictsanonymous.org\\\/wp-content\\\/uploads\\\/2023\\\/01\\\/cropped-ITAA-logo-480px.png\",\"width\":480,\"height\":480,\"caption\":\"Internet and Technology Addicts Anonymous\"},\"image\":{\"@id\":\"https:\\\/\\\/internetaddictsanonymous.org\\\/#\\\/schema\\\/logo\\\/image\\\/\"}}]}<\/script>\n<!-- \/ Yoast SEO plugin. -->","yoast_head_json":{"title":"Reuni\u00f5es presenciais - Viciados em Internet e Tecnologia An\u00f4nimos","description":"Informa\u00e7\u00f5es sobre reuni\u00f5es locais em 16 pa\u00edses ao redor do mundo, incluindo 17 estados dos EUA -- e em breve em um local perto de voc\u00ea!","robots":{"index":"index","follow":"follow","max-snippet":"max-snippet:-1","max-image-preview":"max-image-preview:large","max-video-preview":"max-video-preview:-1"},"canonical":"https:\/\/internetaddictsanonymous.org\/pt\/reunioes-de-adiccao-internet-local\/","og_locale":"pt_BR","og_type":"article","og_title":"In-Person Meetings &#8211; Internet and Technology Addicts Anonymous","og_description":"Information for local meetings in 16 countries around the world, including 17 US states -- and coming soon to a location near you!","og_url":"https:\/\/internetaddictsanonymous.org\/pt\/reunioes-de-adiccao-internet-local\/","og_site_name":"Internet and Technology Addicts Anonymous","article_modified_time":"2026-04-03T19:44:36+00:00","twitter_card":"summary_large_image","twitter_misc":{"Est. tempo de leitura":"3 minutos"},"schema":{"@context":"https:\/\/schema.org","@graph":[{"@type":"WebPage","@id":"https:\/\/internetaddictsanonymous.org\/in-person-meetings\/","url":"https:\/\/internetaddictsanonymous.org\/in-person-meetings\/","name":"Reuni\u00f5es presenciais - Viciados em Internet e Tecnologia An\u00f4nimos","isPartOf":{"@id":"https:\/\/internetaddictsanonymous.org\/#website"},"datePublished":"2018-12-31T19:54:10+00:00","dateModified":"2026-04-03T19:44:36+00:00","description":"Informa\u00e7\u00f5es sobre reuni\u00f5es locais em 16 pa\u00edses ao redor do mundo, incluindo 17 estados dos EUA -- e em breve em um local perto de voc\u00ea!","breadcrumb":{"@id":"https:\/\/internetaddictsanonymous.org\/in-person-meetings\/#breadcrumb"},"inLanguage":"pt-BR","potentialAction":[{"@type":"ReadAction","target":["https:\/\/internetaddictsanonymous.org\/in-person-meetings\/"]}]},{"@type":"BreadcrumbList","@id":"https:\/\/internetaddictsanonymous.org\/in-person-meetings\/#breadcrumb","itemListElement":[{"@type":"ListItem","position":1,"name":"Home","item":"https:\/\/internetaddictsanonymous.org\/"},{"@type":"ListItem","position":2,"name":"In-Person Meetings"}]},{"@type":"WebSite","@id":"https:\/\/internetaddictsanonymous.org\/#website","url":"https:\/\/internetaddictsanonymous.org\/","name":"Dependentes de Internet e Tecnologia An\u00f4nimos","description":"Bolsa mundial de 12 passos para Internet e v\u00edcio em tecnologia","publisher":{"@id":"https:\/\/internetaddictsanonymous.org\/#organization"},"potentialAction":[{"@type":"SearchAction","target":{"@type":"EntryPoint","urlTemplate":"https:\/\/internetaddictsanonymous.org\/?s={search_term_string}"},"query-input":{"@type":"PropertyValueSpecification","valueRequired":true,"valueName":"search_term_string"}}],"inLanguage":"pt-BR"},{"@type":"Organization","@id":"https:\/\/internetaddictsanonymous.org\/#organization","name":"Dependentes de Internet e Tecnologia An\u00f4nimos","url":"https:\/\/internetaddictsanonymous.org\/","logo":{"@type":"ImageObject","inLanguage":"pt-BR","@id":"https:\/\/internetaddictsanonymous.org\/#\/schema\/logo\/image\/","url":"https:\/\/internetaddictsanonymous.org\/wp-content\/uploads\/2023\/01\/cropped-ITAA-logo-480px.png","contentUrl":"https:\/\/internetaddictsanonymous.org\/wp-content\/uploads\/2023\/01\/cropped-ITAA-logo-480px.png","width":480,"height":480,"caption":"Internet and Technology Addicts Anonymous"},"image":{"@id":"https:\/\/internetaddictsanonymous.org\/#\/schema\/logo\/image\/"}}]}},"jetpack_sharing_enabled":true,"jetpack_shortlink":"https:\/\/wp.me\/P9Fwob-2o","_links":{"self":[{"href":"https:\/\/internetaddictsanonymous.org\/pt\/wp-json\/wp\/v2\/pages\/148","targetHints":{"allow":["GET"]}}],"collection":[{"href":"https:\/\/internetaddictsanonymous.org\/pt\/wp-json\/wp\/v2\/pages"}],"about":[{"href":"https:\/\/internetaddictsanonymous.org\/pt\/wp-json\/wp\/v2\/types\/page"}],"author":[{"embeddable":true,"href":"https:\/\/internetaddictsanonymous.org\/pt\/wp-json\/wp\/v2\/users\/35194237"}],"replies":[{"embeddable":true,"href":"https:\/\/internetaddictsanonymous.org\/pt\/wp-json\/wp\/v2\/comments?post=148"}],"version-history":[{"count":100,"href":"https:\/\/internetaddictsanonymous.org\/pt\/wp-json\/wp\/v2\/pages\/148\/revisions"}],"predecessor-version":[{"id":21183,"href":"https:\/\/internetaddictsanonymous.org\/pt\/wp-json\/wp\/v2\/pages\/148\/revisions\/21183"}],"wp:attachment":[{"href":"https:\/\/internetaddictsanonymous.org\/pt\/wp-json\/wp\/v2\/media?parent=148"}],"wp:term":[{"taxonomy":"post_tag","embeddable":true,"href":"https:\/\/internetaddictsanonymous.org\/pt\/wp-json\/wp\/v2\/tags?post=148"}],"curies":[{"name":"wp","href":"https:\/\/api.w.org\/{rel}","templated":true}]}}