{"id":15513,"date":"2023-03-05T20:45:50","date_gmt":"2023-03-06T01:45:50","guid":{"rendered":"https:\/\/internetaddictsanonymous.org\/?page_id=15513"},"modified":"2025-01-09T18:21:20","modified_gmt":"2025-01-10T02:21:20","slug":"reuniones-en-espanol","status":"publish","type":"page","link":"https:\/\/internetaddictsanonymous.org\/pt\/espanol\/","title":{"rendered":"ITAA en Espa\u00f1ol"},"content":{"rendered":"<p>Bienvenido a Adictos a Internet y la Tecnolog\u00eda An\u00f3nimos. Nos alegramos de que nos hayas encontrados e esperamos que a nossa comunidade possa ser \u00fatil como o que foi para nosotros. <strong><mark style=\"background-color:rgba(0, 0, 0, 0);color:#000000\" class=\"has-inline-color\">ITAA \u00e9 uma comunidade de Doce Pasos formada por pessoas que se apoyan mutuamente para recuperar a adicci\u00f3n a Internet e a tecnolog\u00eda.<\/mark><\/strong><\/p>\n\n\n\n<p>Abajo se encuentra nuestro calendario de reuniones en l\u00ednea.<strong><mark style=\"background-color:rgba(0, 0, 0, 0);color:#080808\" class=\"has-inline-color\"> El horario de las reuniones se muestra en su zona horaria local.<\/mark>&nbsp;<\/strong>Voc\u00ea pode encontrar os detalhes de cada reuni\u00e3o, incluindo o link e os n\u00fameros locais para entrar por telefone, clicando no evento da reuni\u00e3o no calend\u00e1rio. Por raz\u00f5es de seguran\u00e7a, \u00e9 necess\u00e1rio iniciar a sess\u00e3o em uma conta do Zoom para se juntar \u00e0 reuni\u00e3o.&nbsp;<a href=\"https:\/\/zoom.us\/signup\" target=\"_blank\" rel=\"noreferrer noopener\">Crie uma conta de Zoom<\/a>&nbsp;\u00e9 gr\u00e1tis. Se voc\u00ea tiver alguma d\u00favida, n\u00f3s podemos escrever <a href=\"mailto:espanol.12pasos.itaa@gmail.com\" target=\"_blank\" rel=\"noreferrer noopener\">espanol.12pasos.itaa@gmail.com<\/a> o unir-te a nosso <a href=\"https:\/\/tinyurl.com\/grupoITAAespanol\">grupo de whatsapp<\/a>.<\/p>\n\n\n\n<p>Al\u00e9m disso, est\u00e1 sendo realizada uma reuni\u00e3o presencial em <a href=\"https:\/\/internetaddictsanonymous.org\/pt\/reunioes-de-adiccao-internet-local\/argentina-rosario\/\">Rosario, Argentina<\/a>.<\/p>\n\n\n\n<p>E voc\u00ea est\u00e1 iniciando uma reuni\u00e3o presencial do ITAA em Madrid. Se voc\u00ea estiver interessado, entre em nosso grupo de WhatsApp para obter mais informa\u00e7\u00f5es. <a href=\"https:\/\/tinyurl.com\/ITAA-Madrid\" rel=\"nofollow\">https:\/\/tinyurl.com\/ITAA-Madrid<\/a><\/p>\n\n\n\n<p><strong><mark style=\"background-color:rgba(0, 0, 0, 0);color:#000000\" class=\"has-inline-color\">Si eres nuevo, te animamos a que pruebes a asistir a seis reuniones en poco tiempo para ver si nuestro programa puede serte \u00fatil.<\/mark><\/strong> Al\u00e9m de nossas reuni\u00f5es em espanhol, voc\u00ea tamb\u00e9m pode revisar nosso <a href=\"https:\/\/internetaddictsanonymous.org\/pt\/reunioes-on-line\/\">calendario completo de reuniones internacionales<\/a>. <strong>Em todas essas reuni\u00f5es, voc\u00ea pode ativar as legendas traduzidas no seu idioma, entrando na reuni\u00e3o, clicando no bot\u00e3o \u201cLegendas\u201d na parte inferior da tela e habilitando a tradu\u00e7\u00e3o.<\/strong> Tamb\u00e9m damos a bem-vinda a qualquer pessoa que esteja aprendendo espanhol em nossa reuni\u00e3o. Todas as reuni\u00f5es s\u00e3o totalmente gratuitas e an\u00f4nimas.<\/p>\n\n\n<p><iframe style=\"height: 500px; width: 100%;\" src=\"https:\/\/teamup.com\/ksvq9b1hu5ex2i463h?view=mw&amp;lang=es&amp;showHeader=0&amp;showLogo=0&amp;showTitle=0&amp;disableSidepanel=1&amp;showViewSelector=1\" width=\"100%\" height=\"500\" frameborder=\"0\"><\/iframe><\/p>\n\n\n<h3 class=\"wp-block-heading\"><strong>C\u00f3mo funcionan las reuniones?<\/strong><\/h3>\n\n\n\n<p>Se \u00e9 a primeira vez que se est\u00e1 asistiendo a uma reuni\u00e3o, n\u00e3o h\u00e1 necessidade de se estar nervioso. Nuestras reuniones son muy sencillas; cada reuni\u00f3n tiene un facilitador que lee el gui\u00f3n de la reuni\u00f3n. El facilitador y otros voluntarios leen algunos discursos de apertura, antes de abrir la reuni\u00f3n para que los miembros compartan. No es obligatorio compartir, y no hay problema si prefer\u00eds simplemente escuchar. Puedes compartir c\u00f3mo est\u00e1s, presentarte y qu\u00e9 te trajo a ITAA, o hacer preguntas. A menos que o miembro que est\u00e9 compartiendo lo pida, no ofrecemos sugerencias ni comentarios en respuesta a lo que otros comparten; simplemente escuchamos sin juzgar. Al cabo de una hora, la reuni\u00f3n termina con unas palabras de clausura, tras las cuales los miembros suelen permanecer en la l\u00ednea para charlar informalmente, hacer preguntas e intercambiar datos de contacto.<\/p>\n\n\n\n<h3 class=\"wp-block-heading\">Recursos sobre a adicci\u00f3n a Internet y la tecnolog\u00eda<\/h3>\n\n\n\n<p>Se est\u00e1s preguntando se puedes tener una adicci\u00f3n a Internet y a la tecnolog\u00eda, puedes revisar nuestros cuestionarios de&nbsp;<a href=\"https:\/\/internetaddictsanonymous.org\/es\/adiccion-a-internet\/\">adicci\u00f3n a internet<\/a>,&nbsp;<a href=\"https:\/\/internetaddictsanonymous.org\/es\/adiccion-a-internet\/social-media-addiction\/\">adicci\u00f3n a las redes sociales<\/a>,&nbsp;<a href=\"https:\/\/internetaddictsanonymous.org\/es\/adiccion-a-internet\/adiccion-al-streaming\/\">adicci\u00f3n al streaming<\/a>, o <a href=\"https:\/\/internetaddictsanonymous.org\/es\/adiccion-a-la-tecnologia\/smartphone-adiccion\/\">adicci\u00f3n a los smartphones los<\/a>. Tambi\u00e9n puede obtener m\u00e1s informaci\u00f3n sobre la ITAA leyendo nuestra&nbsp;<a href=\"https:\/\/internetaddictsanonymous.org\/es\/guia-para-recien-llegados\/\">gu\u00eda para los reci\u00e9n llegados<\/a>, revisando nuestras&nbsp;<a href=\"https:\/\/internetaddictsanonymous.org\/es\/recursos\/herramientas-de-recuperacion\/\">herramientas de recuperaci\u00f3n<\/a>, o escuchando&nbsp;<a href=\"https:\/\/internetaddictsanonymous.org\/es\/historias-de-recuperacion-2\/\">Hist\u00f3rias de recupera\u00e7\u00e3o dos miembros<\/a>.<\/p>\n\n\n\n<p>ITAA no est\u00e1 afiliada a ning\u00fan programa pol\u00edtico, religi\u00f3n o inter\u00e9s externo. Somos totalmente autosuficientes e gratuitos para todos os que precisam. Nosso \u00fanico prop\u00f3sito \u00e9 abstenernos do uso compulsivo de internet e da tecnologia e ayudar a otros a encontrar a liberdade desta adicci\u00f3n.<\/p>\n\n\n\n<p>Seja bem-vindo! Esperamos que esta comunidade seja capaz de lhe fornecer o apoio necess\u00e1rio em sua recupera\u00e7\u00e3o da depend\u00eancia da Internet e da tecnologia. N\u00e3o hesite em nos enviar uma mensagem se tiver alguma d\u00favida sobre <a href=\"mailto:espanol.12pasos.itaa@gmail.com\" target=\"_blank\" rel=\"noreferrer noopener\">espanol.12pasos.itaa@gmail.com<\/a>.<\/p>\n\n\n\n<h3 class=\"wp-block-heading\"><strong>Seguridad y accesibilidad<\/strong><\/h3>\n\n\n\n<p>Nuestras reuniones tienenen el uso compartido de pantalla desactivado y el cifrado activado. Os anfitri\u00f5es silenciam e eliminam os participantes perturbadores. Se estiver organizando uma reuni\u00e3o, os sugerimos que a&nbsp;<a href=\"https:\/\/internetaddictsanonymous.org\/es\/directrices-de-seguridad-para-anfitriones-de-reuniones-de-la-aita\/\">gu\u00eda de ITAA sobre c\u00f3mo prevenir e responder a las interrupciones<\/a>.<\/p>\n\n\n\n<h3 class=\"wp-block-heading\"><strong>Recursos de accesibilidad<\/strong><\/h3>\n\n\n\n<p><a href=\"https:\/\/internetaddictsanonymous.org\/es\/accessibility\/\">Acessibilidade para meus membros com discapacidad auditiva e del habla<\/a><\/p>\n\n\n\n<p><a href=\"https:\/\/support.zoom.us\/hc\/en-us\/articles\/201362893-How-much-bandwidth-do-I-need-when-using-3G-or-4G-LTE\">Necesidad de ancho de banda al usar 3G, 4G\/LTE o 5G (support.zoom.us)<\/a><\/p>\n\n\n\n<p><a href=\"https:\/\/support.zoom.us\/hc\/en-us\/articles\/4409500570381-Stopping-all-incoming-video-in-a-meeting-or-webinar\">C\u00f3mo detener todos los v\u00eddeos entrantes (support.zoom.us)<\/a><\/p>\n<!-- PMB print buttons is only displayed on a single post\/page URLs-->","protected":false},"excerpt":{"rendered":"<p>Bem-vindo aos viciados em Internet e na tecnologia an\u00f4nima. Nos alegramos por nos encontrarmos e esperamos que nossa comunidade possa ser t\u00e3o \u00fatil como o que tem sido para n\u00f3s. ITAA \u00e9 uma comunidade de Doces Passos formada por pessoas que se apoiam mutuamente para recuperar o v\u00edcio pela Internet e pela tecnologia. \u2026 <a href=\"https:\/\/internetaddictsanonymous.org\/pt\/espanol\/\" class=\"more-link\">Continue lendo <span class=\"screen-reader-text\">ITAA en Espa\u00f1ol<\/span><\/a><\/p>","protected":false},"author":35194237,"featured_media":0,"parent":0,"menu_order":0,"comment_status":"closed","ping_status":"closed","template":"full-width-page.php","meta":{"inline_featured_image":false,"_lmt_disableupdate":"","_lmt_disable":"","footnotes":""},"tags":[],"class_list":["post-15513","page","type-page","status-publish","hentry"],"yoast_head":"<!-- This site is optimized with the Yoast SEO plugin v27.5 - https:\/\/yoast.com\/product\/yoast-seo-wordpress\/ -->\n<title>ITAA en Espa\u00f1ol &#8211; Internet and Technology Addicts Anonymous<\/title>\n<meta name=\"robots\" content=\"index, follow, max-snippet:-1, max-image-preview:large, max-video-preview:-1\" \/>\n<link rel=\"canonical\" href=\"https:\/\/internetaddictsanonymous.org\/pt\/reuniones-en-espanol\/\" \/>\n<meta property=\"og:locale\" content=\"pt_BR\" \/>\n<meta property=\"og:type\" content=\"article\" \/>\n<meta property=\"og:title\" content=\"ITAA en Espa\u00f1ol &#8211; Internet and Technology Addicts Anonymous\" \/>\n<meta property=\"og:description\" content=\"Bienvenido a Adictos a Internet y la Tecnolog\u00eda An\u00f3nimos. Nos alegramos de que nos hayas encontrado y esperamos que nuestra comunidad pueda serte tan \u00fatil como lo ha sido para nosotros. ITAA es una comunidad de Doce Pasos formada por personas que se apoyan mutuamente para recuperarse de la adicci\u00f3n a Internet y la tecnolog\u00eda. &hellip; Continue lendo ITAA en Espa\u00f1ol\" \/>\n<meta property=\"og:url\" content=\"https:\/\/internetaddictsanonymous.org\/pt\/reuniones-en-espanol\/\" \/>\n<meta property=\"og:site_name\" content=\"Internet and Technology Addicts Anonymous\" \/>\n<meta property=\"article:modified_time\" content=\"2025-01-10T02:21:20+00:00\" \/>\n<meta name=\"twitter:card\" content=\"summary_large_image\" \/>\n<meta name=\"twitter:label1\" content=\"Est. tempo de leitura\" \/>\n\t<meta name=\"twitter:data1\" content=\"3 minutos\" \/>\n<script type=\"application\/ld+json\" class=\"yoast-schema-graph\">{\"@context\":\"https:\\\/\\\/schema.org\",\"@graph\":[{\"@type\":\"WebPage\",\"@id\":\"https:\\\/\\\/internetaddictsanonymous.org\\\/espanol\\\/\",\"url\":\"https:\\\/\\\/internetaddictsanonymous.org\\\/espanol\\\/\",\"name\":\"ITAA en Espa\u00f1ol &#8211; Internet and Technology Addicts Anonymous\",\"isPartOf\":{\"@id\":\"https:\\\/\\\/internetaddictsanonymous.org\\\/#website\"},\"datePublished\":\"2023-03-06T01:45:50+00:00\",\"dateModified\":\"2025-01-10T02:21:20+00:00\",\"breadcrumb\":{\"@id\":\"https:\\\/\\\/internetaddictsanonymous.org\\\/espanol\\\/#breadcrumb\"},\"inLanguage\":\"pt-BR\",\"potentialAction\":[{\"@type\":\"ReadAction\",\"target\":[\"https:\\\/\\\/internetaddictsanonymous.org\\\/espanol\\\/\"]}]},{\"@type\":\"BreadcrumbList\",\"@id\":\"https:\\\/\\\/internetaddictsanonymous.org\\\/espanol\\\/#breadcrumb\",\"itemListElement\":[{\"@type\":\"ListItem\",\"position\":1,\"name\":\"Home\",\"item\":\"https:\\\/\\\/internetaddictsanonymous.org\\\/\"},{\"@type\":\"ListItem\",\"position\":2,\"name\":\"ITAA en Espa\u00f1ol\"}]},{\"@type\":\"WebSite\",\"@id\":\"https:\\\/\\\/internetaddictsanonymous.org\\\/#website\",\"url\":\"https:\\\/\\\/internetaddictsanonymous.org\\\/\",\"name\":\"Internet and Technology Addicts Anonymous\",\"description\":\"Worldwide 12-step Fellowship for Internet and Technology Addiction\",\"publisher\":{\"@id\":\"https:\\\/\\\/internetaddictsanonymous.org\\\/#organization\"},\"potentialAction\":[{\"@type\":\"SearchAction\",\"target\":{\"@type\":\"EntryPoint\",\"urlTemplate\":\"https:\\\/\\\/internetaddictsanonymous.org\\\/?s={search_term_string}\"},\"query-input\":{\"@type\":\"PropertyValueSpecification\",\"valueRequired\":true,\"valueName\":\"search_term_string\"}}],\"inLanguage\":\"pt-BR\"},{\"@type\":\"Organization\",\"@id\":\"https:\\\/\\\/internetaddictsanonymous.org\\\/#organization\",\"name\":\"Internet and Technology Addicts Anonymous\",\"url\":\"https:\\\/\\\/internetaddictsanonymous.org\\\/\",\"logo\":{\"@type\":\"ImageObject\",\"inLanguage\":\"pt-BR\",\"@id\":\"https:\\\/\\\/internetaddictsanonymous.org\\\/#\\\/schema\\\/logo\\\/image\\\/\",\"url\":\"https:\\\/\\\/internetaddictsanonymous.org\\\/wp-content\\\/uploads\\\/2023\\\/01\\\/cropped-ITAA-logo-480px.png\",\"contentUrl\":\"https:\\\/\\\/internetaddictsanonymous.org\\\/wp-content\\\/uploads\\\/2023\\\/01\\\/cropped-ITAA-logo-480px.png\",\"width\":480,\"height\":480,\"caption\":\"Internet and Technology Addicts Anonymous\"},\"image\":{\"@id\":\"https:\\\/\\\/internetaddictsanonymous.org\\\/#\\\/schema\\\/logo\\\/image\\\/\"}}]}<\/script>\n<!-- \/ Yoast SEO plugin. -->","yoast_head_json":{"title":"ITAA en Espa\u00f1ol - Viciados em Internet e Tecnologia An\u00f4nimos","robots":{"index":"index","follow":"follow","max-snippet":"max-snippet:-1","max-image-preview":"max-image-preview:large","max-video-preview":"max-video-preview:-1"},"canonical":"https:\/\/internetaddictsanonymous.org\/pt\/reuniones-en-espanol\/","og_locale":"pt_BR","og_type":"article","og_title":"ITAA en Espa\u00f1ol &#8211; Internet and Technology Addicts Anonymous","og_description":"Bienvenido a Adictos a Internet y la Tecnolog\u00eda An\u00f3nimos. Nos alegramos de que nos hayas encontrado y esperamos que nuestra comunidad pueda serte tan \u00fatil como lo ha sido para nosotros. ITAA es una comunidad de Doce Pasos formada por personas que se apoyan mutuamente para recuperarse de la adicci\u00f3n a Internet y la tecnolog\u00eda. &hellip; Continue lendo ITAA en Espa\u00f1ol","og_url":"https:\/\/internetaddictsanonymous.org\/pt\/reuniones-en-espanol\/","og_site_name":"Internet and Technology Addicts Anonymous","article_modified_time":"2025-01-10T02:21:20+00:00","twitter_card":"summary_large_image","twitter_misc":{"Est. tempo de leitura":"3 minutos"},"schema":{"@context":"https:\/\/schema.org","@graph":[{"@type":"WebPage","@id":"https:\/\/internetaddictsanonymous.org\/espanol\/","url":"https:\/\/internetaddictsanonymous.org\/espanol\/","name":"ITAA en Espa\u00f1ol - Viciados em Internet e Tecnologia An\u00f4nimos","isPartOf":{"@id":"https:\/\/internetaddictsanonymous.org\/#website"},"datePublished":"2023-03-06T01:45:50+00:00","dateModified":"2025-01-10T02:21:20+00:00","breadcrumb":{"@id":"https:\/\/internetaddictsanonymous.org\/espanol\/#breadcrumb"},"inLanguage":"pt-BR","potentialAction":[{"@type":"ReadAction","target":["https:\/\/internetaddictsanonymous.org\/espanol\/"]}]},{"@type":"BreadcrumbList","@id":"https:\/\/internetaddictsanonymous.org\/espanol\/#breadcrumb","itemListElement":[{"@type":"ListItem","position":1,"name":"Home","item":"https:\/\/internetaddictsanonymous.org\/"},{"@type":"ListItem","position":2,"name":"ITAA en Espa\u00f1ol"}]},{"@type":"WebSite","@id":"https:\/\/internetaddictsanonymous.org\/#website","url":"https:\/\/internetaddictsanonymous.org\/","name":"Dependentes de Internet e Tecnologia An\u00f4nimos","description":"Bolsa mundial de 12 passos para Internet e v\u00edcio em tecnologia","publisher":{"@id":"https:\/\/internetaddictsanonymous.org\/#organization"},"potentialAction":[{"@type":"SearchAction","target":{"@type":"EntryPoint","urlTemplate":"https:\/\/internetaddictsanonymous.org\/?s={search_term_string}"},"query-input":{"@type":"PropertyValueSpecification","valueRequired":true,"valueName":"search_term_string"}}],"inLanguage":"pt-BR"},{"@type":"Organization","@id":"https:\/\/internetaddictsanonymous.org\/#organization","name":"Dependentes de Internet e Tecnologia An\u00f4nimos","url":"https:\/\/internetaddictsanonymous.org\/","logo":{"@type":"ImageObject","inLanguage":"pt-BR","@id":"https:\/\/internetaddictsanonymous.org\/#\/schema\/logo\/image\/","url":"https:\/\/internetaddictsanonymous.org\/wp-content\/uploads\/2023\/01\/cropped-ITAA-logo-480px.png","contentUrl":"https:\/\/internetaddictsanonymous.org\/wp-content\/uploads\/2023\/01\/cropped-ITAA-logo-480px.png","width":480,"height":480,"caption":"Internet and Technology Addicts Anonymous"},"image":{"@id":"https:\/\/internetaddictsanonymous.org\/#\/schema\/logo\/image\/"}}]}},"jetpack_sharing_enabled":true,"jetpack_shortlink":"https:\/\/wp.me\/P9Fwob-42d","_links":{"self":[{"href":"https:\/\/internetaddictsanonymous.org\/pt\/wp-json\/wp\/v2\/pages\/15513","targetHints":{"allow":["GET"]}}],"collection":[{"href":"https:\/\/internetaddictsanonymous.org\/pt\/wp-json\/wp\/v2\/pages"}],"about":[{"href":"https:\/\/internetaddictsanonymous.org\/pt\/wp-json\/wp\/v2\/types\/page"}],"author":[{"embeddable":true,"href":"https:\/\/internetaddictsanonymous.org\/pt\/wp-json\/wp\/v2\/users\/35194237"}],"replies":[{"embeddable":true,"href":"https:\/\/internetaddictsanonymous.org\/pt\/wp-json\/wp\/v2\/comments?post=15513"}],"version-history":[{"count":31,"href":"https:\/\/internetaddictsanonymous.org\/pt\/wp-json\/wp\/v2\/pages\/15513\/revisions"}],"predecessor-version":[{"id":19128,"href":"https:\/\/internetaddictsanonymous.org\/pt\/wp-json\/wp\/v2\/pages\/15513\/revisions\/19128"}],"wp:attachment":[{"href":"https:\/\/internetaddictsanonymous.org\/pt\/wp-json\/wp\/v2\/media?parent=15513"}],"wp:term":[{"taxonomy":"post_tag","embeddable":true,"href":"https:\/\/internetaddictsanonymous.org\/pt\/wp-json\/wp\/v2\/tags?post=15513"}],"curies":[{"name":"wp","href":"https:\/\/api.w.org\/{rel}","templated":true}]}}