{"id":15697,"date":"2023-04-02T16:03:08","date_gmt":"2023-04-02T20:03:08","guid":{"rendered":"https:\/\/internetaddictsanonymous.org\/?page_id=15697"},"modified":"2024-10-02T19:43:14","modified_gmt":"2024-10-03T02:43:14","slug":"oficinas-em-circuito-aberto","status":"publish","type":"page","link":"https:\/\/internetaddictsanonymous.org\/pt\/step-workshops\/","title":{"rendered":"Workshops de etapas de caminho aberto"},"content":{"rendered":"<p>Esta p\u00e1gina cont\u00e9m uma lista dos pr\u00f3ximos Workshops do Open Path Step, configura\u00e7\u00f5es estruturadas para trabalhar os Doze Passos do ITAA em um grupo com muito suporte integrado. As reuni\u00f5es s\u00e3o organizadas de forma que todas as etapas possam ser realizadas dentro dos hor\u00e1rios das reuni\u00f5es (embora haja exerc\u00edcios de reda\u00e7\u00e3o adicionais opcionais a cada semana, se voc\u00ea quiser se aprofundar). Voc\u00ea tamb\u00e9m ter\u00e1 a oportunidade de encontrar um parceiro de compartilhamento para que, entre as reuni\u00f5es, voc\u00ea possa compartilhar seus passos, e v\u00e1rios patrocinadores de grupo tamb\u00e9m estar\u00e3o dispon\u00edveis para chamadas de divulga\u00e7\u00e3o e suporte adicional.<\/p>\n\n\n\n<p>Existem v\u00e1rios workshops que acontecem em hor\u00e1rios e ciclos diferentes, com novos workshops normalmente come\u00e7ando a cada um ou dois meses. Para participar de um pr\u00f3ximo ciclo de workshops, voc\u00ea dever\u00e1 comparecer ao primeiro encontro que pode ser encontrado no calend\u00e1rio abaixo. Desta forma, cada workshop percorrer\u00e1 os Passos como um grupo \u00edntimo, consistente e comprometido. <mark style=\"background-color:rgba(0, 0, 0, 0);color:#000000\" class=\"has-inline-color\">Voc\u00ea pode ver os detalhes espec\u00edficos do workshop clicando no link <\/mark><mark style=\"background-color:rgba(0, 0, 0, 0);color:#a35555\" class=\"has-inline-color\">marrom<\/mark><mark style=\"background-color:rgba(0, 0, 0, 0);color:#000000\" class=\"has-inline-color\"> t\u00edtulos. <\/mark><strong><mark style=\"background-color:rgba(0, 0, 0, 0)\" class=\"has-inline-color has-blue-color\">Observe que os workshops s\u00f3 aparecer\u00e3o no calend\u00e1rio abaixo algumas semanas antes de come\u00e7arem.<\/mark><\/strong>, e que as reuni\u00f5es sigam as mudan\u00e7as de fuso hor\u00e1rio dos EUA durante o hor\u00e1rio de ver\u00e3o em mar\u00e7o e novembro.<\/p>\n\n\n\n<p><strong>Se voc\u00ea gostaria de participar de um workshop (ou ajudar a iniciar um) e nenhuma das pr\u00f3ximas programa\u00e7\u00f5es de workshops funcionar para voc\u00ea, preencha <a href=\"https:\/\/forms.gle\/HCqduhu715LUnaPs9\">este formul\u00e1rio de interesse<\/a> <strong>\u2665<\/strong><\/strong><\/p>\n\n\n<p><iframe style=\"height: 500px; width: 100%;\" src=\"https:\/\/teamup.com\/ksnufp4vvpv65w7wno?view=a&amp;showHeader=0&amp;showLogo=0&amp;showTitle=0&amp;disableSidepanel=1&amp;showViewSelector=1\" width=\"100%\" height=\"500\" frameborder=\"0\"><\/iframe><\/p>\n\n\n<p>N\u00e3o h\u00e1 necessidade de se inscrever no workshop - voc\u00ea pode simplesmente participar da primeira reuni\u00e3o e todas as informa\u00e7\u00f5es adicionais ser\u00e3o fornecidas l\u00e1.<br><br> <\/p>\n\n\n\n<h3 class=\"wp-block-heading\"><strong>E se n\u00e3o houver hor\u00e1rios de workshop que funcionem para mim?<\/strong><\/h3>\n\n\n\n<p>Pode n\u00e3o haver um pr\u00f3ximo workshop em um hor\u00e1rio conveniente para sua programa\u00e7\u00e3o. Se voc\u00ea tiver algum interesse em participar ou presidir um workshop com uma programa\u00e7\u00e3o de reuni\u00f5es semanais diferente, preencha <a href=\"https:\/\/forms.gle\/HCqduhu715LUnaPs9\">este formul\u00e1rio de interesse<\/a>. Al\u00e9m disso, se voc\u00ea quiser simplesmente trabalhar nos materiais com seu patrocinador ou outro membro do programa, todos os roteiros do workshop podem ser encontrados <a href=\"https:\/\/drive.google.com\/drive\/folders\/1SLvfAX3EbAwG0LMB7j8dXCfTt_0Y_b69?usp=drive_link\">aqui<\/a>. Voc\u00ea tamb\u00e9m pode entrar em contato com openpathstepworkshop@gmail.com em caso de d\u00favidas e podemos ajud\u00e1-lo a come\u00e7ar.<br><br><\/p>\n\n\n\n<h3 class=\"wp-block-heading\"><strong>Posso participar se n\u00e3o falo ingl\u00eas?<\/strong><\/h3>\n\n\n\n<p>Sim, convidamos qualquer pessoa que n\u00e3o fale ingl\u00eas a participar ativando as legendas traduzidas. Voc\u00ea pode habilitar legendas traduzidas em seu idioma entrando na reuni\u00e3o, clicando no bot\u00e3o \u201cLegendas\u201d na parte inferior da tela e habilitando a tradu\u00e7\u00e3o. Al\u00e9m disso, se voc\u00ea estiver interessado em ajudar a traduzir os roteiros do workshop, seja para seu pr\u00f3prio benef\u00edcio ou para outros que falem sua l\u00edngua, temos um guia sobre como faz\u00ea-lo <a href=\"https:\/\/docs.google.com\/document\/d\/1OJ3uzB_MhSd5IrNQd430qMLXHy3vvqV1lu-dr8x7jsI\/edit?usp=drive_link\">aqui<\/a>.<br><br><\/p>\n\n\n\n<h3 class=\"wp-block-heading\"><strong>E se eu n\u00e3o puder ir \u00e0 primeira reuni\u00e3o?<\/strong><\/h3>\n\n\n\n<p>Neste caso, encorajamos voc\u00ea a esperar at\u00e9 o in\u00edcio do pr\u00f3ximo ciclo. Cada reuni\u00e3o se baseia na anterior, por isso \u00e9 importante estar presente desde o in\u00edcio. Se voc\u00ea realmente precisar perder a primeira reuni\u00e3o por um motivo inevit\u00e1vel, entre em contato com openpathstepworkshop@gmail.com com a maior anteced\u00eancia poss\u00edvel.<br><br><\/p>\n\n\n\n<h3 class=\"wp-block-heading\"><strong>E se eu tiver que perder uma reuni\u00e3o a meio do caminho?<\/strong><\/h3>\n\n\n\n<p>Se voc\u00ea tiver que perder uma sess\u00e3o por uma raz\u00e3o inevit\u00e1vel, pedimos que voc\u00ea leia as anota\u00e7\u00f5es depois e coloque a escrita em dia.&nbsp;<br><br> <\/p>\n\n\n\n<h3 class=\"wp-block-heading\"><strong>Eu preciso de um patrocinador para participar?<\/strong><\/h3>\n\n\n\n<p>Nada disso - a oficina foi especificamente projetada para dar \u00e0s pessoas uma oportunidade de trabalhar atrav\u00e9s dos Passos, mesmo que elas n\u00e3o tenham um patrocinador. Como parte do workshop, voc\u00ea ter\u00e1 a oportunidade de se conectar com um ou mais parceiros compartilhados com os quais voc\u00ea poder\u00e1 compartilhar seu trabalho das Etapas, e tamb\u00e9m teremos v\u00e1rios patrocinadores de grupo que estar\u00e3o dispon\u00edveis para receber liga\u00e7\u00f5es e dar apoio adicional. Tamb\u00e9m \u00e9 \u00f3timo se voc\u00ea j\u00e1 tiver um patrocinador, e \u00e9 bem-vindo a compartilhar seus trabalhos de etapa com eles. Todos s\u00e3o bem-vindos.<br><br> <\/p>\n\n\n\n<h3 class=\"wp-block-heading\"><strong>Posso participar se ainda n\u00e3o tenho certeza se quero trabalhar os Passos?<\/strong><\/h3>\n\n\n\n<p>Absolutamente. \u00c9 bom simplesmente participar como observador se voc\u00ea estiver curioso em saber mais sobre o que s\u00e3o os Passos e como eles funcionam.<br><br> <\/p>\n\n\n\n<h3 class=\"wp-block-heading\"><strong>Posso contribuir para a oficina assumindo uma fun\u00e7\u00e3o de servi\u00e7o?<\/strong><\/h3>\n\n\n\n<p>O servi\u00e7o \u00e9 uma \u00f3tima maneira de refor\u00e7ar nossa pr\u00f3pria sobriedade e tamb\u00e9m pode nos ajudar a aparecer e permanecer comprometidos com a oficina. Na reuni\u00e3o introdut\u00f3ria, haver\u00e1 uma oportunidade de voluntariado para fun\u00e7\u00f5es de servi\u00e7o.<br><br> <\/p>\n\n\n\n<h3 class=\"wp-block-heading\"><strong>H\u00e1 algo que eu possa fazer para me preparar para a oficina antes de ela come\u00e7ar?<\/strong><\/h3>\n\n\n\n<p>Em nossa primeira reuni\u00e3o, sugerimos v\u00e1rios compromissos para a pr\u00e1tica durante o per\u00edodo de dura\u00e7\u00e3o da oficina. Voc\u00ea \u00e9 bem-vindo a come\u00e7ar a trabalhar com eles se quiser:<\/p>\n\n\n\n<ol class=\"wp-block-list\">\n<li>Participar de 90 reuni\u00f5es em 90 dias (as reuni\u00f5es da oficina contam)<\/li>\n\n\n\n<li>Fazer 90 chamadas de programa em 90 dias<\/li>\n\n\n\n<li>Abstenha-se de todas as linhas de fundo.<\/li>\n\n\n\n<li>Praticar a observa\u00e7\u00e3o e\/ou o abandono do uso desnecess\u00e1rio da Internet e da tecnologia.<\/li>\n<\/ol>\n\n\n\n<p>Para a quarta sugest\u00e3o, voc\u00ea tamb\u00e9m pode encontrar alguma outra palavra al\u00e9m de \"desnecess\u00e1ria\" para ser mais adequada, como \"inconsciente\", \"sem prop\u00f3sito\", \"insalubre\", \"compulsiva\", \"excessiva\", etc. Note que estas s\u00e3o apenas sugest\u00f5es e n\u00e3o exig\u00eancias. Voc\u00ea \u00e9 livre para us\u00e1-las, ajust\u00e1-las ou coloc\u00e1-las de lado.<\/p>\n\n\n\n<p>Al\u00e9m destas sugest\u00f5es, voc\u00ea pode escrever um \"Invent\u00e1rio da primeira etapa\" de 1-2 p\u00e1ginas descrevendo a hist\u00f3ria de seu v\u00edcio: quando come\u00e7ou, como mudou com o tempo e como est\u00e1 agora. Em particular, voc\u00ea pode prestar aten\u00e7\u00e3o a onde voc\u00ea percebe impot\u00eancia ou descontrole em sua hist\u00f3ria.&nbsp;<br><br> <\/p>\n\n\n\n<h3 class=\"wp-block-heading\"><strong>Para qualquer pergunta adicional<\/strong><\/h3>\n\n\n\n<p>Sinta-se \u00e0 vontade para entrar em contato com openpathstepworkshop@gmail.com.<\/p>\n\n\n\n<div style=\"height:100px\" aria-hidden=\"true\" class=\"wp-block-spacer\"><\/div>\n\n\n\n<hr class=\"wp-block-separator has-alpha-channel-opacity is-style-wide\"\/>\n<!-- PMB print buttons is only displayed on a single post\/page URLs-->","protected":false},"excerpt":{"rendered":"<p>Esta p\u00e1gina cont\u00e9m uma lista dos pr\u00f3ximos Workshops do Open Path Step, configura\u00e7\u00f5es estruturadas para trabalhar os Doze Passos do ITAA em um grupo com muito suporte integrado. As reuni\u00f5es s\u00e3o organizadas de forma que todos os passos possam ser realizados dentro dos hor\u00e1rios das reuni\u00f5es (embora haja exerc\u00edcios de reda\u00e7\u00e3o adicionais opcionais a cada semana\u2026 <a href=\"https:\/\/internetaddictsanonymous.org\/pt\/step-workshops\/\" class=\"more-link\">Continue lendo <span class=\"screen-reader-text\">Workshops de etapas de caminho aberto<\/span><\/a><\/p>","protected":false},"author":35194237,"featured_media":0,"parent":0,"menu_order":0,"comment_status":"closed","ping_status":"closed","template":"full-width-page.php","meta":{"inline_featured_image":false,"_lmt_disableupdate":"","_lmt_disable":"","footnotes":""},"tags":[],"class_list":["post-15697","page","type-page","status-publish","hentry"],"yoast_head":"<!-- This site is optimized with the Yoast SEO plugin v27.4 - https:\/\/yoast.com\/product\/yoast-seo-wordpress\/ -->\n<title>Open Path Step Workshops &#8211; Internet and Technology Addicts Anonymous<\/title>\n<meta name=\"robots\" content=\"index, follow, max-snippet:-1, max-image-preview:large, max-video-preview:-1\" \/>\n<link rel=\"canonical\" href=\"https:\/\/internetaddictsanonymous.org\/pt\/oficinas-em-circuito-aberto\/\" \/>\n<meta property=\"og:locale\" content=\"pt_BR\" \/>\n<meta property=\"og:type\" content=\"article\" \/>\n<meta property=\"og:title\" content=\"Open Path Step Workshops &#8211; Internet and Technology Addicts Anonymous\" \/>\n<meta property=\"og:description\" content=\"This page contains a list of upcoming Open Path Step Workshops, structured settings for working through the Twelve Steps of ITAA in a group with lots of built in support. The meetings are set up so that all stepwork can be done within our meeting times (though there are optional additional writing exercises each week &hellip; Continue lendo Open Path Step Workshops\" \/>\n<meta property=\"og:url\" content=\"https:\/\/internetaddictsanonymous.org\/pt\/oficinas-em-circuito-aberto\/\" \/>\n<meta property=\"og:site_name\" content=\"Internet and Technology Addicts Anonymous\" \/>\n<meta property=\"article:modified_time\" content=\"2024-10-03T02:43:14+00:00\" \/>\n<meta name=\"twitter:card\" content=\"summary_large_image\" \/>\n<meta name=\"twitter:label1\" content=\"Est. tempo de leitura\" \/>\n\t<meta name=\"twitter:data1\" content=\"4 minutos\" \/>\n<script type=\"application\/ld+json\" class=\"yoast-schema-graph\">{\"@context\":\"https:\\\/\\\/schema.org\",\"@graph\":[{\"@type\":\"WebPage\",\"@id\":\"https:\\\/\\\/internetaddictsanonymous.org\\\/step-workshops\\\/\",\"url\":\"https:\\\/\\\/internetaddictsanonymous.org\\\/step-workshops\\\/\",\"name\":\"Open Path Step Workshops &#8211; Internet and Technology Addicts Anonymous\",\"isPartOf\":{\"@id\":\"https:\\\/\\\/internetaddictsanonymous.org\\\/#website\"},\"datePublished\":\"2023-04-02T20:03:08+00:00\",\"dateModified\":\"2024-10-03T02:43:14+00:00\",\"breadcrumb\":{\"@id\":\"https:\\\/\\\/internetaddictsanonymous.org\\\/step-workshops\\\/#breadcrumb\"},\"inLanguage\":\"pt-BR\",\"potentialAction\":[{\"@type\":\"ReadAction\",\"target\":[\"https:\\\/\\\/internetaddictsanonymous.org\\\/step-workshops\\\/\"]}]},{\"@type\":\"BreadcrumbList\",\"@id\":\"https:\\\/\\\/internetaddictsanonymous.org\\\/step-workshops\\\/#breadcrumb\",\"itemListElement\":[{\"@type\":\"ListItem\",\"position\":1,\"name\":\"Home\",\"item\":\"https:\\\/\\\/internetaddictsanonymous.org\\\/\"},{\"@type\":\"ListItem\",\"position\":2,\"name\":\"Open Path Step Workshops\"}]},{\"@type\":\"WebSite\",\"@id\":\"https:\\\/\\\/internetaddictsanonymous.org\\\/#website\",\"url\":\"https:\\\/\\\/internetaddictsanonymous.org\\\/\",\"name\":\"Internet and Technology Addicts Anonymous\",\"description\":\"Worldwide 12-step Fellowship for Internet and Technology Addiction\",\"publisher\":{\"@id\":\"https:\\\/\\\/internetaddictsanonymous.org\\\/#organization\"},\"potentialAction\":[{\"@type\":\"SearchAction\",\"target\":{\"@type\":\"EntryPoint\",\"urlTemplate\":\"https:\\\/\\\/internetaddictsanonymous.org\\\/?s={search_term_string}\"},\"query-input\":{\"@type\":\"PropertyValueSpecification\",\"valueRequired\":true,\"valueName\":\"search_term_string\"}}],\"inLanguage\":\"pt-BR\"},{\"@type\":\"Organization\",\"@id\":\"https:\\\/\\\/internetaddictsanonymous.org\\\/#organization\",\"name\":\"Internet and Technology Addicts Anonymous\",\"url\":\"https:\\\/\\\/internetaddictsanonymous.org\\\/\",\"logo\":{\"@type\":\"ImageObject\",\"inLanguage\":\"pt-BR\",\"@id\":\"https:\\\/\\\/internetaddictsanonymous.org\\\/#\\\/schema\\\/logo\\\/image\\\/\",\"url\":\"https:\\\/\\\/internetaddictsanonymous.org\\\/wp-content\\\/uploads\\\/2023\\\/01\\\/cropped-ITAA-logo-480px.png\",\"contentUrl\":\"https:\\\/\\\/internetaddictsanonymous.org\\\/wp-content\\\/uploads\\\/2023\\\/01\\\/cropped-ITAA-logo-480px.png\",\"width\":480,\"height\":480,\"caption\":\"Internet and Technology Addicts Anonymous\"},\"image\":{\"@id\":\"https:\\\/\\\/internetaddictsanonymous.org\\\/#\\\/schema\\\/logo\\\/image\\\/\"}}]}<\/script>\n<!-- \/ Yoast SEO plugin. -->","yoast_head_json":{"title":"Workshops de etapas do Caminho Aberto - Viciados em Internet e Tecnologia An\u00f4nimos","robots":{"index":"index","follow":"follow","max-snippet":"max-snippet:-1","max-image-preview":"max-image-preview:large","max-video-preview":"max-video-preview:-1"},"canonical":"https:\/\/internetaddictsanonymous.org\/pt\/oficinas-em-circuito-aberto\/","og_locale":"pt_BR","og_type":"article","og_title":"Open Path Step Workshops &#8211; Internet and Technology Addicts Anonymous","og_description":"This page contains a list of upcoming Open Path Step Workshops, structured settings for working through the Twelve Steps of ITAA in a group with lots of built in support. The meetings are set up so that all stepwork can be done within our meeting times (though there are optional additional writing exercises each week &hellip; Continue lendo Open Path Step Workshops","og_url":"https:\/\/internetaddictsanonymous.org\/pt\/oficinas-em-circuito-aberto\/","og_site_name":"Internet and Technology Addicts Anonymous","article_modified_time":"2024-10-03T02:43:14+00:00","twitter_card":"summary_large_image","twitter_misc":{"Est. tempo de leitura":"4 minutos"},"schema":{"@context":"https:\/\/schema.org","@graph":[{"@type":"WebPage","@id":"https:\/\/internetaddictsanonymous.org\/step-workshops\/","url":"https:\/\/internetaddictsanonymous.org\/step-workshops\/","name":"Workshops de etapas do Caminho Aberto - Viciados em Internet e Tecnologia An\u00f4nimos","isPartOf":{"@id":"https:\/\/internetaddictsanonymous.org\/#website"},"datePublished":"2023-04-02T20:03:08+00:00","dateModified":"2024-10-03T02:43:14+00:00","breadcrumb":{"@id":"https:\/\/internetaddictsanonymous.org\/step-workshops\/#breadcrumb"},"inLanguage":"pt-BR","potentialAction":[{"@type":"ReadAction","target":["https:\/\/internetaddictsanonymous.org\/step-workshops\/"]}]},{"@type":"BreadcrumbList","@id":"https:\/\/internetaddictsanonymous.org\/step-workshops\/#breadcrumb","itemListElement":[{"@type":"ListItem","position":1,"name":"Home","item":"https:\/\/internetaddictsanonymous.org\/"},{"@type":"ListItem","position":2,"name":"Open Path Step Workshops"}]},{"@type":"WebSite","@id":"https:\/\/internetaddictsanonymous.org\/#website","url":"https:\/\/internetaddictsanonymous.org\/","name":"Dependentes de Internet e Tecnologia An\u00f4nimos","description":"Bolsa mundial de 12 passos para Internet e v\u00edcio em tecnologia","publisher":{"@id":"https:\/\/internetaddictsanonymous.org\/#organization"},"potentialAction":[{"@type":"SearchAction","target":{"@type":"EntryPoint","urlTemplate":"https:\/\/internetaddictsanonymous.org\/?s={search_term_string}"},"query-input":{"@type":"PropertyValueSpecification","valueRequired":true,"valueName":"search_term_string"}}],"inLanguage":"pt-BR"},{"@type":"Organization","@id":"https:\/\/internetaddictsanonymous.org\/#organization","name":"Dependentes de Internet e Tecnologia An\u00f4nimos","url":"https:\/\/internetaddictsanonymous.org\/","logo":{"@type":"ImageObject","inLanguage":"pt-BR","@id":"https:\/\/internetaddictsanonymous.org\/#\/schema\/logo\/image\/","url":"https:\/\/internetaddictsanonymous.org\/wp-content\/uploads\/2023\/01\/cropped-ITAA-logo-480px.png","contentUrl":"https:\/\/internetaddictsanonymous.org\/wp-content\/uploads\/2023\/01\/cropped-ITAA-logo-480px.png","width":480,"height":480,"caption":"Internet and Technology Addicts Anonymous"},"image":{"@id":"https:\/\/internetaddictsanonymous.org\/#\/schema\/logo\/image\/"}}]}},"jetpack_sharing_enabled":true,"jetpack_shortlink":"https:\/\/wp.me\/P9Fwob-45b","_links":{"self":[{"href":"https:\/\/internetaddictsanonymous.org\/pt\/wp-json\/wp\/v2\/pages\/15697","targetHints":{"allow":["GET"]}}],"collection":[{"href":"https:\/\/internetaddictsanonymous.org\/pt\/wp-json\/wp\/v2\/pages"}],"about":[{"href":"https:\/\/internetaddictsanonymous.org\/pt\/wp-json\/wp\/v2\/types\/page"}],"author":[{"embeddable":true,"href":"https:\/\/internetaddictsanonymous.org\/pt\/wp-json\/wp\/v2\/users\/35194237"}],"replies":[{"embeddable":true,"href":"https:\/\/internetaddictsanonymous.org\/pt\/wp-json\/wp\/v2\/comments?post=15697"}],"version-history":[{"count":57,"href":"https:\/\/internetaddictsanonymous.org\/pt\/wp-json\/wp\/v2\/pages\/15697\/revisions"}],"predecessor-version":[{"id":18760,"href":"https:\/\/internetaddictsanonymous.org\/pt\/wp-json\/wp\/v2\/pages\/15697\/revisions\/18760"}],"wp:attachment":[{"href":"https:\/\/internetaddictsanonymous.org\/pt\/wp-json\/wp\/v2\/media?parent=15697"}],"wp:term":[{"taxonomy":"post_tag","embeddable":true,"href":"https:\/\/internetaddictsanonymous.org\/pt\/wp-json\/wp\/v2\/tags?post=15697"}],"curies":[{"name":"wp","href":"https:\/\/api.w.org\/{rel}","templated":true}]}}