{"id":16216,"date":"2023-07-14T19:27:38","date_gmt":"2023-07-14T23:27:38","guid":{"rendered":"https:\/\/internetaddictsanonymous.org\/?page_id=16216"},"modified":"2024-04-28T19:34:43","modified_gmt":"2024-04-28T23:34:43","slug":"itaa-em-alemao","status":"publish","type":"page","link":"https:\/\/internetaddictsanonymous.org\/pt\/itaa-in-german\/","title":{"rendered":"ITAA em alem\u00e3o"},"content":{"rendered":"<p>Bem-vindo \u00e0 Internet e Viciados em Tecnologia An\u00f4nimos! Estamos felizes por nos ter encontrado e esperamos que nossa comunidade possa ser t\u00e3o \u00fatil para voc\u00ea quanto tem sido para n\u00f3s.<strong> <mark style=\"background-color:rgba(0, 0, 0, 0)\" class=\"has-inline-color has-dark-gray-color\">ITAA \u00e9 uma bolsa de doze passos de indiv\u00edduos que se ap\u00f3iam mutuamente na recupera\u00e7\u00e3o do v\u00edcio da internet e da tecnologia.<\/mark><\/strong> Isso inclui o v\u00edcio em m\u00eddias sociais, smartphones, streaming de conte\u00fado de v\u00eddeo ou \u00e1udio, jogos, not\u00edcias, pornografia, aplicativos de namoro, pesquisa on-line, compras on-line ou qualquer outra atividade digital que se torne compulsiva e problem\u00e1tica.&nbsp;<\/p>\n\n\n\n<p>Veja abaixo nossa programa\u00e7\u00e3o de reuni\u00f5es on-line. <strong>Os hor\u00e1rios das reuni\u00f5es s\u00e3o exibidos em seu fuso hor\u00e1rio local.<\/strong> Voc\u00ea pode encontrar os detalhes de cada reuni\u00e3o, inclusive o link e os n\u00fameros de telefone locais, clicando no evento da reuni\u00e3o no calend\u00e1rio. Se tiver alguma d\u00favida, entre em contato conosco em <a href=\"mailto:itaa.dita.fr@gmail.com\" target=\"_blank\" rel=\"noreferrer noopener\"><\/a><a href=\"mailto:ITAAgerman@protonmail.com\" target=\"_blank\" rel=\"noreferrer noopener\">ITAAgerman@protonmail.com<\/a>. <\/p>\n\n\n\n<p>Tamb\u00e9m realizamos reuni\u00f5es presenciais em <a href=\"https:\/\/internetaddictsanonymous.org\/pt\/reunioes-de-adiccao-internet-local\/austria-viena\/\">Viena, \u00c1ustria<\/a>e <a href=\"https:\/\/internetaddictsanonymous.org\/pt\/reunioes-de-adiccao-internet-local\/alemanha-berlim\/\">Berlim, Alemanha<\/a>.<\/p>\n\n\n\n<p>Se voc\u00ea \u00e9 novo, encorajamos voc\u00ea a tentar participar de seis reuni\u00f5es em um curto per\u00edodo de tempo para ver se nosso programa pode ser \u00fatil para voc\u00ea. Al\u00e9m de nossas reuni\u00f5es em alem\u00e3o, voc\u00ea tamb\u00e9m pode revisar nossos <a href=\"https:\/\/internetaddictsanonymous.org\/pt\/reunioes-on-line\/\">programa\u00e7\u00e3o completa das reuni\u00f5es internacionais<\/a>. <strong>Em todas essas reuni\u00f5es, voc\u00ea pode habilitar legendas traduzidas em seu idioma entrando na reuni\u00e3o, clicando no bot\u00e3o \u201cLegendas\u201d na parte inferior da tela e habilitando a tradu\u00e7\u00e3o.<\/strong>  Todas as reuni\u00f5es s\u00e3o totalmente gratuitas e an\u00f4nimas.<\/p>\n\n\n<p><iframe style=\"height: 500px; width: 100%;\" src=\"https:\/\/teamup.com\/ksmtwoj5vf4wjt8yti?view=mw&amp;lang=de&amp;showHeader=0&amp;showLogo=0&amp;showTitle=0&amp;disableSidepanel=1&amp;showViewSelector=1\" width=\"100%\" height=\"500\" frameborder=\"0\"><\/iframe><\/p>\n\n\n<h3 class=\"wp-block-heading\"><strong>Como funcionam as reuni\u00f5es?<\/strong><\/h3>\n\n\n\n<p>Se voc\u00ea for participar de uma reuni\u00e3o pela primeira vez, n\u00e3o precisa ficar nervoso. A maioria de nossas reuni\u00f5es \u00e9 muito simples; cada reuni\u00e3o tem um presidente que a conduz, e a maioria das reuni\u00f5es tem uma hora de dura\u00e7\u00e3o. O presidente e outros volunt\u00e1rios leem algumas declara\u00e7\u00f5es de abertura, antes de abrirmos a reuni\u00e3o para os membros compartilharem. N\u00e3o h\u00e1 nenhuma exig\u00eancia para compartilhar e n\u00e3o h\u00e1 problema em apenas ouvir. Voc\u00ea pode compartilhar como est\u00e1 se saindo, apresentar-se e o que o trouxe \u00e0 ITAA, ou fazer perguntas. A menos que solicitado pelo membro que est\u00e1 compartilhando, n\u00e3o oferecemos sugest\u00f5es ou coment\u00e1rios em resposta aos compartilhamentos dos outros; simplesmente ouvimos sem julgar. Ao final de uma hora, a reuni\u00e3o ser\u00e1 encerrada com algumas declara\u00e7\u00f5es finais, ap\u00f3s as quais os membros geralmente permanecem na linha para conversar casualmente, fazer perguntas e trocar detalhes de contato.<\/p>\n\n\n\n<h3 class=\"wp-block-heading\">Recursos para Internet e v\u00edcio em tecnologia<\/h3>\n\n\n\n<p>Se voc\u00ea est\u00e1 se perguntando se voc\u00ea pode ter um v\u00edcio em internet e tecnologia, voc\u00ea pode rever nossos question\u00e1rios para <a href=\"https:\/\/internetaddictsanonymous.org\/pt\/dependencia-de-internet-e-tecnologia\/\">v\u00edcio na internet<\/a>, <a href=\"https:\/\/internetaddictsanonymous.org\/pt\/dependencia-de-internet-e-tecnologia\/vicio-das-midias-sociais\/\">v\u00edcio das m\u00eddias sociais<\/a>, <a href=\"https:\/\/internetaddictsanonymous.org\/pt\/vicio-na-internet\/vicio-de-streaming\/\">v\u00edcio de streaming<\/a>, <a href=\"https:\/\/internetaddictsanonymous.org\/pt\/dependencia-de-internet-e-tecnologia\/vicio-em-telefone\/\">v\u00edcio em telefone<\/a>ou <a href=\"https:\/\/internetaddictsanonymous.org\/pt\/dependencia-de-internet-e-tecnologia\/vicio-em-videogame\/\">v\u00edcio em videogame<\/a>. Voc\u00ea tamb\u00e9m pode saber mais sobre ITAA lendo nosso&nbsp;<a href=\"https:\/\/internetaddictsanonymous.org\/pt\/guia-para-iniciantes\/\">guia para iniciantes<\/a>, revendo nosso <a href=\"https:\/\/internetaddictsanonymous.org\/pt\/recursos\/ferramentas-de-recuperacao\/\">ferramentas de recupera\u00e7\u00e3o<\/a>ou ouvir <a href=\"https:\/\/internetaddictsanonymous.org\/pt\/historias-de-recuperacao\/\">hist\u00f3rias de recupera\u00e7\u00e3o dos membros<\/a>.<\/p>\n\n\n\n<p>A ITAA n\u00e3o est\u00e1 afiliada a nenhuma agenda pol\u00edtica, religi\u00e3o ou interesses externos. Somos totalmente auto-sustent\u00e1veis e livres para todos os que precisam dele. Nosso \u00fanico objetivo \u00e9 nos abster de uso compulsivo da internet e da tecnologia e ajudar os outros a encontrar a liberdade deste v\u00edcio.<\/p>\n\n\n\n<p>Mais uma vez, seja bem-vindo! Esperamos que esta comunidade possa oferecer o apoio de que voc\u00ea precisa em sua recupera\u00e7\u00e3o do v\u00edcio em Internet e tecnologia. N\u00e3o hesite em entrar em contato pelo e-mail <a href=\"mailto:ITAAgerman@protonmail.com\" target=\"_blank\" rel=\"noreferrer noopener\">ITAAgerman@protonmail.com<\/a> se voc\u00ea tiver alguma d\u00favida.<\/p>\n\n\n\n<h3 class=\"wp-block-heading\"><strong>Seguran\u00e7a<\/strong><\/h3>\n\n\n\n<p>Nossas reuni\u00f5es t\u00eam o compartilhamento de tela desativado e a criptografia ativada. Os hosts s\u00e3o capazes de silenciar e remover quaisquer participantes perturbadores. Se voc\u00ea estiver organizando uma reuni\u00e3o, sugerimos que voc\u00ea leia o ITAA&#039;s&nbsp;<a href=\"https:\/\/internetaddictsanonymous.org\/pt\/diretrizes-de-seguranca-para-os-anfitrioes-da-reuniao-de-estudantes\/\">guia sobre como prevenir e responder a interrup\u00e7\u00f5es<\/a>.<\/p>\n\n\n\n<h3 class=\"wp-block-heading\"><strong>Recursos relacionados \u00e0 acessibilidade<\/strong><\/h3>\n\n\n\n<p><a href=\"https:\/\/internetaddictsanonymous.org\/pt\/acessibilidade\/\">Acessibilidade para deficientes auditivos e de fala<\/a><\/p>\n\n\n\n<p><a href=\"https:\/\/support.zoom.us\/hc\/en-us\/articles\/201362893-How-much-bandwidth-do-I-need-when-using-3G-or-4G-LTE\">Necessidade de largura de banda ao usar 3G, 4G\/LTE ou 5G (support.zoom.us)<\/a><\/p>\n\n\n\n<p><a href=\"https:\/\/support.zoom.us\/hc\/en-us\/articles\/4409500570381-Stopping-all-incoming-video-in-a-meeting-or-webinar\">Como parar todos os v\u00eddeos recebidos (support.zoom.us<\/a>)<br><br> <\/p>\n\n\n\n<p><\/p>\n<!-- PMB print buttons is only displayed on a single post\/page URLs-->","protected":false},"excerpt":{"rendered":"<p>Bem-vindo a Viciados em Internet e Tecnologia An\u00f4nimos! Estamos felizes por ter nos encontrado e esperamos que nossa comunidade possa ser t\u00e3o \u00fatil para voc\u00ea quanto tem sido para n\u00f3s. A ITAA \u00e9 uma irmandade de Doze Passos formada por indiv\u00edduos que se apoiam mutuamente na recupera\u00e7\u00e3o do v\u00edcio em Internet e tecnologia. Isso inclui o v\u00edcio em m\u00eddia social, smartphones, streaming ... <a href=\"https:\/\/internetaddictsanonymous.org\/pt\/itaa-in-german\/\" class=\"more-link\">Continue lendo <span class=\"screen-reader-text\">ITAA em alem\u00e3o<\/span><\/a><\/p>","protected":false},"author":35194237,"featured_media":0,"parent":0,"menu_order":0,"comment_status":"closed","ping_status":"closed","template":"full-width-page.php","meta":{"inline_featured_image":false,"_lmt_disableupdate":"","_lmt_disable":"","jetpack_post_was_ever_published":false,"footnotes":""},"tags":[],"class_list":["post-16216","page","type-page","status-publish","hentry"],"yoast_head":"<!-- This site is optimized with the Yoast SEO plugin v27.3 - https:\/\/yoast.com\/product\/yoast-seo-wordpress\/ -->\n<title>ITAA in German &#8211; Internet and Technology Addicts Anonymous<\/title>\n<meta name=\"robots\" content=\"index, follow, max-snippet:-1, max-image-preview:large, max-video-preview:-1\" \/>\n<link rel=\"canonical\" href=\"https:\/\/internetaddictsanonymous.org\/pt\/itaa-em-alemao\/\" \/>\n<meta property=\"og:locale\" content=\"pt_BR\" \/>\n<meta property=\"og:type\" content=\"article\" \/>\n<meta property=\"og:title\" content=\"ITAA in German &#8211; Internet and Technology Addicts Anonymous\" \/>\n<meta property=\"og:description\" content=\"Welcome to Internet and Technology Addicts Anonymous! We\u2019re glad you\u2019ve found us, and we hope our community can be as helpful to you as it has been for us. ITAA is a Twelve-Step fellowship of individuals who support each other in recovering from internet and technology addiction. This includes addiction to social media, smartphones, streaming &hellip; Continue lendo ITAA in German\" \/>\n<meta property=\"og:url\" content=\"https:\/\/internetaddictsanonymous.org\/pt\/itaa-em-alemao\/\" \/>\n<meta property=\"og:site_name\" content=\"Internet and Technology Addicts Anonymous\" \/>\n<meta property=\"article:modified_time\" content=\"2024-04-28T23:34:43+00:00\" \/>\n<meta name=\"twitter:card\" content=\"summary_large_image\" \/>\n<meta name=\"twitter:label1\" content=\"Est. tempo de leitura\" \/>\n\t<meta name=\"twitter:data1\" content=\"3 minutos\" \/>\n<script type=\"application\/ld+json\" class=\"yoast-schema-graph\">{\"@context\":\"https:\\\/\\\/schema.org\",\"@graph\":[{\"@type\":\"WebPage\",\"@id\":\"https:\\\/\\\/internetaddictsanonymous.org\\\/itaa-in-german\\\/\",\"url\":\"https:\\\/\\\/internetaddictsanonymous.org\\\/itaa-in-german\\\/\",\"name\":\"ITAA in German &#8211; Internet and Technology Addicts Anonymous\",\"isPartOf\":{\"@id\":\"https:\\\/\\\/internetaddictsanonymous.org\\\/#website\"},\"datePublished\":\"2023-07-14T23:27:38+00:00\",\"dateModified\":\"2024-04-28T23:34:43+00:00\",\"breadcrumb\":{\"@id\":\"https:\\\/\\\/internetaddictsanonymous.org\\\/itaa-in-german\\\/#breadcrumb\"},\"inLanguage\":\"pt-BR\",\"potentialAction\":[{\"@type\":\"ReadAction\",\"target\":[\"https:\\\/\\\/internetaddictsanonymous.org\\\/itaa-in-german\\\/\"]}]},{\"@type\":\"BreadcrumbList\",\"@id\":\"https:\\\/\\\/internetaddictsanonymous.org\\\/itaa-in-german\\\/#breadcrumb\",\"itemListElement\":[{\"@type\":\"ListItem\",\"position\":1,\"name\":\"Home\",\"item\":\"https:\\\/\\\/internetaddictsanonymous.org\\\/\"},{\"@type\":\"ListItem\",\"position\":2,\"name\":\"ITAA in German\"}]},{\"@type\":\"WebSite\",\"@id\":\"https:\\\/\\\/internetaddictsanonymous.org\\\/#website\",\"url\":\"https:\\\/\\\/internetaddictsanonymous.org\\\/\",\"name\":\"Internet and Technology Addicts Anonymous\",\"description\":\"Worldwide 12-step Fellowship for Internet and Technology Addiction\",\"publisher\":{\"@id\":\"https:\\\/\\\/internetaddictsanonymous.org\\\/#organization\"},\"potentialAction\":[{\"@type\":\"SearchAction\",\"target\":{\"@type\":\"EntryPoint\",\"urlTemplate\":\"https:\\\/\\\/internetaddictsanonymous.org\\\/?s={search_term_string}\"},\"query-input\":{\"@type\":\"PropertyValueSpecification\",\"valueRequired\":true,\"valueName\":\"search_term_string\"}}],\"inLanguage\":\"pt-BR\"},{\"@type\":\"Organization\",\"@id\":\"https:\\\/\\\/internetaddictsanonymous.org\\\/#organization\",\"name\":\"Internet and Technology Addicts Anonymous\",\"url\":\"https:\\\/\\\/internetaddictsanonymous.org\\\/\",\"logo\":{\"@type\":\"ImageObject\",\"inLanguage\":\"pt-BR\",\"@id\":\"https:\\\/\\\/internetaddictsanonymous.org\\\/#\\\/schema\\\/logo\\\/image\\\/\",\"url\":\"https:\\\/\\\/internetaddictsanonymous.org\\\/wp-content\\\/uploads\\\/2023\\\/01\\\/cropped-ITAA-logo-480px.png\",\"contentUrl\":\"https:\\\/\\\/internetaddictsanonymous.org\\\/wp-content\\\/uploads\\\/2023\\\/01\\\/cropped-ITAA-logo-480px.png\",\"width\":480,\"height\":480,\"caption\":\"Internet and Technology Addicts Anonymous\"},\"image\":{\"@id\":\"https:\\\/\\\/internetaddictsanonymous.org\\\/#\\\/schema\\\/logo\\\/image\\\/\"}}]}<\/script>\n<!-- \/ Yoast SEO plugin. -->","yoast_head_json":{"title":"ITAA em alem\u00e3o - Internet and Technology Addicts Anonymous (Viciados em Internet e Tecnologia An\u00f4nimos)","robots":{"index":"index","follow":"follow","max-snippet":"max-snippet:-1","max-image-preview":"max-image-preview:large","max-video-preview":"max-video-preview:-1"},"canonical":"https:\/\/internetaddictsanonymous.org\/pt\/itaa-em-alemao\/","og_locale":"pt_BR","og_type":"article","og_title":"ITAA in German &#8211; Internet and Technology Addicts Anonymous","og_description":"Welcome to Internet and Technology Addicts Anonymous! We\u2019re glad you\u2019ve found us, and we hope our community can be as helpful to you as it has been for us. ITAA is a Twelve-Step fellowship of individuals who support each other in recovering from internet and technology addiction. This includes addiction to social media, smartphones, streaming &hellip; Continue lendo ITAA in German","og_url":"https:\/\/internetaddictsanonymous.org\/pt\/itaa-em-alemao\/","og_site_name":"Internet and Technology Addicts Anonymous","article_modified_time":"2024-04-28T23:34:43+00:00","twitter_card":"summary_large_image","twitter_misc":{"Est. tempo de leitura":"3 minutos"},"schema":{"@context":"https:\/\/schema.org","@graph":[{"@type":"WebPage","@id":"https:\/\/internetaddictsanonymous.org\/itaa-in-german\/","url":"https:\/\/internetaddictsanonymous.org\/itaa-in-german\/","name":"ITAA em alem\u00e3o - Internet and Technology Addicts Anonymous (Viciados em Internet e Tecnologia An\u00f4nimos)","isPartOf":{"@id":"https:\/\/internetaddictsanonymous.org\/#website"},"datePublished":"2023-07-14T23:27:38+00:00","dateModified":"2024-04-28T23:34:43+00:00","breadcrumb":{"@id":"https:\/\/internetaddictsanonymous.org\/itaa-in-german\/#breadcrumb"},"inLanguage":"pt-BR","potentialAction":[{"@type":"ReadAction","target":["https:\/\/internetaddictsanonymous.org\/itaa-in-german\/"]}]},{"@type":"BreadcrumbList","@id":"https:\/\/internetaddictsanonymous.org\/itaa-in-german\/#breadcrumb","itemListElement":[{"@type":"ListItem","position":1,"name":"Home","item":"https:\/\/internetaddictsanonymous.org\/"},{"@type":"ListItem","position":2,"name":"ITAA in German"}]},{"@type":"WebSite","@id":"https:\/\/internetaddictsanonymous.org\/#website","url":"https:\/\/internetaddictsanonymous.org\/","name":"Dependentes de Internet e Tecnologia An\u00f4nimos","description":"Bolsa mundial de 12 passos para Internet e v\u00edcio em tecnologia","publisher":{"@id":"https:\/\/internetaddictsanonymous.org\/#organization"},"potentialAction":[{"@type":"SearchAction","target":{"@type":"EntryPoint","urlTemplate":"https:\/\/internetaddictsanonymous.org\/?s={search_term_string}"},"query-input":{"@type":"PropertyValueSpecification","valueRequired":true,"valueName":"search_term_string"}}],"inLanguage":"pt-BR"},{"@type":"Organization","@id":"https:\/\/internetaddictsanonymous.org\/#organization","name":"Dependentes de Internet e Tecnologia An\u00f4nimos","url":"https:\/\/internetaddictsanonymous.org\/","logo":{"@type":"ImageObject","inLanguage":"pt-BR","@id":"https:\/\/internetaddictsanonymous.org\/#\/schema\/logo\/image\/","url":"https:\/\/internetaddictsanonymous.org\/wp-content\/uploads\/2023\/01\/cropped-ITAA-logo-480px.png","contentUrl":"https:\/\/internetaddictsanonymous.org\/wp-content\/uploads\/2023\/01\/cropped-ITAA-logo-480px.png","width":480,"height":480,"caption":"Internet and Technology Addicts Anonymous"},"image":{"@id":"https:\/\/internetaddictsanonymous.org\/#\/schema\/logo\/image\/"}}]}},"jetpack_sharing_enabled":true,"jetpack_shortlink":"https:\/\/wp.me\/P9Fwob-4dy","_links":{"self":[{"href":"https:\/\/internetaddictsanonymous.org\/pt\/wp-json\/wp\/v2\/pages\/16216","targetHints":{"allow":["GET"]}}],"collection":[{"href":"https:\/\/internetaddictsanonymous.org\/pt\/wp-json\/wp\/v2\/pages"}],"about":[{"href":"https:\/\/internetaddictsanonymous.org\/pt\/wp-json\/wp\/v2\/types\/page"}],"author":[{"embeddable":true,"href":"https:\/\/internetaddictsanonymous.org\/pt\/wp-json\/wp\/v2\/users\/35194237"}],"replies":[{"embeddable":true,"href":"https:\/\/internetaddictsanonymous.org\/pt\/wp-json\/wp\/v2\/comments?post=16216"}],"version-history":[{"count":11,"href":"https:\/\/internetaddictsanonymous.org\/pt\/wp-json\/wp\/v2\/pages\/16216\/revisions"}],"predecessor-version":[{"id":17947,"href":"https:\/\/internetaddictsanonymous.org\/pt\/wp-json\/wp\/v2\/pages\/16216\/revisions\/17947"}],"wp:attachment":[{"href":"https:\/\/internetaddictsanonymous.org\/pt\/wp-json\/wp\/v2\/media?parent=16216"}],"wp:term":[{"taxonomy":"post_tag","embeddable":true,"href":"https:\/\/internetaddictsanonymous.org\/pt\/wp-json\/wp\/v2\/tags?post=16216"}],"curies":[{"name":"wp","href":"https:\/\/api.w.org\/{rel}","templated":true}]}}