{"id":16342,"date":"2023-07-16T13:34:25","date_gmt":"2023-07-16T17:34:25","guid":{"rendered":"https:\/\/internetaddictsanonymous.org\/?page_id=16342"},"modified":"2026-02-13T03:17:57","modified_gmt":"2026-02-13T11:17:57","slug":"nos-vamos","status":"publish","type":"page","link":"https:\/\/internetaddictsanonymous.org\/pt\/in-person-meetings\/us-wa\/","title":{"rendered":"ITAA em Washington, EUA"},"content":{"rendered":"<p>Bem-vindo \u00e0 Internet e Viciados em Tecnologia An\u00f4nimos! Estamos felizes por nos ter encontrado e esperamos que nossa comunidade possa ser t\u00e3o \u00fatil para voc\u00ea quanto tem sido para n\u00f3s.<strong> <mark style=\"background-color:rgba(0, 0, 0, 0)\" class=\"has-inline-color has-dark-gray-color\">ITAA \u00e9 uma bolsa de doze passos de indiv\u00edduos que se ap\u00f3iam mutuamente na recupera\u00e7\u00e3o do v\u00edcio da internet e da tecnologia.<\/mark><\/strong> Isso inclui o v\u00edcio em m\u00eddias sociais, smartphones, streaming de conte\u00fado de v\u00eddeo ou \u00e1udio, jogos, not\u00edcias, pornografia, aplicativos de namoro, pesquisa on-line, compras on-line ou qualquer outra atividade digital que se torne compulsiva e problem\u00e1tica.&nbsp;<\/p>\n\n\n\n<h3 class=\"wp-block-heading\">Reuni\u00f5es da ITAA em Seattle<\/h3>\n\n\n\n<h5 class=\"wp-block-heading\">\u201cReuni\u00e3o \u201dNa Vida Real\u201d da ITAA de Seattle<\/h5>\n\n\n\n<p>Nome da reuni\u00e3o: Na vida real<br>Quando: Todas as ter\u00e7as-feiras, das 19h \u00e0s 20h<br>Onde: Igreja Luterana Denny Park<br>766 Rua John<br>Seattle, WA 98109<br>A entrada fica na 8\u00aa Avenida; toque a campainha para acessar. H\u00e1 uma reuni\u00e3o dos Jogadores An\u00f4nimos que tamb\u00e9m utiliza essa entrada no mesmo hor\u00e1rio.<\/p>\n\n\n\n<p>O grupo In Real Life se re\u00fane no Sal\u00e3o de Confraterniza\u00e7\u00e3o, acess\u00edvel por portas de madeira no t\u00e9rreo.&nbsp;<\/p>\n\n\n\n<p>Aviso sobre alergias: Esta reuni\u00e3o ser\u00e1 realizada em um pr\u00e9dio onde c\u00e3es s\u00e3o bem-vindos. Esteja ciente de que c\u00e3es frequentam este local regularmente.<\/p>\n\n\n\n<p>Contato: itaaseattle@gmail.com<\/p>\n\n\n\n<h5 class=\"wp-block-heading\">\u201cReuni\u00e3o \u201dDesapegue-se com Amor\u201d da ITAA de Seattle<\/h5>\n\n\n\n<p>Nome do encontro: Desapego com Amor<br>Quando: Todos os domingos \u00e0s 19h<br>Local: Sala de Confer\u00eancias da Capela da Igreja Luterana Queen Anne.<\/p>\n\n\n\n<p>A entrada para a reuni\u00e3o fica no lado sul do pr\u00e9dio, na rua McGraw. Se voc\u00ea chegar depois das 7h10, por favor, bata com firmeza na porta e o recepcionista a abrir\u00e1 para voc\u00ea.<\/p>\n\n\n\n<p>Igreja Luterana Rainha Ana<br><a href=\"https:\/\/www.google.com\/maps\/search\/2400+8th+Ave+W+Seattle,+WA+98119?entry=gmail&amp;source=g\" target=\"_blank\" rel=\"noreferrer noopener\">2400 8\u00aa Avenida Oeste<\/a><br><a href=\"https:\/\/www.google.com\/maps\/search\/2400+8th+Ave+W+Seattle,+WA+98119?entry=gmail&amp;source=g\" target=\"_blank\" rel=\"noreferrer noopener\">Seattle, WA 98119<\/a><\/p>\n\n\n\n<p>Este \u00e9 um encontro baseado em literatura, com formato rotativo. Al\u00e9m da literatura produzida pelo Comit\u00ea de Conte\u00fado Web da ITAA, este encontro tamb\u00e9m utiliza literatura do Al-Anon.<\/p>\n\n\n\n<p>Semana 1: Passo do m\u00eas<br>Semana 2: Tradi\u00e7\u00e3o do m\u00eas<br>Semana 3: Conceito do m\u00eas<br>Semana 4: Ferramentas ITAA<br>Semana 5: \u201cAs Evid\u00eancias Cient\u00edficas sobre o V\u00edcio em Internet e Tecnologia\u201d, tamb\u00e9m conhecido como \u201cA Opini\u00e3o do M\u00e9dico\u201d da ITAA.<\/p>\n\n\n\n<p>Contato: n\u00famero de telefone 206.206.9981<\/p>\n\n\n\n<h3 class=\"wp-block-heading\">Reuni\u00f5es adicionais<\/h3>\n\n\n\n<p>Se voc\u00ea \u00e9 novo, recomendamos que tente participar de seis reuni\u00f5es em um curto per\u00edodo de tempo para ver se nosso programa pode ser \u00fatil para voc\u00ea. Al\u00e9m de nossa reuni\u00e3o presencial local, voc\u00ea tamb\u00e9m pode analisar nosso <a href=\"https:\/\/internetaddictsanonymous.org\/pt\/reunioes-de-adiccao-internet-local\/\">outras reuni\u00f5es presenciais<\/a> e um <a href=\"https:\/\/internetaddictsanonymous.org\/pt\/reunioes-on-line\/\">programa\u00e7\u00e3o completa das reuni\u00f5es on-line<\/a>. Todas as reuni\u00f5es s\u00e3o totalmente gratuitas e an\u00f4nimas.<\/p>\n\n\n\n<h3 class=\"wp-block-heading\"><strong>Como funcionam as reuni\u00f5es?<\/strong><\/h3>\n\n\n\n<p>Se voc\u00ea for participar de uma reuni\u00e3o pela primeira vez, n\u00e3o precisa ficar nervoso. A maioria de nossas reuni\u00f5es \u00e9 muito simples; cada reuni\u00e3o tem um presidente que a conduz, e a maioria das reuni\u00f5es tem uma hora de dura\u00e7\u00e3o. O presidente e outros volunt\u00e1rios leem algumas declara\u00e7\u00f5es de abertura, antes de abrirmos a reuni\u00e3o para os membros compartilharem. N\u00e3o h\u00e1 nenhuma exig\u00eancia para compartilhar e n\u00e3o h\u00e1 problema em apenas ouvir. Voc\u00ea pode compartilhar como est\u00e1 se saindo, apresentar-se e o que o trouxe \u00e0 ITAA, ou fazer perguntas. A menos que solicitado pelo membro que est\u00e1 compartilhando, n\u00e3o oferecemos sugest\u00f5es ou coment\u00e1rios em resposta aos compartilhamentos dos outros; simplesmente ouvimos sem julgar. Ao final de uma hora, a reuni\u00e3o ser\u00e1 encerrada com algumas declara\u00e7\u00f5es finais, ap\u00f3s as quais os membros geralmente conversam casualmente, fazem perguntas e trocam detalhes de contato.<\/p>\n\n\n\n<h3 class=\"wp-block-heading\">Recursos para Internet e v\u00edcio em tecnologia<\/h3>\n\n\n\n<p>Se voc\u00ea est\u00e1 se perguntando se voc\u00ea pode ter um v\u00edcio em internet e tecnologia, voc\u00ea pode rever nossos question\u00e1rios para <a href=\"https:\/\/internetaddictsanonymous.org\/pt\/dependencia-de-internet-e-tecnologia\/\">v\u00edcio na internet<\/a>, <a href=\"https:\/\/internetaddictsanonymous.org\/pt\/dependencia-de-internet-e-tecnologia\/vicio-das-midias-sociais\/\">v\u00edcio das m\u00eddias sociais<\/a>, <a href=\"https:\/\/internetaddictsanonymous.org\/pt\/vicio-na-internet\/vicio-de-streaming\/\">v\u00edcio de streaming<\/a>, <a href=\"https:\/\/internetaddictsanonymous.org\/pt\/dependencia-de-internet-e-tecnologia\/vicio-em-telefone\/\">v\u00edcio em telefone<\/a>ou <a href=\"https:\/\/internetaddictsanonymous.org\/pt\/dependencia-de-internet-e-tecnologia\/vicio-em-videogame\/\">v\u00edcio em videogame<\/a>. Voc\u00ea tamb\u00e9m pode saber mais sobre ITAA lendo nosso&nbsp;<a href=\"https:\/\/internetaddictsanonymous.org\/pt\/guia-para-iniciantes\/\">guia para iniciantes<\/a>, revendo nosso <a href=\"https:\/\/internetaddictsanonymous.org\/pt\/recursos\/ferramentas-de-recuperacao\/\">ferramentas de recupera\u00e7\u00e3o<\/a>ou ouvir <a href=\"https:\/\/internetaddictsanonymous.org\/pt\/historias-de-recuperacao\/\">hist\u00f3rias de recupera\u00e7\u00e3o dos membros<\/a>.<\/p>\n\n\n\n<p>A ITAA n\u00e3o est\u00e1 afiliada a nenhuma agenda pol\u00edtica, religi\u00e3o ou interesses externos. Somos totalmente auto-sustent\u00e1veis e livres para todos os que precisam dele. Nosso \u00fanico objetivo \u00e9 nos abster de uso compulsivo da internet e da tecnologia e ajudar os outros a encontrar a liberdade deste v\u00edcio.<\/p>\n\n\n\n<p>Mais uma vez, seja bem-vindo! Esperamos que esta comunidade possa oferecer o apoio de que voc\u00ea precisa em sua recupera\u00e7\u00e3o do v\u00edcio em Internet e tecnologia. N\u00e3o hesite em entrar em contato conosco se tiver alguma d\u00favida.<\/p>\n<!-- PMB print buttons is only displayed on a single post\/page URLs-->","protected":false},"excerpt":{"rendered":"<p>Bem-vindo a Viciados em Internet e Tecnologia An\u00f4nimos! Estamos felizes por ter nos encontrado e esperamos que nossa comunidade possa ser t\u00e3o \u00fatil para voc\u00ea quanto tem sido para n\u00f3s. A ITAA \u00e9 uma irmandade de Doze Passos formada por indiv\u00edduos que se apoiam mutuamente na recupera\u00e7\u00e3o do v\u00edcio em Internet e tecnologia. Isso inclui o v\u00edcio em m\u00eddia social, smartphones, streaming ... <a href=\"https:\/\/internetaddictsanonymous.org\/pt\/in-person-meetings\/us-wa\/\" class=\"more-link\">Continue lendo <span class=\"screen-reader-text\">ITAA em Washington, EUA<\/span><\/a><\/p>","protected":false},"author":35194237,"featured_media":0,"parent":148,"menu_order":0,"comment_status":"closed","ping_status":"closed","template":"full-width-page.php","meta":{"inline_featured_image":false,"_lmt_disableupdate":"","_lmt_disable":"","jetpack_post_was_ever_published":false,"footnotes":""},"tags":[],"class_list":["post-16342","page","type-page","status-publish","hentry"],"yoast_head":"<!-- This site is optimized with the Yoast SEO plugin v27.1.1 - https:\/\/yoast.com\/product\/yoast-seo-wordpress\/ -->\n<title>ITAA in Washington, US &#8211; Internet and Technology Addicts Anonymous<\/title>\n<meta name=\"robots\" content=\"index, follow, max-snippet:-1, max-image-preview:large, max-video-preview:-1\" \/>\n<link rel=\"canonical\" href=\"https:\/\/internetaddictsanonymous.org\/pt\/reunioes-de-adiccao-internet-local\/nos-vamos\/\" \/>\n<meta property=\"og:locale\" content=\"pt_BR\" \/>\n<meta property=\"og:type\" content=\"article\" \/>\n<meta property=\"og:title\" content=\"ITAA in Washington, US &#8211; Internet and Technology Addicts Anonymous\" \/>\n<meta property=\"og:description\" content=\"Welcome to Internet and Technology Addicts Anonymous! We\u2019re glad you\u2019ve found us, and we hope our community can be as helpful to you as it has been for us. ITAA is a Twelve-Step fellowship of individuals who support each other in recovering from internet and technology addiction. This includes addiction to social media, smartphones, streaming &hellip; Continue lendo ITAA in Washington, US\" \/>\n<meta property=\"og:url\" content=\"https:\/\/internetaddictsanonymous.org\/pt\/reunioes-de-adiccao-internet-local\/nos-vamos\/\" \/>\n<meta property=\"og:site_name\" content=\"Internet and Technology Addicts Anonymous\" \/>\n<meta property=\"article:modified_time\" content=\"2026-02-13T11:17:57+00:00\" \/>\n<meta name=\"twitter:card\" content=\"summary_large_image\" \/>\n<meta name=\"twitter:label1\" content=\"Est. tempo de leitura\" \/>\n\t<meta name=\"twitter:data1\" content=\"3 minutos\" \/>\n<script type=\"application\/ld+json\" class=\"yoast-schema-graph\">{\"@context\":\"https:\/\/schema.org\",\"@graph\":[{\"@type\":\"WebPage\",\"@id\":\"https:\/\/internetaddictsanonymous.org\/in-person-meetings\/us-wa\/\",\"url\":\"https:\/\/internetaddictsanonymous.org\/in-person-meetings\/us-wa\/\",\"name\":\"ITAA in Washington, US &#8211; Internet and Technology Addicts Anonymous\",\"isPartOf\":{\"@id\":\"https:\/\/internetaddictsanonymous.org\/#website\"},\"datePublished\":\"2023-07-16T17:34:25+00:00\",\"dateModified\":\"2026-02-13T11:17:57+00:00\",\"breadcrumb\":{\"@id\":\"https:\/\/internetaddictsanonymous.org\/in-person-meetings\/us-wa\/#breadcrumb\"},\"inLanguage\":\"pt-BR\",\"potentialAction\":[{\"@type\":\"ReadAction\",\"target\":[\"https:\/\/internetaddictsanonymous.org\/in-person-meetings\/us-wa\/\"]}]},{\"@type\":\"BreadcrumbList\",\"@id\":\"https:\/\/internetaddictsanonymous.org\/in-person-meetings\/us-wa\/#breadcrumb\",\"itemListElement\":[{\"@type\":\"ListItem\",\"position\":1,\"name\":\"Home\",\"item\":\"https:\/\/internetaddictsanonymous.org\/\"},{\"@type\":\"ListItem\",\"position\":2,\"name\":\"In-Person Meetings\",\"item\":\"https:\/\/internetaddictsanonymous.org\/in-person-meetings\/\"},{\"@type\":\"ListItem\",\"position\":3,\"name\":\"ITAA in Washington, US\"}]},{\"@type\":\"WebSite\",\"@id\":\"https:\/\/internetaddictsanonymous.org\/#website\",\"url\":\"https:\/\/internetaddictsanonymous.org\/\",\"name\":\"Internet and Technology Addicts Anonymous\",\"description\":\"Worldwide 12-step Fellowship for Internet and Technology Addiction\",\"publisher\":{\"@id\":\"https:\/\/internetaddictsanonymous.org\/#organization\"},\"potentialAction\":[{\"@type\":\"SearchAction\",\"target\":{\"@type\":\"EntryPoint\",\"urlTemplate\":\"https:\/\/internetaddictsanonymous.org\/?s={search_term_string}\"},\"query-input\":{\"@type\":\"PropertyValueSpecification\",\"valueRequired\":true,\"valueName\":\"search_term_string\"}}],\"inLanguage\":\"pt-BR\"},{\"@type\":\"Organization\",\"@id\":\"https:\/\/internetaddictsanonymous.org\/#organization\",\"name\":\"Internet and Technology Addicts Anonymous\",\"url\":\"https:\/\/internetaddictsanonymous.org\/\",\"logo\":{\"@type\":\"ImageObject\",\"inLanguage\":\"pt-BR\",\"@id\":\"https:\/\/internetaddictsanonymous.org\/#\/schema\/logo\/image\/\",\"url\":\"https:\/\/internetaddictsanonymous.org\/wp-content\/uploads\/2023\/01\/cropped-ITAA-logo-480px.png\",\"contentUrl\":\"https:\/\/internetaddictsanonymous.org\/wp-content\/uploads\/2023\/01\/cropped-ITAA-logo-480px.png\",\"width\":480,\"height\":480,\"caption\":\"Internet and Technology Addicts Anonymous\"},\"image\":{\"@id\":\"https:\/\/internetaddictsanonymous.org\/#\/schema\/logo\/image\/\"}}]}<\/script>\n<!-- \/ Yoast SEO plugin. -->","yoast_head_json":{"title":"ITAA em Washington, EUA \u2013 Viciados em Internet e Tecnologia An\u00f4nimos","robots":{"index":"index","follow":"follow","max-snippet":"max-snippet:-1","max-image-preview":"max-image-preview:large","max-video-preview":"max-video-preview:-1"},"canonical":"https:\/\/internetaddictsanonymous.org\/pt\/reunioes-de-adiccao-internet-local\/nos-vamos\/","og_locale":"pt_BR","og_type":"article","og_title":"ITAA in Washington, US &#8211; Internet and Technology Addicts Anonymous","og_description":"Welcome to Internet and Technology Addicts Anonymous! We\u2019re glad you\u2019ve found us, and we hope our community can be as helpful to you as it has been for us. ITAA is a Twelve-Step fellowship of individuals who support each other in recovering from internet and technology addiction. This includes addiction to social media, smartphones, streaming &hellip; Continue lendo ITAA in Washington, US","og_url":"https:\/\/internetaddictsanonymous.org\/pt\/reunioes-de-adiccao-internet-local\/nos-vamos\/","og_site_name":"Internet and Technology Addicts Anonymous","article_modified_time":"2026-02-13T11:17:57+00:00","twitter_card":"summary_large_image","twitter_misc":{"Est. tempo de leitura":"3 minutos"},"schema":{"@context":"https:\/\/schema.org","@graph":[{"@type":"WebPage","@id":"https:\/\/internetaddictsanonymous.org\/in-person-meetings\/us-wa\/","url":"https:\/\/internetaddictsanonymous.org\/in-person-meetings\/us-wa\/","name":"ITAA em Washington, EUA \u2013 Viciados em Internet e Tecnologia An\u00f4nimos","isPartOf":{"@id":"https:\/\/internetaddictsanonymous.org\/#website"},"datePublished":"2023-07-16T17:34:25+00:00","dateModified":"2026-02-13T11:17:57+00:00","breadcrumb":{"@id":"https:\/\/internetaddictsanonymous.org\/in-person-meetings\/us-wa\/#breadcrumb"},"inLanguage":"pt-BR","potentialAction":[{"@type":"ReadAction","target":["https:\/\/internetaddictsanonymous.org\/in-person-meetings\/us-wa\/"]}]},{"@type":"BreadcrumbList","@id":"https:\/\/internetaddictsanonymous.org\/in-person-meetings\/us-wa\/#breadcrumb","itemListElement":[{"@type":"ListItem","position":1,"name":"Home","item":"https:\/\/internetaddictsanonymous.org\/"},{"@type":"ListItem","position":2,"name":"In-Person Meetings","item":"https:\/\/internetaddictsanonymous.org\/in-person-meetings\/"},{"@type":"ListItem","position":3,"name":"ITAA in Washington, US"}]},{"@type":"WebSite","@id":"https:\/\/internetaddictsanonymous.org\/#website","url":"https:\/\/internetaddictsanonymous.org\/","name":"Dependentes de Internet e Tecnologia An\u00f4nimos","description":"Bolsa mundial de 12 passos para Internet e v\u00edcio em tecnologia","publisher":{"@id":"https:\/\/internetaddictsanonymous.org\/#organization"},"potentialAction":[{"@type":"SearchAction","target":{"@type":"EntryPoint","urlTemplate":"https:\/\/internetaddictsanonymous.org\/?s={search_term_string}"},"query-input":{"@type":"PropertyValueSpecification","valueRequired":true,"valueName":"search_term_string"}}],"inLanguage":"pt-BR"},{"@type":"Organization","@id":"https:\/\/internetaddictsanonymous.org\/#organization","name":"Dependentes de Internet e Tecnologia An\u00f4nimos","url":"https:\/\/internetaddictsanonymous.org\/","logo":{"@type":"ImageObject","inLanguage":"pt-BR","@id":"https:\/\/internetaddictsanonymous.org\/#\/schema\/logo\/image\/","url":"https:\/\/internetaddictsanonymous.org\/wp-content\/uploads\/2023\/01\/cropped-ITAA-logo-480px.png","contentUrl":"https:\/\/internetaddictsanonymous.org\/wp-content\/uploads\/2023\/01\/cropped-ITAA-logo-480px.png","width":480,"height":480,"caption":"Internet and Technology Addicts Anonymous"},"image":{"@id":"https:\/\/internetaddictsanonymous.org\/#\/schema\/logo\/image\/"}}]}},"jetpack_sharing_enabled":true,"jetpack_shortlink":"https:\/\/wp.me\/P9Fwob-4fA","_links":{"self":[{"href":"https:\/\/internetaddictsanonymous.org\/pt\/wp-json\/wp\/v2\/pages\/16342","targetHints":{"allow":["GET"]}}],"collection":[{"href":"https:\/\/internetaddictsanonymous.org\/pt\/wp-json\/wp\/v2\/pages"}],"about":[{"href":"https:\/\/internetaddictsanonymous.org\/pt\/wp-json\/wp\/v2\/types\/page"}],"author":[{"embeddable":true,"href":"https:\/\/internetaddictsanonymous.org\/pt\/wp-json\/wp\/v2\/users\/35194237"}],"replies":[{"embeddable":true,"href":"https:\/\/internetaddictsanonymous.org\/pt\/wp-json\/wp\/v2\/comments?post=16342"}],"version-history":[{"count":17,"href":"https:\/\/internetaddictsanonymous.org\/pt\/wp-json\/wp\/v2\/pages\/16342\/revisions"}],"predecessor-version":[{"id":21063,"href":"https:\/\/internetaddictsanonymous.org\/pt\/wp-json\/wp\/v2\/pages\/16342\/revisions\/21063"}],"up":[{"embeddable":true,"href":"https:\/\/internetaddictsanonymous.org\/pt\/wp-json\/wp\/v2\/pages\/148"}],"wp:attachment":[{"href":"https:\/\/internetaddictsanonymous.org\/pt\/wp-json\/wp\/v2\/media?parent=16342"}],"wp:term":[{"taxonomy":"post_tag","embeddable":true,"href":"https:\/\/internetaddictsanonymous.org\/pt\/wp-json\/wp\/v2\/tags?post=16342"}],"curies":[{"name":"wp","href":"https:\/\/api.w.org\/{rel}","templated":true}]}}