{"id":16390,"date":"2023-07-16T14:01:24","date_gmt":"2023-07-16T18:01:24","guid":{"rendered":"https:\/\/internetaddictsanonymous.org\/?page_id=16390"},"modified":"2026-04-03T06:55:28","modified_gmt":"2026-04-03T13:55:28","slug":"reino-unido-londres","status":"publish","type":"page","link":"https:\/\/internetaddictsanonymous.org\/pt\/in-person-meetings\/uk-london\/","title":{"rendered":"ITAA no Reino Unido"},"content":{"rendered":"<p>Bem-vindo \u00e0 Internet e Viciados em Tecnologia An\u00f4nimos! Estamos felizes por nos ter encontrado e esperamos que nossa comunidade possa ser t\u00e3o \u00fatil para voc\u00ea quanto tem sido para n\u00f3s.<strong> <mark style=\"background-color:rgba(0, 0, 0, 0)\" class=\"has-inline-color has-dark-gray-color\">ITAA \u00e9 uma bolsa de doze passos de indiv\u00edduos que se ap\u00f3iam mutuamente na recupera\u00e7\u00e3o do v\u00edcio da internet e da tecnologia.<\/mark><\/strong> Isso inclui o v\u00edcio em m\u00eddias sociais, smartphones, streaming de conte\u00fado de v\u00eddeo ou \u00e1udio, jogos, not\u00edcias, pornografia, aplicativos de namoro, pesquisa on-line, compras on-line ou qualquer outra atividade digital que se torne compulsiva e problem\u00e1tica.&nbsp;<\/p>\n\n\n\n<h3 class=\"wp-block-heading\">Reuni\u00f5es em Cambridge (Potencial)<\/h3>\n\n\n\n<p>H\u00e1 interesse em iniciar uma reuni\u00e3o em Cambridge. Por favor, entre em contato com <a href=\"mailto:recovering.rhys@gmail.com\" target=\"_blank\" rel=\"noreferrer noopener\">recovering.rhys@gmail.com<\/a>&nbsp;Para maiores informa\u00e7\u00f5es.&nbsp;<\/p>\n\n\n\n<h3 class=\"wp-block-heading\">Reuni\u00f5es em Edimburgo <\/h3>\n\n\n\n<p>Nota: Por favor, entre em contato com\u00a0<a href=\"mailto:fellowshipedinburgh@gmail.com\" target=\"_blank\" rel=\"noreferrer noopener\">fellowshipedinburgh@gmail.com<\/a>\u00a0Antes de comparecer a uma reuni\u00e3o, certifique-se de que ela ocorrer\u00e1 naquele dia.<\/p>\n\n\n\n<p>Quando: A reuni\u00e3o acontecer\u00e1 das 19h \u00e0s 20h, a partir de quarta-feira.<br>Local: O evento ser\u00e1 realizado no The Space Creative and Cultural Hub, 183 Dalry Road, EH11 2EB.<br>Quem: para obter mais informa\u00e7\u00f5es, entre em contato com Ben pelo endere\u00e7o:&nbsp;<a href=\"mailto:fellowshipedinburgh@gmail.com\" target=\"_blank\" rel=\"noreferrer noopener\">fellowshipedinburgh@gmail.com<\/a><\/p>\n\n\n\n<h3 class=\"wp-block-heading\">Reuni\u00f5es em Glasgow<\/h3>\n\n\n\n<p>Quando: Quinta-feira, das 18h30 \u00e0s 19h30<br>Local: Partick Burgh Hall, 9 Burgh Hall St, Glasgow<br>Por favor, entre em contato com&nbsp;<a href=\"mailto:wakeuplookuptheresa@icloud.com\" target=\"_blank\" rel=\"noreferrer noopener\">wakeuplookuptheresa@icloud.com<\/a>&nbsp;ou +44 7541274057 para obter mais informa\u00e7\u00f5es.<\/p>\n\n\n\n<h3 class=\"wp-block-heading\">Reuni\u00e3o em Leeds (Potencial)<\/h3>\n\n\n\n<p>Um dos membros est\u00e1 interessado em iniciar uma reuni\u00e3o em Leeds. Por favor, entre em contato com <a href=\"mailto:seekingserenity35@tuta.io\">seekingserenity35@tuta.io<\/a> Se voc\u00ea quiser fazer parte disso.<\/p>\n\n\n\n<h3 class=\"wp-block-heading\">Reuni\u00f5es em Londres<\/h3>\n\n\n\n<p>Quando: Todos os domingos \u00e0s 13h30 e com dura\u00e7\u00e3o de 1 hora. Tamb\u00e9m teremos uma nova reuni\u00e3o a partir de ter\u00e7a-feira, 24\/02\/2026, das 17h55 \u00e0s 19h00. <br>Local: Sala de reuni\u00f5es pequena no Soho Recovery Centre, 123 Charing Cross Road, Londres, WC2H 0EW, Reino Unido.<br>Contato: Entre em contato com&nbsp;<a href=\"mailto:londonitaa@gmail.com\" target=\"_blank\" rel=\"noreferrer noopener\">londonitaa@gmail.com<\/a>&nbsp;se voc\u00ea tiver alguma d\u00favida ou quiser saber mais sobre nosso encontro.<br><br>Quem pode participar: Esta reuni\u00e3o \u00e9 para pessoas viciadas em internet e tecnologia ou que acham que podem vir a ser.<\/p>\n\n\n\n<h3 class=\"wp-block-heading\">Reuni\u00f5es em Newcastle (Potencial)<\/h3>\n\n\n\n<p>Um dos membros est\u00e1 interessado em iniciar uma reuni\u00e3o presencial em Newcastle upon Tyne. Por favor, entre em contato com <a href=\"mailto:shmulybee1@gmail.com\">shmulybee1@gmail.com<\/a> para mais informa\u00e7\u00f5es.<\/p>\n\n\n\n<h3 class=\"wp-block-heading\">Reuni\u00f5es em Oxford<\/h3>\n\n\n\n<p>Quando: toda quarta-feira, das 18h \u00e0s 19h<br>Onde: West Oxford Community Centre, Botley Rd, Oxford OX2 0BT \u2013 Ao chegar ao Centro, n\u00e3o entre pela porta principal, mas contorne o exterior do edif\u00edcio para o lado direito para encontrar a Sala de Semin\u00e1rios 1.<br>Contact:&nbsp;itaaoxford@gmail.com<br>Informa\u00e7\u00f5es adicionais: Convidamos calorosamente todos os rec\u00e9m-chegados e qualquer pessoa que se identifique como um viciado em internet e tecnologia a participar desta reuni\u00e3o. Esta \u00e9 uma reuni\u00e3o \u201cfechada\u201d, o que significa que solicitamos gentilmente aos investigadores, jornalistas, amigos e familiares que encontrem uma reuni\u00e3o \u201caberta\u201d para participar. Existem v\u00e1rias reuni\u00f5es online abertas que s\u00e3o apropriadas para a participa\u00e7\u00e3o de n\u00e3o adictos. Se voc\u00ea quiser saber mais sobre nosso encontro em Oxford, entre em contato atrav\u00e9s do e-mail de contato.<br>NB: A Botley Road est\u00e1 fechada na ponte ferrovi\u00e1ria para carros e \u00f4nibus. Se voc\u00ea estiver dirigindo, dever\u00e1 se aproximar pelo oeste. H\u00e1 estacionamento gratuito no local. Por favor, envie-nos um email se voc\u00ea tiver alguma d\u00favida sobre como chegar aqui.<\/p>\n\n\n\n<figure class=\"wp-block-image\"><img decoding=\"async\" width=\"681\" height=\"376\" src=\"https:\/\/internetaddictsanonymous.org\/wp-content\/uploads\/2023\/07\/directions-to-WOCC-seminar-room-1.png\" alt=\"\" class=\"wp-image-16457\" srcset=\"https:\/\/internetaddictsanonymous.org\/wp-content\/uploads\/2023\/07\/directions-to-WOCC-seminar-room-1.png 681w, https:\/\/internetaddictsanonymous.org\/wp-content\/uploads\/2023\/07\/directions-to-WOCC-seminar-room-1-300x166.png 300w, https:\/\/internetaddictsanonymous.org\/wp-content\/uploads\/2023\/07\/directions-to-WOCC-seminar-room-1-18x10.png 18w\" sizes=\"(max-width: 681px) 100vw, 681px\" \/><\/figure>\n\n\n\n<h3 class=\"wp-block-heading\">Reuni\u00f5es adicionais<\/h3>\n\n\n\n<p>Se voc\u00ea \u00e9 novo, recomendamos que tente participar de seis reuni\u00f5es em um curto per\u00edodo de tempo para ver se nosso programa pode ser \u00fatil para voc\u00ea. Al\u00e9m de nossa reuni\u00e3o presencial local, voc\u00ea tamb\u00e9m pode analisar nosso <a href=\"https:\/\/internetaddictsanonymous.org\/pt\/reunioes-de-adiccao-internet-local\/\">outras reuni\u00f5es presenciais<\/a> e um <a href=\"https:\/\/internetaddictsanonymous.org\/pt\/reunioes-on-line\/\">programa\u00e7\u00e3o completa das reuni\u00f5es on-line<\/a>. Todas as reuni\u00f5es s\u00e3o totalmente gratuitas e an\u00f4nimas.<\/p>\n\n\n\n<h3 class=\"wp-block-heading\">Como funcionam as reuni\u00f5es?<\/h3>\n\n\n\n<p>Se voc\u00ea for participar de uma reuni\u00e3o pela primeira vez, n\u00e3o precisa ficar nervoso. A maioria de nossas reuni\u00f5es \u00e9 muito simples; cada reuni\u00e3o tem um presidente que a conduz, e a maioria das reuni\u00f5es tem uma hora de dura\u00e7\u00e3o. O presidente e outros volunt\u00e1rios leem algumas declara\u00e7\u00f5es de abertura, antes de abrirmos a reuni\u00e3o para os membros compartilharem. N\u00e3o h\u00e1 necessidade de compartilhar, e n\u00e3o h\u00e1 problema em apenas ouvir. Caso se sinta confort\u00e1vel, voc\u00ea pode se apresentar e compartilhar o que o trouxe \u00e0 ITAA. A menos que solicitado pelo membro que est\u00e1 compartilhando, n\u00e3o oferecemos sugest\u00f5es ou coment\u00e1rios em resposta aos compartilhamentos dos outros; simplesmente ouvimos sem julgar. Ao final de uma hora, a reuni\u00e3o ser\u00e1 encerrada com algumas declara\u00e7\u00f5es finais, ap\u00f3s as quais os membros geralmente conversam casualmente, fazem perguntas e trocam detalhes de contato.<\/p>\n\n\n\n<h3 class=\"wp-block-heading\">Recursos para Internet e v\u00edcio em tecnologia<\/h3>\n\n\n\n<p>Se voc\u00ea est\u00e1 se perguntando se voc\u00ea pode ter um v\u00edcio em internet e tecnologia, voc\u00ea pode rever nossos question\u00e1rios para <a href=\"https:\/\/internetaddictsanonymous.org\/pt\/dependencia-de-internet-e-tecnologia\/\">v\u00edcio na internet<\/a>, <a href=\"https:\/\/internetaddictsanonymous.org\/pt\/dependencia-de-internet-e-tecnologia\/vicio-das-midias-sociais\/\">v\u00edcio das m\u00eddias sociais<\/a>, <a href=\"https:\/\/internetaddictsanonymous.org\/pt\/vicio-na-internet\/vicio-de-streaming\/\">v\u00edcio de streaming<\/a>, <a href=\"https:\/\/internetaddictsanonymous.org\/pt\/dependencia-de-internet-e-tecnologia\/vicio-em-telefone\/\">v\u00edcio em telefone<\/a>ou <a href=\"https:\/\/internetaddictsanonymous.org\/pt\/dependencia-de-internet-e-tecnologia\/vicio-em-videogame\/\">v\u00edcio em videogame<\/a>. Voc\u00ea tamb\u00e9m pode saber mais sobre ITAA lendo nosso&nbsp;<a href=\"https:\/\/internetaddictsanonymous.org\/pt\/guia-para-iniciantes\/\">guia para iniciantes<\/a>, revendo nosso <a href=\"https:\/\/internetaddictsanonymous.org\/pt\/recursos\/ferramentas-de-recuperacao\/\">ferramentas de recupera\u00e7\u00e3o<\/a>ou ouvir <a href=\"https:\/\/internetaddictsanonymous.org\/pt\/historias-de-recuperacao\/\">hist\u00f3rias de recupera\u00e7\u00e3o dos membros<\/a>.<\/p>\n\n\n\n<p>A ITAA n\u00e3o est\u00e1 afiliada a nenhuma agenda pol\u00edtica, religi\u00e3o ou interesses externos. Somos totalmente auto-sustent\u00e1veis e livres para todos os que precisam dele. Nosso \u00fanico objetivo \u00e9 nos abster de uso compulsivo da internet e da tecnologia e ajudar os outros a encontrar a liberdade deste v\u00edcio.<\/p>\n\n\n\n<p>Mais uma vez, seja bem-vindo! Esperamos que esta comunidade possa oferecer o apoio de que voc\u00ea precisa em sua recupera\u00e7\u00e3o do v\u00edcio em Internet e tecnologia. N\u00e3o hesite em entrar em contato conosco se tiver alguma d\u00favida.<\/p>\n<!-- PMB print buttons is only displayed on a single post\/page URLs-->","protected":false},"excerpt":{"rendered":"<p>Bem-vindo a Viciados em Internet e Tecnologia An\u00f4nimos! Estamos felizes por ter nos encontrado e esperamos que nossa comunidade possa ser t\u00e3o \u00fatil para voc\u00ea quanto tem sido para n\u00f3s. A ITAA \u00e9 uma irmandade de Doze Passos formada por indiv\u00edduos que se apoiam mutuamente na recupera\u00e7\u00e3o do v\u00edcio em Internet e tecnologia. Isso inclui o v\u00edcio em m\u00eddia social, smartphones, streaming ... <a href=\"https:\/\/internetaddictsanonymous.org\/pt\/in-person-meetings\/uk-london\/\" class=\"more-link\">Continue lendo <span class=\"screen-reader-text\">ITAA no Reino Unido<\/span><\/a><\/p>","protected":false},"author":35194237,"featured_media":0,"parent":148,"menu_order":0,"comment_status":"closed","ping_status":"closed","template":"full-width-page.php","meta":{"inline_featured_image":false,"_lmt_disableupdate":"","_lmt_disable":"","footnotes":""},"tags":[],"class_list":["post-16390","page","type-page","status-publish","hentry"],"yoast_head":"<!-- This site is optimized with the Yoast SEO plugin v27.5 - https:\/\/yoast.com\/product\/yoast-seo-wordpress\/ -->\n<title>ITAA in United Kingdom &#8211; Internet and Technology Addicts Anonymous<\/title>\n<meta name=\"robots\" content=\"index, follow, max-snippet:-1, max-image-preview:large, max-video-preview:-1\" \/>\n<link rel=\"canonical\" href=\"https:\/\/internetaddictsanonymous.org\/pt\/reunioes-de-adiccao-internet-local\/reino-unido-londres\/\" \/>\n<meta property=\"og:locale\" content=\"pt_BR\" \/>\n<meta property=\"og:type\" content=\"article\" \/>\n<meta property=\"og:title\" content=\"ITAA in United Kingdom &#8211; Internet and Technology Addicts Anonymous\" \/>\n<meta property=\"og:description\" content=\"Welcome to Internet and Technology Addicts Anonymous! We\u2019re glad you\u2019ve found us, and we hope our community can be as helpful to you as it has been for us. ITAA is a Twelve-Step fellowship of individuals who support each other in recovering from internet and technology addiction. This includes addiction to social media, smartphones, streaming &hellip; Continue lendo ITAA in United Kingdom\" \/>\n<meta property=\"og:url\" content=\"https:\/\/internetaddictsanonymous.org\/pt\/reunioes-de-adiccao-internet-local\/reino-unido-londres\/\" \/>\n<meta property=\"og:site_name\" content=\"Internet and Technology Addicts Anonymous\" \/>\n<meta property=\"article:modified_time\" content=\"2026-04-03T13:55:28+00:00\" \/>\n<meta property=\"og:image\" content=\"https:\/\/internetaddictsanonymous.org\/wp-content\/uploads\/2023\/07\/directions-to-WOCC-seminar-room-1.png\" \/>\n\t<meta property=\"og:image:width\" content=\"681\" \/>\n\t<meta property=\"og:image:height\" content=\"376\" \/>\n\t<meta property=\"og:image:type\" content=\"image\/png\" \/>\n<meta name=\"twitter:card\" content=\"summary_large_image\" \/>\n<meta name=\"twitter:label1\" content=\"Est. tempo de leitura\" \/>\n\t<meta name=\"twitter:data1\" content=\"4 minutos\" \/>\n<script type=\"application\/ld+json\" class=\"yoast-schema-graph\">{\"@context\":\"https:\\\/\\\/schema.org\",\"@graph\":[{\"@type\":\"WebPage\",\"@id\":\"https:\\\/\\\/internetaddictsanonymous.org\\\/in-person-meetings\\\/uk-london\\\/\",\"url\":\"https:\\\/\\\/internetaddictsanonymous.org\\\/in-person-meetings\\\/uk-london\\\/\",\"name\":\"ITAA in United Kingdom &#8211; Internet and Technology Addicts Anonymous\",\"isPartOf\":{\"@id\":\"https:\\\/\\\/internetaddictsanonymous.org\\\/#website\"},\"primaryImageOfPage\":{\"@id\":\"https:\\\/\\\/internetaddictsanonymous.org\\\/in-person-meetings\\\/uk-london\\\/#primaryimage\"},\"image\":{\"@id\":\"https:\\\/\\\/internetaddictsanonymous.org\\\/in-person-meetings\\\/uk-london\\\/#primaryimage\"},\"thumbnailUrl\":\"https:\\\/\\\/internetaddictsanonymous.org\\\/wp-content\\\/uploads\\\/2023\\\/07\\\/directions-to-WOCC-seminar-room-1.png\",\"datePublished\":\"2023-07-16T18:01:24+00:00\",\"dateModified\":\"2026-04-03T13:55:28+00:00\",\"breadcrumb\":{\"@id\":\"https:\\\/\\\/internetaddictsanonymous.org\\\/in-person-meetings\\\/uk-london\\\/#breadcrumb\"},\"inLanguage\":\"pt-BR\",\"potentialAction\":[{\"@type\":\"ReadAction\",\"target\":[\"https:\\\/\\\/internetaddictsanonymous.org\\\/in-person-meetings\\\/uk-london\\\/\"]}]},{\"@type\":\"ImageObject\",\"inLanguage\":\"pt-BR\",\"@id\":\"https:\\\/\\\/internetaddictsanonymous.org\\\/in-person-meetings\\\/uk-london\\\/#primaryimage\",\"url\":\"https:\\\/\\\/internetaddictsanonymous.org\\\/wp-content\\\/uploads\\\/2023\\\/07\\\/directions-to-WOCC-seminar-room-1.png\",\"contentUrl\":\"https:\\\/\\\/internetaddictsanonymous.org\\\/wp-content\\\/uploads\\\/2023\\\/07\\\/directions-to-WOCC-seminar-room-1.png\"},{\"@type\":\"BreadcrumbList\",\"@id\":\"https:\\\/\\\/internetaddictsanonymous.org\\\/in-person-meetings\\\/uk-london\\\/#breadcrumb\",\"itemListElement\":[{\"@type\":\"ListItem\",\"position\":1,\"name\":\"Home\",\"item\":\"https:\\\/\\\/internetaddictsanonymous.org\\\/\"},{\"@type\":\"ListItem\",\"position\":2,\"name\":\"In-Person Meetings\",\"item\":\"https:\\\/\\\/internetaddictsanonymous.org\\\/in-person-meetings\\\/\"},{\"@type\":\"ListItem\",\"position\":3,\"name\":\"ITAA in United Kingdom\"}]},{\"@type\":\"WebSite\",\"@id\":\"https:\\\/\\\/internetaddictsanonymous.org\\\/#website\",\"url\":\"https:\\\/\\\/internetaddictsanonymous.org\\\/\",\"name\":\"Internet and Technology Addicts Anonymous\",\"description\":\"Worldwide 12-step Fellowship for Internet and Technology Addiction\",\"publisher\":{\"@id\":\"https:\\\/\\\/internetaddictsanonymous.org\\\/#organization\"},\"potentialAction\":[{\"@type\":\"SearchAction\",\"target\":{\"@type\":\"EntryPoint\",\"urlTemplate\":\"https:\\\/\\\/internetaddictsanonymous.org\\\/?s={search_term_string}\"},\"query-input\":{\"@type\":\"PropertyValueSpecification\",\"valueRequired\":true,\"valueName\":\"search_term_string\"}}],\"inLanguage\":\"pt-BR\"},{\"@type\":\"Organization\",\"@id\":\"https:\\\/\\\/internetaddictsanonymous.org\\\/#organization\",\"name\":\"Internet and Technology Addicts Anonymous\",\"url\":\"https:\\\/\\\/internetaddictsanonymous.org\\\/\",\"logo\":{\"@type\":\"ImageObject\",\"inLanguage\":\"pt-BR\",\"@id\":\"https:\\\/\\\/internetaddictsanonymous.org\\\/#\\\/schema\\\/logo\\\/image\\\/\",\"url\":\"https:\\\/\\\/internetaddictsanonymous.org\\\/wp-content\\\/uploads\\\/2023\\\/01\\\/cropped-ITAA-logo-480px.png\",\"contentUrl\":\"https:\\\/\\\/internetaddictsanonymous.org\\\/wp-content\\\/uploads\\\/2023\\\/01\\\/cropped-ITAA-logo-480px.png\",\"width\":480,\"height\":480,\"caption\":\"Internet and Technology Addicts Anonymous\"},\"image\":{\"@id\":\"https:\\\/\\\/internetaddictsanonymous.org\\\/#\\\/schema\\\/logo\\\/image\\\/\"}}]}<\/script>\n<!-- \/ Yoast SEO plugin. -->","yoast_head_json":{"title":"ITAA no Reino Unido \u2013 Viciados em Internet e Tecnologia An\u00f4nimos","robots":{"index":"index","follow":"follow","max-snippet":"max-snippet:-1","max-image-preview":"max-image-preview:large","max-video-preview":"max-video-preview:-1"},"canonical":"https:\/\/internetaddictsanonymous.org\/pt\/reunioes-de-adiccao-internet-local\/reino-unido-londres\/","og_locale":"pt_BR","og_type":"article","og_title":"ITAA in United Kingdom &#8211; Internet and Technology Addicts Anonymous","og_description":"Welcome to Internet and Technology Addicts Anonymous! We\u2019re glad you\u2019ve found us, and we hope our community can be as helpful to you as it has been for us. ITAA is a Twelve-Step fellowship of individuals who support each other in recovering from internet and technology addiction. This includes addiction to social media, smartphones, streaming &hellip; Continue lendo ITAA in United Kingdom","og_url":"https:\/\/internetaddictsanonymous.org\/pt\/reunioes-de-adiccao-internet-local\/reino-unido-londres\/","og_site_name":"Internet and Technology Addicts Anonymous","article_modified_time":"2026-04-03T13:55:28+00:00","og_image":[{"width":681,"height":376,"url":"https:\/\/internetaddictsanonymous.org\/wp-content\/uploads\/2023\/07\/directions-to-WOCC-seminar-room-1.png","type":"image\/png"}],"twitter_card":"summary_large_image","twitter_misc":{"Est. tempo de leitura":"4 minutos"},"schema":{"@context":"https:\/\/schema.org","@graph":[{"@type":"WebPage","@id":"https:\/\/internetaddictsanonymous.org\/in-person-meetings\/uk-london\/","url":"https:\/\/internetaddictsanonymous.org\/in-person-meetings\/uk-london\/","name":"ITAA no Reino Unido \u2013 Viciados em Internet e Tecnologia An\u00f4nimos","isPartOf":{"@id":"https:\/\/internetaddictsanonymous.org\/#website"},"primaryImageOfPage":{"@id":"https:\/\/internetaddictsanonymous.org\/in-person-meetings\/uk-london\/#primaryimage"},"image":{"@id":"https:\/\/internetaddictsanonymous.org\/in-person-meetings\/uk-london\/#primaryimage"},"thumbnailUrl":"https:\/\/internetaddictsanonymous.org\/wp-content\/uploads\/2023\/07\/directions-to-WOCC-seminar-room-1.png","datePublished":"2023-07-16T18:01:24+00:00","dateModified":"2026-04-03T13:55:28+00:00","breadcrumb":{"@id":"https:\/\/internetaddictsanonymous.org\/in-person-meetings\/uk-london\/#breadcrumb"},"inLanguage":"pt-BR","potentialAction":[{"@type":"ReadAction","target":["https:\/\/internetaddictsanonymous.org\/in-person-meetings\/uk-london\/"]}]},{"@type":"ImageObject","inLanguage":"pt-BR","@id":"https:\/\/internetaddictsanonymous.org\/in-person-meetings\/uk-london\/#primaryimage","url":"https:\/\/internetaddictsanonymous.org\/wp-content\/uploads\/2023\/07\/directions-to-WOCC-seminar-room-1.png","contentUrl":"https:\/\/internetaddictsanonymous.org\/wp-content\/uploads\/2023\/07\/directions-to-WOCC-seminar-room-1.png"},{"@type":"BreadcrumbList","@id":"https:\/\/internetaddictsanonymous.org\/in-person-meetings\/uk-london\/#breadcrumb","itemListElement":[{"@type":"ListItem","position":1,"name":"Home","item":"https:\/\/internetaddictsanonymous.org\/"},{"@type":"ListItem","position":2,"name":"In-Person Meetings","item":"https:\/\/internetaddictsanonymous.org\/in-person-meetings\/"},{"@type":"ListItem","position":3,"name":"ITAA in United Kingdom"}]},{"@type":"WebSite","@id":"https:\/\/internetaddictsanonymous.org\/#website","url":"https:\/\/internetaddictsanonymous.org\/","name":"Dependentes de Internet e Tecnologia An\u00f4nimos","description":"Bolsa mundial de 12 passos para Internet e v\u00edcio em tecnologia","publisher":{"@id":"https:\/\/internetaddictsanonymous.org\/#organization"},"potentialAction":[{"@type":"SearchAction","target":{"@type":"EntryPoint","urlTemplate":"https:\/\/internetaddictsanonymous.org\/?s={search_term_string}"},"query-input":{"@type":"PropertyValueSpecification","valueRequired":true,"valueName":"search_term_string"}}],"inLanguage":"pt-BR"},{"@type":"Organization","@id":"https:\/\/internetaddictsanonymous.org\/#organization","name":"Dependentes de Internet e Tecnologia An\u00f4nimos","url":"https:\/\/internetaddictsanonymous.org\/","logo":{"@type":"ImageObject","inLanguage":"pt-BR","@id":"https:\/\/internetaddictsanonymous.org\/#\/schema\/logo\/image\/","url":"https:\/\/internetaddictsanonymous.org\/wp-content\/uploads\/2023\/01\/cropped-ITAA-logo-480px.png","contentUrl":"https:\/\/internetaddictsanonymous.org\/wp-content\/uploads\/2023\/01\/cropped-ITAA-logo-480px.png","width":480,"height":480,"caption":"Internet and Technology Addicts Anonymous"},"image":{"@id":"https:\/\/internetaddictsanonymous.org\/#\/schema\/logo\/image\/"}}]}},"jetpack_sharing_enabled":true,"jetpack_shortlink":"https:\/\/wp.me\/P9Fwob-4gm","_links":{"self":[{"href":"https:\/\/internetaddictsanonymous.org\/pt\/wp-json\/wp\/v2\/pages\/16390","targetHints":{"allow":["GET"]}}],"collection":[{"href":"https:\/\/internetaddictsanonymous.org\/pt\/wp-json\/wp\/v2\/pages"}],"about":[{"href":"https:\/\/internetaddictsanonymous.org\/pt\/wp-json\/wp\/v2\/types\/page"}],"author":[{"embeddable":true,"href":"https:\/\/internetaddictsanonymous.org\/pt\/wp-json\/wp\/v2\/users\/35194237"}],"replies":[{"embeddable":true,"href":"https:\/\/internetaddictsanonymous.org\/pt\/wp-json\/wp\/v2\/comments?post=16390"}],"version-history":[{"count":26,"href":"https:\/\/internetaddictsanonymous.org\/pt\/wp-json\/wp\/v2\/pages\/16390\/revisions"}],"predecessor-version":[{"id":21166,"href":"https:\/\/internetaddictsanonymous.org\/pt\/wp-json\/wp\/v2\/pages\/16390\/revisions\/21166"}],"up":[{"embeddable":true,"href":"https:\/\/internetaddictsanonymous.org\/pt\/wp-json\/wp\/v2\/pages\/148"}],"wp:attachment":[{"href":"https:\/\/internetaddictsanonymous.org\/pt\/wp-json\/wp\/v2\/media?parent=16390"}],"wp:term":[{"taxonomy":"post_tag","embeddable":true,"href":"https:\/\/internetaddictsanonymous.org\/pt\/wp-json\/wp\/v2\/tags?post=16390"}],"curies":[{"name":"wp","href":"https:\/\/api.w.org\/{rel}","templated":true}]}}