{"id":16397,"date":"2023-07-16T14:05:34","date_gmt":"2023-07-16T18:05:34","guid":{"rendered":"https:\/\/internetaddictsanonymous.org\/?page_id=16397"},"modified":"2025-11-27T12:47:33","modified_gmt":"2025-11-27T20:47:33","slug":"argentina-rosario","status":"publish","type":"page","link":"https:\/\/internetaddictsanonymous.org\/pt\/in-person-meetings\/argentina-rosario\/","title":{"rendered":"ITAA na Argentina"},"content":{"rendered":"<p>Bem-vindo aos viciados na Internet e na tecnologia an\u00f4nima!\u00a0<strong>ITAA \u00e9 uma comunidade de Doces Passos formada por pessoas que se apoiam mutuamente para recuperar o v\u00edcio pela Internet e pela tecnologia.<\/strong>\u00a0Isso inclui o v\u00edcio nas redes sociais, nos celulares, nos v\u00eddeos online, nos videogames, nas not\u00edcias, na pornografia, nos aplicativos de cita\u00e7\u00f5es, na investiga\u00e7\u00e3o on-line, nas compras on-line ou em qualquer outra atividade digital que voc\u00ea convierta compulsivamente e problem\u00e1tico.\u00a0<\/p>\n\n\n\n<h3 class=\"wp-block-heading\">Reuni\u00f5es em Ros\u00e1rio todas as semanas<\/h3>\n\n\n\n<p><strong>Unir um nuestro <a href=\"https:\/\/tinyurl.com\/Grupo-ITAA-Rosario\">grupo de WhatsApp<\/a> para mais informa\u00e7\u00f5es: <br><a href=\"https:\/\/tinyurl.com\/Grupo-ITAA-Rosario\" target=\"_blank\" rel=\"noreferrer noopener\">https:\/\/tinyurl.com\/Grupo-ITAA-Rosario<\/a> <\/strong><br>O envio de um e-mail para\u00a0<a href=\"mailto:mauricioinserenity@gmail.com\" target=\"_blank\" rel=\"noreferrer noopener\">mauricioinserenity@gmail.com<\/a>.<\/p>\n\n\n\n<h3 class=\"wp-block-heading\">Reuni\u00f5es por Zoom<\/h3>\n\n\n\n<p>Se formos novos, esperamos que voc\u00ea experimente assistir a seis reuni\u00f5es em um breve per\u00edodo de tempo para ver se nosso programa pode ser \u00fatil. Al\u00e9m de nossa reuni\u00e3o semanal em Ros\u00e1rio, tamb\u00e9m podemos consultar nosso\u00a0<a href=\"https:\/\/internetaddictsanonymous.org\/es\/espanol\/\">calend\u00e1rio completo de reuni\u00f5es por Zoom<\/a>. Todas las reuniones son totalmente gratuitas y an\u00f3nimas.<\/p>\n\n\n\n<h3 class=\"wp-block-heading\"><strong>Como funcionam as reuni\u00f5es?<\/strong><\/h3>\n\n\n\n<p>Se voc\u00ea for participar de uma reuni\u00e3o pela primeira vez, n\u00e3o precisa ficar nervoso. A maioria de nossas reuni\u00f5es \u00e9 muito simples; cada reuni\u00e3o tem um presidente que a conduz, e a maioria das reuni\u00f5es tem uma hora de dura\u00e7\u00e3o. O presidente e outros volunt\u00e1rios leem algumas declara\u00e7\u00f5es de abertura, antes de abrirmos a reuni\u00e3o para os membros compartilharem. N\u00e3o h\u00e1 necessidade de compartilhar, e n\u00e3o h\u00e1 problema em apenas ouvir. Caso se sinta confort\u00e1vel, voc\u00ea pode se apresentar e compartilhar o que o trouxe \u00e0 ITAA. A menos que solicitado pelo membro que est\u00e1 compartilhando, n\u00e3o oferecemos sugest\u00f5es ou coment\u00e1rios em resposta aos compartilhamentos dos outros; simplesmente ouvimos sem julgar. Ao final de uma hora, a reuni\u00e3o ser\u00e1 encerrada com algumas declara\u00e7\u00f5es finais, ap\u00f3s as quais os membros geralmente conversam casualmente, fazem perguntas e trocam detalhes de contato.<\/p>\n\n\n\n<h3 class=\"wp-block-heading\">Recursos para Internet e v\u00edcio em tecnologia<\/h3>\n\n\n\n<p>Se voc\u00ea est\u00e1 se perguntando se voc\u00ea pode ter um v\u00edcio em internet e tecnologia, voc\u00ea pode rever nossos question\u00e1rios para <a href=\"https:\/\/internetaddictsanonymous.org\/pt\/dependencia-de-internet-e-tecnologia\/\">v\u00edcio na internet<\/a>, <a href=\"https:\/\/internetaddictsanonymous.org\/pt\/dependencia-de-internet-e-tecnologia\/vicio-das-midias-sociais\/\">v\u00edcio das m\u00eddias sociais<\/a>, <a href=\"https:\/\/internetaddictsanonymous.org\/pt\/vicio-na-internet\/vicio-de-streaming\/\">v\u00edcio de streaming<\/a>, <a href=\"https:\/\/internetaddictsanonymous.org\/pt\/dependencia-de-internet-e-tecnologia\/vicio-em-telefone\/\">v\u00edcio em telefone<\/a>ou <a href=\"https:\/\/internetaddictsanonymous.org\/pt\/dependencia-de-internet-e-tecnologia\/vicio-em-videogame\/\">v\u00edcio em videogame<\/a>. Voc\u00ea tamb\u00e9m pode saber mais sobre ITAA lendo nosso&nbsp;<a href=\"https:\/\/internetaddictsanonymous.org\/pt\/guia-para-iniciantes\/\">guia para iniciantes<\/a>, revendo nosso <a href=\"https:\/\/internetaddictsanonymous.org\/pt\/recursos\/ferramentas-de-recuperacao\/\">ferramentas de recupera\u00e7\u00e3o<\/a>ou ouvir <a href=\"https:\/\/internetaddictsanonymous.org\/pt\/historias-de-recuperacao\/\">hist\u00f3rias de recupera\u00e7\u00e3o dos membros<\/a>.<\/p>\n\n\n\n<p>A ITAA n\u00e3o est\u00e1 afiliada a nenhuma agenda pol\u00edtica, religi\u00e3o ou interesses externos. Somos totalmente auto-sustent\u00e1veis e livres para todos os que precisam dele. Nosso \u00fanico objetivo \u00e9 nos abster de uso compulsivo da internet e da tecnologia e ajudar os outros a encontrar a liberdade deste v\u00edcio.<\/p>\n\n\n\n<p>Mais uma vez, seja bem-vindo! Esperamos que esta comunidade possa oferecer o apoio de que voc\u00ea precisa em sua recupera\u00e7\u00e3o do v\u00edcio em Internet e tecnologia. N\u00e3o hesite em entrar em contato conosco se tiver alguma d\u00favida.<\/p>\n<!-- PMB print buttons is only displayed on a single post\/page URLs-->","protected":false},"excerpt":{"rendered":"<p>\u00a1Bienvenido a Adictos a Internet y la Tecnolog\u00eda An\u00f3nimos!\u00a0ITAA es una comunidad de Doce Pasos formada por personas que se apoyan mutuamente para recuperarse de la adicci\u00f3n a Internet y a la tecnolog\u00eda.\u00a0Esto incluye la adicci\u00f3n a las redes sociales, los celulares, los v\u00eddeos online, los videojuegos, las noticias, la pornograf\u00eda, las aplicaciones de citas, &hellip; <a href=\"https:\/\/internetaddictsanonymous.org\/pt\/in-person-meetings\/argentina-rosario\/\" class=\"more-link\">Continue lendo <span class=\"screen-reader-text\">ITAA na Argentina<\/span><\/a><\/p>","protected":false},"author":35194237,"featured_media":0,"parent":148,"menu_order":0,"comment_status":"closed","ping_status":"closed","template":"full-width-page.php","meta":{"inline_featured_image":false,"_lmt_disableupdate":"","_lmt_disable":"","footnotes":""},"tags":[],"class_list":["post-16397","page","type-page","status-publish","hentry"],"yoast_head":"<!-- This site is optimized with the Yoast SEO plugin v27.5 - https:\/\/yoast.com\/product\/yoast-seo-wordpress\/ -->\n<title>ITAA en Argentina &#8211; Internet and Technology Addicts Anonymous<\/title>\n<meta name=\"robots\" content=\"index, follow, max-snippet:-1, max-image-preview:large, max-video-preview:-1\" \/>\n<link rel=\"canonical\" href=\"https:\/\/internetaddictsanonymous.org\/pt\/reunioes-de-adiccao-internet-local\/argentina-rosario\/\" \/>\n<meta property=\"og:locale\" content=\"pt_BR\" \/>\n<meta property=\"og:type\" content=\"article\" \/>\n<meta property=\"og:title\" content=\"ITAA en Argentina &#8211; Internet and Technology Addicts Anonymous\" \/>\n<meta property=\"og:description\" content=\"\u00a1Bienvenido a Adictos a Internet y la Tecnolog\u00eda An\u00f3nimos!\u00a0ITAA es una comunidad de Doce Pasos formada por personas que se apoyan mutuamente para recuperarse de la adicci\u00f3n a Internet y a la tecnolog\u00eda.\u00a0Esto incluye la adicci\u00f3n a las redes sociales, los celulares, los v\u00eddeos online, los videojuegos, las noticias, la pornograf\u00eda, las aplicaciones de citas, &hellip; Continue lendo ITAA en Argentina\" \/>\n<meta property=\"og:url\" content=\"https:\/\/internetaddictsanonymous.org\/pt\/reunioes-de-adiccao-internet-local\/argentina-rosario\/\" \/>\n<meta property=\"og:site_name\" content=\"Internet and Technology Addicts Anonymous\" \/>\n<meta property=\"article:modified_time\" content=\"2025-11-27T20:47:33+00:00\" \/>\n<meta name=\"twitter:card\" content=\"summary_large_image\" \/>\n<meta name=\"twitter:label1\" content=\"Est. tempo de leitura\" \/>\n\t<meta name=\"twitter:data1\" content=\"2 minutos\" \/>\n<script type=\"application\/ld+json\" class=\"yoast-schema-graph\">{\"@context\":\"https:\\\/\\\/schema.org\",\"@graph\":[{\"@type\":\"WebPage\",\"@id\":\"https:\\\/\\\/internetaddictsanonymous.org\\\/in-person-meetings\\\/argentina-rosario\\\/\",\"url\":\"https:\\\/\\\/internetaddictsanonymous.org\\\/in-person-meetings\\\/argentina-rosario\\\/\",\"name\":\"ITAA en Argentina &#8211; Internet and Technology Addicts Anonymous\",\"isPartOf\":{\"@id\":\"https:\\\/\\\/internetaddictsanonymous.org\\\/#website\"},\"datePublished\":\"2023-07-16T18:05:34+00:00\",\"dateModified\":\"2025-11-27T20:47:33+00:00\",\"breadcrumb\":{\"@id\":\"https:\\\/\\\/internetaddictsanonymous.org\\\/in-person-meetings\\\/argentina-rosario\\\/#breadcrumb\"},\"inLanguage\":\"pt-BR\",\"potentialAction\":[{\"@type\":\"ReadAction\",\"target\":[\"https:\\\/\\\/internetaddictsanonymous.org\\\/in-person-meetings\\\/argentina-rosario\\\/\"]}]},{\"@type\":\"BreadcrumbList\",\"@id\":\"https:\\\/\\\/internetaddictsanonymous.org\\\/in-person-meetings\\\/argentina-rosario\\\/#breadcrumb\",\"itemListElement\":[{\"@type\":\"ListItem\",\"position\":1,\"name\":\"Home\",\"item\":\"https:\\\/\\\/internetaddictsanonymous.org\\\/\"},{\"@type\":\"ListItem\",\"position\":2,\"name\":\"In-Person Meetings\",\"item\":\"https:\\\/\\\/internetaddictsanonymous.org\\\/in-person-meetings\\\/\"},{\"@type\":\"ListItem\",\"position\":3,\"name\":\"ITAA en Argentina\"}]},{\"@type\":\"WebSite\",\"@id\":\"https:\\\/\\\/internetaddictsanonymous.org\\\/#website\",\"url\":\"https:\\\/\\\/internetaddictsanonymous.org\\\/\",\"name\":\"Internet and Technology Addicts Anonymous\",\"description\":\"Worldwide 12-step Fellowship for Internet and Technology Addiction\",\"publisher\":{\"@id\":\"https:\\\/\\\/internetaddictsanonymous.org\\\/#organization\"},\"potentialAction\":[{\"@type\":\"SearchAction\",\"target\":{\"@type\":\"EntryPoint\",\"urlTemplate\":\"https:\\\/\\\/internetaddictsanonymous.org\\\/?s={search_term_string}\"},\"query-input\":{\"@type\":\"PropertyValueSpecification\",\"valueRequired\":true,\"valueName\":\"search_term_string\"}}],\"inLanguage\":\"pt-BR\"},{\"@type\":\"Organization\",\"@id\":\"https:\\\/\\\/internetaddictsanonymous.org\\\/#organization\",\"name\":\"Internet and Technology Addicts Anonymous\",\"url\":\"https:\\\/\\\/internetaddictsanonymous.org\\\/\",\"logo\":{\"@type\":\"ImageObject\",\"inLanguage\":\"pt-BR\",\"@id\":\"https:\\\/\\\/internetaddictsanonymous.org\\\/#\\\/schema\\\/logo\\\/image\\\/\",\"url\":\"https:\\\/\\\/internetaddictsanonymous.org\\\/wp-content\\\/uploads\\\/2023\\\/01\\\/cropped-ITAA-logo-480px.png\",\"contentUrl\":\"https:\\\/\\\/internetaddictsanonymous.org\\\/wp-content\\\/uploads\\\/2023\\\/01\\\/cropped-ITAA-logo-480px.png\",\"width\":480,\"height\":480,\"caption\":\"Internet and Technology Addicts Anonymous\"},\"image\":{\"@id\":\"https:\\\/\\\/internetaddictsanonymous.org\\\/#\\\/schema\\\/logo\\\/image\\\/\"}}]}<\/script>\n<!-- \/ Yoast SEO plugin. -->","yoast_head_json":{"title":"ITAA na Argentina \u2013 Viciados em Internet e Tecnologia An\u00f4nimos","robots":{"index":"index","follow":"follow","max-snippet":"max-snippet:-1","max-image-preview":"max-image-preview:large","max-video-preview":"max-video-preview:-1"},"canonical":"https:\/\/internetaddictsanonymous.org\/pt\/reunioes-de-adiccao-internet-local\/argentina-rosario\/","og_locale":"pt_BR","og_type":"article","og_title":"ITAA en Argentina &#8211; Internet and Technology Addicts Anonymous","og_description":"\u00a1Bienvenido a Adictos a Internet y la Tecnolog\u00eda An\u00f3nimos!\u00a0ITAA es una comunidad de Doce Pasos formada por personas que se apoyan mutuamente para recuperarse de la adicci\u00f3n a Internet y a la tecnolog\u00eda.\u00a0Esto incluye la adicci\u00f3n a las redes sociales, los celulares, los v\u00eddeos online, los videojuegos, las noticias, la pornograf\u00eda, las aplicaciones de citas, &hellip; Continue lendo ITAA en Argentina","og_url":"https:\/\/internetaddictsanonymous.org\/pt\/reunioes-de-adiccao-internet-local\/argentina-rosario\/","og_site_name":"Internet and Technology Addicts Anonymous","article_modified_time":"2025-11-27T20:47:33+00:00","twitter_card":"summary_large_image","twitter_misc":{"Est. tempo de leitura":"2 minutos"},"schema":{"@context":"https:\/\/schema.org","@graph":[{"@type":"WebPage","@id":"https:\/\/internetaddictsanonymous.org\/in-person-meetings\/argentina-rosario\/","url":"https:\/\/internetaddictsanonymous.org\/in-person-meetings\/argentina-rosario\/","name":"ITAA na Argentina \u2013 Viciados em Internet e Tecnologia An\u00f4nimos","isPartOf":{"@id":"https:\/\/internetaddictsanonymous.org\/#website"},"datePublished":"2023-07-16T18:05:34+00:00","dateModified":"2025-11-27T20:47:33+00:00","breadcrumb":{"@id":"https:\/\/internetaddictsanonymous.org\/in-person-meetings\/argentina-rosario\/#breadcrumb"},"inLanguage":"pt-BR","potentialAction":[{"@type":"ReadAction","target":["https:\/\/internetaddictsanonymous.org\/in-person-meetings\/argentina-rosario\/"]}]},{"@type":"BreadcrumbList","@id":"https:\/\/internetaddictsanonymous.org\/in-person-meetings\/argentina-rosario\/#breadcrumb","itemListElement":[{"@type":"ListItem","position":1,"name":"Home","item":"https:\/\/internetaddictsanonymous.org\/"},{"@type":"ListItem","position":2,"name":"In-Person Meetings","item":"https:\/\/internetaddictsanonymous.org\/in-person-meetings\/"},{"@type":"ListItem","position":3,"name":"ITAA en Argentina"}]},{"@type":"WebSite","@id":"https:\/\/internetaddictsanonymous.org\/#website","url":"https:\/\/internetaddictsanonymous.org\/","name":"Dependentes de Internet e Tecnologia An\u00f4nimos","description":"Bolsa mundial de 12 passos para Internet e v\u00edcio em tecnologia","publisher":{"@id":"https:\/\/internetaddictsanonymous.org\/#organization"},"potentialAction":[{"@type":"SearchAction","target":{"@type":"EntryPoint","urlTemplate":"https:\/\/internetaddictsanonymous.org\/?s={search_term_string}"},"query-input":{"@type":"PropertyValueSpecification","valueRequired":true,"valueName":"search_term_string"}}],"inLanguage":"pt-BR"},{"@type":"Organization","@id":"https:\/\/internetaddictsanonymous.org\/#organization","name":"Dependentes de Internet e Tecnologia An\u00f4nimos","url":"https:\/\/internetaddictsanonymous.org\/","logo":{"@type":"ImageObject","inLanguage":"pt-BR","@id":"https:\/\/internetaddictsanonymous.org\/#\/schema\/logo\/image\/","url":"https:\/\/internetaddictsanonymous.org\/wp-content\/uploads\/2023\/01\/cropped-ITAA-logo-480px.png","contentUrl":"https:\/\/internetaddictsanonymous.org\/wp-content\/uploads\/2023\/01\/cropped-ITAA-logo-480px.png","width":480,"height":480,"caption":"Internet and Technology Addicts Anonymous"},"image":{"@id":"https:\/\/internetaddictsanonymous.org\/#\/schema\/logo\/image\/"}}]}},"jetpack_sharing_enabled":true,"jetpack_shortlink":"https:\/\/wp.me\/P9Fwob-4gt","_links":{"self":[{"href":"https:\/\/internetaddictsanonymous.org\/pt\/wp-json\/wp\/v2\/pages\/16397","targetHints":{"allow":["GET"]}}],"collection":[{"href":"https:\/\/internetaddictsanonymous.org\/pt\/wp-json\/wp\/v2\/pages"}],"about":[{"href":"https:\/\/internetaddictsanonymous.org\/pt\/wp-json\/wp\/v2\/types\/page"}],"author":[{"embeddable":true,"href":"https:\/\/internetaddictsanonymous.org\/pt\/wp-json\/wp\/v2\/users\/35194237"}],"replies":[{"embeddable":true,"href":"https:\/\/internetaddictsanonymous.org\/pt\/wp-json\/wp\/v2\/comments?post=16397"}],"version-history":[{"count":10,"href":"https:\/\/internetaddictsanonymous.org\/pt\/wp-json\/wp\/v2\/pages\/16397\/revisions"}],"predecessor-version":[{"id":20708,"href":"https:\/\/internetaddictsanonymous.org\/pt\/wp-json\/wp\/v2\/pages\/16397\/revisions\/20708"}],"up":[{"embeddable":true,"href":"https:\/\/internetaddictsanonymous.org\/pt\/wp-json\/wp\/v2\/pages\/148"}],"wp:attachment":[{"href":"https:\/\/internetaddictsanonymous.org\/pt\/wp-json\/wp\/v2\/media?parent=16397"}],"wp:term":[{"taxonomy":"post_tag","embeddable":true,"href":"https:\/\/internetaddictsanonymous.org\/pt\/wp-json\/wp\/v2\/tags?post=16397"}],"curies":[{"name":"wp","href":"https:\/\/api.w.org\/{rel}","templated":true}]}}