{"id":16623,"date":"2023-08-19T13:56:19","date_gmt":"2023-08-19T17:56:19","guid":{"rendered":"https:\/\/internetaddictsanonymous.org\/?page_id=16623"},"modified":"2023-08-26T15:08:22","modified_gmt":"2023-08-26T19:08:22","slug":"ferramentas-de-recuperacao-formularios-curtos","status":"publish","type":"page","link":"https:\/\/internetaddictsanonymous.org\/pt\/tools-of-recovery-short-forms\/","title":{"rendered":"Ferramentas de recupera\u00e7\u00e3o: Formul\u00e1rios curtos"},"content":{"rendered":"<p><em>Abaixo est\u00e3o os formul\u00e1rios curtos de nossos <a href=\"https:\/\/internetaddictsanonymous.org\/pt\/recursos\/ferramentas-de-recuperacao\/\">ferramentas de recupera\u00e7\u00e3o<\/a> que podemos consultar facilmente ou ler em voz alta em nossas reuni\u00f5es. Diferentes membros consideram diferentes ferramentas \u00fateis e, muitas vezes, as ferramentas que usamos mudam com o tempo.<\/em><\/p>\n\n\n\n<p><strong><mark style=\"background-color:rgba(0, 0, 0, 0)\" class=\"has-inline-color has-dark-gray-color\">Os Doze Passos<\/mark><\/strong><br>Os Doze Passos da ITAA s\u00e3o o n\u00facleo espiritual de nosso programa e a base de nossa recupera\u00e7\u00e3o de longo prazo.&nbsp;<\/p>\n\n\n\n<p><strong><mark style=\"background-color:rgba(0, 0, 0, 0)\" class=\"has-inline-color has-dark-gray-color\">Patroc\u00ednio<\/mark><\/strong><br>Buscamos um padrinho experiente e s\u00f3brio que possa nos apoiar no cumprimento dos Passos.&nbsp;<\/p>\n\n\n\n<p><strong><mark style=\"background-color:rgba(0, 0, 0, 0)\" class=\"has-inline-color has-dark-gray-color\">Descobrindo nosso Poder Superior<\/mark><\/strong><br>N\u00f3s nos rendemos a um Poder maior do que n\u00f3s mesmos e somos convidados a escolher qualquer conceito de um Poder Superior que seja mais \u00fatil para n\u00f3s em nossa pr\u00f3pria recupera\u00e7\u00e3o.&nbsp;<\/p>\n\n\n\n<p><strong><mark style=\"background-color:rgba(0, 0, 0, 0)\" class=\"has-inline-color has-dark-gray-color\">Encontros<\/mark><\/strong><br>As reuni\u00f5es nos conectam com a experi\u00eancia, a for\u00e7a e a esperan\u00e7a de outras pessoas e aprofundam nossa recupera\u00e7\u00e3o.<\/p>\n\n\n\n<p><strong><mark style=\"background-color:rgba(0, 0, 0, 0)\" class=\"has-inline-color has-dark-gray-color\">Chamadas de divulga\u00e7\u00e3o<\/mark><\/strong><br>As liga\u00e7\u00f5es de contato nos ajudam a nos manter conectados, apoiados e s\u00f3brios, dando-nos a oportunidade de entrar em contato quando estivermos vulner\u00e1veis e construir amizades duradouras na recupera\u00e7\u00e3o.&nbsp;<\/p>\n\n\n\n<p><strong><mark style=\"background-color:rgba(0, 0, 0, 0)\" class=\"has-inline-color has-dark-gray-color\">Servi\u00e7o<\/mark><\/strong><br>O servi\u00e7o nos mant\u00e9m s\u00f3brios e nos permite transmitir o que recebemos de gra\u00e7a.&nbsp;<\/p>\n\n\n\n<p><strong><mark style=\"background-color:rgba(0, 0, 0, 0)\" class=\"has-inline-color has-dark-gray-color\">Literatura<\/mark><\/strong><br>A literatura escrita sobre recupera\u00e7\u00e3o nos oferece sabedoria e percep\u00e7\u00e3o \u00e0 medida que descobrimos nosso caminho para a sobriedade de longo prazo.&nbsp;&nbsp;&nbsp;<\/p>\n\n\n\n<p><strong><mark style=\"background-color:rgba(0, 0, 0, 0)\" class=\"has-inline-color has-dark-gray-color\">Ora\u00e7\u00e3o e Medita\u00e7\u00e3o<\/mark><\/strong><br>Usamos pr\u00e1ticas como a ora\u00e7\u00e3o e a medita\u00e7\u00e3o para aprofundar nosso contato consciente com um Poder maior do que n\u00f3s, que pode nos devolver a sanidade.<\/p>\n\n\n\n<p><strong><mark style=\"background-color:rgba(0, 0, 0, 0)\" class=\"has-inline-color has-dark-gray-color\">Linhas superiores, linhas m\u00e9dias, linhas inferiores<\/mark><\/strong><br>As linhas superiores s\u00e3o atividades que nos ajudam a atender \u00e0s nossas necessidades de forma saud\u00e1vel, as linhas intermedi\u00e1rias s\u00e3o os comportamentos e situa\u00e7\u00f5es que alimentam nosso desejo de agir e as linhas inferiores s\u00e3o comportamentos que s\u00e3o consistentemente compulsivos e autodestrutivos para n\u00f3s. N\u00f3s nos abstemos de nossas linhas inferiores.<\/p>\n\n\n\n<p><strong><mark style=\"background-color:rgba(0, 0, 0, 0)\" class=\"has-inline-color has-dark-gray-color\">Abandonar o uso desnecess\u00e1rio de tecnologia<\/mark><\/strong><br>Evitamos recorrer \u00e0 distra\u00e7\u00e3o, \u00e0 fuga ou ao entorpecimento de nossas emo\u00e7\u00f5es por meio do uso desnecess\u00e1rio da Internet e da tecnologia, buscando, em vez disso, usar a tecnologia em alinhamento com nossos valores e com a vontade de nosso Poder Superior para n\u00f3s.<\/p>\n\n\n\n<p><strong><mark style=\"background-color:rgba(0, 0, 0, 0)\" class=\"has-inline-color has-dark-gray-color\">Abstin\u00eancia tempor\u00e1ria<\/mark><\/strong><br>Podemos nos comprometer com um per\u00edodo de abstin\u00eancia tempor\u00e1ria de um determinado comportamento na Internet e na tecnologia para experimentar a vida sem ele.&nbsp;<\/p>\n\n\n\n<p><strong><mark style=\"background-color:rgba(0, 0, 0, 0)\" class=\"has-inline-color has-dark-gray-color\">Um dia de cada vez<\/mark><\/strong><br>Em vez de lutar com um compromisso para toda a vida, simplesmente nos concentramos em ficar s\u00f3brios nas pr\u00f3ximas 24 horas.&nbsp;<\/p>\n\n\n\n<p><mark style=\"background-color:rgba(0, 0, 0, 0)\" class=\"has-inline-color has-dark-gray-color\"><strong>Planos de a\u00e7\u00e3o<\/strong><br><\/mark>Criamos planos de a\u00e7\u00e3o para situa\u00e7\u00f5es desafiadoras que podem desestabilizar nossa sobriedade.\u00a0<\/p>\n\n\n\n<p><strong><mark style=\"background-color:rgba(0, 0, 0, 0)\" class=\"has-inline-color has-dark-gray-color\">Respondendo aos impulsos<\/mark><\/strong><br>Se a vontade de usar aumentar, recorremos \u00e0s nossas ferramentas de recupera\u00e7\u00e3o e nos apoiamos no programa at\u00e9 que a vontade passe.<\/p>\n\n\n\n<p><strong><mark style=\"background-color:rgba(0, 0, 0, 0)\" class=\"has-inline-color has-dark-gray-color\">Escrevendo um invent\u00e1rio do primeiro passo<\/mark><\/strong><br>Achamos \u00fatil escrever uma hist\u00f3ria sobre n\u00f3s mesmos e nosso v\u00edcio: como era, como mudou com o tempo e como est\u00e1 agora.&nbsp;<\/p>\n\n\n\n<p><strong><mark style=\"background-color:rgba(0, 0, 0, 0)\" class=\"has-inline-color has-dark-gray-color\">Registro de tempo<\/mark><\/strong><br>Manter um registro de tempo de todo o nosso uso da Internet e da tecnologia pode nos ajudar a ter uma perspectiva dos nossos padr\u00f5es.&nbsp;<\/p>\n\n\n\n<p><strong><mark style=\"background-color:rgba(0, 0, 0, 0)\" class=\"has-inline-color has-dark-gray-color\">Reservas<\/mark><\/strong><br>Fazemos um bookend ligando ou enviando mensagens de texto para outro membro antes e depois de uma atividade on-line ou de uma situa\u00e7\u00e3o desencadeadora.<\/p>\n\n\n\n<p><strong><mark style=\"background-color:rgba(0, 0, 0, 0)\" class=\"has-inline-color has-dark-gray-color\">Limita\u00e7\u00e3o do acesso \u00e0 tecnologia<\/mark><\/strong><br>Deixamos de lado aplicativos, contas e dispositivos que possibilitaram nosso v\u00edcio em tecnologia, confiando que podemos viver uma vida plena na aus\u00eancia deles.<\/p>\n\n\n\n<p><strong><mark style=\"background-color:rgba(0, 0, 0, 0)\" class=\"has-inline-color has-dark-gray-color\">Alternativas off-line<\/mark><\/strong><br>Consideramos maneiras de atingir nossos objetivos sem recorrer \u00e0 tecnologia, e podemos descobrir que as ferramentas anal\u00f3gicas atendem \u00e0s nossas necessidades t\u00e3o bem ou melhor do que suas equivalentes digitais.<\/p>\n\n\n\n<p><strong><mark style=\"background-color:rgba(0, 0, 0, 0)\" class=\"has-inline-color has-dark-gray-color\">Tirando tempo da tecnologia<\/mark><\/strong><br>Quando nos sentimos inst\u00e1veis, tiramos um tempo para nos afastarmos de todas as telas, dando a n\u00f3s mesmos espa\u00e7o para recuperar o equil\u00edbrio e melhorar nosso contato consciente com o Poder Superior.<\/p>\n\n\n\n<p><strong><mark style=\"background-color:rgba(0, 0, 0, 0)\" class=\"has-inline-color has-dark-gray-color\">Di\u00e1rio<\/mark><\/strong><br>O registro em di\u00e1rio de nossos sentimentos, lutas e metas, seja por meio da escrita livre ou de invent\u00e1rios di\u00e1rios do 10\u00ba Passo, nos ajuda a desenvolver uma perspectiva.&nbsp;&nbsp;<\/p>\n\n\n\n<p><strong><mark style=\"background-color:rgba(0, 0, 0, 0)\" class=\"has-inline-color has-dark-gray-color\">Revis\u00e3o de reca\u00eddas<\/mark><\/strong><br>Se tivermos uma reca\u00edda, revisamos cuidadosamente o que aconteceu, identificando os fatores que nos levaram ao deslize e o que pode ser necess\u00e1rio mudar em nosso programa de recupera\u00e7\u00e3o daqui para frente.<\/p>\n\n\n\n<p><strong><mark style=\"background-color:rgba(0, 0, 0, 0)\" class=\"has-inline-color has-dark-gray-color\">Autocuidado f\u00edsico<\/mark><\/strong><br>Priorizamos nosso autocuidado f\u00edsico por meio de exerc\u00edcios, sono, dieta, higiene e cuidados m\u00e9dicos.&nbsp;<\/p>\n\n\n\n<p><mark style=\"background-color:rgba(0, 0, 0, 0)\" class=\"has-inline-color has-dark-gray-color\"><strong>Comunidade presencial<\/strong><br><\/mark>N\u00f3s nos conectamos e aprofundamos nossos relacionamentos com amigos, familiares e nossa comunidade em geral pessoalmente.<\/p>\n\n\n\n<p><strong><mark style=\"background-color:rgba(0, 0, 0, 0)\" class=\"has-inline-color has-dark-gray-color\">Desenvolvimento de hobbies, paix\u00f5es e atividades<\/mark><\/strong><br>Na sobriedade, investimos nosso tempo em interesses e paix\u00f5es novos ou negligenciados, trazendo maior satisfa\u00e7\u00e3o para nossa vida.<\/p>\n\n\n\n<p><strong><mark style=\"background-color:rgba(0, 0, 0, 0)\" class=\"has-inline-color has-dark-gray-color\">Reconhecer outras compuls\u00f5es<\/mark><\/strong><br>\u00c0 medida que encontramos a abstin\u00eancia na ITAA, podemos perceber o surgimento de outros comportamentos compulsivos e buscamos orienta\u00e7\u00e3o de outras pessoas para lidar com eles.<\/p>\n\n\n\n<p><mark style=\"background-color:rgba(0, 0, 0, 0)\" class=\"has-inline-color has-dark-gray-color\"><strong>Ajuda externa<\/strong><br><\/mark>Fazemos uso de recursos externos, incluindo outras irmandades dos Doze Passos e ajuda profissional.<\/p>\n\n\n\n<hr class=\"wp-block-separator has-alpha-channel-opacity is-style-wide\"\/>\n\n\n\n<p> <\/p>\n\n\n\n<p id=\"block-064b8179-f2e2-4ec2-84cc-83680bf0c928\"><em>Esta p\u00e1gina foi escrita pelo Comit\u00ea de Conte\u00fado Web da ITAA. Se voc\u00ea gostaria de compartilhar o seu feedback ou contribuir com nossos esfor\u00e7os, gostar\u00edamos de ouvir de voc\u00ea ou fazer com que voc\u00ea participe de uma de nossas reuni\u00f5es. Mais detalhes podem ser encontrados na p\u00e1gina <a href=\"https:\/\/internetaddictsanonymous.org\/pt\/posicoes-de-servico\/\">comit\u00eas de servi\u00e7o<\/a> .<\/em><\/p>\n<!-- PMB print buttons is only displayed on a single post\/page URLs-->","protected":false},"excerpt":{"rendered":"<p>Abaixo est\u00e3o breves formul\u00e1rios de nossas ferramentas de recupera\u00e7\u00e3o que podemos facilmente consultar ou ler em voz alta em nossas reuni\u00f5es. Diferentes membros consideraram diferentes ferramentas \u00fateis e, muitas vezes, as ferramentas que usamos mudam com o tempo. Os Doze PassosOs Doze Passos da ITAA s\u00e3o o n\u00facleo espiritual do nosso programa e a base\u2026 <a href=\"https:\/\/internetaddictsanonymous.org\/pt\/tools-of-recovery-short-forms\/\" class=\"more-link\">Continue lendo <span class=\"screen-reader-text\">Ferramentas de recupera\u00e7\u00e3o: Formul\u00e1rios curtos<\/span><\/a><\/p>","protected":false},"author":35194237,"featured_media":0,"parent":0,"menu_order":0,"comment_status":"closed","ping_status":"closed","template":"full-width-page.php","meta":{"inline_featured_image":false,"_lmt_disableupdate":"","_lmt_disable":"","jetpack_post_was_ever_published":false,"footnotes":""},"tags":[],"class_list":["post-16623","page","type-page","status-publish","hentry"],"yoast_head":"<!-- This site is optimized with the Yoast SEO plugin v27.3 - https:\/\/yoast.com\/product\/yoast-seo-wordpress\/ -->\n<title>Tools of Recovery: Short Forms &#8211; Internet and Technology Addicts Anonymous<\/title>\n<meta name=\"robots\" content=\"index, follow, max-snippet:-1, max-image-preview:large, max-video-preview:-1\" \/>\n<link rel=\"canonical\" href=\"https:\/\/internetaddictsanonymous.org\/pt\/ferramentas-de-recuperacao-formularios-curtos\/\" \/>\n<meta property=\"og:locale\" content=\"pt_BR\" \/>\n<meta property=\"og:type\" content=\"article\" \/>\n<meta property=\"og:title\" content=\"Tools of Recovery: Short Forms &#8211; Internet and Technology Addicts Anonymous\" \/>\n<meta property=\"og:description\" content=\"Below are short forms of our tools of recovery that we can easily reference or read aloud in our meetings. Different members have found different tools to be helpful, and often the tools we use change over time. The Twelve StepsThe Twelve Steps of ITAA are the spiritual core of our program and the basis &hellip; Continue lendo Tools of Recovery: Short Forms\" \/>\n<meta property=\"og:url\" content=\"https:\/\/internetaddictsanonymous.org\/pt\/ferramentas-de-recuperacao-formularios-curtos\/\" \/>\n<meta property=\"og:site_name\" content=\"Internet and Technology Addicts Anonymous\" \/>\n<meta property=\"article:modified_time\" content=\"2023-08-26T19:08:22+00:00\" \/>\n<meta name=\"twitter:card\" content=\"summary_large_image\" \/>\n<meta name=\"twitter:label1\" content=\"Est. tempo de leitura\" \/>\n\t<meta name=\"twitter:data1\" content=\"4 minutos\" \/>\n<script type=\"application\/ld+json\" class=\"yoast-schema-graph\">{\"@context\":\"https:\\\/\\\/schema.org\",\"@graph\":[{\"@type\":\"WebPage\",\"@id\":\"https:\\\/\\\/internetaddictsanonymous.org\\\/tools-of-recovery-short-forms\\\/\",\"url\":\"https:\\\/\\\/internetaddictsanonymous.org\\\/tools-of-recovery-short-forms\\\/\",\"name\":\"Tools of Recovery: Short Forms &#8211; Internet and Technology Addicts Anonymous\",\"isPartOf\":{\"@id\":\"https:\\\/\\\/internetaddictsanonymous.org\\\/#website\"},\"datePublished\":\"2023-08-19T17:56:19+00:00\",\"dateModified\":\"2023-08-26T19:08:22+00:00\",\"breadcrumb\":{\"@id\":\"https:\\\/\\\/internetaddictsanonymous.org\\\/tools-of-recovery-short-forms\\\/#breadcrumb\"},\"inLanguage\":\"pt-BR\",\"potentialAction\":[{\"@type\":\"ReadAction\",\"target\":[\"https:\\\/\\\/internetaddictsanonymous.org\\\/tools-of-recovery-short-forms\\\/\"]}]},{\"@type\":\"BreadcrumbList\",\"@id\":\"https:\\\/\\\/internetaddictsanonymous.org\\\/tools-of-recovery-short-forms\\\/#breadcrumb\",\"itemListElement\":[{\"@type\":\"ListItem\",\"position\":1,\"name\":\"Home\",\"item\":\"https:\\\/\\\/internetaddictsanonymous.org\\\/\"},{\"@type\":\"ListItem\",\"position\":2,\"name\":\"Tools of Recovery: Short Forms\"}]},{\"@type\":\"WebSite\",\"@id\":\"https:\\\/\\\/internetaddictsanonymous.org\\\/#website\",\"url\":\"https:\\\/\\\/internetaddictsanonymous.org\\\/\",\"name\":\"Internet and Technology Addicts Anonymous\",\"description\":\"Worldwide 12-step Fellowship for Internet and Technology Addiction\",\"publisher\":{\"@id\":\"https:\\\/\\\/internetaddictsanonymous.org\\\/#organization\"},\"potentialAction\":[{\"@type\":\"SearchAction\",\"target\":{\"@type\":\"EntryPoint\",\"urlTemplate\":\"https:\\\/\\\/internetaddictsanonymous.org\\\/?s={search_term_string}\"},\"query-input\":{\"@type\":\"PropertyValueSpecification\",\"valueRequired\":true,\"valueName\":\"search_term_string\"}}],\"inLanguage\":\"pt-BR\"},{\"@type\":\"Organization\",\"@id\":\"https:\\\/\\\/internetaddictsanonymous.org\\\/#organization\",\"name\":\"Internet and Technology Addicts Anonymous\",\"url\":\"https:\\\/\\\/internetaddictsanonymous.org\\\/\",\"logo\":{\"@type\":\"ImageObject\",\"inLanguage\":\"pt-BR\",\"@id\":\"https:\\\/\\\/internetaddictsanonymous.org\\\/#\\\/schema\\\/logo\\\/image\\\/\",\"url\":\"https:\\\/\\\/internetaddictsanonymous.org\\\/wp-content\\\/uploads\\\/2023\\\/01\\\/cropped-ITAA-logo-480px.png\",\"contentUrl\":\"https:\\\/\\\/internetaddictsanonymous.org\\\/wp-content\\\/uploads\\\/2023\\\/01\\\/cropped-ITAA-logo-480px.png\",\"width\":480,\"height\":480,\"caption\":\"Internet and Technology Addicts Anonymous\"},\"image\":{\"@id\":\"https:\\\/\\\/internetaddictsanonymous.org\\\/#\\\/schema\\\/logo\\\/image\\\/\"}}]}<\/script>\n<!-- \/ Yoast SEO plugin. -->","yoast_head_json":{"title":"Ferramentas de recupera\u00e7\u00e3o: Formul\u00e1rios curtos - Internet and Technology Addicts Anonymous","robots":{"index":"index","follow":"follow","max-snippet":"max-snippet:-1","max-image-preview":"max-image-preview:large","max-video-preview":"max-video-preview:-1"},"canonical":"https:\/\/internetaddictsanonymous.org\/pt\/ferramentas-de-recuperacao-formularios-curtos\/","og_locale":"pt_BR","og_type":"article","og_title":"Tools of Recovery: Short Forms &#8211; Internet and Technology Addicts Anonymous","og_description":"Below are short forms of our tools of recovery that we can easily reference or read aloud in our meetings. Different members have found different tools to be helpful, and often the tools we use change over time. The Twelve StepsThe Twelve Steps of ITAA are the spiritual core of our program and the basis &hellip; Continue lendo Tools of Recovery: Short Forms","og_url":"https:\/\/internetaddictsanonymous.org\/pt\/ferramentas-de-recuperacao-formularios-curtos\/","og_site_name":"Internet and Technology Addicts Anonymous","article_modified_time":"2023-08-26T19:08:22+00:00","twitter_card":"summary_large_image","twitter_misc":{"Est. tempo de leitura":"4 minutos"},"schema":{"@context":"https:\/\/schema.org","@graph":[{"@type":"WebPage","@id":"https:\/\/internetaddictsanonymous.org\/tools-of-recovery-short-forms\/","url":"https:\/\/internetaddictsanonymous.org\/tools-of-recovery-short-forms\/","name":"Ferramentas de recupera\u00e7\u00e3o: Formul\u00e1rios curtos - Internet and Technology Addicts Anonymous","isPartOf":{"@id":"https:\/\/internetaddictsanonymous.org\/#website"},"datePublished":"2023-08-19T17:56:19+00:00","dateModified":"2023-08-26T19:08:22+00:00","breadcrumb":{"@id":"https:\/\/internetaddictsanonymous.org\/tools-of-recovery-short-forms\/#breadcrumb"},"inLanguage":"pt-BR","potentialAction":[{"@type":"ReadAction","target":["https:\/\/internetaddictsanonymous.org\/tools-of-recovery-short-forms\/"]}]},{"@type":"BreadcrumbList","@id":"https:\/\/internetaddictsanonymous.org\/tools-of-recovery-short-forms\/#breadcrumb","itemListElement":[{"@type":"ListItem","position":1,"name":"Home","item":"https:\/\/internetaddictsanonymous.org\/"},{"@type":"ListItem","position":2,"name":"Tools of Recovery: Short Forms"}]},{"@type":"WebSite","@id":"https:\/\/internetaddictsanonymous.org\/#website","url":"https:\/\/internetaddictsanonymous.org\/","name":"Dependentes de Internet e Tecnologia An\u00f4nimos","description":"Bolsa mundial de 12 passos para Internet e v\u00edcio em tecnologia","publisher":{"@id":"https:\/\/internetaddictsanonymous.org\/#organization"},"potentialAction":[{"@type":"SearchAction","target":{"@type":"EntryPoint","urlTemplate":"https:\/\/internetaddictsanonymous.org\/?s={search_term_string}"},"query-input":{"@type":"PropertyValueSpecification","valueRequired":true,"valueName":"search_term_string"}}],"inLanguage":"pt-BR"},{"@type":"Organization","@id":"https:\/\/internetaddictsanonymous.org\/#organization","name":"Dependentes de Internet e Tecnologia An\u00f4nimos","url":"https:\/\/internetaddictsanonymous.org\/","logo":{"@type":"ImageObject","inLanguage":"pt-BR","@id":"https:\/\/internetaddictsanonymous.org\/#\/schema\/logo\/image\/","url":"https:\/\/internetaddictsanonymous.org\/wp-content\/uploads\/2023\/01\/cropped-ITAA-logo-480px.png","contentUrl":"https:\/\/internetaddictsanonymous.org\/wp-content\/uploads\/2023\/01\/cropped-ITAA-logo-480px.png","width":480,"height":480,"caption":"Internet and Technology Addicts Anonymous"},"image":{"@id":"https:\/\/internetaddictsanonymous.org\/#\/schema\/logo\/image\/"}}]}},"jetpack_sharing_enabled":true,"jetpack_shortlink":"https:\/\/wp.me\/P9Fwob-4k7","_links":{"self":[{"href":"https:\/\/internetaddictsanonymous.org\/pt\/wp-json\/wp\/v2\/pages\/16623","targetHints":{"allow":["GET"]}}],"collection":[{"href":"https:\/\/internetaddictsanonymous.org\/pt\/wp-json\/wp\/v2\/pages"}],"about":[{"href":"https:\/\/internetaddictsanonymous.org\/pt\/wp-json\/wp\/v2\/types\/page"}],"author":[{"embeddable":true,"href":"https:\/\/internetaddictsanonymous.org\/pt\/wp-json\/wp\/v2\/users\/35194237"}],"replies":[{"embeddable":true,"href":"https:\/\/internetaddictsanonymous.org\/pt\/wp-json\/wp\/v2\/comments?post=16623"}],"version-history":[{"count":23,"href":"https:\/\/internetaddictsanonymous.org\/pt\/wp-json\/wp\/v2\/pages\/16623\/revisions"}],"predecessor-version":[{"id":16675,"href":"https:\/\/internetaddictsanonymous.org\/pt\/wp-json\/wp\/v2\/pages\/16623\/revisions\/16675"}],"wp:attachment":[{"href":"https:\/\/internetaddictsanonymous.org\/pt\/wp-json\/wp\/v2\/media?parent=16623"}],"wp:term":[{"taxonomy":"post_tag","embeddable":true,"href":"https:\/\/internetaddictsanonymous.org\/pt\/wp-json\/wp\/v2\/tags?post=16623"}],"curies":[{"name":"wp","href":"https:\/\/api.w.org\/{rel}","templated":true}]}}