{"id":16726,"date":"2023-09-02T13:40:49","date_gmt":"2023-09-02T17:40:49","guid":{"rendered":"https:\/\/internetaddictsanonymous.org\/?page_id=16726"},"modified":"2023-09-02T13:48:45","modified_gmt":"2023-09-02T17:48:45","slug":"para-ateus-e-agnosticos","status":"publish","type":"page","link":"https:\/\/internetaddictsanonymous.org\/pt\/for-atheists-and-agnostics\/","title":{"rendered":"Para ateus e agn\u00f3sticos"},"content":{"rendered":"<p>Ao entrar na ITAA, muitos de n\u00f3s que somos ateus ou agn\u00f3sticos nos perguntamos se esse era um programa religioso. Mesmo quando fomos informados de que a ITAA n\u00e3o \u00e9 afiliada a nenhuma religi\u00e3o, alguns de n\u00f3s ainda questionaram se havia compromissos religiosos sutis \u00e0 espreita em algum lugar fora de vista.<\/p>\n\n\n\n<p>O fato \u00e9 que n\u00e3o h\u00e1 nenhuma cren\u00e7a religiosa que seja necess\u00e1ria para participar do nosso programa, trabalhar os Passos e encontrar a sobriedade a longo prazo. Nossa irmandade defende firmemente a liberdade de cada membro de se engajar em qualquer tradi\u00e7\u00e3o de f\u00e9 ou na aus\u00eancia de tradi\u00e7\u00e3o de f\u00e9, conforme seja mais \u00fatil para ele em seu pr\u00f3prio caminho de recupera\u00e7\u00e3o. Nosso ate\u00edsmo e agnosticismo n\u00e3o nos impediram de encontrar a liberdade da depend\u00eancia e, por meio da recupera\u00e7\u00e3o, desenvolvemos uma conex\u00e3o mais profunda com n\u00f3s mesmos, com os outros e com o mundo ao nosso redor.&nbsp;<\/p>\n\n\n\n<p>O que, ent\u00e3o, significa a frase \"Poder Superior\", que aparece com frequ\u00eancia em nosso programa? Os Doze Passos se concentram em nossa entrega a um poder maior do que n\u00f3s mesmos, e somos convidados a explorar qualquer conceito de Poder Superior que seja mais \u00fatil para n\u00f3s em nossa pr\u00f3pria recupera\u00e7\u00e3o. H\u00e1 uma enorme diversidade na forma como os diferentes membros entendem seu Poder Superior, e nos beneficiamos ao perguntar aos outros sobre suas experi\u00eancias. Alguns membros entendem seu Poder Superior como a natureza, o universo, a realidade, conceitos como amor ou servi\u00e7o, o momento presente, a irmandade da ITAA, o poder da conex\u00e3o humana, a sabedoria coletiva de todas as pessoas em recupera\u00e7\u00e3o, nosso pai amoroso interior, nossa for\u00e7a interior ou nosso eu superior. Outros encontram resson\u00e2ncia com um ser espiritual, for\u00e7a ou energia. Alguns membros podem usar a palavra Deus para nomear esse poder. Cada um de n\u00f3s \u00e9 convidado a descobrir qualquer Poder Superior que seja mais prop\u00edcio ao nosso crescimento pessoal e \u00e0 nossa recupera\u00e7\u00e3o da depend\u00eancia.<\/p>\n\n\n\n<p>J\u00e1 foi dito muitas vezes que n\u00e3o precisamos acreditar em Deus para trabalhar os Passos; precisamos simplesmente acreditar que n\u00e3o somos Deus. Na jornada para a sobriedade, primeiro aceitamos o fato de que temos um problema s\u00e9rio que n\u00e3o podemos resolver por nossa pr\u00f3pria vontade. Em seguida, passamos a acreditar que pode haver algo fora de n\u00f3s mesmos que pode nos ajudar a encontrar a recupera\u00e7\u00e3o de longo prazo de nossos comportamentos obsessivos e autodestrutivos, conforme evidenciado pelo fato de que milh\u00f5es de outras pessoas que sofrem da doen\u00e7a da depend\u00eancia encontraram a liberdade por meio de programas de Doze Passos. Em seguida, nos comprometemos a confiar no processo e a aceitar a ajuda de outras pessoas, um dia de cada vez.<\/p>\n\n\n\n<p>O amor, a toler\u00e2ncia e a mente aberta nos guiam na recupera\u00e7\u00e3o, e celebramos a diversidade de caminhos espirituais que diferentes membros percorrem. Esperamos que voc\u00ea se sinta bem-vindo na ITAA e o incentivamos a tentar participar de seis reuni\u00f5es diferentes em um curto per\u00edodo de tempo para descobrir se nosso programa pode ser \u00fatil para voc\u00ea.<br><br> <\/p>\n\n\n\n<h3 class=\"wp-block-heading\"><strong>Os membros compartilham sua experi\u00eancia, for\u00e7a e esperan\u00e7a na recupera\u00e7\u00e3o como ateus e agn\u00f3sticos:<\/strong><\/h3>\n\n\n\n<p><em>Embora eu n\u00e3o pratique nenhuma religi\u00e3o, consegui trabalhar os Passos, ter um Poder Superior e encontrar a liberdade de longo prazo de meu v\u00edcio. Interpretei a dimens\u00e3o espiritual de nosso programa como um convite para me envolver com algo maior do que eu e desenvolver uma exist\u00eancia significativa. Por meio da recupera\u00e7\u00e3o, encontrei um modo de vida muito mais rico e gratificante do que aquele que eu tinha quando entrei no programa. Hoje me sinto confort\u00e1vel quando ou\u00e7o outros membros falarem sobre seus caminhos espirituais - sinto que posso me relacionar com suas experi\u00eancias sem julgamentos.&nbsp;<\/em><\/p>\n\n\n\n<p class=\"has-text-align-center\"><em>***<\/em><\/p>\n\n\n\n<p><em>Eu tinha um grande problema com os Passos at\u00e9 que finalmente entendi que n\u00e3o era necess\u00e1rio acreditar em nenhuma religi\u00e3o ou ter cren\u00e7as espirituais para trabalhar com eles. Os Passos enfatizam um \"Poder Superior <\/em>de nosso pr\u00f3prio entendimento<em>\". Para mim, meu Poder Superior \u00e9 o poder de compartilhar honestamente com os outros e de conex\u00e3o humana compassiva.<\/em><\/p>\n\n\n\n<p class=\"has-text-align-center\">***<\/p>\n\n\n\n<p><em>Sou ateu e, quando entrei para a ITAA, tinha receio de ser convertido. Eu precisava encontrar algo em que confiasse. Comecei a participar de reuni\u00f5es de ateus e agn\u00f3sticos e as considerei muito \u00fateis. Eles me deram permiss\u00e3o para acreditar no Poder Superior que tenho agora.&nbsp;<\/em><\/p>\n\n\n\n<p class=\"has-text-align-center\">***<\/p>\n\n\n\n<p><em>Um aspecto importante de meu ate\u00edsmo \u00e9 o compromisso com a verdade. A recupera\u00e7\u00e3o me ajudou a deixar de lado a ilus\u00e3o de que eu poderia superar uma condi\u00e7\u00e3o neurol\u00f3gica. N\u00e3o consigo. Preciso de ajuda, \u00e0s vezes de maneiras que n\u00e3o entendo. Por meio da recupera\u00e7\u00e3o e do apoio de outras pessoas, desenvolvi uma compreens\u00e3o mais profunda de mim mesmo e sou mais capaz de viver minha vida de acordo com a realidade. Nesse processo, consegui alcan\u00e7ar e manter a abstin\u00eancia cont\u00ednua de meus comportamentos viciantes por mais de tr\u00eas anos.&nbsp;<\/em><\/p>\n\n\n\n<p class=\"has-text-align-center\">***<\/p>\n\n\n\n<p>Na recupera\u00e7\u00e3o, cada um de n\u00f3s \u00e9 convidado a traduzir a linguagem de nosso programa para algo que funcione para n\u00f3s, e somos bem-vindos a deixar de lado tudo o que n\u00e3o nos for \u00fatil. Tudo em nosso programa \u00e9 apenas uma sugest\u00e3o. Se voc\u00ea deseja parar de usar a tecnologia compulsivamente e est\u00e1 interessado em experimentar nosso programa, recomendamos que participe de seis reuni\u00f5es em um curto espa\u00e7o de tempo para ver se a ITAA pode ser \u00fatil para voc\u00ea. Esperamos que encontre em nossas reuni\u00f5es o mesmo al\u00edvio e liberdade que tantos de n\u00f3s j\u00e1 experimentamos.<\/p>\n\n\n\n<div class=\"wp-block-buttons is-content-justification-left is-layout-flex wp-container-core-buttons-is-layout-fdcfc74e wp-block-buttons-is-layout-flex\">\n<div class=\"wp-block-button has-custom-width wp-block-button__width-50 has-custom-font-size is-style-fill\" style=\"font-size:25px;font-style:normal;font-weight:900\"><a class=\"wp-block-button__link has-white-color has-blue-background-color has-text-color has-background wp-element-button\" href=\"https:\/\/internetaddictsanonymous.org\/pt\/reunioes-on-line\/\" style=\"border-radius:100px\">Participe de uma reuni\u00e3o<\/a><\/div>\n\n\n<\/div>\n\n\n\n<div style=\"height:75px\" aria-hidden=\"true\" class=\"wp-block-spacer\"><\/div>\n<!-- PMB print buttons is only displayed on a single post\/page URLs-->","protected":false},"excerpt":{"rendered":"<p>Ao entrar no ITAA, muitos de n\u00f3s que somos ateus ou agn\u00f3sticos nos perguntamos se este era um programa religioso. Mesmo quando fomos informados de que a ITAA n\u00e3o \u00e9 afiliada a nenhuma religi\u00e3o, alguns de n\u00f3s ainda question\u00e1mos se haveria compromissos religiosos subtis escondidos algures fora da vista. O fato \u00e9 que n\u00e3o existem cren\u00e7as religiosas\u2026 <a href=\"https:\/\/internetaddictsanonymous.org\/pt\/for-atheists-and-agnostics\/\" class=\"more-link\">Continue lendo <span class=\"screen-reader-text\">Para ateus e agn\u00f3sticos<\/span><\/a><\/p>","protected":false},"author":35194237,"featured_media":0,"parent":0,"menu_order":0,"comment_status":"closed","ping_status":"closed","template":"full-width-page.php","meta":{"inline_featured_image":false,"_lmt_disableupdate":"","_lmt_disable":"","jetpack_post_was_ever_published":false,"footnotes":""},"tags":[],"class_list":["post-16726","page","type-page","status-publish","hentry"],"yoast_head":"<!-- This site is optimized with the Yoast SEO plugin v27.3 - https:\/\/yoast.com\/product\/yoast-seo-wordpress\/ -->\n<title>For Atheists and Agnostics &#8211; Internet and Technology Addicts Anonymous<\/title>\n<meta name=\"robots\" content=\"index, follow, max-snippet:-1, max-image-preview:large, max-video-preview:-1\" \/>\n<link rel=\"canonical\" href=\"https:\/\/internetaddictsanonymous.org\/pt\/para-ateus-e-agnosticos\/\" \/>\n<meta property=\"og:locale\" content=\"pt_BR\" \/>\n<meta property=\"og:type\" content=\"article\" \/>\n<meta property=\"og:title\" content=\"For Atheists and Agnostics &#8211; Internet and Technology Addicts Anonymous\" \/>\n<meta property=\"og:description\" content=\"Upon entering ITAA, many of us who are atheists or agnostics wondered whether this was a religious program. Even when we were informed that ITAA isn\u2019t affiliated with any religion, some of us still questioned whether there were subtle religious commitments lurking somewhere out of sight. The fact is that there are no religious beliefs &hellip; Continue lendo For Atheists and Agnostics\" \/>\n<meta property=\"og:url\" content=\"https:\/\/internetaddictsanonymous.org\/pt\/para-ateus-e-agnosticos\/\" \/>\n<meta property=\"og:site_name\" content=\"Internet and Technology Addicts Anonymous\" \/>\n<meta property=\"article:modified_time\" content=\"2023-09-02T17:48:45+00:00\" \/>\n<meta name=\"twitter:card\" content=\"summary_large_image\" \/>\n<meta name=\"twitter:label1\" content=\"Est. tempo de leitura\" \/>\n\t<meta name=\"twitter:data1\" content=\"4 minutos\" \/>\n<script type=\"application\/ld+json\" class=\"yoast-schema-graph\">{\"@context\":\"https:\\\/\\\/schema.org\",\"@graph\":[{\"@type\":\"WebPage\",\"@id\":\"https:\\\/\\\/internetaddictsanonymous.org\\\/for-atheists-and-agnostics\\\/\",\"url\":\"https:\\\/\\\/internetaddictsanonymous.org\\\/for-atheists-and-agnostics\\\/\",\"name\":\"For Atheists and Agnostics &#8211; Internet and Technology Addicts Anonymous\",\"isPartOf\":{\"@id\":\"https:\\\/\\\/internetaddictsanonymous.org\\\/#website\"},\"datePublished\":\"2023-09-02T17:40:49+00:00\",\"dateModified\":\"2023-09-02T17:48:45+00:00\",\"breadcrumb\":{\"@id\":\"https:\\\/\\\/internetaddictsanonymous.org\\\/for-atheists-and-agnostics\\\/#breadcrumb\"},\"inLanguage\":\"pt-BR\",\"potentialAction\":[{\"@type\":\"ReadAction\",\"target\":[\"https:\\\/\\\/internetaddictsanonymous.org\\\/for-atheists-and-agnostics\\\/\"]}]},{\"@type\":\"BreadcrumbList\",\"@id\":\"https:\\\/\\\/internetaddictsanonymous.org\\\/for-atheists-and-agnostics\\\/#breadcrumb\",\"itemListElement\":[{\"@type\":\"ListItem\",\"position\":1,\"name\":\"Home\",\"item\":\"https:\\\/\\\/internetaddictsanonymous.org\\\/\"},{\"@type\":\"ListItem\",\"position\":2,\"name\":\"For Atheists and Agnostics\"}]},{\"@type\":\"WebSite\",\"@id\":\"https:\\\/\\\/internetaddictsanonymous.org\\\/#website\",\"url\":\"https:\\\/\\\/internetaddictsanonymous.org\\\/\",\"name\":\"Internet and Technology Addicts Anonymous\",\"description\":\"Worldwide 12-step Fellowship for Internet and Technology Addiction\",\"publisher\":{\"@id\":\"https:\\\/\\\/internetaddictsanonymous.org\\\/#organization\"},\"potentialAction\":[{\"@type\":\"SearchAction\",\"target\":{\"@type\":\"EntryPoint\",\"urlTemplate\":\"https:\\\/\\\/internetaddictsanonymous.org\\\/?s={search_term_string}\"},\"query-input\":{\"@type\":\"PropertyValueSpecification\",\"valueRequired\":true,\"valueName\":\"search_term_string\"}}],\"inLanguage\":\"pt-BR\"},{\"@type\":\"Organization\",\"@id\":\"https:\\\/\\\/internetaddictsanonymous.org\\\/#organization\",\"name\":\"Internet and Technology Addicts Anonymous\",\"url\":\"https:\\\/\\\/internetaddictsanonymous.org\\\/\",\"logo\":{\"@type\":\"ImageObject\",\"inLanguage\":\"pt-BR\",\"@id\":\"https:\\\/\\\/internetaddictsanonymous.org\\\/#\\\/schema\\\/logo\\\/image\\\/\",\"url\":\"https:\\\/\\\/internetaddictsanonymous.org\\\/wp-content\\\/uploads\\\/2023\\\/01\\\/cropped-ITAA-logo-480px.png\",\"contentUrl\":\"https:\\\/\\\/internetaddictsanonymous.org\\\/wp-content\\\/uploads\\\/2023\\\/01\\\/cropped-ITAA-logo-480px.png\",\"width\":480,\"height\":480,\"caption\":\"Internet and Technology Addicts Anonymous\"},\"image\":{\"@id\":\"https:\\\/\\\/internetaddictsanonymous.org\\\/#\\\/schema\\\/logo\\\/image\\\/\"}}]}<\/script>\n<!-- \/ Yoast SEO plugin. -->","yoast_head_json":{"title":"Para ateus e agn\u00f3sticos - Viciados em Internet e Tecnologia An\u00f4nimos","robots":{"index":"index","follow":"follow","max-snippet":"max-snippet:-1","max-image-preview":"max-image-preview:large","max-video-preview":"max-video-preview:-1"},"canonical":"https:\/\/internetaddictsanonymous.org\/pt\/para-ateus-e-agnosticos\/","og_locale":"pt_BR","og_type":"article","og_title":"For Atheists and Agnostics &#8211; Internet and Technology Addicts Anonymous","og_description":"Upon entering ITAA, many of us who are atheists or agnostics wondered whether this was a religious program. Even when we were informed that ITAA isn\u2019t affiliated with any religion, some of us still questioned whether there were subtle religious commitments lurking somewhere out of sight. The fact is that there are no religious beliefs &hellip; Continue lendo For Atheists and Agnostics","og_url":"https:\/\/internetaddictsanonymous.org\/pt\/para-ateus-e-agnosticos\/","og_site_name":"Internet and Technology Addicts Anonymous","article_modified_time":"2023-09-02T17:48:45+00:00","twitter_card":"summary_large_image","twitter_misc":{"Est. tempo de leitura":"4 minutos"},"schema":{"@context":"https:\/\/schema.org","@graph":[{"@type":"WebPage","@id":"https:\/\/internetaddictsanonymous.org\/for-atheists-and-agnostics\/","url":"https:\/\/internetaddictsanonymous.org\/for-atheists-and-agnostics\/","name":"Para ateus e agn\u00f3sticos - Viciados em Internet e Tecnologia An\u00f4nimos","isPartOf":{"@id":"https:\/\/internetaddictsanonymous.org\/#website"},"datePublished":"2023-09-02T17:40:49+00:00","dateModified":"2023-09-02T17:48:45+00:00","breadcrumb":{"@id":"https:\/\/internetaddictsanonymous.org\/for-atheists-and-agnostics\/#breadcrumb"},"inLanguage":"pt-BR","potentialAction":[{"@type":"ReadAction","target":["https:\/\/internetaddictsanonymous.org\/for-atheists-and-agnostics\/"]}]},{"@type":"BreadcrumbList","@id":"https:\/\/internetaddictsanonymous.org\/for-atheists-and-agnostics\/#breadcrumb","itemListElement":[{"@type":"ListItem","position":1,"name":"Home","item":"https:\/\/internetaddictsanonymous.org\/"},{"@type":"ListItem","position":2,"name":"For Atheists and Agnostics"}]},{"@type":"WebSite","@id":"https:\/\/internetaddictsanonymous.org\/#website","url":"https:\/\/internetaddictsanonymous.org\/","name":"Dependentes de Internet e Tecnologia An\u00f4nimos","description":"Bolsa mundial de 12 passos para Internet e v\u00edcio em tecnologia","publisher":{"@id":"https:\/\/internetaddictsanonymous.org\/#organization"},"potentialAction":[{"@type":"SearchAction","target":{"@type":"EntryPoint","urlTemplate":"https:\/\/internetaddictsanonymous.org\/?s={search_term_string}"},"query-input":{"@type":"PropertyValueSpecification","valueRequired":true,"valueName":"search_term_string"}}],"inLanguage":"pt-BR"},{"@type":"Organization","@id":"https:\/\/internetaddictsanonymous.org\/#organization","name":"Dependentes de Internet e Tecnologia An\u00f4nimos","url":"https:\/\/internetaddictsanonymous.org\/","logo":{"@type":"ImageObject","inLanguage":"pt-BR","@id":"https:\/\/internetaddictsanonymous.org\/#\/schema\/logo\/image\/","url":"https:\/\/internetaddictsanonymous.org\/wp-content\/uploads\/2023\/01\/cropped-ITAA-logo-480px.png","contentUrl":"https:\/\/internetaddictsanonymous.org\/wp-content\/uploads\/2023\/01\/cropped-ITAA-logo-480px.png","width":480,"height":480,"caption":"Internet and Technology Addicts Anonymous"},"image":{"@id":"https:\/\/internetaddictsanonymous.org\/#\/schema\/logo\/image\/"}}]}},"jetpack_sharing_enabled":true,"jetpack_shortlink":"https:\/\/wp.me\/P9Fwob-4lM","_links":{"self":[{"href":"https:\/\/internetaddictsanonymous.org\/pt\/wp-json\/wp\/v2\/pages\/16726","targetHints":{"allow":["GET"]}}],"collection":[{"href":"https:\/\/internetaddictsanonymous.org\/pt\/wp-json\/wp\/v2\/pages"}],"about":[{"href":"https:\/\/internetaddictsanonymous.org\/pt\/wp-json\/wp\/v2\/types\/page"}],"author":[{"embeddable":true,"href":"https:\/\/internetaddictsanonymous.org\/pt\/wp-json\/wp\/v2\/users\/35194237"}],"replies":[{"embeddable":true,"href":"https:\/\/internetaddictsanonymous.org\/pt\/wp-json\/wp\/v2\/comments?post=16726"}],"version-history":[{"count":5,"href":"https:\/\/internetaddictsanonymous.org\/pt\/wp-json\/wp\/v2\/pages\/16726\/revisions"}],"predecessor-version":[{"id":16733,"href":"https:\/\/internetaddictsanonymous.org\/pt\/wp-json\/wp\/v2\/pages\/16726\/revisions\/16733"}],"wp:attachment":[{"href":"https:\/\/internetaddictsanonymous.org\/pt\/wp-json\/wp\/v2\/media?parent=16726"}],"wp:term":[{"taxonomy":"post_tag","embeddable":true,"href":"https:\/\/internetaddictsanonymous.org\/pt\/wp-json\/wp\/v2\/tags?post=16726"}],"curies":[{"name":"wp","href":"https:\/\/api.w.org\/{rel}","templated":true}]}}