{"id":17226,"date":"2023-12-03T15:15:07","date_gmt":"2023-12-03T20:15:07","guid":{"rendered":"https:\/\/internetaddictsanonymous.org\/?page_id=17226"},"modified":"2025-03-02T11:35:39","modified_gmt":"2025-03-02T19:35:39","slug":"criterios-de-item-da-agenda-do-ism","status":"publish","type":"page","link":"https:\/\/internetaddictsanonymous.org\/pt\/ism-agenda-item-criteria\/","title":{"rendered":"Crit\u00e9rios de Itens da Agenda ISM"},"content":{"rendered":"<p>Qualquer membro da ITAA poder\u00e1 submeter um item da agenda \u00e0s nossas Reuni\u00f5es de Servi\u00e7os Internacionais, enviando uma mensagem atrav\u00e9s do <a href=\"https:\/\/internetaddictsanonymous.org\/pt\/contato\/\">Formul\u00e1rio de Contato<\/a> aos Secret\u00e1rios da Reuni\u00e3o de Servi\u00e7os Internacionais. Antes de enviar um item da agenda, encorajamos voc\u00ea a manter os seguintes pontos em mente:<\/p>\n\n\n\n<ul class=\"wp-block-list\">\n<li><strong>Espec\u00edfico: <\/strong>As mo\u00e7\u00f5es s\u00e3o propostas concretas para uma a\u00e7\u00e3o ou decis\u00e3o a ser tomada. Eles normalmente especificam \u201co qu\u00ea\u201d, \u201cquem\u201d, \u201cquando\u201d e \u201conde\u201d. Em outras palavras, a mo\u00e7\u00e3o \u00e9 espec\u00edfica sobre o que est\u00e1 sendo proposto, sobre quem ser\u00e1 afetado ou quem implementar\u00e1 a mo\u00e7\u00e3o, sobre quando a mo\u00e7\u00e3o ocorrer\u00e1 e sobre onde a mo\u00e7\u00e3o ser\u00e1 implementada (por exemplo, o roteiro, o site, etc.).<\/li>\n\n\n\n<li><strong>Formatado: <\/strong>Os movimentos normalmente come\u00e7am com as palavras \u201cPara\u201d ou \u201cAquilo\u201d. Um exemplo de mo\u00e7\u00e3o pode ser o seguinte: <em>\u201cMo\u00e7\u00e3o: Para definir um limite de tempo padr\u00e3o de 2 minutos para compartilhamentos durante ISMs (embora qualquer pessoa possa fazer uma mo\u00e7\u00e3o durante um ISM para reduzir ou estender o limite de tempo, ou remov\u00ea-lo) e adicionar a seguinte linha ao script ISM ap\u00f3s a se\u00e7\u00e3o Relat\u00f3rios: \u201cAlgu\u00e9m estaria disposto a se voluntariar para ser nosso cronometrista hoje? Teremos compartilhamentos de dois minutos com um aviso de 30 segundos.&#039;\u201d<\/em><\/li>\n\n\n\n<li><strong>Conciso: <\/strong>Nosso objetivo \u00e9 manter os itens da agenda com menos de 150 palavras.<\/li>\n\n\n\n<li><strong>Apropriado:<\/strong> Os itens da agenda n\u00e3o podem quebrar o anonimato de outros membros, direta ou indiretamente, n\u00e3o devem depreciar outros membros da ITAA, n\u00e3o podem apresentar descri\u00e7\u00f5es gr\u00e1ficas de viol\u00eancia ou assuntos sexuais e n\u00e3o podem apresentar discrimina\u00e7\u00e3o.<\/li>\n<\/ul>\n\n\n\n<p>Al\u00e9m desses pontos, muitas vezes achamos \u00fatil nos familiarizarmos com o <a href=\"https:\/\/internetaddictsanonymous.org\/pt\/12-passos-daitaa\/\">Doze Tradi\u00e7\u00f5es<\/a>, tendo em mente que o ISM n\u00e3o \u00e9 uma autoridade legislativa, mas antes opera a servi\u00e7o dos grupos e dos nossos membros. Algumas mo\u00e7\u00f5es (como sugerir uma edi\u00e7\u00e3o no site ou no exemplo de roteiro de reuni\u00e3o) tamb\u00e9m podem ser melhor tratadas por um dos <a href=\"https:\/\/internetaddictsanonymous.org\/pt\/posicoes-de-servico\/\">nossos comit\u00eas<\/a>.<\/p>\n\n\n\n<p>Observe que os itens da pauta levar\u00e3o pelo menos 3 semanas para serem discutidos em uma Reuni\u00e3o Interministerial (ISM, na sigla em ingl\u00eas), portanto, pode ser necess\u00e1rio realizar v\u00e1rias ISMs at\u00e9 que o seu item da pauta seja discutido.<\/p>\n<!-- PMB print buttons is only displayed on a single post\/page URLs-->","protected":false},"excerpt":{"rendered":"<p>Qualquer membro da ITAA pode enviar um item da agenda para nossas Reuni\u00f5es de Servi\u00e7os Internacionais, enviando uma mensagem atrav\u00e9s do formul\u00e1rio de contato aos Secret\u00e1rios das Reuni\u00f5es de Servi\u00e7os Internacionais. Antes de enviar um item da agenda, encorajamos voc\u00ea a manter os seguintes pontos em mente: Al\u00e9m desses pontos, muitas vezes achamos \u00fatil familiarizar-se\u2026 <a href=\"https:\/\/internetaddictsanonymous.org\/pt\/ism-agenda-item-criteria\/\" class=\"more-link\">Continue lendo <span class=\"screen-reader-text\">Crit\u00e9rios de Itens da Agenda ISM<\/span><\/a><\/p>","protected":false},"author":35194237,"featured_media":0,"parent":0,"menu_order":0,"comment_status":"closed","ping_status":"closed","template":"full-width-page.php","meta":{"inline_featured_image":false,"_lmt_disableupdate":"","_lmt_disable":"","footnotes":""},"tags":[],"class_list":["post-17226","page","type-page","status-publish","hentry"],"yoast_head":"<!-- This site is optimized with the Yoast SEO plugin v27.5 - https:\/\/yoast.com\/product\/yoast-seo-wordpress\/ -->\n<title>ISM Agenda Item Criteria &#8211; Internet and Technology Addicts Anonymous<\/title>\n<meta name=\"robots\" content=\"index, follow, max-snippet:-1, max-image-preview:large, max-video-preview:-1\" \/>\n<link rel=\"canonical\" href=\"https:\/\/internetaddictsanonymous.org\/pt\/criterios-de-item-da-agenda-do-ism\/\" \/>\n<meta property=\"og:locale\" content=\"pt_BR\" \/>\n<meta property=\"og:type\" content=\"article\" \/>\n<meta property=\"og:title\" content=\"ISM Agenda Item Criteria &#8211; Internet and Technology Addicts Anonymous\" \/>\n<meta property=\"og:description\" content=\"Any member of ITAA may submit an agenda item to our International Service Meetings by sending a message through the contact form to the International Service Meeting Secretaries. Before submitting an agenda item, we encourage you to keep the following points in mind: In addition to these points, we often find it helpful to familiarize &hellip; Continue lendo ISM Agenda Item Criteria\" \/>\n<meta property=\"og:url\" content=\"https:\/\/internetaddictsanonymous.org\/pt\/criterios-de-item-da-agenda-do-ism\/\" \/>\n<meta property=\"og:site_name\" content=\"Internet and Technology Addicts Anonymous\" \/>\n<meta property=\"article:modified_time\" content=\"2025-03-02T19:35:39+00:00\" \/>\n<meta name=\"twitter:card\" content=\"summary_large_image\" \/>\n<meta name=\"twitter:label1\" content=\"Est. tempo de leitura\" \/>\n\t<meta name=\"twitter:data1\" content=\"2 minutos\" \/>\n<script type=\"application\/ld+json\" class=\"yoast-schema-graph\">{\"@context\":\"https:\\\/\\\/schema.org\",\"@graph\":[{\"@type\":\"WebPage\",\"@id\":\"https:\\\/\\\/internetaddictsanonymous.org\\\/ism-agenda-item-criteria\\\/\",\"url\":\"https:\\\/\\\/internetaddictsanonymous.org\\\/ism-agenda-item-criteria\\\/\",\"name\":\"ISM Agenda Item Criteria &#8211; Internet and Technology Addicts Anonymous\",\"isPartOf\":{\"@id\":\"https:\\\/\\\/internetaddictsanonymous.org\\\/#website\"},\"datePublished\":\"2023-12-03T20:15:07+00:00\",\"dateModified\":\"2025-03-02T19:35:39+00:00\",\"breadcrumb\":{\"@id\":\"https:\\\/\\\/internetaddictsanonymous.org\\\/ism-agenda-item-criteria\\\/#breadcrumb\"},\"inLanguage\":\"pt-BR\",\"potentialAction\":[{\"@type\":\"ReadAction\",\"target\":[\"https:\\\/\\\/internetaddictsanonymous.org\\\/ism-agenda-item-criteria\\\/\"]}]},{\"@type\":\"BreadcrumbList\",\"@id\":\"https:\\\/\\\/internetaddictsanonymous.org\\\/ism-agenda-item-criteria\\\/#breadcrumb\",\"itemListElement\":[{\"@type\":\"ListItem\",\"position\":1,\"name\":\"Home\",\"item\":\"https:\\\/\\\/internetaddictsanonymous.org\\\/\"},{\"@type\":\"ListItem\",\"position\":2,\"name\":\"ISM Agenda Item Criteria\"}]},{\"@type\":\"WebSite\",\"@id\":\"https:\\\/\\\/internetaddictsanonymous.org\\\/#website\",\"url\":\"https:\\\/\\\/internetaddictsanonymous.org\\\/\",\"name\":\"Internet and Technology Addicts Anonymous\",\"description\":\"Worldwide 12-step Fellowship for Internet and Technology Addiction\",\"publisher\":{\"@id\":\"https:\\\/\\\/internetaddictsanonymous.org\\\/#organization\"},\"potentialAction\":[{\"@type\":\"SearchAction\",\"target\":{\"@type\":\"EntryPoint\",\"urlTemplate\":\"https:\\\/\\\/internetaddictsanonymous.org\\\/?s={search_term_string}\"},\"query-input\":{\"@type\":\"PropertyValueSpecification\",\"valueRequired\":true,\"valueName\":\"search_term_string\"}}],\"inLanguage\":\"pt-BR\"},{\"@type\":\"Organization\",\"@id\":\"https:\\\/\\\/internetaddictsanonymous.org\\\/#organization\",\"name\":\"Internet and Technology Addicts Anonymous\",\"url\":\"https:\\\/\\\/internetaddictsanonymous.org\\\/\",\"logo\":{\"@type\":\"ImageObject\",\"inLanguage\":\"pt-BR\",\"@id\":\"https:\\\/\\\/internetaddictsanonymous.org\\\/#\\\/schema\\\/logo\\\/image\\\/\",\"url\":\"https:\\\/\\\/internetaddictsanonymous.org\\\/wp-content\\\/uploads\\\/2023\\\/01\\\/cropped-ITAA-logo-480px.png\",\"contentUrl\":\"https:\\\/\\\/internetaddictsanonymous.org\\\/wp-content\\\/uploads\\\/2023\\\/01\\\/cropped-ITAA-logo-480px.png\",\"width\":480,\"height\":480,\"caption\":\"Internet and Technology Addicts Anonymous\"},\"image\":{\"@id\":\"https:\\\/\\\/internetaddictsanonymous.org\\\/#\\\/schema\\\/logo\\\/image\\\/\"}}]}<\/script>\n<!-- \/ Yoast SEO plugin. -->","yoast_head_json":{"title":"Crit\u00e9rios de itens da agenda ISM \u2013 Viciados em Internet e Tecnologia An\u00f4nimos","robots":{"index":"index","follow":"follow","max-snippet":"max-snippet:-1","max-image-preview":"max-image-preview:large","max-video-preview":"max-video-preview:-1"},"canonical":"https:\/\/internetaddictsanonymous.org\/pt\/criterios-de-item-da-agenda-do-ism\/","og_locale":"pt_BR","og_type":"article","og_title":"ISM Agenda Item Criteria &#8211; Internet and Technology Addicts Anonymous","og_description":"Any member of ITAA may submit an agenda item to our International Service Meetings by sending a message through the contact form to the International Service Meeting Secretaries. Before submitting an agenda item, we encourage you to keep the following points in mind: In addition to these points, we often find it helpful to familiarize &hellip; Continue lendo ISM Agenda Item Criteria","og_url":"https:\/\/internetaddictsanonymous.org\/pt\/criterios-de-item-da-agenda-do-ism\/","og_site_name":"Internet and Technology Addicts Anonymous","article_modified_time":"2025-03-02T19:35:39+00:00","twitter_card":"summary_large_image","twitter_misc":{"Est. tempo de leitura":"2 minutos"},"schema":{"@context":"https:\/\/schema.org","@graph":[{"@type":"WebPage","@id":"https:\/\/internetaddictsanonymous.org\/ism-agenda-item-criteria\/","url":"https:\/\/internetaddictsanonymous.org\/ism-agenda-item-criteria\/","name":"Crit\u00e9rios de itens da agenda ISM \u2013 Viciados em Internet e Tecnologia An\u00f4nimos","isPartOf":{"@id":"https:\/\/internetaddictsanonymous.org\/#website"},"datePublished":"2023-12-03T20:15:07+00:00","dateModified":"2025-03-02T19:35:39+00:00","breadcrumb":{"@id":"https:\/\/internetaddictsanonymous.org\/ism-agenda-item-criteria\/#breadcrumb"},"inLanguage":"pt-BR","potentialAction":[{"@type":"ReadAction","target":["https:\/\/internetaddictsanonymous.org\/ism-agenda-item-criteria\/"]}]},{"@type":"BreadcrumbList","@id":"https:\/\/internetaddictsanonymous.org\/ism-agenda-item-criteria\/#breadcrumb","itemListElement":[{"@type":"ListItem","position":1,"name":"Home","item":"https:\/\/internetaddictsanonymous.org\/"},{"@type":"ListItem","position":2,"name":"ISM Agenda Item Criteria"}]},{"@type":"WebSite","@id":"https:\/\/internetaddictsanonymous.org\/#website","url":"https:\/\/internetaddictsanonymous.org\/","name":"Dependentes de Internet e Tecnologia An\u00f4nimos","description":"Bolsa mundial de 12 passos para Internet e v\u00edcio em tecnologia","publisher":{"@id":"https:\/\/internetaddictsanonymous.org\/#organization"},"potentialAction":[{"@type":"SearchAction","target":{"@type":"EntryPoint","urlTemplate":"https:\/\/internetaddictsanonymous.org\/?s={search_term_string}"},"query-input":{"@type":"PropertyValueSpecification","valueRequired":true,"valueName":"search_term_string"}}],"inLanguage":"pt-BR"},{"@type":"Organization","@id":"https:\/\/internetaddictsanonymous.org\/#organization","name":"Dependentes de Internet e Tecnologia An\u00f4nimos","url":"https:\/\/internetaddictsanonymous.org\/","logo":{"@type":"ImageObject","inLanguage":"pt-BR","@id":"https:\/\/internetaddictsanonymous.org\/#\/schema\/logo\/image\/","url":"https:\/\/internetaddictsanonymous.org\/wp-content\/uploads\/2023\/01\/cropped-ITAA-logo-480px.png","contentUrl":"https:\/\/internetaddictsanonymous.org\/wp-content\/uploads\/2023\/01\/cropped-ITAA-logo-480px.png","width":480,"height":480,"caption":"Internet and Technology Addicts Anonymous"},"image":{"@id":"https:\/\/internetaddictsanonymous.org\/#\/schema\/logo\/image\/"}}]}},"jetpack_sharing_enabled":true,"jetpack_shortlink":"https:\/\/wp.me\/P9Fwob-4tQ","_links":{"self":[{"href":"https:\/\/internetaddictsanonymous.org\/pt\/wp-json\/wp\/v2\/pages\/17226","targetHints":{"allow":["GET"]}}],"collection":[{"href":"https:\/\/internetaddictsanonymous.org\/pt\/wp-json\/wp\/v2\/pages"}],"about":[{"href":"https:\/\/internetaddictsanonymous.org\/pt\/wp-json\/wp\/v2\/types\/page"}],"author":[{"embeddable":true,"href":"https:\/\/internetaddictsanonymous.org\/pt\/wp-json\/wp\/v2\/users\/35194237"}],"replies":[{"embeddable":true,"href":"https:\/\/internetaddictsanonymous.org\/pt\/wp-json\/wp\/v2\/comments?post=17226"}],"version-history":[{"count":17,"href":"https:\/\/internetaddictsanonymous.org\/pt\/wp-json\/wp\/v2\/pages\/17226\/revisions"}],"predecessor-version":[{"id":19391,"href":"https:\/\/internetaddictsanonymous.org\/pt\/wp-json\/wp\/v2\/pages\/17226\/revisions\/19391"}],"wp:attachment":[{"href":"https:\/\/internetaddictsanonymous.org\/pt\/wp-json\/wp\/v2\/media?parent=17226"}],"wp:term":[{"taxonomy":"post_tag","embeddable":true,"href":"https:\/\/internetaddictsanonymous.org\/pt\/wp-json\/wp\/v2\/tags?post=17226"}],"curies":[{"name":"wp","href":"https:\/\/api.w.org\/{rel}","templated":true}]}}