{"id":17595,"date":"2024-02-18T19:47:54","date_gmt":"2024-02-19T00:47:54","guid":{"rendered":"https:\/\/internetaddictsanonymous.org\/?page_id=17595"},"modified":"2026-04-23T15:20:14","modified_gmt":"2026-04-23T22:20:14","slug":"eua-ca","status":"publish","type":"page","link":"https:\/\/internetaddictsanonymous.org\/pt\/in-person-meetings\/usa-ca\/","title":{"rendered":"ITAA na Calif\u00f3rnia, EUA"},"content":{"rendered":"<p>Bem-vindo \u00e0 Internet e Viciados em Tecnologia An\u00f4nimos! Estamos felizes por nos ter encontrado e esperamos que nossa comunidade possa ser t\u00e3o \u00fatil para voc\u00ea quanto tem sido para n\u00f3s.<strong> <mark style=\"background-color:rgba(0, 0, 0, 0)\" class=\"has-inline-color has-dark-gray-color\">ITAA \u00e9 uma bolsa de doze passos de indiv\u00edduos que se ap\u00f3iam mutuamente na recupera\u00e7\u00e3o do v\u00edcio da internet e da tecnologia.<\/mark><\/strong> Isso inclui o v\u00edcio em m\u00eddias sociais, smartphones, streaming de conte\u00fado de v\u00eddeo ou \u00e1udio, jogos, not\u00edcias, pornografia, aplicativos de namoro, pesquisa on-line, compras on-line ou qualquer outra atividade digital que se torne compulsiva e problem\u00e1tica.&nbsp;<\/p>\n\n\n\n<h4 class=\"wp-block-heading has-text-align-center\">~ <em><strong>No norte da Calif\u00f3rnia <\/strong><\/em>~<\/h4>\n\n\n\n<h3 class=\"wp-block-heading\">Reuni\u00f5es em Chico (Potencial)<\/h3>\n\n\n\n<p>Se voc\u00ea tiver interesse em se conectar com outros membros da ITAA em Chico, Calif\u00f3rnia, entre em contato pelo e-mail fornecido.<br>Contato: <a href=\"mailto:Chico.ITAA@gmail.com\" target=\"_blank\" rel=\"noreferrer noopener\">Chico.ITAA@gmail.com<\/a><\/p>\n\n\n\n<h3 class=\"wp-block-heading\">Reuni\u00f5es em South Bay (Sunnyvale)<\/h3>\n\n\n\n<p>Quando: Quintas-feiras, das 18h30 \u00e0s 19h30<br>Local: Biblioteca de Sunnyvale<br>WhatsApp (principal): Entre em contato com o n\u00famero de telefone abaixo para receber um link de convite! <br>Telefone (Aye Bea): 408-507-3975 (sinta-se \u00e0 vontade para enviar uma mensagem de texto ou ligar diretamente se estiver com dificuldades para nos encontrar!) <br>O email: <a href=\"mailto:southbay.itaa@gmail.com\">southbay.itaa@gmail.com<\/a> (A resposta poder\u00e1 demorar at\u00e9 24 horas).<\/p>\n\n\n\n<p>Sobre este cap\u00edtulo: Nosso objetivo \u00e9 ser um espa\u00e7o acolhedor e informal para que as pessoas compartilhem suas dificuldades, progressos ou quaisquer reflex\u00f5es sobre o v\u00edcio em tecnologia, incluindo, de forma geral, qualquer atividade digital que se torne compulsiva e problem\u00e1tica. Estamos sempre abertos a sugest\u00f5es e coment\u00e1rios! <\/p>\n\n\n\n<h3 class=\"wp-block-heading\">Reuni\u00f5es em Berkeley<\/h3>\n\n\n\n<p>Quando: Domingos, 1-2pm<br>Onde: Igreja Universalista Unit\u00e1ria de Berkeley, 1606 Bonita Ave, Berkeley, CA<br>Contato:&nbsp;<a href=\"mailto:nolan.s.itaa@gmail.com\" target=\"_blank\" rel=\"noreferrer noopener\">nolan.s.itaa@gmail.com<\/a><\/p>\n\n\n\n<h3 class=\"wp-block-heading\">Reuni\u00f5es em S\u00e3o Francisco<\/h3>\n\n\n\n<p>Quando: S\u00e1bados, das 13h \u00e0s 14h.<br>Local: First Unitarian Universalist Church and Center (UUSF), 1187 Franklin Street, San Francisco, CA<br>Sala: Sala Fahs<br>Informa\u00e7\u00f5es adicionais: Por favor, toque a campainha na porta de VIDRO ap\u00f3s a entrada principal (n\u00e3o na porta de madeira). Ao entrar no pr\u00e9dio, vire \u00e0 esquerda e siga pelo corredor que contorna o p\u00e1tio. A sala Fahs fica no final do corredor, \u00e0 esquerda, depois da capela. Se a porta estiver fechada, entre! Aguardamos sua visita.<br>Contato: Tom\u00e1s K, tomask.itaa@gmail.com, 917 725 2192 (caso tenha dificuldades para encontrar a sala, sinta-se \u00e0 vontade para ligar diretamente)<\/p>\n\n\n\n<h4 class=\"wp-block-heading\">Reuni\u00f5es na cidade de Yuba<\/h4>\n\n\n\n<p>Quando: Primeiros s\u00e1bados do m\u00eas, das 13h \u00e0s 14h<br>Local: Feather River Parkway, Yuba City, CA<br>Contato:&nbsp;<a href=\"mailto:graham.recovery.in.itaa@gmail.com\" target=\"_blank\" rel=\"noreferrer noopener\">ITAA.NorCal@gmail.com<\/a><\/p>\n\n\n\n<p>Venha passar um tempo com um grupo pequeno, mas forte, que se apoia mutuamente na recupera\u00e7\u00e3o, um dia de cada vez.<\/p>\n\n\n\n<p>Esta \u00e9 uma reuni\u00e3o aberta; todos s\u00e3o bem-vindos. Pedimos aos visitantes que respeitem o prop\u00f3sito principal desta reuni\u00e3o, que \u00e9 levar a mensagem de recupera\u00e7\u00e3o ao usu\u00e1rio compulsivo de internet e tecnologia que ainda sofre com o v\u00edcio.<\/p>\n\n\n\n<h4 class=\"wp-block-heading has-text-align-center\">~ <strong><em>No sul da Calif\u00f3rnia<\/em><\/strong> ~<\/h4>\n\n\n\n<h3 class=\"wp-block-heading\">Reuni\u00f5es em Los Angeles, CA<\/h3>\n\n\n\n<h4 class=\"wp-block-heading\">\u201cEtapa 11 \u00e0s 11:11\u201d Reuni\u00e3o da ITAA de Hollywood<\/h4>\n\n\n\n<p>Quando: s\u00e1bados, das 11h \u00e0s 12h30<br>Local: Plummer Park, na 7377 Santa Monica Blvd, West Hollywood, CA 90046<br>O email:&nbsp;<a href=\"mailto:Hollywood.ITAA@gmail.com\" target=\"_blank\" rel=\"noreferrer noopener\">Hollywood.ITAA@gmail.com<\/a><br>Sinal: <a href=\"https:\/\/signal.group\/#CjQKIH-GZ6WbWSa6lwfAKdOepX8k4djVGaUHOwAdyez5Cu5eEhCnuuYB18fbYFqkoxdGW3hp\" target=\"_blank\" rel=\"noreferrer noopener\">https:\/\/signal.group\/#CjQKIH-GZ6WbWSa6lwfAKdOepX8k4djVGaUHOwAdyez5Cu5eEhCnuuYB18fbYFqkoxdGW3hp<\/a><\/p>\n\n\n\n<p>Esta \u00e9 uma reuni\u00e3o aberta; todos s\u00e3o bem-vindos. Pedimos aos visitantes que respeitem o prop\u00f3sito principal desta reuni\u00e3o, que \u00e9 levar a mensagem de recupera\u00e7\u00e3o ao usu\u00e1rio compulsivo de internet e tecnologia que ainda sofre com o v\u00edcio.<\/p>\n\n\n\n<p>Localiza\u00e7\u00e3o exata: O ponto de encontro \u00e9 na \u00e1rea gramada ao sul das quadras de t\u00eanis. As coordenadas exatas de GPS s\u00e3o:&nbsp;<br>(34.0929888, -118.3514780).<\/p>\n\n\n\n<p>Estacionamento: H\u00e1 estacionamento gratuito por 3 horas para os frequentadores do parque nos lados norte e sul. Tamb\u00e9m \u00e9 poss\u00edvel estacionar na rua, mas lembre-se das restri\u00e7\u00f5es de estacionamento da cidade.<\/p>\n\n\n\n<p>Informa\u00e7\u00f5es adicionais:<br>1) Fique \u00e0 vontade para entrar em contato por e-mail ou pelo grupo do WhatsApp caso tenha alguma d\u00favida, mas, devido \u00e0 natureza do encontro ao ar livre, chegadas espont\u00e2neas tamb\u00e9m s\u00e3o bem-vindas.<\/p>\n\n\n\n<p>2) Por favor, chegue at\u00e9 \u00e0s 11h e certifique-se de levar em conta o tempo de estacionamento. A reuni\u00e3o come\u00e7a \u00e0s 11h11, ap\u00f3s o qual a admiss\u00e3o \u00e0 reuni\u00e3o ser\u00e1 encerrada at\u00e9 que a parte de partilha comece ap\u00f3s a medita\u00e7\u00e3o aproximadamente \u00e0s 12N. Se voc\u00ea chegar nesse hor\u00e1rio, ligue para a pessoa de contato e voc\u00ea ser\u00e1 admitido ap\u00f3s a medita\u00e7\u00e3o<\/p>\n\n\n\n<p>3) Al\u00e9m disso, traga sua pr\u00f3pria cadeira ou manta, caso prefira n\u00e3o se sentar na grama. Se n\u00e3o tiver, podemos providenciar algo para voc\u00ea.<\/p>\n\n\n\n<p><\/p>\n\n\n\n<h4 class=\"wp-block-heading\">Reuni\u00f5es em Pasadena<\/h4>\n\n\n\n<p>Quando: Quintas-feiras \u00e0s 11:00 horas<br>Local: Central Park, Pasadena. Chegue cinco minutos antes para nos encontrarmos na fonte da National Humane Alliance, localizada na esquina da Avenida Raymond com a Rua E Dayton. Nos sentaremos \u00e0 sombra de grandes \u00e1rvores \u2013 traga uma cadeira, toalha ou cobertor, se desejar.<br>Contato:&nbsp;<a href=\"mailto:mishainla.itaa@gmail.com\" target=\"_blank\" rel=\"noreferrer noopener\">mishainla.itaa@gmail.com<\/a><br><\/p>\n\n\n\n<p>Informa\u00e7\u00f5es adicionais:<br>1) H\u00e1 estacionamento na rua na E Dayton Street, S Raymond Ave e Fair Oaks Avenue por $1,25 por hora. H\u00e1 tamb\u00e9m estacionamento coberto por $1,00 por 90 minutos no estacionamento da Esta\u00e7\u00e3o Del Mar (230 S Raymond Ave). Se voc\u00ea for de metr\u00f4, a Linha A (Linha Azul) para nesta esta\u00e7\u00e3o Del Mar, que fica pr\u00f3xima.<br>2) Esta reuni\u00e3o \u00e9 raramente, mas ocasionalmente, cancelada ou transferida devido \u00e0s condi\u00e7\u00f5es clim\u00e1ticas. Recomenda-se, mas n\u00e3o \u00e9 obrigat\u00f3rio, que os participantes novos entrem em contato com Misha antes de comparecer.&nbsp;<a href=\"mailto:mishainla.itaa@gmail.com\" target=\"_blank\" rel=\"noreferrer noopener\">mishainla.itaa@gmail.com<\/a><\/p>\n\n\n\n<h4 class=\"wp-block-heading\">Encontro de estudo do Livro Grande em Santa M\u00f4nica<\/h4>\n\n\n\n<p>Observa\u00e7\u00e3o: Estamos experimentando novos locais nas proximidades, ent\u00e3o pode ser que n\u00e3o estejamos nesta cafeteria todas as semanas. Envie uma mensagem para Evan pelo n\u00famero (424) 392-9023 para obter informa\u00e7\u00f5es atualizadas sobre o local e hor\u00e1rio.<\/p>\n\n\n\n<p>Quando: Quartas-feiras, das 17h30 \u00e0s 18h30.<br>Localiza\u00e7\u00e3o: 3301 Pico Blvd, Santa Monica, CA 90405 (entrada pela Urban Ave)<\/p>\n\n\n\n<p>Esta \u00e9 uma reuni\u00e3o aberta; todos s\u00e3o bem-vindos. Pedimos aos visitantes que respeitem o prop\u00f3sito principal desta reuni\u00e3o, que \u00e9 levar a mensagem de recupera\u00e7\u00e3o ao usu\u00e1rio compulsivo de internet e tecnologia que ainda sofre com o v\u00edcio.<\/p>\n\n\n\n<p>Formato: Este \u00e9 um encontro de estudo liter\u00e1rio e compartilhamento participativo. Lemos trechos do Livro Grande de Alco\u00f3licos An\u00f4nimos e compartilhamos nossas reflex\u00f5es sobre a leitura ou qualquer outro assunto que nos vier \u00e0 mente.<\/p>\n\n\n\n<p>Esta reuni\u00e3o ser\u00e1 realizada em uma cafeteria na esquina \u2014 a entrada \u00e9 pela Avenida Urban. O estacionamento \u00e9 na rua; por favor, respeite as restri\u00e7\u00f5es de estacionamento.<\/p>\n\n\n\n<p>Contato: <a href=\"mailto:Westside.ITAA@gmail.com\" target=\"_blank\" rel=\"noreferrer noopener\">Westside.ITAA@gmail.com<\/a>.<\/p>\n\n\n\n<p class=\"has-text-align-center\">-~-<\/p>\n\n\n\n<h3 class=\"wp-block-heading\">Reuni\u00f5es adicionais<\/h3>\n\n\n\n<p>Se voc\u00ea \u00e9 novo, recomendamos que tente participar de seis reuni\u00f5es em um curto per\u00edodo de tempo para ver se nosso programa pode ser \u00fatil para voc\u00ea. Al\u00e9m de nossa reuni\u00e3o presencial local, voc\u00ea tamb\u00e9m pode analisar nosso <a href=\"https:\/\/internetaddictsanonymous.org\/pt\/reunioes-de-adiccao-internet-local\/\">outras reuni\u00f5es presenciais<\/a> e um <a href=\"https:\/\/internetaddictsanonymous.org\/pt\/reunioes-on-line\/\">programa\u00e7\u00e3o completa das reuni\u00f5es on-line<\/a>. Todas as reuni\u00f5es s\u00e3o totalmente gratuitas e an\u00f4nimas.<\/p>\n\n\n\n<h3 class=\"wp-block-heading\"><strong>Como funcionam as reuni\u00f5es?<\/strong><\/h3>\n\n\n\n<p>Se voc\u00ea for participar de uma reuni\u00e3o pela primeira vez, n\u00e3o precisa ficar nervoso. A maioria de nossas reuni\u00f5es \u00e9 muito simples; cada reuni\u00e3o tem um presidente que a conduz, e a maioria das reuni\u00f5es tem uma hora de dura\u00e7\u00e3o. O presidente e outros volunt\u00e1rios leem algumas declara\u00e7\u00f5es de abertura, antes de abrirmos a reuni\u00e3o para os membros compartilharem. N\u00e3o h\u00e1 necessidade de compartilhar, e n\u00e3o h\u00e1 problema em apenas ouvir. Caso se sinta confort\u00e1vel, voc\u00ea pode se apresentar e compartilhar o que o trouxe \u00e0 ITAA. A menos que solicitado pelo membro que est\u00e1 compartilhando, n\u00e3o oferecemos sugest\u00f5es ou coment\u00e1rios em resposta aos compartilhamentos dos outros; simplesmente ouvimos sem julgar. Ao final de uma hora, a reuni\u00e3o ser\u00e1 encerrada com algumas declara\u00e7\u00f5es finais, ap\u00f3s as quais os membros geralmente conversam casualmente, fazem perguntas e trocam detalhes de contato.<\/p>\n\n\n\n<h3 class=\"wp-block-heading\">Recursos para Internet e v\u00edcio em tecnologia<\/h3>\n\n\n\n<p>Se voc\u00ea est\u00e1 se perguntando se voc\u00ea pode ter um v\u00edcio em internet e tecnologia, voc\u00ea pode rever nossos question\u00e1rios para <a href=\"https:\/\/internetaddictsanonymous.org\/pt\/dependencia-de-internet-e-tecnologia\/\">v\u00edcio na internet<\/a>, <a href=\"https:\/\/internetaddictsanonymous.org\/pt\/dependencia-de-internet-e-tecnologia\/vicio-das-midias-sociais\/\">v\u00edcio das m\u00eddias sociais<\/a>, <a href=\"https:\/\/internetaddictsanonymous.org\/pt\/vicio-na-internet\/vicio-de-streaming\/\">v\u00edcio de streaming<\/a>, <a href=\"https:\/\/internetaddictsanonymous.org\/pt\/dependencia-de-internet-e-tecnologia\/vicio-em-telefone\/\">v\u00edcio em telefone<\/a>ou <a href=\"https:\/\/internetaddictsanonymous.org\/pt\/dependencia-de-internet-e-tecnologia\/vicio-em-videogame\/\">v\u00edcio em videogame<\/a>. Voc\u00ea tamb\u00e9m pode saber mais sobre ITAA lendo nosso&nbsp;<a href=\"https:\/\/internetaddictsanonymous.org\/pt\/guia-para-iniciantes\/\">guia para iniciantes<\/a>, revendo nosso <a href=\"https:\/\/internetaddictsanonymous.org\/pt\/recursos\/ferramentas-de-recuperacao\/\">ferramentas de recupera\u00e7\u00e3o<\/a>ou ouvir <a href=\"https:\/\/internetaddictsanonymous.org\/pt\/historias-de-recuperacao\/\">hist\u00f3rias de recupera\u00e7\u00e3o dos membros<\/a>.<\/p>\n\n\n\n<p>A ITAA n\u00e3o est\u00e1 afiliada a nenhuma agenda pol\u00edtica, religi\u00e3o ou interesses externos. Somos totalmente auto-sustent\u00e1veis e livres para todos os que precisam dele. Nosso \u00fanico objetivo \u00e9 nos abster de uso compulsivo da internet e da tecnologia e ajudar os outros a encontrar a liberdade deste v\u00edcio.<\/p>\n\n\n\n<p>Mais uma vez, seja bem-vindo! Esperamos que esta comunidade possa oferecer o apoio de que voc\u00ea precisa em sua recupera\u00e7\u00e3o do v\u00edcio em Internet e tecnologia. N\u00e3o hesite em entrar em contato conosco se tiver alguma d\u00favida.<\/p>\n<!-- PMB print buttons is only displayed on a single post\/page URLs-->","protected":false},"excerpt":{"rendered":"<p>Bem-vindo a Viciados em Internet e Tecnologia An\u00f4nimos! Estamos felizes por ter nos encontrado e esperamos que nossa comunidade possa ser t\u00e3o \u00fatil para voc\u00ea quanto tem sido para n\u00f3s. A ITAA \u00e9 uma irmandade de Doze Passos formada por indiv\u00edduos que se apoiam mutuamente na recupera\u00e7\u00e3o do v\u00edcio em Internet e tecnologia. Isso inclui o v\u00edcio em m\u00eddia social, smartphones, streaming ... <a href=\"https:\/\/internetaddictsanonymous.org\/pt\/in-person-meetings\/usa-ca\/\" class=\"more-link\">Continue lendo <span class=\"screen-reader-text\">ITAA na Calif\u00f3rnia, EUA<\/span><\/a><\/p>","protected":false},"author":35194255,"featured_media":0,"parent":148,"menu_order":0,"comment_status":"closed","ping_status":"closed","template":"full-width-page.php","meta":{"inline_featured_image":false,"_lmt_disableupdate":"","_lmt_disable":"","footnotes":""},"tags":[],"class_list":["post-17595","page","type-page","status-publish","hentry"],"yoast_head":"<!-- This site is optimized with the Yoast SEO plugin v27.5 - https:\/\/yoast.com\/product\/yoast-seo-wordpress\/ -->\n<title>ITAA in California, US &#8211; Internet and Technology Addicts Anonymous<\/title>\n<meta name=\"description\" content=\"There are several in-person ITAA meetings in Southern California including in Santa Monica, Pasadena, and Hollywood. More coming soon!\" \/>\n<meta name=\"robots\" content=\"index, follow, max-snippet:-1, max-image-preview:large, max-video-preview:-1\" \/>\n<link rel=\"canonical\" href=\"https:\/\/internetaddictsanonymous.org\/pt\/reunioes-de-adiccao-internet-local\/eua-ca\/\" \/>\n<meta property=\"og:locale\" content=\"pt_BR\" \/>\n<meta property=\"og:type\" content=\"article\" \/>\n<meta property=\"og:title\" content=\"ITAA in California, US &#8211; Internet and Technology Addicts Anonymous\" \/>\n<meta property=\"og:description\" content=\"There are several in-person ITAA meetings in Southern California including in Santa Monica, Pasadena, and Hollywood. More coming soon!\" \/>\n<meta property=\"og:url\" content=\"https:\/\/internetaddictsanonymous.org\/pt\/reunioes-de-adiccao-internet-local\/eua-ca\/\" \/>\n<meta property=\"og:site_name\" content=\"Internet and Technology Addicts Anonymous\" \/>\n<meta property=\"article:modified_time\" content=\"2026-04-23T22:20:14+00:00\" \/>\n<meta name=\"twitter:card\" content=\"summary_large_image\" \/>\n<meta name=\"twitter:label1\" content=\"Est. tempo de leitura\" \/>\n\t<meta name=\"twitter:data1\" content=\"6 minutos\" \/>\n<script type=\"application\/ld+json\" class=\"yoast-schema-graph\">{\"@context\":\"https:\\\/\\\/schema.org\",\"@graph\":[{\"@type\":\"WebPage\",\"@id\":\"https:\\\/\\\/internetaddictsanonymous.org\\\/in-person-meetings\\\/usa-ca\\\/\",\"url\":\"https:\\\/\\\/internetaddictsanonymous.org\\\/in-person-meetings\\\/usa-ca\\\/\",\"name\":\"ITAA in California, US &#8211; Internet and Technology Addicts Anonymous\",\"isPartOf\":{\"@id\":\"https:\\\/\\\/internetaddictsanonymous.org\\\/#website\"},\"datePublished\":\"2024-02-19T00:47:54+00:00\",\"dateModified\":\"2026-04-23T22:20:14+00:00\",\"description\":\"There are several in-person ITAA meetings in Southern California including in Santa Monica, Pasadena, and Hollywood. More coming soon!\",\"breadcrumb\":{\"@id\":\"https:\\\/\\\/internetaddictsanonymous.org\\\/in-person-meetings\\\/usa-ca\\\/#breadcrumb\"},\"inLanguage\":\"pt-BR\",\"potentialAction\":[{\"@type\":\"ReadAction\",\"target\":[\"https:\\\/\\\/internetaddictsanonymous.org\\\/in-person-meetings\\\/usa-ca\\\/\"]}]},{\"@type\":\"BreadcrumbList\",\"@id\":\"https:\\\/\\\/internetaddictsanonymous.org\\\/in-person-meetings\\\/usa-ca\\\/#breadcrumb\",\"itemListElement\":[{\"@type\":\"ListItem\",\"position\":1,\"name\":\"Home\",\"item\":\"https:\\\/\\\/internetaddictsanonymous.org\\\/\"},{\"@type\":\"ListItem\",\"position\":2,\"name\":\"In-Person Meetings\",\"item\":\"https:\\\/\\\/internetaddictsanonymous.org\\\/in-person-meetings\\\/\"},{\"@type\":\"ListItem\",\"position\":3,\"name\":\"ITAA in California, US\"}]},{\"@type\":\"WebSite\",\"@id\":\"https:\\\/\\\/internetaddictsanonymous.org\\\/#website\",\"url\":\"https:\\\/\\\/internetaddictsanonymous.org\\\/\",\"name\":\"Internet and Technology Addicts Anonymous\",\"description\":\"Worldwide 12-step Fellowship for Internet and Technology Addiction\",\"publisher\":{\"@id\":\"https:\\\/\\\/internetaddictsanonymous.org\\\/#organization\"},\"potentialAction\":[{\"@type\":\"SearchAction\",\"target\":{\"@type\":\"EntryPoint\",\"urlTemplate\":\"https:\\\/\\\/internetaddictsanonymous.org\\\/?s={search_term_string}\"},\"query-input\":{\"@type\":\"PropertyValueSpecification\",\"valueRequired\":true,\"valueName\":\"search_term_string\"}}],\"inLanguage\":\"pt-BR\"},{\"@type\":\"Organization\",\"@id\":\"https:\\\/\\\/internetaddictsanonymous.org\\\/#organization\",\"name\":\"Internet and Technology Addicts Anonymous\",\"url\":\"https:\\\/\\\/internetaddictsanonymous.org\\\/\",\"logo\":{\"@type\":\"ImageObject\",\"inLanguage\":\"pt-BR\",\"@id\":\"https:\\\/\\\/internetaddictsanonymous.org\\\/#\\\/schema\\\/logo\\\/image\\\/\",\"url\":\"https:\\\/\\\/internetaddictsanonymous.org\\\/wp-content\\\/uploads\\\/2023\\\/01\\\/cropped-ITAA-logo-480px.png\",\"contentUrl\":\"https:\\\/\\\/internetaddictsanonymous.org\\\/wp-content\\\/uploads\\\/2023\\\/01\\\/cropped-ITAA-logo-480px.png\",\"width\":480,\"height\":480,\"caption\":\"Internet and Technology Addicts Anonymous\"},\"image\":{\"@id\":\"https:\\\/\\\/internetaddictsanonymous.org\\\/#\\\/schema\\\/logo\\\/image\\\/\"}}]}<\/script>\n<!-- \/ Yoast SEO plugin. -->","yoast_head_json":{"title":"ITAA na Calif\u00f3rnia, EUA \u2013 Viciados em Internet e Tecnologia An\u00f4nimos","description":"Existem diversas reuni\u00f5es presenciais da ITAA no sul da Calif\u00f3rnia, incluindo em Santa Monica, Pasadena e Hollywood. Mais em breve!","robots":{"index":"index","follow":"follow","max-snippet":"max-snippet:-1","max-image-preview":"max-image-preview:large","max-video-preview":"max-video-preview:-1"},"canonical":"https:\/\/internetaddictsanonymous.org\/pt\/reunioes-de-adiccao-internet-local\/eua-ca\/","og_locale":"pt_BR","og_type":"article","og_title":"ITAA in California, US &#8211; Internet and Technology Addicts Anonymous","og_description":"There are several in-person ITAA meetings in Southern California including in Santa Monica, Pasadena, and Hollywood. More coming soon!","og_url":"https:\/\/internetaddictsanonymous.org\/pt\/reunioes-de-adiccao-internet-local\/eua-ca\/","og_site_name":"Internet and Technology Addicts Anonymous","article_modified_time":"2026-04-23T22:20:14+00:00","twitter_card":"summary_large_image","twitter_misc":{"Est. tempo de leitura":"6 minutos"},"schema":{"@context":"https:\/\/schema.org","@graph":[{"@type":"WebPage","@id":"https:\/\/internetaddictsanonymous.org\/in-person-meetings\/usa-ca\/","url":"https:\/\/internetaddictsanonymous.org\/in-person-meetings\/usa-ca\/","name":"ITAA na Calif\u00f3rnia, EUA \u2013 Viciados em Internet e Tecnologia An\u00f4nimos","isPartOf":{"@id":"https:\/\/internetaddictsanonymous.org\/#website"},"datePublished":"2024-02-19T00:47:54+00:00","dateModified":"2026-04-23T22:20:14+00:00","description":"Existem diversas reuni\u00f5es presenciais da ITAA no sul da Calif\u00f3rnia, incluindo em Santa Monica, Pasadena e Hollywood. Mais em breve!","breadcrumb":{"@id":"https:\/\/internetaddictsanonymous.org\/in-person-meetings\/usa-ca\/#breadcrumb"},"inLanguage":"pt-BR","potentialAction":[{"@type":"ReadAction","target":["https:\/\/internetaddictsanonymous.org\/in-person-meetings\/usa-ca\/"]}]},{"@type":"BreadcrumbList","@id":"https:\/\/internetaddictsanonymous.org\/in-person-meetings\/usa-ca\/#breadcrumb","itemListElement":[{"@type":"ListItem","position":1,"name":"Home","item":"https:\/\/internetaddictsanonymous.org\/"},{"@type":"ListItem","position":2,"name":"In-Person Meetings","item":"https:\/\/internetaddictsanonymous.org\/in-person-meetings\/"},{"@type":"ListItem","position":3,"name":"ITAA in California, US"}]},{"@type":"WebSite","@id":"https:\/\/internetaddictsanonymous.org\/#website","url":"https:\/\/internetaddictsanonymous.org\/","name":"Dependentes de Internet e Tecnologia An\u00f4nimos","description":"Bolsa mundial de 12 passos para Internet e v\u00edcio em tecnologia","publisher":{"@id":"https:\/\/internetaddictsanonymous.org\/#organization"},"potentialAction":[{"@type":"SearchAction","target":{"@type":"EntryPoint","urlTemplate":"https:\/\/internetaddictsanonymous.org\/?s={search_term_string}"},"query-input":{"@type":"PropertyValueSpecification","valueRequired":true,"valueName":"search_term_string"}}],"inLanguage":"pt-BR"},{"@type":"Organization","@id":"https:\/\/internetaddictsanonymous.org\/#organization","name":"Dependentes de Internet e Tecnologia An\u00f4nimos","url":"https:\/\/internetaddictsanonymous.org\/","logo":{"@type":"ImageObject","inLanguage":"pt-BR","@id":"https:\/\/internetaddictsanonymous.org\/#\/schema\/logo\/image\/","url":"https:\/\/internetaddictsanonymous.org\/wp-content\/uploads\/2023\/01\/cropped-ITAA-logo-480px.png","contentUrl":"https:\/\/internetaddictsanonymous.org\/wp-content\/uploads\/2023\/01\/cropped-ITAA-logo-480px.png","width":480,"height":480,"caption":"Internet and Technology Addicts Anonymous"},"image":{"@id":"https:\/\/internetaddictsanonymous.org\/#\/schema\/logo\/image\/"}}]}},"jetpack_sharing_enabled":true,"jetpack_shortlink":"https:\/\/wp.me\/P9Fwob-4zN","_links":{"self":[{"href":"https:\/\/internetaddictsanonymous.org\/pt\/wp-json\/wp\/v2\/pages\/17595","targetHints":{"allow":["GET"]}}],"collection":[{"href":"https:\/\/internetaddictsanonymous.org\/pt\/wp-json\/wp\/v2\/pages"}],"about":[{"href":"https:\/\/internetaddictsanonymous.org\/pt\/wp-json\/wp\/v2\/types\/page"}],"author":[{"embeddable":true,"href":"https:\/\/internetaddictsanonymous.org\/pt\/wp-json\/wp\/v2\/users\/35194255"}],"replies":[{"embeddable":true,"href":"https:\/\/internetaddictsanonymous.org\/pt\/wp-json\/wp\/v2\/comments?post=17595"}],"version-history":[{"count":94,"href":"https:\/\/internetaddictsanonymous.org\/pt\/wp-json\/wp\/v2\/pages\/17595\/revisions"}],"predecessor-version":[{"id":21247,"href":"https:\/\/internetaddictsanonymous.org\/pt\/wp-json\/wp\/v2\/pages\/17595\/revisions\/21247"}],"up":[{"embeddable":true,"href":"https:\/\/internetaddictsanonymous.org\/pt\/wp-json\/wp\/v2\/pages\/148"}],"wp:attachment":[{"href":"https:\/\/internetaddictsanonymous.org\/pt\/wp-json\/wp\/v2\/media?parent=17595"}],"wp:term":[{"taxonomy":"post_tag","embeddable":true,"href":"https:\/\/internetaddictsanonymous.org\/pt\/wp-json\/wp\/v2\/tags?post=17595"}],"curies":[{"name":"wp","href":"https:\/\/api.w.org\/{rel}","templated":true}]}}