{"id":18078,"date":"2024-06-03T01:33:23","date_gmt":"2024-06-03T05:33:23","guid":{"rendered":"https:\/\/internetaddictsanonymous.org\/?page_id=18078"},"modified":"2024-06-03T01:33:25","modified_gmt":"2024-06-03T05:33:25","slug":"aprofundando-nossos-recursos-de-recuperacao","status":"publish","type":"page","link":"https:\/\/internetaddictsanonymous.org\/pt\/resources\/deepening-our-recovery-resources\/","title":{"rendered":"Aprofundando nossa recupera\u00e7\u00e3o"},"content":{"rendered":"<p><a href=\"https:\/\/internetaddictsanonymous.org\/pt\/a-guide-to-withdrawals\/\"><strong>Navegando em Retiradas<\/strong><\/a><br>Uma descri\u00e7\u00e3o do processo de retirada, juntamente com hist\u00f3rias de recupera\u00e7\u00e3o de quatro membros.<\/p>\n\n\n\n<p><a href=\"https:\/\/internetaddictsanonymous.org\/pt\/a-guide-to-sobriety-slips-and-relapses-in-itaa\/\"><strong>Entendendo a sobriedade, deslizes e reca\u00eddas<\/strong><\/a><br>Uma vis\u00e3o geral do que significa sobriedade no ITAA, bem como prevenir e crescer com deslizes e reca\u00eddas.<\/p>\n\n\n\n<p><strong><a href=\"https:\/\/internetaddictsanonymous.org\/pt\/a-guide-to-outreach-calls-in-itaa\/\">Fazendo liga\u00e7\u00f5es de apoio<\/a><br><\/strong>Um guia para ligar para outros membros fora das reuni\u00f5es, uma das ferramentas vitais de nossa recupera\u00e7\u00e3o.<\/p>\n\n\n\n<p><a href=\"https:\/\/internetaddictsanonymous.org\/pt\/patrocinio\/\"><strong>A import\u00e2ncia do apadrinhamento<\/strong><\/a><br>Patroc\u00ednio \u00e9 uma rela\u00e7\u00e3o informal em que um membro mais experiente do ITAA ajuda a nos guiar pela recupera\u00e7\u00e3o.<\/p>\n\n\n\n<p><a href=\"https:\/\/internetaddictsanonymous.org\/pt\/recursos\/literatura\/\"><strong>Como trabalhar com as etapas<\/strong><br><\/a>Recursos que podemos usar para trabalhar os Doze Passos.<\/p>\n\n\n\n<p><a href=\"https:\/\/internetaddictsanonymous.org\/pt\/the-doctors-opinion\/\"><strong>A evid\u00eancia cient\u00edfica sobre o v\u00edcio em Internet e tecnologia<\/strong><\/a><br>Uma vis\u00e3o geral dos efeitos e das consequ\u00eancias do v\u00edcio em Internet e tecnologia.<\/p>\n<!-- PMB print buttons is only displayed on a single post\/page URLs-->","protected":false},"excerpt":{"rendered":"<p>Navegando pelas retiradasUma descri\u00e7\u00e3o do processo de retiradas, juntamente com hist\u00f3rias de recupera\u00e7\u00e3o de quatro membros. Compreendendo sobriedade, deslizes e reca\u00eddasUma vis\u00e3o geral do que significa sobriedade no ITAA, bem como como prevenir e crescer com deslizes e reca\u00eddas. Fazendo liga\u00e7\u00f5es de divulga\u00e7\u00e3oUm guia para ligar para outros membros fora das reuni\u00f5es, uma das ferramentas vitais de\u2026 <a href=\"https:\/\/internetaddictsanonymous.org\/pt\/resources\/deepening-our-recovery-resources\/\" class=\"more-link\">Continue lendo <span class=\"screen-reader-text\">Aprofundando nossa recupera\u00e7\u00e3o<\/span><\/a><\/p>","protected":false},"author":35194237,"featured_media":0,"parent":42,"menu_order":0,"comment_status":"closed","ping_status":"closed","template":"full-width-page.php","meta":{"inline_featured_image":false,"_lmt_disableupdate":"","_lmt_disable":"","footnotes":""},"tags":[],"class_list":["post-18078","page","type-page","status-publish","hentry"],"yoast_head":"<!-- This site is optimized with the Yoast SEO plugin v27.4 - https:\/\/yoast.com\/product\/yoast-seo-wordpress\/ -->\n<title>Deepening our recovery &#8211; Internet and Technology Addicts Anonymous<\/title>\n<meta name=\"robots\" content=\"index, follow, max-snippet:-1, max-image-preview:large, max-video-preview:-1\" \/>\n<link rel=\"canonical\" href=\"https:\/\/internetaddictsanonymous.org\/pt\/recursos\/aprofundando-nossos-recursos-de-recuperacao\/\" \/>\n<meta property=\"og:locale\" content=\"pt_BR\" \/>\n<meta property=\"og:type\" content=\"article\" \/>\n<meta property=\"og:title\" content=\"Deepening our recovery &#8211; Internet and Technology Addicts Anonymous\" \/>\n<meta property=\"og:description\" content=\"Navigating WithdrawalsA description of the withdrawals process, along with recovery stories from four members. Understanding Sobriety, Slips, and RelapsesAn overview of what sobriety means in ITAA, as well as how to prevent and grow from slips and relapses. Making Outreach CallsA guide to calling other members outside of meetings, one of the vital tools of &hellip; Continue lendo Deepening our recovery\" \/>\n<meta property=\"og:url\" content=\"https:\/\/internetaddictsanonymous.org\/pt\/recursos\/aprofundando-nossos-recursos-de-recuperacao\/\" \/>\n<meta property=\"og:site_name\" content=\"Internet and Technology Addicts Anonymous\" \/>\n<meta property=\"article:modified_time\" content=\"2024-06-03T05:33:25+00:00\" \/>\n<meta name=\"twitter:card\" content=\"summary_large_image\" \/>\n<meta name=\"twitter:label1\" content=\"Est. tempo de leitura\" \/>\n\t<meta name=\"twitter:data1\" content=\"1 minuto\" \/>\n<script type=\"application\/ld+json\" class=\"yoast-schema-graph\">{\"@context\":\"https:\\\/\\\/schema.org\",\"@graph\":[{\"@type\":\"WebPage\",\"@id\":\"https:\\\/\\\/internetaddictsanonymous.org\\\/resources\\\/deepening-our-recovery-resources\\\/\",\"url\":\"https:\\\/\\\/internetaddictsanonymous.org\\\/resources\\\/deepening-our-recovery-resources\\\/\",\"name\":\"Deepening our recovery &#8211; Internet and Technology Addicts Anonymous\",\"isPartOf\":{\"@id\":\"https:\\\/\\\/internetaddictsanonymous.org\\\/#website\"},\"datePublished\":\"2024-06-03T05:33:23+00:00\",\"dateModified\":\"2024-06-03T05:33:25+00:00\",\"breadcrumb\":{\"@id\":\"https:\\\/\\\/internetaddictsanonymous.org\\\/resources\\\/deepening-our-recovery-resources\\\/#breadcrumb\"},\"inLanguage\":\"pt-BR\",\"potentialAction\":[{\"@type\":\"ReadAction\",\"target\":[\"https:\\\/\\\/internetaddictsanonymous.org\\\/resources\\\/deepening-our-recovery-resources\\\/\"]}]},{\"@type\":\"BreadcrumbList\",\"@id\":\"https:\\\/\\\/internetaddictsanonymous.org\\\/resources\\\/deepening-our-recovery-resources\\\/#breadcrumb\",\"itemListElement\":[{\"@type\":\"ListItem\",\"position\":1,\"name\":\"Home\",\"item\":\"https:\\\/\\\/internetaddictsanonymous.org\\\/\"},{\"@type\":\"ListItem\",\"position\":2,\"name\":\"Resources\",\"item\":\"https:\\\/\\\/internetaddictsanonymous.org\\\/resources\\\/\"},{\"@type\":\"ListItem\",\"position\":3,\"name\":\"Deepening our recovery\"}]},{\"@type\":\"WebSite\",\"@id\":\"https:\\\/\\\/internetaddictsanonymous.org\\\/#website\",\"url\":\"https:\\\/\\\/internetaddictsanonymous.org\\\/\",\"name\":\"Internet and Technology Addicts Anonymous\",\"description\":\"Worldwide 12-step Fellowship for Internet and Technology Addiction\",\"publisher\":{\"@id\":\"https:\\\/\\\/internetaddictsanonymous.org\\\/#organization\"},\"potentialAction\":[{\"@type\":\"SearchAction\",\"target\":{\"@type\":\"EntryPoint\",\"urlTemplate\":\"https:\\\/\\\/internetaddictsanonymous.org\\\/?s={search_term_string}\"},\"query-input\":{\"@type\":\"PropertyValueSpecification\",\"valueRequired\":true,\"valueName\":\"search_term_string\"}}],\"inLanguage\":\"pt-BR\"},{\"@type\":\"Organization\",\"@id\":\"https:\\\/\\\/internetaddictsanonymous.org\\\/#organization\",\"name\":\"Internet and Technology Addicts Anonymous\",\"url\":\"https:\\\/\\\/internetaddictsanonymous.org\\\/\",\"logo\":{\"@type\":\"ImageObject\",\"inLanguage\":\"pt-BR\",\"@id\":\"https:\\\/\\\/internetaddictsanonymous.org\\\/#\\\/schema\\\/logo\\\/image\\\/\",\"url\":\"https:\\\/\\\/internetaddictsanonymous.org\\\/wp-content\\\/uploads\\\/2023\\\/01\\\/cropped-ITAA-logo-480px.png\",\"contentUrl\":\"https:\\\/\\\/internetaddictsanonymous.org\\\/wp-content\\\/uploads\\\/2023\\\/01\\\/cropped-ITAA-logo-480px.png\",\"width\":480,\"height\":480,\"caption\":\"Internet and Technology Addicts Anonymous\"},\"image\":{\"@id\":\"https:\\\/\\\/internetaddictsanonymous.org\\\/#\\\/schema\\\/logo\\\/image\\\/\"}}]}<\/script>\n<!-- \/ Yoast SEO plugin. -->","yoast_head_json":{"title":"Aprofundando nossa recupera\u00e7\u00e3o \u2013 Internet and Technology Addicts Anonymous","robots":{"index":"index","follow":"follow","max-snippet":"max-snippet:-1","max-image-preview":"max-image-preview:large","max-video-preview":"max-video-preview:-1"},"canonical":"https:\/\/internetaddictsanonymous.org\/pt\/recursos\/aprofundando-nossos-recursos-de-recuperacao\/","og_locale":"pt_BR","og_type":"article","og_title":"Deepening our recovery &#8211; Internet and Technology Addicts Anonymous","og_description":"Navigating WithdrawalsA description of the withdrawals process, along with recovery stories from four members. Understanding Sobriety, Slips, and RelapsesAn overview of what sobriety means in ITAA, as well as how to prevent and grow from slips and relapses. Making Outreach CallsA guide to calling other members outside of meetings, one of the vital tools of &hellip; Continue lendo Deepening our recovery","og_url":"https:\/\/internetaddictsanonymous.org\/pt\/recursos\/aprofundando-nossos-recursos-de-recuperacao\/","og_site_name":"Internet and Technology Addicts Anonymous","article_modified_time":"2024-06-03T05:33:25+00:00","twitter_card":"summary_large_image","twitter_misc":{"Est. tempo de leitura":"1 minuto"},"schema":{"@context":"https:\/\/schema.org","@graph":[{"@type":"WebPage","@id":"https:\/\/internetaddictsanonymous.org\/resources\/deepening-our-recovery-resources\/","url":"https:\/\/internetaddictsanonymous.org\/resources\/deepening-our-recovery-resources\/","name":"Aprofundando nossa recupera\u00e7\u00e3o \u2013 Internet and Technology Addicts Anonymous","isPartOf":{"@id":"https:\/\/internetaddictsanonymous.org\/#website"},"datePublished":"2024-06-03T05:33:23+00:00","dateModified":"2024-06-03T05:33:25+00:00","breadcrumb":{"@id":"https:\/\/internetaddictsanonymous.org\/resources\/deepening-our-recovery-resources\/#breadcrumb"},"inLanguage":"pt-BR","potentialAction":[{"@type":"ReadAction","target":["https:\/\/internetaddictsanonymous.org\/resources\/deepening-our-recovery-resources\/"]}]},{"@type":"BreadcrumbList","@id":"https:\/\/internetaddictsanonymous.org\/resources\/deepening-our-recovery-resources\/#breadcrumb","itemListElement":[{"@type":"ListItem","position":1,"name":"Home","item":"https:\/\/internetaddictsanonymous.org\/"},{"@type":"ListItem","position":2,"name":"Resources","item":"https:\/\/internetaddictsanonymous.org\/resources\/"},{"@type":"ListItem","position":3,"name":"Deepening our recovery"}]},{"@type":"WebSite","@id":"https:\/\/internetaddictsanonymous.org\/#website","url":"https:\/\/internetaddictsanonymous.org\/","name":"Dependentes de Internet e Tecnologia An\u00f4nimos","description":"Bolsa mundial de 12 passos para Internet e v\u00edcio em tecnologia","publisher":{"@id":"https:\/\/internetaddictsanonymous.org\/#organization"},"potentialAction":[{"@type":"SearchAction","target":{"@type":"EntryPoint","urlTemplate":"https:\/\/internetaddictsanonymous.org\/?s={search_term_string}"},"query-input":{"@type":"PropertyValueSpecification","valueRequired":true,"valueName":"search_term_string"}}],"inLanguage":"pt-BR"},{"@type":"Organization","@id":"https:\/\/internetaddictsanonymous.org\/#organization","name":"Dependentes de Internet e Tecnologia An\u00f4nimos","url":"https:\/\/internetaddictsanonymous.org\/","logo":{"@type":"ImageObject","inLanguage":"pt-BR","@id":"https:\/\/internetaddictsanonymous.org\/#\/schema\/logo\/image\/","url":"https:\/\/internetaddictsanonymous.org\/wp-content\/uploads\/2023\/01\/cropped-ITAA-logo-480px.png","contentUrl":"https:\/\/internetaddictsanonymous.org\/wp-content\/uploads\/2023\/01\/cropped-ITAA-logo-480px.png","width":480,"height":480,"caption":"Internet and Technology Addicts Anonymous"},"image":{"@id":"https:\/\/internetaddictsanonymous.org\/#\/schema\/logo\/image\/"}}]}},"jetpack_sharing_enabled":true,"jetpack_shortlink":"https:\/\/wp.me\/P9Fwob-4HA","_links":{"self":[{"href":"https:\/\/internetaddictsanonymous.org\/pt\/wp-json\/wp\/v2\/pages\/18078","targetHints":{"allow":["GET"]}}],"collection":[{"href":"https:\/\/internetaddictsanonymous.org\/pt\/wp-json\/wp\/v2\/pages"}],"about":[{"href":"https:\/\/internetaddictsanonymous.org\/pt\/wp-json\/wp\/v2\/types\/page"}],"author":[{"embeddable":true,"href":"https:\/\/internetaddictsanonymous.org\/pt\/wp-json\/wp\/v2\/users\/35194237"}],"replies":[{"embeddable":true,"href":"https:\/\/internetaddictsanonymous.org\/pt\/wp-json\/wp\/v2\/comments?post=18078"}],"version-history":[{"count":1,"href":"https:\/\/internetaddictsanonymous.org\/pt\/wp-json\/wp\/v2\/pages\/18078\/revisions"}],"predecessor-version":[{"id":18079,"href":"https:\/\/internetaddictsanonymous.org\/pt\/wp-json\/wp\/v2\/pages\/18078\/revisions\/18079"}],"up":[{"embeddable":true,"href":"https:\/\/internetaddictsanonymous.org\/pt\/wp-json\/wp\/v2\/pages\/42"}],"wp:attachment":[{"href":"https:\/\/internetaddictsanonymous.org\/pt\/wp-json\/wp\/v2\/media?parent=18078"}],"wp:term":[{"taxonomy":"post_tag","embeddable":true,"href":"https:\/\/internetaddictsanonymous.org\/pt\/wp-json\/wp\/v2\/tags?post=18078"}],"curies":[{"name":"wp","href":"https:\/\/api.w.org\/{rel}","templated":true}]}}