{"id":18080,"date":"2024-06-03T01:34:14","date_gmt":"2024-06-03T05:34:14","guid":{"rendered":"https:\/\/internetaddictsanonymous.org\/?page_id=18080"},"modified":"2024-06-16T20:38:00","modified_gmt":"2024-06-17T00:38:00","slug":"recursos-de-servico","status":"publish","type":"page","link":"https:\/\/internetaddictsanonymous.org\/pt\/resources\/being-of-service-resources\/","title":{"rendered":"Estar a servi\u00e7o"},"content":{"rendered":"<p><a href=\"https:\/\/internetaddictsanonymous.org\/pt\/leading-and-strengthening-meetings\/\"><strong>Como as reuni\u00f5es funcionam<\/strong><\/a><br>Um guia abrangente para criar reuni\u00f5es fortes, saud\u00e1veis e crescentes.<\/p>\n\n\n\n<p><strong><a href=\"https:\/\/internetaddictsanonymous.org\/pt\/diretrizes-para-as-ciencias-do-grupo\/\">Um Guia para Consci\u00eancias de Grupo<\/a><\/strong><br>Uma vis\u00e3o geral detalhada do processo de consci\u00eancia de grupo por meio do qual tomamos decis\u00f5es de grupo.<\/p>\n\n\n\n<p><strong><a href=\"https:\/\/internetaddictsanonymous.org\/pt\/safety-in-itaa\/\">Seguran\u00e7a no DITA<\/a><br><\/strong>Um guia para responder a comportamentos inseguros ou inadequados.<\/p>\n\n\n\n<p><strong><a href=\"https:\/\/internetaddictsanonymous.org\/pt\/recursos\/recursos-de-servico\/principios-para-grupos-de-bate-papo\/\">Princ\u00edpios para grupos de bate-papo<\/a><\/strong><br>Um guia sobre como garantir que os grupos de bate-papo da ITAA sejam ve\u00edculos saud\u00e1veis para transmitir a mensagem de recupera\u00e7\u00e3o.<\/p>\n\n\n\n<p><strong><a href=\"https:\/\/internetaddictsanonymous.org\/pt\/gsr\/\">Representantes de servi\u00e7os de grupo<\/a><\/strong><br>Um GSR representa um grupo individual em nossas Reuni\u00f5es Internacionais de Servi\u00e7o.<\/p>\n<!-- PMB print buttons is only displayed on a single post\/page URLs-->","protected":false},"excerpt":{"rendered":"<p>Como funcionam as reuni\u00f5esUm guia completo para criar reuni\u00f5es fortes, saud\u00e1veis e crescentes. Um Guia para Consci\u00eancias de GrupoUma vis\u00e3o detalhada do processo de consci\u00eancia de grupo atrav\u00e9s do qual tomamos decis\u00f5es de grupo. Seguran\u00e7a no guia ITAAA para responder a comportamentos inseguros ou inadequados. Princ\u00edpios para grupos de bate-papoUm guia sobre como garantir que os grupos de bate-papo ITAA sejam saud\u00e1veis\u2026 <a href=\"https:\/\/internetaddictsanonymous.org\/pt\/resources\/being-of-service-resources\/\" class=\"more-link\">Continue lendo <span class=\"screen-reader-text\">Estar a servi\u00e7o<\/span><\/a><\/p>","protected":false},"author":35194237,"featured_media":0,"parent":42,"menu_order":0,"comment_status":"closed","ping_status":"closed","template":"full-width-page.php","meta":{"inline_featured_image":false,"_lmt_disableupdate":"","_lmt_disable":"","jetpack_post_was_ever_published":false,"footnotes":""},"tags":[],"class_list":["post-18080","page","type-page","status-publish","hentry"],"yoast_head":"<!-- This site is optimized with the Yoast SEO plugin v27.1.1 - https:\/\/yoast.com\/product\/yoast-seo-wordpress\/ -->\n<title>Being of service &#8211; Internet and Technology Addicts Anonymous<\/title>\n<meta name=\"robots\" content=\"index, follow, max-snippet:-1, max-image-preview:large, max-video-preview:-1\" \/>\n<link rel=\"canonical\" href=\"https:\/\/internetaddictsanonymous.org\/pt\/recursos\/recursos-de-servico\/\" \/>\n<meta property=\"og:locale\" content=\"pt_BR\" \/>\n<meta property=\"og:type\" content=\"article\" \/>\n<meta property=\"og:title\" content=\"Being of service &#8211; Internet and Technology Addicts Anonymous\" \/>\n<meta property=\"og:description\" content=\"How Meetings WorkA comprehensive guide to creating strong, healthy, and growing meetings. A Guide to Group ConsciencesA detailed overview of the group conscience process through which we make group decisions. Safety in ITAAA guide to responding to unsafe or inappropriate behavior. Principles for chat groupsA guide for how to ensure ITAA chat groups are healthy &hellip; Continue lendo Being of service\" \/>\n<meta property=\"og:url\" content=\"https:\/\/internetaddictsanonymous.org\/pt\/recursos\/recursos-de-servico\/\" \/>\n<meta property=\"og:site_name\" content=\"Internet and Technology Addicts Anonymous\" \/>\n<meta property=\"article:modified_time\" content=\"2024-06-17T00:38:00+00:00\" \/>\n<meta name=\"twitter:card\" content=\"summary_large_image\" \/>\n<meta name=\"twitter:label1\" content=\"Est. tempo de leitura\" \/>\n\t<meta name=\"twitter:data1\" content=\"1 minuto\" \/>\n<script type=\"application\/ld+json\" class=\"yoast-schema-graph\">{\"@context\":\"https:\/\/schema.org\",\"@graph\":[{\"@type\":\"WebPage\",\"@id\":\"https:\/\/internetaddictsanonymous.org\/resources\/being-of-service-resources\/\",\"url\":\"https:\/\/internetaddictsanonymous.org\/resources\/being-of-service-resources\/\",\"name\":\"Being of service &#8211; Internet and Technology Addicts Anonymous\",\"isPartOf\":{\"@id\":\"https:\/\/internetaddictsanonymous.org\/#website\"},\"datePublished\":\"2024-06-03T05:34:14+00:00\",\"dateModified\":\"2024-06-17T00:38:00+00:00\",\"breadcrumb\":{\"@id\":\"https:\/\/internetaddictsanonymous.org\/resources\/being-of-service-resources\/#breadcrumb\"},\"inLanguage\":\"pt-BR\",\"potentialAction\":[{\"@type\":\"ReadAction\",\"target\":[\"https:\/\/internetaddictsanonymous.org\/resources\/being-of-service-resources\/\"]}]},{\"@type\":\"BreadcrumbList\",\"@id\":\"https:\/\/internetaddictsanonymous.org\/resources\/being-of-service-resources\/#breadcrumb\",\"itemListElement\":[{\"@type\":\"ListItem\",\"position\":1,\"name\":\"Home\",\"item\":\"https:\/\/internetaddictsanonymous.org\/\"},{\"@type\":\"ListItem\",\"position\":2,\"name\":\"Resources\",\"item\":\"https:\/\/internetaddictsanonymous.org\/resources\/\"},{\"@type\":\"ListItem\",\"position\":3,\"name\":\"Being of service\"}]},{\"@type\":\"WebSite\",\"@id\":\"https:\/\/internetaddictsanonymous.org\/#website\",\"url\":\"https:\/\/internetaddictsanonymous.org\/\",\"name\":\"Internet and Technology Addicts Anonymous\",\"description\":\"Worldwide 12-step Fellowship for Internet and Technology Addiction\",\"publisher\":{\"@id\":\"https:\/\/internetaddictsanonymous.org\/#organization\"},\"potentialAction\":[{\"@type\":\"SearchAction\",\"target\":{\"@type\":\"EntryPoint\",\"urlTemplate\":\"https:\/\/internetaddictsanonymous.org\/?s={search_term_string}\"},\"query-input\":{\"@type\":\"PropertyValueSpecification\",\"valueRequired\":true,\"valueName\":\"search_term_string\"}}],\"inLanguage\":\"pt-BR\"},{\"@type\":\"Organization\",\"@id\":\"https:\/\/internetaddictsanonymous.org\/#organization\",\"name\":\"Internet and Technology Addicts Anonymous\",\"url\":\"https:\/\/internetaddictsanonymous.org\/\",\"logo\":{\"@type\":\"ImageObject\",\"inLanguage\":\"pt-BR\",\"@id\":\"https:\/\/internetaddictsanonymous.org\/#\/schema\/logo\/image\/\",\"url\":\"https:\/\/internetaddictsanonymous.org\/wp-content\/uploads\/2023\/01\/cropped-ITAA-logo-480px.png\",\"contentUrl\":\"https:\/\/internetaddictsanonymous.org\/wp-content\/uploads\/2023\/01\/cropped-ITAA-logo-480px.png\",\"width\":480,\"height\":480,\"caption\":\"Internet and Technology Addicts Anonymous\"},\"image\":{\"@id\":\"https:\/\/internetaddictsanonymous.org\/#\/schema\/logo\/image\/\"}}]}<\/script>\n<!-- \/ Yoast SEO plugin. -->","yoast_head_json":{"title":"Estar ao servi\u00e7o \u2013 Viciados em Internet e Tecnologia An\u00f4nimos","robots":{"index":"index","follow":"follow","max-snippet":"max-snippet:-1","max-image-preview":"max-image-preview:large","max-video-preview":"max-video-preview:-1"},"canonical":"https:\/\/internetaddictsanonymous.org\/pt\/recursos\/recursos-de-servico\/","og_locale":"pt_BR","og_type":"article","og_title":"Being of service &#8211; Internet and Technology Addicts Anonymous","og_description":"How Meetings WorkA comprehensive guide to creating strong, healthy, and growing meetings. A Guide to Group ConsciencesA detailed overview of the group conscience process through which we make group decisions. Safety in ITAAA guide to responding to unsafe or inappropriate behavior. Principles for chat groupsA guide for how to ensure ITAA chat groups are healthy &hellip; Continue lendo Being of service","og_url":"https:\/\/internetaddictsanonymous.org\/pt\/recursos\/recursos-de-servico\/","og_site_name":"Internet and Technology Addicts Anonymous","article_modified_time":"2024-06-17T00:38:00+00:00","twitter_card":"summary_large_image","twitter_misc":{"Est. tempo de leitura":"1 minuto"},"schema":{"@context":"https:\/\/schema.org","@graph":[{"@type":"WebPage","@id":"https:\/\/internetaddictsanonymous.org\/resources\/being-of-service-resources\/","url":"https:\/\/internetaddictsanonymous.org\/resources\/being-of-service-resources\/","name":"Estar ao servi\u00e7o \u2013 Viciados em Internet e Tecnologia An\u00f4nimos","isPartOf":{"@id":"https:\/\/internetaddictsanonymous.org\/#website"},"datePublished":"2024-06-03T05:34:14+00:00","dateModified":"2024-06-17T00:38:00+00:00","breadcrumb":{"@id":"https:\/\/internetaddictsanonymous.org\/resources\/being-of-service-resources\/#breadcrumb"},"inLanguage":"pt-BR","potentialAction":[{"@type":"ReadAction","target":["https:\/\/internetaddictsanonymous.org\/resources\/being-of-service-resources\/"]}]},{"@type":"BreadcrumbList","@id":"https:\/\/internetaddictsanonymous.org\/resources\/being-of-service-resources\/#breadcrumb","itemListElement":[{"@type":"ListItem","position":1,"name":"Home","item":"https:\/\/internetaddictsanonymous.org\/"},{"@type":"ListItem","position":2,"name":"Resources","item":"https:\/\/internetaddictsanonymous.org\/resources\/"},{"@type":"ListItem","position":3,"name":"Being of service"}]},{"@type":"WebSite","@id":"https:\/\/internetaddictsanonymous.org\/#website","url":"https:\/\/internetaddictsanonymous.org\/","name":"Dependentes de Internet e Tecnologia An\u00f4nimos","description":"Bolsa mundial de 12 passos para Internet e v\u00edcio em tecnologia","publisher":{"@id":"https:\/\/internetaddictsanonymous.org\/#organization"},"potentialAction":[{"@type":"SearchAction","target":{"@type":"EntryPoint","urlTemplate":"https:\/\/internetaddictsanonymous.org\/?s={search_term_string}"},"query-input":{"@type":"PropertyValueSpecification","valueRequired":true,"valueName":"search_term_string"}}],"inLanguage":"pt-BR"},{"@type":"Organization","@id":"https:\/\/internetaddictsanonymous.org\/#organization","name":"Dependentes de Internet e Tecnologia An\u00f4nimos","url":"https:\/\/internetaddictsanonymous.org\/","logo":{"@type":"ImageObject","inLanguage":"pt-BR","@id":"https:\/\/internetaddictsanonymous.org\/#\/schema\/logo\/image\/","url":"https:\/\/internetaddictsanonymous.org\/wp-content\/uploads\/2023\/01\/cropped-ITAA-logo-480px.png","contentUrl":"https:\/\/internetaddictsanonymous.org\/wp-content\/uploads\/2023\/01\/cropped-ITAA-logo-480px.png","width":480,"height":480,"caption":"Internet and Technology Addicts Anonymous"},"image":{"@id":"https:\/\/internetaddictsanonymous.org\/#\/schema\/logo\/image\/"}}]}},"jetpack_sharing_enabled":true,"jetpack_shortlink":"https:\/\/wp.me\/P9Fwob-4HC","_links":{"self":[{"href":"https:\/\/internetaddictsanonymous.org\/pt\/wp-json\/wp\/v2\/pages\/18080","targetHints":{"allow":["GET"]}}],"collection":[{"href":"https:\/\/internetaddictsanonymous.org\/pt\/wp-json\/wp\/v2\/pages"}],"about":[{"href":"https:\/\/internetaddictsanonymous.org\/pt\/wp-json\/wp\/v2\/types\/page"}],"author":[{"embeddable":true,"href":"https:\/\/internetaddictsanonymous.org\/pt\/wp-json\/wp\/v2\/users\/35194237"}],"replies":[{"embeddable":true,"href":"https:\/\/internetaddictsanonymous.org\/pt\/wp-json\/wp\/v2\/comments?post=18080"}],"version-history":[{"count":2,"href":"https:\/\/internetaddictsanonymous.org\/pt\/wp-json\/wp\/v2\/pages\/18080\/revisions"}],"predecessor-version":[{"id":18153,"href":"https:\/\/internetaddictsanonymous.org\/pt\/wp-json\/wp\/v2\/pages\/18080\/revisions\/18153"}],"up":[{"embeddable":true,"href":"https:\/\/internetaddictsanonymous.org\/pt\/wp-json\/wp\/v2\/pages\/42"}],"wp:attachment":[{"href":"https:\/\/internetaddictsanonymous.org\/pt\/wp-json\/wp\/v2\/media?parent=18080"}],"wp:term":[{"taxonomy":"post_tag","embeddable":true,"href":"https:\/\/internetaddictsanonymous.org\/pt\/wp-json\/wp\/v2\/tags?post=18080"}],"curies":[{"name":"wp","href":"https:\/\/api.w.org\/{rel}","templated":true}]}}