{"id":4541,"date":"2019-01-08T21:42:04","date_gmt":"2019-01-08T21:42:04","guid":{"rendered":"https:\/\/internetaddictsanonymous.org\/?page_id=4541"},"modified":"2024-11-15T21:50:57","modified_gmt":"2024-11-16T05:50:57","slug":"12-passos-daitaa","status":"publish","type":"page","link":"https:\/\/internetaddictsanonymous.org\/pt\/12-steps-of-itaa\/","title":{"rendered":"Os Doze Passos e Doze Tradi\u00e7\u00f5es do DITA"},"content":{"rendered":"<p>Os Doze Passos s\u00e3o o n\u00facleo espiritual do nosso programa de recupera\u00e7\u00e3o, que nos guia para fora do v\u00edcio e em dire\u00e7\u00e3o \u00e0 sobriedade, serenidade e paz. Enquanto isso, nossas Doze Tradi\u00e7\u00f5es ajudam nossos grupos a trilhar o caminho da unidade, clareza e servi\u00e7o. Descobrimos que o estudo e a pr\u00e1tica dos nossos Passos e Tradi\u00e7\u00f5es, com a ajuda do nosso Poder Superior e de outros membros, s\u00e3o as chaves para a nossa recupera\u00e7\u00e3o a longo prazo. Voc\u00ea pode encontrar recursos adicionais sobre como trabalhar os passos. <a href=\"https:\/\/internetaddictsanonymous.org\/pt\/recursos\/literatura\/\">aqui<\/a>.<\/p>\n\n\n\n<h3 class=\"wp-block-heading\"><strong>Os 12 Passos da ITAA:<\/strong><\/h3>\n\n\n\n<p>1. Admitimos que somos impotentes diante da internet e da tecnologia \u2013 que nossas vidas se tornaram ingovern\u00e1veis.<\/p>\n\n\n\n<p>2. Passamos a acreditar que um Poder Superior a n\u00f3s mesmos pode nos restaurar \u00e0 sanidade.<\/p>\n\n\n\n<p>3. Decidimos entregar a nossa vontade e as nossas vidas aos cuidados de um Poder Superior&nbsp;<em>de nosso pr\u00f3prio entendimento<\/em>.&nbsp;<\/p>\n\n\n\n<p>4. Fizemos um invent\u00e1rio minucioso e destemido de n\u00f3s mesmos.<\/p>\n\n\n\n<p>5. Admitimos ao nosso Poder Superior, a n\u00f3s mesmos e a outro ser humano a exata natureza de nossos erros.<\/p>\n\n\n\n<p>6. Estamos inteiramente prontos para que nosso Poder Superior remova todas essas imperfei\u00e7\u00f5es de car\u00e1ter.<\/p>\n\n\n\n<p>7. Humildemente pedimos ao nosso Poder Superior que remova nossas imperfei\u00e7\u00f5es.<\/p>\n\n\n\n<p>8. Fizemos uma lista daqueles a quem prejudicamos e nos dispomos a fazer retrata\u00e7\u00f5es com todos eles.<\/p>\n\n\n\n<p>9. Fizemos retrata\u00e7\u00f5es diretas \u00e0queles que prejudicamos sempre que poss\u00edvel, exceto quando tal ato possa causar danos a eles ou a outras pessoas.<\/p>\n\n\n\n<p>10. Continuamos a fazer nosso invent\u00e1rio pessoal e, quando erramos, admitimos prontamente.<\/p>\n\n\n\n<p>11. Procuramos atrav\u00e9s de pr\u00e1ticas, como a ora\u00e7\u00e3o e a medita\u00e7\u00e3o, melhorar nosso contato consciente com um Poder Superior a n\u00f3s mesmos, orando apenas pelo conhecimento dos planos de nosso Poder Superior para n\u00f3s e pela for\u00e7a para realiz\u00e1-los.<\/p>\n\n\n\n<p>12. Tendo tido um despertar espiritual como resultado desses passos, buscamos levar essa mensagem a outros dependentes de internet e tecnologia e praticamos esses princ\u00edpios em todos os nossos afazeres.<\/p>\n\n\n\n<p><mark style=\"background-color:rgba(0, 0, 0, 0)\" class=\"has-inline-color has-white-color\"> .<\/mark><\/p>\n\n\n\n<h3 class=\"wp-block-heading\"><strong>As Doze Tradi\u00e7\u00f5es do DITA<\/strong><\/h3>\n\n\n\n<p>Tradi\u00e7\u00e3o 1: nosso bem-estar comum deve vir em primeiro lugar; a recupera\u00e7\u00e3o individual depende da coes\u00e3o do DITA.<\/p>\n\n\n\n<p>Tradi\u00e7\u00e3o 2: Para o prop\u00f3sito de nosso grupo, h\u00e1 apenas uma autoridade final - um Poder Superior amoroso que pode ser expresso por meio de nossa consci\u00eancia de grupo. Nossos l\u00edderes s\u00e3o apenas servidores de confian\u00e7a; eles n\u00e3o governam.<\/p>\n\n\n\n<p>Tradi\u00e7\u00e3o 3: o \u00fanico requisito para a ades\u00e3o ao DITA \u00e9 o desejo de parar o uso compulsivo de internet e tecnologia.<\/p>\n\n\n\n<p>Tradi\u00e7\u00e3o 4: cada grupo DITA deve ser aut\u00f4nomo, exceto em assuntos que afetem outros grupos ou o DITA como um todo.<\/p>\n\n\n\n<p>Tradi\u00e7\u00e3o 5: cada grupo tem apenas um objetivo principal \u2013 transmitir sua mensagem ao usu\u00e1rio compulsivo de internet e tecnologia que ainda sofre.<\/p>\n\n\n\n<p>Tradi\u00e7\u00e3o 6: um grupo DITA nunca deve endossar, financiar ou emprestar o nome do DITA a qualquer organiza\u00e7\u00e3o ou empresa externa, para que problemas de dinheiro, propriedade e prest\u00edgio n\u00e3o nos desviem de nosso objetivo principal.<\/p>\n\n\n\n<p>Tradi\u00e7\u00e3o 7: todo grupo DITA deve ser totalmente autossustent\u00e1vel, recusando contribui\u00e7\u00f5es externas.<\/p>\n\n\n\n<p>Tradi\u00e7\u00e3o 8: Embora nossos \u00f3rg\u00e3os de servi\u00e7o possam empregar trabalhadores qualificados, o ato de um membro ajudar outro nunca deve ser compensado, garantindo que a ITAA permane\u00e7a eternamente n\u00e3o profissional.<\/p>\n\n\n\n<p>Tradi\u00e7\u00e3o 9: A ITAA nunca deve ser organizada como uma hierarquia, mas podemos criar conselhos de servi\u00e7o ou comit\u00eas diretamente respons\u00e1veis por aqueles a quem servem.<\/p>\n\n\n\n<p>Tradi\u00e7\u00e3o 10: o DITA n\u00e3o tem opini\u00e3o sobre quest\u00f5es externas, portanto, o nome DITA nunca deve ser levado \u00e0 pol\u00eamica p\u00fablica.<\/p>\n\n\n\n<p>Tradi\u00e7\u00e3o 11: nossa pol\u00edtica de rela\u00e7\u00f5es p\u00fablicas \u00e9 baseada na atra\u00e7\u00e3o e n\u00e3o na promo\u00e7\u00e3o; precisamos sempre manter o anonimato pessoal ao n\u00edvel de imprensa, r\u00e1dio, filmes, televis\u00e3o e outras m\u00eddias p\u00fablicas de comunica\u00e7\u00e3o.<\/p>\n\n\n\n<p>Tradi\u00e7\u00e3o 12: o anonimato \u00e9 o fundamento espiritual de todas essas tradi\u00e7\u00f5es, sempre nos lembrando de colocar os princ\u00edpios \u00e9ticos acima de personalidades.<\/p>\n\n\n\n<p><br>Pode-se encontrar um hist\u00f3rico da elabora\u00e7\u00e3o de nossos Passos. <a href=\"https:\/\/docs.google.com\/document\/d\/1p7lMaWd-PplLBSP2ulwmFvUSWR2bPam79UIJffN4UTM\/edit?usp=sharing\">aqui<\/a>. Embora ainda n\u00e3o tenhamos nossa pr\u00f3pria formula\u00e7\u00e3o para os Doze Conceitos, a formula\u00e7\u00e3o dos conceitos de AA pode ser encontrada <a href=\"https:\/\/internetaddictsanonymous.org\/pt\/os-doze-conceitos\/\">aqui<\/a>, o que pode servir como uma refer\u00eancia \u00fatil.<br><\/p>\n\n\n\n<p><em>Os Doze Passos e as Doze Tradi\u00e7\u00f5es de Alco\u00f3licos An\u00f4nimos foram adaptados com a permiss\u00e3o de Alcoholics Anonymous World Services, Inc. (\u201cA.A.W.S.\u201d). A permiss\u00e3o para adaptar os Doze Passos e as Doze Tradi\u00e7\u00f5es n\u00e3o significa que Alco\u00f3licos An\u00f4nimos seja afiliado a este programa. O AA \u00e9 um programa de recupera\u00e7\u00e3o apenas para o alcoolismo \u2013 o uso dos Passos do AA ou de uma vers\u00e3o adaptada destes em conex\u00e3o com programas e atividades que s\u00e3o baseadas no AA, mas que abordam outros problemas, n\u00e3o implica o contr\u00e1rio.<\/em><\/p>\n<!-- PMB print buttons is only displayed on a single post\/page URLs-->","protected":false},"excerpt":{"rendered":"<p>Os Doze Passos s\u00e3o o n\u00facleo espiritual do nosso programa de recupera\u00e7\u00e3o, que nos guia para fora do v\u00edcio e em dire\u00e7\u00e3o \u00e0 sobriedade, serenidade e paz. Enquanto isso, nossas Doze Tradi\u00e7\u00f5es ajudam nossos grupos a trilhar o caminho rumo \u00e0 unidade, clareza e servi\u00e7o. Descobrimos que o estudo e a pr\u00e1tica dos nossos Passos e Tradi\u00e7\u00f5es, com a ajuda do nosso Poder Superior\u2026 <a href=\"https:\/\/internetaddictsanonymous.org\/pt\/12-steps-of-itaa\/\" class=\"more-link\">Continue lendo <span class=\"screen-reader-text\">Os Doze Passos e Doze Tradi\u00e7\u00f5es do DITA<\/span><\/a><\/p>","protected":false},"author":35194238,"featured_media":0,"parent":0,"menu_order":0,"comment_status":"closed","ping_status":"closed","template":"full-width-page.php","meta":{"inline_featured_image":false,"_lmt_disableupdate":"no","_lmt_disable":"","footnotes":""},"tags":[655524913],"class_list":["post-4541","page","type-page","status-publish","hentry","tag-12-steps"],"yoast_head":"<!-- This site is optimized with the Yoast SEO plugin v27.5 - https:\/\/yoast.com\/product\/yoast-seo-wordpress\/ -->\n<title>The Twelve Steps and Twelve Traditions of ITAA &#8211; Internet and Technology Addicts Anonymous<\/title>\n<meta name=\"description\" content=\"The 12 Steps of ITAA, which guide us in our recovery.\" \/>\n<meta name=\"robots\" content=\"index, follow, max-snippet:-1, max-image-preview:large, max-video-preview:-1\" \/>\n<link rel=\"canonical\" href=\"https:\/\/internetaddictsanonymous.org\/pt\/12-passos-daitaa\/\" \/>\n<meta property=\"og:locale\" content=\"pt_BR\" \/>\n<meta property=\"og:type\" content=\"article\" \/>\n<meta property=\"og:title\" content=\"The Twelve Steps and Twelve Traditions of ITAA &#8211; Internet and Technology Addicts Anonymous\" \/>\n<meta property=\"og:description\" content=\"The 12 Steps of ITAA, which guide us in our recovery.\" \/>\n<meta property=\"og:url\" content=\"https:\/\/internetaddictsanonymous.org\/pt\/12-passos-daitaa\/\" \/>\n<meta property=\"og:site_name\" content=\"Internet and Technology Addicts Anonymous\" \/>\n<meta property=\"article:modified_time\" content=\"2024-11-16T05:50:57+00:00\" \/>\n<meta name=\"twitter:card\" content=\"summary_large_image\" \/>\n<meta name=\"twitter:label1\" content=\"Est. tempo de leitura\" \/>\n\t<meta name=\"twitter:data1\" content=\"4 minutos\" \/>\n<script type=\"application\/ld+json\" class=\"yoast-schema-graph\">{\"@context\":\"https:\\\/\\\/schema.org\",\"@graph\":[{\"@type\":\"WebPage\",\"@id\":\"https:\\\/\\\/internetaddictsanonymous.org\\\/12-steps-of-itaa\\\/\",\"url\":\"https:\\\/\\\/internetaddictsanonymous.org\\\/12-steps-of-itaa\\\/\",\"name\":\"The Twelve Steps and Twelve Traditions of ITAA &#8211; Internet and Technology Addicts Anonymous\",\"isPartOf\":{\"@id\":\"https:\\\/\\\/internetaddictsanonymous.org\\\/#website\"},\"datePublished\":\"2019-01-08T21:42:04+00:00\",\"dateModified\":\"2024-11-16T05:50:57+00:00\",\"description\":\"The 12 Steps of ITAA, which guide us in our recovery.\",\"breadcrumb\":{\"@id\":\"https:\\\/\\\/internetaddictsanonymous.org\\\/12-steps-of-itaa\\\/#breadcrumb\"},\"inLanguage\":\"pt-BR\",\"potentialAction\":[{\"@type\":\"ReadAction\",\"target\":[\"https:\\\/\\\/internetaddictsanonymous.org\\\/12-steps-of-itaa\\\/\"]}]},{\"@type\":\"BreadcrumbList\",\"@id\":\"https:\\\/\\\/internetaddictsanonymous.org\\\/12-steps-of-itaa\\\/#breadcrumb\",\"itemListElement\":[{\"@type\":\"ListItem\",\"position\":1,\"name\":\"Home\",\"item\":\"https:\\\/\\\/internetaddictsanonymous.org\\\/\"},{\"@type\":\"ListItem\",\"position\":2,\"name\":\"The Twelve Steps and Twelve Traditions of ITAA\"}]},{\"@type\":\"WebSite\",\"@id\":\"https:\\\/\\\/internetaddictsanonymous.org\\\/#website\",\"url\":\"https:\\\/\\\/internetaddictsanonymous.org\\\/\",\"name\":\"Internet and Technology Addicts Anonymous\",\"description\":\"Worldwide 12-step Fellowship for Internet and Technology Addiction\",\"publisher\":{\"@id\":\"https:\\\/\\\/internetaddictsanonymous.org\\\/#organization\"},\"potentialAction\":[{\"@type\":\"SearchAction\",\"target\":{\"@type\":\"EntryPoint\",\"urlTemplate\":\"https:\\\/\\\/internetaddictsanonymous.org\\\/?s={search_term_string}\"},\"query-input\":{\"@type\":\"PropertyValueSpecification\",\"valueRequired\":true,\"valueName\":\"search_term_string\"}}],\"inLanguage\":\"pt-BR\"},{\"@type\":\"Organization\",\"@id\":\"https:\\\/\\\/internetaddictsanonymous.org\\\/#organization\",\"name\":\"Internet and Technology Addicts Anonymous\",\"url\":\"https:\\\/\\\/internetaddictsanonymous.org\\\/\",\"logo\":{\"@type\":\"ImageObject\",\"inLanguage\":\"pt-BR\",\"@id\":\"https:\\\/\\\/internetaddictsanonymous.org\\\/#\\\/schema\\\/logo\\\/image\\\/\",\"url\":\"https:\\\/\\\/internetaddictsanonymous.org\\\/wp-content\\\/uploads\\\/2023\\\/01\\\/cropped-ITAA-logo-480px.png\",\"contentUrl\":\"https:\\\/\\\/internetaddictsanonymous.org\\\/wp-content\\\/uploads\\\/2023\\\/01\\\/cropped-ITAA-logo-480px.png\",\"width\":480,\"height\":480,\"caption\":\"Internet and Technology Addicts Anonymous\"},\"image\":{\"@id\":\"https:\\\/\\\/internetaddictsanonymous.org\\\/#\\\/schema\\\/logo\\\/image\\\/\"}}]}<\/script>\n<!-- \/ Yoast SEO plugin. -->","yoast_head_json":{"title":"Os Doze Passos e as Doze Tradi\u00e7\u00f5es da ITAA - Internet and Technology Addicts Anonymous (Viciados em Internet e Tecnologia An\u00f4nimos)","description":"As 12 etapas da ITAA, que nos guiam em nossa recupera\u00e7\u00e3o.","robots":{"index":"index","follow":"follow","max-snippet":"max-snippet:-1","max-image-preview":"max-image-preview:large","max-video-preview":"max-video-preview:-1"},"canonical":"https:\/\/internetaddictsanonymous.org\/pt\/12-passos-daitaa\/","og_locale":"pt_BR","og_type":"article","og_title":"The Twelve Steps and Twelve Traditions of ITAA &#8211; Internet and Technology Addicts Anonymous","og_description":"The 12 Steps of ITAA, which guide us in our recovery.","og_url":"https:\/\/internetaddictsanonymous.org\/pt\/12-passos-daitaa\/","og_site_name":"Internet and Technology Addicts Anonymous","article_modified_time":"2024-11-16T05:50:57+00:00","twitter_card":"summary_large_image","twitter_misc":{"Est. tempo de leitura":"4 minutos"},"schema":{"@context":"https:\/\/schema.org","@graph":[{"@type":"WebPage","@id":"https:\/\/internetaddictsanonymous.org\/12-steps-of-itaa\/","url":"https:\/\/internetaddictsanonymous.org\/12-steps-of-itaa\/","name":"Os Doze Passos e as Doze Tradi\u00e7\u00f5es da ITAA - Internet and Technology Addicts Anonymous (Viciados em Internet e Tecnologia An\u00f4nimos)","isPartOf":{"@id":"https:\/\/internetaddictsanonymous.org\/#website"},"datePublished":"2019-01-08T21:42:04+00:00","dateModified":"2024-11-16T05:50:57+00:00","description":"As 12 etapas da ITAA, que nos guiam em nossa recupera\u00e7\u00e3o.","breadcrumb":{"@id":"https:\/\/internetaddictsanonymous.org\/12-steps-of-itaa\/#breadcrumb"},"inLanguage":"pt-BR","potentialAction":[{"@type":"ReadAction","target":["https:\/\/internetaddictsanonymous.org\/12-steps-of-itaa\/"]}]},{"@type":"BreadcrumbList","@id":"https:\/\/internetaddictsanonymous.org\/12-steps-of-itaa\/#breadcrumb","itemListElement":[{"@type":"ListItem","position":1,"name":"Home","item":"https:\/\/internetaddictsanonymous.org\/"},{"@type":"ListItem","position":2,"name":"The Twelve Steps and Twelve Traditions of ITAA"}]},{"@type":"WebSite","@id":"https:\/\/internetaddictsanonymous.org\/#website","url":"https:\/\/internetaddictsanonymous.org\/","name":"Dependentes de Internet e Tecnologia An\u00f4nimos","description":"Bolsa mundial de 12 passos para Internet e v\u00edcio em tecnologia","publisher":{"@id":"https:\/\/internetaddictsanonymous.org\/#organization"},"potentialAction":[{"@type":"SearchAction","target":{"@type":"EntryPoint","urlTemplate":"https:\/\/internetaddictsanonymous.org\/?s={search_term_string}"},"query-input":{"@type":"PropertyValueSpecification","valueRequired":true,"valueName":"search_term_string"}}],"inLanguage":"pt-BR"},{"@type":"Organization","@id":"https:\/\/internetaddictsanonymous.org\/#organization","name":"Dependentes de Internet e Tecnologia An\u00f4nimos","url":"https:\/\/internetaddictsanonymous.org\/","logo":{"@type":"ImageObject","inLanguage":"pt-BR","@id":"https:\/\/internetaddictsanonymous.org\/#\/schema\/logo\/image\/","url":"https:\/\/internetaddictsanonymous.org\/wp-content\/uploads\/2023\/01\/cropped-ITAA-logo-480px.png","contentUrl":"https:\/\/internetaddictsanonymous.org\/wp-content\/uploads\/2023\/01\/cropped-ITAA-logo-480px.png","width":480,"height":480,"caption":"Internet and Technology Addicts Anonymous"},"image":{"@id":"https:\/\/internetaddictsanonymous.org\/#\/schema\/logo\/image\/"}}]}},"jetpack_sharing_enabled":true,"jetpack_shortlink":"https:\/\/wp.me\/P9Fwob-1bf","_links":{"self":[{"href":"https:\/\/internetaddictsanonymous.org\/pt\/wp-json\/wp\/v2\/pages\/4541","targetHints":{"allow":["GET"]}}],"collection":[{"href":"https:\/\/internetaddictsanonymous.org\/pt\/wp-json\/wp\/v2\/pages"}],"about":[{"href":"https:\/\/internetaddictsanonymous.org\/pt\/wp-json\/wp\/v2\/types\/page"}],"author":[{"embeddable":true,"href":"https:\/\/internetaddictsanonymous.org\/pt\/wp-json\/wp\/v2\/users\/35194238"}],"replies":[{"embeddable":true,"href":"https:\/\/internetaddictsanonymous.org\/pt\/wp-json\/wp\/v2\/comments?post=4541"}],"version-history":[{"count":24,"href":"https:\/\/internetaddictsanonymous.org\/pt\/wp-json\/wp\/v2\/pages\/4541\/revisions"}],"predecessor-version":[{"id":18938,"href":"https:\/\/internetaddictsanonymous.org\/pt\/wp-json\/wp\/v2\/pages\/4541\/revisions\/18938"}],"wp:attachment":[{"href":"https:\/\/internetaddictsanonymous.org\/pt\/wp-json\/wp\/v2\/media?parent=4541"}],"wp:term":[{"taxonomy":"post_tag","embeddable":true,"href":"https:\/\/internetaddictsanonymous.org\/pt\/wp-json\/wp\/v2\/tags?post=4541"}],"curies":[{"name":"wp","href":"https:\/\/api.w.org\/{rel}","templated":true}]}}