{"id":9457,"date":"2020-01-05T20:45:38","date_gmt":"2020-01-05T20:45:38","guid":{"rendered":"https:\/\/internetaddictsanonymous.org\/?page_id=9457"},"modified":"2026-01-18T11:11:47","modified_gmt":"2026-01-18T19:11:47","slug":"patrocinio","status":"publish","type":"page","link":"https:\/\/internetaddictsanonymous.org\/pt\/sponsorship\/","title":{"rendered":"A import\u00e2ncia do apadrinhamento"},"content":{"rendered":"<h4 class=\"wp-block-heading\"><strong>O que \u00e9 patroc\u00ednio?<\/strong><\/h4>\n\n\n\n<p>O patroc\u00ednio tem uma longa tradi\u00e7\u00e3o em bolsas de 12 etapas. Um padrinho \u00e9 um membro mais experiente que pode ajudar a guiar um membro mais novo atrav\u00e9s dos 12 passos at\u00e9 a recupera\u00e7\u00e3o. Um patrocinador tamb\u00e9m pode ajudar a definir as linhas superior, intermedi\u00e1ria e inferior ou fazer sugest\u00f5es sobre como estabelecer a sobriedade ou restabelec\u00ea-la ap\u00f3s um per\u00edodo de reca\u00edda. Nessa rela\u00e7\u00e3o informal e volunt\u00e1ria, o padrinho compartilha sua experi\u00eancia, for\u00e7a e esperan\u00e7a. Ter um padrinho d\u00e1 ao afilhado a oportunidade de fazer perguntas e receber apoio e responsabilidade. Muitos de n\u00f3s descobrimos que nossa recupera\u00e7\u00e3o se tornou mais est\u00e1vel somente depois que encontramos um padrinho e trabalhamos os doze passos com eles.<br><br> <\/p>\n\n\n\n<h4 class=\"wp-block-heading\"><strong>Como fa\u00e7o para encontrar um patrocinador?<\/strong><\/h4>\n\n\n\n<p>Uma das melhores maneiras de se conectar com um patrocinador \u00e9 por meio de liga\u00e7\u00f5es com outros membros. Ao assistir \u00e0s reuni\u00f5es, ouvimos as pessoas que \u201ct\u00eam o que queremos\u201d e as procuramos. Perguntamos a eles h\u00e1 quanto tempo est\u00e3o na irmandade, se eles pr\u00f3prios t\u00eam um padrinho e se seguiram as etapas ou est\u00e3o trabalhando ativamente nas etapas. Depois de conhec\u00ea-los um pouco por meio de liga\u00e7\u00f5es, podemos decidir perguntar se eles est\u00e3o dispon\u00edveis para nos patrocinar. Em nosso programa, focamos no progresso, n\u00e3o na perfei\u00e7\u00e3o, e provavelmente nunca encontraremos o patrocinador \u201cperfeito\u201d. O importante \u00e9 que o patrocinador em potencial seja honesto sobre sua pr\u00f3pria recupera\u00e7\u00e3o e tenha adquirido alguma sobriedade est\u00e1vel.<\/p>\n\n\n\n<p>\u00c9 importante ter um bom relacionamento com nosso patrocinador para que conversas abertas e honestas possam ocorrer. Pessoas diferentes precisam de coisas diferentes de um relacionamento de patroc\u00ednio \u2013 algumas precisam de uma abordagem mais gentil, enquanto outras precisam de algu\u00e9m que possa empurr\u00e1-las. Algumas pessoas acham importante que seu patrocinador tenha usado a TI de maneira semelhante. Essas necessidades podem mudar ao longo do tempo \u00e0 medida que crescemos no programa. Explorar as expectativas do patrocinador e do afilhado \u00e9 vital para um relacionamento saud\u00e1vel. Este \u00e9 um relacionamento confidencial que tamb\u00e9m precisa de limites fortes. \u00c9 bom saber que depois de algumas reuni\u00f5es, se n\u00e3o parece ser a combina\u00e7\u00e3o certa, ambos os indiv\u00edduos s\u00e3o livres para dizer isso e se separar amigavelmente.<\/p>\n\n\n\n<p>Como ainda n\u00e3o h\u00e1 um grande n\u00famero de patrocinadores no ITAA, alguns membros encontraram patrocinadores em outros programas de doze passos. Nesses casos, \u00e9 importante que o patrocinador esteja aberto \u00e0 ideia de v\u00edcio em internet e tecnologia. Muitas vezes n\u00e3o \u00e9 vi\u00e1vel para muitos de n\u00f3s navegar na vida sem algum uso de tecnologia, ent\u00e3o a sobriedade no ITAA geralmente n\u00e3o \u00e9 t\u00e3o absoluta quanto com \u00e1lcool ou subst\u00e2ncias. Por causa disso, pode ser \u00fatil procurar um padrinho com experi\u00eancia em recupera\u00e7\u00e3o de um v\u00edcio como comida, sexo ou amor. Muitas ferramentas que usamos no ITAA s\u00e3o semelhantes \u00e0s ferramentas desses programas.&nbsp;<\/p>\n\n\n\n<p>Historicamente em irmandades de 12 passos, tem sido sugerido que os membros prestem aten\u00e7\u00e3o ao g\u00eanero, orienta\u00e7\u00e3o sexual e quaisquer sentimentos de atra\u00e7\u00e3o rom\u00e2ntica ao escolher um padrinho\/afilhado. Por exemplo, uma mulher heterossexual pode evitar patrocinar um homem heterossexual. Se houver uma pequena possibilidade de desenvolvermos sentimentos pela outra parte, \u00e9 motivo para considerar seriamente se devemos prosseguir.&nbsp;<br><br> <\/p>\n\n\n\n<h4 class=\"wp-block-heading\"><strong>O que \u00e9 co-patroc\u00ednio? Como funciona?<\/strong><\/h4>\n\n\n\n<p>No co-patroc\u00ednio, duas pessoas patrocinam uma \u00e0 outra no trabalho das etapas. Geralmente ajuda se uma ou ambas as pessoas tiverem experi\u00eancia em trabalhar os doze passos em outro programa. Um membro pode ser novo na ITAA, mas ter anos de sobriedade em outras irmandades de doze passos. Esses membros t\u00eam experi\u00eancia valiosa, for\u00e7a e esperan\u00e7a de compartilhar com os outros e trazer para sua pr\u00f3pria recupera\u00e7\u00e3o da ITAA.<br><br> <\/p>\n\n\n\n<h4 class=\"wp-block-heading\"><strong>Quando estou pronto para patrocinar outra pessoa?<\/strong><\/h4>\n\n\n\n<p>N\u00e3o h\u00e1 problema em come\u00e7ar a patrocinar antes de nos sentirmos totalmente prontos. Pode parecer intimidante e, \u00e0s vezes, podemos sentir que n\u00e3o sabemos o suficiente ou ainda estamos lutando. Conversar com nosso patrocinador antes de come\u00e7ar a patrocinar outras pessoas pode ser \u00fatil para obter clareza. Normalmente, deixamos que os outros nos perguntem se estamos dispon\u00edveis para patrocinar, em vez de entrar em contato com indiv\u00edduos e nos oferecer como volunt\u00e1rios.&nbsp;<\/p>\n\n\n\n<p>Podemos tentar ser um patrocinador tempor\u00e1rio de algu\u00e9m por um per\u00edodo de 1-3 meses para ver como se sente. \u00c0 medida que come\u00e7amos a patrocinar, ser francos e honestos sobre onde estamos em nossa recupera\u00e7\u00e3o e nossa falta de experi\u00eancia pode ajudar a reduzir a press\u00e3o que podemos sentir. Como patrocinadores, n\u00e3o somos perfeitos, e n\u00e3o h\u00e1 problema em n\u00e3o saber todas as respostas. Podemos sempre recorrer a outros membros que tenham experi\u00eancia em apadrinhamento nesta ou em outra irmandade e pedir ajuda ou fazer perguntas. \u00c9 importante que tenhamos um patrocinador ou um forte relacionamento de co-patrocinador antes de come\u00e7armos a patrocinar. Tamb\u00e9m devemos estar longe o suficiente em nosso pr\u00f3prio trabalho de passos para que possamos ajudar a guiar aquele que estamos patrocinando atrav\u00e9s dos passos.<\/p>\n\n\n\n<p>\u00c0 medida que adquirimos mais experi\u00eancia em patrocinar outras pessoas, nos tornamos mais confiantes e sens\u00edveis a quais formas de apadrinhar s\u00e3o mais naturais para n\u00f3s. Receber chamadas de divulga\u00e7\u00e3o, especialmente com os rec\u00e9m-chegados, pode ser uma maneira de come\u00e7ar a aprender a servir por meio da escuta emp\u00e1tica e do compartilhamento de nossa pr\u00f3pria experi\u00eancia.<br><br> <\/p>\n\n\n\n<h4 class=\"wp-block-heading\"><strong>Por que patrocinar?<\/strong><\/h4>\n\n\n\n<p>Na 12\u00aa etapa do ITAA, tentamos \u201clevar essa mensagem aos viciados em internet e tecnologia\u201d. Patrocinar fortalece nossa pr\u00f3pria recupera\u00e7\u00e3o. Isso foi comprovado atrav\u00e9s das hist\u00f3rias de todos os programas de 12 etapas, bem como no ITAA. Ao patrocinar outros, examinamos nosso pr\u00f3prio programa, e isso nos mant\u00e9m trabalhando e avan\u00e7ando. Embora seja um compromisso, a recompensa da experi\u00eancia vale a pena!<br><br> <\/p>\n\n\n\n<h4 class=\"wp-block-heading\"><strong>E se meu afilhado recair?<\/strong><\/h4>\n\n\n\n<p>\u00c9 vital lembrar que n\u00e3o somos respons\u00e1veis pela recupera\u00e7\u00e3o da pessoa que estamos patrocinando. Nossa \u00fanica responsabilidade como patrocinador \u00e9 oferecer o programa ITAA como o entendemos e compartilhar nossa pr\u00f3pria experi\u00eancia. \u00c9 importante deixar de lado as expectativas e estar vigilante contra a codepend\u00eancia ou tentar \u201cconsertar\u201d a outra pessoa. N\u00e3o \u00e9 nosso papel carregar aquele que estamos patrocinando ou ser seu Poder Superior. A experi\u00eancia de recupera\u00e7\u00e3o deles \u00e9 pr\u00f3pria; podemos testemunhar e apoi\u00e1-los, mas n\u00e3o podemos recuperar por eles.<br><br> <\/p>\n\n\n\n<h4 class=\"wp-block-heading\"><strong>E se eu come\u00e7ar a desenvolver sentimentos pelo meu padrinho\/afilhado?&nbsp;<\/strong><\/h4>\n\n\n\n<p>A atra\u00e7\u00e3o rom\u00e2ntica ou um relacionamento entre padrinho e afilhado pode ser perturbador, confuso, doloroso e at\u00e9 prejudicial. \u00c9 importante estabelecer e manter limites fortes no relacionamento, para minimizar as chances de causar danos. Se em algum momento o patrocinador ou o afilhado perceberem que h\u00e1 uma atra\u00e7\u00e3o rom\u00e2ntica se desenvolvendo, \u00e9 recomend\u00e1vel que eles discutam isso com um colega de confian\u00e7a. Muitas vezes, nesses casos, pode fazer mais sentido encerrar amigavelmente o patroc\u00ednio de maneira solid\u00e1ria. Uma discuss\u00e3o honesta \u00e9 importante para ver como isso pode ser tratado sem interferir na recupera\u00e7\u00e3o de qualquer pessoa.<br><br> <\/p>\n\n\n\n<h4 class=\"wp-block-heading\"><strong>O que \u00e9 o d\u00e9cimo terceiro passo?\u00a0<\/strong><\/h4>\n\n\n\n<p id=\"block-f4cc2ef5-469a-47b7-9d20-bcd09a8478d0\">Nos programas de Doze Passos, o &quot;D\u00e9cimo Terceiro Passo&quot; consiste em manipular outra pessoa em recupera\u00e7\u00e3o, especialmente um rec\u00e9m-chegado ou um afilhado, para iniciar um relacionamento sexual ou rom\u00e2ntico. Esse comportamento \u00e9 inadequado e veementemente desencorajado no ITAA. Encorajamos os rec\u00e9m-chegados a evitar trabalhar com padrinhos ou desenvolver relacionamentos de contato com membros com quem possam desenvolver atra\u00e7\u00e3o sexual ou rom\u00e2ntica. Se voc\u00ea sentir que est\u00e1 recebendo aten\u00e7\u00e3o sexual ou rom\u00e2ntica inadequada ou indesejada, por favor, converse com um membro em quem confia \u2014 o anonimato e a confidencialidade n\u00e3o justificam comportamentos inadequados.<\/p>\n\n\n\n<p id=\"block-f4cc2ef5-469a-47b7-9d20-bcd09a8478d0\">Para obter mais informa\u00e7\u00f5es sobre como reagir a comportamentos inadequados, consulte o nosso guia. <a href=\"https:\/\/internetaddictsanonymous.org\/pt\/safety-in-itaa\/\">Guia de seguran\u00e7a no ITAA<\/a>.<br><br><br><\/p>\n\n\n\n<h4 class=\"wp-block-heading\"><strong>De que maneiras posso ajudar os rec\u00e9m-chegados se ainda n\u00e3o sinto que estou pronto para patrocinar?&nbsp;<\/strong><\/h4>\n\n\n\n<p>Prestar servi\u00e7o \u00e9 um princ\u00edpio central das irmandades de 12 passos. Estar disposto a conversar com os rec\u00e9m-chegados permanecendo depois de uma reuni\u00e3o ou dando a eles nosso n\u00famero de telefone para mais perguntas \u00e9 uma \u00f3tima maneira de prestar servi\u00e7o. Ouvir, compartilhar nossa pr\u00f3pria experi\u00eancia e oferecer sugest\u00f5es com base no que nos ajudou s\u00e3o de vital import\u00e2ncia para um rec\u00e9m-chegado \u00e0 ITAA. Tamb\u00e9m d\u00e1 ao nosso pr\u00f3prio programa e for\u00e7a de recupera\u00e7\u00e3o e o mant\u00e9m fresco. H\u00e1 tamb\u00e9m uma lista de vagas de servi\u00e7o abertas no site do ITAA. Muitas vezes \u00e9 ouvido em salas de 12 passos: \u201cS\u00f3 mantemos o que temos ao do\u00e1-lo!\u201d&nbsp;<\/p>\n\n\n\n<hr class=\"wp-block-separator has-alpha-channel-opacity\"\/>\n\n\n\n<p><em>Esta p\u00e1gina foi escrita pelo Comit\u00ea de Conte\u00fado Web da ITAA. Se voc\u00ea gostaria de compartilhar o seu feedback ou contribuir com nossos esfor\u00e7os, gostar\u00edamos de ouvir de voc\u00ea ou fazer com que voc\u00ea participe de uma de nossas reuni\u00f5es. Mais detalhes podem ser encontrados na p\u00e1gina&nbsp;<a href=\"https:\/\/internetaddictsanonymous.org\/pt\/posicoes-de-servico\/\">comit\u00eas de servi\u00e7o<\/a>&nbsp;.<\/em><\/p>\n<!-- PMB print buttons is only displayed on a single post\/page URLs-->","protected":false},"excerpt":{"rendered":"<p>O que \u00e9 patroc\u00ednio? O patroc\u00ednio tem uma longa tradi\u00e7\u00e3o em bolsas de 12 etapas. Um patrocinador \u00e9 um membro mais experiente que pode ajudar a orientar um membro mais novo atrav\u00e9s dos 12 passos e em dire\u00e7\u00e3o \u00e0 recupera\u00e7\u00e3o. Um patrocinador tamb\u00e9m pode ajudar a definir os resultados principais, intermedi\u00e1rios e financeiros ou fazer sugest\u00f5es sobre como estabelecer a sobriedade ou restabelec\u00ea-la depois... <a href=\"https:\/\/internetaddictsanonymous.org\/pt\/sponsorship\/\" class=\"more-link\">Continue lendo <span class=\"screen-reader-text\">A import\u00e2ncia do apadrinhamento<\/span><\/a><\/p>","protected":false},"author":35194237,"featured_media":0,"parent":0,"menu_order":0,"comment_status":"closed","ping_status":"closed","template":"full-width-page.php","meta":{"inline_featured_image":false,"_lmt_disableupdate":"no","_lmt_disable":"","jetpack_post_was_ever_published":false,"footnotes":""},"tags":[],"class_list":["post-9457","page","type-page","status-publish","hentry"],"yoast_head":"<!-- This site is optimized with the Yoast SEO plugin v27.1.1 - https:\/\/yoast.com\/product\/yoast-seo-wordpress\/ -->\n<title>The Importance of Sponsorship &#8211; Internet and Technology Addicts Anonymous<\/title>\n<meta name=\"robots\" content=\"index, follow, max-snippet:-1, max-image-preview:large, max-video-preview:-1\" \/>\n<link rel=\"canonical\" href=\"https:\/\/internetaddictsanonymous.org\/pt\/patrocinio\/\" \/>\n<meta property=\"og:locale\" content=\"pt_BR\" \/>\n<meta property=\"og:type\" content=\"article\" \/>\n<meta property=\"og:title\" content=\"The Importance of Sponsorship &#8211; Internet and Technology Addicts Anonymous\" \/>\n<meta property=\"og:description\" content=\"What is sponsorship? Sponsorship has a long-standing tradition in 12-step fellowships. A sponsor is a more experienced member who can help guide a newer member through the 12 steps and towards recovery. A sponsor may also help define top, middle, and bottom lines or make suggestions about how to establish sobriety or reestablish it after &hellip; Continue lendo The Importance of Sponsorship\" \/>\n<meta property=\"og:url\" content=\"https:\/\/internetaddictsanonymous.org\/pt\/patrocinio\/\" \/>\n<meta property=\"og:site_name\" content=\"Internet and Technology Addicts Anonymous\" \/>\n<meta property=\"article:modified_time\" content=\"2026-01-18T19:11:47+00:00\" \/>\n<meta name=\"twitter:card\" content=\"summary_large_image\" \/>\n<meta name=\"twitter:label1\" content=\"Est. tempo de leitura\" \/>\n\t<meta name=\"twitter:data1\" content=\"7 minutos\" \/>\n<script type=\"application\/ld+json\" class=\"yoast-schema-graph\">{\"@context\":\"https:\/\/schema.org\",\"@graph\":[{\"@type\":\"WebPage\",\"@id\":\"https:\/\/internetaddictsanonymous.org\/sponsorship\/\",\"url\":\"https:\/\/internetaddictsanonymous.org\/sponsorship\/\",\"name\":\"The Importance of Sponsorship &#8211; Internet and Technology Addicts Anonymous\",\"isPartOf\":{\"@id\":\"https:\/\/internetaddictsanonymous.org\/#website\"},\"datePublished\":\"2020-01-05T20:45:38+00:00\",\"dateModified\":\"2026-01-18T19:11:47+00:00\",\"breadcrumb\":{\"@id\":\"https:\/\/internetaddictsanonymous.org\/sponsorship\/#breadcrumb\"},\"inLanguage\":\"pt-BR\",\"potentialAction\":[{\"@type\":\"ReadAction\",\"target\":[\"https:\/\/internetaddictsanonymous.org\/sponsorship\/\"]}]},{\"@type\":\"BreadcrumbList\",\"@id\":\"https:\/\/internetaddictsanonymous.org\/sponsorship\/#breadcrumb\",\"itemListElement\":[{\"@type\":\"ListItem\",\"position\":1,\"name\":\"Home\",\"item\":\"https:\/\/internetaddictsanonymous.org\/\"},{\"@type\":\"ListItem\",\"position\":2,\"name\":\"The Importance of Sponsorship\"}]},{\"@type\":\"WebSite\",\"@id\":\"https:\/\/internetaddictsanonymous.org\/#website\",\"url\":\"https:\/\/internetaddictsanonymous.org\/\",\"name\":\"Internet and Technology Addicts Anonymous\",\"description\":\"Worldwide 12-step Fellowship for Internet and Technology Addiction\",\"publisher\":{\"@id\":\"https:\/\/internetaddictsanonymous.org\/#organization\"},\"potentialAction\":[{\"@type\":\"SearchAction\",\"target\":{\"@type\":\"EntryPoint\",\"urlTemplate\":\"https:\/\/internetaddictsanonymous.org\/?s={search_term_string}\"},\"query-input\":{\"@type\":\"PropertyValueSpecification\",\"valueRequired\":true,\"valueName\":\"search_term_string\"}}],\"inLanguage\":\"pt-BR\"},{\"@type\":\"Organization\",\"@id\":\"https:\/\/internetaddictsanonymous.org\/#organization\",\"name\":\"Internet and Technology Addicts Anonymous\",\"url\":\"https:\/\/internetaddictsanonymous.org\/\",\"logo\":{\"@type\":\"ImageObject\",\"inLanguage\":\"pt-BR\",\"@id\":\"https:\/\/internetaddictsanonymous.org\/#\/schema\/logo\/image\/\",\"url\":\"https:\/\/internetaddictsanonymous.org\/wp-content\/uploads\/2023\/01\/cropped-ITAA-logo-480px.png\",\"contentUrl\":\"https:\/\/internetaddictsanonymous.org\/wp-content\/uploads\/2023\/01\/cropped-ITAA-logo-480px.png\",\"width\":480,\"height\":480,\"caption\":\"Internet and Technology Addicts Anonymous\"},\"image\":{\"@id\":\"https:\/\/internetaddictsanonymous.org\/#\/schema\/logo\/image\/\"}}]}<\/script>\n<!-- \/ Yoast SEO plugin. -->","yoast_head_json":{"title":"A import\u00e2ncia do patroc\u00ednio - Internet and Technology Addicts Anonymous","robots":{"index":"index","follow":"follow","max-snippet":"max-snippet:-1","max-image-preview":"max-image-preview:large","max-video-preview":"max-video-preview:-1"},"canonical":"https:\/\/internetaddictsanonymous.org\/pt\/patrocinio\/","og_locale":"pt_BR","og_type":"article","og_title":"The Importance of Sponsorship &#8211; Internet and Technology Addicts Anonymous","og_description":"What is sponsorship? Sponsorship has a long-standing tradition in 12-step fellowships. A sponsor is a more experienced member who can help guide a newer member through the 12 steps and towards recovery. A sponsor may also help define top, middle, and bottom lines or make suggestions about how to establish sobriety or reestablish it after &hellip; Continue lendo The Importance of Sponsorship","og_url":"https:\/\/internetaddictsanonymous.org\/pt\/patrocinio\/","og_site_name":"Internet and Technology Addicts Anonymous","article_modified_time":"2026-01-18T19:11:47+00:00","twitter_card":"summary_large_image","twitter_misc":{"Est. tempo de leitura":"7 minutos"},"schema":{"@context":"https:\/\/schema.org","@graph":[{"@type":"WebPage","@id":"https:\/\/internetaddictsanonymous.org\/sponsorship\/","url":"https:\/\/internetaddictsanonymous.org\/sponsorship\/","name":"A import\u00e2ncia do patroc\u00ednio - Internet and Technology Addicts Anonymous","isPartOf":{"@id":"https:\/\/internetaddictsanonymous.org\/#website"},"datePublished":"2020-01-05T20:45:38+00:00","dateModified":"2026-01-18T19:11:47+00:00","breadcrumb":{"@id":"https:\/\/internetaddictsanonymous.org\/sponsorship\/#breadcrumb"},"inLanguage":"pt-BR","potentialAction":[{"@type":"ReadAction","target":["https:\/\/internetaddictsanonymous.org\/sponsorship\/"]}]},{"@type":"BreadcrumbList","@id":"https:\/\/internetaddictsanonymous.org\/sponsorship\/#breadcrumb","itemListElement":[{"@type":"ListItem","position":1,"name":"Home","item":"https:\/\/internetaddictsanonymous.org\/"},{"@type":"ListItem","position":2,"name":"The Importance of Sponsorship"}]},{"@type":"WebSite","@id":"https:\/\/internetaddictsanonymous.org\/#website","url":"https:\/\/internetaddictsanonymous.org\/","name":"Dependentes de Internet e Tecnologia An\u00f4nimos","description":"Bolsa mundial de 12 passos para Internet e v\u00edcio em tecnologia","publisher":{"@id":"https:\/\/internetaddictsanonymous.org\/#organization"},"potentialAction":[{"@type":"SearchAction","target":{"@type":"EntryPoint","urlTemplate":"https:\/\/internetaddictsanonymous.org\/?s={search_term_string}"},"query-input":{"@type":"PropertyValueSpecification","valueRequired":true,"valueName":"search_term_string"}}],"inLanguage":"pt-BR"},{"@type":"Organization","@id":"https:\/\/internetaddictsanonymous.org\/#organization","name":"Dependentes de Internet e Tecnologia An\u00f4nimos","url":"https:\/\/internetaddictsanonymous.org\/","logo":{"@type":"ImageObject","inLanguage":"pt-BR","@id":"https:\/\/internetaddictsanonymous.org\/#\/schema\/logo\/image\/","url":"https:\/\/internetaddictsanonymous.org\/wp-content\/uploads\/2023\/01\/cropped-ITAA-logo-480px.png","contentUrl":"https:\/\/internetaddictsanonymous.org\/wp-content\/uploads\/2023\/01\/cropped-ITAA-logo-480px.png","width":480,"height":480,"caption":"Internet and Technology Addicts Anonymous"},"image":{"@id":"https:\/\/internetaddictsanonymous.org\/#\/schema\/logo\/image\/"}}]}},"jetpack_sharing_enabled":true,"jetpack_shortlink":"https:\/\/wp.me\/P9Fwob-2sx","_links":{"self":[{"href":"https:\/\/internetaddictsanonymous.org\/pt\/wp-json\/wp\/v2\/pages\/9457","targetHints":{"allow":["GET"]}}],"collection":[{"href":"https:\/\/internetaddictsanonymous.org\/pt\/wp-json\/wp\/v2\/pages"}],"about":[{"href":"https:\/\/internetaddictsanonymous.org\/pt\/wp-json\/wp\/v2\/types\/page"}],"author":[{"embeddable":true,"href":"https:\/\/internetaddictsanonymous.org\/pt\/wp-json\/wp\/v2\/users\/35194237"}],"replies":[{"embeddable":true,"href":"https:\/\/internetaddictsanonymous.org\/pt\/wp-json\/wp\/v2\/comments?post=9457"}],"version-history":[{"count":46,"href":"https:\/\/internetaddictsanonymous.org\/pt\/wp-json\/wp\/v2\/pages\/9457\/revisions"}],"predecessor-version":[{"id":20908,"href":"https:\/\/internetaddictsanonymous.org\/pt\/wp-json\/wp\/v2\/pages\/9457\/revisions\/20908"}],"wp:attachment":[{"href":"https:\/\/internetaddictsanonymous.org\/pt\/wp-json\/wp\/v2\/media?parent=9457"}],"wp:term":[{"taxonomy":"post_tag","embeddable":true,"href":"https:\/\/internetaddictsanonymous.org\/pt\/wp-json\/wp\/v2\/tags?post=9457"}],"curies":[{"name":"wp","href":"https:\/\/api.w.org\/{rel}","templated":true}]}}