{"id":9655,"date":"2020-01-24T08:16:02","date_gmt":"2020-01-24T08:16:02","guid":{"rendered":"https:\/\/internetaddictsanonymous.org\/?page_id=9655"},"modified":"2026-02-27T13:57:57","modified_gmt":"2026-02-27T21:57:57","slug":"itaa-convencoes","status":"publish","type":"page","link":"https:\/\/internetaddictsanonymous.org\/pt\/itaa-conventions\/","title":{"rendered":"Conven\u00e7\u00f5es de DITA"},"content":{"rendered":"<p><em>Qualquer associado ou grupo de associados pode organizar uma conven\u00e7\u00e3o. Se quiser planejar uma conven\u00e7\u00e3o em sua \u00e1rea, sinta-se \u00e0 vontade para faz\u00ea-lo!<\/em><\/p>\n\n\n\n<p><strong>Conven\u00e7\u00e3o Alem\u00e3 da ITAA 2026<\/strong><\/p>\n\n\n\n<p>De 19 a 21 de junho de 2026, uma conven\u00e7\u00e3o da ITAA em l\u00edngua alem\u00e3 acontecer\u00e1 em Immenhausen, perto de Kassel, com reuni\u00f5es e atividades culin\u00e1rias compartilhadas.<br>Para se inscrever, entre em contato com: <a href=\"mailto:itaa.treffen.immenhausen.2026@gmail.com\" target=\"_blank\" rel=\"noreferrer noopener\">itaa.treffen.immenhausen.2026@gmail.com<\/a><\/p>\n\n\n\n<p>19.\u201321. Junho de 2026 encontra uma conven\u00e7\u00e3o alem\u00e3 da ITAA em Immenhausen perto de Kassel com reuni\u00f5es e status de Kochen.<br>Informa\u00e7\u00f5es sobre inscri\u00e7\u00e3o em: <a href=\"mailto:itaa.treffen.immenhausen.2026@gmail.com\" target=\"_blank\" rel=\"noreferrer noopener\">itaa.treffen.immenhausen.2026@gmail.com<\/a><\/p>\n\n\n\n<p class=\"has-text-align-center\">-~-<\/p>\n\n\n\n<p><strong>Conven\u00e7\u00e3o do Meio-Atl\u00e2ntico da ITAA \u2013 Primavera em Nova Iorque<\/strong><\/p>\n\n\n\n<p>O planejamento para um poss\u00edvel encontro presencial da ITAA Mid-Atlantic nesta primavera em Nova York foi oficialmente retomado!<\/p>\n\n\n\n<p>O evento do ano passado em Washington, D.C., reuniu membros da Filad\u00e9lfia, Nova York, Washington, D.C. e de outros lugares \u2014 e foi uma experi\u00eancia poderosa de conex\u00e3o e recupera\u00e7\u00e3o.<\/p>\n\n\n\n<p>Estamos avaliando o interesse em um encontro de primavera na cidade de Nova York. Se voc\u00ea gostaria de participar ou ajudar no planejamento inicial, entre em contato pelo e-mail itaa.macc@gmail.com.<\/p>\n\n\n\n<p>Mais detalhes em breve.<\/p>\n\n\n\n<p class=\"has-text-align-center\">-~-<\/p>\n\n\n\n<p><strong>Conven\u00e7\u00e3o Norte-Americana ITAA 2026<\/strong><\/p>\n\n\n\n<p>Desconecte-se das telas e mergulhe na serenidade! A terceira Conven\u00e7\u00e3o Norte-Americana da ITAA acontecer\u00e1 de 19 a 21 de junho de 2026, no Menucha Retreat and Conference Center, em Portland, Oregon. Os destaques incluem refei\u00e7\u00f5es nutritivas, pain\u00e9is envolventes, encontros di\u00e1rios com colegas do mundo todo e o (in)fame microfone aberto.<\/p>\n\n\n\n<p>Algumas op\u00e7\u00f5es de aux\u00edlio financeiro est\u00e3o dispon\u00edveis. Os ingressos com pre\u00e7o integral variam de \u00a3$275 a \u00a3750, dependendo do tipo de quarto. As inscri\u00e7\u00f5es j\u00e1 est\u00e3o abertas! Acesse este link para saber mais e se inscrever:&nbsp;<a href=\"https:\/\/docs.google.com\/document\/d\/18E0DZBR4hg_FICBhGSVHA6cA6m6HEadJkjgzwnJYn-4\/edit?tab=t.0%E2%80%9D\" target=\"_blank\" rel=\"noreferrer noopener\">https:\/\/docs.google.com\/document\/d\/18E0DZBR4hg_FICBhGSVHA6cA6m6HEadJkjgzwnJYn-4\/edit?tab=t.0<\/a><\/p>\n\n\n\n<p>Se voc\u00ea tiver interesse em saber mais sobre a conven\u00e7\u00e3o ou quiser participar do planejamento, venha a uma das nossas reuni\u00f5es semanais! As reuni\u00f5es online podem ser encontradas no calend\u00e1rio. Elas acontecem aos domingos, \u00e0s 19h (hor\u00e1rio do leste dos EUA).<\/p>\n\n\n\n<p>Sinta-se \u00e0 vontade para entrar em contato com <a href=\"mailto:itaa.nacc@gmail.com\" target=\"_blank\" rel=\"noreferrer noopener\">itaa.nacc@gmail.com<\/a> para mais informa\u00e7\u00f5es.<\/p>\n\n\n\n<p><\/p>\n\n\n\n<h2 class=\"wp-block-heading has-large-font-size\"><strong>Conven\u00e7\u00f5es Anteriores da ITAA<\/strong><\/h2>\n\n\n\n<p><strong>Conven\u00e7\u00e3o da ITAA na Calif\u00f3rnia (CAC) 2025<\/strong><br><br>A primeira Conven\u00e7\u00e3o da ITAA na Calif\u00f3rnia (CAC 1) aconteceu de 11 a 13 de outubro de 2025. Seis membros de todo o estado passaram o fim de semana em uma mans\u00e3o um tanto assombrada em um vinhedo. Tivemos reuni\u00f5es di\u00e1rias, medita\u00e7\u00f5es significativas, aproveitamos o sol na praia, conversamos sobre nossos sentimentos e jogamos jogos de tabuleiro. Fiquem ligados para a sequ\u00eancia \u2014 CAC 2 em 2026!<\/p>\n\n\n\n<p class=\"has-text-align-center\">-~-<\/p>\n\n\n\n<p><strong>Conven\u00e7\u00e3o Meio-Atl\u00e2ntico ITAA 2025<\/strong><br><br>Temos o prazer de anunciar que as inscri\u00e7\u00f5es para a Conven\u00e7\u00e3o do Meio-Atl\u00e2ntico da ITAA 2025 est\u00e3o oficialmente abertas!<br>Data do evento: s\u00e1bado, 27 de setembro de 2025<br>Hor\u00e1rio do evento: 10h \u00e0s 18h<br>Localiza\u00e7\u00e3o: Rock Creek Park, Washington, DC.<br>Se desejar se inscrever, preencha o formul\u00e1rio de inscri\u00e7\u00e3o.<\/p>\n\n\n\n<p><a href=\"https:\/\/tinyurl.com\/34kxz2hk\" target=\"_blank\" rel=\"noreferrer noopener\">Formul\u00e1rio de inscri\u00e7\u00e3o MAC-ITAA<\/a><\/p>\n\n\n\n<p>Siga as instru\u00e7\u00f5es para efetuar o pagamento da taxa de inscri\u00e7\u00e3o. Em caso de d\u00favidas, entre em contato conosco. Aguardamos ansiosamente o seu contato!&nbsp;<a href=\"mailto:itaa.macc@gmail.com\" target=\"_blank\" rel=\"noreferrer noopener\">itaa.macc@gmail.com<\/a>.<\/p>\n\n\n\n<p class=\"has-text-align-center\">-~-<\/p>\n\n\n\n<p class=\"has-medium-font-size\"><strong>Conven\u00e7\u00e3o Alem\u00e3 da ITAA 2025<\/strong><\/p>\n\n\n\n<p class=\"has-medium-font-size\">Est\u00e1 sendo planejada uma conven\u00e7\u00e3o alem\u00e3 da ITAA em Immenhausen, Alemanha (pr\u00f3ximo a Kassel), para os dias 6 a 8 de junho de 2025. O evento ser\u00e1 realizado em alem\u00e3o. O pre\u00e7o \u00e9 de \u20ac 50 (mais custos de viagem). Para manifestar seu interesse em participar, entre em contato conosco pelo e-mail: ITAA.Treffen.Immenhausen.2025@gmail.com. O prazo para inscri\u00e7\u00e3o \u00e9 4 de abril. Se voc\u00ea tiver interesse em saber mais sobre a Conven\u00e7\u00e3o da ITAA de 2025 em alem\u00e3o, em Immenhausen, participe da reuni\u00e3o de planejamento que acontecer\u00e1 no domingo, 16 de fevereiro, ap\u00f3s a reuni\u00e3o alem\u00e3 da ITAA (das 9h30 \u00e0s 10h30, hor\u00e1rio da Europa Central).<\/p>\n\n\n\n<p>Wir planen, im Juni (06.06.-08.06.2025) ein ITAA-Treffen em Immenhausen (in der N\u00e4he von Kassel) zu organisieren. Die Veranstaltung findet auf Deutsch statt. O \u00dcbernachtungskosten werden sich voraussichtlich auf etwa 50 Euro belaufen (dazu kommen Verpflegungs- und Reisekosten).<br>Se voc\u00ea estiver interessado em um einer Teilnahme habt, entre em contato conosco abaixo de ITAA.Treffen.Immenhausen.2025@gmail.com<br>Anmeldeschluss foi em 4 de abril.<br>Se ele for mais \u00fcber das deutschsprachige ITAA-Treffen 2025 em Immenhausen erfahren m\u00f6chtet, voc\u00ea tamb\u00e9m poder\u00e1 obter o Planungstreffen kommen. O pr\u00f3ximo planejamento foi encontrado em 16.02. im Anschluss an das Deutsche ITAA Treffen am Sonntag (9h30-10h30 Uhr MEZ) status.<\/p>\n\n\n\n<p class=\"has-text-align-center has-medium-font-size\">-~-<\/p>\n\n\n\n<p><strong>Conven\u00e7\u00e3o Norte-Americana da ITAA 2024<\/strong><\/p>\n\n\n\n<p>A segunda Conven\u00e7\u00e3o Norte-Americana (NAC) ocorreu de 27 a 29 de setembro de 2024 em um centro de retiro rural em Maryland \u2013 uma bela fazenda com paisagens deslumbrantes e um local de encontro com o lema \u201cdesconectar para conectar\u201d. Mais de 80 membros participaram presencialmente, vindos de perto e de longe, incluindo Hungria, Reino Unido, Canad\u00e1, Arizona, Illinois, Ohio, Colorado, Carolina do Norte, Calif\u00f3rnia, estado de Washington, Washington D.C. e de todo o nordeste dos EUA.<br><br>O evento quase dobrou a participa\u00e7\u00e3o do ano passado, quebrando o recorde de maior encontro presencial na hist\u00f3ria da ITAA. Al\u00e9m disso, contou com ampla participa\u00e7\u00e3o virtual durante os quatro eventos h\u00edbridos transmitidos pelo site da ITAA, cujas grava\u00e7\u00f5es podem ser encontradas no [link para o site da ITAA].&nbsp;<a href=\"https:\/\/internetaddictsanonymous.org\/pt\/historias-de-recuperacao\/\" target=\"_blank\" rel=\"noreferrer noopener\">hist\u00f3rias de recupera\u00e7\u00e3o.<\/a>&nbsp;Desfrutamos de tr\u00eas dias repletos de companheirismo, com uma ampla gama de eventos, incluindo palestras, pain\u00e9is, workshops com temas que variaram desde a pr\u00e1tica dos passos da recupera\u00e7\u00e3o at\u00e9 o uso da arte para alcan\u00e7ar a abstin\u00eancia, passando pela cria\u00e7\u00e3o de encontros presenciais saud\u00e1veis, uma noite de microfone aberto e atividades em grupo de alto n\u00edvel, incluindo encontros para medita\u00e7\u00e3o, ora\u00e7\u00e3o em conjunto e corrida. Compartilhamos comida, risadas e amizade, forjando la\u00e7os mais profundos que permanecem essenciais em nossas jornadas de recupera\u00e7\u00e3o muito depois do t\u00e9rmino do fim de semana.<\/p>\n\n\n\n<p class=\"has-text-align-center\">-~-<\/p>\n\n\n\n<p><strong>Retiro da ITAA na Dinamarca 2024<\/strong> <\/p>\n\n\n\n<p>Entre os dias 20 e 24 de setembro de 2024, 5 membros da ITAA, de 4 pa\u00edses diferentes, realizaram um retiro na zona rural nos arredores de Ringsted, na Dinamarca.<\/p>\n\n\n\n<p>Praticamos ioga e Qi-Gong juntos, cozinhamos e comemos juntos, e fizemos uma caminhada silenciosa na floresta. Realizamos muitas reuni\u00f5es e nos divertimos bastante. No s\u00e1bado \u00e0 noite, a sauna foi acesa. A reuni\u00e3o final, no domingo, aconteceu em uma jangada em um pequeno lago pr\u00f3ximo ao local do evento!<\/p>\n\n\n\n<p>Se voc\u00ea tiver interesse em participar de um futuro TINTNAC, entre em contato.&nbsp;<a href=\"mailto:tintnac@itaa.dk\" target=\"_blank\" rel=\"noreferrer noopener\">tintnac@itaa.dk<\/a>.<\/p>\n\n\n\n<p class=\"has-text-align-center\">-~-<\/p>\n\n\n\n<p><strong>Conven\u00e7\u00e3o Norte-Americana da ITAA 2023<\/strong><\/p>\n\n\n\n<p>A Conven\u00e7\u00e3o Norte-Americana (NAC) inaugural ocorreu de 4 a 6 de agosto de 2023 em um centro de retiros em San Ramon Valley. Mais de 50 membros de todo o mundo compareceram, incluindo Dubai, Reino Unido, Nova York, Arizona, Washington DC e Calif\u00f3rnia.<\/p>\n\n\n\n<p>Foi o maior encontro presencial da hist\u00f3ria da ITAA. Sob o tema orientador de <em>Voltando para casa na ITAA<\/em>No dia 10 de junho, participamos de uma oferta diversificada de eventos - reuni\u00f5es conduzidas pela recupera\u00e7\u00e3o, pain\u00e9is, workshops, uma festa de dan\u00e7a silenciosa, show de talentos e atividades de primeira linha em grupo. Desfrutamos de refei\u00e7\u00f5es comunit\u00e1rias e abra\u00e7os de verdade! Voc\u00ea pode ler mais sobre o evento aqui:<br><a href=\"https:\/\/drive.google.com\/file\/d\/1dY9NGsuFw19U-4qDMpAKvs3yRs7Mb58d\/view?usp=sharing\">Boletim informativo da Conven\u00e7\u00e3o NAC 2023<\/a><\/p>\n\n\n\n<p class=\"has-text-align-center\">-~-<\/p>\n\n\n\n<p><strong>Conven\u00e7\u00e3o Internacional Alem\u00e3 da ITAA 2022<\/strong><\/p>\n\n\n\n<p>Uma conven\u00e7\u00e3o internacional de l\u00edngua alem\u00e3 foi realizada em Kassel, Alemanha, de 4 a 6 de novembro de 2022. Veja os links abaixo para saber mais:<br><a href=\"https:\/\/drive.google.com\/file\/d\/1nVc7ASAUNOWPfETdJYxi3Ca3OwUQDy9o\/view?usp=sharing\">Boletim informativo em ingl\u00eas<\/a><br><a href=\"https:\/\/drive.google.com\/file\/d\/19yIeiCZfQ4lzuJY466wLgGqS9uhI61dQ\/view?usp=sharing\">Boletim informativo alem\u00e3o<\/a><\/p>\n\n\n\n<p class=\"has-text-align-center\">-~-<\/p>\n\n\n\n<p><strong>Primeiro Encontro Internacional da ITAA 2019<\/strong><\/p>\n\n\n\n<p>O primeiro Encontro Internacional da ITAA foi realizado em Berlim, Alemanha, nos dias 9 e 10 de novembro de 2019. Voc\u00ea pode ler sobre o encontro e as hist\u00f3rias dos membros em <a aria-label=\"indefinido (abre em uma nova guia)\" href=\"https:\/\/drive.google.com\/file\/d\/1RKRxJW0WZVy2g_jvjCV2MLBDm35xtqIB\/view?usp=sharing\" target=\"_blank\" rel=\"noreferrer noopener\">nossa newsletter<\/a>.<\/p>\n<!-- PMB print buttons is only displayed on a single post\/page URLs-->","protected":false},"excerpt":{"rendered":"<p>Qualquer membro ou grupo de membros pode organizar uma conven\u00e7\u00e3o. Se voc\u00ea gostaria de planejar uma conven\u00e7\u00e3o em sua regi\u00e3o, fique \u00e0 vontade! Conven\u00e7\u00e3o Alem\u00e3 da ITAA 2026: De 19 a 21 de junho de 2026, uma conven\u00e7\u00e3o da ITAA em l\u00edngua alem\u00e3 acontecer\u00e1 em Immenhausen, perto de Kassel, com reuni\u00f5es e atividades culin\u00e1rias compartilhadas. Para se inscrever, entre em contato com: \u2026 <a href=\"https:\/\/internetaddictsanonymous.org\/pt\/itaa-conventions\/\" class=\"more-link\">Continue lendo <span class=\"screen-reader-text\">Conven\u00e7\u00f5es de DITA<\/span><\/a><\/p>","protected":false},"author":35194237,"featured_media":0,"parent":0,"menu_order":0,"comment_status":"closed","ping_status":"closed","template":"full-width-page.php","meta":{"inline_featured_image":false,"_lmt_disableupdate":"","_lmt_disable":"","footnotes":""},"tags":[],"class_list":["post-9655","page","type-page","status-publish","hentry"],"yoast_head":"<!-- This site is optimized with the Yoast SEO plugin v27.4 - https:\/\/yoast.com\/product\/yoast-seo-wordpress\/ -->\n<title>ITAA Conventions &#8211; Internet and Technology Addicts Anonymous<\/title>\n<meta name=\"robots\" content=\"index, follow, max-snippet:-1, max-image-preview:large, max-video-preview:-1\" \/>\n<link rel=\"canonical\" href=\"https:\/\/internetaddictsanonymous.org\/pt\/itaa-convencoes\/\" \/>\n<meta property=\"og:locale\" content=\"pt_BR\" \/>\n<meta property=\"og:type\" content=\"article\" \/>\n<meta property=\"og:title\" content=\"ITAA Conventions &#8211; Internet and Technology Addicts Anonymous\" \/>\n<meta property=\"og:description\" content=\"Any member or group of members may organize a convention. If you would like to plan a convention in your area, please feel free to do so! ITAA German Convention 2026 From June 19\u201321, 2026, a German-speaking ITAA Convention will take place in Immenhausen near Kassel, featuring meetings and shared cooking activities.For Registration please contact: &hellip; Continue lendo ITAA Conventions\" \/>\n<meta property=\"og:url\" content=\"https:\/\/internetaddictsanonymous.org\/pt\/itaa-convencoes\/\" \/>\n<meta property=\"og:site_name\" content=\"Internet and Technology Addicts Anonymous\" \/>\n<meta property=\"article:modified_time\" content=\"2026-02-27T21:57:57+00:00\" \/>\n<meta name=\"twitter:card\" content=\"summary_large_image\" \/>\n<meta name=\"twitter:label1\" content=\"Est. tempo de leitura\" \/>\n\t<meta name=\"twitter:data1\" content=\"5 minutos\" \/>\n<script type=\"application\/ld+json\" class=\"yoast-schema-graph\">{\"@context\":\"https:\\\/\\\/schema.org\",\"@graph\":[{\"@type\":\"WebPage\",\"@id\":\"https:\\\/\\\/internetaddictsanonymous.org\\\/itaa-conventions\\\/\",\"url\":\"https:\\\/\\\/internetaddictsanonymous.org\\\/itaa-conventions\\\/\",\"name\":\"ITAA Conventions &#8211; Internet and Technology Addicts Anonymous\",\"isPartOf\":{\"@id\":\"https:\\\/\\\/internetaddictsanonymous.org\\\/#website\"},\"datePublished\":\"2020-01-24T08:16:02+00:00\",\"dateModified\":\"2026-02-27T21:57:57+00:00\",\"breadcrumb\":{\"@id\":\"https:\\\/\\\/internetaddictsanonymous.org\\\/itaa-conventions\\\/#breadcrumb\"},\"inLanguage\":\"pt-BR\",\"potentialAction\":[{\"@type\":\"ReadAction\",\"target\":[\"https:\\\/\\\/internetaddictsanonymous.org\\\/itaa-conventions\\\/\"]}]},{\"@type\":\"BreadcrumbList\",\"@id\":\"https:\\\/\\\/internetaddictsanonymous.org\\\/itaa-conventions\\\/#breadcrumb\",\"itemListElement\":[{\"@type\":\"ListItem\",\"position\":1,\"name\":\"Home\",\"item\":\"https:\\\/\\\/internetaddictsanonymous.org\\\/\"},{\"@type\":\"ListItem\",\"position\":2,\"name\":\"ITAA Conventions\"}]},{\"@type\":\"WebSite\",\"@id\":\"https:\\\/\\\/internetaddictsanonymous.org\\\/#website\",\"url\":\"https:\\\/\\\/internetaddictsanonymous.org\\\/\",\"name\":\"Internet and Technology Addicts Anonymous\",\"description\":\"Worldwide 12-step Fellowship for Internet and Technology Addiction\",\"publisher\":{\"@id\":\"https:\\\/\\\/internetaddictsanonymous.org\\\/#organization\"},\"potentialAction\":[{\"@type\":\"SearchAction\",\"target\":{\"@type\":\"EntryPoint\",\"urlTemplate\":\"https:\\\/\\\/internetaddictsanonymous.org\\\/?s={search_term_string}\"},\"query-input\":{\"@type\":\"PropertyValueSpecification\",\"valueRequired\":true,\"valueName\":\"search_term_string\"}}],\"inLanguage\":\"pt-BR\"},{\"@type\":\"Organization\",\"@id\":\"https:\\\/\\\/internetaddictsanonymous.org\\\/#organization\",\"name\":\"Internet and Technology Addicts Anonymous\",\"url\":\"https:\\\/\\\/internetaddictsanonymous.org\\\/\",\"logo\":{\"@type\":\"ImageObject\",\"inLanguage\":\"pt-BR\",\"@id\":\"https:\\\/\\\/internetaddictsanonymous.org\\\/#\\\/schema\\\/logo\\\/image\\\/\",\"url\":\"https:\\\/\\\/internetaddictsanonymous.org\\\/wp-content\\\/uploads\\\/2023\\\/01\\\/cropped-ITAA-logo-480px.png\",\"contentUrl\":\"https:\\\/\\\/internetaddictsanonymous.org\\\/wp-content\\\/uploads\\\/2023\\\/01\\\/cropped-ITAA-logo-480px.png\",\"width\":480,\"height\":480,\"caption\":\"Internet and Technology Addicts Anonymous\"},\"image\":{\"@id\":\"https:\\\/\\\/internetaddictsanonymous.org\\\/#\\\/schema\\\/logo\\\/image\\\/\"}}]}<\/script>\n<!-- \/ Yoast SEO plugin. -->","yoast_head_json":{"title":"Conven\u00e7\u00f5es da ITAA - Viciados em Internet e Tecnologia An\u00f4nimos","robots":{"index":"index","follow":"follow","max-snippet":"max-snippet:-1","max-image-preview":"max-image-preview:large","max-video-preview":"max-video-preview:-1"},"canonical":"https:\/\/internetaddictsanonymous.org\/pt\/itaa-convencoes\/","og_locale":"pt_BR","og_type":"article","og_title":"ITAA Conventions &#8211; Internet and Technology Addicts Anonymous","og_description":"Any member or group of members may organize a convention. If you would like to plan a convention in your area, please feel free to do so! ITAA German Convention 2026 From June 19\u201321, 2026, a German-speaking ITAA Convention will take place in Immenhausen near Kassel, featuring meetings and shared cooking activities.For Registration please contact: &hellip; Continue lendo ITAA Conventions","og_url":"https:\/\/internetaddictsanonymous.org\/pt\/itaa-convencoes\/","og_site_name":"Internet and Technology Addicts Anonymous","article_modified_time":"2026-02-27T21:57:57+00:00","twitter_card":"summary_large_image","twitter_misc":{"Est. tempo de leitura":"5 minutos"},"schema":{"@context":"https:\/\/schema.org","@graph":[{"@type":"WebPage","@id":"https:\/\/internetaddictsanonymous.org\/itaa-conventions\/","url":"https:\/\/internetaddictsanonymous.org\/itaa-conventions\/","name":"Conven\u00e7\u00f5es da ITAA - Viciados em Internet e Tecnologia An\u00f4nimos","isPartOf":{"@id":"https:\/\/internetaddictsanonymous.org\/#website"},"datePublished":"2020-01-24T08:16:02+00:00","dateModified":"2026-02-27T21:57:57+00:00","breadcrumb":{"@id":"https:\/\/internetaddictsanonymous.org\/itaa-conventions\/#breadcrumb"},"inLanguage":"pt-BR","potentialAction":[{"@type":"ReadAction","target":["https:\/\/internetaddictsanonymous.org\/itaa-conventions\/"]}]},{"@type":"BreadcrumbList","@id":"https:\/\/internetaddictsanonymous.org\/itaa-conventions\/#breadcrumb","itemListElement":[{"@type":"ListItem","position":1,"name":"Home","item":"https:\/\/internetaddictsanonymous.org\/"},{"@type":"ListItem","position":2,"name":"ITAA Conventions"}]},{"@type":"WebSite","@id":"https:\/\/internetaddictsanonymous.org\/#website","url":"https:\/\/internetaddictsanonymous.org\/","name":"Dependentes de Internet e Tecnologia An\u00f4nimos","description":"Bolsa mundial de 12 passos para Internet e v\u00edcio em tecnologia","publisher":{"@id":"https:\/\/internetaddictsanonymous.org\/#organization"},"potentialAction":[{"@type":"SearchAction","target":{"@type":"EntryPoint","urlTemplate":"https:\/\/internetaddictsanonymous.org\/?s={search_term_string}"},"query-input":{"@type":"PropertyValueSpecification","valueRequired":true,"valueName":"search_term_string"}}],"inLanguage":"pt-BR"},{"@type":"Organization","@id":"https:\/\/internetaddictsanonymous.org\/#organization","name":"Dependentes de Internet e Tecnologia An\u00f4nimos","url":"https:\/\/internetaddictsanonymous.org\/","logo":{"@type":"ImageObject","inLanguage":"pt-BR","@id":"https:\/\/internetaddictsanonymous.org\/#\/schema\/logo\/image\/","url":"https:\/\/internetaddictsanonymous.org\/wp-content\/uploads\/2023\/01\/cropped-ITAA-logo-480px.png","contentUrl":"https:\/\/internetaddictsanonymous.org\/wp-content\/uploads\/2023\/01\/cropped-ITAA-logo-480px.png","width":480,"height":480,"caption":"Internet and Technology Addicts Anonymous"},"image":{"@id":"https:\/\/internetaddictsanonymous.org\/#\/schema\/logo\/image\/"}}]}},"jetpack_sharing_enabled":true,"jetpack_shortlink":"https:\/\/wp.me\/P9Fwob-2vJ","_links":{"self":[{"href":"https:\/\/internetaddictsanonymous.org\/pt\/wp-json\/wp\/v2\/pages\/9655","targetHints":{"allow":["GET"]}}],"collection":[{"href":"https:\/\/internetaddictsanonymous.org\/pt\/wp-json\/wp\/v2\/pages"}],"about":[{"href":"https:\/\/internetaddictsanonymous.org\/pt\/wp-json\/wp\/v2\/types\/page"}],"author":[{"embeddable":true,"href":"https:\/\/internetaddictsanonymous.org\/pt\/wp-json\/wp\/v2\/users\/35194237"}],"replies":[{"embeddable":true,"href":"https:\/\/internetaddictsanonymous.org\/pt\/wp-json\/wp\/v2\/comments?post=9655"}],"version-history":[{"count":68,"href":"https:\/\/internetaddictsanonymous.org\/pt\/wp-json\/wp\/v2\/pages\/9655\/revisions"}],"predecessor-version":[{"id":21079,"href":"https:\/\/internetaddictsanonymous.org\/pt\/wp-json\/wp\/v2\/pages\/9655\/revisions\/21079"}],"wp:attachment":[{"href":"https:\/\/internetaddictsanonymous.org\/pt\/wp-json\/wp\/v2\/media?parent=9655"}],"wp:term":[{"taxonomy":"post_tag","embeddable":true,"href":"https:\/\/internetaddictsanonymous.org\/pt\/wp-json\/wp\/v2\/tags?post=9655"}],"curies":[{"name":"wp","href":"https:\/\/api.w.org\/{rel}","templated":true}]}}