{"id":10139,"date":"2020-03-05T21:40:58","date_gmt":"2020-03-05T21:40:58","guid":{"rendered":"https:\/\/internetaddictsanonymous.org\/?page_id=10139"},"modified":"2024-11-24T12:50:03","modified_gmt":"2024-11-24T20:50:03","slug":"donati","status":"publish","type":"page","link":"https:\/\/internetaddictsanonymous.org\/ro\/donate\/","title":{"rendered":"Face\u021bi o contribu\u021bie"},"content":{"rendered":"<p>\u00cen conformitate cu cele 7<sup>th<\/sup>\u00a0Conform tradi\u021biei, ITAA este complet independent\u0103 \u0219i se bazeaz\u0103 \u00een \u00eentregime pe dona\u021biile membrilor. Dac\u0103 a\u021bi constatat c\u0103 ITAA este benefic\u0103 \u00een recuperarea dumneavoastr\u0103, v\u0103 rug\u0103m s\u0103 lua\u021bi \u00een considerare crearea unei contribu\u021bii lunare recurente pentru a ajuta comunitatea noastr\u0103 s\u0103 continue s\u0103 func\u021bioneze eficient. Orice sum\u0103 ajut\u0103 \u0219i suntem cu adev\u0103rat recunosc\u0103tori pentru participarea dumneavoastr\u0103, \u00een timp ce transmitem mesajul c\u0103tre dependen\u021bii de internet \u0219i tehnologie care \u00eenc\u0103 sufer\u0103. <\/p>\n\n\n\n<p>Pute\u021bi face o contribu\u021bie prin card de debit sau de credit, transfer bancar, PayPal sau Venmo. V\u0103 rug\u0103m s\u0103 re\u021bine\u021bi c\u0103, dac\u0103 dori\u021bi s\u0103 p\u0103stra\u021bi anonimatul, pute\u021bi pur \u0219i simplu s\u0103 scrie\u021bi o ini\u021bial\u0103 \u00een c\u00e2mpul \u201cnume de familie\u201d \u0219i\/sau s\u0103 utiliza\u021bi o adres\u0103 de e-mail anonim\u0103.<\/p>\n\n\n\n<script src=\"https:\/\/donorbox.org\/widget.js\" type=\"text\/javascript\"><\/script><iframe src=\"https:\/\/donorbox.org\/embed\/itaa\" width=\"100%\" style=\"max-width:500px; min-width:310px;\" seamless=\"seamless\" id=\"dbox-form-embed\" name=\"donorbox\" frameborder=\"0\" scrolling=\"no\" allowpaymentrequest><\/iframe>\n\n\n\n<p>ITAA practic\u0103 contabilitatea cu registru deschis. Pute\u021bi vizualiza rapoartele trezorierului nostru anterior. <a href=\"https:\/\/drive.google.com\/drive\/folders\/116fSRg_xja1Fjo72RUP2-Cp3anwWK6LD?usp=sharing\" target=\"_blank\" rel=\"noreferrer noopener nofollow\">aici<\/a>. Suntem o organiza\u021bie non-profit scutit\u0103 de impozite federale conform prevederilor din sec\u021biunea 501(c)(3) din SUA, \u00eenregistrat\u0103 \u00een statul Colorado.<\/p>\n<!-- PMB print buttons is only displayed on a single post\/page URLs-->","protected":false},"excerpt":{"rendered":"<p>\u00cen conformitate cu cea de-a \u0219aptea tradi\u021bie, ITAA este complet independent\u0103 \u0219i se bazeaz\u0103 \u00een \u00eentregime pe dona\u021biile membrilor. Dac\u0103 a\u021bi constatat c\u0103 ITAA este benefic\u0103 \u00een recuperarea dumneavoastr\u0103, v\u0103 rug\u0103m s\u0103 lua\u021bi \u00een considerare stabilirea unei contribu\u021bii lunare recurente pentru a ajuta comunitatea noastr\u0103 s\u0103 continue s\u0103 func\u021bioneze eficient. Orice sum\u0103 ajut\u0103 \u0219i suntem cu adev\u0103rat recunosc\u0103tori pentru participarea dumneavoastr\u0103... <a href=\"https:\/\/internetaddictsanonymous.org\/ro\/donate\/\" class=\"more-link\">Continu\u0103 s\u0103 cite\u0219ti <span class=\"screen-reader-text\">Face\u021bi o contribu\u021bie<\/span><\/a><\/p>","protected":false},"author":35194237,"featured_media":0,"parent":0,"menu_order":0,"comment_status":"closed","ping_status":"closed","template":"full-width-page.php","meta":{"inline_featured_image":false,"_lmt_disableupdate":"","_lmt_disable":"","footnotes":""},"tags":[],"class_list":["post-10139","page","type-page","status-publish","hentry"],"yoast_head":"<!-- This site is optimized with the Yoast SEO plugin v27.5 - https:\/\/yoast.com\/product\/yoast-seo-wordpress\/ -->\n<title>Make a Contribution &#8211; Internet and Technology Addicts Anonymous<\/title>\n<meta name=\"robots\" content=\"index, follow, max-snippet:-1, max-image-preview:large, max-video-preview:-1\" \/>\n<link rel=\"canonical\" href=\"https:\/\/internetaddictsanonymous.org\/ro\/donati\/\" \/>\n<meta property=\"og:locale\" content=\"ro_RO\" \/>\n<meta property=\"og:type\" content=\"article\" \/>\n<meta property=\"og:title\" content=\"Make a Contribution &#8211; Internet and Technology Addicts Anonymous\" \/>\n<meta property=\"og:description\" content=\"In keeping with the 7th\u00a0tradition, ITAA is fully self-supporting and relies entirely on donations from members. If you have found ITAA beneficial in your recovery, we ask that you consider setting up a recurring monthly contribution to help our fellowship continue to operate effectively. Any amount helps, and we are truly grateful for your participation &hellip; Continu\u0103 s\u0103 cite\u0219ti Make a Contribution\" \/>\n<meta property=\"og:url\" content=\"https:\/\/internetaddictsanonymous.org\/ro\/donati\/\" \/>\n<meta property=\"og:site_name\" content=\"Internet and Technology Addicts Anonymous\" \/>\n<meta property=\"article:modified_time\" content=\"2024-11-24T20:50:03+00:00\" \/>\n<meta name=\"twitter:card\" content=\"summary_large_image\" \/>\n<meta name=\"twitter:label1\" content=\"Timp estimat pentru citire\" \/>\n\t<meta name=\"twitter:data1\" content=\"1 minut\" \/>\n<script type=\"application\/ld+json\" class=\"yoast-schema-graph\">{\"@context\":\"https:\\\/\\\/schema.org\",\"@graph\":[{\"@type\":\"WebPage\",\"@id\":\"https:\\\/\\\/internetaddictsanonymous.org\\\/donate\\\/\",\"url\":\"https:\\\/\\\/internetaddictsanonymous.org\\\/donate\\\/\",\"name\":\"Make a Contribution &#8211; Internet and Technology Addicts Anonymous\",\"isPartOf\":{\"@id\":\"https:\\\/\\\/internetaddictsanonymous.org\\\/#website\"},\"datePublished\":\"2020-03-05T21:40:58+00:00\",\"dateModified\":\"2024-11-24T20:50:03+00:00\",\"breadcrumb\":{\"@id\":\"https:\\\/\\\/internetaddictsanonymous.org\\\/donate\\\/#breadcrumb\"},\"inLanguage\":\"ro-RO\",\"potentialAction\":[{\"@type\":\"ReadAction\",\"target\":[\"https:\\\/\\\/internetaddictsanonymous.org\\\/donate\\\/\"]}]},{\"@type\":\"BreadcrumbList\",\"@id\":\"https:\\\/\\\/internetaddictsanonymous.org\\\/donate\\\/#breadcrumb\",\"itemListElement\":[{\"@type\":\"ListItem\",\"position\":1,\"name\":\"Home\",\"item\":\"https:\\\/\\\/internetaddictsanonymous.org\\\/\"},{\"@type\":\"ListItem\",\"position\":2,\"name\":\"Make a Contribution\"}]},{\"@type\":\"WebSite\",\"@id\":\"https:\\\/\\\/internetaddictsanonymous.org\\\/#website\",\"url\":\"https:\\\/\\\/internetaddictsanonymous.org\\\/\",\"name\":\"Internet and Technology Addicts Anonymous\",\"description\":\"Worldwide 12-step Fellowship for Internet and Technology Addiction\",\"publisher\":{\"@id\":\"https:\\\/\\\/internetaddictsanonymous.org\\\/#organization\"},\"potentialAction\":[{\"@type\":\"SearchAction\",\"target\":{\"@type\":\"EntryPoint\",\"urlTemplate\":\"https:\\\/\\\/internetaddictsanonymous.org\\\/?s={search_term_string}\"},\"query-input\":{\"@type\":\"PropertyValueSpecification\",\"valueRequired\":true,\"valueName\":\"search_term_string\"}}],\"inLanguage\":\"ro-RO\"},{\"@type\":\"Organization\",\"@id\":\"https:\\\/\\\/internetaddictsanonymous.org\\\/#organization\",\"name\":\"Internet and Technology Addicts Anonymous\",\"url\":\"https:\\\/\\\/internetaddictsanonymous.org\\\/\",\"logo\":{\"@type\":\"ImageObject\",\"inLanguage\":\"ro-RO\",\"@id\":\"https:\\\/\\\/internetaddictsanonymous.org\\\/#\\\/schema\\\/logo\\\/image\\\/\",\"url\":\"https:\\\/\\\/internetaddictsanonymous.org\\\/wp-content\\\/uploads\\\/2023\\\/01\\\/cropped-ITAA-logo-480px.png\",\"contentUrl\":\"https:\\\/\\\/internetaddictsanonymous.org\\\/wp-content\\\/uploads\\\/2023\\\/01\\\/cropped-ITAA-logo-480px.png\",\"width\":480,\"height\":480,\"caption\":\"Internet and Technology Addicts Anonymous\"},\"image\":{\"@id\":\"https:\\\/\\\/internetaddictsanonymous.org\\\/#\\\/schema\\\/logo\\\/image\\\/\"}}]}<\/script>\n<!-- \/ Yoast SEO plugin. -->","yoast_head_json":{"title":"Face\u021bi o contribu\u021bie - Dependen\u021bii de Internet \u0219i Tehnologie Anonimi","robots":{"index":"index","follow":"follow","max-snippet":"max-snippet:-1","max-image-preview":"max-image-preview:large","max-video-preview":"max-video-preview:-1"},"canonical":"https:\/\/internetaddictsanonymous.org\/ro\/donati\/","og_locale":"ro_RO","og_type":"article","og_title":"Make a Contribution &#8211; Internet and Technology Addicts Anonymous","og_description":"In keeping with the 7th\u00a0tradition, ITAA is fully self-supporting and relies entirely on donations from members. If you have found ITAA beneficial in your recovery, we ask that you consider setting up a recurring monthly contribution to help our fellowship continue to operate effectively. Any amount helps, and we are truly grateful for your participation &hellip; Continu\u0103 s\u0103 cite\u0219ti Make a Contribution","og_url":"https:\/\/internetaddictsanonymous.org\/ro\/donati\/","og_site_name":"Internet and Technology Addicts Anonymous","article_modified_time":"2024-11-24T20:50:03+00:00","twitter_card":"summary_large_image","twitter_misc":{"Timp estimat pentru citire":"1 minut"},"schema":{"@context":"https:\/\/schema.org","@graph":[{"@type":"WebPage","@id":"https:\/\/internetaddictsanonymous.org\/donate\/","url":"https:\/\/internetaddictsanonymous.org\/donate\/","name":"Face\u021bi o contribu\u021bie - Dependen\u021bii de Internet \u0219i Tehnologie Anonimi","isPartOf":{"@id":"https:\/\/internetaddictsanonymous.org\/#website"},"datePublished":"2020-03-05T21:40:58+00:00","dateModified":"2024-11-24T20:50:03+00:00","breadcrumb":{"@id":"https:\/\/internetaddictsanonymous.org\/donate\/#breadcrumb"},"inLanguage":"ro-RO","potentialAction":[{"@type":"ReadAction","target":["https:\/\/internetaddictsanonymous.org\/donate\/"]}]},{"@type":"BreadcrumbList","@id":"https:\/\/internetaddictsanonymous.org\/donate\/#breadcrumb","itemListElement":[{"@type":"ListItem","position":1,"name":"Home","item":"https:\/\/internetaddictsanonymous.org\/"},{"@type":"ListItem","position":2,"name":"Make a Contribution"}]},{"@type":"WebSite","@id":"https:\/\/internetaddictsanonymous.org\/#website","url":"https:\/\/internetaddictsanonymous.org\/","name":"Dependen\u021bii de Internet \u0219i Tehnologie Anonimi","description":"Fr\u0103\u021bie mondial\u0103 \u00een 12 pa\u0219i pentru dependen\u021ba de internet \u0219i tehnologie","publisher":{"@id":"https:\/\/internetaddictsanonymous.org\/#organization"},"potentialAction":[{"@type":"SearchAction","target":{"@type":"EntryPoint","urlTemplate":"https:\/\/internetaddictsanonymous.org\/?s={search_term_string}"},"query-input":{"@type":"PropertyValueSpecification","valueRequired":true,"valueName":"search_term_string"}}],"inLanguage":"ro-RO"},{"@type":"Organization","@id":"https:\/\/internetaddictsanonymous.org\/#organization","name":"Dependen\u021bii de Internet \u0219i Tehnologie Anonimi","url":"https:\/\/internetaddictsanonymous.org\/","logo":{"@type":"ImageObject","inLanguage":"ro-RO","@id":"https:\/\/internetaddictsanonymous.org\/#\/schema\/logo\/image\/","url":"https:\/\/internetaddictsanonymous.org\/wp-content\/uploads\/2023\/01\/cropped-ITAA-logo-480px.png","contentUrl":"https:\/\/internetaddictsanonymous.org\/wp-content\/uploads\/2023\/01\/cropped-ITAA-logo-480px.png","width":480,"height":480,"caption":"Internet and Technology Addicts Anonymous"},"image":{"@id":"https:\/\/internetaddictsanonymous.org\/#\/schema\/logo\/image\/"}}]}},"jetpack_sharing_enabled":true,"jetpack_shortlink":"https:\/\/wp.me\/P9Fwob-2Dx","_links":{"self":[{"href":"https:\/\/internetaddictsanonymous.org\/ro\/wp-json\/wp\/v2\/pages\/10139","targetHints":{"allow":["GET"]}}],"collection":[{"href":"https:\/\/internetaddictsanonymous.org\/ro\/wp-json\/wp\/v2\/pages"}],"about":[{"href":"https:\/\/internetaddictsanonymous.org\/ro\/wp-json\/wp\/v2\/types\/page"}],"author":[{"embeddable":true,"href":"https:\/\/internetaddictsanonymous.org\/ro\/wp-json\/wp\/v2\/users\/35194237"}],"replies":[{"embeddable":true,"href":"https:\/\/internetaddictsanonymous.org\/ro\/wp-json\/wp\/v2\/comments?post=10139"}],"version-history":[{"count":36,"href":"https:\/\/internetaddictsanonymous.org\/ro\/wp-json\/wp\/v2\/pages\/10139\/revisions"}],"predecessor-version":[{"id":18966,"href":"https:\/\/internetaddictsanonymous.org\/ro\/wp-json\/wp\/v2\/pages\/10139\/revisions\/18966"}],"wp:attachment":[{"href":"https:\/\/internetaddictsanonymous.org\/ro\/wp-json\/wp\/v2\/media?parent=10139"}],"wp:term":[{"taxonomy":"post_tag","embeddable":true,"href":"https:\/\/internetaddictsanonymous.org\/ro\/wp-json\/wp\/v2\/tags?post=10139"}],"curies":[{"name":"wp","href":"https:\/\/api.w.org\/{rel}","templated":true}]}}