{"id":10620,"date":"2020-05-03T13:30:03","date_gmt":"2020-05-03T13:30:03","guid":{"rendered":"https:\/\/internetaddictsanonymous.org\/?page_id=10620"},"modified":"2023-01-14T07:03:14","modified_gmt":"2023-01-14T12:03:14","slug":"serviciu","status":"publish","type":"page","link":"https:\/\/internetaddictsanonymous.org\/ro\/service\/","title":{"rendered":"Un ghid pentru servicii"},"content":{"rendered":"<p>Unul dintre instrumentele noastre cele mai puternice \u00een recuperare este de a fi \u00een serviciul altor dependen\u021bi, precum \u0219i al comunit\u0103\u021bilor noastre mai largi. ITAA este \u00een \u00eentregime o organiza\u021bie de voluntari, f\u0103r\u0103 profesioni\u0219ti pl\u0103ti\u021bi. Mai jos sunt c\u00e2teva sugestii pentru modul \u00een care a\u021bi putea fi de folos \u00een cadrul ITAA. De asemenea, pute\u021bi vedea site-ul nostru <a href=\"https:\/\/internetaddictsanonymous.org\/ro\/posturi-de-serviciu-vacante\/\">pozi\u021bii de serviciu deschise \u00een prezent<\/a> pentru mai multe oportunit\u0103\u021bi de a fi de folos.<\/p>\n\n\n\n<p>Modalit\u0103\u021bi de a fi de folos \u00een cadrul ITAA:<\/p>\n\n\n\n<ol class=\"wp-block-list\">\n<li>Primirea noilor veni\u021bi. Ajuta\u021bi-i pe noii veni\u021bi s\u0103 se simt\u0103 \u00een siguran\u021b\u0103, bineveni\u021bi \u0219i aprecia\u021bi ca fiin\u021be umane, indiferent c\u00e2t de r\u0103u s-ar putea sim\u021bi prin\u0219i \u00een dependen\u021ba lor de internet \u0219i tehnologie. Sprijinirea celorlal\u021bi \u0219i amintirea a ceea ce a\u021bi sim\u021bit c\u00e2nd a\u021bi participat la prima dvs. \u00eent\u00e2lnire poate fi un ajutor \u00een men\u021binerea unei \"atitudini de recuno\u0219tin\u021b\u0103\", care este de mare ajutor \u00een men\u021binerea sobriet\u0103\u021bii zilnice.<\/li>\n\n\n\n<li>Prezidarea unei reuniuni existente. To\u021bi liderii no\u0219tri nu sunt dec\u00e2t servitori de \u00eencredere, ei nu conduc (tradi\u021bia 2). Trebuie doar s\u0103 fii tu \u00eensu\u021bi, \"s\u0103 te \u00eembraci \u0219i s\u0103 te prezin\u021bi\" la reuniune pe durata angajamentului t\u0103u de a fi pre\u0219edinte (sau, dac\u0103 \u0219tii c\u0103 nu po\u021bi ajunge, roag\u0103 un alt membru s\u0103 te \u00eenlocuiasc\u0103) \u0219i s\u0103 cite\u0219ti&nbsp;<a href=\"https:\/\/internetaddictsanonymous.org\/ro\/programul-reuniunilor-online\/scenariu-de-intalnire\/\" target=\"_blank\" rel=\"noreferrer noopener\">scenariu de \u00eent\u00e2lnire<\/a>. <\/li>\n\n\n\n<li>\u00cencepe\u021bi o nou\u0103 \u00eent\u00e2lnire! Oricine poate \u00eencepe o nou\u0103 \u00eent\u00e2lnire. V\u0103 pute\u021bi uita la programul nostru de \u00eent\u00e2lniri pentru a vedea intervalele \u00een care ar putea fi ad\u0103ugat\u0103 o nou\u0103 \u00eent\u00e2lnire. Poate fi util s\u0103 g\u0103si\u021bi un co-pre\u0219edinte dedicat sau un partener de \u00eent\u00e2lnire, astfel \u00eenc\u00e2t s\u0103 nu fi\u021bi singur. Dac\u0103 \u00eencepe\u021bi o nou\u0103 \u00eent\u00e2lnire, trimite\u021bi un e-mail prin intermediul formularului de contact \u0219i o putem ad\u0103uga \u00een calendar. Iat\u0103 c\u00e2teva sugestii suplimentare pentru&nbsp;<a href=\"https:\/\/internetaddictsanonymous.org\/ro\/inceperea-unei-noi-intalniri-fata-in-fata\/\" target=\"_blank\" rel=\"noreferrer noopener\">\u00eenceperea de noi reuniuni<\/a>.<\/li>\n\n\n\n<li>Extindere. Lua\u021bi \u00een considerare posibilitatea de a ajunge la al\u021bi membri. \u00cemp\u0103rt\u0103\u0219i\u021bi despre experien\u021ba, puterea \u0219i speran\u021ba dumneavoastr\u0103 \u0219i oferi\u021bi unui alt membru \u0219ansa de a oferi servicii, cer\u00e2ndu-i ajutorul pentru a dep\u0103\u0219i luptele, alunec\u0103rile \u0219i rec\u0103derile <em>este<\/em> o mare form\u0103 de serviciu. Dup\u0103 ce \u00eemp\u0103rt\u0103\u0219e\u0219ti, s\u0103 \u00eentrebi ce mai face colegul t\u0103u este, de asemenea, un mod de a fi de folos.<\/li>\n\n\n\n<li>Co-sponsorizare\/ partener responsabil. A\u021bi putea lua \u00een considerare posibilitatea de a fi co-sponsor sau partener de r\u0103spundere al cuiva. De asemenea, a\u021bi putea participa la o \u00eent\u00e2lnire de co-sponsorizare sau la o \u00eent\u00e2lnire de discu\u021bii despre literatur\u0103 sau a\u021bi putea stabili o nou\u0103 \u00eent\u00e2lnire de lucru \u00een etape. Iat\u0103 c\u00e2teva note cu privire la&nbsp;<a href=\"https:\/\/internetaddictsanonymous.org\/ro\/sponsorizare\/\" target=\"_blank\" rel=\"noreferrer noopener\">sponsorizare \u0219i co-sponsorizare<\/a>.<\/li>\n\n\n\n<li>Sponsorizare. Dac\u0103 sunte\u021bi abstinent \u0219i ave\u021bi experien\u021b\u0103 \u00een parcurgerea pa\u0219ilor, lua\u021bi \u00een considerare sponsorizarea unui alt membru. Se recomand\u0103 adesea s\u0103 a\u0219tepta\u021bi p\u00e2n\u0103 c\u00e2nd a\u021bi f\u0103cut pasul 3 \u00eenainte de a \u00eencepe s\u0103 sponsoriza\u021bi noii veni\u021bi. Sponsorizarea este o modalitate excelent\u0103 de a-i ajuta pe al\u021bii \u0219i, adesea, este la fel de util\u0103 \u0219i pentru propria recuperare. \"P\u0103str\u0103m ceea ce avem doar d\u0103ruind.\"<\/li>\n\n\n\n<li>Al\u0103tura\u021bi-v\u0103 echipei noastre&nbsp;<a href=\"https:\/\/internetaddictsanonymous.org\/ro\/ism\/\">\u00eent\u00e2lniri lunare ale serviciilor interna\u021bionale<\/a>, unde discut\u0103m probleme administrative pentru binele comunit\u0103\u021bii. Fiecare membru al ITAA are o voce egal\u0103. Dac\u0103 ave\u021bi o opinie care poate ajuta la construirea unei con\u0219tiin\u021be de grup puternice \u0219i poate face colectivul din ITAA mai puternic \u0219i mai \u00een\u021belept, face\u021bi-o cunoscut\u0103 \u00een ISM atunci c\u00e2nd oamenii formeaz\u0103 o con\u0219tiin\u021b\u0103 de grup cu privire la un anumit subiect pentru a ajunge la o decizie informat\u0103. \u00cen mod similar, fiecare reuniune individual\u0103 organizeaz\u0103 ocazional reuniuni de afaceri pentru a discuta probleme relevante pentru grupul respectiv, iar participarea la acestea este, de asemenea, o modalitate excelent\u0103 de a fi de folos. Dac\u0103 ave\u021bi \u00eentreb\u0103ri cu privire la ce \u00eenseamn\u0103 ceva sau cum func\u021bioneaz\u0103 reuniunile de afaceri, pute\u021bi \u00eentreba \u00een timpul unei reuniuni de afaceri, iar membrii mai experimenta\u021bi v\u0103 pot ajuta s\u0103 \u00een\u021belege\u021bi.<\/li>\n\n\n\n<li>V\u0103 pute\u021bi al\u0103tura unuia dintre comitetele noastre de servicii, care sunt grupuri dedicate unei responsabilit\u0103\u021bi speciale de serviciu, cum ar fi redactarea literaturii. Pute\u021bi g\u0103si oportunit\u0103\u021bi de comitet pe site-ul <a href=\"https:\/\/internetaddictsanonymous.org\/ro\/posturi-de-serviciu-vacante\/\">posturi de serviciu vacante<\/a> pagin\u0103.<\/li>\n\n\n\n<li>Pute\u021bi trimite o scurt\u0103 poveste de aproximativ 250 de cuvinte \u00een care s\u0103 descrie\u021bi cum au fost lucrurile, cum a fost \u00een dependen\u021ba activ\u0103, cum a\u021bi ajuns la ITAA \u0219i ce bijuterii a\u021bi g\u0103sit p\u00e2n\u0103 acum \u00een recuperare. Acest lucru ne va ajuta s\u0103 \u00eencepem s\u0103 construim un cititor zilnic.&nbsp;<\/li>\n\n\n\n<li>Dac\u0103 v-a\u021bi recuperat pe termen lung \u00een ITAA \u0219i dori\u021bi s\u0103 v\u0103 \u00eemp\u0103rt\u0103\u0219i\u021bi povestea de recuperare, o putem ad\u0103uga la\u00a0<a href=\"https:\/\/internetaddictsanonymous.org\/ro\/povesti-de-recuperare\/\" target=\"_blank\" rel=\"noreferrer noopener\">Pove\u0219ti de recuperare<\/a>\u00a0pagin\u0103. Lungimea sugerat\u0103 este de 2500-5000 de cuvinte.<\/li>\n\n\n\n<li>Pute\u021bi&nbsp;<a href=\"https:\/\/internetaddictsanonymous.org\/ro\/donati\/\" target=\"_blank\" rel=\"noreferrer noopener\">dona\u021bi<\/a>&nbsp;la comuniune. A \u0219aptea tradi\u021bie a noastr\u0103 afirm\u0103: \"Fiecare grup ar trebui s\u0103 se autosus\u021bin\u0103 pe deplin, refuz\u00e2nd contribu\u021biile externe\".<\/li>\n<\/ol>\n\n\n\n<p>De asemenea, pute\u021bi fi creativi \u0219i s\u0103 v\u0103 g\u00e2ndi\u021bi la alte modalit\u0103\u021bi de a fi de folos. Nu ezita\u021bi s\u0103 ne contacta\u021bi prin intermediul paginii de contact cu privire la orice mod \u00een care a\u021bi dori s\u0103 ajuta\u021bi la transmiterea mesajului c\u0103tre dependen\u021bii care au nevoie.<\/p>\n<!-- PMB print buttons is only displayed on a single post\/page URLs-->","protected":false},"excerpt":{"rendered":"<p>One of our strongest tools in recovering is being of service to other addicts, as well as to our wider communities. ITAA is entirely a volunteer organization, with no paid professionals. Below are some suggestions for how you might be of service in ITAA. You can also find see our currently open service positions for &hellip; <a href=\"https:\/\/internetaddictsanonymous.org\/ro\/service\/\" class=\"more-link\">Continu\u0103 s\u0103 cite\u0219ti <span class=\"screen-reader-text\">Un ghid pentru servicii<\/span><\/a><\/p>","protected":false},"author":35194237,"featured_media":0,"parent":0,"menu_order":0,"comment_status":"closed","ping_status":"closed","template":"full-width-page.php","meta":{"inline_featured_image":false,"_lmt_disableupdate":"no","_lmt_disable":"","footnotes":""},"tags":[],"class_list":["post-10620","page","type-page","status-publish","hentry"],"yoast_head":"<!-- This site is optimized with the Yoast SEO plugin v27.5 - https:\/\/yoast.com\/product\/yoast-seo-wordpress\/ -->\n<title>A Guide to Service &#8211; Internet and Technology Addicts Anonymous<\/title>\n<meta name=\"robots\" content=\"index, follow, max-snippet:-1, max-image-preview:large, max-video-preview:-1\" \/>\n<link rel=\"canonical\" href=\"https:\/\/internetaddictsanonymous.org\/ro\/serviciu\/\" \/>\n<meta property=\"og:locale\" content=\"ro_RO\" \/>\n<meta property=\"og:type\" content=\"article\" \/>\n<meta property=\"og:title\" content=\"A Guide to Service &#8211; Internet and Technology Addicts Anonymous\" \/>\n<meta property=\"og:description\" content=\"One of our strongest tools in recovering is being of service to other addicts, as well as to our wider communities. ITAA is entirely a volunteer organization, with no paid professionals. Below are some suggestions for how you might be of service in ITAA. You can also find see our currently open service positions for &hellip; Continu\u0103 s\u0103 cite\u0219ti A Guide to Service\" \/>\n<meta property=\"og:url\" content=\"https:\/\/internetaddictsanonymous.org\/ro\/serviciu\/\" \/>\n<meta property=\"og:site_name\" content=\"Internet and Technology Addicts Anonymous\" \/>\n<meta property=\"article:modified_time\" content=\"2023-01-14T12:03:14+00:00\" \/>\n<meta name=\"twitter:card\" content=\"summary_large_image\" \/>\n<meta name=\"twitter:label1\" content=\"Timp estimat pentru citire\" \/>\n\t<meta name=\"twitter:data1\" content=\"4 minute\" \/>\n<script type=\"application\/ld+json\" class=\"yoast-schema-graph\">{\"@context\":\"https:\\\/\\\/schema.org\",\"@graph\":[{\"@type\":\"WebPage\",\"@id\":\"https:\\\/\\\/internetaddictsanonymous.org\\\/service\\\/\",\"url\":\"https:\\\/\\\/internetaddictsanonymous.org\\\/service\\\/\",\"name\":\"A Guide to Service &#8211; Internet and Technology Addicts Anonymous\",\"isPartOf\":{\"@id\":\"https:\\\/\\\/internetaddictsanonymous.org\\\/#website\"},\"datePublished\":\"2020-05-03T13:30:03+00:00\",\"dateModified\":\"2023-01-14T12:03:14+00:00\",\"breadcrumb\":{\"@id\":\"https:\\\/\\\/internetaddictsanonymous.org\\\/service\\\/#breadcrumb\"},\"inLanguage\":\"ro-RO\",\"potentialAction\":[{\"@type\":\"ReadAction\",\"target\":[\"https:\\\/\\\/internetaddictsanonymous.org\\\/service\\\/\"]}]},{\"@type\":\"BreadcrumbList\",\"@id\":\"https:\\\/\\\/internetaddictsanonymous.org\\\/service\\\/#breadcrumb\",\"itemListElement\":[{\"@type\":\"ListItem\",\"position\":1,\"name\":\"Home\",\"item\":\"https:\\\/\\\/internetaddictsanonymous.org\\\/\"},{\"@type\":\"ListItem\",\"position\":2,\"name\":\"A Guide to Service\"}]},{\"@type\":\"WebSite\",\"@id\":\"https:\\\/\\\/internetaddictsanonymous.org\\\/#website\",\"url\":\"https:\\\/\\\/internetaddictsanonymous.org\\\/\",\"name\":\"Internet and Technology Addicts Anonymous\",\"description\":\"Worldwide 12-step Fellowship for Internet and Technology Addiction\",\"publisher\":{\"@id\":\"https:\\\/\\\/internetaddictsanonymous.org\\\/#organization\"},\"potentialAction\":[{\"@type\":\"SearchAction\",\"target\":{\"@type\":\"EntryPoint\",\"urlTemplate\":\"https:\\\/\\\/internetaddictsanonymous.org\\\/?s={search_term_string}\"},\"query-input\":{\"@type\":\"PropertyValueSpecification\",\"valueRequired\":true,\"valueName\":\"search_term_string\"}}],\"inLanguage\":\"ro-RO\"},{\"@type\":\"Organization\",\"@id\":\"https:\\\/\\\/internetaddictsanonymous.org\\\/#organization\",\"name\":\"Internet and Technology Addicts Anonymous\",\"url\":\"https:\\\/\\\/internetaddictsanonymous.org\\\/\",\"logo\":{\"@type\":\"ImageObject\",\"inLanguage\":\"ro-RO\",\"@id\":\"https:\\\/\\\/internetaddictsanonymous.org\\\/#\\\/schema\\\/logo\\\/image\\\/\",\"url\":\"https:\\\/\\\/internetaddictsanonymous.org\\\/wp-content\\\/uploads\\\/2023\\\/01\\\/cropped-ITAA-logo-480px.png\",\"contentUrl\":\"https:\\\/\\\/internetaddictsanonymous.org\\\/wp-content\\\/uploads\\\/2023\\\/01\\\/cropped-ITAA-logo-480px.png\",\"width\":480,\"height\":480,\"caption\":\"Internet and Technology Addicts Anonymous\"},\"image\":{\"@id\":\"https:\\\/\\\/internetaddictsanonymous.org\\\/#\\\/schema\\\/logo\\\/image\\\/\"}}]}<\/script>\n<!-- \/ Yoast SEO plugin. -->","yoast_head_json":{"title":"Un ghid pentru servicii - Dependen\u021bii de Internet \u0219i Tehnologie Anonimi","robots":{"index":"index","follow":"follow","max-snippet":"max-snippet:-1","max-image-preview":"max-image-preview:large","max-video-preview":"max-video-preview:-1"},"canonical":"https:\/\/internetaddictsanonymous.org\/ro\/serviciu\/","og_locale":"ro_RO","og_type":"article","og_title":"A Guide to Service &#8211; Internet and Technology Addicts Anonymous","og_description":"One of our strongest tools in recovering is being of service to other addicts, as well as to our wider communities. ITAA is entirely a volunteer organization, with no paid professionals. Below are some suggestions for how you might be of service in ITAA. You can also find see our currently open service positions for &hellip; Continu\u0103 s\u0103 cite\u0219ti A Guide to Service","og_url":"https:\/\/internetaddictsanonymous.org\/ro\/serviciu\/","og_site_name":"Internet and Technology Addicts Anonymous","article_modified_time":"2023-01-14T12:03:14+00:00","twitter_card":"summary_large_image","twitter_misc":{"Timp estimat pentru citire":"4 minute"},"schema":{"@context":"https:\/\/schema.org","@graph":[{"@type":"WebPage","@id":"https:\/\/internetaddictsanonymous.org\/service\/","url":"https:\/\/internetaddictsanonymous.org\/service\/","name":"Un ghid pentru servicii - Dependen\u021bii de Internet \u0219i Tehnologie Anonimi","isPartOf":{"@id":"https:\/\/internetaddictsanonymous.org\/#website"},"datePublished":"2020-05-03T13:30:03+00:00","dateModified":"2023-01-14T12:03:14+00:00","breadcrumb":{"@id":"https:\/\/internetaddictsanonymous.org\/service\/#breadcrumb"},"inLanguage":"ro-RO","potentialAction":[{"@type":"ReadAction","target":["https:\/\/internetaddictsanonymous.org\/service\/"]}]},{"@type":"BreadcrumbList","@id":"https:\/\/internetaddictsanonymous.org\/service\/#breadcrumb","itemListElement":[{"@type":"ListItem","position":1,"name":"Home","item":"https:\/\/internetaddictsanonymous.org\/"},{"@type":"ListItem","position":2,"name":"A Guide to Service"}]},{"@type":"WebSite","@id":"https:\/\/internetaddictsanonymous.org\/#website","url":"https:\/\/internetaddictsanonymous.org\/","name":"Dependen\u021bii de Internet \u0219i Tehnologie Anonimi","description":"Fr\u0103\u021bie mondial\u0103 \u00een 12 pa\u0219i pentru dependen\u021ba de internet \u0219i tehnologie","publisher":{"@id":"https:\/\/internetaddictsanonymous.org\/#organization"},"potentialAction":[{"@type":"SearchAction","target":{"@type":"EntryPoint","urlTemplate":"https:\/\/internetaddictsanonymous.org\/?s={search_term_string}"},"query-input":{"@type":"PropertyValueSpecification","valueRequired":true,"valueName":"search_term_string"}}],"inLanguage":"ro-RO"},{"@type":"Organization","@id":"https:\/\/internetaddictsanonymous.org\/#organization","name":"Dependen\u021bii de Internet \u0219i Tehnologie Anonimi","url":"https:\/\/internetaddictsanonymous.org\/","logo":{"@type":"ImageObject","inLanguage":"ro-RO","@id":"https:\/\/internetaddictsanonymous.org\/#\/schema\/logo\/image\/","url":"https:\/\/internetaddictsanonymous.org\/wp-content\/uploads\/2023\/01\/cropped-ITAA-logo-480px.png","contentUrl":"https:\/\/internetaddictsanonymous.org\/wp-content\/uploads\/2023\/01\/cropped-ITAA-logo-480px.png","width":480,"height":480,"caption":"Internet and Technology Addicts Anonymous"},"image":{"@id":"https:\/\/internetaddictsanonymous.org\/#\/schema\/logo\/image\/"}}]}},"jetpack_sharing_enabled":true,"jetpack_shortlink":"https:\/\/wp.me\/P9Fwob-2Li","_links":{"self":[{"href":"https:\/\/internetaddictsanonymous.org\/ro\/wp-json\/wp\/v2\/pages\/10620","targetHints":{"allow":["GET"]}}],"collection":[{"href":"https:\/\/internetaddictsanonymous.org\/ro\/wp-json\/wp\/v2\/pages"}],"about":[{"href":"https:\/\/internetaddictsanonymous.org\/ro\/wp-json\/wp\/v2\/types\/page"}],"author":[{"embeddable":true,"href":"https:\/\/internetaddictsanonymous.org\/ro\/wp-json\/wp\/v2\/users\/35194237"}],"replies":[{"embeddable":true,"href":"https:\/\/internetaddictsanonymous.org\/ro\/wp-json\/wp\/v2\/comments?post=10620"}],"version-history":[{"count":22,"href":"https:\/\/internetaddictsanonymous.org\/ro\/wp-json\/wp\/v2\/pages\/10620\/revisions"}],"predecessor-version":[{"id":14799,"href":"https:\/\/internetaddictsanonymous.org\/ro\/wp-json\/wp\/v2\/pages\/10620\/revisions\/14799"}],"wp:attachment":[{"href":"https:\/\/internetaddictsanonymous.org\/ro\/wp-json\/wp\/v2\/media?parent=10620"}],"wp:term":[{"taxonomy":"post_tag","embeddable":true,"href":"https:\/\/internetaddictsanonymous.org\/ro\/wp-json\/wp\/v2\/tags?post=10620"}],"curies":[{"name":"wp","href":"https:\/\/api.w.org\/{rel}","templated":true}]}}