{"id":10858,"date":"2020-05-31T09:19:27","date_gmt":"2020-05-31T09:19:27","guid":{"rendered":"https:\/\/internetaddictsanonymous.org\/?page_id=10858"},"modified":"2026-05-01T09:36:39","modified_gmt":"2026-05-01T16:36:39","slug":"avizier-de-anunturi-si-servicii","status":"publish","type":"page","link":"https:\/\/internetaddictsanonymous.org\/ro\/announcements-and-service-bulletin-board\/","title":{"rendered":"Anun\u021buri avizier"},"content":{"rendered":"<p>Acesta este un avizier actualizat periodic cu anun\u021buri referitoare la ITAA \u00een ansamblu.<br><a href=\"https:\/\/internetaddictsanonymous.org\/ro\/arhiva-anunturi\/\">Anun\u021buri Bulletin Board Archive<\/a><\/p>\n\n\n\n<p><strong>Anun\u021buri<\/strong><\/p>\n\n\n\n<p>Detaliile noastre despre \u00eent\u00e2lnirile fa\u021b\u0103 \u00een fa\u021b\u0103 pentru Santa Monica, California, South Pay, California, Portland, Oregon, Buffalo, New York \u0219i Toronto, Canada au fost actualizate. \u00cen plus, exist\u0103 interes pentru ini\u021bierea unei \u00eent\u00e2lniri fa\u021b\u0103 \u00een fa\u021b\u0103 \u00een Nashville, Tennessee. Pentru mai multe informa\u021bii, v\u0103 rug\u0103m s\u0103 vizita\u021bi pagina dedicat\u0103 \u00eent\u00e2lnirilor fa\u021b\u0103 \u00een fa\u021b\u0103.<\/p>\n\n\n\n<p>-~-<br><br>Actualizare: Din cauza perturb\u0103rilor tot mai mari ale programului Zoom, se recomand\u0103 ca participan\u021bii la \u00eent\u00e2lniri s\u0103 ia \u00een considerare dezactivarea temporar\u0103 a posibilit\u0103\u021bii de a se redenumi. De asemenea, v\u0103 rug\u0103m s\u0103 fi\u021bi aten\u021bi atunci c\u00e2nd transfera\u021bi gazda unui alt participant \u0219i s\u0103 verifica\u021bi dac\u0103 persoana respectiv\u0103 este capabil\u0103 s\u0103 \u00eendeplineasc\u0103 atribu\u021biile de gazd\u0103 \u00eenainte de a fi numit\u0103 gazd\u0103. Pentru mai multe informa\u021bii despre elementele de securitate, v\u0103 rug\u0103m s\u0103 consulta\u021bi site-ul nostru web: <a href=\"https:\/\/internetaddictsanonymous.org\/ro\/orientari-privind-securitatea-pentru-gazdele-reuniunilor-itaa\/\">https:\/\/internetaddictsanonymous.org\/security-guidelines-for-itaa-meeting-hosts\/<\/a><\/p>\n\n\n\n<p>-~-<br><br>Biletele de navet\u0103 pentru Conven\u021bia Nord-American\u0103 sunt acum disponibile \u2013 le pute\u021bi g\u0103si pe pagina noastr\u0103 web bit.ly\/4tAXMcr<\/p>\n\n\n\n<p><\/p>\n<!-- PMB print buttons is only displayed on a single post\/page URLs-->","protected":false},"excerpt":{"rendered":"<p>This is a regularly updated bulletin board with announcements pertaining to ITAA as a whole.Announcements Bulletin Board Archive Announcements Our in-person meeting details for Santa Monica, CA, South Pay, CA, Portland OR, Buffalo, NY, and Toronto, Canada have been updated. Additionally, there is interest in starting an in-person meeting in Nashville, TN. For more information, &hellip; <a href=\"https:\/\/internetaddictsanonymous.org\/ro\/announcements-and-service-bulletin-board\/\" class=\"more-link\">Continu\u0103 s\u0103 cite\u0219ti <span class=\"screen-reader-text\">Anun\u021buri avizier<\/span><\/a><\/p>","protected":false},"author":35194237,"featured_media":0,"parent":0,"menu_order":0,"comment_status":"closed","ping_status":"closed","template":"full-width-page.php","meta":{"inline_featured_image":false,"_lmt_disableupdate":"no","_lmt_disable":"","footnotes":""},"tags":[],"class_list":["post-10858","page","type-page","status-publish","hentry"],"yoast_head":"<!-- This site is optimized with the Yoast SEO plugin v27.5 - https:\/\/yoast.com\/product\/yoast-seo-wordpress\/ -->\n<title>Announcements Bulletin Board &#8211; Internet and Technology Addicts Anonymous<\/title>\n<meta name=\"robots\" content=\"index, follow, max-snippet:-1, max-image-preview:large, max-video-preview:-1\" \/>\n<link rel=\"canonical\" href=\"https:\/\/internetaddictsanonymous.org\/ro\/avizier-de-anunturi-si-servicii\/\" \/>\n<meta property=\"og:locale\" content=\"ro_RO\" \/>\n<meta property=\"og:type\" content=\"article\" \/>\n<meta property=\"og:title\" content=\"Announcements Bulletin Board &#8211; Internet and Technology Addicts Anonymous\" \/>\n<meta property=\"og:description\" content=\"This is a regularly updated bulletin board with announcements pertaining to ITAA as a whole.Announcements Bulletin Board Archive Announcements Our in-person meeting details for Santa Monica, CA, South Pay, CA, Portland OR, Buffalo, NY, and Toronto, Canada have been updated. Additionally, there is interest in starting an in-person meeting in Nashville, TN. For more information, &hellip; Continu\u0103 s\u0103 cite\u0219ti Announcements Bulletin Board\" \/>\n<meta property=\"og:url\" content=\"https:\/\/internetaddictsanonymous.org\/ro\/avizier-de-anunturi-si-servicii\/\" \/>\n<meta property=\"og:site_name\" content=\"Internet and Technology Addicts Anonymous\" \/>\n<meta property=\"article:modified_time\" content=\"2026-05-01T16:36:39+00:00\" \/>\n<meta name=\"twitter:card\" content=\"summary_large_image\" \/>\n<meta name=\"twitter:label1\" content=\"Timp estimat pentru citire\" \/>\n\t<meta name=\"twitter:data1\" content=\"1 minut\" \/>\n<script type=\"application\/ld+json\" class=\"yoast-schema-graph\">{\"@context\":\"https:\\\/\\\/schema.org\",\"@graph\":[{\"@type\":\"WebPage\",\"@id\":\"https:\\\/\\\/internetaddictsanonymous.org\\\/announcements-and-service-bulletin-board\\\/\",\"url\":\"https:\\\/\\\/internetaddictsanonymous.org\\\/announcements-and-service-bulletin-board\\\/\",\"name\":\"Announcements Bulletin Board &#8211; Internet and Technology Addicts Anonymous\",\"isPartOf\":{\"@id\":\"https:\\\/\\\/internetaddictsanonymous.org\\\/#website\"},\"datePublished\":\"2020-05-31T09:19:27+00:00\",\"dateModified\":\"2026-05-01T16:36:39+00:00\",\"breadcrumb\":{\"@id\":\"https:\\\/\\\/internetaddictsanonymous.org\\\/announcements-and-service-bulletin-board\\\/#breadcrumb\"},\"inLanguage\":\"ro-RO\",\"potentialAction\":[{\"@type\":\"ReadAction\",\"target\":[\"https:\\\/\\\/internetaddictsanonymous.org\\\/announcements-and-service-bulletin-board\\\/\"]}]},{\"@type\":\"BreadcrumbList\",\"@id\":\"https:\\\/\\\/internetaddictsanonymous.org\\\/announcements-and-service-bulletin-board\\\/#breadcrumb\",\"itemListElement\":[{\"@type\":\"ListItem\",\"position\":1,\"name\":\"Home\",\"item\":\"https:\\\/\\\/internetaddictsanonymous.org\\\/\"},{\"@type\":\"ListItem\",\"position\":2,\"name\":\"Announcements Bulletin Board\"}]},{\"@type\":\"WebSite\",\"@id\":\"https:\\\/\\\/internetaddictsanonymous.org\\\/#website\",\"url\":\"https:\\\/\\\/internetaddictsanonymous.org\\\/\",\"name\":\"Internet and Technology Addicts Anonymous\",\"description\":\"Worldwide 12-step Fellowship for Internet and Technology Addiction\",\"publisher\":{\"@id\":\"https:\\\/\\\/internetaddictsanonymous.org\\\/#organization\"},\"potentialAction\":[{\"@type\":\"SearchAction\",\"target\":{\"@type\":\"EntryPoint\",\"urlTemplate\":\"https:\\\/\\\/internetaddictsanonymous.org\\\/?s={search_term_string}\"},\"query-input\":{\"@type\":\"PropertyValueSpecification\",\"valueRequired\":true,\"valueName\":\"search_term_string\"}}],\"inLanguage\":\"ro-RO\"},{\"@type\":\"Organization\",\"@id\":\"https:\\\/\\\/internetaddictsanonymous.org\\\/#organization\",\"name\":\"Internet and Technology Addicts Anonymous\",\"url\":\"https:\\\/\\\/internetaddictsanonymous.org\\\/\",\"logo\":{\"@type\":\"ImageObject\",\"inLanguage\":\"ro-RO\",\"@id\":\"https:\\\/\\\/internetaddictsanonymous.org\\\/#\\\/schema\\\/logo\\\/image\\\/\",\"url\":\"https:\\\/\\\/internetaddictsanonymous.org\\\/wp-content\\\/uploads\\\/2023\\\/01\\\/cropped-ITAA-logo-480px.png\",\"contentUrl\":\"https:\\\/\\\/internetaddictsanonymous.org\\\/wp-content\\\/uploads\\\/2023\\\/01\\\/cropped-ITAA-logo-480px.png\",\"width\":480,\"height\":480,\"caption\":\"Internet and Technology Addicts Anonymous\"},\"image\":{\"@id\":\"https:\\\/\\\/internetaddictsanonymous.org\\\/#\\\/schema\\\/logo\\\/image\\\/\"}}]}<\/script>\n<!-- \/ Yoast SEO plugin. -->","yoast_head_json":{"title":"Buletin de anun\u021buri - Dependen\u021bii de Internet \u0219i Tehnologie Anonimi","robots":{"index":"index","follow":"follow","max-snippet":"max-snippet:-1","max-image-preview":"max-image-preview:large","max-video-preview":"max-video-preview:-1"},"canonical":"https:\/\/internetaddictsanonymous.org\/ro\/avizier-de-anunturi-si-servicii\/","og_locale":"ro_RO","og_type":"article","og_title":"Announcements Bulletin Board &#8211; Internet and Technology Addicts Anonymous","og_description":"This is a regularly updated bulletin board with announcements pertaining to ITAA as a whole.Announcements Bulletin Board Archive Announcements Our in-person meeting details for Santa Monica, CA, South Pay, CA, Portland OR, Buffalo, NY, and Toronto, Canada have been updated. Additionally, there is interest in starting an in-person meeting in Nashville, TN. For more information, &hellip; Continu\u0103 s\u0103 cite\u0219ti Announcements Bulletin Board","og_url":"https:\/\/internetaddictsanonymous.org\/ro\/avizier-de-anunturi-si-servicii\/","og_site_name":"Internet and Technology Addicts Anonymous","article_modified_time":"2026-05-01T16:36:39+00:00","twitter_card":"summary_large_image","twitter_misc":{"Timp estimat pentru citire":"1 minut"},"schema":{"@context":"https:\/\/schema.org","@graph":[{"@type":"WebPage","@id":"https:\/\/internetaddictsanonymous.org\/announcements-and-service-bulletin-board\/","url":"https:\/\/internetaddictsanonymous.org\/announcements-and-service-bulletin-board\/","name":"Buletin de anun\u021buri - Dependen\u021bii de Internet \u0219i Tehnologie Anonimi","isPartOf":{"@id":"https:\/\/internetaddictsanonymous.org\/#website"},"datePublished":"2020-05-31T09:19:27+00:00","dateModified":"2026-05-01T16:36:39+00:00","breadcrumb":{"@id":"https:\/\/internetaddictsanonymous.org\/announcements-and-service-bulletin-board\/#breadcrumb"},"inLanguage":"ro-RO","potentialAction":[{"@type":"ReadAction","target":["https:\/\/internetaddictsanonymous.org\/announcements-and-service-bulletin-board\/"]}]},{"@type":"BreadcrumbList","@id":"https:\/\/internetaddictsanonymous.org\/announcements-and-service-bulletin-board\/#breadcrumb","itemListElement":[{"@type":"ListItem","position":1,"name":"Home","item":"https:\/\/internetaddictsanonymous.org\/"},{"@type":"ListItem","position":2,"name":"Announcements Bulletin Board"}]},{"@type":"WebSite","@id":"https:\/\/internetaddictsanonymous.org\/#website","url":"https:\/\/internetaddictsanonymous.org\/","name":"Dependen\u021bii de Internet \u0219i Tehnologie Anonimi","description":"Fr\u0103\u021bie mondial\u0103 \u00een 12 pa\u0219i pentru dependen\u021ba de internet \u0219i tehnologie","publisher":{"@id":"https:\/\/internetaddictsanonymous.org\/#organization"},"potentialAction":[{"@type":"SearchAction","target":{"@type":"EntryPoint","urlTemplate":"https:\/\/internetaddictsanonymous.org\/?s={search_term_string}"},"query-input":{"@type":"PropertyValueSpecification","valueRequired":true,"valueName":"search_term_string"}}],"inLanguage":"ro-RO"},{"@type":"Organization","@id":"https:\/\/internetaddictsanonymous.org\/#organization","name":"Dependen\u021bii de Internet \u0219i Tehnologie Anonimi","url":"https:\/\/internetaddictsanonymous.org\/","logo":{"@type":"ImageObject","inLanguage":"ro-RO","@id":"https:\/\/internetaddictsanonymous.org\/#\/schema\/logo\/image\/","url":"https:\/\/internetaddictsanonymous.org\/wp-content\/uploads\/2023\/01\/cropped-ITAA-logo-480px.png","contentUrl":"https:\/\/internetaddictsanonymous.org\/wp-content\/uploads\/2023\/01\/cropped-ITAA-logo-480px.png","width":480,"height":480,"caption":"Internet and Technology Addicts Anonymous"},"image":{"@id":"https:\/\/internetaddictsanonymous.org\/#\/schema\/logo\/image\/"}}]}},"jetpack_sharing_enabled":true,"jetpack_shortlink":"https:\/\/wp.me\/P9Fwob-2P8","_links":{"self":[{"href":"https:\/\/internetaddictsanonymous.org\/ro\/wp-json\/wp\/v2\/pages\/10858","targetHints":{"allow":["GET"]}}],"collection":[{"href":"https:\/\/internetaddictsanonymous.org\/ro\/wp-json\/wp\/v2\/pages"}],"about":[{"href":"https:\/\/internetaddictsanonymous.org\/ro\/wp-json\/wp\/v2\/types\/page"}],"author":[{"embeddable":true,"href":"https:\/\/internetaddictsanonymous.org\/ro\/wp-json\/wp\/v2\/users\/35194237"}],"replies":[{"embeddable":true,"href":"https:\/\/internetaddictsanonymous.org\/ro\/wp-json\/wp\/v2\/comments?post=10858"}],"version-history":[{"count":99,"href":"https:\/\/internetaddictsanonymous.org\/ro\/wp-json\/wp\/v2\/pages\/10858\/revisions"}],"predecessor-version":[{"id":21286,"href":"https:\/\/internetaddictsanonymous.org\/ro\/wp-json\/wp\/v2\/pages\/10858\/revisions\/21286"}],"wp:attachment":[{"href":"https:\/\/internetaddictsanonymous.org\/ro\/wp-json\/wp\/v2\/media?parent=10858"}],"wp:term":[{"taxonomy":"post_tag","embeddable":true,"href":"https:\/\/internetaddictsanonymous.org\/ro\/wp-json\/wp\/v2\/tags?post=10858"}],"curies":[{"name":"wp","href":"https:\/\/api.w.org\/{rel}","templated":true}]}}