{"id":11139,"date":"2020-06-14T09:30:42","date_gmt":"2020-06-14T09:30:42","guid":{"rendered":"https:\/\/internetaddictsanonymous.org\/?page_id=11139"},"modified":"2024-04-21T11:01:29","modified_gmt":"2024-04-21T15:01:29","slug":"serviciu-2","status":"publish","type":"page","link":"https:\/\/internetaddictsanonymous.org\/ro\/service-2\/","title":{"rendered":"Service"},"content":{"rendered":"<p>Serviciul este contribu\u021bia voluntar\u0103 a timpului \u0219i energiei noastre pentru a ajuta al\u021bi membri ai ITAA, la fel cum am fost ajuta\u021bi de al\u021bii. Este un instrument puternic de consolidare a propriei noastre sobriet\u0103\u021bi \u0219i consider\u0103m c\u0103 este un dar s\u0103 putem avea un impact at\u00e2t de semnificativ \u00een via\u021ba unei alte persoane.<\/p>\n\n\n\n<p>Mai jos sunt prezentate diverse resurse despre cum func\u021bioneaz\u0103 serviciul \u00een ITAA \u0219i cum v\u0103 pute\u021bi implica:<\/p>\n\n\n\n<p><strong><a href=\"https:\/\/internetaddictsanonymous.org\/ro\/ism\/\">\u00cent\u00e2lniri interna\u021bionale de serviciu<\/a><\/strong><br>Detalii \u0219i informa\u021bii despre \u00eent\u00e2lnirile noastre interna\u021bionale de serviciu (ISM), \u00een cadrul c\u0103rora discut\u0103m probleme importante \u0219i elabor\u0103m solu\u021bii pentru a consolida dezvoltarea comunit\u0103\u021bii noastre. <\/p>\n\n\n\n<p><strong><a href=\"https:\/\/internetaddictsanonymous.org\/ro\/posturi-de-serviciu-vacante\/\">Pozi\u021bii de serviciu \u0219i comitete<\/a><\/strong><br>Detalii \u0219i informa\u021bii despre \u00eent\u00e2lnirile diferitelor noastre comitete de servicii, prin intermediul c\u0103rora scriem literatur\u0103, men\u021binem serviciile la nivelul \u00eentregii comunit\u0103\u021bi \u0219i lucr\u0103m \u00eempreun\u0103 pentru a continua \u00eembun\u0103t\u0103\u021birea ITAA.<\/p>\n\n\n\n<p><a href=\"https:\/\/internetaddictsanonymous.org\/ro\/leading-and-strengthening-meetings\/\"><strong>Cum func\u021bioneaz\u0103 reuniunile<\/strong><\/a><br>Un ghid cuprinz\u0103tor pentru a crea \u00eent\u00e2lniri puternice, s\u0103n\u0103toase \u0219i \u00een cre\u0219tere.<\/p>\n\n\n\n<p><strong><a href=\"https:\/\/internetaddictsanonymous.org\/ro\/ghid-pentru-constiintele-de-grup\/\">Un ghid pentru con\u0219tiin\u021bele de grup<\/a><\/strong><br>O prezentare detaliat\u0103 a procesului de con\u0219tiin\u021b\u0103 de grup prin care lu\u0103m decizii de grup.<\/p>\n\n\n\n<p><strong><a href=\"https:\/\/internetaddictsanonymous.org\/ro\/sponsorizare\/\">Importan\u021ba sponsoriz\u0103rii<\/a><\/strong><br>O prezentare general\u0103 a sponsoriz\u0103rii, \u00een cadrul c\u0103reia un membru abstinent care a parcurs cei Doisprezece Pa\u0219i sprijin\u0103 un alt membru \u00een recuperarea sa.<\/p>\n\n\n\n<p><strong><a href=\"https:\/\/internetaddictsanonymous.org\/ro\/siguranta-in-itaa\/\">Siguran\u021ba \u00een ITAA<\/a><br><\/strong>Un ghid pentru a reac\u021biona la un comportament nesigur sau inadecvat.<\/p>\n\n\n\n<p><strong><a href=\"https:\/\/internetaddictsanonymous.org\/ro\/gsr\/\">Ce este un \"reprezentant al serviciilor de grup\" \u00een cadrul ITAA?<\/a><\/strong><br>O prezentare general\u0103 a ceea ce \u00eenseamn\u0103 s\u0103 fii un reprezentant al serviciului de grup: un membru care ajut\u0103 la reprezentarea unui anumit grup ITAA la ISM-urile noastre la nivelul \u00eentregii comunit\u0103\u021bi.<\/p>\n<!-- PMB print buttons is only displayed on a single post\/page URLs-->","protected":false},"excerpt":{"rendered":"<p>Service is the voluntary contribution of our time and energy to help other members of ITAA, just as we have been helped by others. It is a powerful tool in strengthening our own sobriety, and we have found it a gift to be able to make such a meaningful impact in the life of another &hellip; <a href=\"https:\/\/internetaddictsanonymous.org\/ro\/service-2\/\" class=\"more-link\">Continu\u0103 s\u0103 cite\u0219ti <span class=\"screen-reader-text\">Service<\/span><\/a><\/p>","protected":false},"author":35194237,"featured_media":0,"parent":0,"menu_order":0,"comment_status":"closed","ping_status":"closed","template":"full-width-page.php","meta":{"inline_featured_image":false,"_lmt_disableupdate":"","_lmt_disable":"","footnotes":""},"tags":[],"class_list":["post-11139","page","type-page","status-publish","hentry"],"yoast_head":"<!-- This site is optimized with the Yoast SEO plugin v27.5 - https:\/\/yoast.com\/product\/yoast-seo-wordpress\/ -->\n<title>Service &#8211; Internet and Technology Addicts Anonymous<\/title>\n<meta name=\"robots\" content=\"index, follow, max-snippet:-1, max-image-preview:large, max-video-preview:-1\" \/>\n<link rel=\"canonical\" href=\"https:\/\/internetaddictsanonymous.org\/ro\/serviciu-2\/\" \/>\n<meta property=\"og:locale\" content=\"ro_RO\" \/>\n<meta property=\"og:type\" content=\"article\" \/>\n<meta property=\"og:title\" content=\"Service &#8211; Internet and Technology Addicts Anonymous\" \/>\n<meta property=\"og:description\" content=\"Service is the voluntary contribution of our time and energy to help other members of ITAA, just as we have been helped by others. It is a powerful tool in strengthening our own sobriety, and we have found it a gift to be able to make such a meaningful impact in the life of another &hellip; Continu\u0103 s\u0103 cite\u0219ti Service\" \/>\n<meta property=\"og:url\" content=\"https:\/\/internetaddictsanonymous.org\/ro\/serviciu-2\/\" \/>\n<meta property=\"og:site_name\" content=\"Internet and Technology Addicts Anonymous\" \/>\n<meta property=\"article:modified_time\" content=\"2024-04-21T15:01:29+00:00\" \/>\n<meta name=\"twitter:card\" content=\"summary_large_image\" \/>\n<meta name=\"twitter:label1\" content=\"Timp estimat pentru citire\" \/>\n\t<meta name=\"twitter:data1\" content=\"2 minute\" \/>\n<script type=\"application\/ld+json\" class=\"yoast-schema-graph\">{\"@context\":\"https:\\\/\\\/schema.org\",\"@graph\":[{\"@type\":\"WebPage\",\"@id\":\"https:\\\/\\\/internetaddictsanonymous.org\\\/service-2\\\/\",\"url\":\"https:\\\/\\\/internetaddictsanonymous.org\\\/service-2\\\/\",\"name\":\"Service &#8211; Internet and Technology Addicts Anonymous\",\"isPartOf\":{\"@id\":\"https:\\\/\\\/internetaddictsanonymous.org\\\/#website\"},\"datePublished\":\"2020-06-14T09:30:42+00:00\",\"dateModified\":\"2024-04-21T15:01:29+00:00\",\"breadcrumb\":{\"@id\":\"https:\\\/\\\/internetaddictsanonymous.org\\\/service-2\\\/#breadcrumb\"},\"inLanguage\":\"ro-RO\",\"potentialAction\":[{\"@type\":\"ReadAction\",\"target\":[\"https:\\\/\\\/internetaddictsanonymous.org\\\/service-2\\\/\"]}]},{\"@type\":\"BreadcrumbList\",\"@id\":\"https:\\\/\\\/internetaddictsanonymous.org\\\/service-2\\\/#breadcrumb\",\"itemListElement\":[{\"@type\":\"ListItem\",\"position\":1,\"name\":\"Home\",\"item\":\"https:\\\/\\\/internetaddictsanonymous.org\\\/\"},{\"@type\":\"ListItem\",\"position\":2,\"name\":\"Service\"}]},{\"@type\":\"WebSite\",\"@id\":\"https:\\\/\\\/internetaddictsanonymous.org\\\/#website\",\"url\":\"https:\\\/\\\/internetaddictsanonymous.org\\\/\",\"name\":\"Internet and Technology Addicts Anonymous\",\"description\":\"Worldwide 12-step Fellowship for Internet and Technology Addiction\",\"publisher\":{\"@id\":\"https:\\\/\\\/internetaddictsanonymous.org\\\/#organization\"},\"potentialAction\":[{\"@type\":\"SearchAction\",\"target\":{\"@type\":\"EntryPoint\",\"urlTemplate\":\"https:\\\/\\\/internetaddictsanonymous.org\\\/?s={search_term_string}\"},\"query-input\":{\"@type\":\"PropertyValueSpecification\",\"valueRequired\":true,\"valueName\":\"search_term_string\"}}],\"inLanguage\":\"ro-RO\"},{\"@type\":\"Organization\",\"@id\":\"https:\\\/\\\/internetaddictsanonymous.org\\\/#organization\",\"name\":\"Internet and Technology Addicts Anonymous\",\"url\":\"https:\\\/\\\/internetaddictsanonymous.org\\\/\",\"logo\":{\"@type\":\"ImageObject\",\"inLanguage\":\"ro-RO\",\"@id\":\"https:\\\/\\\/internetaddictsanonymous.org\\\/#\\\/schema\\\/logo\\\/image\\\/\",\"url\":\"https:\\\/\\\/internetaddictsanonymous.org\\\/wp-content\\\/uploads\\\/2023\\\/01\\\/cropped-ITAA-logo-480px.png\",\"contentUrl\":\"https:\\\/\\\/internetaddictsanonymous.org\\\/wp-content\\\/uploads\\\/2023\\\/01\\\/cropped-ITAA-logo-480px.png\",\"width\":480,\"height\":480,\"caption\":\"Internet and Technology Addicts Anonymous\"},\"image\":{\"@id\":\"https:\\\/\\\/internetaddictsanonymous.org\\\/#\\\/schema\\\/logo\\\/image\\\/\"}}]}<\/script>\n<!-- \/ Yoast SEO plugin. -->","yoast_head_json":{"title":"Serviciu - Dependen\u021bii de Internet \u0219i Tehnologie Anonimi","robots":{"index":"index","follow":"follow","max-snippet":"max-snippet:-1","max-image-preview":"max-image-preview:large","max-video-preview":"max-video-preview:-1"},"canonical":"https:\/\/internetaddictsanonymous.org\/ro\/serviciu-2\/","og_locale":"ro_RO","og_type":"article","og_title":"Service &#8211; Internet and Technology Addicts Anonymous","og_description":"Service is the voluntary contribution of our time and energy to help other members of ITAA, just as we have been helped by others. It is a powerful tool in strengthening our own sobriety, and we have found it a gift to be able to make such a meaningful impact in the life of another &hellip; Continu\u0103 s\u0103 cite\u0219ti Service","og_url":"https:\/\/internetaddictsanonymous.org\/ro\/serviciu-2\/","og_site_name":"Internet and Technology Addicts Anonymous","article_modified_time":"2024-04-21T15:01:29+00:00","twitter_card":"summary_large_image","twitter_misc":{"Timp estimat pentru citire":"2 minute"},"schema":{"@context":"https:\/\/schema.org","@graph":[{"@type":"WebPage","@id":"https:\/\/internetaddictsanonymous.org\/service-2\/","url":"https:\/\/internetaddictsanonymous.org\/service-2\/","name":"Serviciu - Dependen\u021bii de Internet \u0219i Tehnologie Anonimi","isPartOf":{"@id":"https:\/\/internetaddictsanonymous.org\/#website"},"datePublished":"2020-06-14T09:30:42+00:00","dateModified":"2024-04-21T15:01:29+00:00","breadcrumb":{"@id":"https:\/\/internetaddictsanonymous.org\/service-2\/#breadcrumb"},"inLanguage":"ro-RO","potentialAction":[{"@type":"ReadAction","target":["https:\/\/internetaddictsanonymous.org\/service-2\/"]}]},{"@type":"BreadcrumbList","@id":"https:\/\/internetaddictsanonymous.org\/service-2\/#breadcrumb","itemListElement":[{"@type":"ListItem","position":1,"name":"Home","item":"https:\/\/internetaddictsanonymous.org\/"},{"@type":"ListItem","position":2,"name":"Service"}]},{"@type":"WebSite","@id":"https:\/\/internetaddictsanonymous.org\/#website","url":"https:\/\/internetaddictsanonymous.org\/","name":"Dependen\u021bii de Internet \u0219i Tehnologie Anonimi","description":"Fr\u0103\u021bie mondial\u0103 \u00een 12 pa\u0219i pentru dependen\u021ba de internet \u0219i tehnologie","publisher":{"@id":"https:\/\/internetaddictsanonymous.org\/#organization"},"potentialAction":[{"@type":"SearchAction","target":{"@type":"EntryPoint","urlTemplate":"https:\/\/internetaddictsanonymous.org\/?s={search_term_string}"},"query-input":{"@type":"PropertyValueSpecification","valueRequired":true,"valueName":"search_term_string"}}],"inLanguage":"ro-RO"},{"@type":"Organization","@id":"https:\/\/internetaddictsanonymous.org\/#organization","name":"Dependen\u021bii de Internet \u0219i Tehnologie Anonimi","url":"https:\/\/internetaddictsanonymous.org\/","logo":{"@type":"ImageObject","inLanguage":"ro-RO","@id":"https:\/\/internetaddictsanonymous.org\/#\/schema\/logo\/image\/","url":"https:\/\/internetaddictsanonymous.org\/wp-content\/uploads\/2023\/01\/cropped-ITAA-logo-480px.png","contentUrl":"https:\/\/internetaddictsanonymous.org\/wp-content\/uploads\/2023\/01\/cropped-ITAA-logo-480px.png","width":480,"height":480,"caption":"Internet and Technology Addicts Anonymous"},"image":{"@id":"https:\/\/internetaddictsanonymous.org\/#\/schema\/logo\/image\/"}}]}},"jetpack_sharing_enabled":true,"jetpack_shortlink":"https:\/\/wp.me\/P9Fwob-2TF","_links":{"self":[{"href":"https:\/\/internetaddictsanonymous.org\/ro\/wp-json\/wp\/v2\/pages\/11139","targetHints":{"allow":["GET"]}}],"collection":[{"href":"https:\/\/internetaddictsanonymous.org\/ro\/wp-json\/wp\/v2\/pages"}],"about":[{"href":"https:\/\/internetaddictsanonymous.org\/ro\/wp-json\/wp\/v2\/types\/page"}],"author":[{"embeddable":true,"href":"https:\/\/internetaddictsanonymous.org\/ro\/wp-json\/wp\/v2\/users\/35194237"}],"replies":[{"embeddable":true,"href":"https:\/\/internetaddictsanonymous.org\/ro\/wp-json\/wp\/v2\/comments?post=11139"}],"version-history":[{"count":9,"href":"https:\/\/internetaddictsanonymous.org\/ro\/wp-json\/wp\/v2\/pages\/11139\/revisions"}],"predecessor-version":[{"id":17892,"href":"https:\/\/internetaddictsanonymous.org\/ro\/wp-json\/wp\/v2\/pages\/11139\/revisions\/17892"}],"wp:attachment":[{"href":"https:\/\/internetaddictsanonymous.org\/ro\/wp-json\/wp\/v2\/media?parent=11139"}],"wp:term":[{"taxonomy":"post_tag","embeddable":true,"href":"https:\/\/internetaddictsanonymous.org\/ro\/wp-json\/wp\/v2\/tags?post=11139"}],"curies":[{"name":"wp","href":"https:\/\/api.w.org\/{rel}","templated":true}]}}