{"id":11348,"date":"2020-07-12T07:06:35","date_gmt":"2020-07-12T07:06:35","guid":{"rendered":"https:\/\/internetaddictsanonymous.org\/?page_id=11348"},"modified":"2025-09-14T11:35:18","modified_gmt":"2025-09-14T18:35:18","slug":"posturi-de-serviciu-vacante","status":"publish","type":"page","link":"https:\/\/internetaddictsanonymous.org\/ro\/open-service-positions\/","title":{"rendered":"Pozi\u021bii de serviciu \u0219i comitete"},"content":{"rendered":"<p>V\u0103 mul\u021bumim pentru interesul dumneavoastr\u0103 de a fi de serviciu la nivel de fellowship \u00een ITAA! Serviciul nu este doar un instrument nepre\u021buit pentru propria noastr\u0103 recuperare, ci ajut\u0103, de asemenea, \u00eentreaga comunitate ITAA - de la noii veni\u021bi la prima lor \u00eent\u00e2lnire, la veterani, la grupuri \u0219i la comunitate ca \u00eentreg. Mai jos este o list\u0103 a pozi\u021biilor \u0219i comitetelor noastre interna\u021bionale de serviciu.<\/p>\n\n\n\n<p><strong>Urm\u0103toarele reuniuni ale comitetelor ITAA \u0219i \u00eent\u00e2lniri interna\u021bionale de serviciu<\/strong><\/p>\n\n\n<p><iframe style=\"height: 600px; width: 100%;\" src=\"https:\/\/teamup.com\/ks4ag6i7z1xynrk5ra?view=m&amp;showHeader=0&amp;showLogo=0&amp;showTitle=0&amp;showSidepanel=0&amp;showViewSelector=1\" width=\"100%\" height=\"600\" frameborder=\"0\"><\/iframe><\/p>\n\n\n<h5 class=\"wp-block-heading\" id=\"fellowship-level\"><strong>Pozi\u021bii de serviciu la nivel de burs\u0103 <\/strong><\/h5>\n\n\n\n<ul class=\"wp-block-list\">\n<li><strong>Pre\u0219edin\u021bi<\/strong>Exist\u0103 2 copre\u0219edin\u021bi pentru \u00cent\u00e2lnirile Interna\u021bionale de Servicii, care sunt ale\u0219i pentru mandate de un an. Fiecare copre\u0219edinte gestioneaz\u0103 un ISM o dat\u0103 la dou\u0103 luni. Atribu\u021biile pre\u0219edin\u021bilor sunt de a prezida ISM-ul \u0219i, de asemenea, de a actualiza \u0219i men\u021bine aceste \u00eendrum\u0103ri scrise, astfel \u00eenc\u00e2t acestea s\u0103 r\u0103m\u00e2n\u0103 actuale. Ace\u0219tia lucreaz\u0103 cu secretarii pentru a finaliza ordinea de zi. <strong>Dac\u0103 sunte\u021bi interesat s\u0103 deveni\u021bi copre\u0219edinte, v\u0103 rug\u0103m s\u0103 trimite\u021bi un e-mail la secretaries.itaa@gmail.com sau s\u0103 participa\u021bi la o viitoare reuniune a ISM.<\/strong><br><br><\/li>\n\n\n\n<li><strong>Secretari<\/strong>Exist\u0103 2 co-secretari pentru \u00cent\u00e2lnirile Interna\u021bionale de Servicii, care sunt ale\u0219i pentru mandate de un an. Fiecare co-secretar gestioneaz\u0103 un ISM o dat\u0103 la dou\u0103 luni. Secretarii \u00eentocmesc procese-verbale \u00een timpul ISM \u0219i creeaz\u0103 ordinea de zi a \u00eent\u00e2lnirii. Ace\u0219tia lucreaz\u0103 cu pre\u0219edin\u021bii pentru a finaliza ordinea de zi. <strong>Dac\u0103 sunte\u021bi interesat s\u0103 deveni\u021bi co-secretar, v\u0103 rug\u0103m s\u0103 trimite\u021bi un e-mail la secretaries.itaa@gmail.com sau s\u0103 participa\u021bi la o ISM viitoare.<\/strong><br><br><\/li>\n\n\n\n<li><strong>Co-Webmaster<\/strong>: ITAA are cel pu\u021bin 2 co-webmasteri (de\u0219i pot fi mai mult de 2) care pot fi ale\u0219i pentru mandate de p\u00e2n\u0103 la 2 ani (sunt acceptate \u0219i mandate mai scurte). Co-webmasterii \u00eentre\u021bin, actualizeaz\u0103 \u0219i modific\u0103 site-ul web al ITAA \u00een serviciul con\u0219tiin\u021bei grupului de fellowship. De asemenea, webmasterii gestioneaz\u0103 conturile Zoom ale ITAA, contul Google Ads \u0219i calendarul reuniunilor. Co-webmasterii au autoritatea de a face modific\u0103ri minore ale site-ului care sunt \u00een spiritul site-ului existent. Orice modific\u0103ri drastice, sec\u021biuni noi sau dezacorduri substan\u021biale pot fi \u00eenaintate ISM. <strong>Dac\u0103 sunte\u021bi interesat s\u0103 fi\u021bi co-webmaster, v\u0103 rug\u0103m s\u0103 trimite\u021bi un e-mail la webmaster.itaa@gmail.com.<\/strong><br><br> <\/li>\n\n\n\n<li><strong>Co-Trezorier<\/strong>Exist\u0103 2 co-trezorieri care sunt ale\u0219i pentru mandate de 12 luni. Trezorierii \u021bin conturile ITAA \u0219i \u00eenregistreaz\u0103 orice cheltuieli \u0219i dona\u021bii. Trezorierii prezint\u0103 de obicei un raport \u00cent\u00e2lnirilor Interna\u021bionale de Serviciu \u00een al treilea weekend al fiec\u0103rei luni. Trezorierii nu au puterea de a lua independent decizii de cheltuieli. Decizia de a prelua o nou\u0103 cheltuial\u0103 trebuie luat\u0103 de \u00cent\u00e2lnirea Interna\u021bional\u0103 de Serviciu. <strong>Dac\u0103 sunte\u021bi interesat s\u0103 fi\u021bi co-trezorier, v\u0103 rug\u0103m s\u0103 trimite\u021bi un e-mail la adresa itaa.business@gmail.com.<\/strong><br><br><\/li>\n\n\n\n<li><strong>R\u0103spunz\u0103tor prin e-mail<\/strong>Persoanele care r\u0103spund la e-mailuri de la ITAA ajut\u0103 la r\u0103spunsurile la \u00eentreb\u0103rile generale trimise prin intermediul site-ului web ITAA. Aceasta poate implica furnizarea de informa\u021bii despre ITAA, programul nostru de \u00eent\u00e2lniri, resursele de pe site-ul nostru web sau redirec\u021bionarea mesajelor c\u0103tre al\u021bi membri de \u00eencredere (de exemplu, secretari, webmasteri, un anumit comitet sau un anumit grup). De obicei, timpul s\u0103pt\u0103m\u00e2nal alocat fiec\u0103rui participant la e-mailuri este de 15 p\u00e2n\u0103 la 30 de minute. Persoanele care r\u0103spund la e-mailuri trebuie s\u0103 aib\u0103 cel pu\u021bin 3 luni de vechime \u00een ITAA, iar fiecare participant ales \u00ee\u0219i poate alege durata mandatului, de la 3 luni p\u00e2n\u0103 la 2 ani. <strong>Dac\u0103 sunte\u021bi interesat s\u0103 fi\u021bi respondent la e-mail, v\u0103 rug\u0103m s\u0103 trimite\u021bi un e-mail la internetandtechaa@gmail.com.<span style=\"color: initial; font-family: -apple-system, BlinkMacSystemFont, &quot;Segoe UI&quot;, Roboto, Oxygen-Sans, Ubuntu, Cantarell, &quot;Helvetica Neue&quot;, sans-serif;\">.<\/span><\/strong><br><br><\/li>\n\n\n\n<li><strong>Reprezentant pentru servicii de grup (GSR)<\/strong>: RSG sunt ale\u0219i de grupuri pentru a le reprezenta la reuniunile interna\u021bionale de serviciu ale ITAA \u0219i se asigur\u0103 c\u0103 vocea grupurilor noastre este auzit\u0103 atunci c\u00e2nd se iau decizii la nivelul comunit\u0103\u021bii. Grupurile sunt \u00eencurajate s\u0103 \u021bin\u0103 con\u0219tiin\u021be de grup pentru a alege RSG \u0219i pentru a defini cerin\u021bele de serviciu, responsabilit\u0103\u021bile \u0219i durata mandatelor. Urm\u0103toarea resurs\u0103 con\u021bine mai multe informa\u021bii despre GSR:<br><a href=\"https:\/\/internetaddictsanonymous.org\/ro\/gsr\/\" target=\"_blank\" rel=\"noreferrer noopener\">Ce este un \"reprezentant al serviciilor de grup\" \u00een cadrul ITAA?<\/a><br><\/li>\n<\/ul>\n\n\n\n<h5 class=\"wp-block-heading\" id=\"fellowship-level\">Nivel de burs\u0103<strong> comisii<\/strong><\/h5>\n\n\n\n<ul class=\"wp-block-list\">\n<li><strong>Comisia juridic\u0103 \u0219i financiar\u0103<\/strong>Acest Comitet discut\u0103 aspecte juridice \u0219i financiare relevante pentru comunitatea ITAA \u00een ansamblu, dezvolt\u0103 \u0219i propune solu\u021bii la aceste probleme pentru a fi analizate de ISM, colaboreaz\u0103 cu avoca\u021bi, contabili \u0219i al\u021bi profesioni\u0219ti relevan\u021bi, dup\u0103 cum este necesar, \u0219i produce materiale \u0219i resurse legate de aspecte juridice \u0219i financiare care pot sprijini grupurile \u0219i membrii individuali. Participarea este deschis\u0103 tuturor. <strong>Dac\u0103 sunte\u021bi interesa\u021bi s\u0103 contribui\u021bi, v\u0103 rug\u0103m s\u0103 trimite\u021bi un e-mail la adresa legalaffairs.itaa@gmail.com.<\/strong><br><br><\/li>\n\n\n\n<li><strong>Comitetul pentru literatur\u0103<\/strong>: Comitetul pentru literatur\u0103 redacteaz\u0103 literatur\u0103 de lung\u0103 durat\u0103 \u0219i tip\u0103rit\u0103 pentru a sprijini scopul principal al comunit\u0103\u021bii noastre. Participarea este deschis\u0103 tuturor. Dac\u0103 nu pute\u021bi participa la ora de \u00eent\u00e2lnire din cauza problemelor legate de fusul orar, v\u0103 rug\u0103m s\u0103 contacta\u021bi persoana de contact. \u00cen prezent, scriem prima noastr\u0103 carte ITAA \u0219i c\u0103ut\u0103m pove\u0219ti de recuperare de la membri cu cel pu\u021bin 6 luni \u00een ITAA, sobrietate stabil\u0103, a\u0219a cum o \u00een\u021beleg ei, \u0219i care lucreaz\u0103 la Pa\u0219i - mai multe informa\u021bii pot fi g\u0103site <a href=\"https:\/\/docs.google.com\/document\/d\/1WkjCP1kEapF_RhWaTpPk6nmuVHrNbohQVA2TJIpbDtQ\/edit?usp=sharing\">aici<\/a>. Orice membru ITAA se poate \u00eenscrie, de asemenea, ca cititor recenzent \u0219i ca r\u0103spuns la versiunile preliminare ale c\u0103r\u021bii noastre. Pute\u021bi g\u0103si versiunea preliminar\u0103 a c\u0103r\u021bii \u0219i v\u0103 pute\u021bi \u00eenscrie pentru a primi actualiz\u0103ri regulate pe m\u0103sur\u0103 ce apar capitole noi, complet\u00e2nd formularul. <a href=\"https:\/\/forms.gle\/xUyrY5BUxropNELWA\">acest formular<\/a>. <strong>Pentru orice \u00eentreb\u0103ri sau comentarii, v\u0103 rug\u0103m s\u0103 trimite\u021bi un e-mail la adresa literature.itaa@gmail.com. <\/strong><br><br><\/li>\n\n\n\n<li><strong>Comitetul pentru rela\u021bii publice<\/strong>Acest comitet are dou\u0103 roluri de serviciu: Organizatori \u0219i Persoane intervievate. Organizatorii gestioneaz\u0103 cererile de interviu primite, desf\u0103\u0219oar\u0103 activit\u0103\u021bi de informare public\u0103, scriu \u0219i \u00eentre\u021bin resursele care sunt trimise jurnali\u0219tilor \u0219i \u021bin \u00cent\u00e2lnirea Interna\u021bional\u0103 de Serviciu la zi cu rapoarte, iar orice membru este binevenit s\u0103 fie Organizator \u0219i s\u0103 se al\u0103ture \u00eent\u00e2lnirilor noastre. Persoanele intervievate sunt membri care sunt notifica\u021bi atunci c\u00e2nd este trimis un mesaj prin intermediul site-ului web prin care se solicit\u0103 intervievarea unui membru ITAA despre comunitatea sau programul nostru de recuperare. Pentru a fi intervieva\u021bi, membrii trebuie s\u0103 aib\u0103 5 luni de experien\u021b\u0103 \u00een ITAA, s\u0103 participe la \u00eent\u00e2lniri \u00een mod regulat, s\u0103 parcurg\u0103 cei 12 pa\u0219i \u0219i s\u0103 aib\u0103 cel pu\u021bin o oarecare sobrietate, a\u0219a cum o definesc ei. Membrii comitetului pot alege unul sau ambele roluri de serviciu. <strong>Dac\u0103 sunte\u021bi interesat(\u0103) s\u0103 face\u021bi parte din Comitetul de Rela\u021bii Publice, v\u0103 rug\u0103m s\u0103 trimite\u021bi un e-mail la adresa enquiries.itaa@gmail.com.<\/strong> <strong>Avem nevoie de mai mul\u021bi organizatori \u0219i persoane intervievate. Dac\u0103 dori\u021bi s\u0103 desf\u0103\u0219ura\u021bi activit\u0103\u021bi de informare public\u0103 \u00een zona dumneavoastr\u0103, pute\u021bi consulta pagina noastr\u0103 <a href=\"https:\/\/docs.google.com\/document\/d\/1aRALvNCgyFK4UUpQHtJfsWbFT4WthLxQqeuzJhA2bM0\/edit?usp=sharing\">\u0219ablon de informare public\u0103<\/a>.<\/strong><br><\/li>\n<\/ul>\n\n\n\n<ul class=\"wp-block-list\">\n<li><strong>Subcomitetul SEO \/ Google Ads<\/strong>Acest subcomitet se concentreaz\u0103 pe \u00eembun\u0103t\u0103\u021birea programului nostru Google Ads \u0219i a optimiz\u0103rii pentru motoarele de c\u0103utare pentru a ne asigura c\u0103 programul nostru este c\u00e2t mai accesibil celor care au nevoie de el. Acest grup este un subcomitet al Comitetului pentru con\u021binut web. <strong>Pentru \u00eentreb\u0103ri, v\u0103 rug\u0103m s\u0103 trimite\u021bi un e-mail la adresa tomask.itaa@gmail.com.<\/strong><br><\/li>\n<\/ul>\n\n\n\n<ul class=\"wp-block-list\">\n<li><strong>Comitetul pentru con\u021binut web<\/strong>\u00cen cadrul acestui comitet, discut\u0103m, edit\u0103m \u0219i scriem con\u021binut pentru site-ul nostru web. Fiecare membru este invitat s\u0103 participe, iar statutul de membru al comitetului este obligatoriu s\u0103 fi participat la cel pu\u021bin 6 \u00eent\u00e2lniri ITAA. V\u0103 invit\u0103m s\u0103 trimite\u021bi orice \u00eentreb\u0103ri prin e-mail la adresa webcontent.itaa@gmail.com.<br><br><\/li>\n\n\n\n<li><strong>Traducerea site-ului web<\/strong>Dac\u0103 dori\u021bi s\u0103 traduce\u021bi site-ul ITAA \u00eentr-o alt\u0103 limb\u0103, pute\u021bi ajuta la transmiterea mesajului nostru c\u0103tre dependen\u021bii care nu vorbesc limba englez\u0103. <strong>Dac\u0103 sunte\u021bi interesat s\u0103 ajuta\u021bi la traducerea site-ului, v\u0103 rug\u0103m s\u0103 trimite\u021bi un e-mail la adresa webmaster.itaa@gmail.com<\/strong><\/li>\n<\/ul>\n<!-- PMB print buttons is only displayed on a single post\/page URLs-->","protected":false},"excerpt":{"rendered":"<p>V\u0103 mul\u021bumim pentru interesul acordat \u00een a fi de folos la nivel de comunitate \u00een cadrul ITAA! Comunitatea nu este doar un instrument nepre\u021buit pentru propriile noastre recuper\u0103ri, ci ajut\u0103 \u0219i \u00eentreaga comunitate ITAA - de la noii veni\u021bi la prima lor \u00eent\u00e2lnire, la veterani, la grupuri \u0219i comunitate \u00een ansamblu. Mai jos este o list\u0103 a... <a href=\"https:\/\/internetaddictsanonymous.org\/ro\/open-service-positions\/\" class=\"more-link\">Continu\u0103 s\u0103 cite\u0219ti <span class=\"screen-reader-text\">Pozi\u021bii de serviciu \u0219i comitete<\/span><\/a><\/p>","protected":false},"author":35194237,"featured_media":0,"parent":0,"menu_order":0,"comment_status":"closed","ping_status":"closed","template":"full-width-page.php","meta":{"inline_featured_image":false,"_lmt_disableupdate":"no","_lmt_disable":"","footnotes":""},"tags":[],"class_list":["post-11348","page","type-page","status-publish","hentry"],"yoast_head":"<!-- This site is optimized with the Yoast SEO plugin v27.4 - https:\/\/yoast.com\/product\/yoast-seo-wordpress\/ -->\n<title>Service Positions and Committees &#8211; Internet and Technology Addicts Anonymous<\/title>\n<meta name=\"robots\" content=\"index, follow, max-snippet:-1, max-image-preview:large, max-video-preview:-1\" \/>\n<link rel=\"canonical\" href=\"https:\/\/internetaddictsanonymous.org\/ro\/posturi-de-serviciu-vacante\/\" \/>\n<meta property=\"og:locale\" content=\"ro_RO\" \/>\n<meta property=\"og:type\" content=\"article\" \/>\n<meta property=\"og:title\" content=\"Service Positions and Committees &#8211; Internet and Technology Addicts Anonymous\" \/>\n<meta property=\"og:description\" content=\"Thank you for your interest in being of service at the fellowship level in ITAA! Service is not only an invaluable tool for our own recoveries, it also helps the entire ITAA fellowship\u2014from newcomers at their first meeting, to old-timers, to the groups, and the fellowship as a whole. Below is a list of our &hellip; Continu\u0103 s\u0103 cite\u0219ti Service Positions and Committees\" \/>\n<meta property=\"og:url\" content=\"https:\/\/internetaddictsanonymous.org\/ro\/posturi-de-serviciu-vacante\/\" \/>\n<meta property=\"og:site_name\" content=\"Internet and Technology Addicts Anonymous\" \/>\n<meta property=\"article:modified_time\" content=\"2025-09-14T18:35:18+00:00\" \/>\n<meta name=\"twitter:card\" content=\"summary_large_image\" \/>\n<meta name=\"twitter:label1\" content=\"Timp estimat pentru citire\" \/>\n\t<meta name=\"twitter:data1\" content=\"5 minute\" \/>\n<script type=\"application\/ld+json\" class=\"yoast-schema-graph\">{\"@context\":\"https:\\\/\\\/schema.org\",\"@graph\":[{\"@type\":\"WebPage\",\"@id\":\"https:\\\/\\\/internetaddictsanonymous.org\\\/open-service-positions\\\/\",\"url\":\"https:\\\/\\\/internetaddictsanonymous.org\\\/open-service-positions\\\/\",\"name\":\"Service Positions and Committees &#8211; Internet and Technology Addicts Anonymous\",\"isPartOf\":{\"@id\":\"https:\\\/\\\/internetaddictsanonymous.org\\\/#website\"},\"datePublished\":\"2020-07-12T07:06:35+00:00\",\"dateModified\":\"2025-09-14T18:35:18+00:00\",\"breadcrumb\":{\"@id\":\"https:\\\/\\\/internetaddictsanonymous.org\\\/open-service-positions\\\/#breadcrumb\"},\"inLanguage\":\"ro-RO\",\"potentialAction\":[{\"@type\":\"ReadAction\",\"target\":[\"https:\\\/\\\/internetaddictsanonymous.org\\\/open-service-positions\\\/\"]}]},{\"@type\":\"BreadcrumbList\",\"@id\":\"https:\\\/\\\/internetaddictsanonymous.org\\\/open-service-positions\\\/#breadcrumb\",\"itemListElement\":[{\"@type\":\"ListItem\",\"position\":1,\"name\":\"Home\",\"item\":\"https:\\\/\\\/internetaddictsanonymous.org\\\/\"},{\"@type\":\"ListItem\",\"position\":2,\"name\":\"Service Positions and Committees\"}]},{\"@type\":\"WebSite\",\"@id\":\"https:\\\/\\\/internetaddictsanonymous.org\\\/#website\",\"url\":\"https:\\\/\\\/internetaddictsanonymous.org\\\/\",\"name\":\"Internet and Technology Addicts Anonymous\",\"description\":\"Worldwide 12-step Fellowship for Internet and Technology Addiction\",\"publisher\":{\"@id\":\"https:\\\/\\\/internetaddictsanonymous.org\\\/#organization\"},\"potentialAction\":[{\"@type\":\"SearchAction\",\"target\":{\"@type\":\"EntryPoint\",\"urlTemplate\":\"https:\\\/\\\/internetaddictsanonymous.org\\\/?s={search_term_string}\"},\"query-input\":{\"@type\":\"PropertyValueSpecification\",\"valueRequired\":true,\"valueName\":\"search_term_string\"}}],\"inLanguage\":\"ro-RO\"},{\"@type\":\"Organization\",\"@id\":\"https:\\\/\\\/internetaddictsanonymous.org\\\/#organization\",\"name\":\"Internet and Technology Addicts Anonymous\",\"url\":\"https:\\\/\\\/internetaddictsanonymous.org\\\/\",\"logo\":{\"@type\":\"ImageObject\",\"inLanguage\":\"ro-RO\",\"@id\":\"https:\\\/\\\/internetaddictsanonymous.org\\\/#\\\/schema\\\/logo\\\/image\\\/\",\"url\":\"https:\\\/\\\/internetaddictsanonymous.org\\\/wp-content\\\/uploads\\\/2023\\\/01\\\/cropped-ITAA-logo-480px.png\",\"contentUrl\":\"https:\\\/\\\/internetaddictsanonymous.org\\\/wp-content\\\/uploads\\\/2023\\\/01\\\/cropped-ITAA-logo-480px.png\",\"width\":480,\"height\":480,\"caption\":\"Internet and Technology Addicts Anonymous\"},\"image\":{\"@id\":\"https:\\\/\\\/internetaddictsanonymous.org\\\/#\\\/schema\\\/logo\\\/image\\\/\"}}]}<\/script>\n<!-- \/ Yoast SEO plugin. -->","yoast_head_json":{"title":"Pozi\u021bii de serviciu \u0219i comitete - Dependen\u021bii de Internet \u0219i Tehnologie Anonimi","robots":{"index":"index","follow":"follow","max-snippet":"max-snippet:-1","max-image-preview":"max-image-preview:large","max-video-preview":"max-video-preview:-1"},"canonical":"https:\/\/internetaddictsanonymous.org\/ro\/posturi-de-serviciu-vacante\/","og_locale":"ro_RO","og_type":"article","og_title":"Service Positions and Committees &#8211; Internet and Technology Addicts Anonymous","og_description":"Thank you for your interest in being of service at the fellowship level in ITAA! Service is not only an invaluable tool for our own recoveries, it also helps the entire ITAA fellowship\u2014from newcomers at their first meeting, to old-timers, to the groups, and the fellowship as a whole. Below is a list of our &hellip; Continu\u0103 s\u0103 cite\u0219ti Service Positions and Committees","og_url":"https:\/\/internetaddictsanonymous.org\/ro\/posturi-de-serviciu-vacante\/","og_site_name":"Internet and Technology Addicts Anonymous","article_modified_time":"2025-09-14T18:35:18+00:00","twitter_card":"summary_large_image","twitter_misc":{"Timp estimat pentru citire":"5 minute"},"schema":{"@context":"https:\/\/schema.org","@graph":[{"@type":"WebPage","@id":"https:\/\/internetaddictsanonymous.org\/open-service-positions\/","url":"https:\/\/internetaddictsanonymous.org\/open-service-positions\/","name":"Pozi\u021bii de serviciu \u0219i comitete - Dependen\u021bii de Internet \u0219i Tehnologie Anonimi","isPartOf":{"@id":"https:\/\/internetaddictsanonymous.org\/#website"},"datePublished":"2020-07-12T07:06:35+00:00","dateModified":"2025-09-14T18:35:18+00:00","breadcrumb":{"@id":"https:\/\/internetaddictsanonymous.org\/open-service-positions\/#breadcrumb"},"inLanguage":"ro-RO","potentialAction":[{"@type":"ReadAction","target":["https:\/\/internetaddictsanonymous.org\/open-service-positions\/"]}]},{"@type":"BreadcrumbList","@id":"https:\/\/internetaddictsanonymous.org\/open-service-positions\/#breadcrumb","itemListElement":[{"@type":"ListItem","position":1,"name":"Home","item":"https:\/\/internetaddictsanonymous.org\/"},{"@type":"ListItem","position":2,"name":"Service Positions and Committees"}]},{"@type":"WebSite","@id":"https:\/\/internetaddictsanonymous.org\/#website","url":"https:\/\/internetaddictsanonymous.org\/","name":"Dependen\u021bii de Internet \u0219i Tehnologie Anonimi","description":"Fr\u0103\u021bie mondial\u0103 \u00een 12 pa\u0219i pentru dependen\u021ba de internet \u0219i tehnologie","publisher":{"@id":"https:\/\/internetaddictsanonymous.org\/#organization"},"potentialAction":[{"@type":"SearchAction","target":{"@type":"EntryPoint","urlTemplate":"https:\/\/internetaddictsanonymous.org\/?s={search_term_string}"},"query-input":{"@type":"PropertyValueSpecification","valueRequired":true,"valueName":"search_term_string"}}],"inLanguage":"ro-RO"},{"@type":"Organization","@id":"https:\/\/internetaddictsanonymous.org\/#organization","name":"Dependen\u021bii de Internet \u0219i Tehnologie Anonimi","url":"https:\/\/internetaddictsanonymous.org\/","logo":{"@type":"ImageObject","inLanguage":"ro-RO","@id":"https:\/\/internetaddictsanonymous.org\/#\/schema\/logo\/image\/","url":"https:\/\/internetaddictsanonymous.org\/wp-content\/uploads\/2023\/01\/cropped-ITAA-logo-480px.png","contentUrl":"https:\/\/internetaddictsanonymous.org\/wp-content\/uploads\/2023\/01\/cropped-ITAA-logo-480px.png","width":480,"height":480,"caption":"Internet and Technology Addicts Anonymous"},"image":{"@id":"https:\/\/internetaddictsanonymous.org\/#\/schema\/logo\/image\/"}}]}},"jetpack_sharing_enabled":true,"jetpack_shortlink":"https:\/\/wp.me\/P9Fwob-2X2","_links":{"self":[{"href":"https:\/\/internetaddictsanonymous.org\/ro\/wp-json\/wp\/v2\/pages\/11348","targetHints":{"allow":["GET"]}}],"collection":[{"href":"https:\/\/internetaddictsanonymous.org\/ro\/wp-json\/wp\/v2\/pages"}],"about":[{"href":"https:\/\/internetaddictsanonymous.org\/ro\/wp-json\/wp\/v2\/types\/page"}],"author":[{"embeddable":true,"href":"https:\/\/internetaddictsanonymous.org\/ro\/wp-json\/wp\/v2\/users\/35194237"}],"replies":[{"embeddable":true,"href":"https:\/\/internetaddictsanonymous.org\/ro\/wp-json\/wp\/v2\/comments?post=11348"}],"version-history":[{"count":99,"href":"https:\/\/internetaddictsanonymous.org\/ro\/wp-json\/wp\/v2\/pages\/11348\/revisions"}],"predecessor-version":[{"id":20440,"href":"https:\/\/internetaddictsanonymous.org\/ro\/wp-json\/wp\/v2\/pages\/11348\/revisions\/20440"}],"wp:attachment":[{"href":"https:\/\/internetaddictsanonymous.org\/ro\/wp-json\/wp\/v2\/media?parent=11348"}],"wp:term":[{"taxonomy":"post_tag","embeddable":true,"href":"https:\/\/internetaddictsanonymous.org\/ro\/wp-json\/wp\/v2\/tags?post=11348"}],"curies":[{"name":"wp","href":"https:\/\/api.w.org\/{rel}","templated":true}]}}