{"id":13592,"date":"2022-03-24T00:02:20","date_gmt":"2022-03-24T00:02:20","guid":{"rendered":"https:\/\/internetaddictsanonymous.org\/?page_id=13592"},"modified":"2025-01-21T13:31:26","modified_gmt":"2025-01-21T21:31:26","slug":"gsr","status":"publish","type":"page","link":"https:\/\/internetaddictsanonymous.org\/ro\/gsr\/","title":{"rendered":"Ce este un \"reprezentant al serviciilor de grup\" \u00een cadrul ITAA?"},"content":{"rendered":"<p>Un \"reprezentant al serviciului de grup\" (GSR) este un membru al ITAA care a fost ales de un anumit grup ITAA pentru a reprezenta grupul respectiv la reuniunile interna\u021bionale de serviciu (ISM). Structura serviciilor ITAA seam\u0103n\u0103 cu o piramid\u0103 inversat\u0103, cu grupurile \u00een v\u00e2rf \u0219i ISM la baz\u0103. Cu alte cuvinte, reuniunile serviciilor interna\u021bionale servesc interesele grupurilor. Aceasta \u00eenseamn\u0103 c\u0103 cel mai important considerent pentru organismele noastre de serviciu atunci c\u00e2nd iau decizii la nivel de fellowship este ca nevoile \u0219i perspectivele tuturor grupurilor ITAA s\u0103 fie bine reprezentate. GSR se asigur\u0103 c\u0103 vocile grupurilor noastre sunt auzite atunci c\u00e2nd se iau decizii la nivel de fellowship.<\/p>\n\n\n\n<p>\u00cen timp ce RSG au o responsabilitate special\u0103 de a reprezenta punctele de vedere ale grupurilor lor, to\u021bi membrii ITAA sunt \u00eencuraja\u021bi s\u0103 participe \u0219i s\u0103 voteze \u00een cadrul ISM, deoarece acest lucru contribuie la \u00eembun\u0103t\u0103\u021birea diversit\u0103\u021bii \u0219i a for\u021bei deciziilor comunit\u0103\u021bii noastre.&nbsp;<\/p>\n\n\n\n<p>Fiecare grup este autonom \u0219i \u00ee\u0219i poate stabili propriile cerin\u021be, durata mandatului \u0219i \u00eendatoriri pentru RSG(uri). Mai jos sunt prezentate c\u00e2teva sugestii cu privire la modul \u00een care grupurile ar putea defini rolul de serviciu al GSR pentru reuniunea lor.<\/p>\n\n\n\n<h3 class=\"wp-block-heading\"><strong>Cerin\u021be sugerate<\/strong><\/h3>\n\n\n\n<p>Fiecare grup poate stabili orice cerin\u021be pentru rolul s\u0103u de RSG pe care con\u0219tiin\u021ba grupului le consider\u0103 prudente. C\u00e2teva exemple de cerin\u021be ar putea fi:<\/p>\n\n\n\n<ul class=\"wp-block-list\">\n<li>Disponibilitate<\/li>\n\n\n\n<li>S\u0103 fi participat la cel pu\u021bin 10 reuniuni ITAA<\/li>\n\n\n\n<li>Am fost \u00een ITAA timp de 3 luni<\/li>\n\n\n\n<li>participarea regulat\u0103 la reuniunile specifice ale grupului pe care dori\u021bi s\u0103 \u00eel reprezenta\u021bi<\/li>\n\n\n\n<li>Posibilitatea de a participa la Con\u0219tiin\u021ba de Grup a grupului pe care l-a\u021bi reprezenta\u00a0<\/li>\n\n\n\n<li>Participarea regulat\u0103 la reuniunile ITAA<\/li>\n\n\n\n<li>\u00cen prezent lucreaz\u0103 la Steps<\/li>\n\n\n\n<li>Familiaritate cu tradi\u021biile \u0219i conceptele<\/li>\n\n\n\n<li>S\u0103 ai o sobrietate stabil\u0103, a\u0219a cum o define\u0219ti tu<\/li>\n\n\n\n<li>posibilitatea de a participa la una dintre cele dou\u0103 ore de \u00eent\u00e2lnire rotative pentru reuniunile ISM<\/li>\n\n\n\n<li>Nu sunt deja RSG pentru un alt grup<\/li>\n\n\n\n<li>Nu exist\u0103 cerin\u021be<\/li>\n<\/ul>\n\n\n\n<h3 class=\"wp-block-heading\"><strong>Durata sugerat\u0103 a mandatului<\/strong><\/h3>\n\n\n\n<p>De asemenea, fiecare grup este \u00eemputernicit s\u0103 stabileasc\u0103 durata mandatului pentru acest rol de serviciu. Comunitatea interna\u021bional\u0103 a sugerat o durat\u0103 maxim\u0103 a mandatului de 2 ani.<\/p>\n\n\n\n<h3 class=\"wp-block-heading\"><strong>Responsabilit\u0103\u021bi sugerate<\/strong><\/h3>\n\n\n\n<p>GSR fac leg\u0103tura \u00eentre reuniunea ISM \u0219i grupul pe care \u00eel reprezint\u0103. Fiecare grup poate decide responsabilit\u0103\u021bile RSG-ului (RSG-urilor) s\u0103u (lor). \u00cen acest scop, GSR pot:<\/p>\n\n\n\n<ul class=\"wp-block-list\">\n<li>Participarea la reuniunile serviciului interna\u021bional prin discu\u021bii \u0219i vot<\/li>\n\n\n\n<li>Reprezint\u0103 nevoile \u0219i perspectivele grupului lor \u00een cadrul reuniunilor interna\u021bionale de serviciu<\/li>\n\n\n\n<li>notific\u0103 grupul lor cu privire la orice decizii sau informa\u021bii relevante<\/li>\n\n\n\n<li>S\u0103 practice cele 12 tradi\u021bii ale ITAA prin serviciul lor<\/li>\n\n\n\n<li>Dup\u0103 caz, s\u0103 organizeze con\u0219tiin\u021be de grup \u00een cadrul grupurilor lor de origine cu privire la punctele de pe ordinea de zi care urmeaz\u0103 s\u0103 fie discutate \u00een cadrul reuniunilor ISM \u0219i apoi s\u0103 transmit\u0103 rezultatele \u0219i sentimentele con\u0219tiin\u021bei de grup c\u0103tre ISM.<\/li>\n<\/ul>\n\n\n\n<p>Grupurile individuale pot decide, de asemenea, asupra unor responsabilit\u0103\u021bi alternative sau suplimentare.<\/p>\n\n\n\n<h3 class=\"wp-block-heading\"><strong>Familiaritate cu cele dou\u0103sprezece tradi\u021bii ale ITAA<\/strong><\/h3>\n\n\n\n<p>\u00cen timp ce Cei Doisprezece Pa\u0219i ne ghideaz\u0103 pe c\u0103ile noastre individuale de recuperare, Cele Dou\u0103sprezece Tradi\u021bii ne ajut\u0103 s\u0103 ne men\u021binem grupurile \u0219i comunitatea \u00een general pe o baz\u0103 spiritual\u0103 solid\u0103, \u00een timp ce facem servicii. \u00cen calitate de servitori de \u00eencredere, RSG vor trebui s\u0103 \u00een\u021beleag\u0103 tradi\u021biile sau s\u0103 fie dispu\u0219i s\u0103 \u00eenve\u021be despre ele. Citirea unor documente despre tradi\u021bii va fi foarte util\u0103. \u00cen acest scop, exist\u0103 c\u00e2teva resurse sugerate la sf\u00e2r\u0219itul acestui document.&nbsp;<\/p>\n\n\n\n<p>Pot exista interpret\u0103ri diferite ale anumitor tradi\u021bii \u0219i, \u00een cele din urm\u0103, \u00eencerc\u0103m s\u0103 le aplic\u0103m \u0219i s\u0103 le sus\u021binem \u00een m\u0103sura posibilit\u0103\u021bilor noastre \u0219i avem \u00eencredere c\u0103 voin\u021ba Puterii noastre superioare este dezv\u0103luit\u0103 prin con\u0219tiin\u021ba grupului. Atunci c\u00e2nd nu suntem siguri cum s\u0103 interpret\u0103m sau s\u0103 aplic\u0103m o anumit\u0103 tradi\u021bie, putem cere \u00eendrumare colegilor no\u0219tri de serviciu.&nbsp;<\/p>\n\n\n\n<h3 class=\"wp-block-heading\"><strong>Cu privire la alegerea mai multor GSR<\/strong><\/h3>\n\n\n\n<p>ITAA are \u00een prezent aproape 100 de grupuri (online \u0219i fa\u021b\u0103 \u00een fa\u021b\u0103), cu membri pe toate continentele. \u00centruc\u00e2t ITAA este o asocia\u021bie interna\u021bional\u0103, reuniunile noastre interna\u021bionale de serviciu sunt organizate prin rota\u021bie, pentru a permite participarea membrilor din diferite fusuri orare. \u00cen mod ideal, la fiecare ISM ar trebui s\u0103 fie prezen\u021bi reprezentan\u021bi ai multor grupuri ITAA, dac\u0103 nu chiar ai tuturor. \u00cen acest scop, grupurile ar putea decide s\u0103 aleag\u0103 mai mul\u021bi GSR care se afl\u0103 \u00een zone orare diferite, astfel \u00eenc\u00e2t s\u0103 poat\u0103 trimite un reprezentant la toate ISM.&nbsp;<\/p>\n\n\n\n<p>Pe de alt\u0103 parte, grupurile pot dori s\u0103 evite alegerea unui singur membru ca RSG al mai multor grupuri, astfel \u00eenc\u00e2t mai mul\u021bi membri s\u0103 aib\u0103 ocazia de a face serviciu \u0219i de a participa la con\u0219tiin\u021bele noastre de grup la nivelul \u00eentregii comunit\u0103\u021bi.<\/p>\n\n\n\n<h3 class=\"wp-block-heading\"><strong>Votul \u00een cadrul reuniunilor interna\u021bionale de serviciu<\/strong><\/h3>\n\n\n\n<p>\u00cen cadrul ITAA, orice membru poate participa \u0219i vota la reuniunile interna\u021bionale de serviciu. Nu este necesar s\u0103 fi fost ales RSG pentru a participa \u0219i a vota.<\/p>\n\n\n\n<h3 class=\"wp-block-heading\"><strong>Resurse sugerate pentru GSR<\/strong><\/h3>\n\n\n\n<p>Practicarea celor 12 Tradi\u021bii este esen\u021bial\u0103 pentru serviciul nostru ca RSG. \u00cen plus, Regulile de ordine ale lui Robert reprezint\u0103 o metod\u0103 de luare a con\u0219tiin\u021bei de grup \u0219i un proces de desf\u0103\u0219urare a discu\u021biilor \u0219i vot\u0103rii astfel \u00eenc\u00e2t vocea tuturor s\u0103 poat\u0103 fi auzit\u0103. Noi folosim Regulile lui Robert pentru desf\u0103\u0219urarea reuniunilor interna\u021bionale de serviciu. Recomand\u0103m ca GSR s\u0103 se familiarizeze cu urm\u0103toarele resurse:<\/p>\n\n\n\n<ul class=\"wp-block-list\">\n<li><a href=\"https:\/\/internetaddictsanonymous.org\/ro\/12-pasi-ai-itaa\/\">Cele 12 tradi\u021bii ale ITAA<\/a><\/li>\n\n\n\n<li><a href=\"https:\/\/drive.google.com\/file\/d\/13_d1quYWWJbjwdo9M9LPnczjkyfL1ypR\/view?usp=sharing\">Ghidul ITAA privind regulile de ordine ale lui Robert<\/a><\/li>\n<\/ul>\n\n\n\n<p>Mul\u021bi dintre noi au g\u0103sit, de asemenea, \u00eendrum\u0103ri valoroase \u00een literatura altor asocia\u021bii \u00een 12 pa\u0219i, chiar dac\u0103 nu toate detaliile sunt aplicabile ITAA:<\/p>\n\n\n\n<ul class=\"wp-block-list\">\n<li><a href=\"https:\/\/www.aa.org\/pages\/en_US\/twelve-steps-and-twelve-traditions\">AA 12 Pa\u0219i \u0219i 12 Tradi\u021bii<\/a><\/li>\n\n\n\n<li><a href=\"https:\/\/www.alcoholics-anonymous.org.uk\/download\/1\/Library\/Documents\/Literature%20Downloads\/3345%20Twelve%20Traditions%20Checklist.pdf\">Lista de verificare AA 12 Tradi\u021bii<\/a><\/li>\n\n\n\n<li><a href=\"https:\/\/www.aa.org\/sites\/default\/files\/literature\/assets\/p-19_gsr.pdf\">Pamflet AA GSR<\/a><\/li>\n\n\n\n<li><a href=\"https:\/\/al-anon.org\/pdf\/G11.pdf%20https:\/\/www.alcoholics-\">Pamflet Al-Anon GSR<\/a><\/li>\n\n\n\n<li><a href=\"http:\/\/www.alcoholics-anonymous.org.uk\/download\/1\/Library\/Documents\/Literature%20Downloads\/3300%20Twelve%20Concepts%20Illustrated.pdf\">AA 12 Concepte ilustrate<\/a><\/li>\n\n\n\n<li><a href=\"http:\/\/www.alcoholics-anonymous.org.uk\/download\/1\/Library\/Documents\/Literature%20Downloads\/3346%20Twelve%20Concepts%20Checklist.pdf\">Lista de verificare AA 12 Concepte<\/a><\/li>\n\n\n\n<li><a href=\"http:\/\/aagb.silverink.ie\/download\/1\/Library\/Documents\/Handbooks\/AA%20Service%20Handbook%20for%20Great%20Britain%204th%20edition%202018.pdf\">Manual de serviciu AA<\/a><\/li>\n<\/ul>\n<!-- PMB print buttons is only displayed on a single post\/page URLs-->","protected":false},"excerpt":{"rendered":"<p>A \u2018Group Service Representative\u2019 (GSR) is a member of ITAA who has been elected by a particular ITAA group to represent that group at International Service Meetings (ISMs). ITAA\u2019s service structure resembles an inverted pyramid, with the groups at the top, and the ISM at the bottom. In other words, the International Service Meetings serves &hellip; <a href=\"https:\/\/internetaddictsanonymous.org\/ro\/gsr\/\" class=\"more-link\">Continu\u0103 s\u0103 cite\u0219ti <span class=\"screen-reader-text\">Ce este un \"reprezentant al serviciilor de grup\" \u00een cadrul ITAA?<\/span><\/a><\/p>","protected":false},"author":35194255,"featured_media":0,"parent":0,"menu_order":0,"comment_status":"closed","ping_status":"closed","template":"full-width-page.php","meta":{"inline_featured_image":false,"_lmt_disableupdate":"","_lmt_disable":"","jetpack_post_was_ever_published":false,"footnotes":""},"tags":[],"class_list":["post-13592","page","type-page","status-publish","hentry"],"yoast_head":"<!-- This site is optimized with the Yoast SEO plugin v27.3 - https:\/\/yoast.com\/product\/yoast-seo-wordpress\/ -->\n<title>What is a \u2018Group Service Representative\u2019 in ITAA? &#8211; Internet and Technology Addicts Anonymous<\/title>\n<meta name=\"robots\" content=\"index, follow, max-snippet:-1, max-image-preview:large, max-video-preview:-1\" \/>\n<link rel=\"canonical\" href=\"https:\/\/internetaddictsanonymous.org\/ro\/gsr\/\" \/>\n<meta property=\"og:locale\" content=\"ro_RO\" \/>\n<meta property=\"og:type\" content=\"article\" \/>\n<meta property=\"og:title\" content=\"What is a \u2018Group Service Representative\u2019 in ITAA? &#8211; Internet and Technology Addicts Anonymous\" \/>\n<meta property=\"og:description\" content=\"A \u2018Group Service Representative\u2019 (GSR) is a member of ITAA who has been elected by a particular ITAA group to represent that group at International Service Meetings (ISMs). ITAA\u2019s service structure resembles an inverted pyramid, with the groups at the top, and the ISM at the bottom. In other words, the International Service Meetings serves &hellip; Continu\u0103 s\u0103 cite\u0219ti What is a \u2018Group Service Representative\u2019 in ITAA?\" \/>\n<meta property=\"og:url\" content=\"https:\/\/internetaddictsanonymous.org\/ro\/gsr\/\" \/>\n<meta property=\"og:site_name\" content=\"Internet and Technology Addicts Anonymous\" \/>\n<meta property=\"article:modified_time\" content=\"2025-01-21T21:31:26+00:00\" \/>\n<meta name=\"twitter:card\" content=\"summary_large_image\" \/>\n<meta name=\"twitter:label1\" content=\"Timp estimat pentru citire\" \/>\n\t<meta name=\"twitter:data1\" content=\"4 minute\" \/>\n<script type=\"application\/ld+json\" class=\"yoast-schema-graph\">{\"@context\":\"https:\\\/\\\/schema.org\",\"@graph\":[{\"@type\":\"WebPage\",\"@id\":\"https:\\\/\\\/internetaddictsanonymous.org\\\/gsr\\\/\",\"url\":\"https:\\\/\\\/internetaddictsanonymous.org\\\/gsr\\\/\",\"name\":\"What is a \u2018Group Service Representative\u2019 in ITAA? &#8211; Internet and Technology Addicts Anonymous\",\"isPartOf\":{\"@id\":\"https:\\\/\\\/internetaddictsanonymous.org\\\/#website\"},\"datePublished\":\"2022-03-24T00:02:20+00:00\",\"dateModified\":\"2025-01-21T21:31:26+00:00\",\"breadcrumb\":{\"@id\":\"https:\\\/\\\/internetaddictsanonymous.org\\\/gsr\\\/#breadcrumb\"},\"inLanguage\":\"ro-RO\",\"potentialAction\":[{\"@type\":\"ReadAction\",\"target\":[\"https:\\\/\\\/internetaddictsanonymous.org\\\/gsr\\\/\"]}]},{\"@type\":\"BreadcrumbList\",\"@id\":\"https:\\\/\\\/internetaddictsanonymous.org\\\/gsr\\\/#breadcrumb\",\"itemListElement\":[{\"@type\":\"ListItem\",\"position\":1,\"name\":\"Home\",\"item\":\"https:\\\/\\\/internetaddictsanonymous.org\\\/\"},{\"@type\":\"ListItem\",\"position\":2,\"name\":\"What is a \u2018Group Service Representative\u2019 in ITAA?\"}]},{\"@type\":\"WebSite\",\"@id\":\"https:\\\/\\\/internetaddictsanonymous.org\\\/#website\",\"url\":\"https:\\\/\\\/internetaddictsanonymous.org\\\/\",\"name\":\"Internet and Technology Addicts Anonymous\",\"description\":\"Worldwide 12-step Fellowship for Internet and Technology Addiction\",\"publisher\":{\"@id\":\"https:\\\/\\\/internetaddictsanonymous.org\\\/#organization\"},\"potentialAction\":[{\"@type\":\"SearchAction\",\"target\":{\"@type\":\"EntryPoint\",\"urlTemplate\":\"https:\\\/\\\/internetaddictsanonymous.org\\\/?s={search_term_string}\"},\"query-input\":{\"@type\":\"PropertyValueSpecification\",\"valueRequired\":true,\"valueName\":\"search_term_string\"}}],\"inLanguage\":\"ro-RO\"},{\"@type\":\"Organization\",\"@id\":\"https:\\\/\\\/internetaddictsanonymous.org\\\/#organization\",\"name\":\"Internet and Technology Addicts Anonymous\",\"url\":\"https:\\\/\\\/internetaddictsanonymous.org\\\/\",\"logo\":{\"@type\":\"ImageObject\",\"inLanguage\":\"ro-RO\",\"@id\":\"https:\\\/\\\/internetaddictsanonymous.org\\\/#\\\/schema\\\/logo\\\/image\\\/\",\"url\":\"https:\\\/\\\/internetaddictsanonymous.org\\\/wp-content\\\/uploads\\\/2023\\\/01\\\/cropped-ITAA-logo-480px.png\",\"contentUrl\":\"https:\\\/\\\/internetaddictsanonymous.org\\\/wp-content\\\/uploads\\\/2023\\\/01\\\/cropped-ITAA-logo-480px.png\",\"width\":480,\"height\":480,\"caption\":\"Internet and Technology Addicts Anonymous\"},\"image\":{\"@id\":\"https:\\\/\\\/internetaddictsanonymous.org\\\/#\\\/schema\\\/logo\\\/image\\\/\"}}]}<\/script>\n<!-- \/ Yoast SEO plugin. -->","yoast_head_json":{"title":"Ce este un \"reprezentant al serviciilor de grup\" \u00een ITAA? - Dependen\u021bii de Internet \u0219i Tehnologie Anonimi","robots":{"index":"index","follow":"follow","max-snippet":"max-snippet:-1","max-image-preview":"max-image-preview:large","max-video-preview":"max-video-preview:-1"},"canonical":"https:\/\/internetaddictsanonymous.org\/ro\/gsr\/","og_locale":"ro_RO","og_type":"article","og_title":"What is a \u2018Group Service Representative\u2019 in ITAA? &#8211; Internet and Technology Addicts Anonymous","og_description":"A \u2018Group Service Representative\u2019 (GSR) is a member of ITAA who has been elected by a particular ITAA group to represent that group at International Service Meetings (ISMs). ITAA\u2019s service structure resembles an inverted pyramid, with the groups at the top, and the ISM at the bottom. In other words, the International Service Meetings serves &hellip; Continu\u0103 s\u0103 cite\u0219ti What is a \u2018Group Service Representative\u2019 in ITAA?","og_url":"https:\/\/internetaddictsanonymous.org\/ro\/gsr\/","og_site_name":"Internet and Technology Addicts Anonymous","article_modified_time":"2025-01-21T21:31:26+00:00","twitter_card":"summary_large_image","twitter_misc":{"Timp estimat pentru citire":"4 minute"},"schema":{"@context":"https:\/\/schema.org","@graph":[{"@type":"WebPage","@id":"https:\/\/internetaddictsanonymous.org\/gsr\/","url":"https:\/\/internetaddictsanonymous.org\/gsr\/","name":"Ce este un \"reprezentant al serviciilor de grup\" \u00een ITAA? - Dependen\u021bii de Internet \u0219i Tehnologie Anonimi","isPartOf":{"@id":"https:\/\/internetaddictsanonymous.org\/#website"},"datePublished":"2022-03-24T00:02:20+00:00","dateModified":"2025-01-21T21:31:26+00:00","breadcrumb":{"@id":"https:\/\/internetaddictsanonymous.org\/gsr\/#breadcrumb"},"inLanguage":"ro-RO","potentialAction":[{"@type":"ReadAction","target":["https:\/\/internetaddictsanonymous.org\/gsr\/"]}]},{"@type":"BreadcrumbList","@id":"https:\/\/internetaddictsanonymous.org\/gsr\/#breadcrumb","itemListElement":[{"@type":"ListItem","position":1,"name":"Home","item":"https:\/\/internetaddictsanonymous.org\/"},{"@type":"ListItem","position":2,"name":"What is a \u2018Group Service Representative\u2019 in ITAA?"}]},{"@type":"WebSite","@id":"https:\/\/internetaddictsanonymous.org\/#website","url":"https:\/\/internetaddictsanonymous.org\/","name":"Dependen\u021bii de Internet \u0219i Tehnologie Anonimi","description":"Fr\u0103\u021bie mondial\u0103 \u00een 12 pa\u0219i pentru dependen\u021ba de internet \u0219i tehnologie","publisher":{"@id":"https:\/\/internetaddictsanonymous.org\/#organization"},"potentialAction":[{"@type":"SearchAction","target":{"@type":"EntryPoint","urlTemplate":"https:\/\/internetaddictsanonymous.org\/?s={search_term_string}"},"query-input":{"@type":"PropertyValueSpecification","valueRequired":true,"valueName":"search_term_string"}}],"inLanguage":"ro-RO"},{"@type":"Organization","@id":"https:\/\/internetaddictsanonymous.org\/#organization","name":"Dependen\u021bii de Internet \u0219i Tehnologie Anonimi","url":"https:\/\/internetaddictsanonymous.org\/","logo":{"@type":"ImageObject","inLanguage":"ro-RO","@id":"https:\/\/internetaddictsanonymous.org\/#\/schema\/logo\/image\/","url":"https:\/\/internetaddictsanonymous.org\/wp-content\/uploads\/2023\/01\/cropped-ITAA-logo-480px.png","contentUrl":"https:\/\/internetaddictsanonymous.org\/wp-content\/uploads\/2023\/01\/cropped-ITAA-logo-480px.png","width":480,"height":480,"caption":"Internet and Technology Addicts Anonymous"},"image":{"@id":"https:\/\/internetaddictsanonymous.org\/#\/schema\/logo\/image\/"}}]}},"jetpack_sharing_enabled":true,"jetpack_shortlink":"https:\/\/wp.me\/P9Fwob-3xe","_links":{"self":[{"href":"https:\/\/internetaddictsanonymous.org\/ro\/wp-json\/wp\/v2\/pages\/13592","targetHints":{"allow":["GET"]}}],"collection":[{"href":"https:\/\/internetaddictsanonymous.org\/ro\/wp-json\/wp\/v2\/pages"}],"about":[{"href":"https:\/\/internetaddictsanonymous.org\/ro\/wp-json\/wp\/v2\/types\/page"}],"author":[{"embeddable":true,"href":"https:\/\/internetaddictsanonymous.org\/ro\/wp-json\/wp\/v2\/users\/35194255"}],"replies":[{"embeddable":true,"href":"https:\/\/internetaddictsanonymous.org\/ro\/wp-json\/wp\/v2\/comments?post=13592"}],"version-history":[{"count":9,"href":"https:\/\/internetaddictsanonymous.org\/ro\/wp-json\/wp\/v2\/pages\/13592\/revisions"}],"predecessor-version":[{"id":19241,"href":"https:\/\/internetaddictsanonymous.org\/ro\/wp-json\/wp\/v2\/pages\/13592\/revisions\/19241"}],"wp:attachment":[{"href":"https:\/\/internetaddictsanonymous.org\/ro\/wp-json\/wp\/v2\/media?parent=13592"}],"wp:term":[{"taxonomy":"post_tag","embeddable":true,"href":"https:\/\/internetaddictsanonymous.org\/ro\/wp-json\/wp\/v2\/tags?post=13592"}],"curies":[{"name":"wp","href":"https:\/\/api.w.org\/{rel}","templated":true}]}}