{"id":14154,"date":"2022-08-29T17:23:26","date_gmt":"2022-08-29T17:23:26","guid":{"rendered":"https:\/\/internetaddictsanonymous.org\/?page_id=14154"},"modified":"2024-06-16T20:37:33","modified_gmt":"2024-06-17T00:37:33","slug":"literatura-si-ghiduri","status":"publish","type":"page","link":"https:\/\/internetaddictsanonymous.org\/ro\/literature-and-guides\/","title":{"rendered":"Literatur\u0103 \u0219i ghiduri"},"content":{"rendered":"<p>Mai jos se afl\u0103 o list\u0103 de resurse scrise despre natura dependen\u021bei noastre \u0219i despre modul \u00een care putem parcurge cel mai bine c\u0103l\u0103toria noastr\u0103 de recuperare. Aceste resurse au fost redactate de Comitetul nostru de con\u021binut web \u0219i de Comitetul nostru de literatur\u0103. Dac\u0103 dori\u021bi s\u0103 \u00eemp\u0103rt\u0103\u0219i\u021bi feedback sau s\u0103 contribui\u021bi la eforturile noastre, ne-ar pl\u0103cea s\u0103 v\u0103 auzim sau s\u0103 v\u0103 al\u0103tura\u021bi uneia dintre \u00eent\u00e2lnirile noastre. Mai multe detalii pot fi g\u0103site pe&nbsp;<a href=\"https:\/\/internetaddictsanonymous.org\/ro\/posturi-de-serviciu-vacante\/\">Comitete de servicii<\/a>&nbsp;pagin\u0103.<\/p>\n\n\n\n<h2 class=\"wp-block-heading\">No\u021biuni introductive<\/h2>\n\n\n\n<div class=\"wp-block-columns is-layout-flex wp-container-core-columns-is-layout-9d6595d7 wp-block-columns-is-layout-flex\">\n<div class=\"wp-block-column is-layout-flow wp-block-column-is-layout-flow\">\n<p><strong><a href=\"https:\/\/internetaddictsanonymous.org\/ro\/ghid-pentru-noii-veniti\/\">Un ghid pentru nou-veni\u021bi<\/a><br><\/strong>O list\u0103 de \u0219ase sugestii simple pentru \u00eenceperea activit\u0103\u021bii \u00een ITAA.<\/p>\n\n\n\n<p><strong><a href=\"https:\/\/internetaddictsanonymous.org\/ro\/resurse\/instrumente-de-recuperare\/\">Instrumente de recuperare<\/a><br><\/strong>Instrumente \u0219i strategii testate \u00een timp care ne pot ajuta s\u0103 r\u0103m\u00e2nem abstinen\u021bi.<\/p>\n\n\n\n<p><strong><a href=\"https:\/\/internetaddictsanonymous.org\/ro\/descoperirea-sobrietatii-foaie-de-lucru-o-introducere-la-recuperarea-dependentei-de-internet\/\">Foaie de lucru pentru descoperirea sobriet\u0103\u021bii<\/a><\/strong><br>O foaie de lucru conceput\u0103 pentru a ne ajuta s\u0103 ne schi\u021b\u0103m liniile de sus, de mijloc \u0219i de jos, cu \u00eentreb\u0103ri \u0219i \u00eendemnuri de urmat.<\/p>\n<\/div>\n\n\n\n<div class=\"wp-block-column is-layout-flow wp-block-column-is-layout-flow\">\n<p><strong><a href=\"https:\/\/internetaddictsanonymous.org\/ro\/povesti-de-recuperare\/\">Pove\u0219ti de recuperare<\/a><br><\/strong>Pove\u0219ti \u00eenregistrate \u0219i scrise de la membrii recupera\u021bi ai ITAA.<\/p>\n\n\n\n<p><strong><a href=\"https:\/\/drive.google.com\/file\/d\/1y8ZgwLScawJeQq0LZ8vN3THEhiBk4YAv\/view\">Pamflet de bun venit ITAA<\/a><\/strong><br>O bro\u0219ur\u0103 tripl\u0103 imprimabil\u0103 care ofer\u0103 o prezentare general\u0103 a programului ITAA (<a href=\"https:\/\/drive.google.com\/file\/d\/1fmIJRc_6SpHw75_1qrfd7NkuC-67Epxm\/view?usp=sharing\" target=\"_blank\" rel=\"noreferrer noopener\">A4<\/a>) (<a href=\"https:\/\/docs.google.com\/document\/d\/1SJDReYLLhs5hgC0I1hotkrCmZ3-6YZmxTNB7lb27KJM\/edit?usp=sharing\" target=\"_blank\" rel=\"noreferrer noopener\">instruc\u021biuni de imprimare<\/a>).<\/p>\n\n\n\n<p><strong><a href=\"https:\/\/internetaddictsanonymous.org\/ro\/12-pasi-ai-itaa\/\">Cei Doisprezece Pa\u0219i \u0219i cele Dou\u0103sprezece Tradi\u021bii ale ITAA<\/a><br><\/strong>Principiile directoare ale programului nostru.<\/p>\n<\/div>\n<\/div>\n\n\n\n<p><\/p>\n\n\n\n<h2 class=\"wp-block-heading\">Aprofundarea redres\u0103rii noastre<\/h2>\n\n\n\n<div class=\"wp-block-columns is-layout-flex wp-container-core-columns-is-layout-9d6595d7 wp-block-columns-is-layout-flex\">\n<div class=\"wp-block-column is-layout-flow wp-block-column-is-layout-flow\">\n<p><a href=\"https:\/\/internetaddictsanonymous.org\/ro\/un-ghid-al-retragerilor\/\"><strong>Gestionarea retragerilor<\/strong><\/a><br>O descriere a procesului de retragere, \u00eempreun\u0103 cu pove\u0219ti de recuperare de la patru membri.<\/p>\n\n\n\n<p><a href=\"https:\/\/internetaddictsanonymous.org\/ro\/un-ghid-al-sobrietatii-alunecari-si-recidive-in-itaa\/\"><strong>\u00cen\u021belegerea sobriet\u0103\u021bii, a alunec\u0103rilor \u0219i a recidivelor<\/strong><\/a><br>O prezentare general\u0103 a ceea ce \u00eenseamn\u0103 sobrietatea \u00een ITAA, precum \u0219i a modului de a preveni \u0219i de a cre\u0219te \u00een urma derapajelor \u0219i recidivelor.<\/p>\n\n\n\n<p><strong><a href=\"https:\/\/internetaddictsanonymous.org\/ro\/un-ghid-pentru-apelurile-de-proximitate-in-itaa\/\">Efectuarea de apeluri de proximitate<\/a><br><\/strong>Un ghid pentru apelarea altor membri \u00een afara \u00eent\u00e2lnirilor, unul dintre instrumentele vitale ale recuper\u0103rii noastre.<\/p>\n<\/div>\n\n\n\n<div class=\"wp-block-column is-layout-flow wp-block-column-is-layout-flow\">\n<p><a href=\"https:\/\/internetaddictsanonymous.org\/ro\/sponsorizare\/\"><strong>Importan\u021ba sponsoriz\u0103rii<\/strong><\/a><br>Sponsorizarea este o rela\u021bie informal\u0103 \u00een care un membru mai experimentat al ITAA ne ajut\u0103 s\u0103 ne \u00eendrum\u0103m pe parcursul recuper\u0103rii.<\/p>\n\n\n\n<p><a href=\"https:\/\/internetaddictsanonymous.org\/ro\/resurse\/cum-sa-lucrati-cu-pasii\/\"><strong>Cum s\u0103 folosi\u021bi treptele<\/strong><br><\/a>Resurse pe care le putem folosi pentru a parcurge cei Doisprezece Pa\u0219i.<\/p>\n\n\n\n<p><a href=\"https:\/\/internetaddictsanonymous.org\/ro\/the-doctors-opinion\/\"><strong>Dovezile \u0219tiin\u021bifice privind dependen\u021ba de internet \u0219i tehnologie<\/strong><\/a><br>O prezentare general\u0103 a efectelor \u0219i consecin\u021belor dependen\u021bei de internet \u0219i de tehnologie.<\/p>\n<\/div>\n<\/div>\n\n\n\n<p><\/p>\n\n\n\n<h2 class=\"wp-block-heading\">A fi de serviciu<\/h2>\n\n\n\n<div class=\"wp-block-columns is-layout-flex wp-container-core-columns-is-layout-9d6595d7 wp-block-columns-is-layout-flex\">\n<div class=\"wp-block-column is-layout-flow wp-block-column-is-layout-flow\">\n<p><a href=\"https:\/\/internetaddictsanonymous.org\/ro\/leading-and-strengthening-meetings\/\"><strong>Cum func\u021bioneaz\u0103 reuniunile<\/strong><\/a><br>Un ghid cuprinz\u0103tor pentru a crea \u00eent\u00e2lniri puternice, s\u0103n\u0103toase \u0219i \u00een cre\u0219tere.<\/p>\n\n\n\n<p><strong><a href=\"https:\/\/internetaddictsanonymous.org\/ro\/ghid-pentru-constiintele-de-grup\/\">Un ghid pentru con\u0219tiin\u021bele de grup<\/a><\/strong><br>O prezentare detaliat\u0103 a procesului de con\u0219tiin\u021b\u0103 de grup prin care lu\u0103m decizii de grup.<\/p>\n<\/div>\n\n\n\n<div class=\"wp-block-column is-layout-flow wp-block-column-is-layout-flow\">\n<p><strong><a href=\"https:\/\/internetaddictsanonymous.org\/ro\/siguranta-in-itaa\/\">Siguran\u021ba \u00een ITAA<\/a><br><\/strong>Un ghid pentru a reac\u021biona la un comportament nesigur sau inadecvat.<\/p>\n\n\n\n<p><strong><a href=\"https:\/\/internetaddictsanonymous.org\/ro\/resurse\/resurse-de-servicii\/principii-pentru-grupurile-de-chat\/\">Principii pentru grupurile de chat<\/a><\/strong><br>Un ghid pentru a v\u0103 asigura c\u0103 grupurile de chat ITAA sunt vehicule s\u0103n\u0103toase pentru transmiterea mesajului de recuperare.<\/p>\n\n\n\n<p><strong><a href=\"https:\/\/internetaddictsanonymous.org\/ro\/gsr\/\">Reprezentan\u021bi ai serviciilor de grup<\/a><\/strong><br>Un RSG reprezint\u0103 un grup individual la reuniunile noastre interna\u021bionale de serviciu.<br><\/p>\n<\/div>\n<\/div>\n\n\n\n<p><\/p>\n<!-- PMB print buttons is only displayed on a single post\/page URLs-->","protected":false},"excerpt":{"rendered":"<p>Below is a list of written resources about the nature of our addiction and how we can best navigate our recovery journey. These resources have been written by our Web Content Committee and our Literature Committee. If you would like to share feedback or contribute to our efforts, we would love to hear from you &hellip; <a href=\"https:\/\/internetaddictsanonymous.org\/ro\/literature-and-guides\/\" class=\"more-link\">Continu\u0103 s\u0103 cite\u0219ti <span class=\"screen-reader-text\">Literatur\u0103 \u0219i ghiduri<\/span><\/a><\/p>","protected":false},"author":35194237,"featured_media":0,"parent":0,"menu_order":0,"comment_status":"closed","ping_status":"closed","template":"full-width-page.php","meta":{"inline_featured_image":false,"_lmt_disableupdate":"","_lmt_disable":"","jetpack_post_was_ever_published":false,"footnotes":""},"tags":[],"class_list":["post-14154","page","type-page","status-publish","hentry"],"yoast_head":"<!-- This site is optimized with the Yoast SEO plugin v27.1.1 - https:\/\/yoast.com\/product\/yoast-seo-wordpress\/ -->\n<title>Literature and Guides &#8211; Internet and Technology Addicts Anonymous<\/title>\n<meta name=\"robots\" content=\"index, follow, max-snippet:-1, max-image-preview:large, max-video-preview:-1\" \/>\n<link rel=\"canonical\" href=\"https:\/\/internetaddictsanonymous.org\/ro\/literatura-si-ghiduri\/\" \/>\n<meta property=\"og:locale\" content=\"ro_RO\" \/>\n<meta property=\"og:type\" content=\"article\" \/>\n<meta property=\"og:title\" content=\"Literature and Guides &#8211; Internet and Technology Addicts Anonymous\" \/>\n<meta property=\"og:description\" content=\"Below is a list of written resources about the nature of our addiction and how we can best navigate our recovery journey. These resources have been written by our Web Content Committee and our Literature Committee. If you would like to share feedback or contribute to our efforts, we would love to hear from you &hellip; Continu\u0103 s\u0103 cite\u0219ti Literature and Guides\" \/>\n<meta property=\"og:url\" content=\"https:\/\/internetaddictsanonymous.org\/ro\/literatura-si-ghiduri\/\" \/>\n<meta property=\"og:site_name\" content=\"Internet and Technology Addicts Anonymous\" \/>\n<meta property=\"article:modified_time\" content=\"2024-06-17T00:37:33+00:00\" \/>\n<meta name=\"twitter:card\" content=\"summary_large_image\" \/>\n<meta name=\"twitter:label1\" content=\"Timp estimat pentru citire\" \/>\n\t<meta name=\"twitter:data1\" content=\"2 minute\" \/>\n<script type=\"application\/ld+json\" class=\"yoast-schema-graph\">{\"@context\":\"https:\/\/schema.org\",\"@graph\":[{\"@type\":\"WebPage\",\"@id\":\"https:\/\/internetaddictsanonymous.org\/literature-and-guides\/\",\"url\":\"https:\/\/internetaddictsanonymous.org\/literature-and-guides\/\",\"name\":\"Literature and Guides &#8211; Internet and Technology Addicts Anonymous\",\"isPartOf\":{\"@id\":\"https:\/\/internetaddictsanonymous.org\/#website\"},\"datePublished\":\"2022-08-29T17:23:26+00:00\",\"dateModified\":\"2024-06-17T00:37:33+00:00\",\"breadcrumb\":{\"@id\":\"https:\/\/internetaddictsanonymous.org\/literature-and-guides\/#breadcrumb\"},\"inLanguage\":\"ro-RO\",\"potentialAction\":[{\"@type\":\"ReadAction\",\"target\":[\"https:\/\/internetaddictsanonymous.org\/literature-and-guides\/\"]}]},{\"@type\":\"BreadcrumbList\",\"@id\":\"https:\/\/internetaddictsanonymous.org\/literature-and-guides\/#breadcrumb\",\"itemListElement\":[{\"@type\":\"ListItem\",\"position\":1,\"name\":\"Home\",\"item\":\"https:\/\/internetaddictsanonymous.org\/\"},{\"@type\":\"ListItem\",\"position\":2,\"name\":\"Literature and Guides\"}]},{\"@type\":\"WebSite\",\"@id\":\"https:\/\/internetaddictsanonymous.org\/#website\",\"url\":\"https:\/\/internetaddictsanonymous.org\/\",\"name\":\"Internet and Technology Addicts Anonymous\",\"description\":\"Worldwide 12-step Fellowship for Internet and Technology Addiction\",\"publisher\":{\"@id\":\"https:\/\/internetaddictsanonymous.org\/#organization\"},\"potentialAction\":[{\"@type\":\"SearchAction\",\"target\":{\"@type\":\"EntryPoint\",\"urlTemplate\":\"https:\/\/internetaddictsanonymous.org\/?s={search_term_string}\"},\"query-input\":{\"@type\":\"PropertyValueSpecification\",\"valueRequired\":true,\"valueName\":\"search_term_string\"}}],\"inLanguage\":\"ro-RO\"},{\"@type\":\"Organization\",\"@id\":\"https:\/\/internetaddictsanonymous.org\/#organization\",\"name\":\"Internet and Technology Addicts Anonymous\",\"url\":\"https:\/\/internetaddictsanonymous.org\/\",\"logo\":{\"@type\":\"ImageObject\",\"inLanguage\":\"ro-RO\",\"@id\":\"https:\/\/internetaddictsanonymous.org\/#\/schema\/logo\/image\/\",\"url\":\"https:\/\/internetaddictsanonymous.org\/wp-content\/uploads\/2023\/01\/cropped-ITAA-logo-480px.png\",\"contentUrl\":\"https:\/\/internetaddictsanonymous.org\/wp-content\/uploads\/2023\/01\/cropped-ITAA-logo-480px.png\",\"width\":480,\"height\":480,\"caption\":\"Internet and Technology Addicts Anonymous\"},\"image\":{\"@id\":\"https:\/\/internetaddictsanonymous.org\/#\/schema\/logo\/image\/\"}}]}<\/script>\n<!-- \/ Yoast SEO plugin. -->","yoast_head_json":{"title":"Literatur\u0103 \u0219i ghiduri - Dependen\u021bii de Internet \u0219i Tehnologie Anonimi","robots":{"index":"index","follow":"follow","max-snippet":"max-snippet:-1","max-image-preview":"max-image-preview:large","max-video-preview":"max-video-preview:-1"},"canonical":"https:\/\/internetaddictsanonymous.org\/ro\/literatura-si-ghiduri\/","og_locale":"ro_RO","og_type":"article","og_title":"Literature and Guides &#8211; Internet and Technology Addicts Anonymous","og_description":"Below is a list of written resources about the nature of our addiction and how we can best navigate our recovery journey. These resources have been written by our Web Content Committee and our Literature Committee. If you would like to share feedback or contribute to our efforts, we would love to hear from you &hellip; Continu\u0103 s\u0103 cite\u0219ti Literature and Guides","og_url":"https:\/\/internetaddictsanonymous.org\/ro\/literatura-si-ghiduri\/","og_site_name":"Internet and Technology Addicts Anonymous","article_modified_time":"2024-06-17T00:37:33+00:00","twitter_card":"summary_large_image","twitter_misc":{"Timp estimat pentru citire":"2 minute"},"schema":{"@context":"https:\/\/schema.org","@graph":[{"@type":"WebPage","@id":"https:\/\/internetaddictsanonymous.org\/literature-and-guides\/","url":"https:\/\/internetaddictsanonymous.org\/literature-and-guides\/","name":"Literatur\u0103 \u0219i ghiduri - Dependen\u021bii de Internet \u0219i Tehnologie Anonimi","isPartOf":{"@id":"https:\/\/internetaddictsanonymous.org\/#website"},"datePublished":"2022-08-29T17:23:26+00:00","dateModified":"2024-06-17T00:37:33+00:00","breadcrumb":{"@id":"https:\/\/internetaddictsanonymous.org\/literature-and-guides\/#breadcrumb"},"inLanguage":"ro-RO","potentialAction":[{"@type":"ReadAction","target":["https:\/\/internetaddictsanonymous.org\/literature-and-guides\/"]}]},{"@type":"BreadcrumbList","@id":"https:\/\/internetaddictsanonymous.org\/literature-and-guides\/#breadcrumb","itemListElement":[{"@type":"ListItem","position":1,"name":"Home","item":"https:\/\/internetaddictsanonymous.org\/"},{"@type":"ListItem","position":2,"name":"Literature and Guides"}]},{"@type":"WebSite","@id":"https:\/\/internetaddictsanonymous.org\/#website","url":"https:\/\/internetaddictsanonymous.org\/","name":"Dependen\u021bii de Internet \u0219i Tehnologie Anonimi","description":"Fr\u0103\u021bie mondial\u0103 \u00een 12 pa\u0219i pentru dependen\u021ba de internet \u0219i tehnologie","publisher":{"@id":"https:\/\/internetaddictsanonymous.org\/#organization"},"potentialAction":[{"@type":"SearchAction","target":{"@type":"EntryPoint","urlTemplate":"https:\/\/internetaddictsanonymous.org\/?s={search_term_string}"},"query-input":{"@type":"PropertyValueSpecification","valueRequired":true,"valueName":"search_term_string"}}],"inLanguage":"ro-RO"},{"@type":"Organization","@id":"https:\/\/internetaddictsanonymous.org\/#organization","name":"Dependen\u021bii de Internet \u0219i Tehnologie Anonimi","url":"https:\/\/internetaddictsanonymous.org\/","logo":{"@type":"ImageObject","inLanguage":"ro-RO","@id":"https:\/\/internetaddictsanonymous.org\/#\/schema\/logo\/image\/","url":"https:\/\/internetaddictsanonymous.org\/wp-content\/uploads\/2023\/01\/cropped-ITAA-logo-480px.png","contentUrl":"https:\/\/internetaddictsanonymous.org\/wp-content\/uploads\/2023\/01\/cropped-ITAA-logo-480px.png","width":480,"height":480,"caption":"Internet and Technology Addicts Anonymous"},"image":{"@id":"https:\/\/internetaddictsanonymous.org\/#\/schema\/logo\/image\/"}}]}},"jetpack_sharing_enabled":true,"jetpack_shortlink":"https:\/\/wp.me\/P9Fwob-3Gi","_links":{"self":[{"href":"https:\/\/internetaddictsanonymous.org\/ro\/wp-json\/wp\/v2\/pages\/14154","targetHints":{"allow":["GET"]}}],"collection":[{"href":"https:\/\/internetaddictsanonymous.org\/ro\/wp-json\/wp\/v2\/pages"}],"about":[{"href":"https:\/\/internetaddictsanonymous.org\/ro\/wp-json\/wp\/v2\/types\/page"}],"author":[{"embeddable":true,"href":"https:\/\/internetaddictsanonymous.org\/ro\/wp-json\/wp\/v2\/users\/35194237"}],"replies":[{"embeddable":true,"href":"https:\/\/internetaddictsanonymous.org\/ro\/wp-json\/wp\/v2\/comments?post=14154"}],"version-history":[{"count":11,"href":"https:\/\/internetaddictsanonymous.org\/ro\/wp-json\/wp\/v2\/pages\/14154\/revisions"}],"predecessor-version":[{"id":18152,"href":"https:\/\/internetaddictsanonymous.org\/ro\/wp-json\/wp\/v2\/pages\/14154\/revisions\/18152"}],"wp:attachment":[{"href":"https:\/\/internetaddictsanonymous.org\/ro\/wp-json\/wp\/v2\/media?parent=14154"}],"wp:term":[{"taxonomy":"post_tag","embeddable":true,"href":"https:\/\/internetaddictsanonymous.org\/ro\/wp-json\/wp\/v2\/tags?post=14154"}],"curies":[{"name":"wp","href":"https:\/\/api.w.org\/{rel}","templated":true}]}}