{"id":14520,"date":"2022-11-07T16:51:18","date_gmt":"2022-11-07T21:51:18","guid":{"rendered":"https:\/\/internetaddictsanonymous.org\/?page_id=14520"},"modified":"2023-01-08T17:22:07","modified_gmt":"2023-01-08T22:22:07","slug":"cele-douasprezece-concepte","status":"publish","type":"page","link":"https:\/\/internetaddictsanonymous.org\/ro\/the-twelve-concepts\/","title":{"rendered":"Cele dou\u0103sprezece concepte"},"content":{"rendered":"<p>Aceast\u0103 pagin\u0103 con\u021bine cele Dou\u0103sprezece Concepte ale Alcoolicilor Anonimi, care descriu principiile directoare de func\u021bionare \u0219i structurile de servicii ale AA. \u00cen viitor, ITAA sper\u0103 s\u0103 modifice cele Dou\u0103sprezece Concepte pentru a reflecta propriile noastre principii directoare de func\u021bionare \u0219i structuri de servicii, \u00een a\u0219teptarea aprob\u0103rii Fellowship. \u00centre timp, cele Dou\u0103sprezece Concepte ale AA pot servi ca punct de referin\u021b\u0103 util.<\/p>\n\n\n\n<ol class=\"wp-block-list\">\n<li>Responsabilitatea final\u0103 \u0219i autoritatea suprem\u0103 pentru serviciile mondiale ale AA trebuie s\u0103 se afle \u00eentotdeauna \u00een con\u0219tiin\u021ba colectiv\u0103 a \u00eentregii noastre Fr\u0103\u021bii.<\/li>\n\n\n\n<li>Conferin\u021ba pentru Servicii Generale a AA a devenit, \u00een aproape toate scopurile practice, vocea activ\u0103 \u0219i con\u0219tiin\u021ba eficient\u0103 a \u00eentregii noastre societ\u0103\u021bi \u00een afacerile sale mondiale.<\/li>\n\n\n\n<li>Pentru a asigura o conducere eficient\u0103, ar trebui s\u0103 \u00eenzestr\u0103m fiecare element al AA - Conferin\u021ba, Consiliul pentru Servicii Generale \u0219i corpora\u021biile sale de servicii, personalul, comitetele \u0219i directorii - cu un \"drept de decizie\" tradi\u021bional.&nbsp;<\/li>\n\n\n\n<li>La toate nivelurile de responsabilitate, ar trebui s\u0103 men\u021binem un \"drept de participare\" tradi\u021bional, permi\u021b\u00e2nd o reprezentare prin vot \u00een propor\u021bie rezonabil\u0103 cu responsabilitatea pe care fiecare trebuie s\u0103 o \u00eendeplineasc\u0103.&nbsp;<\/li>\n\n\n\n<li>\u00cen \u00eentreaga noastr\u0103 structur\u0103, ar trebui s\u0103 prevaleze un \"drept de apel\" tradi\u021bional, astfel \u00eenc\u00e2t opiniile minorit\u0103\u021bilor s\u0103 fie ascultate, iar pl\u00e2ngerile personale s\u0103 primeasc\u0103 o aten\u021bie deosebit\u0103.&nbsp;<\/li>\n\n\n\n<li>Conferin\u021ba recunoa\u0219te c\u0103 ini\u021biativa principal\u0103 \u0219i responsabilitatea activ\u0103 \u00een majoritatea chestiunilor legate de serviciile mondiale ar trebui s\u0103 fie exercitate de membrii administratori ai Conferin\u021bei care ac\u021bioneaz\u0103 \u00een calitate de Consiliu al serviciilor generale.&nbsp;<\/li>\n\n\n\n<li>Carta \u0219i Regulamentul Consiliului pentru Servicii Generale sunt instrumente juridice, care \u00eemputernicesc administratorii s\u0103 gestioneze \u0219i s\u0103 conduc\u0103 afacerile serviciilor mondiale. Carta Conferin\u021bei nu este un document juridic; ea se bazeaz\u0103 pe tradi\u021bie \u0219i pe pungile A.A. pentru eficacitatea final\u0103.&nbsp;<\/li>\n\n\n\n<li>Administratorii sunt principalii planificatori \u0219i administratori ai politicii \u0219i finan\u021belor generale. Ace\u0219tia supravegheaz\u0103 serviciile constituite separat \u0219i active \u00een mod constant, exercit\u00e2ndu-\u0219i acest drept prin capacitatea de a alege to\u021bi directorii acestor entit\u0103\u021bi.&nbsp;<\/li>\n\n\n\n<li>O bun\u0103 conducere a serviciilor la toate nivelurile este indispensabil\u0103 pentru func\u021bionarea \u0219i siguran\u021ba noastr\u0103 viitoare. Conducerea principal\u0103 a serviciilor mondiale, odat\u0103 exercitat\u0103 de fondatori, trebuie \u00een mod necesar s\u0103 fie asumat\u0103 de administratori.&nbsp;<\/li>\n\n\n\n<li>Fiec\u0103rei responsabilit\u0103\u021bi de serviciu ar trebui s\u0103 \u00eei corespund\u0103 o autoritate de serviciu egal\u0103, cu domeniul de aplicare al acestei autorit\u0103\u021bi bine definit.&nbsp;<\/li>\n\n\n\n<li>Administratorii ar trebui s\u0103 aib\u0103 \u00eentotdeauna cele mai bune comitete posibile, directori de servicii corporative, executivi, personal \u0219i consultan\u021bi. Componen\u021ba, calific\u0103rile, procedurile de ini\u021biere, precum \u0219i drepturile \u0219i \u00eendatoririle vor fi \u00eentotdeauna subiecte de preocupare serioas\u0103.&nbsp;<\/li>\n\n\n\n<li>Conferin\u021ba trebuie s\u0103 respecte spiritul tradi\u021biei AA, av\u00e2nd grij\u0103 s\u0103 nu devin\u0103 niciodat\u0103 sediul unei bog\u0103\u021bii sau al unei puteri primejdioase; s\u0103 aib\u0103 ca principiu financiar prudent fonduri de func\u021bionare \u0219i rezerve suficiente; s\u0103 nu plaseze niciunul dintre membrii s\u0103i \u00eentr-o pozi\u021bie de autoritate necalificat\u0103 asupra altora; s\u0103 ia toate deciziile importante prin discu\u021bii, vot \u0219i, ori de c\u00e2te ori este posibil, prin unanimitate substan\u021bial\u0103; ac\u021biunile sale s\u0103 nu fie niciodat\u0103 punitive din punct de vedere personal \u0219i s\u0103 nu constituie o incitare la controverse publice; s\u0103 nu \u00eendeplineasc\u0103 niciodat\u0103 acte de guvernare; ca, la fel ca Societatea pe care o serve\u0219te, s\u0103 r\u0103m\u00e2n\u0103 \u00eentotdeauna democratic\u0103 \u00een g\u00e2ndire \u0219i ac\u021biune.&nbsp;<\/li>\n<\/ol>\n\n\n\n<p>Copyright \u00a9 1962 Alcoholics Anonymous World Services, Inc. Toate drepturile rezervate<\/p>\n<!-- PMB print buttons is only displayed on a single post\/page URLs-->","protected":false},"excerpt":{"rendered":"<p>This page contains the Twelve Concepts of Alcoholics Anonymous, which describe AA\u2019s guiding operating principles and service structures. In the future, ITAA hopes to modify the Twelve Concepts to reflect our own guiding operating principles and service structures pending Fellowship approval. In the interim, AA\u2019s Twelve Concepts can serve as a useful point of reference. &hellip; <a href=\"https:\/\/internetaddictsanonymous.org\/ro\/the-twelve-concepts\/\" class=\"more-link\">Continu\u0103 s\u0103 cite\u0219ti <span class=\"screen-reader-text\">Cele dou\u0103sprezece concepte<\/span><\/a><\/p>","protected":false},"author":35194237,"featured_media":0,"parent":0,"menu_order":0,"comment_status":"closed","ping_status":"closed","template":"full-width-page.php","meta":{"inline_featured_image":false,"_lmt_disableupdate":"","_lmt_disable":"","footnotes":""},"tags":[],"class_list":["post-14520","page","type-page","status-publish","hentry"],"yoast_head":"<!-- This site is optimized with the Yoast SEO plugin v27.4 - https:\/\/yoast.com\/product\/yoast-seo-wordpress\/ -->\n<title>The Twelve Concepts &#8211; Internet and Technology Addicts Anonymous<\/title>\n<meta name=\"robots\" content=\"index, follow, max-snippet:-1, max-image-preview:large, max-video-preview:-1\" \/>\n<link rel=\"canonical\" href=\"https:\/\/internetaddictsanonymous.org\/ro\/cele-douasprezece-concepte\/\" \/>\n<meta property=\"og:locale\" content=\"ro_RO\" \/>\n<meta property=\"og:type\" content=\"article\" \/>\n<meta property=\"og:title\" content=\"The Twelve Concepts &#8211; Internet and Technology Addicts Anonymous\" \/>\n<meta property=\"og:description\" content=\"This page contains the Twelve Concepts of Alcoholics Anonymous, which describe AA\u2019s guiding operating principles and service structures. In the future, ITAA hopes to modify the Twelve Concepts to reflect our own guiding operating principles and service structures pending Fellowship approval. In the interim, AA\u2019s Twelve Concepts can serve as a useful point of reference. &hellip; Continu\u0103 s\u0103 cite\u0219ti The Twelve Concepts\" \/>\n<meta property=\"og:url\" content=\"https:\/\/internetaddictsanonymous.org\/ro\/cele-douasprezece-concepte\/\" \/>\n<meta property=\"og:site_name\" content=\"Internet and Technology Addicts Anonymous\" \/>\n<meta property=\"article:modified_time\" content=\"2023-01-08T22:22:07+00:00\" \/>\n<meta name=\"twitter:card\" content=\"summary_large_image\" \/>\n<meta name=\"twitter:label1\" content=\"Timp estimat pentru citire\" \/>\n\t<meta name=\"twitter:data1\" content=\"3 minute\" \/>\n<script type=\"application\/ld+json\" class=\"yoast-schema-graph\">{\"@context\":\"https:\\\/\\\/schema.org\",\"@graph\":[{\"@type\":\"WebPage\",\"@id\":\"https:\\\/\\\/internetaddictsanonymous.org\\\/the-twelve-concepts\\\/\",\"url\":\"https:\\\/\\\/internetaddictsanonymous.org\\\/the-twelve-concepts\\\/\",\"name\":\"The Twelve Concepts &#8211; Internet and Technology Addicts Anonymous\",\"isPartOf\":{\"@id\":\"https:\\\/\\\/internetaddictsanonymous.org\\\/#website\"},\"datePublished\":\"2022-11-07T21:51:18+00:00\",\"dateModified\":\"2023-01-08T22:22:07+00:00\",\"breadcrumb\":{\"@id\":\"https:\\\/\\\/internetaddictsanonymous.org\\\/the-twelve-concepts\\\/#breadcrumb\"},\"inLanguage\":\"ro-RO\",\"potentialAction\":[{\"@type\":\"ReadAction\",\"target\":[\"https:\\\/\\\/internetaddictsanonymous.org\\\/the-twelve-concepts\\\/\"]}]},{\"@type\":\"BreadcrumbList\",\"@id\":\"https:\\\/\\\/internetaddictsanonymous.org\\\/the-twelve-concepts\\\/#breadcrumb\",\"itemListElement\":[{\"@type\":\"ListItem\",\"position\":1,\"name\":\"Home\",\"item\":\"https:\\\/\\\/internetaddictsanonymous.org\\\/\"},{\"@type\":\"ListItem\",\"position\":2,\"name\":\"The Twelve Concepts\"}]},{\"@type\":\"WebSite\",\"@id\":\"https:\\\/\\\/internetaddictsanonymous.org\\\/#website\",\"url\":\"https:\\\/\\\/internetaddictsanonymous.org\\\/\",\"name\":\"Internet and Technology Addicts Anonymous\",\"description\":\"Worldwide 12-step Fellowship for Internet and Technology Addiction\",\"publisher\":{\"@id\":\"https:\\\/\\\/internetaddictsanonymous.org\\\/#organization\"},\"potentialAction\":[{\"@type\":\"SearchAction\",\"target\":{\"@type\":\"EntryPoint\",\"urlTemplate\":\"https:\\\/\\\/internetaddictsanonymous.org\\\/?s={search_term_string}\"},\"query-input\":{\"@type\":\"PropertyValueSpecification\",\"valueRequired\":true,\"valueName\":\"search_term_string\"}}],\"inLanguage\":\"ro-RO\"},{\"@type\":\"Organization\",\"@id\":\"https:\\\/\\\/internetaddictsanonymous.org\\\/#organization\",\"name\":\"Internet and Technology Addicts Anonymous\",\"url\":\"https:\\\/\\\/internetaddictsanonymous.org\\\/\",\"logo\":{\"@type\":\"ImageObject\",\"inLanguage\":\"ro-RO\",\"@id\":\"https:\\\/\\\/internetaddictsanonymous.org\\\/#\\\/schema\\\/logo\\\/image\\\/\",\"url\":\"https:\\\/\\\/internetaddictsanonymous.org\\\/wp-content\\\/uploads\\\/2023\\\/01\\\/cropped-ITAA-logo-480px.png\",\"contentUrl\":\"https:\\\/\\\/internetaddictsanonymous.org\\\/wp-content\\\/uploads\\\/2023\\\/01\\\/cropped-ITAA-logo-480px.png\",\"width\":480,\"height\":480,\"caption\":\"Internet and Technology Addicts Anonymous\"},\"image\":{\"@id\":\"https:\\\/\\\/internetaddictsanonymous.org\\\/#\\\/schema\\\/logo\\\/image\\\/\"}}]}<\/script>\n<!-- \/ Yoast SEO plugin. -->","yoast_head_json":{"title":"Cele dou\u0103sprezece concepte - Dependen\u021bii de Internet \u0219i Tehnologie Anonimi","robots":{"index":"index","follow":"follow","max-snippet":"max-snippet:-1","max-image-preview":"max-image-preview:large","max-video-preview":"max-video-preview:-1"},"canonical":"https:\/\/internetaddictsanonymous.org\/ro\/cele-douasprezece-concepte\/","og_locale":"ro_RO","og_type":"article","og_title":"The Twelve Concepts &#8211; Internet and Technology Addicts Anonymous","og_description":"This page contains the Twelve Concepts of Alcoholics Anonymous, which describe AA\u2019s guiding operating principles and service structures. In the future, ITAA hopes to modify the Twelve Concepts to reflect our own guiding operating principles and service structures pending Fellowship approval. In the interim, AA\u2019s Twelve Concepts can serve as a useful point of reference. &hellip; Continu\u0103 s\u0103 cite\u0219ti The Twelve Concepts","og_url":"https:\/\/internetaddictsanonymous.org\/ro\/cele-douasprezece-concepte\/","og_site_name":"Internet and Technology Addicts Anonymous","article_modified_time":"2023-01-08T22:22:07+00:00","twitter_card":"summary_large_image","twitter_misc":{"Timp estimat pentru citire":"3 minute"},"schema":{"@context":"https:\/\/schema.org","@graph":[{"@type":"WebPage","@id":"https:\/\/internetaddictsanonymous.org\/the-twelve-concepts\/","url":"https:\/\/internetaddictsanonymous.org\/the-twelve-concepts\/","name":"Cele dou\u0103sprezece concepte - Dependen\u021bii de Internet \u0219i Tehnologie Anonimi","isPartOf":{"@id":"https:\/\/internetaddictsanonymous.org\/#website"},"datePublished":"2022-11-07T21:51:18+00:00","dateModified":"2023-01-08T22:22:07+00:00","breadcrumb":{"@id":"https:\/\/internetaddictsanonymous.org\/the-twelve-concepts\/#breadcrumb"},"inLanguage":"ro-RO","potentialAction":[{"@type":"ReadAction","target":["https:\/\/internetaddictsanonymous.org\/the-twelve-concepts\/"]}]},{"@type":"BreadcrumbList","@id":"https:\/\/internetaddictsanonymous.org\/the-twelve-concepts\/#breadcrumb","itemListElement":[{"@type":"ListItem","position":1,"name":"Home","item":"https:\/\/internetaddictsanonymous.org\/"},{"@type":"ListItem","position":2,"name":"The Twelve Concepts"}]},{"@type":"WebSite","@id":"https:\/\/internetaddictsanonymous.org\/#website","url":"https:\/\/internetaddictsanonymous.org\/","name":"Dependen\u021bii de Internet \u0219i Tehnologie Anonimi","description":"Fr\u0103\u021bie mondial\u0103 \u00een 12 pa\u0219i pentru dependen\u021ba de internet \u0219i tehnologie","publisher":{"@id":"https:\/\/internetaddictsanonymous.org\/#organization"},"potentialAction":[{"@type":"SearchAction","target":{"@type":"EntryPoint","urlTemplate":"https:\/\/internetaddictsanonymous.org\/?s={search_term_string}"},"query-input":{"@type":"PropertyValueSpecification","valueRequired":true,"valueName":"search_term_string"}}],"inLanguage":"ro-RO"},{"@type":"Organization","@id":"https:\/\/internetaddictsanonymous.org\/#organization","name":"Dependen\u021bii de Internet \u0219i Tehnologie Anonimi","url":"https:\/\/internetaddictsanonymous.org\/","logo":{"@type":"ImageObject","inLanguage":"ro-RO","@id":"https:\/\/internetaddictsanonymous.org\/#\/schema\/logo\/image\/","url":"https:\/\/internetaddictsanonymous.org\/wp-content\/uploads\/2023\/01\/cropped-ITAA-logo-480px.png","contentUrl":"https:\/\/internetaddictsanonymous.org\/wp-content\/uploads\/2023\/01\/cropped-ITAA-logo-480px.png","width":480,"height":480,"caption":"Internet and Technology Addicts Anonymous"},"image":{"@id":"https:\/\/internetaddictsanonymous.org\/#\/schema\/logo\/image\/"}}]}},"jetpack_sharing_enabled":true,"jetpack_shortlink":"https:\/\/wp.me\/P9Fwob-3Mc","_links":{"self":[{"href":"https:\/\/internetaddictsanonymous.org\/ro\/wp-json\/wp\/v2\/pages\/14520","targetHints":{"allow":["GET"]}}],"collection":[{"href":"https:\/\/internetaddictsanonymous.org\/ro\/wp-json\/wp\/v2\/pages"}],"about":[{"href":"https:\/\/internetaddictsanonymous.org\/ro\/wp-json\/wp\/v2\/types\/page"}],"author":[{"embeddable":true,"href":"https:\/\/internetaddictsanonymous.org\/ro\/wp-json\/wp\/v2\/users\/35194237"}],"replies":[{"embeddable":true,"href":"https:\/\/internetaddictsanonymous.org\/ro\/wp-json\/wp\/v2\/comments?post=14520"}],"version-history":[{"count":1,"href":"https:\/\/internetaddictsanonymous.org\/ro\/wp-json\/wp\/v2\/pages\/14520\/revisions"}],"predecessor-version":[{"id":14521,"href":"https:\/\/internetaddictsanonymous.org\/ro\/wp-json\/wp\/v2\/pages\/14520\/revisions\/14521"}],"wp:attachment":[{"href":"https:\/\/internetaddictsanonymous.org\/ro\/wp-json\/wp\/v2\/media?parent=14520"}],"wp:term":[{"taxonomy":"post_tag","embeddable":true,"href":"https:\/\/internetaddictsanonymous.org\/ro\/wp-json\/wp\/v2\/tags?post=14520"}],"curies":[{"name":"wp","href":"https:\/\/api.w.org\/{rel}","templated":true}]}}