{"id":148,"date":"2018-12-31T19:54:10","date_gmt":"2018-12-31T19:54:10","guid":{"rendered":"https:\/\/internetaddictsanonymous.org\/?page_id=148"},"modified":"2026-04-03T12:44:36","modified_gmt":"2026-04-03T19:44:36","slug":"intalniri-in-persoana","status":"publish","type":"page","link":"https:\/\/internetaddictsanonymous.org\/ro\/in-person-meetings\/","title":{"rendered":"\u00cent\u00e2lniri \u00een persoan\u0103"},"content":{"rendered":"<p>Bun venit! <strong>Mai jos este o list\u0103 cu actuale \u0219i <span style=\"color: orange;\">poten\u0163ial<\/span> \u00eent\u00e2lniri ITAA fa\u021b\u0103 \u00een fa\u021b\u0103.<\/strong> Dac\u0103 e\u0219ti nou, te \u00eencuraj\u0103m s\u0103 \u00eencerci s\u0103 participi la \u0219ase \u00eent\u00e2lniri \u00eentr-un interval scurt de timp pentru a vedea dac\u0103 programul nostru \u021bi-ar putea fi de folos.<\/p>\n\n\n<iframe src=\"https:\/\/www.google.com\/maps\/d\/u\/2\/embed?mid=1jNKsT5CquIfOcUgBv1OV0Suuf7qPFzMN\" width=\"880\" height=\"500\"><\/iframe>\n\n\n\n<p><em>Pentru a vizualiza aceast\u0103 hart\u0103 pe tot ecranul, pute\u021bi da clic pe <a href=\"https:\/\/www.google.com\/maps\/d\/u\/3\/edit?mid=1jNKsT5CquIfOcUgBv1OV0Suuf7qPFzMN&amp;usp=sharing\" target=\"_blank\" rel=\"noreferrer noopener\">aici<\/a>.<\/em><\/p>\n\n\n\n<p>Fiecare loca\u021bie \u00een care nu exist\u0103 \u00een prezent nicio \u00eent\u00e2lnire activ\u0103 fa\u021b\u0103 \u00een fa\u021b\u0103, dar unde unul sau mai mul\u021bi membri \u0219i-au exprimat interesul de a ini\u021bia una este notat\u0103 cu <span style=\"color:orange;\">aceast\u0103 culoare portocalie<\/span>. Dac\u0103 dori\u021bi o \u00eent\u00e2lnire \u00eentr-una dintre aceste zone, v\u0103 rug\u0103m s\u0103 contacta\u021bi persoana de contact men\u021bionat\u0103 pe pagina respectiv\u0103.<\/p>\n\n\n\n<p><em>Dac\u0103 nu vede\u021bi o \u00eent\u00e2lnire \u00een ora\u0219ul dumneavoastr\u0103, face\u021bi clic pe <a href=\"#no-meetings\">aici<\/a>.<\/em><\/p>\n\n\n\n<p class=\"has-text-align-center\">-~-<\/p>\n\n\n\n<h3 class=\"wp-block-heading\" id=\"united-states\">Statele Unite (SUA)<\/h3>\n\n\n\n<div class=\"wp-block-group is-layout-grid wp-container-core-group-is-layout-6be84c55 wp-block-group-is-layout-grid\">\n<p><strong><a href=\"https:\/\/internetaddictsanonymous.org\/ro\/intalniri-in-persoana\/sua-california\/\">California (CA)<\/a><\/strong><\/p>\n\n\n\n<p><strong><a href=\"https:\/\/internetaddictsanonymous.org\/ro\/intalniri-in-persoana\/sua\/\">Colorado (CO)<\/a><\/strong><\/p>\n\n\n\n<p><strong style=\"font-weight: bold;\"><a style=\"font-weight: bold;\" href=\"https:\/\/internetaddictsanonymous.org\/ro\/intalniri-in-persoana\/us-dc-washington\/\">Washington (DC)<\/a>)<\/strong><\/p>\n\n\n\n<p><a href=\"https:\/\/internetaddictsanonymous.org\/ro\/intalniri-in-persoana\/usa-ga\/\"><strong>Georgia (GA)<\/strong><\/a><\/p>\n\n\n\n<p class=\"wp-container-content-2155ee95\"><a href=\"https:\/\/internetaddictsanonymous.org\/ro\/intalniri-in-persoana\/sua-illinois\/\"><strong>Illinois (IL)<\/strong><\/a><\/p>\n\n\n\n<p><strong><a href=\"https:\/\/internetaddictsanonymous.org\/ro\/intalniri-in-persoana\/sua-kentucky\/\">Kentucky (KY)<\/a><\/strong><\/p>\n\n\n\n<p><a href=\"https:\/\/internetaddictsanonymous.org\/ro\/intalniri-in-persoana\/sua-maryland\/\"><strong>Maryland (MD)<\/strong><\/a><\/p>\n\n\n\n<p><strong><a href=\"https:\/\/internetaddictsanonymous.org\/ro\/intalniri-in-persoana\/sua-ma\/\">Massachusetts (MA)<\/a><\/strong><\/p>\n\n\n\n<p class=\"wp-container-content-2155ee95\"><strong><a href=\"https:\/\/internetaddictsanonymous.org\/ro\/intalniri-in-persoana\/sua-michigan\/\">Michigan (MI)<\/a><\/strong><\/p>\n\n\n\n<p><strong><a href=\"https:\/\/internetaddictsanonymous.org\/ro\/intalniri-in-persoana\/sua-minnesota\/\">Minnesota (MN)<\/a><\/strong><\/p>\n\n\n\n<p><strong><a href=\"https:\/\/internetaddictsanonymous.org\/ro\/intalniri-in-persoana\/sua-new-jersey\/\">New Jersey (NJ)<\/a><\/strong><\/p>\n\n\n\n<p><span><a style=\"font-weight: bold;\" href=\"https:\/\/internetaddictsanonymous.org\/ro\/intalniri-in-persoana\/sua-new-york\/\"><strong>New York (NY)<\/strong><\/a><\/span><\/p>\n\n\n\n<p><strong><a href=\"https:\/\/internetaddictsanonymous.org\/ro\/intalniri-in-persoana\/sua-nc-cary\/\">Carolina de Nord (NC)<\/a><\/strong><\/p>\n\n\n\n<p><strong><a href=\"https:\/\/internetaddictsanonymous.org\/ro\/intalniri-in-persoana\/sua-sau\/\">Oregon (OR)<\/a><\/strong><\/p>\n\n\n\n<p><a href=\"https:\/\/internetaddictsanonymous.org\/ro\/intalniri-in-persoana\/sua-pennsylvania\/\"><strong>Pennsylvania (PA)<\/strong><\/a><\/p>\n\n\n\n<p><a href=\"https:\/\/internetaddictsanonymous.org\/ro\/intalniri-in-persoana\/sua-texas\/\"><strong>Texas (TX)<\/strong><\/a><\/p>\n\n\n\n<p><a href=\"https:\/\/internetaddictsanonymous.org\/ro\/intalniri-in-persoana\/us-va\/\"><strong>Virginia (VA)<\/strong><\/a><\/p>\n\n\n\n<p class=\"wp-container-content-2155ee95\"><a href=\"https:\/\/internetaddictsanonymous.org\/ro\/itaa-in-new-mexico\/\"><strong>New Mexico<\/strong> <strong>(NM)<\/strong><\/a><\/p>\n\n\n\n<p class=\"wp-container-content-2155ee95\"><a href=\"https:\/\/internetaddictsanonymous.org\/ro\/intalniri-in-persoana\/noi-wa\/\" type=\"link\" id=\"https:\/\/internetaddictsanonymous.org\/in-person-meetings\/us-wa\/\"><strong>Washington, (WA)<\/strong><\/a><\/p>\n\n\n\n<p class=\"has-text-color has-link-color wp-elements-1dff8357ef80e4759c8e5087f05737ec wp-container-content-2155ee95\" style=\"color:#ed960c\"><a href=\"https:\/\/internetaddictsanonymous.org\/ro\/itaa-in-ohio-sua\/\" type=\"link\" id=\"https:\/\/internetaddictsanonymous.org\/in-person-meetings\/us-wa\/\"><strong>Ohio, (OH), (Poten\u021bial)<\/strong><\/a><\/p>\n<\/div>\n\n\n\n<p><\/p>\n\n\n\n<h3 class=\"wp-block-heading\" id=\"united-states\">Canada<\/h3>\n\n\n\n<div class=\"wp-block-group is-layout-grid wp-container-core-group-is-layout-6be84c55 wp-block-group-is-layout-grid\">\n<p><strong><a href=\"https:\/\/internetaddictsanonymous.org\/ro\/intalniri-in-persoana\/canada-montreal\/\"><span style=\"color:orange;\">Montreal (poten\u021bial)<\/span><\/a><\/strong><\/p>\n\n\n\n<p><strong><a href=\"https:\/\/internetaddictsanonymous.org\/ro\/intalniri-in-persoana\/canada-toronto\/\">Toronto<\/a><\/strong><\/p>\n\n\n\n<p><strong><a href=\"https:\/\/internetaddictsanonymous.org\/ro\/intalniri-in-persoana\/canada-vancouver\/\">Vancouver<\/a><\/strong><\/p>\n<\/div>\n\n\n\n<p><\/p>\n\n\n\n<h3 class=\"wp-block-heading\" id=\"europe\">Europa<\/h3>\n\n\n\n<div class=\"wp-block-group is-layout-grid wp-container-core-group-is-layout-6be84c55 wp-block-group-is-layout-grid\">\n<p class=\"wp-container-content-2155ee95\"><strong><a href=\"https:\/\/internetaddictsanonymous.org\/ro\/intalniri-in-persoana\/belgia\/\">Belgia<\/a><\/strong><\/p>\n\n\n\n<p><strong><a href=\"https:\/\/internetaddictsanonymous.org\/ro\/intalniri-in-persoana\/danemarca\/\">Danemarca<\/a><\/strong><\/p>\n\n\n\n<p><a href=\"https:\/\/internetaddictsanonymous.org\/ro\/intalniri-in-persoana\/franta\/\"><strong>Fran\u0163a<\/strong><\/a><\/p>\n\n\n\n<p><a href=\"https:\/\/internetaddictsanonymous.org\/ro\/germania\/\"><strong>Germania<\/strong><\/a><\/p>\n\n\n\n<p><strong><a href=\"https:\/\/internetaddictsanonymous.org\/ro\/intalniri-in-persoana\/hungary-budapest\/\">Ungaria<\/a><\/strong><\/p>\n\n\n\n<p class=\"wp-container-content-2155ee95\"><strong><a href=\"https:\/\/internetaddictsanonymous.org\/ro\/intalniri-in-persoana\/polonia-bialystok\/\">Polonia<\/a><\/strong><\/p>\n\n\n\n<p><strong><a href=\"https:\/\/internetaddictsanonymous.org\/ro\/intalniri-in-persoana\/portugalia-lisabona\/\"><span style=\"color:orange;\">Portugalia (poten\u021bial)<\/span><\/a><\/strong><\/p>\n\n\n\n<p class=\"wp-container-content-2155ee95\"><strong><a href=\"https:\/\/internetaddictsanonymous.org\/ro\/intalniri-in-persoana\/rusia-moscova\/\">Rusia<\/a><\/strong><\/p>\n\n\n\n<p class=\"wp-container-content-2155ee95\"><strong><a href=\"https:\/\/internetaddictsanonymous.org\/ro\/intalniri-in-persoana\/marea-britanie-londra\/\">Regatul Unit<\/a><\/strong><\/p>\n\n\n\n<p><strong><a href=\"https:\/\/internetaddictsanonymous.org\/ro\/intalniri-in-persoana\/suedia-uppsala\/\"><span style=\"color:orange;\">Suedia (poten\u021bial)<\/span><\/a><\/strong><\/p>\n\n\n\n<p class=\"wp-container-content-2155ee95\"><\/p>\n<\/div>\n\n\n\n<p><\/p>\n\n\n\n<h3 class=\"wp-block-heading\" id=\"united-states\">America Latin\u0103<\/h3>\n\n\n\n<div class=\"wp-block-group is-layout-grid wp-container-core-group-is-layout-6be84c55 wp-block-group-is-layout-grid\">\n<p><strong><a href=\"https:\/\/internetaddictsanonymous.org\/ro\/intalniri-in-persoana\/argentina-rosario\/\"><span style=\"color:orange;\">Argentina (poten\u021bial)<\/span><\/a><\/strong><\/p>\n\n\n\n<p><strong><a href=\"https:\/\/internetaddictsanonymous.org\/ro\/intalniri-in-persoana\/brazilia-sao-paulo\/\"><span style=\"color:orange;\"><mark style=\"background-color:rgba(0, 0, 0, 0)\" class=\"has-inline-color has-dark-gray-color\">Brazilia<\/mark><\/span><\/a><\/strong><\/p>\n<\/div>\n\n\n\n<p><\/p>\n\n\n\n<h3 class=\"wp-block-heading\" id=\"united-states\">Asia<\/h3>\n\n\n\n<p><strong><a href=\"https:\/\/internetaddictsanonymous.org\/ro\/itaa-in-ubud-bali\/\">Bali<\/a><\/strong><\/p>\n\n\n\n<p><\/p>\n\n\n\n<h3 class=\"wp-block-heading\" id=\"united-states\">Australia<\/h3>\n\n\n\n<div class=\"wp-block-group is-layout-grid wp-container-core-group-is-layout-6be84c55 wp-block-group-is-layout-grid\">\n<p><a href=\"https:\/\/internetaddictsanonymous.org\/ro\/intalniri-in-persoana\/australia-adelaide\/\"><span style=\"color:orange;\"><strong>Adelaide (poten\u021bial)<\/strong><\/span><\/a><\/p>\n\n\n\n<p><a href=\"https:\/\/internetaddictsanonymous.org\/ro\/intalniri-in-persoana\/australia-bendigo\/\"><span style=\"color:orange;\"><strong>Bendig<a href=\"https:\/\/internetaddictsanonymous.org\/ro\/intalniri-in-persoana\/australia-adelaide\/\"><span style=\"color:orange;\">o <strong>(Poten\u0163ial)<\/strong><\/span><\/a><\/strong><\/span><\/a><\/p>\n\n\n\n<p><strong><a href=\"https:\/\/internetaddictsanonymous.org\/ro\/intalniri-in-persoana\/australia-byronbay\/\"><span style=\"color:orange;\">Golful Byron <a href=\"https:\/\/internetaddictsanonymous.org\/ro\/intalniri-in-persoana\/australia-adelaide\/\"><span style=\"color:orange;\"><strong>(Poten\u0163ial)<\/strong><\/span><\/a><\/span><\/a><\/strong><\/p>\n\n\n\n<p class=\"wp-container-content-2155ee95\"><a href=\"https:\/\/internetaddictsanonymous.org\/ro\/intalniri-in-persoana\/australia-geelong\/\"><strong>Geelong<\/strong><\/a><\/p>\n\n\n\n<p><strong><a href=\"https:\/\/internetaddictsanonymous.org\/ro\/intalniri-in-persoana\/australia-melbourne\/\">Melbourne<\/a><\/strong><\/p>\n<\/div>\n\n\n\n<p><\/p>\n\n\n\n<h3 class=\"wp-block-heading\" id=\"united-states\">Orientul Mijlociu<\/h3>\n\n\n\n<div class=\"wp-block-group is-layout-grid wp-container-core-group-is-layout-6be84c55 wp-block-group-is-layout-grid\">\n<p><strong><a href=\"https:\/\/internetaddictsanonymous.org\/ro\/intalniri-in-persoana\/israel-ierusalim\/\">Israel<\/a><\/strong><\/p>\n\n\n\n<p class=\"has-text-color has-link-color wp-elements-f2a1f2fa45b7a487f7f78cb708ff8403\" style=\"color:#ffa500\"><strong><a href=\"https:\/\/internetaddictsanonymous.org\/ro\/itaa-in-latakia-siria\/\">Siria <a href=\"https:\/\/internetaddictsanonymous.org\/ro\/intalniri-in-persoana\/australia-adelaide\/\"><span style=\"color:orange;\"><strong>(Poten\u0163ial)<\/strong><\/span><\/a><\/a><\/strong><\/p>\n<\/div>\n\n\n\n<p class=\"has-text-align-center\"><br>-~-<br><\/p>\n\n\n\n<h3 class=\"wp-block-heading\"><strong>Cum func\u021bioneaz\u0103 reuniunile?<\/strong><\/h3>\n\n\n\n<p id=\"no-meetings\">Dac\u0103 participa\u021bi pentru prima dat\u0103 la o reuniune, nu trebuie s\u0103 fi\u021bi nervos. Majoritatea \u0219edin\u021belor noastre sunt foarte simple; fiecare \u0219edin\u021b\u0103 are un pre\u0219edinte care conduce \u0219edin\u021ba, iar majoritatea \u0219edin\u021belor dureaz\u0103 o or\u0103. Pre\u0219edintele \u0219i al\u021bi voluntari citesc c\u00e2teva declara\u021bii de deschidere, \u00eenainte de a deschide \u0219edin\u021ba pentru ca membrii s\u0103 \u00eemp\u0103rt\u0103\u0219easc\u0103. Nu exist\u0103 nicio obliga\u021bie de a \u00eemp\u0103rt\u0103\u0219i, \u0219i este \u00een regul\u0103 doar s\u0103 asculta\u021bi. Pute\u021bi s\u0103 ne spune\u021bi ce mai face\u021bi sau pur \u0219i simplu s\u0103 v\u0103 prezenta\u021bi \u0219i ce v-a adus la ITAA. Cu excep\u021bia cazului \u00een care este solicitat de membrul care \u00eemp\u0103rt\u0103\u0219e\u0219te, nu oferim sugestii sau comentarii ca r\u0103spuns la ceea ce \u00eemp\u0103rt\u0103\u0219esc ceilal\u021bi; pur \u0219i simplu ascult\u0103m f\u0103r\u0103 a judeca. La sf\u00e2r\u0219itul orei, \u00eent\u00e2lnirea se va \u00eencheia cu c\u00e2teva declara\u021bii de \u00eencheiere, dup\u0103 care membrii r\u0103m\u00e2n, de obicei, s\u0103 discute ocazional, s\u0103 pun\u0103 \u00eentreb\u0103ri \u0219i s\u0103 schimbe date de contact.<\/p>\n\n\n\n<h3 class=\"wp-block-heading\"><strong>Ce se \u00eent\u00e2mpl\u0103 dac\u0103 nu exist\u0103 reuniuni \u00een ora\u0219ul meu?<\/strong><\/h3>\n\n\n\n<ul class=\"wp-block-list\">\n<li>\u00cen timp ce a\u0219tepta\u021bi o \u00eent\u00e2lnire local\u0103, <strong>v\u0103 \u00eencuraj\u0103m s\u0103 \u00eencerca\u021bi s\u0103 participa\u021bi la unele dintre <a href=\"https:\/\/internetaddictsanonymous.org\/ro\/intalniri-online\/\">\u00eent\u00e2lniri online<\/a><\/strong>. Acestea sunt o resurs\u0103 incredibil\u0103 care v\u0103 poate ajuta \u00een cele din urm\u0103 s\u0103 cheltui\u021bi <em>mai pu\u021bin<\/em> timp pe ecran.<\/li>\n\n\n\n<li>Pute\u021bi \u00eencepe chiar dvs. o nou\u0103 \u00eent\u00e2lnire \u0219i s\u0103 trimite\u021bi un <a href=\"https:\/\/internetaddictsanonymous.org\/ro\/contact\/\">mesaj de contact<\/a> c\u0103tre webmasteri pentru ca ace\u0219tia s\u0103 o poat\u0103 publica pe aceast\u0103 pagin\u0103. Pentru mai multe informa\u021bii, v\u0103 \u00eencuraj\u0103m s\u0103 citi\u021bi <a href=\"https:\/\/internetaddictsanonymous.org\/ro\/leading-and-strengthening-meetings\/\">sugestii pentru \u00eenceperea unei noi reuniuni<\/a>.<\/li>\n\n\n\n<li>De asemenea, pute\u021bi <a href=\"https:\/\/internetaddictsanonymous.org\/ro\/contact\/\">contacta\u021bi webmasterii<\/a> \u0219i cere\u021bi-le s\u0103 listeze ora\u0219ul dvs. cu datele dvs. de contact \u0219i o scurt\u0103 not\u0103 \u00een care s\u0103 explica\u021bi c\u0103 spera\u021bi s\u0103 \u00eencepe\u021bi \u00een cur\u00e2nd o nou\u0103 \u00eent\u00e2lnire. Acest lucru va permite altor membri locali interesa\u021bi s\u0103 v\u0103 contacteze. <\/li>\n\n\n\n<li>Dac\u0103 dori\u021bi s\u0103 fi\u021bi notificat c\u00e2nd \u00eencepe o nou\u0103 \u00eent\u00e2lnire ITAA \u00een zona dumneavoastr\u0103, pute\u021bi completa acest formular&nbsp;<a href=\"https:\/\/forms.gle\/YXq4MFhxixg66kiF6\">form\u0103<\/a> astfel \u00eenc\u00e2t s\u0103 v\u0103 putem \u021bine la curent.<\/li>\n<\/ul>\n<!-- PMB print buttons is only displayed on a single post\/page URLs-->","protected":false},"excerpt":{"rendered":"<p>Welcome! Below is a list of current and potential in-person ITAA meetings. If you are new, we encourage you to try attending six meetings in a short time frame to see whether our program may be helpful for you. To view this map in full-screen, you may click here. Each location where there is currently &hellip; <a href=\"https:\/\/internetaddictsanonymous.org\/ro\/in-person-meetings\/\" class=\"more-link\">Continu\u0103 s\u0103 cite\u0219ti <span class=\"screen-reader-text\">\u00cent\u00e2lniri \u00een persoan\u0103<\/span><\/a><\/p>","protected":false},"author":35194237,"featured_media":0,"parent":0,"menu_order":0,"comment_status":"closed","ping_status":"closed","template":"full-width-page.php","meta":{"inline_featured_image":false,"_lmt_disableupdate":"no","_lmt_disable":"","footnotes":""},"tags":[655524897,655524899,307668,655524904,655524894,655524896,655524898,655524895,655524900,534293,1410996],"class_list":["post-148","page","type-page","status-publish","hentry","tag-dallas","tag-denver","tag-internet-addiction","tag-internet-addicts-anonymous","tag-internet-smartphone-and-gaming-addicts-anonymous","tag-pasadena","tag-plano","tag-san-jose","tag-smartphone-addiction","tag-support-group","tag-technology-addiction"],"yoast_head":"<!-- This site is optimized with the Yoast SEO plugin v27.4 - https:\/\/yoast.com\/product\/yoast-seo-wordpress\/ -->\n<title>In-Person Meetings &#8211; Internet and Technology Addicts Anonymous<\/title>\n<meta name=\"description\" content=\"Information for local meetings in 16 countries around the world, including 17 US states -- and coming soon to a location near you!\" \/>\n<meta name=\"robots\" content=\"index, follow, max-snippet:-1, max-image-preview:large, max-video-preview:-1\" \/>\n<link rel=\"canonical\" href=\"https:\/\/internetaddictsanonymous.org\/ro\/intalniri-in-persoana\/\" \/>\n<meta property=\"og:locale\" content=\"ro_RO\" \/>\n<meta property=\"og:type\" content=\"article\" \/>\n<meta property=\"og:title\" content=\"In-Person Meetings &#8211; Internet and Technology Addicts Anonymous\" \/>\n<meta property=\"og:description\" content=\"Information for local meetings in 16 countries around the world, including 17 US states -- and coming soon to a location near you!\" \/>\n<meta property=\"og:url\" content=\"https:\/\/internetaddictsanonymous.org\/ro\/intalniri-in-persoana\/\" \/>\n<meta property=\"og:site_name\" content=\"Internet and Technology Addicts Anonymous\" \/>\n<meta property=\"article:modified_time\" content=\"2026-04-03T19:44:36+00:00\" \/>\n<meta name=\"twitter:card\" content=\"summary_large_image\" \/>\n<meta name=\"twitter:label1\" content=\"Timp estimat pentru citire\" \/>\n\t<meta name=\"twitter:data1\" content=\"3 minute\" \/>\n<script type=\"application\/ld+json\" class=\"yoast-schema-graph\">{\"@context\":\"https:\\\/\\\/schema.org\",\"@graph\":[{\"@type\":\"WebPage\",\"@id\":\"https:\\\/\\\/internetaddictsanonymous.org\\\/in-person-meetings\\\/\",\"url\":\"https:\\\/\\\/internetaddictsanonymous.org\\\/in-person-meetings\\\/\",\"name\":\"In-Person Meetings &#8211; Internet and Technology Addicts Anonymous\",\"isPartOf\":{\"@id\":\"https:\\\/\\\/internetaddictsanonymous.org\\\/#website\"},\"datePublished\":\"2018-12-31T19:54:10+00:00\",\"dateModified\":\"2026-04-03T19:44:36+00:00\",\"description\":\"Information for local meetings in 16 countries around the world, including 17 US states -- and coming soon to a location near you!\",\"breadcrumb\":{\"@id\":\"https:\\\/\\\/internetaddictsanonymous.org\\\/in-person-meetings\\\/#breadcrumb\"},\"inLanguage\":\"ro-RO\",\"potentialAction\":[{\"@type\":\"ReadAction\",\"target\":[\"https:\\\/\\\/internetaddictsanonymous.org\\\/in-person-meetings\\\/\"]}]},{\"@type\":\"BreadcrumbList\",\"@id\":\"https:\\\/\\\/internetaddictsanonymous.org\\\/in-person-meetings\\\/#breadcrumb\",\"itemListElement\":[{\"@type\":\"ListItem\",\"position\":1,\"name\":\"Home\",\"item\":\"https:\\\/\\\/internetaddictsanonymous.org\\\/\"},{\"@type\":\"ListItem\",\"position\":2,\"name\":\"In-Person Meetings\"}]},{\"@type\":\"WebSite\",\"@id\":\"https:\\\/\\\/internetaddictsanonymous.org\\\/#website\",\"url\":\"https:\\\/\\\/internetaddictsanonymous.org\\\/\",\"name\":\"Internet and Technology Addicts Anonymous\",\"description\":\"Worldwide 12-step Fellowship for Internet and Technology Addiction\",\"publisher\":{\"@id\":\"https:\\\/\\\/internetaddictsanonymous.org\\\/#organization\"},\"potentialAction\":[{\"@type\":\"SearchAction\",\"target\":{\"@type\":\"EntryPoint\",\"urlTemplate\":\"https:\\\/\\\/internetaddictsanonymous.org\\\/?s={search_term_string}\"},\"query-input\":{\"@type\":\"PropertyValueSpecification\",\"valueRequired\":true,\"valueName\":\"search_term_string\"}}],\"inLanguage\":\"ro-RO\"},{\"@type\":\"Organization\",\"@id\":\"https:\\\/\\\/internetaddictsanonymous.org\\\/#organization\",\"name\":\"Internet and Technology Addicts Anonymous\",\"url\":\"https:\\\/\\\/internetaddictsanonymous.org\\\/\",\"logo\":{\"@type\":\"ImageObject\",\"inLanguage\":\"ro-RO\",\"@id\":\"https:\\\/\\\/internetaddictsanonymous.org\\\/#\\\/schema\\\/logo\\\/image\\\/\",\"url\":\"https:\\\/\\\/internetaddictsanonymous.org\\\/wp-content\\\/uploads\\\/2023\\\/01\\\/cropped-ITAA-logo-480px.png\",\"contentUrl\":\"https:\\\/\\\/internetaddictsanonymous.org\\\/wp-content\\\/uploads\\\/2023\\\/01\\\/cropped-ITAA-logo-480px.png\",\"width\":480,\"height\":480,\"caption\":\"Internet and Technology Addicts Anonymous\"},\"image\":{\"@id\":\"https:\\\/\\\/internetaddictsanonymous.org\\\/#\\\/schema\\\/logo\\\/image\\\/\"}}]}<\/script>\n<!-- \/ Yoast SEO plugin. -->","yoast_head_json":{"title":"\u00cent\u00e2lniri \u00een persoan\u0103 - Dependen\u021bii de Internet \u0219i Tehnologie Anonimi","description":"Informa\u021bii pentru \u00eent\u00e2lniri locale \u00een 16 \u021b\u0103ri din \u00eentreaga lume, inclusiv 17 state americane -- \u0219i \u00een cur\u00e2nd \u00eentr-o loca\u021bie din apropierea dumneavoastr\u0103!","robots":{"index":"index","follow":"follow","max-snippet":"max-snippet:-1","max-image-preview":"max-image-preview:large","max-video-preview":"max-video-preview:-1"},"canonical":"https:\/\/internetaddictsanonymous.org\/ro\/intalniri-in-persoana\/","og_locale":"ro_RO","og_type":"article","og_title":"In-Person Meetings &#8211; Internet and Technology Addicts Anonymous","og_description":"Information for local meetings in 16 countries around the world, including 17 US states -- and coming soon to a location near you!","og_url":"https:\/\/internetaddictsanonymous.org\/ro\/intalniri-in-persoana\/","og_site_name":"Internet and Technology Addicts Anonymous","article_modified_time":"2026-04-03T19:44:36+00:00","twitter_card":"summary_large_image","twitter_misc":{"Timp estimat pentru citire":"3 minute"},"schema":{"@context":"https:\/\/schema.org","@graph":[{"@type":"WebPage","@id":"https:\/\/internetaddictsanonymous.org\/in-person-meetings\/","url":"https:\/\/internetaddictsanonymous.org\/in-person-meetings\/","name":"\u00cent\u00e2lniri \u00een persoan\u0103 - Dependen\u021bii de Internet \u0219i Tehnologie Anonimi","isPartOf":{"@id":"https:\/\/internetaddictsanonymous.org\/#website"},"datePublished":"2018-12-31T19:54:10+00:00","dateModified":"2026-04-03T19:44:36+00:00","description":"Informa\u021bii pentru \u00eent\u00e2lniri locale \u00een 16 \u021b\u0103ri din \u00eentreaga lume, inclusiv 17 state americane -- \u0219i \u00een cur\u00e2nd \u00eentr-o loca\u021bie din apropierea dumneavoastr\u0103!","breadcrumb":{"@id":"https:\/\/internetaddictsanonymous.org\/in-person-meetings\/#breadcrumb"},"inLanguage":"ro-RO","potentialAction":[{"@type":"ReadAction","target":["https:\/\/internetaddictsanonymous.org\/in-person-meetings\/"]}]},{"@type":"BreadcrumbList","@id":"https:\/\/internetaddictsanonymous.org\/in-person-meetings\/#breadcrumb","itemListElement":[{"@type":"ListItem","position":1,"name":"Home","item":"https:\/\/internetaddictsanonymous.org\/"},{"@type":"ListItem","position":2,"name":"In-Person Meetings"}]},{"@type":"WebSite","@id":"https:\/\/internetaddictsanonymous.org\/#website","url":"https:\/\/internetaddictsanonymous.org\/","name":"Dependen\u021bii de Internet \u0219i Tehnologie Anonimi","description":"Fr\u0103\u021bie mondial\u0103 \u00een 12 pa\u0219i pentru dependen\u021ba de internet \u0219i tehnologie","publisher":{"@id":"https:\/\/internetaddictsanonymous.org\/#organization"},"potentialAction":[{"@type":"SearchAction","target":{"@type":"EntryPoint","urlTemplate":"https:\/\/internetaddictsanonymous.org\/?s={search_term_string}"},"query-input":{"@type":"PropertyValueSpecification","valueRequired":true,"valueName":"search_term_string"}}],"inLanguage":"ro-RO"},{"@type":"Organization","@id":"https:\/\/internetaddictsanonymous.org\/#organization","name":"Dependen\u021bii de Internet \u0219i Tehnologie Anonimi","url":"https:\/\/internetaddictsanonymous.org\/","logo":{"@type":"ImageObject","inLanguage":"ro-RO","@id":"https:\/\/internetaddictsanonymous.org\/#\/schema\/logo\/image\/","url":"https:\/\/internetaddictsanonymous.org\/wp-content\/uploads\/2023\/01\/cropped-ITAA-logo-480px.png","contentUrl":"https:\/\/internetaddictsanonymous.org\/wp-content\/uploads\/2023\/01\/cropped-ITAA-logo-480px.png","width":480,"height":480,"caption":"Internet and Technology Addicts Anonymous"},"image":{"@id":"https:\/\/internetaddictsanonymous.org\/#\/schema\/logo\/image\/"}}]}},"jetpack_sharing_enabled":true,"jetpack_shortlink":"https:\/\/wp.me\/P9Fwob-2o","_links":{"self":[{"href":"https:\/\/internetaddictsanonymous.org\/ro\/wp-json\/wp\/v2\/pages\/148","targetHints":{"allow":["GET"]}}],"collection":[{"href":"https:\/\/internetaddictsanonymous.org\/ro\/wp-json\/wp\/v2\/pages"}],"about":[{"href":"https:\/\/internetaddictsanonymous.org\/ro\/wp-json\/wp\/v2\/types\/page"}],"author":[{"embeddable":true,"href":"https:\/\/internetaddictsanonymous.org\/ro\/wp-json\/wp\/v2\/users\/35194237"}],"replies":[{"embeddable":true,"href":"https:\/\/internetaddictsanonymous.org\/ro\/wp-json\/wp\/v2\/comments?post=148"}],"version-history":[{"count":100,"href":"https:\/\/internetaddictsanonymous.org\/ro\/wp-json\/wp\/v2\/pages\/148\/revisions"}],"predecessor-version":[{"id":21183,"href":"https:\/\/internetaddictsanonymous.org\/ro\/wp-json\/wp\/v2\/pages\/148\/revisions\/21183"}],"wp:attachment":[{"href":"https:\/\/internetaddictsanonymous.org\/ro\/wp-json\/wp\/v2\/media?parent=148"}],"wp:term":[{"taxonomy":"post_tag","embeddable":true,"href":"https:\/\/internetaddictsanonymous.org\/ro\/wp-json\/wp\/v2\/tags?post=148"}],"curies":[{"name":"wp","href":"https:\/\/api.w.org\/{rel}","templated":true}]}}