{"id":15697,"date":"2023-04-02T16:03:08","date_gmt":"2023-04-02T20:03:08","guid":{"rendered":"https:\/\/internetaddictsanonymous.org\/?page_id=15697"},"modified":"2024-10-02T19:43:14","modified_gmt":"2024-10-03T02:43:14","slug":"ateliere-step","status":"publish","type":"page","link":"https:\/\/internetaddictsanonymous.org\/ro\/step-workshops\/","title":{"rendered":"Ateliere Open Path Step"},"content":{"rendered":"<p>Aceast\u0103 pagin\u0103 con\u021bine o list\u0103 a viitoarelor Ateliere Open Path Step, set\u0103ri structurate pentru a lucra prin cei Doisprezece Pa\u0219i ai ITAA \u00eentr-un grup cu o mul\u021bime de sprijin \u00eencorporat. \u00cent\u00e2lnirile sunt configurate astfel \u00eenc\u00e2t toat\u0103 munca \u00een pa\u0219i s\u0103 poat\u0103 fi f\u0103cut\u0103 \u00een timpul nostru de \u00eent\u00e2lnire (de\u0219i exist\u0103 exerci\u021bii de scriere suplimentare op\u021bionale \u00een fiecare s\u0103pt\u0103m\u00e2n\u0103, dac\u0103 dori\u021bi s\u0103 merge\u021bi mai departe). Ve\u021bi avea, de asemenea, ocazia s\u0103 v\u0103 asocia\u021bi cu un partener de \u00eemp\u0103rt\u0103\u0219ire, astfel \u00eenc\u00e2t, \u00eentre \u00eent\u00e2lniri, s\u0103 v\u0103 pute\u021bi \u00eemp\u0103rt\u0103\u0219i munca \u00een etape, iar o serie de sponsori ai grupului vor fi, de asemenea, disponibili pentru apeluri de informare \u0219i sprijin suplimentar.<\/p>\n\n\n\n<p>Exist\u0103 mai multe ateliere care se \u00eent\u00e2lnesc la ore \u0219i cicluri diferite, cu noi ateliere care \u00eencep de obicei la fiecare lun\u0103 sau dou\u0103. Pentru a participa la un ciclu viitor de ateliere, trebuie s\u0103 participa\u021bi la prima \u00eent\u00e2lnire, care poate fi g\u0103sit\u0103 \u00een calendarul de mai jos. \u00cen acest fel, fiecare atelier va parcurge Pa\u0219ii ca un grup intim, consecvent \u0219i angajat. <mark style=\"background-color:rgba(0, 0, 0, 0);color:#000000\" class=\"has-inline-color\">Pute\u021bi vizualiza detaliile specifice ale atelierului f\u0103c\u00e2nd clic pe <\/mark><mark style=\"background-color:rgba(0, 0, 0, 0);color:#a35555\" class=\"has-inline-color\">maro<\/mark><mark style=\"background-color:rgba(0, 0, 0, 0);color:#000000\" class=\"has-inline-color\"> titluri. <\/mark><strong><mark style=\"background-color:rgba(0, 0, 0, 0)\" class=\"has-inline-color has-blue-color\">V\u0103 rug\u0103m s\u0103 re\u021bine\u021bi c\u0103 atelierele vor ap\u0103rea \u00een calendarul de mai jos doar cu c\u00e2teva s\u0103pt\u0103m\u00e2ni \u00eenainte de \u00eenceperea lor<\/mark><\/strong>\u0219i c\u0103 reuniunile se desf\u0103\u0219oar\u0103 \u00een func\u021bie de schimbarea fusului orar al SUA \u00een timpul economisirii luminii zilei \u00een martie \u0219i noiembrie.<\/p>\n\n\n\n<p><strong>Dac\u0103 dori\u021bi s\u0103 participa\u021bi la un atelier (sau s\u0103 ajuta\u021bi la ini\u021bierea unuia) \u0219i nu v\u0103 convine niciunul dintre programele viitoarelor ateliere, v\u0103 rug\u0103m s\u0103 completa\u021bi <a href=\"https:\/\/forms.gle\/HCqduhu715LUnaPs9\">acest formular de interes<\/a> <strong>\u2665<\/strong><\/strong><\/p>\n\n\n<p><iframe style=\"height: 500px; width: 100%;\" src=\"https:\/\/teamup.com\/ksnufp4vvpv65w7wno?view=a&amp;showHeader=0&amp;showLogo=0&amp;showTitle=0&amp;disableSidepanel=1&amp;showViewSelector=1\" width=\"100%\" height=\"500\" frameborder=\"0\"><\/iframe><\/p>\n\n\n<p>Nu este nevoie s\u0103 v\u0103 \u00eenscrie\u021bi la atelier - pute\u021bi participa pur \u0219i simplu la prima \u00eent\u00e2lnire \u0219i toate informa\u021biile suplimentare vor fi furnizate acolo.<br><br> <\/p>\n\n\n\n<h3 class=\"wp-block-heading\"><strong>Ce se \u00eent\u00e2mpl\u0103 dac\u0103 nu exist\u0103 ore de atelier care s\u0103 \u00eemi convin\u0103?<\/strong><\/h3>\n\n\n\n<p>Este posibil s\u0103 nu existe un atelier viitor la o or\u0103 convenabil\u0103 pentru programul dumneavoastr\u0103. Dac\u0103 sunte\u021bi interesat s\u0103 participa\u021bi sau s\u0103 prezida\u021bi un atelier cu un alt program de \u00eent\u00e2lniri s\u0103pt\u0103m\u00e2nale, v\u0103 rug\u0103m s\u0103 completa\u021bi <a href=\"https:\/\/forms.gle\/HCqduhu715LUnaPs9\">acest formular de interes<\/a>. \u00cen plus, dac\u0103 dori\u021bi s\u0103 parcurge\u021bi materialele \u00eempreun\u0103 cu sponsorul dvs. sau cu un alt membru al programului, pute\u021bi g\u0103si toate scenariile de atelier <a href=\"https:\/\/drive.google.com\/drive\/folders\/1SLvfAX3EbAwG0LMB7j8dXCfTt_0Y_b69?usp=drive_link\">aici<\/a>. De asemenea, pute\u021bi contacta openpathstepworkshop@gmail.com cu orice \u00eentreb\u0103ri \u0219i v\u0103 putem ajuta s\u0103 \u00eencepe\u021bi.<br><br><\/p>\n\n\n\n<h3 class=\"wp-block-heading\"><strong>Pot participa dac\u0103 nu vorbesc limba englez\u0103?<\/strong><\/h3>\n\n\n\n<p>Da, \u00eei invit\u0103m pe to\u021bi cei care nu vorbesc limba englez\u0103 s\u0103 participe activ\u00e2nd subtitr\u0103rile traduse. Pute\u021bi activa subtitr\u0103rile traduse \u00een limba dvs. intr\u00e2nd \u00een \u0219edin\u021b\u0103, f\u0103c\u00e2nd clic pe butonul \"Captions\" din partea de jos a ecranului \u0219i activ\u00e2nd traducerea. \u00cen plus, dac\u0103 sunte\u021bi interesat s\u0103 ajuta\u021bi la traducerea scenariilor atelierului, fie pentru dumneavoastr\u0103, fie pentru alte persoane care vorbesc limba dumneavoastr\u0103, avem un ghid despre cum s\u0103 face\u021bi acest lucru <a href=\"https:\/\/docs.google.com\/document\/d\/1OJ3uzB_MhSd5IrNQd430qMLXHy3vvqV1lu-dr8x7jsI\/edit?usp=drive_link\">aici<\/a>.<br><br><\/p>\n\n\n\n<h3 class=\"wp-block-heading\"><strong>Ce se \u00eent\u00e2mpl\u0103 dac\u0103 nu pot ajunge la prima \u00eent\u00e2lnire?<\/strong><\/h3>\n\n\n\n<p>\u00cen acest caz, v\u0103 \u00eencuraj\u0103m s\u0103 a\u0219tepta\u021bi p\u00e2n\u0103 la \u00eenceperea ciclului urm\u0103tor. Fiecare reuniune se bazeaz\u0103 pe cea precedent\u0103, deci este important s\u0103 fi\u021bi prezent de la \u00eenceput. Dac\u0103 trebuie neap\u0103rat s\u0103 lipsi\u021bi de la prima \u00eent\u00e2lnire dintr-un motiv inevitabil, v\u0103 rug\u0103m s\u0103 contacta\u021bi openpathstepworkshop@gmail.com cu c\u00e2t mai mult timp \u00eenainte posibil.<br><br><\/p>\n\n\n\n<h3 class=\"wp-block-heading\"><strong>Ce se \u00eent\u00e2mpl\u0103 dac\u0103 trebuie s\u0103 lipsesc de la o \u00eent\u00e2lnire?<\/strong><\/h3>\n\n\n\n<p>Dac\u0103 trebuie s\u0103 lipsi\u021bi de la o sesiune dintr-un motiv inevitabil, v\u0103 rug\u0103m s\u0103 citi\u021bi notele dup\u0103 aceea \u0219i s\u0103 v\u0103 pune\u021bi la curent cu scrisul.&nbsp;<br><br> <\/p>\n\n\n\n<h3 class=\"wp-block-heading\"><strong>Am nevoie de un sponsor pentru a participa?<\/strong><\/h3>\n\n\n\n<p>Deloc - atelierul este conceput special pentru a le oferi oamenilor posibilitatea de a parcurge Pa\u0219ii chiar dac\u0103 nu au un sponsor. Ca parte a atelierului, ve\u021bi avea ocazia s\u0103 v\u0103 conecta\u021bi cu unul sau mai mul\u021bi parteneri cu care s\u0103 v\u0103 \u00eemp\u0103rt\u0103\u0219i\u021bi munca \u00een pa\u0219i \u0219i vom avea, de asemenea, mai mul\u021bi sponsori de grup care vor fi disponibili pentru a primi apeluri \u0219i pentru a oferi sprijin suplimentar. De asemenea, este minunat dac\u0103 ave\u021bi deja un sponsor \u0219i sunte\u021bi binevenit s\u0103 v\u0103 \u00eemp\u0103rt\u0103\u0219i\u021bi stepwork-ul cu el. To\u021bi sunt bineveni\u021bi.<br><br> <\/p>\n\n\n\n<h3 class=\"wp-block-heading\"><strong>Este \u00een regul\u0103 s\u0103 particip dac\u0103 nu sunt \u00eenc\u0103 sigur dac\u0103 vreau s\u0103 lucrez la Steps?<\/strong><\/h3>\n\n\n\n<p>Categoric. Este \u00een regul\u0103 s\u0103 participa\u021bi pur \u0219i simplu ca observator dac\u0103 sunte\u021bi curios s\u0103 afla\u021bi mai multe despre ce sunt Pa\u0219ii \u0219i cum func\u021bioneaz\u0103.<br><br> <\/p>\n\n\n\n<h3 class=\"wp-block-heading\"><strong>Pot contribui la atelier prin asumarea unui rol de serviciu?<\/strong><\/h3>\n\n\n\n<p>Serviciul este o modalitate excelent\u0103 de a ne consolida propria sobrietate \u0219i, de asemenea, ne poate ajuta s\u0103 ne prezent\u0103m \u0219i s\u0103 ne men\u021binem angajamentul fa\u021b\u0103 de atelier. La \u00eent\u00e2lnirea introductiv\u0103 va exista o oportunitate de a v\u0103 oferi voluntari pentru roluri de serviciu.<br><br> <\/p>\n\n\n\n<h3 class=\"wp-block-heading\"><strong>Exist\u0103 ceva ce pot face pentru a m\u0103 preg\u0103ti pentru atelier \u00eenainte de \u00eenceperea acestuia?<\/strong><\/h3>\n\n\n\n<p>La prima noastr\u0103 \u00eent\u00e2lnire, v\u0103 vom propune c\u00e2teva angajamente pe care s\u0103 le practica\u021bi pe durata atelierului. Dac\u0103 dori\u021bi, sunte\u021bi bineveni\u021bi s\u0103 le \u00eencepe\u021bi:<\/p>\n\n\n\n<ol class=\"wp-block-list\">\n<li>Participa\u021bi la 90 de reuniuni \u00een 90 de zile (reuniunile din cadrul atelierului conteaz\u0103)<\/li>\n\n\n\n<li>Efectua\u021bi 90 de apeluri de program \u00een 90 de zile<\/li>\n\n\n\n<li>Ab\u021bine\u021bi-v\u0103 de la toate liniile de jos.<\/li>\n\n\n\n<li>Practica\u021bi observarea \u0219i\/sau renun\u021barea la utilizarea inutil\u0103 a internetului \u0219i a tehnologiei.<\/li>\n<\/ol>\n\n\n\n<p>Pentru a patra sugestie, pute\u021bi considera c\u0103 un alt cuv\u00e2nt dec\u00e2t \u201cinutil\u201d ar fi mai potrivit, cum ar fi \u201cincon\u0219tient\u201d, \u201cf\u0103r\u0103 scop\u201d, \u201cnes\u0103n\u0103tos\u201d, \u201ccompulsiv\u201d, \u201cexcesiv\u201d etc. Re\u021bine\u021bi c\u0103 acestea sunt doar sugestii, nu cerin\u021be. Sunte\u021bi liberi s\u0103 le folosi\u021bi, s\u0103 le ajusta\u021bi sau s\u0103 le pune\u021bi deoparte.<\/p>\n\n\n\n<p>\u00cen plus fa\u021b\u0103 de aceste sugestii, pute\u021bi scrie un \"inventar al primului pas\" de 1-2 pagini \u00een care s\u0103 descrie\u021bi povestea dependen\u021bei dumneavoastr\u0103: c\u00e2nd a \u00eenceput, cum s-a schimbat \u00een timp \u0219i cum este acum. \u00cen special, a\u021bi putea s\u0103 acorda\u021bi aten\u021bie locurilor \u00een care observa\u021bi neputin\u021b\u0103 sau incapacitate de gestionare \u00een povestea dumneavoastr\u0103.&nbsp;<br><br> <\/p>\n\n\n\n<h3 class=\"wp-block-heading\"><strong>Pentru orice \u00eentreb\u0103ri suplimentare<\/strong><\/h3>\n\n\n\n<p>Nu ezita\u021bi s\u0103 contacta\u021bi openpathstepworkshop@gmail.com.<\/p>\n\n\n\n<div style=\"height:100px\" aria-hidden=\"true\" class=\"wp-block-spacer\"><\/div>\n\n\n\n<hr class=\"wp-block-separator has-alpha-channel-opacity is-style-wide\"\/>\n<!-- PMB print buttons is only displayed on a single post\/page URLs-->","protected":false},"excerpt":{"rendered":"<p>Aceast\u0103 pagin\u0103 con\u021bine o list\u0103 a viitoarelor Ateliere Open Path Step, structuri structurate pentru lucrul prin cei Doisprezece Pa\u0219i ai ITAA \u00eentr-un grup, cu mult sprijin integrat. \u00cent\u00e2lnirile sunt organizate astfel \u00eenc\u00e2t toate etapele de lucru s\u0103 poat\u0103 fi realizate \u00een cadrul programului nostru de \u00eent\u00e2lnire (de\u0219i exist\u0103 exerci\u021bii de scriere suplimentare op\u021bionale \u00een fiecare s\u0103pt\u0103m\u00e2n\u0103...) <a href=\"https:\/\/internetaddictsanonymous.org\/ro\/step-workshops\/\" class=\"more-link\">Continu\u0103 s\u0103 cite\u0219ti <span class=\"screen-reader-text\">Ateliere Open Path Step<\/span><\/a><\/p>","protected":false},"author":35194237,"featured_media":0,"parent":0,"menu_order":0,"comment_status":"closed","ping_status":"closed","template":"full-width-page.php","meta":{"inline_featured_image":false,"_lmt_disableupdate":"","_lmt_disable":"","footnotes":""},"tags":[],"class_list":["post-15697","page","type-page","status-publish","hentry"],"yoast_head":"<!-- This site is optimized with the Yoast SEO plugin v27.5 - https:\/\/yoast.com\/product\/yoast-seo-wordpress\/ -->\n<title>Open Path Step Workshops &#8211; Internet and Technology Addicts Anonymous<\/title>\n<meta name=\"robots\" content=\"index, follow, max-snippet:-1, max-image-preview:large, max-video-preview:-1\" \/>\n<link rel=\"canonical\" href=\"https:\/\/internetaddictsanonymous.org\/ro\/ateliere-step\/\" \/>\n<meta property=\"og:locale\" content=\"ro_RO\" \/>\n<meta property=\"og:type\" content=\"article\" \/>\n<meta property=\"og:title\" content=\"Open Path Step Workshops &#8211; Internet and Technology Addicts Anonymous\" \/>\n<meta property=\"og:description\" content=\"This page contains a list of upcoming Open Path Step Workshops, structured settings for working through the Twelve Steps of ITAA in a group with lots of built in support. The meetings are set up so that all stepwork can be done within our meeting times (though there are optional additional writing exercises each week &hellip; Continu\u0103 s\u0103 cite\u0219ti Open Path Step Workshops\" \/>\n<meta property=\"og:url\" content=\"https:\/\/internetaddictsanonymous.org\/ro\/ateliere-step\/\" \/>\n<meta property=\"og:site_name\" content=\"Internet and Technology Addicts Anonymous\" \/>\n<meta property=\"article:modified_time\" content=\"2024-10-03T02:43:14+00:00\" \/>\n<meta name=\"twitter:card\" content=\"summary_large_image\" \/>\n<meta name=\"twitter:label1\" content=\"Timp estimat pentru citire\" \/>\n\t<meta name=\"twitter:data1\" content=\"4 minute\" \/>\n<script type=\"application\/ld+json\" class=\"yoast-schema-graph\">{\"@context\":\"https:\\\/\\\/schema.org\",\"@graph\":[{\"@type\":\"WebPage\",\"@id\":\"https:\\\/\\\/internetaddictsanonymous.org\\\/step-workshops\\\/\",\"url\":\"https:\\\/\\\/internetaddictsanonymous.org\\\/step-workshops\\\/\",\"name\":\"Open Path Step Workshops &#8211; Internet and Technology Addicts Anonymous\",\"isPartOf\":{\"@id\":\"https:\\\/\\\/internetaddictsanonymous.org\\\/#website\"},\"datePublished\":\"2023-04-02T20:03:08+00:00\",\"dateModified\":\"2024-10-03T02:43:14+00:00\",\"breadcrumb\":{\"@id\":\"https:\\\/\\\/internetaddictsanonymous.org\\\/step-workshops\\\/#breadcrumb\"},\"inLanguage\":\"ro-RO\",\"potentialAction\":[{\"@type\":\"ReadAction\",\"target\":[\"https:\\\/\\\/internetaddictsanonymous.org\\\/step-workshops\\\/\"]}]},{\"@type\":\"BreadcrumbList\",\"@id\":\"https:\\\/\\\/internetaddictsanonymous.org\\\/step-workshops\\\/#breadcrumb\",\"itemListElement\":[{\"@type\":\"ListItem\",\"position\":1,\"name\":\"Home\",\"item\":\"https:\\\/\\\/internetaddictsanonymous.org\\\/\"},{\"@type\":\"ListItem\",\"position\":2,\"name\":\"Open Path Step Workshops\"}]},{\"@type\":\"WebSite\",\"@id\":\"https:\\\/\\\/internetaddictsanonymous.org\\\/#website\",\"url\":\"https:\\\/\\\/internetaddictsanonymous.org\\\/\",\"name\":\"Internet and Technology Addicts Anonymous\",\"description\":\"Worldwide 12-step Fellowship for Internet and Technology Addiction\",\"publisher\":{\"@id\":\"https:\\\/\\\/internetaddictsanonymous.org\\\/#organization\"},\"potentialAction\":[{\"@type\":\"SearchAction\",\"target\":{\"@type\":\"EntryPoint\",\"urlTemplate\":\"https:\\\/\\\/internetaddictsanonymous.org\\\/?s={search_term_string}\"},\"query-input\":{\"@type\":\"PropertyValueSpecification\",\"valueRequired\":true,\"valueName\":\"search_term_string\"}}],\"inLanguage\":\"ro-RO\"},{\"@type\":\"Organization\",\"@id\":\"https:\\\/\\\/internetaddictsanonymous.org\\\/#organization\",\"name\":\"Internet and Technology Addicts Anonymous\",\"url\":\"https:\\\/\\\/internetaddictsanonymous.org\\\/\",\"logo\":{\"@type\":\"ImageObject\",\"inLanguage\":\"ro-RO\",\"@id\":\"https:\\\/\\\/internetaddictsanonymous.org\\\/#\\\/schema\\\/logo\\\/image\\\/\",\"url\":\"https:\\\/\\\/internetaddictsanonymous.org\\\/wp-content\\\/uploads\\\/2023\\\/01\\\/cropped-ITAA-logo-480px.png\",\"contentUrl\":\"https:\\\/\\\/internetaddictsanonymous.org\\\/wp-content\\\/uploads\\\/2023\\\/01\\\/cropped-ITAA-logo-480px.png\",\"width\":480,\"height\":480,\"caption\":\"Internet and Technology Addicts Anonymous\"},\"image\":{\"@id\":\"https:\\\/\\\/internetaddictsanonymous.org\\\/#\\\/schema\\\/logo\\\/image\\\/\"}}]}<\/script>\n<!-- \/ Yoast SEO plugin. -->","yoast_head_json":{"title":"Ateliere de lucru \u00een etape Open Path - Dependen\u021bii de Internet \u0219i Tehnologie Anonimi","robots":{"index":"index","follow":"follow","max-snippet":"max-snippet:-1","max-image-preview":"max-image-preview:large","max-video-preview":"max-video-preview:-1"},"canonical":"https:\/\/internetaddictsanonymous.org\/ro\/ateliere-step\/","og_locale":"ro_RO","og_type":"article","og_title":"Open Path Step Workshops &#8211; Internet and Technology Addicts Anonymous","og_description":"This page contains a list of upcoming Open Path Step Workshops, structured settings for working through the Twelve Steps of ITAA in a group with lots of built in support. The meetings are set up so that all stepwork can be done within our meeting times (though there are optional additional writing exercises each week &hellip; Continu\u0103 s\u0103 cite\u0219ti Open Path Step Workshops","og_url":"https:\/\/internetaddictsanonymous.org\/ro\/ateliere-step\/","og_site_name":"Internet and Technology Addicts Anonymous","article_modified_time":"2024-10-03T02:43:14+00:00","twitter_card":"summary_large_image","twitter_misc":{"Timp estimat pentru citire":"4 minute"},"schema":{"@context":"https:\/\/schema.org","@graph":[{"@type":"WebPage","@id":"https:\/\/internetaddictsanonymous.org\/step-workshops\/","url":"https:\/\/internetaddictsanonymous.org\/step-workshops\/","name":"Ateliere de lucru \u00een etape Open Path - Dependen\u021bii de Internet \u0219i Tehnologie Anonimi","isPartOf":{"@id":"https:\/\/internetaddictsanonymous.org\/#website"},"datePublished":"2023-04-02T20:03:08+00:00","dateModified":"2024-10-03T02:43:14+00:00","breadcrumb":{"@id":"https:\/\/internetaddictsanonymous.org\/step-workshops\/#breadcrumb"},"inLanguage":"ro-RO","potentialAction":[{"@type":"ReadAction","target":["https:\/\/internetaddictsanonymous.org\/step-workshops\/"]}]},{"@type":"BreadcrumbList","@id":"https:\/\/internetaddictsanonymous.org\/step-workshops\/#breadcrumb","itemListElement":[{"@type":"ListItem","position":1,"name":"Home","item":"https:\/\/internetaddictsanonymous.org\/"},{"@type":"ListItem","position":2,"name":"Open Path Step Workshops"}]},{"@type":"WebSite","@id":"https:\/\/internetaddictsanonymous.org\/#website","url":"https:\/\/internetaddictsanonymous.org\/","name":"Dependen\u021bii de Internet \u0219i Tehnologie Anonimi","description":"Fr\u0103\u021bie mondial\u0103 \u00een 12 pa\u0219i pentru dependen\u021ba de internet \u0219i tehnologie","publisher":{"@id":"https:\/\/internetaddictsanonymous.org\/#organization"},"potentialAction":[{"@type":"SearchAction","target":{"@type":"EntryPoint","urlTemplate":"https:\/\/internetaddictsanonymous.org\/?s={search_term_string}"},"query-input":{"@type":"PropertyValueSpecification","valueRequired":true,"valueName":"search_term_string"}}],"inLanguage":"ro-RO"},{"@type":"Organization","@id":"https:\/\/internetaddictsanonymous.org\/#organization","name":"Dependen\u021bii de Internet \u0219i Tehnologie Anonimi","url":"https:\/\/internetaddictsanonymous.org\/","logo":{"@type":"ImageObject","inLanguage":"ro-RO","@id":"https:\/\/internetaddictsanonymous.org\/#\/schema\/logo\/image\/","url":"https:\/\/internetaddictsanonymous.org\/wp-content\/uploads\/2023\/01\/cropped-ITAA-logo-480px.png","contentUrl":"https:\/\/internetaddictsanonymous.org\/wp-content\/uploads\/2023\/01\/cropped-ITAA-logo-480px.png","width":480,"height":480,"caption":"Internet and Technology Addicts Anonymous"},"image":{"@id":"https:\/\/internetaddictsanonymous.org\/#\/schema\/logo\/image\/"}}]}},"jetpack_sharing_enabled":true,"jetpack_shortlink":"https:\/\/wp.me\/P9Fwob-45b","_links":{"self":[{"href":"https:\/\/internetaddictsanonymous.org\/ro\/wp-json\/wp\/v2\/pages\/15697","targetHints":{"allow":["GET"]}}],"collection":[{"href":"https:\/\/internetaddictsanonymous.org\/ro\/wp-json\/wp\/v2\/pages"}],"about":[{"href":"https:\/\/internetaddictsanonymous.org\/ro\/wp-json\/wp\/v2\/types\/page"}],"author":[{"embeddable":true,"href":"https:\/\/internetaddictsanonymous.org\/ro\/wp-json\/wp\/v2\/users\/35194237"}],"replies":[{"embeddable":true,"href":"https:\/\/internetaddictsanonymous.org\/ro\/wp-json\/wp\/v2\/comments?post=15697"}],"version-history":[{"count":57,"href":"https:\/\/internetaddictsanonymous.org\/ro\/wp-json\/wp\/v2\/pages\/15697\/revisions"}],"predecessor-version":[{"id":18760,"href":"https:\/\/internetaddictsanonymous.org\/ro\/wp-json\/wp\/v2\/pages\/15697\/revisions\/18760"}],"wp:attachment":[{"href":"https:\/\/internetaddictsanonymous.org\/ro\/wp-json\/wp\/v2\/media?parent=15697"}],"wp:term":[{"taxonomy":"post_tag","embeddable":true,"href":"https:\/\/internetaddictsanonymous.org\/ro\/wp-json\/wp\/v2\/tags?post=15697"}],"curies":[{"name":"wp","href":"https:\/\/api.w.org\/{rel}","templated":true}]}}