{"id":16248,"date":"2023-07-14T19:47:57","date_gmt":"2023-07-14T23:47:57","guid":{"rendered":"https:\/\/internetaddictsanonymous.org\/?page_id=16248"},"modified":"2025-03-17T09:17:18","modified_gmt":"2025-03-17T16:17:18","slug":"arabic","status":"publish","type":"page","link":"https:\/\/internetaddictsanonymous.org\/ro\/arabic\/","title":{"rendered":"ITAA \u00een arab\u0103"},"content":{"rendered":"<p>Bine a\u021bi venit la Internet and Technology Addicts Anonymous! Ne bucur\u0103m c\u0103 ne-a\u021bi g\u0103sit \u0219i sper\u0103m c\u0103 comunitatea noastr\u0103 v\u0103 poate fi la fel de util\u0103 cum a fost pentru noi.<strong> <mark style=\"background-color:rgba(0, 0, 0, 0)\" class=\"has-inline-color has-dark-gray-color\">ITAA este o comunitate \u00een doisprezece pa\u0219i format\u0103 din persoane care se sprijin\u0103 reciproc \u00een recuperarea de la dependen\u021ba de internet \u0219i tehnologie.<\/mark><\/strong> Aceasta include dependen\u021ba de social media, smartphone-uri, streaming de con\u021binut video sau audio, jocuri, \u0219tiri, pornografie, aplica\u021bii de \u00eent\u00e2lniri, cercetare online, cump\u0103r\u0103turi online sau orice alt\u0103 activitate digital\u0103 care devine compulsiv\u0103 \u0219i problematic\u0103.&nbsp;<\/p>\n\n\n\n<p>De asemenea, pute\u021bi consulta <a href=\"https:\/\/internetaddictsanonymous.org\/ro\/intalniri-online\/\">programul complet al reuniunilor interna\u021bionale<\/a>. <strong>\u00cen toate aceste reuniuni, pute\u021bi activa subtitr\u0103rile traduse \u00een limba dvs. intr\u00e2nd \u00een reuniune, f\u0103c\u00e2nd clic pe butonul \"Subtitr\u0103ri\" din partea de jos a ecranului \u0219i activ\u00e2nd traducerea.<\/strong> Toate \u00eent\u00e2lnirile sunt complet gratuite \u0219i anonime.<\/p>\n\n\n<pre><iframe style=\"height: 700px; width: 100%;\" src=\"https:\/\/teamup.com\/ksebdd9bz4my6np3ui?&amp;showHeader=1&amp;showLogo=1&amp;showTitle=1&amp;showSidepanel=1&amp;showViewSelector=1\" width=\"100%\" height=\"700\" frameborder=\"0\"><\/iframe><\/pre>\n\n\n<h3 class=\"wp-block-heading\"><strong>Cum func\u021bioneaz\u0103 reuniunile?<\/strong><\/h3>\n\n\n\n<p>Dac\u0103 participa\u021bi la o \u00eent\u00e2lnire pentru prima dat\u0103, nu este nevoie s\u0103 fi\u021bi nervo\u0219i. Majoritatea \u00eent\u00e2lnirilor noastre sunt foarte simple; fiecare \u00eent\u00e2lnire are un pre\u0219edinte care conduce \u00eent\u00e2lnirea, iar majoritatea \u00eent\u00e2lnirilor dureaz\u0103 o or\u0103. Pre\u0219edintele \u0219i al\u021bi voluntari citesc c\u00e2teva declara\u021bii de deschidere, \u00eenainte de a deschide \u00eent\u00e2lnirea pentru ca membrii s\u0103 \u00eemp\u0103rt\u0103\u0219easc\u0103. Nu este obligatoriu s\u0103 \u00eemp\u0103rt\u0103\u0219i\u021bi informa\u021bii \u0219i este \u00een regul\u0103 s\u0103 asculta\u021bi pur \u0219i simplu. Pute\u021bi \u00eemp\u0103rt\u0103\u0219i cum v\u0103 descurca\u021bi, v\u0103 pute\u021bi prezenta \u0219i ce v-a adus la ITAA sau pute\u021bi pune \u00eentreb\u0103ri. Cu excep\u021bia cazului \u00een care membrul care \u00eemp\u0103rt\u0103\u0219e\u0219te informa\u021biile v\u0103 solicit\u0103 acest lucru, nu oferim sugestii sau comentarii ca r\u0103spuns la informa\u021biile altora; pur \u0219i simplu ascult\u0103m f\u0103r\u0103 a judeca. La sf\u00e2r\u0219itul orei, \u00eent\u00e2lnirea se va \u00eencheia cu c\u00e2teva declara\u021bii de \u00eenchidere, dup\u0103 care membrii r\u0103m\u00e2n de obicei pe linie pentru a discuta relaxat, a pune \u00eentreb\u0103ri \u0219i a face schimb de date de contact.<\/p>\n\n\n\n<h3 class=\"wp-block-heading\">Resurse pentru dependen\u021ba de internet \u0219i tehnologie<\/h3>\n\n\n\n<p>Dac\u0103 v\u0103 \u00eentreba\u021bi dac\u0103 ave\u021bi o dependen\u021b\u0103 de internet \u0219i tehnologie, pute\u021bi consulta chestionarele noastre pentru <a href=\"https:\/\/internetaddictsanonymous.org\/ro\/dependenta-de-internet-si-tehnologie\/\">dependen\u021ba de internet<\/a>, <a href=\"https:\/\/internetaddictsanonymous.org\/ro\/dependenta-de-internet-si-tehnologie\/dependenta-de-social-media\/\">dependen\u021ba de social media<\/a>, <a href=\"https:\/\/internetaddictsanonymous.org\/ro\/dependenta-de-internet\/dependenta-de-streaming\/\">dependen\u021ba de streaming<\/a>, <a href=\"https:\/\/internetaddictsanonymous.org\/ro\/dependenta-de-internet-si-tehnologie\/dependenta-de-telefon\/\">dependen\u021ba de telefon<\/a>, sau <a href=\"https:\/\/internetaddictsanonymous.org\/ro\/dependenta-de-internet-si-tehnologie\/dependenta-de-jocuri-video\/\">dependen\u021ba de jocuri video<\/a>. De asemenea, pute\u021bi afla mai multe despre ITAA citind&nbsp;<a href=\"https:\/\/internetaddictsanonymous.org\/ro\/ghid-pentru-noii-veniti\/\">ghid pentru noii veni\u021bi<\/a>, revizuindu-ne <a href=\"https:\/\/internetaddictsanonymous.org\/ro\/resurse\/instrumente-de-recuperare\/\">instrumente de recuperare<\/a>, sau ascultarea de <a href=\"https:\/\/internetaddictsanonymous.org\/ro\/povesti-de-recuperare\/\">pove\u0219tile de recuperare ale membrilor<\/a>.<\/p>\n\n\n\n<p>ITAA nu este afiliat\u0103 la niciun program politic, religie sau interese externe. Suntem complet autosuficien\u021bi \u0219i gratui\u021bi pentru to\u021bi cei care au nevoie. Scopul nostru unic este s\u0103 ne ab\u021binem de la utilizarea compulsiv\u0103 a internetului \u0219i a tehnologiei \u0219i s\u0103 \u00eei ajut\u0103m pe al\u021bii s\u0103 se elibereze de aceast\u0103 dependen\u021b\u0103.<\/p>\n\n\n\n<p>\u0623\u0647\u0644\u0627\u064b \u0628\u0643\u0645 \u0645\u062c\u062f\u062f\u0627\u064b! \u0646\u0623\u0645\u0644 \u0623\u0646 \u064a\u0642\u062f\u0645 \u0644\u0643\u0645 \u0647\u0630\u0627 \u0627\u0644\u0645\u062c\u062a\u0645\u0639 \u0627\u0644\u062f\u0639\u0645 \u0627\u0644\u0644\u0627\u0632\u0645 \u0644\u0644\u062a\u0639\u0627\u0641\u064a \u0645\u0646 \u0625\u062f\u0645\u0627\u0646 \u0627\u0644\u0625\u0646\u062a\u0631\u0646\u062a \u0648\u0627\u0644\u062a\u0643\u0646\u0648\u0627\u0644\u0648\u0644\u0648. \u062a\u0648\u0627\u0635\u0644\u0648\u0627 \u0645\u0639\u0646\u0627 \u0639\u0628\u0631 \u0627\u0644\u0628\u0631\u064a\u062f \u0627\u0644\u0625\u0644\u0643\u062a\u0631\u0648\u0646\u064a: ranafakhr144@gmail.com<\/p>\n\n\n\n<p><\/p>\n\n\n\n<h3 class=\"wp-block-heading\"><strong>Securitate<\/strong><\/h3>\n\n\n\n<p>\u00cent\u00e2lnirile noastre au partajarea ecranului dezactivat\u0103 \u0219i criptarea activat\u0103. Gazdele pot dezactiva sunetul \u0219i elimina orice participant care deranjeaz\u0103. Dac\u0103 g\u0103zdui\u021bi o \u00eent\u00e2lnire, v\u0103 suger\u0103m s\u0103 citi\u021bi regulamentul ITAA.&nbsp;<a href=\"https:\/\/internetaddictsanonymous.org\/ro\/orientari-privind-securitatea-pentru-gazdele-reuniunilor-itaa\/\">ghid privind modul de prevenire \u0219i r\u0103spuns la perturb\u0103ri<\/a>.<\/p>\n\n\n\n<h3 class=\"wp-block-heading\"><strong>Resurse legate de accesibilitate<\/strong><\/h3>\n\n\n\n<p><a href=\"https:\/\/internetaddictsanonymous.org\/ro\/accesibilitate\/\">Accesibilitate pentru membrii cu deficien\u021be de vorbire \u0219i auz<\/a><\/p>\n\n\n\n<p><a href=\"https:\/\/support.zoom.us\/hc\/en-us\/articles\/201362893-How-much-bandwidth-do-I-need-when-using-3G-or-4G-LTE\">L\u0103\u021bimea de band\u0103 necesar\u0103 atunci c\u00e2nd utiliza\u021bi 3G, 4G\/LTE sau 5G (support.zoom.us)<\/a><\/p>\n\n\n\n<p><a href=\"https:\/\/support.zoom.us\/hc\/en-us\/articles\/4409500570381-Stopping-all-incoming-video-in-a-meeting-or-webinar\">Cum s\u0103 opri\u021bi toate materialele video primite (support.zoom.us<\/a>)<\/p>\n\n\n\n<p><br>  <\/p>\n<!-- PMB print buttons is only displayed on a single post\/page URLs-->","protected":false},"excerpt":{"rendered":"<p>Bun venit la Dependen\u021bii Anonimi de Internet \u0219i Tehnologie! Ne bucur\u0103m c\u0103 ne-a\u021bi g\u0103sit \u0219i sper\u0103m c\u0103 comunitatea noastr\u0103 v\u0103 poate fi la fel de util\u0103 a\u0219a cum ne-a fost nou\u0103. ITAA este o comunitate \u00een Doisprezece Pa\u0219i format\u0103 din persoane care se sprijin\u0103 reciproc \u00een recuperarea de dependen\u021ba de internet \u0219i tehnologie. Aceasta include dependen\u021ba de re\u021bele sociale, smartphone-uri, streaming... <a href=\"https:\/\/internetaddictsanonymous.org\/ro\/arabic\/\" class=\"more-link\">Continu\u0103 s\u0103 cite\u0219ti <span class=\"screen-reader-text\">ITAA \u00een arab\u0103<\/span><\/a><\/p>","protected":false},"author":35194237,"featured_media":0,"parent":0,"menu_order":0,"comment_status":"closed","ping_status":"closed","template":"full-width-page.php","meta":{"inline_featured_image":false,"_lmt_disableupdate":"","_lmt_disable":"","jetpack_post_was_ever_published":false,"footnotes":""},"tags":[],"class_list":["post-16248","page","type-page","status-publish","hentry"],"yoast_head":"<!-- This site is optimized with the Yoast SEO plugin v27.1.1 - https:\/\/yoast.com\/product\/yoast-seo-wordpress\/ -->\n<title>ITAA in Arabic &#8211; Internet and Technology Addicts Anonymous<\/title>\n<meta name=\"robots\" content=\"index, follow, max-snippet:-1, max-image-preview:large, max-video-preview:-1\" \/>\n<link rel=\"canonical\" href=\"https:\/\/internetaddictsanonymous.org\/ro\/arabic\/\" \/>\n<meta property=\"og:locale\" content=\"ro_RO\" \/>\n<meta property=\"og:type\" content=\"article\" \/>\n<meta property=\"og:title\" content=\"ITAA in Arabic &#8211; Internet and Technology Addicts Anonymous\" \/>\n<meta property=\"og:description\" content=\"Welcome to Internet and Technology Addicts Anonymous! We\u2019re glad you\u2019ve found us, and we hope our community can be as helpful to you as it has been for us. ITAA is a Twelve-Step fellowship of individuals who support each other in recovering from internet and technology addiction. This includes addiction to social media, smartphones, streaming &hellip; Continu\u0103 s\u0103 cite\u0219ti ITAA in Arabic\" \/>\n<meta property=\"og:url\" content=\"https:\/\/internetaddictsanonymous.org\/ro\/arabic\/\" \/>\n<meta property=\"og:site_name\" content=\"Internet and Technology Addicts Anonymous\" \/>\n<meta property=\"article:modified_time\" content=\"2025-03-17T16:17:18+00:00\" \/>\n<meta name=\"twitter:card\" content=\"summary_large_image\" \/>\n<meta name=\"twitter:label1\" content=\"Timp estimat pentru citire\" \/>\n\t<meta name=\"twitter:data1\" content=\"3 minute\" \/>\n<script type=\"application\/ld+json\" class=\"yoast-schema-graph\">{\"@context\":\"https:\/\/schema.org\",\"@graph\":[{\"@type\":\"WebPage\",\"@id\":\"https:\/\/internetaddictsanonymous.org\/arabic\/\",\"url\":\"https:\/\/internetaddictsanonymous.org\/arabic\/\",\"name\":\"ITAA in Arabic &#8211; Internet and Technology Addicts Anonymous\",\"isPartOf\":{\"@id\":\"https:\/\/internetaddictsanonymous.org\/#website\"},\"datePublished\":\"2023-07-14T23:47:57+00:00\",\"dateModified\":\"2025-03-17T16:17:18+00:00\",\"breadcrumb\":{\"@id\":\"https:\/\/internetaddictsanonymous.org\/arabic\/#breadcrumb\"},\"inLanguage\":\"ro-RO\",\"potentialAction\":[{\"@type\":\"ReadAction\",\"target\":[\"https:\/\/internetaddictsanonymous.org\/arabic\/\"]}]},{\"@type\":\"BreadcrumbList\",\"@id\":\"https:\/\/internetaddictsanonymous.org\/arabic\/#breadcrumb\",\"itemListElement\":[{\"@type\":\"ListItem\",\"position\":1,\"name\":\"Home\",\"item\":\"https:\/\/internetaddictsanonymous.org\/\"},{\"@type\":\"ListItem\",\"position\":2,\"name\":\"ITAA in Arabic\"}]},{\"@type\":\"WebSite\",\"@id\":\"https:\/\/internetaddictsanonymous.org\/#website\",\"url\":\"https:\/\/internetaddictsanonymous.org\/\",\"name\":\"Internet and Technology Addicts Anonymous\",\"description\":\"Worldwide 12-step Fellowship for Internet and Technology Addiction\",\"publisher\":{\"@id\":\"https:\/\/internetaddictsanonymous.org\/#organization\"},\"potentialAction\":[{\"@type\":\"SearchAction\",\"target\":{\"@type\":\"EntryPoint\",\"urlTemplate\":\"https:\/\/internetaddictsanonymous.org\/?s={search_term_string}\"},\"query-input\":{\"@type\":\"PropertyValueSpecification\",\"valueRequired\":true,\"valueName\":\"search_term_string\"}}],\"inLanguage\":\"ro-RO\"},{\"@type\":\"Organization\",\"@id\":\"https:\/\/internetaddictsanonymous.org\/#organization\",\"name\":\"Internet and Technology Addicts Anonymous\",\"url\":\"https:\/\/internetaddictsanonymous.org\/\",\"logo\":{\"@type\":\"ImageObject\",\"inLanguage\":\"ro-RO\",\"@id\":\"https:\/\/internetaddictsanonymous.org\/#\/schema\/logo\/image\/\",\"url\":\"https:\/\/internetaddictsanonymous.org\/wp-content\/uploads\/2023\/01\/cropped-ITAA-logo-480px.png\",\"contentUrl\":\"https:\/\/internetaddictsanonymous.org\/wp-content\/uploads\/2023\/01\/cropped-ITAA-logo-480px.png\",\"width\":480,\"height\":480,\"caption\":\"Internet and Technology Addicts Anonymous\"},\"image\":{\"@id\":\"https:\/\/internetaddictsanonymous.org\/#\/schema\/logo\/image\/\"}}]}<\/script>\n<!-- \/ Yoast SEO plugin. -->","yoast_head_json":{"title":"ITAA \u00een arab\u0103 \u2013 Dependen\u021bi de internet \u0219i tehnologie Anonimi","robots":{"index":"index","follow":"follow","max-snippet":"max-snippet:-1","max-image-preview":"max-image-preview:large","max-video-preview":"max-video-preview:-1"},"canonical":"https:\/\/internetaddictsanonymous.org\/ro\/arabic\/","og_locale":"ro_RO","og_type":"article","og_title":"ITAA in Arabic &#8211; Internet and Technology Addicts Anonymous","og_description":"Welcome to Internet and Technology Addicts Anonymous! We\u2019re glad you\u2019ve found us, and we hope our community can be as helpful to you as it has been for us. ITAA is a Twelve-Step fellowship of individuals who support each other in recovering from internet and technology addiction. This includes addiction to social media, smartphones, streaming &hellip; Continu\u0103 s\u0103 cite\u0219ti ITAA in Arabic","og_url":"https:\/\/internetaddictsanonymous.org\/ro\/arabic\/","og_site_name":"Internet and Technology Addicts Anonymous","article_modified_time":"2025-03-17T16:17:18+00:00","twitter_card":"summary_large_image","twitter_misc":{"Timp estimat pentru citire":"3 minute"},"schema":{"@context":"https:\/\/schema.org","@graph":[{"@type":"WebPage","@id":"https:\/\/internetaddictsanonymous.org\/arabic\/","url":"https:\/\/internetaddictsanonymous.org\/arabic\/","name":"ITAA \u00een arab\u0103 \u2013 Dependen\u021bi de internet \u0219i tehnologie Anonimi","isPartOf":{"@id":"https:\/\/internetaddictsanonymous.org\/#website"},"datePublished":"2023-07-14T23:47:57+00:00","dateModified":"2025-03-17T16:17:18+00:00","breadcrumb":{"@id":"https:\/\/internetaddictsanonymous.org\/arabic\/#breadcrumb"},"inLanguage":"ro-RO","potentialAction":[{"@type":"ReadAction","target":["https:\/\/internetaddictsanonymous.org\/arabic\/"]}]},{"@type":"BreadcrumbList","@id":"https:\/\/internetaddictsanonymous.org\/arabic\/#breadcrumb","itemListElement":[{"@type":"ListItem","position":1,"name":"Home","item":"https:\/\/internetaddictsanonymous.org\/"},{"@type":"ListItem","position":2,"name":"ITAA in Arabic"}]},{"@type":"WebSite","@id":"https:\/\/internetaddictsanonymous.org\/#website","url":"https:\/\/internetaddictsanonymous.org\/","name":"Dependen\u021bii de Internet \u0219i Tehnologie Anonimi","description":"Fr\u0103\u021bie mondial\u0103 \u00een 12 pa\u0219i pentru dependen\u021ba de internet \u0219i tehnologie","publisher":{"@id":"https:\/\/internetaddictsanonymous.org\/#organization"},"potentialAction":[{"@type":"SearchAction","target":{"@type":"EntryPoint","urlTemplate":"https:\/\/internetaddictsanonymous.org\/?s={search_term_string}"},"query-input":{"@type":"PropertyValueSpecification","valueRequired":true,"valueName":"search_term_string"}}],"inLanguage":"ro-RO"},{"@type":"Organization","@id":"https:\/\/internetaddictsanonymous.org\/#organization","name":"Dependen\u021bii de Internet \u0219i Tehnologie Anonimi","url":"https:\/\/internetaddictsanonymous.org\/","logo":{"@type":"ImageObject","inLanguage":"ro-RO","@id":"https:\/\/internetaddictsanonymous.org\/#\/schema\/logo\/image\/","url":"https:\/\/internetaddictsanonymous.org\/wp-content\/uploads\/2023\/01\/cropped-ITAA-logo-480px.png","contentUrl":"https:\/\/internetaddictsanonymous.org\/wp-content\/uploads\/2023\/01\/cropped-ITAA-logo-480px.png","width":480,"height":480,"caption":"Internet and Technology Addicts Anonymous"},"image":{"@id":"https:\/\/internetaddictsanonymous.org\/#\/schema\/logo\/image\/"}}]}},"jetpack_sharing_enabled":true,"jetpack_shortlink":"https:\/\/wp.me\/P9Fwob-4e4","_links":{"self":[{"href":"https:\/\/internetaddictsanonymous.org\/ro\/wp-json\/wp\/v2\/pages\/16248","targetHints":{"allow":["GET"]}}],"collection":[{"href":"https:\/\/internetaddictsanonymous.org\/ro\/wp-json\/wp\/v2\/pages"}],"about":[{"href":"https:\/\/internetaddictsanonymous.org\/ro\/wp-json\/wp\/v2\/types\/page"}],"author":[{"embeddable":true,"href":"https:\/\/internetaddictsanonymous.org\/ro\/wp-json\/wp\/v2\/users\/35194237"}],"replies":[{"embeddable":true,"href":"https:\/\/internetaddictsanonymous.org\/ro\/wp-json\/wp\/v2\/comments?post=16248"}],"version-history":[{"count":14,"href":"https:\/\/internetaddictsanonymous.org\/ro\/wp-json\/wp\/v2\/pages\/16248\/revisions"}],"predecessor-version":[{"id":19465,"href":"https:\/\/internetaddictsanonymous.org\/ro\/wp-json\/wp\/v2\/pages\/16248\/revisions\/19465"}],"wp:attachment":[{"href":"https:\/\/internetaddictsanonymous.org\/ro\/wp-json\/wp\/v2\/media?parent=16248"}],"wp:term":[{"taxonomy":"post_tag","embeddable":true,"href":"https:\/\/internetaddictsanonymous.org\/ro\/wp-json\/wp\/v2\/tags?post=16248"}],"curies":[{"name":"wp","href":"https:\/\/api.w.org\/{rel}","templated":true}]}}