{"id":16276,"date":"2023-07-16T10:54:37","date_gmt":"2023-07-16T14:54:37","guid":{"rendered":"https:\/\/internetaddictsanonymous.org\/?page_id=16276"},"modified":"2026-04-07T18:02:23","modified_gmt":"2026-04-08T01:02:23","slug":"sua-new-york","status":"publish","type":"page","link":"https:\/\/internetaddictsanonymous.org\/ro\/in-person-meetings\/usa-ny\/","title":{"rendered":"ITAA \u00een New York, SUA"},"content":{"rendered":"<p>Bine a\u021bi venit la Internet and Technology Addicts Anonymous! Ne bucur\u0103m c\u0103 ne-a\u021bi g\u0103sit \u0219i sper\u0103m c\u0103 comunitatea noastr\u0103 v\u0103 poate fi la fel de util\u0103 cum a fost pentru noi.<strong> <mark style=\"background-color:rgba(0, 0, 0, 0)\" class=\"has-inline-color has-dark-gray-color\">ITAA este o comunitate \u00een doisprezece pa\u0219i format\u0103 din persoane care se sprijin\u0103 reciproc \u00een recuperarea de la dependen\u021ba de internet \u0219i tehnologie.<\/mark><\/strong> Aceasta include dependen\u021ba de social media, smartphone-uri, streaming de con\u021binut video sau audio, jocuri, \u0219tiri, pornografie, aplica\u021bii de \u00eent\u00e2lniri, cercetare online, cump\u0103r\u0103turi online sau orice alt\u0103 activitate digital\u0103 care devine compulsiv\u0103 \u0219i problematic\u0103.&nbsp;<\/p>\n\n\n\n<h3 class=\"wp-block-heading\">ITAA \u00een New York City<\/h3>\n\n\n\n<p><strong>Func\u021bioneaz\u0103 dac\u0103 lucrezi la ea (Manhattan \u2013 Upper East Side)<\/strong><br><strong>C\u00e2nd:<\/strong>\u00a0Luni, 17:30\u201318:30<br><strong>Unde:<\/strong>\u00a0Biserica Sf. Vincent Ferrer \u2014 869 Lexington Ave, New York, NY 10065 (intrarea este o u\u0219\u0103 ro\u0219ie mic\u0103 \u00een lateral, pe Lexington Ave)<br><strong>Contact:<\/strong>\u00a0<a href=\"mailto:itaa.iwiywi@gmail.com\">itaa.iwiywi@gmail.com<\/a>\u00a0(adresa de e-mail va fi ad\u0103ugat\u0103 la lista de discu\u021bii)<br><strong>Focalizare:<\/strong>\u00a0Cum s\u0103 devii \u0219i s\u0103 r\u0103m\u00e2i sobru. Fiecare lun\u0103 \u00eencepe cu un instrument de recuperare prezentat de un membru cu sobrietate pe termen lung. \u0218edin\u021bele de pe parcursul lunii exploreaz\u0103 \u00een profunzime acest instrument, inclusiv \u00een cadrul unor discu\u021bii deschise. A patra \u00eent\u00e2lnire include o prezentare a unui vorbitor.\u00a0<em>\u00cen fiecare s\u0103pt\u0103m\u00e2n\u0103, punem \u00een leg\u0103tur\u0103 pe oricine are nevoie cu un sponsor temporar \u0219i oferim oportunit\u0103\u021bi de serviciu.<\/em><\/p>\n\n\n\n<p><strong>ITAA \u00een New York (Manhattan \u2013 West Village)<\/strong><br><strong>C\u00e2nd:<\/strong>&nbsp;S\u00e2mb\u0103ta, 14:00\u201315:00<br><strong>Unde:<\/strong>&nbsp;Centrul Comunitar LGBT \u2014 208 W 13th St, New York, NY 10014<br><strong>Contact:<\/strong>&nbsp;<a>itaa.nyc@gmail.com<\/a>&nbsp;(adres\u0103 de e-mail pentru a fi ad\u0103ugat\u0103 \u00een lan\u021b \u0219i a primi actualiz\u0103ri)<br><strong>Note:<\/strong>&nbsp;Sala de \u0219edin\u021be va fi afi\u0219at\u0103 pe afi\u0219ul din hol; dac\u0103 nu o g\u0103si\u021bi, cere\u021bi ajutorul unui angajat al Centrului.<\/p>\n\n\n\n<p><strong>Recuperare \u00cempreun\u0103 (Brooklyn \u2013 Bushwick)<\/strong><br><strong>C\u00e2nd:<\/strong>&nbsp;Mar\u021bi, ora 17:00<br><strong>Unde:<\/strong>&nbsp;Centrul de recuperare N Brooklyn - 304 Boerum St, Brooklyn, NY 11206<br><strong>Indica\u021bii:<\/strong>&nbsp;Sta\u021bia Morgan Ave pe trenul L<br><strong>Contact:<\/strong>&nbsp;<a href=\"mailto:brooklynitaa@gmail.com\">brooklynitaa@gmail.com<\/a> (adresa de e-mail va fi ad\u0103ugat\u0103 la lista de discu\u021bii)<br><strong>Focalizare:<\/strong>&nbsp;Fiecare \u00eent\u00e2lnire prezint\u0103 un subiect fundamental pentru recuperare. Schimbul de idei \u00eencepe cu dou\u0103 discu\u021bii principale din partea membrilor care au f\u0103cut progrese recente \u00een procesul lor de recuperare. Prima \u00eent\u00e2lnire a fiec\u0103rei luni include o prezentare mai lung\u0103.<\/p>\n\n\n\n<p><strong>Pas cu pas (Queens \u2013 Sunnyside)<\/strong><br><strong>C\u00e2nd:<\/strong>&nbsp;Duminica, 18:30\u201319:30<br><strong>Unde:<\/strong>&nbsp;Centrul Comunitar Mosaic \u2014 43-01A 46th St, Sunnyside, NY 11104<br><strong>Contact:<\/strong>&nbsp;<a>sunnyside.itaa@gmail.com<\/a>&nbsp;(adresa de e-mail va fi ad\u0103ugat\u0103 la lista de discu\u021bii)<br><strong>Focalizare:<\/strong>&nbsp;Toate \u00eent\u00e2lnirile, cu excep\u021bia celei de-a doua a lunii, includ 10 minute de lucru independent pe pa\u0219i (resursele sunt furnizate), urmate de o discu\u021bie deschis\u0103 despre acest lucru. \u00cen a doua \u00eent\u00e2lnire a lunii, exist\u0103 o prezentare mai lung\u0103 din partea unui vorbitor despre experien\u021ba sa de lucru recent pe un Pas.&nbsp;<em>La fiecare \u00eent\u00e2lnire, punem \u00een leg\u0103tur\u0103 cu oricine are nevoie un sponsor temporar.<\/em><\/p>\n\n\n\n<p class=\"has-text-align-center\">-~-<\/p>\n\n\n\n<h3 class=\"wp-block-heading\">ITAA \u00een Westchester<\/h3>\n\n\n\n<p>Un nou grup cu \u00eent\u00e2lniri fa\u021b\u0103 \u00een fa\u021b\u0103 se formeaz\u0103 \u0219i a \u00eenceput s\u0103 se \u00eent\u00e2lneasc\u0103 periodic \u00een comitatul Westchester, NY. V\u0103 rug\u0103m s\u0103 contacta\u021bi&nbsp;<a href=\"mailto:itaa.westchester@gmail.com\" target=\"_blank\" rel=\"noreferrer noopener\">itaa.westchester@gmail.com<\/a>&nbsp;pentru mai multe informa\u021bii.<\/p>\n\n\n\n<p class=\"has-text-align-center\">-~-<\/p>\n\n\n\n<h3 class=\"wp-block-heading\">ITAA \u00een Buffalo (poten\u021bial)<\/h3>\n\n\n\n<p>Membrii sunt interesa\u021bi s\u0103 \u00eenceap\u0103 o \u00eent\u00e2lnire fa\u021b\u0103 \u00een fa\u021b\u0103 \u00een Buffalo, New York, SUA. V\u0103 rug\u0103m s\u0103 contacta\u021bi: efc21@protonmail.com pentru mai multe informa\u021bii.<\/p>\n\n\n\n<p class=\"has-text-align-center\">-~-<\/p>\n\n\n\n<h3 class=\"wp-block-heading\">Reuniuni suplimentare<\/h3>\n\n\n\n<p>Dac\u0103 sunte\u021bi nou, v\u0103 \u00eencuraj\u0103m s\u0103 \u00eencerca\u021bi s\u0103 participa\u021bi la \u0219ase \u00eent\u00e2lniri \u00eentr-o perioad\u0103 scurt\u0103 de timp pentru a vedea dac\u0103 programul nostru v\u0103 poate fi util. \u00cen plus fa\u021b\u0103 de \u00eent\u00e2lnirile noastre locale \u00een persoan\u0103, pute\u021bi, de asemenea, s\u0103 consulta\u021bi <a href=\"https:\/\/internetaddictsanonymous.org\/ro\/intalniri-in-persoana\/\">alte \u00eent\u00e2lniri \u00een persoan\u0103<\/a> \u0219i o <a href=\"https:\/\/internetaddictsanonymous.org\/ro\/intalniri-online\/\">programul complet al reuniunilor online<\/a>. Toate \u00eent\u00e2lnirile sunt complet gratuite \u0219i anonime.<\/p>\n\n\n\n<h3 class=\"wp-block-heading\"><strong>Cum func\u021bioneaz\u0103 reuniunile?<\/strong><\/h3>\n\n\n\n<p>Dac\u0103 participa\u021bi pentru prima dat\u0103 la o reuniune, nu trebuie s\u0103 fi\u021bi nervos. Majoritatea \u0219edin\u021belor noastre sunt foarte simple; fiecare \u0219edin\u021b\u0103 are un pre\u0219edinte care conduce \u0219edin\u021ba, iar majoritatea \u0219edin\u021belor dureaz\u0103 o or\u0103. Pre\u0219edintele \u0219i al\u021bi voluntari citesc c\u00e2teva declara\u021bii de deschidere, \u00eenainte de a deschide \u0219edin\u021ba pentru ca membrii s\u0103 \u00eemp\u0103rt\u0103\u0219easc\u0103. Nu exist\u0103 nicio obliga\u021bie de a \u00eemp\u0103rt\u0103\u0219i, \u0219i este \u00een regul\u0103 doar s\u0103 asculta\u021bi. Dac\u0103 v\u0103 sim\u021bi\u021bi confortabil, v\u0103 pute\u021bi prezenta \u0219i \u00eemp\u0103rt\u0103\u0219i ce v-a adus la ITAA. Cu excep\u021bia cazului \u00een care este solicitat de membrul care \u00eemp\u0103rt\u0103\u0219e\u0219te, nu oferim sugestii sau comentarii ca r\u0103spuns la ceea ce \u00eemp\u0103rt\u0103\u0219esc ceilal\u021bi; pur \u0219i simplu ascult\u0103m f\u0103r\u0103 a judeca. La sf\u00e2r\u0219itul orei, \u00eent\u00e2lnirea se va \u00eencheia cu c\u00e2teva declara\u021bii de \u00eencheiere, dup\u0103 care membrii obi\u0219nuiesc s\u0103 discute ocazional, s\u0103 pun\u0103 \u00eentreb\u0103ri \u0219i s\u0103 fac\u0103 schimb de date de contact.<\/p>\n\n\n\n<h3 class=\"wp-block-heading\">Resurse pentru dependen\u021ba de internet \u0219i tehnologie<\/h3>\n\n\n\n<p>Dac\u0103 v\u0103 \u00eentreba\u021bi dac\u0103 ave\u021bi o dependen\u021b\u0103 de internet \u0219i tehnologie, pute\u021bi consulta chestionarele noastre pentru <a href=\"https:\/\/internetaddictsanonymous.org\/ro\/dependenta-de-internet-si-tehnologie\/\">dependen\u021ba de internet<\/a>, <a href=\"https:\/\/internetaddictsanonymous.org\/ro\/dependenta-de-internet-si-tehnologie\/dependenta-de-social-media\/\">dependen\u021ba de social media<\/a>, <a href=\"https:\/\/internetaddictsanonymous.org\/ro\/dependenta-de-internet\/dependenta-de-streaming\/\">dependen\u021ba de streaming<\/a>, <a href=\"https:\/\/internetaddictsanonymous.org\/ro\/dependenta-de-internet-si-tehnologie\/dependenta-de-telefon\/\">dependen\u021ba de telefon<\/a>, sau <a href=\"https:\/\/internetaddictsanonymous.org\/ro\/dependenta-de-internet-si-tehnologie\/dependenta-de-jocuri-video\/\">dependen\u021ba de jocuri video<\/a>. De asemenea, pute\u021bi afla mai multe despre ITAA citind&nbsp;<a href=\"https:\/\/internetaddictsanonymous.org\/ro\/ghid-pentru-noii-veniti\/\">ghid pentru noii veni\u021bi<\/a>, revizuindu-ne <a href=\"https:\/\/internetaddictsanonymous.org\/ro\/resurse\/instrumente-de-recuperare\/\">instrumente de recuperare<\/a>, sau ascultarea de <a href=\"https:\/\/internetaddictsanonymous.org\/ro\/povesti-de-recuperare\/\">pove\u0219tile de recuperare ale membrilor<\/a>.<\/p>\n\n\n\n<p>ITAA nu este afiliat\u0103 la niciun program politic, religie sau interese externe. Suntem complet autosuficien\u021bi \u0219i gratui\u021bi pentru to\u021bi cei care au nevoie. Scopul nostru unic este s\u0103 ne ab\u021binem de la utilizarea compulsiv\u0103 a internetului \u0219i a tehnologiei \u0219i s\u0103 \u00eei ajut\u0103m pe al\u021bii s\u0103 se elibereze de aceast\u0103 dependen\u021b\u0103.<\/p>\n\n\n\n<p>Din nou, bine a\u021bi venit! Sper\u0103m c\u0103 aceast\u0103 comunitate v\u0103 poate oferi sprijinul de care ave\u021bi nevoie \u00een recuperarea dvs. de la dependen\u021ba de internet \u0219i tehnologie. V\u0103 rug\u0103m s\u0103 nu ezita\u021bi s\u0103 ne contacta\u021bi dac\u0103 ave\u021bi \u00eentreb\u0103ri.<\/p>\n<!-- PMB print buttons is only displayed on a single post\/page URLs-->","protected":false},"excerpt":{"rendered":"<p>Bun venit la Dependen\u021bii Anonimi de Internet \u0219i Tehnologie! Ne bucur\u0103m c\u0103 ne-a\u021bi g\u0103sit \u0219i sper\u0103m c\u0103 comunitatea noastr\u0103 v\u0103 poate fi la fel de util\u0103 a\u0219a cum ne-a fost nou\u0103. ITAA este o comunitate \u00een Doisprezece Pa\u0219i format\u0103 din persoane care se sprijin\u0103 reciproc \u00een recuperarea de dependen\u021ba de internet \u0219i tehnologie. Aceasta include dependen\u021ba de re\u021bele sociale, smartphone-uri, streaming... <a href=\"https:\/\/internetaddictsanonymous.org\/ro\/in-person-meetings\/usa-ny\/\" class=\"more-link\">Continu\u0103 s\u0103 cite\u0219ti <span class=\"screen-reader-text\">ITAA \u00een New York, SUA<\/span><\/a><\/p>","protected":false},"author":35194237,"featured_media":0,"parent":148,"menu_order":0,"comment_status":"closed","ping_status":"closed","template":"full-width-page.php","meta":{"inline_featured_image":false,"_lmt_disableupdate":"","_lmt_disable":"","footnotes":""},"tags":[],"class_list":["post-16276","page","type-page","status-publish","hentry"],"yoast_head":"<!-- This site is optimized with the Yoast SEO plugin v27.4 - https:\/\/yoast.com\/product\/yoast-seo-wordpress\/ -->\n<title>ITAA in New York, US &#8211; Internet and Technology Addicts Anonymous<\/title>\n<meta name=\"robots\" content=\"index, follow, max-snippet:-1, max-image-preview:large, max-video-preview:-1\" \/>\n<link rel=\"canonical\" href=\"https:\/\/internetaddictsanonymous.org\/ro\/intalniri-in-persoana\/sua-new-york\/\" \/>\n<meta property=\"og:locale\" content=\"ro_RO\" \/>\n<meta property=\"og:type\" content=\"article\" \/>\n<meta property=\"og:title\" content=\"ITAA in New York, US &#8211; Internet and Technology Addicts Anonymous\" \/>\n<meta property=\"og:description\" content=\"Welcome to Internet and Technology Addicts Anonymous! We\u2019re glad you\u2019ve found us, and we hope our community can be as helpful to you as it has been for us. ITAA is a Twelve-Step fellowship of individuals who support each other in recovering from internet and technology addiction. This includes addiction to social media, smartphones, streaming &hellip; Continu\u0103 s\u0103 cite\u0219ti ITAA in New York, US\" \/>\n<meta property=\"og:url\" content=\"https:\/\/internetaddictsanonymous.org\/ro\/intalniri-in-persoana\/sua-new-york\/\" \/>\n<meta property=\"og:site_name\" content=\"Internet and Technology Addicts Anonymous\" \/>\n<meta property=\"article:modified_time\" content=\"2026-04-08T01:02:23+00:00\" \/>\n<meta name=\"twitter:card\" content=\"summary_large_image\" \/>\n<meta name=\"twitter:label1\" content=\"Timp estimat pentru citire\" \/>\n\t<meta name=\"twitter:data1\" content=\"4 minute\" \/>\n<script type=\"application\/ld+json\" class=\"yoast-schema-graph\">{\"@context\":\"https:\\\/\\\/schema.org\",\"@graph\":[{\"@type\":\"WebPage\",\"@id\":\"https:\\\/\\\/internetaddictsanonymous.org\\\/in-person-meetings\\\/usa-ny\\\/\",\"url\":\"https:\\\/\\\/internetaddictsanonymous.org\\\/in-person-meetings\\\/usa-ny\\\/\",\"name\":\"ITAA in New York, US &#8211; Internet and Technology Addicts Anonymous\",\"isPartOf\":{\"@id\":\"https:\\\/\\\/internetaddictsanonymous.org\\\/#website\"},\"datePublished\":\"2023-07-16T14:54:37+00:00\",\"dateModified\":\"2026-04-08T01:02:23+00:00\",\"breadcrumb\":{\"@id\":\"https:\\\/\\\/internetaddictsanonymous.org\\\/in-person-meetings\\\/usa-ny\\\/#breadcrumb\"},\"inLanguage\":\"ro-RO\",\"potentialAction\":[{\"@type\":\"ReadAction\",\"target\":[\"https:\\\/\\\/internetaddictsanonymous.org\\\/in-person-meetings\\\/usa-ny\\\/\"]}]},{\"@type\":\"BreadcrumbList\",\"@id\":\"https:\\\/\\\/internetaddictsanonymous.org\\\/in-person-meetings\\\/usa-ny\\\/#breadcrumb\",\"itemListElement\":[{\"@type\":\"ListItem\",\"position\":1,\"name\":\"Home\",\"item\":\"https:\\\/\\\/internetaddictsanonymous.org\\\/\"},{\"@type\":\"ListItem\",\"position\":2,\"name\":\"In-Person Meetings\",\"item\":\"https:\\\/\\\/internetaddictsanonymous.org\\\/in-person-meetings\\\/\"},{\"@type\":\"ListItem\",\"position\":3,\"name\":\"ITAA in New York, US\"}]},{\"@type\":\"WebSite\",\"@id\":\"https:\\\/\\\/internetaddictsanonymous.org\\\/#website\",\"url\":\"https:\\\/\\\/internetaddictsanonymous.org\\\/\",\"name\":\"Internet and Technology Addicts Anonymous\",\"description\":\"Worldwide 12-step Fellowship for Internet and Technology Addiction\",\"publisher\":{\"@id\":\"https:\\\/\\\/internetaddictsanonymous.org\\\/#organization\"},\"potentialAction\":[{\"@type\":\"SearchAction\",\"target\":{\"@type\":\"EntryPoint\",\"urlTemplate\":\"https:\\\/\\\/internetaddictsanonymous.org\\\/?s={search_term_string}\"},\"query-input\":{\"@type\":\"PropertyValueSpecification\",\"valueRequired\":true,\"valueName\":\"search_term_string\"}}],\"inLanguage\":\"ro-RO\"},{\"@type\":\"Organization\",\"@id\":\"https:\\\/\\\/internetaddictsanonymous.org\\\/#organization\",\"name\":\"Internet and Technology Addicts Anonymous\",\"url\":\"https:\\\/\\\/internetaddictsanonymous.org\\\/\",\"logo\":{\"@type\":\"ImageObject\",\"inLanguage\":\"ro-RO\",\"@id\":\"https:\\\/\\\/internetaddictsanonymous.org\\\/#\\\/schema\\\/logo\\\/image\\\/\",\"url\":\"https:\\\/\\\/internetaddictsanonymous.org\\\/wp-content\\\/uploads\\\/2023\\\/01\\\/cropped-ITAA-logo-480px.png\",\"contentUrl\":\"https:\\\/\\\/internetaddictsanonymous.org\\\/wp-content\\\/uploads\\\/2023\\\/01\\\/cropped-ITAA-logo-480px.png\",\"width\":480,\"height\":480,\"caption\":\"Internet and Technology Addicts Anonymous\"},\"image\":{\"@id\":\"https:\\\/\\\/internetaddictsanonymous.org\\\/#\\\/schema\\\/logo\\\/image\\\/\"}}]}<\/script>\n<!-- \/ Yoast SEO plugin. -->","yoast_head_json":{"title":"ITAA \u00een New York, SUA \u2013 Dependen\u021bii de Internet \u0219i Tehnologie Anonimi","robots":{"index":"index","follow":"follow","max-snippet":"max-snippet:-1","max-image-preview":"max-image-preview:large","max-video-preview":"max-video-preview:-1"},"canonical":"https:\/\/internetaddictsanonymous.org\/ro\/intalniri-in-persoana\/sua-new-york\/","og_locale":"ro_RO","og_type":"article","og_title":"ITAA in New York, US &#8211; Internet and Technology Addicts Anonymous","og_description":"Welcome to Internet and Technology Addicts Anonymous! We\u2019re glad you\u2019ve found us, and we hope our community can be as helpful to you as it has been for us. ITAA is a Twelve-Step fellowship of individuals who support each other in recovering from internet and technology addiction. This includes addiction to social media, smartphones, streaming &hellip; Continu\u0103 s\u0103 cite\u0219ti ITAA in New York, US","og_url":"https:\/\/internetaddictsanonymous.org\/ro\/intalniri-in-persoana\/sua-new-york\/","og_site_name":"Internet and Technology Addicts Anonymous","article_modified_time":"2026-04-08T01:02:23+00:00","twitter_card":"summary_large_image","twitter_misc":{"Timp estimat pentru citire":"4 minute"},"schema":{"@context":"https:\/\/schema.org","@graph":[{"@type":"WebPage","@id":"https:\/\/internetaddictsanonymous.org\/in-person-meetings\/usa-ny\/","url":"https:\/\/internetaddictsanonymous.org\/in-person-meetings\/usa-ny\/","name":"ITAA \u00een New York, SUA \u2013 Dependen\u021bii de Internet \u0219i Tehnologie Anonimi","isPartOf":{"@id":"https:\/\/internetaddictsanonymous.org\/#website"},"datePublished":"2023-07-16T14:54:37+00:00","dateModified":"2026-04-08T01:02:23+00:00","breadcrumb":{"@id":"https:\/\/internetaddictsanonymous.org\/in-person-meetings\/usa-ny\/#breadcrumb"},"inLanguage":"ro-RO","potentialAction":[{"@type":"ReadAction","target":["https:\/\/internetaddictsanonymous.org\/in-person-meetings\/usa-ny\/"]}]},{"@type":"BreadcrumbList","@id":"https:\/\/internetaddictsanonymous.org\/in-person-meetings\/usa-ny\/#breadcrumb","itemListElement":[{"@type":"ListItem","position":1,"name":"Home","item":"https:\/\/internetaddictsanonymous.org\/"},{"@type":"ListItem","position":2,"name":"In-Person Meetings","item":"https:\/\/internetaddictsanonymous.org\/in-person-meetings\/"},{"@type":"ListItem","position":3,"name":"ITAA in New York, US"}]},{"@type":"WebSite","@id":"https:\/\/internetaddictsanonymous.org\/#website","url":"https:\/\/internetaddictsanonymous.org\/","name":"Dependen\u021bii de Internet \u0219i Tehnologie Anonimi","description":"Fr\u0103\u021bie mondial\u0103 \u00een 12 pa\u0219i pentru dependen\u021ba de internet \u0219i tehnologie","publisher":{"@id":"https:\/\/internetaddictsanonymous.org\/#organization"},"potentialAction":[{"@type":"SearchAction","target":{"@type":"EntryPoint","urlTemplate":"https:\/\/internetaddictsanonymous.org\/?s={search_term_string}"},"query-input":{"@type":"PropertyValueSpecification","valueRequired":true,"valueName":"search_term_string"}}],"inLanguage":"ro-RO"},{"@type":"Organization","@id":"https:\/\/internetaddictsanonymous.org\/#organization","name":"Dependen\u021bii de Internet \u0219i Tehnologie Anonimi","url":"https:\/\/internetaddictsanonymous.org\/","logo":{"@type":"ImageObject","inLanguage":"ro-RO","@id":"https:\/\/internetaddictsanonymous.org\/#\/schema\/logo\/image\/","url":"https:\/\/internetaddictsanonymous.org\/wp-content\/uploads\/2023\/01\/cropped-ITAA-logo-480px.png","contentUrl":"https:\/\/internetaddictsanonymous.org\/wp-content\/uploads\/2023\/01\/cropped-ITAA-logo-480px.png","width":480,"height":480,"caption":"Internet and Technology Addicts Anonymous"},"image":{"@id":"https:\/\/internetaddictsanonymous.org\/#\/schema\/logo\/image\/"}}]}},"jetpack_sharing_enabled":true,"jetpack_shortlink":"https:\/\/wp.me\/P9Fwob-4ew","_links":{"self":[{"href":"https:\/\/internetaddictsanonymous.org\/ro\/wp-json\/wp\/v2\/pages\/16276","targetHints":{"allow":["GET"]}}],"collection":[{"href":"https:\/\/internetaddictsanonymous.org\/ro\/wp-json\/wp\/v2\/pages"}],"about":[{"href":"https:\/\/internetaddictsanonymous.org\/ro\/wp-json\/wp\/v2\/types\/page"}],"author":[{"embeddable":true,"href":"https:\/\/internetaddictsanonymous.org\/ro\/wp-json\/wp\/v2\/users\/35194237"}],"replies":[{"embeddable":true,"href":"https:\/\/internetaddictsanonymous.org\/ro\/wp-json\/wp\/v2\/comments?post=16276"}],"version-history":[{"count":30,"href":"https:\/\/internetaddictsanonymous.org\/ro\/wp-json\/wp\/v2\/pages\/16276\/revisions"}],"predecessor-version":[{"id":21204,"href":"https:\/\/internetaddictsanonymous.org\/ro\/wp-json\/wp\/v2\/pages\/16276\/revisions\/21204"}],"up":[{"embeddable":true,"href":"https:\/\/internetaddictsanonymous.org\/ro\/wp-json\/wp\/v2\/pages\/148"}],"wp:attachment":[{"href":"https:\/\/internetaddictsanonymous.org\/ro\/wp-json\/wp\/v2\/media?parent=16276"}],"wp:term":[{"taxonomy":"post_tag","embeddable":true,"href":"https:\/\/internetaddictsanonymous.org\/ro\/wp-json\/wp\/v2\/tags?post=16276"}],"curies":[{"name":"wp","href":"https:\/\/api.w.org\/{rel}","templated":true}]}}