{"id":16726,"date":"2023-09-02T13:40:49","date_gmt":"2023-09-02T17:40:49","guid":{"rendered":"https:\/\/internetaddictsanonymous.org\/?page_id=16726"},"modified":"2023-09-02T13:48:45","modified_gmt":"2023-09-02T17:48:45","slug":"pentru-atei-si-agnostici","status":"publish","type":"page","link":"https:\/\/internetaddictsanonymous.org\/ro\/for-atheists-and-agnostics\/","title":{"rendered":"Pentru atei \u0219i agnostici"},"content":{"rendered":"<p>La intrarea \u00een ITAA, mul\u021bi dintre noi, care suntem atei sau agnostici, ne-am \u00eentrebat dac\u0103 acesta este un program religios. Chiar \u0219i atunci c\u00e2nd am fost informa\u021bi c\u0103 ITAA nu este afiliat\u0103 niciunei religii, unii dintre noi \u00eenc\u0103 ne \u00eentrebam dac\u0103 nu cumva exist\u0103 angajamente religioase subtile care se ascund undeva \u00een afara vederii.<\/p>\n\n\n\n<p>Adev\u0103rul este c\u0103 nu exist\u0103 niciun fel de credin\u021b\u0103 religioas\u0103 care s\u0103 fie necesar\u0103 pentru a adera la programul nostru, pentru a parcurge Pa\u0219ii \u0219i pentru a g\u0103si sobrietatea pe termen lung. Fr\u0103\u021bia noastr\u0103 sus\u021bine cu fermitate libertatea fiec\u0103rui membru de a se angaja \u00een orice tradi\u021bie religioas\u0103 sau \u00een lipsa unei tradi\u021bii religioase, a\u0219a cum \u00eei este mai util \u00een propria cale spre recuperare. Ateismul \u0219i agnosticismul nostru nu ne-au \u00eempiedicat s\u0103 ne eliber\u0103m de dependen\u021b\u0103, iar prin recuperare am dezvoltat o leg\u0103tur\u0103 mai profund\u0103 cu noi \u00een\u0219ine, cu ceilal\u021bi \u0219i cu lumea din jurul nostru.&nbsp;<\/p>\n\n\n\n<p>Ce \u00eenseamn\u0103 atunci expresia \"putere superioar\u0103\", care apare frecvent \u00een programul nostru? Cei Doisprezece Pa\u0219i se axeaz\u0103 pe predarea noastr\u0103 unei puteri mai mari dec\u00e2t noi \u00een\u0219ine, iar noi suntem invita\u021bi s\u0103 explor\u0103m orice concept de Putere Superioar\u0103 care ne ajut\u0103 cel mai mult \u00een propria recuperare. Exist\u0103 o diversitate enorm\u0103 \u00een modul \u00een care diferi\u021bi membri \u00ee\u0219i \u00een\u021beleg Puterea Superioar\u0103, iar noi beneficiem dac\u0103 \u00eei \u00eentreb\u0103m pe al\u021bii despre experien\u021bele lor. Unii membri \u00ee\u0219i \u00een\u021beleg Puterea Superioar\u0103 ca fiind natura, universul, realitatea, concepte precum iubirea sau serviciul, momentul prezent, comunitatea ITAA, puterea conexiunii umane, \u00een\u021belepciunea colectiv\u0103 a tuturor persoanelor aflate \u00een recuperare, p\u0103rintele nostru iubitor interior, puterea noastr\u0103 interioar\u0103 sau sinele nostru superior. Al\u021bii g\u0103sesc rezonan\u021b\u0103 cu o fiin\u021b\u0103, o for\u021b\u0103 sau o energie spiritual\u0103. Unii membri pot folosi cuv\u00e2ntul Dumnezeu pentru a denumi aceast\u0103 putere. Fiecare dintre noi este invitat s\u0103 descopere puterea superioar\u0103 care este cea mai favorabil\u0103 dezvolt\u0103rii personale \u0219i recuper\u0103rii din dependen\u021b\u0103.<\/p>\n\n\n\n<p>S-a spus adesea c\u0103 nu trebuie s\u0103 credem \u00een Dumnezeu pentru a parcurge Pa\u0219ii; trebuie doar s\u0103 credem c\u0103 nu suntem Dumnezeu. \u00cen c\u0103l\u0103toria spre sobrietate, mai \u00eent\u00e2i ne \u00eemp\u0103c\u0103m cu faptul c\u0103 avem o problem\u0103 grav\u0103 pe care nu o putem rezolva prin propria noastr\u0103 voin\u021b\u0103. Apoi, ajungem s\u0103 credem c\u0103 ar putea exista ceva \u00een afara noastr\u0103 care ne poate ajuta s\u0103 ne recuper\u0103m pe termen lung de la comportamentele noastre obsesive \u0219i autodistructive, dup\u0103 cum demonstreaz\u0103 faptul c\u0103 milioane de alte persoane care sufer\u0103 de boala dependen\u021bei \u0219i-au g\u0103sit libertatea prin intermediul programelor \u00een dou\u0103sprezece etape. Apoi, ne angaj\u0103m s\u0103 avem \u00eencredere \u00een proces \u0219i s\u0103 accept\u0103m ajutorul celorlal\u021bi, o zi la r\u00e2nd.<\/p>\n\n\n\n<p>Dragostea, toleran\u021ba \u0219i mintea deschis\u0103 ne ghideaz\u0103 \u00een recuperare \u0219i celebr\u0103m diversitatea c\u0103ilor spirituale pe care merg diferi\u021bi membri. Sper\u0103m c\u0103 v\u0103 ve\u021bi sim\u021bi bineveni\u021bi \u00een ITAA \u0219i v\u0103 \u00eencuraj\u0103m s\u0103 \u00eencerca\u021bi s\u0103 participa\u021bi la \u0219ase \u00eent\u00e2lniri diferite \u00eentr-o perioad\u0103 scurt\u0103 de timp pentru a descoperi dac\u0103 programul nostru v-ar putea fi util.<br><br> <\/p>\n\n\n\n<h3 class=\"wp-block-heading\"><strong>Membrii \u00ee\u0219i \u00eemp\u0103rt\u0103\u0219esc experien\u021ba, puterea \u0219i speran\u021ba de a se recupera ca atei \u0219i agnostici:<\/strong><\/h3>\n\n\n\n<p><em>De\u0219i nu practic nicio religie, am reu\u0219it s\u0103 urmez pa\u0219ii, s\u0103 am o putere superioar\u0103 \u0219i s\u0103 m\u0103 eliberez pe termen lung de dependen\u021ba mea. Am interpretat dimensiunea spiritual\u0103 a programului nostru ca pe o invita\u021bie de a m\u0103 implica \u00een ceva mai mare dec\u00e2t mine \u0219i de a dezvolta o existen\u021b\u0103 plin\u0103 de sens. Prin recuperare, am g\u0103sit un mod de via\u021b\u0103 mult mai bogat \u0219i mai satisf\u0103c\u0103tor dec\u00e2t cel pe care l-am avut la \u00eenceput, c\u00e2nd am intrat \u00een program. Ast\u0103zi m\u0103 simt confortabil c\u00e2nd \u00eei aud pe al\u021bi membri vorbind despre c\u0103ile lor spirituale - simt c\u0103 m\u0103 pot raporta la experien\u021bele lor f\u0103r\u0103 s\u0103 fiu judecat.&nbsp;<\/em><\/p>\n\n\n\n<p class=\"has-text-align-center\"><em>***<\/em><\/p>\n\n\n\n<p><em>Am avut o mare problem\u0103 cu Pa\u0219ii p\u00e2n\u0103 c\u00e2nd am \u00een\u021beles c\u0103 nu mi se cere s\u0103 cred \u00een vreo religie sau s\u0103 am vreo credin\u021b\u0103 spiritual\u0103 pentru a lucra prin ei. Pa\u0219ii pun accentul pe o \"putere superioar\u0103 <\/em>de propria noastr\u0103 \u00een\u021belegere<em>\". Pentru mine, puterea mea superioar\u0103 este puterea de a \u00eemp\u0103rt\u0103\u0219i sincer cu ceilal\u021bi \u0219i de a stabili leg\u0103turi umane pline de compasiune.<\/em><\/p>\n\n\n\n<p class=\"has-text-align-center\">***<\/p>\n\n\n\n<p><em>Sunt ateu, iar c\u00e2nd m-am al\u0103turat ITAA aveam temeri c\u0103 voi fi convertit. Trebuia s\u0103 g\u0103sesc ceva \u00een care s\u0103 am \u00eencredere. Am \u00eenceput s\u0103 particip la \u00eent\u00e2lniri ateiste \u0219i agnostice \u0219i le-am g\u0103sit foarte utile. Mi-au dat permisiunea s\u0103 cred \u00een Puterea Superioar\u0103 pe care o am acum.&nbsp;<\/em><\/p>\n\n\n\n<p class=\"has-text-align-center\">***<\/p>\n\n\n\n<p><em>Un aspect important al ateismului meu este angajamentul fa\u021b\u0103 de adev\u0103r. Recuperarea m-a ajutat s\u0103 renun\u021b la iluzia c\u0103 a\u0219 putea \u00eenvinge o afec\u021biune neurologic\u0103. Nu pot. Am nevoie de ajutor, uneori \u00een moduri pe care nu le \u00een\u021beleg. Prin recuperare \u0219i prin sprijinul celorlal\u021bi, am dezvoltat o \u00een\u021belegere mai profund\u0103 a mea \u0219i sunt mai capabil s\u0103 \u00eemi tr\u0103iesc via\u021ba \u00een conformitate cu realitatea. \u00cen acest proces, am reu\u0219it s\u0103 ob\u021bin \u0219i s\u0103 men\u021bin abstinen\u021ba continu\u0103 de la comportamentele mele adictive timp de peste trei ani.&nbsp;<\/em><\/p>\n\n\n\n<p class=\"has-text-align-center\">***<\/p>\n\n\n\n<p>\u00cen recuperare, fiecare dintre noi suntem invita\u021bi s\u0103 traducem limbajul programului nostru \u00een ceva care func\u021bioneaz\u0103 pentru noi \u0219i suntem bineveni\u021bi s\u0103 l\u0103s\u0103m deoparte tot ceea ce nu ni se pare util. Totul \u00een programul nostru este doar o sugestie. Dac\u0103 ave\u021bi dorin\u021ba de a nu mai folosi tehnologia \u00een mod compulsiv \u0219i sunte\u021bi interesat s\u0103 \u00eencerca\u021bi programul nostru, v\u0103 recomand\u0103m s\u0103 participa\u021bi la \u0219ase \u00eent\u00e2lniri \u00eentr-un interval scurt de timp pentru a vedea dac\u0103 ITAA v-ar putea fi de ajutor. Sper\u0103m s\u0103 g\u0103si\u021bi \u00een \u00eent\u00e2lnirile noastre aceea\u0219i u\u0219urare \u0219i libertate pe care at\u00e2t de mul\u021bi dintre noi le-am experimentat.<\/p>\n\n\n\n<div class=\"wp-block-buttons is-content-justification-left is-layout-flex wp-container-core-buttons-is-layout-fdcfc74e wp-block-buttons-is-layout-flex\">\n<div class=\"wp-block-button has-custom-width wp-block-button__width-50 has-custom-font-size is-style-fill\" style=\"font-size:25px;font-style:normal;font-weight:900\"><a class=\"wp-block-button__link has-white-color has-blue-background-color has-text-color has-background wp-element-button\" href=\"https:\/\/internetaddictsanonymous.org\/ro\/intalniri-online\/\" style=\"border-radius:100px\">Particip\u0103 la o \u00eent\u00e2lnire<\/a><\/div>\n\n\n<\/div>\n\n\n\n<div style=\"height:75px\" aria-hidden=\"true\" class=\"wp-block-spacer\"><\/div>\n<!-- PMB print buttons is only displayed on a single post\/page URLs-->","protected":false},"excerpt":{"rendered":"<p>Upon entering ITAA, many of us who are atheists or agnostics wondered whether this was a religious program. Even when we were informed that ITAA isn\u2019t affiliated with any religion, some of us still questioned whether there were subtle religious commitments lurking somewhere out of sight. The fact is that there are no religious beliefs &hellip; <a href=\"https:\/\/internetaddictsanonymous.org\/ro\/for-atheists-and-agnostics\/\" class=\"more-link\">Continu\u0103 s\u0103 cite\u0219ti <span class=\"screen-reader-text\">Pentru atei \u0219i agnostici<\/span><\/a><\/p>","protected":false},"author":35194237,"featured_media":0,"parent":0,"menu_order":0,"comment_status":"closed","ping_status":"closed","template":"full-width-page.php","meta":{"inline_featured_image":false,"_lmt_disableupdate":"","_lmt_disable":"","jetpack_post_was_ever_published":false,"footnotes":""},"tags":[],"class_list":["post-16726","page","type-page","status-publish","hentry"],"yoast_head":"<!-- This site is optimized with the Yoast SEO plugin v27.3 - https:\/\/yoast.com\/product\/yoast-seo-wordpress\/ -->\n<title>For Atheists and Agnostics &#8211; Internet and Technology Addicts Anonymous<\/title>\n<meta name=\"robots\" content=\"index, follow, max-snippet:-1, max-image-preview:large, max-video-preview:-1\" \/>\n<link rel=\"canonical\" href=\"https:\/\/internetaddictsanonymous.org\/ro\/pentru-atei-si-agnostici\/\" \/>\n<meta property=\"og:locale\" content=\"ro_RO\" \/>\n<meta property=\"og:type\" content=\"article\" \/>\n<meta property=\"og:title\" content=\"For Atheists and Agnostics &#8211; Internet and Technology Addicts Anonymous\" \/>\n<meta property=\"og:description\" content=\"Upon entering ITAA, many of us who are atheists or agnostics wondered whether this was a religious program. Even when we were informed that ITAA isn\u2019t affiliated with any religion, some of us still questioned whether there were subtle religious commitments lurking somewhere out of sight. The fact is that there are no religious beliefs &hellip; Continu\u0103 s\u0103 cite\u0219ti For Atheists and Agnostics\" \/>\n<meta property=\"og:url\" content=\"https:\/\/internetaddictsanonymous.org\/ro\/pentru-atei-si-agnostici\/\" \/>\n<meta property=\"og:site_name\" content=\"Internet and Technology Addicts Anonymous\" \/>\n<meta property=\"article:modified_time\" content=\"2023-09-02T17:48:45+00:00\" \/>\n<meta name=\"twitter:card\" content=\"summary_large_image\" \/>\n<meta name=\"twitter:label1\" content=\"Timp estimat pentru citire\" \/>\n\t<meta name=\"twitter:data1\" content=\"4 minute\" \/>\n<script type=\"application\/ld+json\" class=\"yoast-schema-graph\">{\"@context\":\"https:\\\/\\\/schema.org\",\"@graph\":[{\"@type\":\"WebPage\",\"@id\":\"https:\\\/\\\/internetaddictsanonymous.org\\\/for-atheists-and-agnostics\\\/\",\"url\":\"https:\\\/\\\/internetaddictsanonymous.org\\\/for-atheists-and-agnostics\\\/\",\"name\":\"For Atheists and Agnostics &#8211; Internet and Technology Addicts Anonymous\",\"isPartOf\":{\"@id\":\"https:\\\/\\\/internetaddictsanonymous.org\\\/#website\"},\"datePublished\":\"2023-09-02T17:40:49+00:00\",\"dateModified\":\"2023-09-02T17:48:45+00:00\",\"breadcrumb\":{\"@id\":\"https:\\\/\\\/internetaddictsanonymous.org\\\/for-atheists-and-agnostics\\\/#breadcrumb\"},\"inLanguage\":\"ro-RO\",\"potentialAction\":[{\"@type\":\"ReadAction\",\"target\":[\"https:\\\/\\\/internetaddictsanonymous.org\\\/for-atheists-and-agnostics\\\/\"]}]},{\"@type\":\"BreadcrumbList\",\"@id\":\"https:\\\/\\\/internetaddictsanonymous.org\\\/for-atheists-and-agnostics\\\/#breadcrumb\",\"itemListElement\":[{\"@type\":\"ListItem\",\"position\":1,\"name\":\"Home\",\"item\":\"https:\\\/\\\/internetaddictsanonymous.org\\\/\"},{\"@type\":\"ListItem\",\"position\":2,\"name\":\"For Atheists and Agnostics\"}]},{\"@type\":\"WebSite\",\"@id\":\"https:\\\/\\\/internetaddictsanonymous.org\\\/#website\",\"url\":\"https:\\\/\\\/internetaddictsanonymous.org\\\/\",\"name\":\"Internet and Technology Addicts Anonymous\",\"description\":\"Worldwide 12-step Fellowship for Internet and Technology Addiction\",\"publisher\":{\"@id\":\"https:\\\/\\\/internetaddictsanonymous.org\\\/#organization\"},\"potentialAction\":[{\"@type\":\"SearchAction\",\"target\":{\"@type\":\"EntryPoint\",\"urlTemplate\":\"https:\\\/\\\/internetaddictsanonymous.org\\\/?s={search_term_string}\"},\"query-input\":{\"@type\":\"PropertyValueSpecification\",\"valueRequired\":true,\"valueName\":\"search_term_string\"}}],\"inLanguage\":\"ro-RO\"},{\"@type\":\"Organization\",\"@id\":\"https:\\\/\\\/internetaddictsanonymous.org\\\/#organization\",\"name\":\"Internet and Technology Addicts Anonymous\",\"url\":\"https:\\\/\\\/internetaddictsanonymous.org\\\/\",\"logo\":{\"@type\":\"ImageObject\",\"inLanguage\":\"ro-RO\",\"@id\":\"https:\\\/\\\/internetaddictsanonymous.org\\\/#\\\/schema\\\/logo\\\/image\\\/\",\"url\":\"https:\\\/\\\/internetaddictsanonymous.org\\\/wp-content\\\/uploads\\\/2023\\\/01\\\/cropped-ITAA-logo-480px.png\",\"contentUrl\":\"https:\\\/\\\/internetaddictsanonymous.org\\\/wp-content\\\/uploads\\\/2023\\\/01\\\/cropped-ITAA-logo-480px.png\",\"width\":480,\"height\":480,\"caption\":\"Internet and Technology Addicts Anonymous\"},\"image\":{\"@id\":\"https:\\\/\\\/internetaddictsanonymous.org\\\/#\\\/schema\\\/logo\\\/image\\\/\"}}]}<\/script>\n<!-- \/ Yoast SEO plugin. -->","yoast_head_json":{"title":"Pentru atei \u0219i agnostici - Dependen\u021bii de Internet \u0219i Tehnologie Anonimi","robots":{"index":"index","follow":"follow","max-snippet":"max-snippet:-1","max-image-preview":"max-image-preview:large","max-video-preview":"max-video-preview:-1"},"canonical":"https:\/\/internetaddictsanonymous.org\/ro\/pentru-atei-si-agnostici\/","og_locale":"ro_RO","og_type":"article","og_title":"For Atheists and Agnostics &#8211; Internet and Technology Addicts Anonymous","og_description":"Upon entering ITAA, many of us who are atheists or agnostics wondered whether this was a religious program. Even when we were informed that ITAA isn\u2019t affiliated with any religion, some of us still questioned whether there were subtle religious commitments lurking somewhere out of sight. The fact is that there are no religious beliefs &hellip; Continu\u0103 s\u0103 cite\u0219ti For Atheists and Agnostics","og_url":"https:\/\/internetaddictsanonymous.org\/ro\/pentru-atei-si-agnostici\/","og_site_name":"Internet and Technology Addicts Anonymous","article_modified_time":"2023-09-02T17:48:45+00:00","twitter_card":"summary_large_image","twitter_misc":{"Timp estimat pentru citire":"4 minute"},"schema":{"@context":"https:\/\/schema.org","@graph":[{"@type":"WebPage","@id":"https:\/\/internetaddictsanonymous.org\/for-atheists-and-agnostics\/","url":"https:\/\/internetaddictsanonymous.org\/for-atheists-and-agnostics\/","name":"Pentru atei \u0219i agnostici - Dependen\u021bii de Internet \u0219i Tehnologie Anonimi","isPartOf":{"@id":"https:\/\/internetaddictsanonymous.org\/#website"},"datePublished":"2023-09-02T17:40:49+00:00","dateModified":"2023-09-02T17:48:45+00:00","breadcrumb":{"@id":"https:\/\/internetaddictsanonymous.org\/for-atheists-and-agnostics\/#breadcrumb"},"inLanguage":"ro-RO","potentialAction":[{"@type":"ReadAction","target":["https:\/\/internetaddictsanonymous.org\/for-atheists-and-agnostics\/"]}]},{"@type":"BreadcrumbList","@id":"https:\/\/internetaddictsanonymous.org\/for-atheists-and-agnostics\/#breadcrumb","itemListElement":[{"@type":"ListItem","position":1,"name":"Home","item":"https:\/\/internetaddictsanonymous.org\/"},{"@type":"ListItem","position":2,"name":"For Atheists and Agnostics"}]},{"@type":"WebSite","@id":"https:\/\/internetaddictsanonymous.org\/#website","url":"https:\/\/internetaddictsanonymous.org\/","name":"Dependen\u021bii de Internet \u0219i Tehnologie Anonimi","description":"Fr\u0103\u021bie mondial\u0103 \u00een 12 pa\u0219i pentru dependen\u021ba de internet \u0219i tehnologie","publisher":{"@id":"https:\/\/internetaddictsanonymous.org\/#organization"},"potentialAction":[{"@type":"SearchAction","target":{"@type":"EntryPoint","urlTemplate":"https:\/\/internetaddictsanonymous.org\/?s={search_term_string}"},"query-input":{"@type":"PropertyValueSpecification","valueRequired":true,"valueName":"search_term_string"}}],"inLanguage":"ro-RO"},{"@type":"Organization","@id":"https:\/\/internetaddictsanonymous.org\/#organization","name":"Dependen\u021bii de Internet \u0219i Tehnologie Anonimi","url":"https:\/\/internetaddictsanonymous.org\/","logo":{"@type":"ImageObject","inLanguage":"ro-RO","@id":"https:\/\/internetaddictsanonymous.org\/#\/schema\/logo\/image\/","url":"https:\/\/internetaddictsanonymous.org\/wp-content\/uploads\/2023\/01\/cropped-ITAA-logo-480px.png","contentUrl":"https:\/\/internetaddictsanonymous.org\/wp-content\/uploads\/2023\/01\/cropped-ITAA-logo-480px.png","width":480,"height":480,"caption":"Internet and Technology Addicts Anonymous"},"image":{"@id":"https:\/\/internetaddictsanonymous.org\/#\/schema\/logo\/image\/"}}]}},"jetpack_sharing_enabled":true,"jetpack_shortlink":"https:\/\/wp.me\/P9Fwob-4lM","_links":{"self":[{"href":"https:\/\/internetaddictsanonymous.org\/ro\/wp-json\/wp\/v2\/pages\/16726","targetHints":{"allow":["GET"]}}],"collection":[{"href":"https:\/\/internetaddictsanonymous.org\/ro\/wp-json\/wp\/v2\/pages"}],"about":[{"href":"https:\/\/internetaddictsanonymous.org\/ro\/wp-json\/wp\/v2\/types\/page"}],"author":[{"embeddable":true,"href":"https:\/\/internetaddictsanonymous.org\/ro\/wp-json\/wp\/v2\/users\/35194237"}],"replies":[{"embeddable":true,"href":"https:\/\/internetaddictsanonymous.org\/ro\/wp-json\/wp\/v2\/comments?post=16726"}],"version-history":[{"count":5,"href":"https:\/\/internetaddictsanonymous.org\/ro\/wp-json\/wp\/v2\/pages\/16726\/revisions"}],"predecessor-version":[{"id":16733,"href":"https:\/\/internetaddictsanonymous.org\/ro\/wp-json\/wp\/v2\/pages\/16726\/revisions\/16733"}],"wp:attachment":[{"href":"https:\/\/internetaddictsanonymous.org\/ro\/wp-json\/wp\/v2\/media?parent=16726"}],"wp:term":[{"taxonomy":"post_tag","embeddable":true,"href":"https:\/\/internetaddictsanonymous.org\/ro\/wp-json\/wp\/v2\/tags?post=16726"}],"curies":[{"name":"wp","href":"https:\/\/api.w.org\/{rel}","templated":true}]}}