{"id":17226,"date":"2023-12-03T15:15:07","date_gmt":"2023-12-03T20:15:07","guid":{"rendered":"https:\/\/internetaddictsanonymous.org\/?page_id=17226"},"modified":"2025-03-02T11:35:39","modified_gmt":"2025-03-02T19:35:39","slug":"criteriile-punctelor-de-pe-ordinea-de-zi-ism","status":"publish","type":"page","link":"https:\/\/internetaddictsanonymous.org\/ro\/ism-agenda-item-criteria\/","title":{"rendered":"Criteriile punctelor de pe ordinea de zi ISM"},"content":{"rendered":"<p>Orice membru ITAA poate trimite un punct pe ordinea de zi la \u00cent\u00e2lnirile noastre Interna\u021bionale de Servicii trimi\u021b\u00e2nd un mesaj prin intermediul <a href=\"https:\/\/internetaddictsanonymous.org\/ro\/contact\/\">formular de contact<\/a> c\u0103tre secretarii \u00eentrunirii interna\u021bionale de serviciu. \u00cenainte de a trimite un punct pe ordinea de zi, v\u0103 \u00eencuraj\u0103m s\u0103 \u021bine\u021bi cont de urm\u0103toarele aspecte:<\/p>\n\n\n\n<ul class=\"wp-block-list\">\n<li><strong>Specific: <\/strong>Mo\u021biunile sunt propuneri concrete pentru o ac\u021biune sau o decizie care trebuie luat\u0103. De obicei, ele specific\u0103 \u201cce\u201d, \u201ccine\u201d, \u201cc\u00e2nd\u201d \u0219i \u201cunde\u201d. Cu alte cuvinte, mo\u021biunea este specific\u0103 despre ce se propune, despre cine va fi afectat sau cine va implementa mo\u021biunea, despre c\u00e2nd va avea loc mo\u021biunea \u0219i despre locul \u00een care va fi implementat\u0103 mo\u021biunea (de exemplu, scenariul, site-ul web etc.).<\/li>\n\n\n\n<li><strong>Formatat: <\/strong>Mo\u021biunile \u00eencep de obicei cu cuvintele \u201cPentru\u201d sau \u201cAceasta\u201d. Un exemplu de mo\u021biune ar putea fi urm\u0103torul: <em>\u201cPropunere: Pentru a seta o limit\u0103 de timp implicit\u0103 de 2 minute pentru partaj\u0103ri \u00een timpul ISM-urilor (de\u0219i oricine poate face o propunere \u00een timpul unui ISM pentru a reduce sau extinde limita de timp sau pentru a o elimina) \u0219i pentru a ad\u0103uga urm\u0103toarea linie \u00een scriptul ISM dup\u0103 sec\u021biunea Rapoarte: \u201cAr fi cineva dispus s\u0103 se ofere voluntar s\u0103 fie cronometrul nostru ast\u0103zi? Vom avea partaj\u0103ri de dou\u0103 minute cu un avertisment de 30 de secunde.\u2019\u201d<\/em><\/li>\n\n\n\n<li><strong>Concis: <\/strong>Ne propunem s\u0103 limit\u0103m punctele de pe ordinea de zi la mai pu\u021bin de 150 de cuvinte.<\/li>\n\n\n\n<li><strong>Potrivit:<\/strong> Punctele de pe ordinea de zi nu trebuie s\u0103 afecteze anonimatul altor membri, direct sau indirect, nu trebuie s\u0103 fie denigratoare pentru al\u021bi membri ITAA, nu pot con\u021bine descrieri grafice ale violen\u021bei sau subiectelor sexuale \u0219i nu pot prezenta discriminare.<\/li>\n<\/ul>\n\n\n\n<p>Pe l\u00e2ng\u0103 aceste aspecte, adesea consider\u0103m util s\u0103 ne familiariz\u0103m cu <a href=\"https:\/\/internetaddictsanonymous.org\/ro\/12-pasi-ai-itaa\/\">Dou\u0103sprezece tradi\u021bii<\/a>, \u021bin\u00e2nd cont de faptul c\u0103 ISM nu este o autoritate legislativ\u0103, ci opereaz\u0103 \u00een serviciul grupurilor \u0219i al membrilor no\u0219tri. Unele mo\u021biuni (cum ar fi sugerarea unei modific\u0103ri a site-ului web sau a scenariului de \u0219edin\u021b\u0103 e\u0219antion) ar putea fi, de asemenea, gestionate mai bine de unul dintre <a href=\"https:\/\/internetaddictsanonymous.org\/ro\/posturi-de-serviciu-vacante\/\">comitetele noastre<\/a>.<\/p>\n\n\n\n<p>V\u0103 rug\u0103m s\u0103 re\u021bine\u021bi c\u0103 punctele de pe ordinea de zi vor fi discutate \u00een cadrul unui ISM \u00een cel pu\u021bin 3 s\u0103pt\u0103m\u00e2ni, a\u0219adar este posibil s\u0103 fie nevoie de mai multe ISM \u00eenainte ca punctul dvs. de pe ordinea de zi s\u0103 fie supus discu\u021biei.<\/p>\n<!-- PMB print buttons is only displayed on a single post\/page URLs-->","protected":false},"excerpt":{"rendered":"<p>Orice membru ITAA poate trimite un punct pe ordinea de zi la \u00cent\u00e2lnirile noastre Interna\u021bionale de Serviciu trimi\u021b\u00e2nd un mesaj prin intermediul formularului de contact secretarilor \u00cent\u00e2lnirilor Interna\u021bionale de Serviciu. \u00cenainte de a trimite un punct pe ordinea de zi, v\u0103 \u00eencuraj\u0103m s\u0103 \u021bine\u021bi cont de urm\u0103toarele aspecte: Pe l\u00e2ng\u0103 aceste aspecte, adesea consider\u0103m util s\u0103 ne familiariz\u0103m... <a href=\"https:\/\/internetaddictsanonymous.org\/ro\/ism-agenda-item-criteria\/\" class=\"more-link\">Continu\u0103 s\u0103 cite\u0219ti <span class=\"screen-reader-text\">Criteriile punctelor de pe ordinea de zi ISM<\/span><\/a><\/p>","protected":false},"author":35194237,"featured_media":0,"parent":0,"menu_order":0,"comment_status":"closed","ping_status":"closed","template":"full-width-page.php","meta":{"inline_featured_image":false,"_lmt_disableupdate":"","_lmt_disable":"","jetpack_post_was_ever_published":false,"footnotes":""},"tags":[],"class_list":["post-17226","page","type-page","status-publish","hentry"],"yoast_head":"<!-- This site is optimized with the Yoast SEO plugin v27.3 - https:\/\/yoast.com\/product\/yoast-seo-wordpress\/ -->\n<title>ISM Agenda Item Criteria &#8211; Internet and Technology Addicts Anonymous<\/title>\n<meta name=\"robots\" content=\"index, follow, max-snippet:-1, max-image-preview:large, max-video-preview:-1\" \/>\n<link rel=\"canonical\" href=\"https:\/\/internetaddictsanonymous.org\/ro\/criteriile-punctelor-de-pe-ordinea-de-zi-ism\/\" \/>\n<meta property=\"og:locale\" content=\"ro_RO\" \/>\n<meta property=\"og:type\" content=\"article\" \/>\n<meta property=\"og:title\" content=\"ISM Agenda Item Criteria &#8211; Internet and Technology Addicts Anonymous\" \/>\n<meta property=\"og:description\" content=\"Any member of ITAA may submit an agenda item to our International Service Meetings by sending a message through the contact form to the International Service Meeting Secretaries. Before submitting an agenda item, we encourage you to keep the following points in mind: In addition to these points, we often find it helpful to familiarize &hellip; Continu\u0103 s\u0103 cite\u0219ti ISM Agenda Item Criteria\" \/>\n<meta property=\"og:url\" content=\"https:\/\/internetaddictsanonymous.org\/ro\/criteriile-punctelor-de-pe-ordinea-de-zi-ism\/\" \/>\n<meta property=\"og:site_name\" content=\"Internet and Technology Addicts Anonymous\" \/>\n<meta property=\"article:modified_time\" content=\"2025-03-02T19:35:39+00:00\" \/>\n<meta name=\"twitter:card\" content=\"summary_large_image\" \/>\n<meta name=\"twitter:label1\" content=\"Timp estimat pentru citire\" \/>\n\t<meta name=\"twitter:data1\" content=\"2 minute\" \/>\n<script type=\"application\/ld+json\" class=\"yoast-schema-graph\">{\"@context\":\"https:\\\/\\\/schema.org\",\"@graph\":[{\"@type\":\"WebPage\",\"@id\":\"https:\\\/\\\/internetaddictsanonymous.org\\\/ism-agenda-item-criteria\\\/\",\"url\":\"https:\\\/\\\/internetaddictsanonymous.org\\\/ism-agenda-item-criteria\\\/\",\"name\":\"ISM Agenda Item Criteria &#8211; Internet and Technology Addicts Anonymous\",\"isPartOf\":{\"@id\":\"https:\\\/\\\/internetaddictsanonymous.org\\\/#website\"},\"datePublished\":\"2023-12-03T20:15:07+00:00\",\"dateModified\":\"2025-03-02T19:35:39+00:00\",\"breadcrumb\":{\"@id\":\"https:\\\/\\\/internetaddictsanonymous.org\\\/ism-agenda-item-criteria\\\/#breadcrumb\"},\"inLanguage\":\"ro-RO\",\"potentialAction\":[{\"@type\":\"ReadAction\",\"target\":[\"https:\\\/\\\/internetaddictsanonymous.org\\\/ism-agenda-item-criteria\\\/\"]}]},{\"@type\":\"BreadcrumbList\",\"@id\":\"https:\\\/\\\/internetaddictsanonymous.org\\\/ism-agenda-item-criteria\\\/#breadcrumb\",\"itemListElement\":[{\"@type\":\"ListItem\",\"position\":1,\"name\":\"Home\",\"item\":\"https:\\\/\\\/internetaddictsanonymous.org\\\/\"},{\"@type\":\"ListItem\",\"position\":2,\"name\":\"ISM Agenda Item Criteria\"}]},{\"@type\":\"WebSite\",\"@id\":\"https:\\\/\\\/internetaddictsanonymous.org\\\/#website\",\"url\":\"https:\\\/\\\/internetaddictsanonymous.org\\\/\",\"name\":\"Internet and Technology Addicts Anonymous\",\"description\":\"Worldwide 12-step Fellowship for Internet and Technology Addiction\",\"publisher\":{\"@id\":\"https:\\\/\\\/internetaddictsanonymous.org\\\/#organization\"},\"potentialAction\":[{\"@type\":\"SearchAction\",\"target\":{\"@type\":\"EntryPoint\",\"urlTemplate\":\"https:\\\/\\\/internetaddictsanonymous.org\\\/?s={search_term_string}\"},\"query-input\":{\"@type\":\"PropertyValueSpecification\",\"valueRequired\":true,\"valueName\":\"search_term_string\"}}],\"inLanguage\":\"ro-RO\"},{\"@type\":\"Organization\",\"@id\":\"https:\\\/\\\/internetaddictsanonymous.org\\\/#organization\",\"name\":\"Internet and Technology Addicts Anonymous\",\"url\":\"https:\\\/\\\/internetaddictsanonymous.org\\\/\",\"logo\":{\"@type\":\"ImageObject\",\"inLanguage\":\"ro-RO\",\"@id\":\"https:\\\/\\\/internetaddictsanonymous.org\\\/#\\\/schema\\\/logo\\\/image\\\/\",\"url\":\"https:\\\/\\\/internetaddictsanonymous.org\\\/wp-content\\\/uploads\\\/2023\\\/01\\\/cropped-ITAA-logo-480px.png\",\"contentUrl\":\"https:\\\/\\\/internetaddictsanonymous.org\\\/wp-content\\\/uploads\\\/2023\\\/01\\\/cropped-ITAA-logo-480px.png\",\"width\":480,\"height\":480,\"caption\":\"Internet and Technology Addicts Anonymous\"},\"image\":{\"@id\":\"https:\\\/\\\/internetaddictsanonymous.org\\\/#\\\/schema\\\/logo\\\/image\\\/\"}}]}<\/script>\n<!-- \/ Yoast SEO plugin. -->","yoast_head_json":{"title":"Criteriile punctelor de pe ordinea de zi ISM \u2013 Dependen\u021bii de internet \u0219i tehnologie Anonimi","robots":{"index":"index","follow":"follow","max-snippet":"max-snippet:-1","max-image-preview":"max-image-preview:large","max-video-preview":"max-video-preview:-1"},"canonical":"https:\/\/internetaddictsanonymous.org\/ro\/criteriile-punctelor-de-pe-ordinea-de-zi-ism\/","og_locale":"ro_RO","og_type":"article","og_title":"ISM Agenda Item Criteria &#8211; Internet and Technology Addicts Anonymous","og_description":"Any member of ITAA may submit an agenda item to our International Service Meetings by sending a message through the contact form to the International Service Meeting Secretaries. Before submitting an agenda item, we encourage you to keep the following points in mind: In addition to these points, we often find it helpful to familiarize &hellip; Continu\u0103 s\u0103 cite\u0219ti ISM Agenda Item Criteria","og_url":"https:\/\/internetaddictsanonymous.org\/ro\/criteriile-punctelor-de-pe-ordinea-de-zi-ism\/","og_site_name":"Internet and Technology Addicts Anonymous","article_modified_time":"2025-03-02T19:35:39+00:00","twitter_card":"summary_large_image","twitter_misc":{"Timp estimat pentru citire":"2 minute"},"schema":{"@context":"https:\/\/schema.org","@graph":[{"@type":"WebPage","@id":"https:\/\/internetaddictsanonymous.org\/ism-agenda-item-criteria\/","url":"https:\/\/internetaddictsanonymous.org\/ism-agenda-item-criteria\/","name":"Criteriile punctelor de pe ordinea de zi ISM \u2013 Dependen\u021bii de internet \u0219i tehnologie Anonimi","isPartOf":{"@id":"https:\/\/internetaddictsanonymous.org\/#website"},"datePublished":"2023-12-03T20:15:07+00:00","dateModified":"2025-03-02T19:35:39+00:00","breadcrumb":{"@id":"https:\/\/internetaddictsanonymous.org\/ism-agenda-item-criteria\/#breadcrumb"},"inLanguage":"ro-RO","potentialAction":[{"@type":"ReadAction","target":["https:\/\/internetaddictsanonymous.org\/ism-agenda-item-criteria\/"]}]},{"@type":"BreadcrumbList","@id":"https:\/\/internetaddictsanonymous.org\/ism-agenda-item-criteria\/#breadcrumb","itemListElement":[{"@type":"ListItem","position":1,"name":"Home","item":"https:\/\/internetaddictsanonymous.org\/"},{"@type":"ListItem","position":2,"name":"ISM Agenda Item Criteria"}]},{"@type":"WebSite","@id":"https:\/\/internetaddictsanonymous.org\/#website","url":"https:\/\/internetaddictsanonymous.org\/","name":"Dependen\u021bii de Internet \u0219i Tehnologie Anonimi","description":"Fr\u0103\u021bie mondial\u0103 \u00een 12 pa\u0219i pentru dependen\u021ba de internet \u0219i tehnologie","publisher":{"@id":"https:\/\/internetaddictsanonymous.org\/#organization"},"potentialAction":[{"@type":"SearchAction","target":{"@type":"EntryPoint","urlTemplate":"https:\/\/internetaddictsanonymous.org\/?s={search_term_string}"},"query-input":{"@type":"PropertyValueSpecification","valueRequired":true,"valueName":"search_term_string"}}],"inLanguage":"ro-RO"},{"@type":"Organization","@id":"https:\/\/internetaddictsanonymous.org\/#organization","name":"Dependen\u021bii de Internet \u0219i Tehnologie Anonimi","url":"https:\/\/internetaddictsanonymous.org\/","logo":{"@type":"ImageObject","inLanguage":"ro-RO","@id":"https:\/\/internetaddictsanonymous.org\/#\/schema\/logo\/image\/","url":"https:\/\/internetaddictsanonymous.org\/wp-content\/uploads\/2023\/01\/cropped-ITAA-logo-480px.png","contentUrl":"https:\/\/internetaddictsanonymous.org\/wp-content\/uploads\/2023\/01\/cropped-ITAA-logo-480px.png","width":480,"height":480,"caption":"Internet and Technology Addicts Anonymous"},"image":{"@id":"https:\/\/internetaddictsanonymous.org\/#\/schema\/logo\/image\/"}}]}},"jetpack_sharing_enabled":true,"jetpack_shortlink":"https:\/\/wp.me\/P9Fwob-4tQ","_links":{"self":[{"href":"https:\/\/internetaddictsanonymous.org\/ro\/wp-json\/wp\/v2\/pages\/17226","targetHints":{"allow":["GET"]}}],"collection":[{"href":"https:\/\/internetaddictsanonymous.org\/ro\/wp-json\/wp\/v2\/pages"}],"about":[{"href":"https:\/\/internetaddictsanonymous.org\/ro\/wp-json\/wp\/v2\/types\/page"}],"author":[{"embeddable":true,"href":"https:\/\/internetaddictsanonymous.org\/ro\/wp-json\/wp\/v2\/users\/35194237"}],"replies":[{"embeddable":true,"href":"https:\/\/internetaddictsanonymous.org\/ro\/wp-json\/wp\/v2\/comments?post=17226"}],"version-history":[{"count":17,"href":"https:\/\/internetaddictsanonymous.org\/ro\/wp-json\/wp\/v2\/pages\/17226\/revisions"}],"predecessor-version":[{"id":19391,"href":"https:\/\/internetaddictsanonymous.org\/ro\/wp-json\/wp\/v2\/pages\/17226\/revisions\/19391"}],"wp:attachment":[{"href":"https:\/\/internetaddictsanonymous.org\/ro\/wp-json\/wp\/v2\/media?parent=17226"}],"wp:term":[{"taxonomy":"post_tag","embeddable":true,"href":"https:\/\/internetaddictsanonymous.org\/ro\/wp-json\/wp\/v2\/tags?post=17226"}],"curies":[{"name":"wp","href":"https:\/\/api.w.org\/{rel}","templated":true}]}}