{"id":18078,"date":"2024-06-03T01:33:23","date_gmt":"2024-06-03T05:33:23","guid":{"rendered":"https:\/\/internetaddictsanonymous.org\/?page_id=18078"},"modified":"2024-06-03T01:33:25","modified_gmt":"2024-06-03T05:33:25","slug":"aprofundarea-resurselor-noastre-de-recuperare","status":"publish","type":"page","link":"https:\/\/internetaddictsanonymous.org\/ro\/resources\/deepening-our-recovery-resources\/","title":{"rendered":"Aprofundarea redres\u0103rii noastre"},"content":{"rendered":"<p><a href=\"https:\/\/internetaddictsanonymous.org\/ro\/un-ghid-al-retragerilor\/\"><strong>Gestionarea retragerilor<\/strong><\/a><br>O descriere a procesului de retragere, \u00eempreun\u0103 cu pove\u0219ti de recuperare de la patru membri.<\/p>\n\n\n\n<p><a href=\"https:\/\/internetaddictsanonymous.org\/ro\/un-ghid-al-sobrietatii-alunecari-si-recidive-in-itaa\/\"><strong>\u00cen\u021belegerea sobriet\u0103\u021bii, a alunec\u0103rilor \u0219i a recidivelor<\/strong><\/a><br>O prezentare general\u0103 a ceea ce \u00eenseamn\u0103 sobrietatea \u00een ITAA, precum \u0219i a modului de a preveni \u0219i de a cre\u0219te \u00een urma derapajelor \u0219i recidivelor.<\/p>\n\n\n\n<p><strong><a href=\"https:\/\/internetaddictsanonymous.org\/ro\/un-ghid-pentru-apelurile-de-proximitate-in-itaa\/\">Efectuarea de apeluri de proximitate<\/a><br><\/strong>Un ghid pentru apelarea altor membri \u00een afara \u00eent\u00e2lnirilor, unul dintre instrumentele vitale ale recuper\u0103rii noastre.<\/p>\n\n\n\n<p><a href=\"https:\/\/internetaddictsanonymous.org\/ro\/sponsorizare\/\"><strong>Importan\u021ba sponsoriz\u0103rii<\/strong><\/a><br>Sponsorizarea este o rela\u021bie informal\u0103 \u00een care un membru mai experimentat al ITAA ne ajut\u0103 s\u0103 ne \u00eendrum\u0103m pe parcursul recuper\u0103rii.<\/p>\n\n\n\n<p><a href=\"https:\/\/internetaddictsanonymous.org\/ro\/resurse\/cum-sa-lucrati-cu-pasii\/\"><strong>Cum s\u0103 folosi\u021bi treptele<\/strong><br><\/a>Resurse pe care le putem folosi pentru a parcurge cei Doisprezece Pa\u0219i.<\/p>\n\n\n\n<p><a href=\"https:\/\/internetaddictsanonymous.org\/ro\/the-doctors-opinion\/\"><strong>Dovezile \u0219tiin\u021bifice privind dependen\u021ba de internet \u0219i tehnologie<\/strong><\/a><br>O prezentare general\u0103 a efectelor \u0219i consecin\u021belor dependen\u021bei de internet \u0219i de tehnologie.<\/p>\n<!-- PMB print buttons is only displayed on a single post\/page URLs-->","protected":false},"excerpt":{"rendered":"<p>Navigating WithdrawalsA description of the withdrawals process, along with recovery stories from four members. Understanding Sobriety, Slips, and RelapsesAn overview of what sobriety means in ITAA, as well as how to prevent and grow from slips and relapses. Making Outreach CallsA guide to calling other members outside of meetings, one of the vital tools of &hellip; <a href=\"https:\/\/internetaddictsanonymous.org\/ro\/resources\/deepening-our-recovery-resources\/\" class=\"more-link\">Continu\u0103 s\u0103 cite\u0219ti <span class=\"screen-reader-text\">Aprofundarea redres\u0103rii noastre<\/span><\/a><\/p>","protected":false},"author":35194237,"featured_media":0,"parent":42,"menu_order":0,"comment_status":"closed","ping_status":"closed","template":"full-width-page.php","meta":{"inline_featured_image":false,"_lmt_disableupdate":"","_lmt_disable":"","jetpack_post_was_ever_published":false,"footnotes":""},"tags":[],"class_list":["post-18078","page","type-page","status-publish","hentry"],"yoast_head":"<!-- This site is optimized with the Yoast SEO plugin v27.3 - https:\/\/yoast.com\/product\/yoast-seo-wordpress\/ -->\n<title>Deepening our recovery &#8211; Internet and Technology Addicts Anonymous<\/title>\n<meta name=\"robots\" content=\"index, follow, max-snippet:-1, max-image-preview:large, max-video-preview:-1\" \/>\n<link rel=\"canonical\" href=\"https:\/\/internetaddictsanonymous.org\/ro\/resurse\/aprofundarea-resurselor-noastre-de-recuperare\/\" \/>\n<meta property=\"og:locale\" content=\"ro_RO\" \/>\n<meta property=\"og:type\" content=\"article\" \/>\n<meta property=\"og:title\" content=\"Deepening our recovery &#8211; Internet and Technology Addicts Anonymous\" \/>\n<meta property=\"og:description\" content=\"Navigating WithdrawalsA description of the withdrawals process, along with recovery stories from four members. Understanding Sobriety, Slips, and RelapsesAn overview of what sobriety means in ITAA, as well as how to prevent and grow from slips and relapses. Making Outreach CallsA guide to calling other members outside of meetings, one of the vital tools of &hellip; Continu\u0103 s\u0103 cite\u0219ti Deepening our recovery\" \/>\n<meta property=\"og:url\" content=\"https:\/\/internetaddictsanonymous.org\/ro\/resurse\/aprofundarea-resurselor-noastre-de-recuperare\/\" \/>\n<meta property=\"og:site_name\" content=\"Internet and Technology Addicts Anonymous\" \/>\n<meta property=\"article:modified_time\" content=\"2024-06-03T05:33:25+00:00\" \/>\n<meta name=\"twitter:card\" content=\"summary_large_image\" \/>\n<meta name=\"twitter:label1\" content=\"Timp estimat pentru citire\" \/>\n\t<meta name=\"twitter:data1\" content=\"1 minut\" \/>\n<script type=\"application\/ld+json\" class=\"yoast-schema-graph\">{\"@context\":\"https:\\\/\\\/schema.org\",\"@graph\":[{\"@type\":\"WebPage\",\"@id\":\"https:\\\/\\\/internetaddictsanonymous.org\\\/resources\\\/deepening-our-recovery-resources\\\/\",\"url\":\"https:\\\/\\\/internetaddictsanonymous.org\\\/resources\\\/deepening-our-recovery-resources\\\/\",\"name\":\"Deepening our recovery &#8211; Internet and Technology Addicts Anonymous\",\"isPartOf\":{\"@id\":\"https:\\\/\\\/internetaddictsanonymous.org\\\/#website\"},\"datePublished\":\"2024-06-03T05:33:23+00:00\",\"dateModified\":\"2024-06-03T05:33:25+00:00\",\"breadcrumb\":{\"@id\":\"https:\\\/\\\/internetaddictsanonymous.org\\\/resources\\\/deepening-our-recovery-resources\\\/#breadcrumb\"},\"inLanguage\":\"ro-RO\",\"potentialAction\":[{\"@type\":\"ReadAction\",\"target\":[\"https:\\\/\\\/internetaddictsanonymous.org\\\/resources\\\/deepening-our-recovery-resources\\\/\"]}]},{\"@type\":\"BreadcrumbList\",\"@id\":\"https:\\\/\\\/internetaddictsanonymous.org\\\/resources\\\/deepening-our-recovery-resources\\\/#breadcrumb\",\"itemListElement\":[{\"@type\":\"ListItem\",\"position\":1,\"name\":\"Home\",\"item\":\"https:\\\/\\\/internetaddictsanonymous.org\\\/\"},{\"@type\":\"ListItem\",\"position\":2,\"name\":\"Resources\",\"item\":\"https:\\\/\\\/internetaddictsanonymous.org\\\/resources\\\/\"},{\"@type\":\"ListItem\",\"position\":3,\"name\":\"Deepening our recovery\"}]},{\"@type\":\"WebSite\",\"@id\":\"https:\\\/\\\/internetaddictsanonymous.org\\\/#website\",\"url\":\"https:\\\/\\\/internetaddictsanonymous.org\\\/\",\"name\":\"Internet and Technology Addicts Anonymous\",\"description\":\"Worldwide 12-step Fellowship for Internet and Technology Addiction\",\"publisher\":{\"@id\":\"https:\\\/\\\/internetaddictsanonymous.org\\\/#organization\"},\"potentialAction\":[{\"@type\":\"SearchAction\",\"target\":{\"@type\":\"EntryPoint\",\"urlTemplate\":\"https:\\\/\\\/internetaddictsanonymous.org\\\/?s={search_term_string}\"},\"query-input\":{\"@type\":\"PropertyValueSpecification\",\"valueRequired\":true,\"valueName\":\"search_term_string\"}}],\"inLanguage\":\"ro-RO\"},{\"@type\":\"Organization\",\"@id\":\"https:\\\/\\\/internetaddictsanonymous.org\\\/#organization\",\"name\":\"Internet and Technology Addicts Anonymous\",\"url\":\"https:\\\/\\\/internetaddictsanonymous.org\\\/\",\"logo\":{\"@type\":\"ImageObject\",\"inLanguage\":\"ro-RO\",\"@id\":\"https:\\\/\\\/internetaddictsanonymous.org\\\/#\\\/schema\\\/logo\\\/image\\\/\",\"url\":\"https:\\\/\\\/internetaddictsanonymous.org\\\/wp-content\\\/uploads\\\/2023\\\/01\\\/cropped-ITAA-logo-480px.png\",\"contentUrl\":\"https:\\\/\\\/internetaddictsanonymous.org\\\/wp-content\\\/uploads\\\/2023\\\/01\\\/cropped-ITAA-logo-480px.png\",\"width\":480,\"height\":480,\"caption\":\"Internet and Technology Addicts Anonymous\"},\"image\":{\"@id\":\"https:\\\/\\\/internetaddictsanonymous.org\\\/#\\\/schema\\\/logo\\\/image\\\/\"}}]}<\/script>\n<!-- \/ Yoast SEO plugin. -->","yoast_head_json":{"title":"Aprofundarea recuper\u0103rii noastre - Dependen\u021bii de Internet \u0219i Tehnologie Anonimi","robots":{"index":"index","follow":"follow","max-snippet":"max-snippet:-1","max-image-preview":"max-image-preview:large","max-video-preview":"max-video-preview:-1"},"canonical":"https:\/\/internetaddictsanonymous.org\/ro\/resurse\/aprofundarea-resurselor-noastre-de-recuperare\/","og_locale":"ro_RO","og_type":"article","og_title":"Deepening our recovery &#8211; Internet and Technology Addicts Anonymous","og_description":"Navigating WithdrawalsA description of the withdrawals process, along with recovery stories from four members. Understanding Sobriety, Slips, and RelapsesAn overview of what sobriety means in ITAA, as well as how to prevent and grow from slips and relapses. Making Outreach CallsA guide to calling other members outside of meetings, one of the vital tools of &hellip; Continu\u0103 s\u0103 cite\u0219ti Deepening our recovery","og_url":"https:\/\/internetaddictsanonymous.org\/ro\/resurse\/aprofundarea-resurselor-noastre-de-recuperare\/","og_site_name":"Internet and Technology Addicts Anonymous","article_modified_time":"2024-06-03T05:33:25+00:00","twitter_card":"summary_large_image","twitter_misc":{"Timp estimat pentru citire":"1 minut"},"schema":{"@context":"https:\/\/schema.org","@graph":[{"@type":"WebPage","@id":"https:\/\/internetaddictsanonymous.org\/resources\/deepening-our-recovery-resources\/","url":"https:\/\/internetaddictsanonymous.org\/resources\/deepening-our-recovery-resources\/","name":"Aprofundarea recuper\u0103rii noastre - Dependen\u021bii de Internet \u0219i Tehnologie Anonimi","isPartOf":{"@id":"https:\/\/internetaddictsanonymous.org\/#website"},"datePublished":"2024-06-03T05:33:23+00:00","dateModified":"2024-06-03T05:33:25+00:00","breadcrumb":{"@id":"https:\/\/internetaddictsanonymous.org\/resources\/deepening-our-recovery-resources\/#breadcrumb"},"inLanguage":"ro-RO","potentialAction":[{"@type":"ReadAction","target":["https:\/\/internetaddictsanonymous.org\/resources\/deepening-our-recovery-resources\/"]}]},{"@type":"BreadcrumbList","@id":"https:\/\/internetaddictsanonymous.org\/resources\/deepening-our-recovery-resources\/#breadcrumb","itemListElement":[{"@type":"ListItem","position":1,"name":"Home","item":"https:\/\/internetaddictsanonymous.org\/"},{"@type":"ListItem","position":2,"name":"Resources","item":"https:\/\/internetaddictsanonymous.org\/resources\/"},{"@type":"ListItem","position":3,"name":"Deepening our recovery"}]},{"@type":"WebSite","@id":"https:\/\/internetaddictsanonymous.org\/#website","url":"https:\/\/internetaddictsanonymous.org\/","name":"Dependen\u021bii de Internet \u0219i Tehnologie Anonimi","description":"Fr\u0103\u021bie mondial\u0103 \u00een 12 pa\u0219i pentru dependen\u021ba de internet \u0219i tehnologie","publisher":{"@id":"https:\/\/internetaddictsanonymous.org\/#organization"},"potentialAction":[{"@type":"SearchAction","target":{"@type":"EntryPoint","urlTemplate":"https:\/\/internetaddictsanonymous.org\/?s={search_term_string}"},"query-input":{"@type":"PropertyValueSpecification","valueRequired":true,"valueName":"search_term_string"}}],"inLanguage":"ro-RO"},{"@type":"Organization","@id":"https:\/\/internetaddictsanonymous.org\/#organization","name":"Dependen\u021bii de Internet \u0219i Tehnologie Anonimi","url":"https:\/\/internetaddictsanonymous.org\/","logo":{"@type":"ImageObject","inLanguage":"ro-RO","@id":"https:\/\/internetaddictsanonymous.org\/#\/schema\/logo\/image\/","url":"https:\/\/internetaddictsanonymous.org\/wp-content\/uploads\/2023\/01\/cropped-ITAA-logo-480px.png","contentUrl":"https:\/\/internetaddictsanonymous.org\/wp-content\/uploads\/2023\/01\/cropped-ITAA-logo-480px.png","width":480,"height":480,"caption":"Internet and Technology Addicts Anonymous"},"image":{"@id":"https:\/\/internetaddictsanonymous.org\/#\/schema\/logo\/image\/"}}]}},"jetpack_sharing_enabled":true,"jetpack_shortlink":"https:\/\/wp.me\/P9Fwob-4HA","_links":{"self":[{"href":"https:\/\/internetaddictsanonymous.org\/ro\/wp-json\/wp\/v2\/pages\/18078","targetHints":{"allow":["GET"]}}],"collection":[{"href":"https:\/\/internetaddictsanonymous.org\/ro\/wp-json\/wp\/v2\/pages"}],"about":[{"href":"https:\/\/internetaddictsanonymous.org\/ro\/wp-json\/wp\/v2\/types\/page"}],"author":[{"embeddable":true,"href":"https:\/\/internetaddictsanonymous.org\/ro\/wp-json\/wp\/v2\/users\/35194237"}],"replies":[{"embeddable":true,"href":"https:\/\/internetaddictsanonymous.org\/ro\/wp-json\/wp\/v2\/comments?post=18078"}],"version-history":[{"count":1,"href":"https:\/\/internetaddictsanonymous.org\/ro\/wp-json\/wp\/v2\/pages\/18078\/revisions"}],"predecessor-version":[{"id":18079,"href":"https:\/\/internetaddictsanonymous.org\/ro\/wp-json\/wp\/v2\/pages\/18078\/revisions\/18079"}],"up":[{"embeddable":true,"href":"https:\/\/internetaddictsanonymous.org\/ro\/wp-json\/wp\/v2\/pages\/42"}],"wp:attachment":[{"href":"https:\/\/internetaddictsanonymous.org\/ro\/wp-json\/wp\/v2\/media?parent=18078"}],"wp:term":[{"taxonomy":"post_tag","embeddable":true,"href":"https:\/\/internetaddictsanonymous.org\/ro\/wp-json\/wp\/v2\/tags?post=18078"}],"curies":[{"name":"wp","href":"https:\/\/api.w.org\/{rel}","templated":true}]}}