{"id":18148,"date":"2024-06-16T20:35:42","date_gmt":"2024-06-17T00:35:42","guid":{"rendered":"https:\/\/internetaddictsanonymous.org\/?page_id=18148"},"modified":"2024-07-28T14:35:31","modified_gmt":"2024-07-28T18:35:31","slug":"principii-pentru-grupurile-de-chat","status":"publish","type":"page","link":"https:\/\/internetaddictsanonymous.org\/ro\/resurse\/resurse-de-servicii\/principii-pentru-grupurile-de-chat\/","title":{"rendered":"Principii pentru grupurile de chat ITAA"},"content":{"rendered":"<p>\u00cen calitate de dependen\u021bi de internet, trebuie s\u0103 fim foarte aten\u021bi la modul \u00een care folosim tehnologia pentru a ne sprijini recuperarea \u0219i \u00eent\u00e2lnirile noastre. De exemplu, Zoom \u0219i site-ul nostru au fost instrumente esen\u021biale pentru a ajuta comunitatea noastr\u0103 s\u0103 ajung\u0103 la dependen\u021bii care nu au acces la \u00eent\u00e2lnirile \u00een persoan\u0103. \u00centre timp, alte tehnologii - platforme de streaming, fluxuri de social media, aplica\u021bii de \u00eent\u00e2lniri, jocuri video - \u00een mod clar nu au loc \u00een comunitatea noastr\u0103. Grupurile de chat se pot situa undeva la mijloc: ele pot fi utile pentru a r\u0103m\u00e2ne coordonate \u00een afara \u00eent\u00e2lnirilor, dar pot, de asemenea, s\u0103 alimenteze tendin\u021bele nes\u0103n\u0103toase de dependen\u021b\u0103. Scopul acestui document este de a sugera principii care s\u0103 ajute grupurile de chat ITAA s\u0103 se asigure c\u0103 servesc scopului nostru principal: s\u0103 transmit\u0103 mesajul c\u0103tre utilizatorii compulsivi de internet \u0219i tehnologie care \u00eenc\u0103 sufer\u0103.<\/p>\n\n\n\n<p>\u00cen general, recomand\u0103m ca grupurile de chat ITAA s\u0103 practice urm\u0103toarele principii:<\/p>\n\n\n\n<ol class=\"wp-block-list\">\n<li><strong>\u00cendrumat de cele Dou\u0103sprezece Tradi\u021bii: <\/strong>Grupurile de chat func\u021bioneaz\u0103 adesea bine atunci c\u00e2nd sunt afiliate la o reuniune ITAA individual\u0103 care gestioneaz\u0103 chat-ul \u00een beneficiul membrilor s\u0103i \u0219i pot discuta subiecte legate de grupul de chat \u00een cadrul con\u0219tiin\u021belor lor de grup. \u00cen cazul \u00een care grupul nostru de chat nu este afiliat la o anumit\u0103 reuniune ITAA, putem organiza con\u0219tiin\u021be de grup regulate (\u00een mod ideal, prin discu\u021bii \u00een direct \u00een persoan\u0103 sau pe Zoom), putem alege servitori de \u00eencredere \u0219i putem practica <a href=\"https:\/\/internetaddictsanonymous.org\/ro\/12-pasi-ai-itaa\/\">cele Dou\u0103sprezece Tradi\u021bii<\/a>, la fel ca \u00een cazul oric\u0103rei alte reuniuni. \u00cen caz contrar, grupul de chat este \u00eencurajat s\u0103 r\u0103m\u00e2n\u0103 <em>neoficial<\/em>, ceea ce \u00eenseamn\u0103 c\u0103 nu utilizeaz\u0103 numele sau sigla ITAA, iar membrii nu trebuie s\u0103 o promoveze \u00een r\u00e2ndul noilor veni\u021bi \u0219i al altor membri ai ITAA.<br><\/li>\n\n\n\n<li><strong>Un scop clar: <\/strong>Grupurile de chat ITAA pot beneficia de un scop clar, care este aliniat cu scopul principal al comunit\u0103\u021bii noastre: <em>pentru a transmite mesajul utilizatorului compulsiv de internet \u0219i tehnologie care \u00eenc\u0103 sufer\u0103<\/em>. Exemple de scopuri ar putea include coordonarea servitorilor de \u00eencredere pentru o \u00eent\u00e2lnire sau efectuarea de apeluri de sensibilizare. Grupurile oficiale de chat ITAA sunt mai pu\u021bin potrivite ca forumuri pentru schimburi nestructurate, discu\u021bii \u00eencruci\u0219ate sau discu\u021bii informale, care pot deveni vehicule pentru postarea compulsiv\u0103, verificarea notific\u0103rilor, conexiuni parasociale \u0219i conflicte interpersonale. De\u0219i fiecare grup este \u00eencurajat s\u0103 \u00ee\u0219i stabileasc\u0103 singur scopul specific al chat-ului s\u0103u, \u00een calitate de dependen\u021bi de internet \u0219i tehnologie, ar fi bine s\u0103 fim precau\u021bi atunci c\u00e2nd folosim o platform\u0103 de social media pentru a transmite mesajul c\u0103tre noii veni\u021bi. Putem \u021bine cont de faptul c\u0103 dependen\u021bii din comunit\u0103\u021bile de recuperare \u00een dou\u0103sprezece etape au reu\u0219it s\u0103 se trezeasc\u0103 f\u0103r\u0103 grupuri de chat timp de aproape 100 de ani. Cu un num\u0103r din ce \u00een ce mai mare de \u00eent\u00e2lniri fa\u021b\u0103 \u00een fa\u021b\u0103, sute de \u00eent\u00e2lniri online \u0219i mii de membri disponibili pentru apeluri de informare, exist\u0103 multe medii testate \u00een timp \u00een afar\u0103 de chat pentru dependen\u021bii de internet \u0219i tehnologie care caut\u0103 o modalitate de a \u00eemp\u0103rt\u0103\u0219i.<br><\/li>\n\n\n\n<li><strong>Limite clar definite \u0219i privilegii de administrare:<\/strong> Grupurile noastre de chat beneficiaz\u0103 de limite scrise cu privire la scopul grupului \u0219i orient\u0103ri specifice pentru postare, iar noi comunic\u0103m aceste orient\u0103ri noilor veni\u021bi. Un exemplu de astfel de limite poate fi g\u0103sit \u00een partea de jos a acestei pagini. Alegem func\u021bionari de \u00eencredere cu termene limit\u0103 care practic\u0103 rota\u021bia serviciului \u0219i care pot lua m\u0103suri pentru a men\u021bine limitele. Am putea considera benefic\u0103 adoptarea unei politici a celor 3 lovituri pentru transgresiunile obi\u0219nuite (post\u0103ri \u00een afara limitelor grupului, rapoarte de flirt nedorit etc.), \u00een urma c\u0103rora membrul poate fi \u00eendep\u0103rtat pentru o perioad\u0103 de 3-6 luni \u00eenainte de a fi invitat s\u0103 revin\u0103 dac\u0103 este dispus s\u0103 respecte limitele grupului. Pentru transgresiuni majore (insulte violente, mesaje sau imagini cu caracter sexual etc.), membrul poate fi \u00eendep\u0103rtat imediat, temporar, p\u00e2n\u0103 c\u00e2nd con\u0219tiin\u021ba grupului discut\u0103 despre durata \u00eendep\u0103rt\u0103rii, de obicei \u00eentre 6 luni \u0219i o perioad\u0103 nedeterminat\u0103. Decizia de a elimina un membru dintr-un grup, chiar \u0219i pentru o perioad\u0103 limitat\u0103 de timp, trebuie luat\u0103 foarte \u00een serios \u0219i orice eliminare trebuie discutat\u0103 \u00eentotdeauna \u00een cadrul unei con\u0219tiin\u021be de grup (\u00een mod ideal, \u00een prealabil). Sugestii suplimentare cu privire la modul de gestionare a comportamentului provocator pot fi g\u0103site \u00een <a href=\"https:\/\/internetaddictsanonymous.org\/ro\/siguranta-in-itaa\/\">Ghid pentru siguran\u021b\u0103 \u00een ITAA<\/a>.<br><\/li>\n\n\n\n<li><strong>Grupurile de chat nu ar trebui s\u0103 fie primul punct de contact:<\/strong> Unele \u00eent\u00e2lniri au \u00eencercat s\u0103 publice online un link c\u0103tre grupul lor de chat pentru a le facilita noilor veni\u021bi s\u0103 pun\u0103 \u00eentreb\u0103ri despre \u00eent\u00e2lnire. Am constatat adesea c\u0103 noii veni\u021bi care nu au fost niciodat\u0103 la o \u00eent\u00e2lnire sau nu au vorbit niciodat\u0103 cu un alt membru s-ar putea s\u0103 nu aib\u0103 con\u0219tiin\u021ba sau sobrietatea necesare pentru a men\u021bine limite sigure \u00een cadrul grupului sau fa\u021b\u0103 de al\u021bi membri. \u00cen plus, postarea public\u0103 a linkului c\u0103tre grupul nostru de chat ne face vulnerabili \u00een fa\u021ba spammerilor \u0219i trolilor. Reuniunile sunt \u00eencurajate s\u0103 furnizeze e-mailuri \u0219i numere de telefon de contact pentru noii veni\u021bi care sunt interesa\u021bi s\u0103 participe, nu linkuri c\u0103tre grupul de chat. \u00cen cazul \u00een care un membru necunoscut solicit\u0103 s\u0103 se al\u0103ture unui grup de chat, este indicat s\u0103 pune\u021bi mai \u00eent\u00e2i c\u00e2teva \u00eentreb\u0103ri cu privire la modul \u00een care a auzit de grupul de chat pentru a filtra actorii r\u0103i.<\/li>\n<\/ol>\n\n\n\n<p>\u00cen esen\u021b\u0103, aceste principii recomand\u0103 ca grupurile de chat s\u0103 fie bine structurate, s\u0103 aib\u0103 un domeniu de aplicare limitat \u0219i s\u0103 fie ghidate de cele Dou\u0103sprezece Tradi\u021bii ale noastre. Acestea sunt doar recomand\u0103ri \u0219i avem \u00eencredere c\u0103 membrii \u0219i grupurile \u00ee\u0219i vor descoperi propria cale de urmat prin procesul de con\u0219tiin\u021b\u0103 de grup. Sper\u0103m c\u0103, \u00een calitate de fellowship, aceste principii ne pot ghida c\u0103tre o rela\u021bie cu grupurile de chat care va ajuta mai mul\u021bi dependen\u021bi din \u00eentreaga lume s\u0103 g\u0103seasc\u0103 o comunitate stabil\u0103, sigur\u0103 \u0219i sigur\u0103 \u00een care s\u0103 se recupereze.<\/p>\n\n\n\n<h2 class=\"wp-block-heading\"><strong>Exemplu de descriere \u0219i limite ale grupului de chat:<\/strong><\/h2>\n\n\n\n<p>Scopul acestui chat este de a facilita apelurile de informare \u00eentre membrii grupului {Meeting name} ITAA. Pute\u021bi posta \u00een chat dac\u0103 ave\u021bi nevoie de un apel de informare, iar un alt membru va r\u0103spunde la mesajul dvs. dac\u0103 este disponibil \u0219i apoi v\u0103 va suna. V\u0103 rug\u0103m s\u0103 \u021bine\u021bi cont de urm\u0103toarele limite:<\/p>\n\n\n\n<ul class=\"wp-block-list\">\n<li>Partaja\u021bi acest grup numai cu al\u021bi membri ai ITAA.<\/li>\n\n\n\n<li>Scopul acestui grup este exclusiv de a solicita apeluri de informare de la al\u021bi membri. R\u0103m\u00e2ne\u021bi pe subiect \u0219i evita\u021bi s\u0103 transmite\u021bi mesaje irelevante. Dac\u0103 trebuie s\u0103 \u00eemp\u0103rt\u0103\u0219i\u021bi informa\u021bii, suna\u021bi un membru sau participa\u021bi la o \u00eent\u00e2lnire.<\/li>\n\n\n\n<li>P\u0103stra\u021bi anonimatul altor membri. Nu divulga\u021bi niciodat\u0103 numele, num\u0103rul de telefon sau identitatea unui alt membru f\u0103r\u0103 permisiunea acestuia.&nbsp;<\/li>\n\n\n\n<li>Ab\u021bine\u021bi-v\u0103 de la postarea de link-uri, videoclipuri, meme-uri, gif-uri sau orice alt con\u021binut extern.<\/li>\n\n\n\n<li>Evita\u021bi promovarea oric\u0103ror servicii profesionale pe care le oferi\u021bi dumneavoastr\u0103 sau al\u021bii.<\/li>\n\n\n\n<li>Evita\u021bi spam-ul, dumping-ul sau vocifer\u0103rile. G\u00e2ndi\u021bi-v\u0103 \u00eenainte de a posta \u0219i evita\u021bi s\u0103 r\u0103spunde\u021bi \u00een grab\u0103. Aminti\u021bi-v\u0103 c\u0103 suntem dependen\u021bi de internet \u00een recuperare \u0219i c\u0103 mesajele dvs. au un impact asupra s\u0103n\u0103t\u0103\u021bii mintale a fiec\u0103rui alt participant.<\/li>\n\n\n\n<li>Nu folosi\u021bi niciodat\u0103 grupul pentru a mustra pe cineva sau pentru a v\u0103 exprima nemul\u021bumirile. Adresa\u021bi-v\u0103 persoanei \u00een cauz\u0103 \u00een mod privat \u0219i respectuos, \u00een mod ideal dup\u0103 ce a\u021bi \u00eentocmit mai \u00eent\u00e2i un inventar \u0219i a\u021bi discutat cu sponsorul dumneavoastr\u0103.<\/li>\n\n\n\n<li>Acesta nu este un loc \u00een care s\u0103 v\u0103 \u00eent\u00e2lni\u021bi parteneri. Evita\u021bi flirtul de orice fel, inclusiv complimentele nesolicitate, glumele provocatoare sau \u00eencercarea de a intra \u00een contact cu un membru care \u0219i-a exprimat indisponibilitatea.<\/li>\n<\/ul>\n\n\n\n<p>Practic\u0103m o politic\u0103 de 3 lovituri, ceea ce \u00eenseamn\u0103 c\u0103, dac\u0103 \u00eenc\u0103lca\u021bi aceste limite de 3 ori, un administrator v\u0103 poate elimina pentru o perioad\u0103 de 3-6 luni. Pe de alt\u0103 parte, urm\u0103toarele comportamente sunt motive de eliminare imediat\u0103 \u0219i poten\u021bial permanent\u0103:<\/p>\n\n\n\n<ul class=\"wp-block-list\">\n<li>Comportament violent sau agresiv, inclusiv injurii, insulte, umilire, batjocur\u0103 sau amenin\u021b\u0103ri.&nbsp;<\/li>\n\n\n\n<li>Comportament sexual, inclusiv comentarii sau solicit\u0103ri sexuale la adresa altor membri sau trimiterea de con\u021binut sexual.<\/li>\n\n\n\n<li>Discriminarea de orice fel, inclusiv fa\u021b\u0103 de ras\u0103, sex, identitate de gen, credin\u021b\u0103, religie, orientare sexual\u0103, compozi\u021bie corporal\u0103, handicap sau neurodiversitate.<\/li>\n\n\n\n<li>H\u0103r\u021buire, urm\u0103rire sau orice alt comportament infrac\u021bional.<\/li>\n<\/ul>\n\n\n\n<p>Aceast\u0103 discu\u021bie urmeaz\u0103 cele Dou\u0103sprezece Tradi\u021bii \u0219i este supus\u0103 con\u0219tiin\u021bei de grup a \u00eent\u00e2lnirii noastre, care are loc la prima \u00eent\u00e2lnire din fiecare lun\u0103 la ora local\u0103 13:00.<\/p>\n<!-- PMB print buttons is only displayed on a single post\/page URLs-->","protected":false},"excerpt":{"rendered":"<p>Ca dependen\u021bi de internet, trebuie s\u0103 acord\u0103m o aten\u021bie deosebit\u0103 modului \u00een care folosim tehnologia pentru a ne sprijini recuperarea \u0219i \u00eent\u00e2lnirile noastre. De exemplu, Zoom \u0219i site-ul nostru web au fost instrumente esen\u021biale pentru a ajuta comunitatea noastr\u0103 s\u0103 ajung\u0103 la dependen\u021bii care nu au acces la \u00eent\u00e2lniri fa\u021b\u0103 \u00een fa\u021b\u0103. \u00centre timp, alte tehnologii - platforme de streaming, feed-uri de socializare, aplica\u021bii de dating, jocuri video - \u00een mod clar nu au... <a href=\"https:\/\/internetaddictsanonymous.org\/ro\/resurse\/resurse-de-servicii\/principii-pentru-grupurile-de-chat\/\" class=\"more-link\">Continu\u0103 s\u0103 cite\u0219ti <span class=\"screen-reader-text\">Principii pentru grupurile de chat ITAA<\/span><\/a><\/p>","protected":false},"author":35194237,"featured_media":0,"parent":18080,"menu_order":0,"comment_status":"closed","ping_status":"closed","template":"full-width-page.php","meta":{"inline_featured_image":false,"_lmt_disableupdate":"","_lmt_disable":"","jetpack_post_was_ever_published":false,"footnotes":""},"tags":[],"class_list":["post-18148","page","type-page","status-publish","hentry"],"yoast_head":"<!-- This site is optimized with the Yoast SEO plugin v26.8 - https:\/\/yoast.com\/product\/yoast-seo-wordpress\/ -->\n<title>Principles for ITAA chat groups &#8211; Internet and Technology Addicts Anonymous<\/title>\n<meta name=\"robots\" content=\"index, follow, max-snippet:-1, max-image-preview:large, max-video-preview:-1\" \/>\n<link rel=\"canonical\" href=\"https:\/\/internetaddictsanonymous.org\/ro\/resurse\/resurse-de-servicii\/principii-pentru-grupurile-de-chat\/\" \/>\n<meta property=\"og:locale\" content=\"ro_RO\" \/>\n<meta property=\"og:type\" content=\"article\" \/>\n<meta property=\"og:title\" content=\"Principles for ITAA chat groups &#8211; Internet and Technology Addicts Anonymous\" \/>\n<meta property=\"og:description\" content=\"As internet addicts, we need take special care how we use technology to support our recoveries and our meetings. For example, Zoom and our website have been essential tools to help our fellowship reach addicts who don\u2019t have access to in-person meetings. Meanwhile, other technologies\u2014streaming platforms, social media feeds, dating apps, video games\u2014clearly have no &hellip; Continu\u0103 s\u0103 cite\u0219ti Principles for ITAA chat groups\" \/>\n<meta property=\"og:url\" content=\"https:\/\/internetaddictsanonymous.org\/ro\/resurse\/resurse-de-servicii\/principii-pentru-grupurile-de-chat\/\" \/>\n<meta property=\"og:site_name\" content=\"Internet and Technology Addicts Anonymous\" \/>\n<meta property=\"article:modified_time\" content=\"2024-07-28T18:35:31+00:00\" \/>\n<meta name=\"twitter:card\" content=\"summary_large_image\" \/>\n<meta name=\"twitter:label1\" content=\"Timp estimat pentru citire\" \/>\n\t<meta name=\"twitter:data1\" content=\"6 minute\" \/>\n<script type=\"application\/ld+json\" class=\"yoast-schema-graph\">{\"@context\":\"https:\/\/schema.org\",\"@graph\":[{\"@type\":\"WebPage\",\"@id\":\"https:\/\/internetaddictsanonymous.org\/resources\/being-of-service-resources\/principles-for-chat-groups\/\",\"url\":\"https:\/\/internetaddictsanonymous.org\/resources\/being-of-service-resources\/principles-for-chat-groups\/\",\"name\":\"Principles for ITAA chat groups &#8211; Internet and Technology Addicts Anonymous\",\"isPartOf\":{\"@id\":\"https:\/\/internetaddictsanonymous.org\/#website\"},\"datePublished\":\"2024-06-17T00:35:42+00:00\",\"dateModified\":\"2024-07-28T18:35:31+00:00\",\"breadcrumb\":{\"@id\":\"https:\/\/internetaddictsanonymous.org\/resources\/being-of-service-resources\/principles-for-chat-groups\/#breadcrumb\"},\"inLanguage\":\"ro-RO\",\"potentialAction\":[{\"@type\":\"ReadAction\",\"target\":[\"https:\/\/internetaddictsanonymous.org\/resources\/being-of-service-resources\/principles-for-chat-groups\/\"]}]},{\"@type\":\"BreadcrumbList\",\"@id\":\"https:\/\/internetaddictsanonymous.org\/resources\/being-of-service-resources\/principles-for-chat-groups\/#breadcrumb\",\"itemListElement\":[{\"@type\":\"ListItem\",\"position\":1,\"name\":\"Home\",\"item\":\"https:\/\/internetaddictsanonymous.org\/\"},{\"@type\":\"ListItem\",\"position\":2,\"name\":\"Resources\",\"item\":\"https:\/\/internetaddictsanonymous.org\/resources\/\"},{\"@type\":\"ListItem\",\"position\":3,\"name\":\"Being of service\",\"item\":\"https:\/\/internetaddictsanonymous.org\/resources\/being-of-service-resources\/\"},{\"@type\":\"ListItem\",\"position\":4,\"name\":\"Principles for ITAA chat groups\"}]},{\"@type\":\"WebSite\",\"@id\":\"https:\/\/internetaddictsanonymous.org\/#website\",\"url\":\"https:\/\/internetaddictsanonymous.org\/\",\"name\":\"Internet and Technology Addicts Anonymous\",\"description\":\"Worldwide 12-step Fellowship for Internet and Technology Addiction\",\"publisher\":{\"@id\":\"https:\/\/internetaddictsanonymous.org\/#organization\"},\"potentialAction\":[{\"@type\":\"SearchAction\",\"target\":{\"@type\":\"EntryPoint\",\"urlTemplate\":\"https:\/\/internetaddictsanonymous.org\/?s={search_term_string}\"},\"query-input\":{\"@type\":\"PropertyValueSpecification\",\"valueRequired\":true,\"valueName\":\"search_term_string\"}}],\"inLanguage\":\"ro-RO\"},{\"@type\":\"Organization\",\"@id\":\"https:\/\/internetaddictsanonymous.org\/#organization\",\"name\":\"Internet and Technology Addicts Anonymous\",\"url\":\"https:\/\/internetaddictsanonymous.org\/\",\"logo\":{\"@type\":\"ImageObject\",\"inLanguage\":\"ro-RO\",\"@id\":\"https:\/\/internetaddictsanonymous.org\/#\/schema\/logo\/image\/\",\"url\":\"https:\/\/internetaddictsanonymous.org\/wp-content\/uploads\/2023\/01\/cropped-ITAA-logo-480px.png\",\"contentUrl\":\"https:\/\/internetaddictsanonymous.org\/wp-content\/uploads\/2023\/01\/cropped-ITAA-logo-480px.png\",\"width\":480,\"height\":480,\"caption\":\"Internet and Technology Addicts Anonymous\"},\"image\":{\"@id\":\"https:\/\/internetaddictsanonymous.org\/#\/schema\/logo\/image\/\"}}]}<\/script>\n<!-- \/ Yoast SEO plugin. -->","yoast_head_json":{"title":"Principii pentru grupurile de chat ITAA - Dependen\u021bii de Internet \u0219i Tehnologie Anonimi","robots":{"index":"index","follow":"follow","max-snippet":"max-snippet:-1","max-image-preview":"max-image-preview:large","max-video-preview":"max-video-preview:-1"},"canonical":"https:\/\/internetaddictsanonymous.org\/ro\/resurse\/resurse-de-servicii\/principii-pentru-grupurile-de-chat\/","og_locale":"ro_RO","og_type":"article","og_title":"Principles for ITAA chat groups &#8211; Internet and Technology Addicts Anonymous","og_description":"As internet addicts, we need take special care how we use technology to support our recoveries and our meetings. For example, Zoom and our website have been essential tools to help our fellowship reach addicts who don\u2019t have access to in-person meetings. Meanwhile, other technologies\u2014streaming platforms, social media feeds, dating apps, video games\u2014clearly have no &hellip; Continu\u0103 s\u0103 cite\u0219ti Principles for ITAA chat groups","og_url":"https:\/\/internetaddictsanonymous.org\/ro\/resurse\/resurse-de-servicii\/principii-pentru-grupurile-de-chat\/","og_site_name":"Internet and Technology Addicts Anonymous","article_modified_time":"2024-07-28T18:35:31+00:00","twitter_card":"summary_large_image","twitter_misc":{"Timp estimat pentru citire":"6 minute"},"schema":{"@context":"https:\/\/schema.org","@graph":[{"@type":"WebPage","@id":"https:\/\/internetaddictsanonymous.org\/resources\/being-of-service-resources\/principles-for-chat-groups\/","url":"https:\/\/internetaddictsanonymous.org\/resources\/being-of-service-resources\/principles-for-chat-groups\/","name":"Principii pentru grupurile de chat ITAA - Dependen\u021bii de Internet \u0219i Tehnologie Anonimi","isPartOf":{"@id":"https:\/\/internetaddictsanonymous.org\/#website"},"datePublished":"2024-06-17T00:35:42+00:00","dateModified":"2024-07-28T18:35:31+00:00","breadcrumb":{"@id":"https:\/\/internetaddictsanonymous.org\/resources\/being-of-service-resources\/principles-for-chat-groups\/#breadcrumb"},"inLanguage":"ro-RO","potentialAction":[{"@type":"ReadAction","target":["https:\/\/internetaddictsanonymous.org\/resources\/being-of-service-resources\/principles-for-chat-groups\/"]}]},{"@type":"BreadcrumbList","@id":"https:\/\/internetaddictsanonymous.org\/resources\/being-of-service-resources\/principles-for-chat-groups\/#breadcrumb","itemListElement":[{"@type":"ListItem","position":1,"name":"Home","item":"https:\/\/internetaddictsanonymous.org\/"},{"@type":"ListItem","position":2,"name":"Resources","item":"https:\/\/internetaddictsanonymous.org\/resources\/"},{"@type":"ListItem","position":3,"name":"Being of service","item":"https:\/\/internetaddictsanonymous.org\/resources\/being-of-service-resources\/"},{"@type":"ListItem","position":4,"name":"Principles for ITAA chat groups"}]},{"@type":"WebSite","@id":"https:\/\/internetaddictsanonymous.org\/#website","url":"https:\/\/internetaddictsanonymous.org\/","name":"Dependen\u021bii de Internet \u0219i Tehnologie Anonimi","description":"Fr\u0103\u021bie mondial\u0103 \u00een 12 pa\u0219i pentru dependen\u021ba de internet \u0219i tehnologie","publisher":{"@id":"https:\/\/internetaddictsanonymous.org\/#organization"},"potentialAction":[{"@type":"SearchAction","target":{"@type":"EntryPoint","urlTemplate":"https:\/\/internetaddictsanonymous.org\/?s={search_term_string}"},"query-input":{"@type":"PropertyValueSpecification","valueRequired":true,"valueName":"search_term_string"}}],"inLanguage":"ro-RO"},{"@type":"Organization","@id":"https:\/\/internetaddictsanonymous.org\/#organization","name":"Dependen\u021bii de Internet \u0219i Tehnologie Anonimi","url":"https:\/\/internetaddictsanonymous.org\/","logo":{"@type":"ImageObject","inLanguage":"ro-RO","@id":"https:\/\/internetaddictsanonymous.org\/#\/schema\/logo\/image\/","url":"https:\/\/internetaddictsanonymous.org\/wp-content\/uploads\/2023\/01\/cropped-ITAA-logo-480px.png","contentUrl":"https:\/\/internetaddictsanonymous.org\/wp-content\/uploads\/2023\/01\/cropped-ITAA-logo-480px.png","width":480,"height":480,"caption":"Internet and Technology Addicts Anonymous"},"image":{"@id":"https:\/\/internetaddictsanonymous.org\/#\/schema\/logo\/image\/"}}]}},"jetpack_sharing_enabled":true,"jetpack_shortlink":"https:\/\/wp.me\/P9Fwob-4II","_links":{"self":[{"href":"https:\/\/internetaddictsanonymous.org\/ro\/wp-json\/wp\/v2\/pages\/18148","targetHints":{"allow":["GET"]}}],"collection":[{"href":"https:\/\/internetaddictsanonymous.org\/ro\/wp-json\/wp\/v2\/pages"}],"about":[{"href":"https:\/\/internetaddictsanonymous.org\/ro\/wp-json\/wp\/v2\/types\/page"}],"author":[{"embeddable":true,"href":"https:\/\/internetaddictsanonymous.org\/ro\/wp-json\/wp\/v2\/users\/35194237"}],"replies":[{"embeddable":true,"href":"https:\/\/internetaddictsanonymous.org\/ro\/wp-json\/wp\/v2\/comments?post=18148"}],"version-history":[{"count":3,"href":"https:\/\/internetaddictsanonymous.org\/ro\/wp-json\/wp\/v2\/pages\/18148\/revisions"}],"predecessor-version":[{"id":18354,"href":"https:\/\/internetaddictsanonymous.org\/ro\/wp-json\/wp\/v2\/pages\/18148\/revisions\/18354"}],"up":[{"embeddable":true,"href":"https:\/\/internetaddictsanonymous.org\/ro\/wp-json\/wp\/v2\/pages\/18080"}],"wp:attachment":[{"href":"https:\/\/internetaddictsanonymous.org\/ro\/wp-json\/wp\/v2\/media?parent=18148"}],"wp:term":[{"taxonomy":"post_tag","embeddable":true,"href":"https:\/\/internetaddictsanonymous.org\/ro\/wp-json\/wp\/v2\/tags?post=18148"}],"curies":[{"name":"wp","href":"https:\/\/api.w.org\/{rel}","templated":true}]}}