{"id":18513,"date":"2024-08-20T16:29:56","date_gmt":"2024-08-20T23:29:56","guid":{"rendered":"https:\/\/internetaddictsanonymous.org\/?page_id=18513"},"modified":"2026-02-11T19:46:47","modified_gmt":"2026-02-12T03:46:47","slug":"canada-toronto","status":"publish","type":"page","link":"https:\/\/internetaddictsanonymous.org\/ro\/in-person-meetings\/canada-toronto\/","title":{"rendered":"ITAA \u00een Toronto, Canada"},"content":{"rendered":"<p>Bine a\u021bi venit la Internet and Technology Addicts Anonymous! Ne bucur\u0103m c\u0103 ne-a\u021bi g\u0103sit \u0219i sper\u0103m c\u0103 comunitatea noastr\u0103 v\u0103 poate fi la fel de util\u0103 cum a fost pentru noi.<strong> <mark style=\"background-color:rgba(0, 0, 0, 0)\" class=\"has-inline-color has-dark-gray-color\">ITAA este o comunitate \u00een doisprezece pa\u0219i format\u0103 din persoane care se sprijin\u0103 reciproc \u00een recuperarea de la dependen\u021ba de internet \u0219i tehnologie.<\/mark><\/strong> Aceasta include dependen\u021ba de social media, smartphone-uri, streaming de con\u021binut video sau audio, jocuri, \u0219tiri, pornografie, aplica\u021bii de \u00eent\u00e2lniri, cercetare online, cump\u0103r\u0103turi online sau orice alt\u0103 activitate digital\u0103 care devine compulsiv\u0103 \u0219i problematic\u0103.&nbsp;<\/p>\n\n\n\n<h3 class=\"wp-block-heading\">\u00cent\u00e2lniri \u00een Toronto, Canada<\/h3>\n\n\n\n<p>C\u00e2nd: Luni seara \u00eentre orele 19:00 \u0219i 20:00\u00a0<br>Unde: Centrul Comunitar Trinity-St. Paul, strada Bloor Vest nr. 427, \u00een sala Circles<br>Accesibilitate: Camera Cercurilor se afl\u0103 la parter \u0219i este accesibil\u0103. Pentru acces accesibil, folosi\u021bi intrarea principal\u0103 de pe strada Bloor, pe partea de nord a cl\u0103dirii.\u00a0<br>NOTE: occasionally the Circles Room is unavailable, and we host the meeting in a different room. Look for signs for ITAA or ask the front desk which room we&#8217;re in.<br>Transport public: Cea mai apropiat\u0103 sta\u021bie TTC este sta\u021bia Spadina<br>Parcare: Parcarea cu plat\u0103, inclusiv parcarea accesibil\u0103, este disponibil\u0103 vizavi, pe strada Robert, la parcarea Green P, \u00een partea de sud a magazinului alimentar Metro.<\/p>\n\n\n\n<p>Contact:<br>Ben +01&nbsp;<a href=\"tel:(647)%20779-6237\" target=\"_blank\" rel=\"noreferrer noopener\">(647) 779-6237<\/a>&nbsp;<br><a href=\"mailto:TorontoITAAmeeting@gmail.com\" target=\"_blank\" rel=\"noreferrer noopener\">TorontoITAAmeeting@gmail.com<\/a>&nbsp;<\/p>\n\n\n\n<p>Actualizare rapid\u0103:<\/p>\n\n\n\n<p>\u00cen urm\u0103toarele date ne vom \u00eent\u00e2lni la parter, \u00een sala de gr\u0103din\u0103 (cere\u021bi indica\u021bii de la personalul de la recep\u021bie):<br>26 ian.<br>23 februarie<br>2 martie<br>23 martie<br>March 30<br>27 aprilie<br>11 mai<br>25 mai<br>29 iunie<\/p>\n\n\n\n<p>Important note: There will be NO meeting on the following dates due to holiday closures.\u00a0<br>&#8211; February 16 (Family Day)<br>&#8211; May 18 (Victoria Day)\u00a0<\/p>\n\n\n\n<p>Informa\u021bii suplimentare:<br>\u2022 Nou-veni\u021bii sunt bineveni\u021bi \u2013 dac\u0103 nu ave\u021bi \u00eentreb\u0103ri, nu este nevoie s\u0103 contacta\u021bi pe nimeni \u00eenainte de a veni, pute\u021bi pur \u0219i simplu s\u0103 v\u0103 prezenta\u021bi! \ud83d\ude42&nbsp;<br>\u2022 De\u0219i ne \u00eent\u00e2lnim \u00eentr-o biseric\u0103, v\u0103 rug\u0103m s\u0103 \u0219ti\u021bi c\u0103 ITAA nu este afiliat\u0103 cu nicio religie. Fr\u0103\u021bia noastr\u0103 sus\u021bine cu t\u0103rie libertatea fiec\u0103rui membru de a se angaja \u00een orice tradi\u021bie religioas\u0103 sau lips\u0103 de tradi\u021bie religioas\u0103, a\u0219a cum este cel mai util pentru ei \u00een propriul drum spre vindecare.<br>\u2022 Aceast\u0103 \u00eent\u00e2lnire este destinat\u0103: dependen\u021bilor de internet \u0219i tehnologie, precum \u0219i oricui dore\u0219te s\u0103 aib\u0103 o problem\u0103. Nou-veni\u021bii sunt bineveni\u021bi.&nbsp;<br>\u2022 Aceast\u0103 \u00eent\u00e2lnire nu este destinat\u0103: cercet\u0103torilor, jurnali\u0219tilor sau prietenilor \u0219i familiilor dependen\u021bilor de internet \u0219i tehnologie. Dac\u0103 face\u021bi parte dintr-unul dintre aceste grupuri, v\u0103 rug\u0103m s\u0103 participa\u021bi la o \u00eent\u00e2lnire deschis\u0103 (codificat\u0103 prin culoarea mov pe)<a href=\"https:\/\/internetaddictsanonymous.org\/ro\/intalniri-online\/\"> Programul \u00eent\u00e2lnirilor online ale ITAA<\/a>) sau explora\u021bi informa\u021bii \u0219i r<a href=\"https:\/\/internetaddictsanonymous.org\/ro\/pentru-familie-si-prieteni\/\">Resurse pentru familiile \u0219i prietenii dependen\u021bilor.<\/a><\/p>\n\n\n\n<p><\/p>\n\n\n\n<h3 class=\"wp-block-heading\">Reuniuni suplimentare<\/h3>\n\n\n\n<p>Dac\u0103 sunte\u021bi nou, v\u0103 \u00eencuraj\u0103m s\u0103 \u00eencerca\u021bi s\u0103 participa\u021bi la \u0219ase \u00eent\u00e2lniri \u00eentr-o perioad\u0103 scurt\u0103 de timp pentru a vedea dac\u0103 programul nostru v\u0103 poate fi util. \u00cen plus fa\u021b\u0103 de \u00eent\u00e2lnirile noastre locale \u00een persoan\u0103, pute\u021bi, de asemenea, s\u0103 consulta\u021bi <a href=\"https:\/\/internetaddictsanonymous.org\/ro\/intalniri-in-persoana\/\">alte \u00eent\u00e2lniri \u00een persoan\u0103<\/a> \u0219i o <a href=\"https:\/\/internetaddictsanonymous.org\/ro\/intalniri-online\/\">programul complet al reuniunilor online<\/a>. Toate \u00eent\u00e2lnirile sunt complet gratuite \u0219i anonime.<\/p>\n\n\n\n<h3 class=\"wp-block-heading\"><strong>Cum func\u021bioneaz\u0103 reuniunile?<\/strong><\/h3>\n\n\n\n<p>Dac\u0103 participa\u021bi pentru prima dat\u0103 la o reuniune, nu trebuie s\u0103 fi\u021bi nervos. Majoritatea \u0219edin\u021belor noastre sunt foarte simple; fiecare \u0219edin\u021b\u0103 are un pre\u0219edinte care conduce \u0219edin\u021ba, iar majoritatea \u0219edin\u021belor dureaz\u0103 o or\u0103. Pre\u0219edintele \u0219i al\u021bi voluntari citesc c\u00e2teva declara\u021bii de deschidere, \u00eenainte de a deschide \u0219edin\u021ba pentru ca membrii s\u0103 \u00eemp\u0103rt\u0103\u0219easc\u0103. Nu exist\u0103 nicio obliga\u021bie de a \u00eemp\u0103rt\u0103\u0219i, \u0219i este \u00een regul\u0103 doar s\u0103 asculta\u021bi. Pute\u021bi s\u0103 ne spune\u021bi ce mai face\u021bi, s\u0103 v\u0103 prezenta\u021bi \u0219i ce v-a adus la ITAA sau s\u0103 pune\u021bi \u00eentreb\u0103ri. Cu excep\u021bia cazului \u00een care este solicitat de membrul care \u00eemp\u0103rt\u0103\u0219e\u0219te, nu oferim sugestii sau comentarii ca r\u0103spuns la ceea ce \u00eemp\u0103rt\u0103\u0219esc ceilal\u021bi; pur \u0219i simplu ascult\u0103m f\u0103r\u0103 a judeca. La sf\u00e2r\u0219itul orei, \u00eent\u00e2lnirea se va \u00eencheia cu c\u00e2teva declara\u021bii de \u00eencheiere, dup\u0103 care membrii discut\u0103 de obicei ocazional, pun \u00eentreb\u0103ri \u0219i fac schimb de date de contact.<\/p>\n\n\n\n<h3 class=\"wp-block-heading\">Resurse pentru dependen\u021ba de internet \u0219i tehnologie<\/h3>\n\n\n\n<p>Dac\u0103 v\u0103 \u00eentreba\u021bi dac\u0103 ave\u021bi o dependen\u021b\u0103 de internet \u0219i tehnologie, pute\u021bi consulta chestionarele noastre pentru <a href=\"https:\/\/internetaddictsanonymous.org\/ro\/dependenta-de-internet-si-tehnologie\/\">dependen\u021ba de internet<\/a>, <a href=\"https:\/\/internetaddictsanonymous.org\/ro\/dependenta-de-internet-si-tehnologie\/dependenta-de-social-media\/\">dependen\u021ba de social media<\/a>, <a href=\"https:\/\/internetaddictsanonymous.org\/ro\/dependenta-de-internet\/dependenta-de-streaming\/\">dependen\u021ba de streaming<\/a>, <a href=\"https:\/\/internetaddictsanonymous.org\/ro\/dependenta-de-internet-si-tehnologie\/dependenta-de-telefon\/\">dependen\u021ba de telefon<\/a>, sau <a href=\"https:\/\/internetaddictsanonymous.org\/ro\/dependenta-de-internet-si-tehnologie\/dependenta-de-jocuri-video\/\">dependen\u021ba de jocuri video<\/a>. De asemenea, pute\u021bi afla mai multe despre ITAA citind&nbsp;<a href=\"https:\/\/internetaddictsanonymous.org\/ro\/ghid-pentru-noii-veniti\/\">ghid pentru noii veni\u021bi<\/a>, revizuindu-ne <a href=\"https:\/\/internetaddictsanonymous.org\/ro\/resurse\/instrumente-de-recuperare\/\">instrumente de recuperare<\/a>, sau ascultarea de <a href=\"https:\/\/internetaddictsanonymous.org\/ro\/povesti-de-recuperare\/\">pove\u0219tile de recuperare ale membrilor<\/a>.<\/p>\n\n\n\n<p>ITAA nu este afiliat\u0103 la niciun program politic, religie sau interese externe. Suntem complet autosuficien\u021bi \u0219i gratui\u021bi pentru to\u021bi cei care au nevoie. Scopul nostru unic este s\u0103 ne ab\u021binem de la utilizarea compulsiv\u0103 a internetului \u0219i a tehnologiei \u0219i s\u0103 \u00eei ajut\u0103m pe al\u021bii s\u0103 se elibereze de aceast\u0103 dependen\u021b\u0103.<\/p>\n\n\n\n<p>Din nou, bine a\u021bi venit! Sper\u0103m c\u0103 aceast\u0103 comunitate v\u0103 poate oferi sprijinul de care ave\u021bi nevoie \u00een recuperarea dvs. de la dependen\u021ba de internet \u0219i tehnologie. V\u0103 rug\u0103m s\u0103 nu ezita\u021bi s\u0103 ne contacta\u021bi dac\u0103 ave\u021bi \u00eentreb\u0103ri.<\/p>\n<!-- PMB print buttons is only displayed on a single post\/page URLs-->","protected":false},"excerpt":{"rendered":"<p>Bun venit la Dependen\u021bii Anonimi de Internet \u0219i Tehnologie! Ne bucur\u0103m c\u0103 ne-a\u021bi g\u0103sit \u0219i sper\u0103m c\u0103 comunitatea noastr\u0103 v\u0103 poate fi la fel de util\u0103 a\u0219a cum ne-a fost nou\u0103. ITAA este o comunitate \u00een Doisprezece Pa\u0219i format\u0103 din persoane care se sprijin\u0103 reciproc \u00een recuperarea de dependen\u021ba de internet \u0219i tehnologie. Aceasta include dependen\u021ba de re\u021bele sociale, smartphone-uri, streaming... <a href=\"https:\/\/internetaddictsanonymous.org\/ro\/in-person-meetings\/canada-toronto\/\" class=\"more-link\">Continu\u0103 s\u0103 cite\u0219ti <span class=\"screen-reader-text\">ITAA \u00een Toronto, Canada<\/span><\/a><\/p>","protected":false},"author":35194283,"featured_media":0,"parent":148,"menu_order":0,"comment_status":"closed","ping_status":"closed","template":"full-width-page.php","meta":{"inline_featured_image":false,"_lmt_disableupdate":"","_lmt_disable":"","jetpack_post_was_ever_published":false,"footnotes":""},"tags":[],"class_list":["post-18513","page","type-page","status-publish","hentry"],"yoast_head":"<!-- This site is optimized with the Yoast SEO plugin v27.1.1 - https:\/\/yoast.com\/product\/yoast-seo-wordpress\/ -->\n<title>ITAA in Toronto, Canada &#8211; Internet and Technology Addicts Anonymous<\/title>\n<meta name=\"description\" content=\"There is interest in starting an in-person meeting in Toronto, Canada. If you are interested in attending, please reach out to the contact.\" \/>\n<meta name=\"robots\" content=\"index, follow, max-snippet:-1, max-image-preview:large, max-video-preview:-1\" \/>\n<link rel=\"canonical\" href=\"https:\/\/internetaddictsanonymous.org\/ro\/intalniri-in-persoana\/canada-toronto\/\" \/>\n<meta property=\"og:locale\" content=\"ro_RO\" \/>\n<meta property=\"og:type\" content=\"article\" \/>\n<meta property=\"og:title\" content=\"ITAA in Toronto, Canada &#8211; Internet and Technology Addicts Anonymous\" \/>\n<meta property=\"og:description\" content=\"There is interest in starting an in-person meeting in Toronto, Canada. If you are interested in attending, please reach out to the contact.\" \/>\n<meta property=\"og:url\" content=\"https:\/\/internetaddictsanonymous.org\/ro\/intalniri-in-persoana\/canada-toronto\/\" \/>\n<meta property=\"og:site_name\" content=\"Internet and Technology Addicts Anonymous\" \/>\n<meta property=\"article:modified_time\" content=\"2026-02-12T03:46:47+00:00\" \/>\n<meta name=\"twitter:card\" content=\"summary_large_image\" \/>\n<meta name=\"twitter:label1\" content=\"Timp estimat pentru citire\" \/>\n\t<meta name=\"twitter:data1\" content=\"4 minute\" \/>\n<script type=\"application\/ld+json\" class=\"yoast-schema-graph\">{\"@context\":\"https:\/\/schema.org\",\"@graph\":[{\"@type\":\"WebPage\",\"@id\":\"https:\/\/internetaddictsanonymous.org\/in-person-meetings\/canada-toronto\/\",\"url\":\"https:\/\/internetaddictsanonymous.org\/in-person-meetings\/canada-toronto\/\",\"name\":\"ITAA in Toronto, Canada &#8211; Internet and Technology Addicts Anonymous\",\"isPartOf\":{\"@id\":\"https:\/\/internetaddictsanonymous.org\/#website\"},\"datePublished\":\"2024-08-20T23:29:56+00:00\",\"dateModified\":\"2026-02-12T03:46:47+00:00\",\"description\":\"There is interest in starting an in-person meeting in Toronto, Canada. If you are interested in attending, please reach out to the contact.\",\"breadcrumb\":{\"@id\":\"https:\/\/internetaddictsanonymous.org\/in-person-meetings\/canada-toronto\/#breadcrumb\"},\"inLanguage\":\"ro-RO\",\"potentialAction\":[{\"@type\":\"ReadAction\",\"target\":[\"https:\/\/internetaddictsanonymous.org\/in-person-meetings\/canada-toronto\/\"]}]},{\"@type\":\"BreadcrumbList\",\"@id\":\"https:\/\/internetaddictsanonymous.org\/in-person-meetings\/canada-toronto\/#breadcrumb\",\"itemListElement\":[{\"@type\":\"ListItem\",\"position\":1,\"name\":\"Home\",\"item\":\"https:\/\/internetaddictsanonymous.org\/\"},{\"@type\":\"ListItem\",\"position\":2,\"name\":\"In-Person Meetings\",\"item\":\"https:\/\/internetaddictsanonymous.org\/in-person-meetings\/\"},{\"@type\":\"ListItem\",\"position\":3,\"name\":\"ITAA in Toronto, Canada\"}]},{\"@type\":\"WebSite\",\"@id\":\"https:\/\/internetaddictsanonymous.org\/#website\",\"url\":\"https:\/\/internetaddictsanonymous.org\/\",\"name\":\"Internet and Technology Addicts Anonymous\",\"description\":\"Worldwide 12-step Fellowship for Internet and Technology Addiction\",\"publisher\":{\"@id\":\"https:\/\/internetaddictsanonymous.org\/#organization\"},\"potentialAction\":[{\"@type\":\"SearchAction\",\"target\":{\"@type\":\"EntryPoint\",\"urlTemplate\":\"https:\/\/internetaddictsanonymous.org\/?s={search_term_string}\"},\"query-input\":{\"@type\":\"PropertyValueSpecification\",\"valueRequired\":true,\"valueName\":\"search_term_string\"}}],\"inLanguage\":\"ro-RO\"},{\"@type\":\"Organization\",\"@id\":\"https:\/\/internetaddictsanonymous.org\/#organization\",\"name\":\"Internet and Technology Addicts Anonymous\",\"url\":\"https:\/\/internetaddictsanonymous.org\/\",\"logo\":{\"@type\":\"ImageObject\",\"inLanguage\":\"ro-RO\",\"@id\":\"https:\/\/internetaddictsanonymous.org\/#\/schema\/logo\/image\/\",\"url\":\"https:\/\/internetaddictsanonymous.org\/wp-content\/uploads\/2023\/01\/cropped-ITAA-logo-480px.png\",\"contentUrl\":\"https:\/\/internetaddictsanonymous.org\/wp-content\/uploads\/2023\/01\/cropped-ITAA-logo-480px.png\",\"width\":480,\"height\":480,\"caption\":\"Internet and Technology Addicts Anonymous\"},\"image\":{\"@id\":\"https:\/\/internetaddictsanonymous.org\/#\/schema\/logo\/image\/\"}}]}<\/script>\n<!-- \/ Yoast SEO plugin. -->","yoast_head_json":{"title":"ITAA \u00een Toronto, Canada \u2013 Dependen\u021bi de Internet \u0219i Tehnologie Anonimi","description":"Exist\u0103 interes pentru \u00eenceperea unei \u00eent\u00e2lniri fa\u021b\u0103 \u00een fa\u021b\u0103 \u00een Toronto, Canada. Dac\u0103 sunte\u021bi interesat s\u0103 participa\u021bi, v\u0103 rug\u0103m s\u0103 contacta\u021bi persoana de contact.","robots":{"index":"index","follow":"follow","max-snippet":"max-snippet:-1","max-image-preview":"max-image-preview:large","max-video-preview":"max-video-preview:-1"},"canonical":"https:\/\/internetaddictsanonymous.org\/ro\/intalniri-in-persoana\/canada-toronto\/","og_locale":"ro_RO","og_type":"article","og_title":"ITAA in Toronto, Canada &#8211; Internet and Technology Addicts Anonymous","og_description":"There is interest in starting an in-person meeting in Toronto, Canada. If you are interested in attending, please reach out to the contact.","og_url":"https:\/\/internetaddictsanonymous.org\/ro\/intalniri-in-persoana\/canada-toronto\/","og_site_name":"Internet and Technology Addicts Anonymous","article_modified_time":"2026-02-12T03:46:47+00:00","twitter_card":"summary_large_image","twitter_misc":{"Timp estimat pentru citire":"4 minute"},"schema":{"@context":"https:\/\/schema.org","@graph":[{"@type":"WebPage","@id":"https:\/\/internetaddictsanonymous.org\/in-person-meetings\/canada-toronto\/","url":"https:\/\/internetaddictsanonymous.org\/in-person-meetings\/canada-toronto\/","name":"ITAA \u00een Toronto, Canada \u2013 Dependen\u021bi de Internet \u0219i Tehnologie Anonimi","isPartOf":{"@id":"https:\/\/internetaddictsanonymous.org\/#website"},"datePublished":"2024-08-20T23:29:56+00:00","dateModified":"2026-02-12T03:46:47+00:00","description":"Exist\u0103 interes pentru \u00eenceperea unei \u00eent\u00e2lniri fa\u021b\u0103 \u00een fa\u021b\u0103 \u00een Toronto, Canada. Dac\u0103 sunte\u021bi interesat s\u0103 participa\u021bi, v\u0103 rug\u0103m s\u0103 contacta\u021bi persoana de contact.","breadcrumb":{"@id":"https:\/\/internetaddictsanonymous.org\/in-person-meetings\/canada-toronto\/#breadcrumb"},"inLanguage":"ro-RO","potentialAction":[{"@type":"ReadAction","target":["https:\/\/internetaddictsanonymous.org\/in-person-meetings\/canada-toronto\/"]}]},{"@type":"BreadcrumbList","@id":"https:\/\/internetaddictsanonymous.org\/in-person-meetings\/canada-toronto\/#breadcrumb","itemListElement":[{"@type":"ListItem","position":1,"name":"Home","item":"https:\/\/internetaddictsanonymous.org\/"},{"@type":"ListItem","position":2,"name":"In-Person Meetings","item":"https:\/\/internetaddictsanonymous.org\/in-person-meetings\/"},{"@type":"ListItem","position":3,"name":"ITAA in Toronto, Canada"}]},{"@type":"WebSite","@id":"https:\/\/internetaddictsanonymous.org\/#website","url":"https:\/\/internetaddictsanonymous.org\/","name":"Dependen\u021bii de Internet \u0219i Tehnologie Anonimi","description":"Fr\u0103\u021bie mondial\u0103 \u00een 12 pa\u0219i pentru dependen\u021ba de internet \u0219i tehnologie","publisher":{"@id":"https:\/\/internetaddictsanonymous.org\/#organization"},"potentialAction":[{"@type":"SearchAction","target":{"@type":"EntryPoint","urlTemplate":"https:\/\/internetaddictsanonymous.org\/?s={search_term_string}"},"query-input":{"@type":"PropertyValueSpecification","valueRequired":true,"valueName":"search_term_string"}}],"inLanguage":"ro-RO"},{"@type":"Organization","@id":"https:\/\/internetaddictsanonymous.org\/#organization","name":"Dependen\u021bii de Internet \u0219i Tehnologie Anonimi","url":"https:\/\/internetaddictsanonymous.org\/","logo":{"@type":"ImageObject","inLanguage":"ro-RO","@id":"https:\/\/internetaddictsanonymous.org\/#\/schema\/logo\/image\/","url":"https:\/\/internetaddictsanonymous.org\/wp-content\/uploads\/2023\/01\/cropped-ITAA-logo-480px.png","contentUrl":"https:\/\/internetaddictsanonymous.org\/wp-content\/uploads\/2023\/01\/cropped-ITAA-logo-480px.png","width":480,"height":480,"caption":"Internet and Technology Addicts Anonymous"},"image":{"@id":"https:\/\/internetaddictsanonymous.org\/#\/schema\/logo\/image\/"}}]}},"jetpack_sharing_enabled":true,"jetpack_shortlink":"https:\/\/wp.me\/P9Fwob-4OB","_links":{"self":[{"href":"https:\/\/internetaddictsanonymous.org\/ro\/wp-json\/wp\/v2\/pages\/18513","targetHints":{"allow":["GET"]}}],"collection":[{"href":"https:\/\/internetaddictsanonymous.org\/ro\/wp-json\/wp\/v2\/pages"}],"about":[{"href":"https:\/\/internetaddictsanonymous.org\/ro\/wp-json\/wp\/v2\/types\/page"}],"author":[{"embeddable":true,"href":"https:\/\/internetaddictsanonymous.org\/ro\/wp-json\/wp\/v2\/users\/35194283"}],"replies":[{"embeddable":true,"href":"https:\/\/internetaddictsanonymous.org\/ro\/wp-json\/wp\/v2\/comments?post=18513"}],"version-history":[{"count":21,"href":"https:\/\/internetaddictsanonymous.org\/ro\/wp-json\/wp\/v2\/pages\/18513\/revisions"}],"predecessor-version":[{"id":21019,"href":"https:\/\/internetaddictsanonymous.org\/ro\/wp-json\/wp\/v2\/pages\/18513\/revisions\/21019"}],"up":[{"embeddable":true,"href":"https:\/\/internetaddictsanonymous.org\/ro\/wp-json\/wp\/v2\/pages\/148"}],"wp:attachment":[{"href":"https:\/\/internetaddictsanonymous.org\/ro\/wp-json\/wp\/v2\/media?parent=18513"}],"wp:term":[{"taxonomy":"post_tag","embeddable":true,"href":"https:\/\/internetaddictsanonymous.org\/ro\/wp-json\/wp\/v2\/tags?post=18513"}],"curies":[{"name":"wp","href":"https:\/\/api.w.org\/{rel}","templated":true}]}}