{"id":20028,"date":"2025-06-13T18:24:15","date_gmt":"2025-06-14T01:24:15","guid":{"rendered":"https:\/\/internetaddictsanonymous.org\/?page_id=20028"},"modified":"2026-04-27T05:09:29","modified_gmt":"2026-04-27T12:09:29","slug":"sua-pennsylvania","status":"publish","type":"page","link":"https:\/\/internetaddictsanonymous.org\/ro\/in-person-meetings\/us-pa\/","title":{"rendered":"ITAA \u00een Pennsylvania, SUA"},"content":{"rendered":"<p>Bine a\u021bi venit la Internet and Technology Addicts Anonymous! Ne bucur\u0103m c\u0103 ne-a\u021bi g\u0103sit \u0219i sper\u0103m c\u0103 comunitatea noastr\u0103 v\u0103 poate fi la fel de util\u0103 cum a fost pentru noi.<strong> <mark style=\"background-color:rgba(0, 0, 0, 0)\" class=\"has-inline-color has-dark-gray-color\">ITAA este o comunitate \u00een doisprezece pa\u0219i format\u0103 din persoane care se sprijin\u0103 reciproc \u00een recuperarea de la dependen\u021ba de internet \u0219i tehnologie.<\/mark><\/strong> Aceasta include dependen\u021ba de social media, smartphone-uri, streaming de con\u021binut video sau audio, jocuri, \u0219tiri, pornografie, aplica\u021bii de \u00eent\u00e2lniri, cercetare online, cump\u0103r\u0103turi online sau orice alt\u0103 activitate digital\u0103 care devine compulsiv\u0103 \u0219i problematic\u0103.&nbsp;<\/p>\n\n\n\n<h3 class=\"wp-block-heading\">\u00cent\u00e2lnirile ITAA din Philadelphia<\/h3>\n\n\n\n<h5 class=\"wp-block-heading\">Mar\u021bea \u00een Philadelphia<\/h5>\n\n\n\n<p>C\u00e2nd: \u00cen fiecare mar\u021bi, \u00eentre orele 18:00 \u0219i 19:00 ET<br>Unde: 1904 Walnut St, Philadelphia, Pa, 19103, Statele Unite (camera de la subsol, intrare pe sc\u0103rile laterale ale cl\u0103dirii, exist\u0103 parcare cu plat\u0103 \u00een pia\u021ba Rittenhouse)<br>Contact:&nbsp;&nbsp;<a href=\"mailto:julian.philly.anon@gmail.com\" target=\"_blank\" rel=\"noreferrer noopener\">julian.philly.anon@gmail.com<\/a><\/p>\n\n\n\n<h5 class=\"wp-block-heading\">Duminicile \u00een Philadelphia<\/h5>\n\n\n\n<p>C\u00e2nd: \u00cen fiecare duminic\u0103, la ora 18:00 ET<br>Unde: Hope on Girard la adresa 126 W Girard Ave, Philadelphia, PA 19123<br>Contact:&nbsp;<a href=\"mailto:julian.philly.anon@gmail.com\">julian.philly.anon@gmail.com<\/a><\/p>\n\n\n\n<h3 class=\"wp-block-heading\">\u00cent\u00e2lnirile ITAA din Pittsburgh<\/h3>\n\n\n\n<p><strong>**\u00cent\u00e2lnirea noastr\u0103 fa\u021b\u0103 \u00een fa\u021b\u0103 este suspendat\u0103 temporar p\u00e2n\u0103 c\u00e2nd vom g\u0103si o nou\u0103 loca\u021bie pentru a g\u0103zdui \u00eent\u00e2lnirile. Membrii interesa\u021bi s\u0103 participe la \u00eent\u00e2lnirea noastr\u0103 sau care doresc mai multe informa\u021bii ne pot contacta la\u00a0<a href=\"mailto:itaapgh@gmail.com\" target=\"_blank\" rel=\"noreferrer noopener\">itaapgh@gmail.com<\/a>; doar \u00eent\u00e2lnirea online este activ\u0103.**<\/strong><\/p>\n\n\n\n<p>Aceast\u0103 \u00eent\u00e2lnire este deschis\u0103 at\u00e2t utilizatorilor de yinzer, c\u00e2t \u0219i celor care nu sunt yinzer! \u00cei primim cu bra\u021bele deschise pe to\u021bi nou-veni\u021bii, at\u00e2t online, c\u00e2t \u0219i \u00een persoan\u0103.<\/p>\n\n\n\n<p>Primele zece minute ale \u00eent\u00e2lnirii le petrecem citind un pasaj din literatura relevant\u0103 ITAA sau din literatura util\u0103 din alte asocia\u021bii. Ulterior, membrii sunt liberi s\u0103 \u00eemp\u0103rt\u0103\u0219easc\u0103 informa\u021bii pe baza subiectelor din lectur\u0103 sau a oric\u0103ror alte subiecte care le trec prin minte. V\u0103 pute\u021bi face o idee despre \u00eent\u00e2lnirea noastr\u0103 citind scenariul:&nbsp;<a href=\"https:\/\/docs.google.com\/document\/d\/1bOl-GhM5JprCjBFRgxwLGLRVMc9jw6iic5HvaZYZmA4\/edit?usp=sharing\" rel=\"noreferrer noopener\" target=\"_blank\">https:\/\/docs.google.com\/document\/d\/1bOl-GhM5JprCjBFRgxwLGLRVMc9jw6iic5HvaZYZmA4\/edit?usp=sharing<\/a><\/p>\n\n\n\n<p>**Pentru participan\u021bii no\u0219tri care vin \u00een persoan\u0103:** Al\u0103tura\u021bi-v\u0103 nou\u0103 s\u00e2mb\u0103ta, \u00eentre orele 10:30 \u0219i 11:30, la Biblioteca Carnegie din East Liberty (30 S Whitfield St, Pittsburgh, PA 15206). Exist\u0103 locuri de parcare accesibile pe strad\u0103 pe S. Whitfield, precum \u0219i o parcare public\u0103 cu parcare taxat\u0103 pe Tamello Way.<\/p>\n\n\n\n<p>Din cauza volumului mare de rezerv\u0103ri de camere la aceast\u0103 bibliotec\u0103, nu putem rezerva aceea\u0219i camer\u0103 \u00een fiecare s\u0103pt\u0103m\u00e2n\u0103. **V\u0103 rug\u0103m s\u0103 verifica\u021bi acest program (**<a href=\"https:\/\/docs.google.com\/document\/d\/1_vvbqWKAcQC7RUSR2b0GppT6EcJQo-2Xbusk6wYbtfQ\/edit?usp=sharing\" rel=\"noreferrer noopener\" target=\"_blank\">https:\/\/docs.google.com\/document\/d\/1_vvbqWKAcQC7RUSR2b0GppT6EcJQo-2Xbusk6wYbtfQ\/edit?usp=sharing<\/a>) pentru informa\u021bii precise despre orice modific\u0103ri ale s\u0103lii\/loca\u021biei sau anul\u0103ri ale \u00eent\u00e2lnirilor.**<\/p>\n\n\n\n<p>Dac\u0103 dori\u021bi s\u0103 fi\u021bi la curent cu orice modific\u0103ri ale orei sau loca\u021biei \u00eent\u00e2lnirii noastre, v\u0103 rug\u0103m s\u0103 trimite\u021bi un e-mail la&nbsp;<a href=\"mailto:itaapgh@gmail.com\" target=\"_blank\" rel=\"noreferrer noopener\">itaapgh@gmail.com<\/a>, \u0219i v\u0103 vom ad\u0103uga pe lista noastr\u0103 de e-mailuri. De asemenea, nu ezita\u021bi s\u0103 ne trimite\u021bi un mesaj dac\u0103 ave\u021bi \u00eentreb\u0103ri.<\/p>\n\n\n\n<p><strong>De asemenea, ne \u00eent\u00e2lnim virtual la aceast\u0103 or\u0103 pe Zoom, \u00een&nbsp;<a href=\"https:\/\/us02web.zoom.us\/j\/6716765473?pwd=cHBQVFZ4NEM5dldDdy9wUDAyL3Fydz09\">Camera de recuperare<\/a><br>ID \u00eent\u00e2lnire: 671 676 5473<br>Codul de acces: 12<\/strong><\/p>\n\n\n\n<h3 class=\"wp-block-heading\">Reuniuni suplimentare<\/h3>\n\n\n\n<p>Dac\u0103 sunte\u021bi nou, v\u0103 \u00eencuraj\u0103m s\u0103 \u00eencerca\u021bi s\u0103 participa\u021bi la \u0219ase \u00eent\u00e2lniri \u00eentr-o perioad\u0103 scurt\u0103 de timp pentru a vedea dac\u0103 programul nostru v\u0103 poate fi util. \u00cen plus fa\u021b\u0103 de \u00eent\u00e2lnirile noastre locale \u00een persoan\u0103, pute\u021bi, de asemenea, s\u0103 consulta\u021bi <a href=\"https:\/\/internetaddictsanonymous.org\/ro\/intalniri-in-persoana\/\">alte \u00eent\u00e2lniri \u00een persoan\u0103<\/a> \u0219i o <a href=\"https:\/\/internetaddictsanonymous.org\/ro\/intalniri-online\/\">programul complet al reuniunilor online<\/a>. Toate \u00eent\u00e2lnirile sunt complet gratuite \u0219i anonime.<\/p>\n\n\n\n<h3 class=\"wp-block-heading\"><strong>Cum func\u021bioneaz\u0103 reuniunile?<\/strong><\/h3>\n\n\n\n<p>Dac\u0103 participa\u021bi pentru prima dat\u0103 la o reuniune, nu trebuie s\u0103 fi\u021bi nervos. Majoritatea \u0219edin\u021belor noastre sunt foarte simple; fiecare \u0219edin\u021b\u0103 are un pre\u0219edinte care conduce \u0219edin\u021ba, iar majoritatea \u0219edin\u021belor dureaz\u0103 o or\u0103. Pre\u0219edintele \u0219i al\u021bi voluntari citesc c\u00e2teva declara\u021bii de deschidere, \u00eenainte de a deschide \u0219edin\u021ba pentru ca membrii s\u0103 \u00eemp\u0103rt\u0103\u0219easc\u0103. Nu exist\u0103 nicio obliga\u021bie de a \u00eemp\u0103rt\u0103\u0219i, \u0219i este \u00een regul\u0103 doar s\u0103 asculta\u021bi. Dac\u0103 v\u0103 sim\u021bi\u021bi confortabil, v\u0103 pute\u021bi prezenta \u0219i \u00eemp\u0103rt\u0103\u0219i ce v-a adus la ITAA. Cu excep\u021bia cazului \u00een care este solicitat de membrul care \u00eemp\u0103rt\u0103\u0219e\u0219te, nu oferim sugestii sau comentarii ca r\u0103spuns la ceea ce \u00eemp\u0103rt\u0103\u0219esc ceilal\u021bi; pur \u0219i simplu ascult\u0103m f\u0103r\u0103 a judeca. La sf\u00e2r\u0219itul orei, \u00eent\u00e2lnirea se va \u00eencheia cu c\u00e2teva declara\u021bii de \u00eencheiere, dup\u0103 care membrii obi\u0219nuiesc s\u0103 discute ocazional, s\u0103 pun\u0103 \u00eentreb\u0103ri \u0219i s\u0103 fac\u0103 schimb de date de contact.<\/p>\n\n\n\n<h3 class=\"wp-block-heading\">Resurse pentru dependen\u021ba de internet \u0219i tehnologie<\/h3>\n\n\n\n<p>Dac\u0103 v\u0103 \u00eentreba\u021bi dac\u0103 ave\u021bi o dependen\u021b\u0103 de internet \u0219i tehnologie, pute\u021bi consulta chestionarele noastre pentru <a href=\"https:\/\/internetaddictsanonymous.org\/ro\/dependenta-de-internet-si-tehnologie\/\">dependen\u021ba de internet<\/a>, <a href=\"https:\/\/internetaddictsanonymous.org\/ro\/dependenta-de-internet-si-tehnologie\/dependenta-de-social-media\/\">dependen\u021ba de social media<\/a>, <a href=\"https:\/\/internetaddictsanonymous.org\/ro\/dependenta-de-internet\/dependenta-de-streaming\/\">dependen\u021ba de streaming<\/a>, <a href=\"https:\/\/internetaddictsanonymous.org\/ro\/dependenta-de-internet-si-tehnologie\/dependenta-de-telefon\/\">dependen\u021ba de telefon<\/a>, sau <a href=\"https:\/\/internetaddictsanonymous.org\/ro\/dependenta-de-internet-si-tehnologie\/dependenta-de-jocuri-video\/\">dependen\u021ba de jocuri video<\/a>. De asemenea, pute\u021bi afla mai multe despre ITAA citind&nbsp;<a href=\"https:\/\/internetaddictsanonymous.org\/ro\/ghid-pentru-noii-veniti\/\">ghid pentru noii veni\u021bi<\/a>, revizuindu-ne <a href=\"https:\/\/internetaddictsanonymous.org\/ro\/resurse\/instrumente-de-recuperare\/\">instrumente de recuperare<\/a>, sau ascultarea de <a href=\"https:\/\/internetaddictsanonymous.org\/ro\/povesti-de-recuperare\/\">pove\u0219tile de recuperare ale membrilor<\/a>.<\/p>\n\n\n\n<p>ITAA nu este afiliat\u0103 la niciun program politic, religie sau interese externe. Suntem complet autosuficien\u021bi \u0219i gratui\u021bi pentru to\u021bi cei care au nevoie. Scopul nostru unic este s\u0103 ne ab\u021binem de la utilizarea compulsiv\u0103 a internetului \u0219i a tehnologiei \u0219i s\u0103 \u00eei ajut\u0103m pe al\u021bii s\u0103 se elibereze de aceast\u0103 dependen\u021b\u0103.<\/p>\n\n\n\n<p>Din nou, bine a\u021bi venit! Sper\u0103m c\u0103 aceast\u0103 comunitate v\u0103 poate oferi sprijinul de care ave\u021bi nevoie \u00een recuperarea dvs. de la dependen\u021ba de internet \u0219i tehnologie. V\u0103 rug\u0103m s\u0103 nu ezita\u021bi s\u0103 ne contacta\u021bi dac\u0103 ave\u021bi \u00eentreb\u0103ri.<\/p>\n<!-- PMB print buttons is only displayed on a single post\/page URLs-->","protected":false},"excerpt":{"rendered":"<p>Bun venit la Dependen\u021bii Anonimi de Internet \u0219i Tehnologie! Ne bucur\u0103m c\u0103 ne-a\u021bi g\u0103sit \u0219i sper\u0103m c\u0103 comunitatea noastr\u0103 v\u0103 poate fi la fel de util\u0103 a\u0219a cum ne-a fost nou\u0103. ITAA este o comunitate \u00een Doisprezece Pa\u0219i format\u0103 din persoane care se sprijin\u0103 reciproc \u00een recuperarea de dependen\u021ba de internet \u0219i tehnologie. Aceasta include dependen\u021ba de re\u021bele sociale, smartphone-uri, streaming... <a href=\"https:\/\/internetaddictsanonymous.org\/ro\/in-person-meetings\/us-pa\/\" class=\"more-link\">Continu\u0103 s\u0103 cite\u0219ti <span class=\"screen-reader-text\">ITAA \u00een Pennsylvania, SUA<\/span><\/a><\/p>","protected":false},"author":35194291,"featured_media":0,"parent":148,"menu_order":0,"comment_status":"closed","ping_status":"closed","template":"full-width-page.php","meta":{"inline_featured_image":false,"_lmt_disableupdate":"","_lmt_disable":"","footnotes":""},"tags":[655524913,307668,655524904,655524910,655524905,655524900,534293,1410996],"class_list":["post-20028","page","type-page","status-publish","hentry","tag-12-steps","tag-internet-addiction","tag-internet-addicts-anonymous","tag-meeting-times","tag-mindful-internet-use","tag-smartphone-addiction","tag-support-group","tag-technology-addiction"],"yoast_head":"<!-- This site is optimized with the Yoast SEO plugin v27.5 - https:\/\/yoast.com\/product\/yoast-seo-wordpress\/ -->\n<title>ITAA in Pennsylvania, US &#8211; Internet and Technology Addicts Anonymous<\/title>\n<meta name=\"robots\" content=\"index, follow, max-snippet:-1, max-image-preview:large, max-video-preview:-1\" \/>\n<link rel=\"canonical\" href=\"https:\/\/internetaddictsanonymous.org\/ro\/intalniri-in-persoana\/sua-pennsylvania\/\" \/>\n<meta property=\"og:locale\" content=\"ro_RO\" \/>\n<meta property=\"og:type\" content=\"article\" \/>\n<meta property=\"og:title\" content=\"ITAA in Pennsylvania, US &#8211; Internet and Technology Addicts Anonymous\" \/>\n<meta property=\"og:description\" content=\"Welcome to Internet and Technology Addicts Anonymous! We\u2019re glad you\u2019ve found us, and we hope our community can be as helpful to you as it has been for us. ITAA is a Twelve-Step fellowship of individuals who support each other in recovering from internet and technology addiction. This includes addiction to social media, smartphones, streaming &hellip; Continu\u0103 s\u0103 cite\u0219ti ITAA in Pennsylvania, US\" \/>\n<meta property=\"og:url\" content=\"https:\/\/internetaddictsanonymous.org\/ro\/intalniri-in-persoana\/sua-pennsylvania\/\" \/>\n<meta property=\"og:site_name\" content=\"Internet and Technology Addicts Anonymous\" \/>\n<meta property=\"article:modified_time\" content=\"2026-04-27T12:09:29+00:00\" \/>\n<meta name=\"twitter:card\" content=\"summary_large_image\" \/>\n<meta name=\"twitter:label1\" content=\"Timp estimat pentru citire\" \/>\n\t<meta name=\"twitter:data1\" content=\"4 minute\" \/>\n<script type=\"application\/ld+json\" class=\"yoast-schema-graph\">{\"@context\":\"https:\\\/\\\/schema.org\",\"@graph\":[{\"@type\":\"WebPage\",\"@id\":\"https:\\\/\\\/internetaddictsanonymous.org\\\/in-person-meetings\\\/us-pa\\\/\",\"url\":\"https:\\\/\\\/internetaddictsanonymous.org\\\/in-person-meetings\\\/us-pa\\\/\",\"name\":\"ITAA in Pennsylvania, US &#8211; Internet and Technology Addicts Anonymous\",\"isPartOf\":{\"@id\":\"https:\\\/\\\/internetaddictsanonymous.org\\\/#website\"},\"datePublished\":\"2025-06-14T01:24:15+00:00\",\"dateModified\":\"2026-04-27T12:09:29+00:00\",\"breadcrumb\":{\"@id\":\"https:\\\/\\\/internetaddictsanonymous.org\\\/in-person-meetings\\\/us-pa\\\/#breadcrumb\"},\"inLanguage\":\"ro-RO\",\"potentialAction\":[{\"@type\":\"ReadAction\",\"target\":[\"https:\\\/\\\/internetaddictsanonymous.org\\\/in-person-meetings\\\/us-pa\\\/\"]}]},{\"@type\":\"BreadcrumbList\",\"@id\":\"https:\\\/\\\/internetaddictsanonymous.org\\\/in-person-meetings\\\/us-pa\\\/#breadcrumb\",\"itemListElement\":[{\"@type\":\"ListItem\",\"position\":1,\"name\":\"Home\",\"item\":\"https:\\\/\\\/internetaddictsanonymous.org\\\/\"},{\"@type\":\"ListItem\",\"position\":2,\"name\":\"In-Person Meetings\",\"item\":\"https:\\\/\\\/internetaddictsanonymous.org\\\/in-person-meetings\\\/\"},{\"@type\":\"ListItem\",\"position\":3,\"name\":\"ITAA in Pennsylvania, US\"}]},{\"@type\":\"WebSite\",\"@id\":\"https:\\\/\\\/internetaddictsanonymous.org\\\/#website\",\"url\":\"https:\\\/\\\/internetaddictsanonymous.org\\\/\",\"name\":\"Internet and Technology Addicts Anonymous\",\"description\":\"Worldwide 12-step Fellowship for Internet and Technology Addiction\",\"publisher\":{\"@id\":\"https:\\\/\\\/internetaddictsanonymous.org\\\/#organization\"},\"potentialAction\":[{\"@type\":\"SearchAction\",\"target\":{\"@type\":\"EntryPoint\",\"urlTemplate\":\"https:\\\/\\\/internetaddictsanonymous.org\\\/?s={search_term_string}\"},\"query-input\":{\"@type\":\"PropertyValueSpecification\",\"valueRequired\":true,\"valueName\":\"search_term_string\"}}],\"inLanguage\":\"ro-RO\"},{\"@type\":\"Organization\",\"@id\":\"https:\\\/\\\/internetaddictsanonymous.org\\\/#organization\",\"name\":\"Internet and Technology Addicts Anonymous\",\"url\":\"https:\\\/\\\/internetaddictsanonymous.org\\\/\",\"logo\":{\"@type\":\"ImageObject\",\"inLanguage\":\"ro-RO\",\"@id\":\"https:\\\/\\\/internetaddictsanonymous.org\\\/#\\\/schema\\\/logo\\\/image\\\/\",\"url\":\"https:\\\/\\\/internetaddictsanonymous.org\\\/wp-content\\\/uploads\\\/2023\\\/01\\\/cropped-ITAA-logo-480px.png\",\"contentUrl\":\"https:\\\/\\\/internetaddictsanonymous.org\\\/wp-content\\\/uploads\\\/2023\\\/01\\\/cropped-ITAA-logo-480px.png\",\"width\":480,\"height\":480,\"caption\":\"Internet and Technology Addicts Anonymous\"},\"image\":{\"@id\":\"https:\\\/\\\/internetaddictsanonymous.org\\\/#\\\/schema\\\/logo\\\/image\\\/\"}}]}<\/script>\n<!-- \/ Yoast SEO plugin. -->","yoast_head_json":{"title":"ITAA \u00een Pennsylvania, SUA \u2013 Dependen\u021bii de Internet \u0219i Tehnologie Anonimi","robots":{"index":"index","follow":"follow","max-snippet":"max-snippet:-1","max-image-preview":"max-image-preview:large","max-video-preview":"max-video-preview:-1"},"canonical":"https:\/\/internetaddictsanonymous.org\/ro\/intalniri-in-persoana\/sua-pennsylvania\/","og_locale":"ro_RO","og_type":"article","og_title":"ITAA in Pennsylvania, US &#8211; Internet and Technology Addicts Anonymous","og_description":"Welcome to Internet and Technology Addicts Anonymous! We\u2019re glad you\u2019ve found us, and we hope our community can be as helpful to you as it has been for us. ITAA is a Twelve-Step fellowship of individuals who support each other in recovering from internet and technology addiction. This includes addiction to social media, smartphones, streaming &hellip; Continu\u0103 s\u0103 cite\u0219ti ITAA in Pennsylvania, US","og_url":"https:\/\/internetaddictsanonymous.org\/ro\/intalniri-in-persoana\/sua-pennsylvania\/","og_site_name":"Internet and Technology Addicts Anonymous","article_modified_time":"2026-04-27T12:09:29+00:00","twitter_card":"summary_large_image","twitter_misc":{"Timp estimat pentru citire":"4 minute"},"schema":{"@context":"https:\/\/schema.org","@graph":[{"@type":"WebPage","@id":"https:\/\/internetaddictsanonymous.org\/in-person-meetings\/us-pa\/","url":"https:\/\/internetaddictsanonymous.org\/in-person-meetings\/us-pa\/","name":"ITAA \u00een Pennsylvania, SUA \u2013 Dependen\u021bii de Internet \u0219i Tehnologie Anonimi","isPartOf":{"@id":"https:\/\/internetaddictsanonymous.org\/#website"},"datePublished":"2025-06-14T01:24:15+00:00","dateModified":"2026-04-27T12:09:29+00:00","breadcrumb":{"@id":"https:\/\/internetaddictsanonymous.org\/in-person-meetings\/us-pa\/#breadcrumb"},"inLanguage":"ro-RO","potentialAction":[{"@type":"ReadAction","target":["https:\/\/internetaddictsanonymous.org\/in-person-meetings\/us-pa\/"]}]},{"@type":"BreadcrumbList","@id":"https:\/\/internetaddictsanonymous.org\/in-person-meetings\/us-pa\/#breadcrumb","itemListElement":[{"@type":"ListItem","position":1,"name":"Home","item":"https:\/\/internetaddictsanonymous.org\/"},{"@type":"ListItem","position":2,"name":"In-Person Meetings","item":"https:\/\/internetaddictsanonymous.org\/in-person-meetings\/"},{"@type":"ListItem","position":3,"name":"ITAA in Pennsylvania, US"}]},{"@type":"WebSite","@id":"https:\/\/internetaddictsanonymous.org\/#website","url":"https:\/\/internetaddictsanonymous.org\/","name":"Dependen\u021bii de Internet \u0219i Tehnologie Anonimi","description":"Fr\u0103\u021bie mondial\u0103 \u00een 12 pa\u0219i pentru dependen\u021ba de internet \u0219i tehnologie","publisher":{"@id":"https:\/\/internetaddictsanonymous.org\/#organization"},"potentialAction":[{"@type":"SearchAction","target":{"@type":"EntryPoint","urlTemplate":"https:\/\/internetaddictsanonymous.org\/?s={search_term_string}"},"query-input":{"@type":"PropertyValueSpecification","valueRequired":true,"valueName":"search_term_string"}}],"inLanguage":"ro-RO"},{"@type":"Organization","@id":"https:\/\/internetaddictsanonymous.org\/#organization","name":"Dependen\u021bii de Internet \u0219i Tehnologie Anonimi","url":"https:\/\/internetaddictsanonymous.org\/","logo":{"@type":"ImageObject","inLanguage":"ro-RO","@id":"https:\/\/internetaddictsanonymous.org\/#\/schema\/logo\/image\/","url":"https:\/\/internetaddictsanonymous.org\/wp-content\/uploads\/2023\/01\/cropped-ITAA-logo-480px.png","contentUrl":"https:\/\/internetaddictsanonymous.org\/wp-content\/uploads\/2023\/01\/cropped-ITAA-logo-480px.png","width":480,"height":480,"caption":"Internet and Technology Addicts Anonymous"},"image":{"@id":"https:\/\/internetaddictsanonymous.org\/#\/schema\/logo\/image\/"}}]}},"jetpack_sharing_enabled":true,"jetpack_shortlink":"https:\/\/wp.me\/P9Fwob-5d2","_links":{"self":[{"href":"https:\/\/internetaddictsanonymous.org\/ro\/wp-json\/wp\/v2\/pages\/20028","targetHints":{"allow":["GET"]}}],"collection":[{"href":"https:\/\/internetaddictsanonymous.org\/ro\/wp-json\/wp\/v2\/pages"}],"about":[{"href":"https:\/\/internetaddictsanonymous.org\/ro\/wp-json\/wp\/v2\/types\/page"}],"author":[{"embeddable":true,"href":"https:\/\/internetaddictsanonymous.org\/ro\/wp-json\/wp\/v2\/users\/35194291"}],"replies":[{"embeddable":true,"href":"https:\/\/internetaddictsanonymous.org\/ro\/wp-json\/wp\/v2\/comments?post=20028"}],"version-history":[{"count":5,"href":"https:\/\/internetaddictsanonymous.org\/ro\/wp-json\/wp\/v2\/pages\/20028\/revisions"}],"predecessor-version":[{"id":20961,"href":"https:\/\/internetaddictsanonymous.org\/ro\/wp-json\/wp\/v2\/pages\/20028\/revisions\/20961"}],"up":[{"embeddable":true,"href":"https:\/\/internetaddictsanonymous.org\/ro\/wp-json\/wp\/v2\/pages\/148"}],"wp:attachment":[{"href":"https:\/\/internetaddictsanonymous.org\/ro\/wp-json\/wp\/v2\/media?parent=20028"}],"wp:term":[{"taxonomy":"post_tag","embeddable":true,"href":"https:\/\/internetaddictsanonymous.org\/ro\/wp-json\/wp\/v2\/tags?post=20028"}],"curies":[{"name":"wp","href":"https:\/\/api.w.org\/{rel}","templated":true}]}}