{"id":20226,"date":"2025-07-31T20:39:39","date_gmt":"2025-08-01T03:39:39","guid":{"rendered":"https:\/\/internetaddictsanonymous.org\/?page_id=20226"},"modified":"2026-04-27T05:16:33","modified_gmt":"2026-04-27T12:16:33","slug":"brazilia-sao-paulo","status":"publish","type":"page","link":"https:\/\/internetaddictsanonymous.org\/ro\/in-person-meetings\/brazil-saopaulo\/","title":{"rendered":"ITAA \u00een Brazilia"},"content":{"rendered":"<p>\u00a1Bienvenido a Adictos a Internet y la Tecnolog\u00eda An\u00f3nimos!&nbsp;<strong>ITAA es una comunidad de Doce Pasos formada por personas que se apoyan mutuamente para recuperarse de la adicci\u00f3n a Internet y a la tecnolog\u00eda.<\/strong>&nbsp;Esto include la adicci\u00f3n a las redes sociales, los celulares, los v\u00eddeos online, los videojuegos, las noticias, la pornograf\u00eda, las aplicaciones de citas, la investigaci\u00f3n en l\u00ednea, las compras en l\u00ednea o cualquier otra actividad digital que se convierta en compulsiva y problem\u00e1tica.&nbsp;<\/p>\n\n\n\n<h3 class=\"wp-block-heading\">\u00cent\u00e2lniri \u00een S\u00e3o Paulo<\/h3>\n\n\n\n<p>Convidam to all for a nossa reuni\u00e3o da sala presencial de Dependentes of technology and internet em S\u00e3o Paulo.<\/p>\n\n\n\n<p>Date: Todos os s\u00e1bados, come\u00e7ando dia 23 de august 2025.<br>Orar: 13:00 \u2013 14:00<br>Local: Rua Sampaio Vidal, 1055 Jardim Paulistano (la 10 minute de la sta\u00e7\u00e3o Faria Lima do metr\u00f4)<br>Persoan\u0103 de contact&nbsp;<a href=\"mailto:marcoz.12steps@gmail.com\" target=\"_blank\" rel=\"noreferrer noopener\">marcoz.12steps@gmail.com<\/a>&nbsp;sau +5511957108927.<\/p>\n\n\n\n<h3 class=\"wp-block-heading\"><strong>Cum func\u021bioneaz\u0103 reuniunile?<\/strong><\/h3>\n\n\n\n<p>Dac\u0103 participa\u021bi pentru prima dat\u0103 la o reuniune, nu trebuie s\u0103 fi\u021bi nervos. Majoritatea \u0219edin\u021belor noastre sunt foarte simple; fiecare \u0219edin\u021b\u0103 are un pre\u0219edinte care conduce \u0219edin\u021ba, iar majoritatea \u0219edin\u021belor dureaz\u0103 o or\u0103. Pre\u0219edintele \u0219i al\u021bi voluntari citesc c\u00e2teva declara\u021bii de deschidere, \u00eenainte de a deschide \u0219edin\u021ba pentru ca membrii s\u0103 \u00eemp\u0103rt\u0103\u0219easc\u0103. Nu exist\u0103 nicio obliga\u021bie de a \u00eemp\u0103rt\u0103\u0219i, \u0219i este \u00een regul\u0103 doar s\u0103 asculta\u021bi. Dac\u0103 v\u0103 sim\u021bi\u021bi confortabil, v\u0103 pute\u021bi prezenta \u0219i \u00eemp\u0103rt\u0103\u0219i ce v-a adus la ITAA. Cu excep\u021bia cazului \u00een care este solicitat de membrul care \u00eemp\u0103rt\u0103\u0219e\u0219te, nu oferim sugestii sau comentarii ca r\u0103spuns la ceea ce \u00eemp\u0103rt\u0103\u0219esc ceilal\u021bi; pur \u0219i simplu ascult\u0103m f\u0103r\u0103 a judeca. La sf\u00e2r\u0219itul orei, \u00eent\u00e2lnirea se va \u00eencheia cu c\u00e2teva declara\u021bii de \u00eencheiere, dup\u0103 care membrii obi\u0219nuiesc s\u0103 discute ocazional, s\u0103 pun\u0103 \u00eentreb\u0103ri \u0219i s\u0103 fac\u0103 schimb de date de contact.<\/p>\n\n\n\n<h3 class=\"wp-block-heading\">Resurse pentru dependen\u021ba de internet \u0219i tehnologie<\/h3>\n\n\n\n<p>Dac\u0103 v\u0103 \u00eentreba\u021bi dac\u0103 ave\u021bi o dependen\u021b\u0103 de internet \u0219i tehnologie, pute\u021bi consulta chestionarele noastre pentru <a href=\"https:\/\/internetaddictsanonymous.org\/ro\/dependenta-de-internet-si-tehnologie\/\">dependen\u021ba de internet<\/a>, <a href=\"https:\/\/internetaddictsanonymous.org\/ro\/dependenta-de-internet-si-tehnologie\/dependenta-de-social-media\/\">dependen\u021ba de social media<\/a>, <a href=\"https:\/\/internetaddictsanonymous.org\/ro\/dependenta-de-internet\/dependenta-de-streaming\/\">dependen\u021ba de streaming<\/a>, <a href=\"https:\/\/internetaddictsanonymous.org\/ro\/dependenta-de-internet-si-tehnologie\/dependenta-de-telefon\/\">dependen\u021ba de telefon<\/a>, sau <a href=\"https:\/\/internetaddictsanonymous.org\/ro\/dependenta-de-internet-si-tehnologie\/dependenta-de-jocuri-video\/\">dependen\u021ba de jocuri video<\/a>. De asemenea, pute\u021bi afla mai multe despre ITAA citind&nbsp;<a href=\"https:\/\/internetaddictsanonymous.org\/ro\/ghid-pentru-noii-veniti\/\">ghid pentru noii veni\u021bi<\/a>, revizuindu-ne <a href=\"https:\/\/internetaddictsanonymous.org\/ro\/resurse\/instrumente-de-recuperare\/\">instrumente de recuperare<\/a>, sau ascultarea de <a href=\"https:\/\/internetaddictsanonymous.org\/ro\/povesti-de-recuperare\/\">pove\u0219tile de recuperare ale membrilor<\/a>.<\/p>\n\n\n\n<p>ITAA nu este afiliat\u0103 la niciun program politic, religie sau interese externe. Suntem complet autosuficien\u021bi \u0219i gratui\u021bi pentru to\u021bi cei care au nevoie. Scopul nostru unic este s\u0103 ne ab\u021binem de la utilizarea compulsiv\u0103 a internetului \u0219i a tehnologiei \u0219i s\u0103 \u00eei ajut\u0103m pe al\u021bii s\u0103 se elibereze de aceast\u0103 dependen\u021b\u0103.<\/p>\n\n\n\n<p>Din nou, bine a\u021bi venit! Sper\u0103m c\u0103 aceast\u0103 comunitate v\u0103 poate oferi sprijinul de care ave\u021bi nevoie \u00een recuperarea dvs. de la dependen\u021ba de internet \u0219i tehnologie. V\u0103 rug\u0103m s\u0103 nu ezita\u021bi s\u0103 ne contacta\u021bi dac\u0103 ave\u021bi \u00eentreb\u0103ri.<\/p>\n<!-- PMB print buttons is only displayed on a single post\/page URLs-->","protected":false},"excerpt":{"rendered":"<p>\u00a1Bienvenido a Adictos a Internet y la Tecnolog\u00eda An\u00f3nimos!&nbsp;ITAA es una comunidad de Doce Pasos formada por personas que se apoyan mutuamente para recuperarse de la adicci\u00f3n a Internet y a la tecnolog\u00eda.&nbsp;Esto incluye la adicci\u00f3n a las redes sociales, los celulares, los v\u00eddeos online, los videojuegos, las noticias, la pornograf\u00eda, las aplicaciones de citas, &hellip; <a href=\"https:\/\/internetaddictsanonymous.org\/ro\/in-person-meetings\/brazil-saopaulo\/\" class=\"more-link\">Continu\u0103 s\u0103 cite\u0219ti <span class=\"screen-reader-text\">ITAA \u00een Brazilia<\/span><\/a><\/p>","protected":false},"author":35194285,"featured_media":0,"parent":148,"menu_order":0,"comment_status":"closed","ping_status":"closed","template":"full-width-page.php","meta":{"inline_featured_image":false,"_lmt_disableupdate":"","_lmt_disable":"","footnotes":""},"tags":[],"class_list":["post-20226","page","type-page","status-publish","hentry"],"yoast_head":"<!-- This site is optimized with the Yoast SEO plugin v27.5 - https:\/\/yoast.com\/product\/yoast-seo-wordpress\/ -->\n<title>ITAA en Brazil &#8211; Internet and Technology Addicts Anonymous<\/title>\n<meta name=\"robots\" content=\"index, follow, max-snippet:-1, max-image-preview:large, max-video-preview:-1\" \/>\n<link rel=\"canonical\" href=\"https:\/\/internetaddictsanonymous.org\/ro\/intalniri-in-persoana\/brazilia-sao-paulo\/\" \/>\n<meta property=\"og:locale\" content=\"ro_RO\" \/>\n<meta property=\"og:type\" content=\"article\" \/>\n<meta property=\"og:title\" content=\"ITAA en Brazil &#8211; Internet and Technology Addicts Anonymous\" \/>\n<meta property=\"og:description\" content=\"\u00a1Bienvenido a Adictos a Internet y la Tecnolog\u00eda An\u00f3nimos!&nbsp;ITAA es una comunidad de Doce Pasos formada por personas que se apoyan mutuamente para recuperarse de la adicci\u00f3n a Internet y a la tecnolog\u00eda.&nbsp;Esto incluye la adicci\u00f3n a las redes sociales, los celulares, los v\u00eddeos online, los videojuegos, las noticias, la pornograf\u00eda, las aplicaciones de citas, &hellip; Continu\u0103 s\u0103 cite\u0219ti ITAA en Brazil\" \/>\n<meta property=\"og:url\" content=\"https:\/\/internetaddictsanonymous.org\/ro\/intalniri-in-persoana\/brazilia-sao-paulo\/\" \/>\n<meta property=\"og:site_name\" content=\"Internet and Technology Addicts Anonymous\" \/>\n<meta property=\"article:modified_time\" content=\"2026-04-27T12:16:33+00:00\" \/>\n<meta name=\"twitter:card\" content=\"summary_large_image\" \/>\n<meta name=\"twitter:label1\" content=\"Timp estimat pentru citire\" \/>\n\t<meta name=\"twitter:data1\" content=\"2 minute\" \/>\n<script type=\"application\/ld+json\" class=\"yoast-schema-graph\">{\"@context\":\"https:\\\/\\\/schema.org\",\"@graph\":[{\"@type\":\"WebPage\",\"@id\":\"https:\\\/\\\/internetaddictsanonymous.org\\\/in-person-meetings\\\/brazil-saopaulo\\\/\",\"url\":\"https:\\\/\\\/internetaddictsanonymous.org\\\/in-person-meetings\\\/brazil-saopaulo\\\/\",\"name\":\"ITAA en Brazil &#8211; Internet and Technology Addicts Anonymous\",\"isPartOf\":{\"@id\":\"https:\\\/\\\/internetaddictsanonymous.org\\\/#website\"},\"datePublished\":\"2025-08-01T03:39:39+00:00\",\"dateModified\":\"2026-04-27T12:16:33+00:00\",\"breadcrumb\":{\"@id\":\"https:\\\/\\\/internetaddictsanonymous.org\\\/in-person-meetings\\\/brazil-saopaulo\\\/#breadcrumb\"},\"inLanguage\":\"ro-RO\",\"potentialAction\":[{\"@type\":\"ReadAction\",\"target\":[\"https:\\\/\\\/internetaddictsanonymous.org\\\/in-person-meetings\\\/brazil-saopaulo\\\/\"]}]},{\"@type\":\"BreadcrumbList\",\"@id\":\"https:\\\/\\\/internetaddictsanonymous.org\\\/in-person-meetings\\\/brazil-saopaulo\\\/#breadcrumb\",\"itemListElement\":[{\"@type\":\"ListItem\",\"position\":1,\"name\":\"Home\",\"item\":\"https:\\\/\\\/internetaddictsanonymous.org\\\/\"},{\"@type\":\"ListItem\",\"position\":2,\"name\":\"In-Person Meetings\",\"item\":\"https:\\\/\\\/internetaddictsanonymous.org\\\/in-person-meetings\\\/\"},{\"@type\":\"ListItem\",\"position\":3,\"name\":\"ITAA en Brazil\"}]},{\"@type\":\"WebSite\",\"@id\":\"https:\\\/\\\/internetaddictsanonymous.org\\\/#website\",\"url\":\"https:\\\/\\\/internetaddictsanonymous.org\\\/\",\"name\":\"Internet and Technology Addicts Anonymous\",\"description\":\"Worldwide 12-step Fellowship for Internet and Technology Addiction\",\"publisher\":{\"@id\":\"https:\\\/\\\/internetaddictsanonymous.org\\\/#organization\"},\"potentialAction\":[{\"@type\":\"SearchAction\",\"target\":{\"@type\":\"EntryPoint\",\"urlTemplate\":\"https:\\\/\\\/internetaddictsanonymous.org\\\/?s={search_term_string}\"},\"query-input\":{\"@type\":\"PropertyValueSpecification\",\"valueRequired\":true,\"valueName\":\"search_term_string\"}}],\"inLanguage\":\"ro-RO\"},{\"@type\":\"Organization\",\"@id\":\"https:\\\/\\\/internetaddictsanonymous.org\\\/#organization\",\"name\":\"Internet and Technology Addicts Anonymous\",\"url\":\"https:\\\/\\\/internetaddictsanonymous.org\\\/\",\"logo\":{\"@type\":\"ImageObject\",\"inLanguage\":\"ro-RO\",\"@id\":\"https:\\\/\\\/internetaddictsanonymous.org\\\/#\\\/schema\\\/logo\\\/image\\\/\",\"url\":\"https:\\\/\\\/internetaddictsanonymous.org\\\/wp-content\\\/uploads\\\/2023\\\/01\\\/cropped-ITAA-logo-480px.png\",\"contentUrl\":\"https:\\\/\\\/internetaddictsanonymous.org\\\/wp-content\\\/uploads\\\/2023\\\/01\\\/cropped-ITAA-logo-480px.png\",\"width\":480,\"height\":480,\"caption\":\"Internet and Technology Addicts Anonymous\"},\"image\":{\"@id\":\"https:\\\/\\\/internetaddictsanonymous.org\\\/#\\\/schema\\\/logo\\\/image\\\/\"}}]}<\/script>\n<!-- \/ Yoast SEO plugin. -->","yoast_head_json":{"title":"ITAA \u00een Brazilia \u2013 Dependen\u021bi de internet \u0219i tehnologie Anonimi","robots":{"index":"index","follow":"follow","max-snippet":"max-snippet:-1","max-image-preview":"max-image-preview:large","max-video-preview":"max-video-preview:-1"},"canonical":"https:\/\/internetaddictsanonymous.org\/ro\/intalniri-in-persoana\/brazilia-sao-paulo\/","og_locale":"ro_RO","og_type":"article","og_title":"ITAA en Brazil &#8211; Internet and Technology Addicts Anonymous","og_description":"\u00a1Bienvenido a Adictos a Internet y la Tecnolog\u00eda An\u00f3nimos!&nbsp;ITAA es una comunidad de Doce Pasos formada por personas que se apoyan mutuamente para recuperarse de la adicci\u00f3n a Internet y a la tecnolog\u00eda.&nbsp;Esto incluye la adicci\u00f3n a las redes sociales, los celulares, los v\u00eddeos online, los videojuegos, las noticias, la pornograf\u00eda, las aplicaciones de citas, &hellip; Continu\u0103 s\u0103 cite\u0219ti ITAA en Brazil","og_url":"https:\/\/internetaddictsanonymous.org\/ro\/intalniri-in-persoana\/brazilia-sao-paulo\/","og_site_name":"Internet and Technology Addicts Anonymous","article_modified_time":"2026-04-27T12:16:33+00:00","twitter_card":"summary_large_image","twitter_misc":{"Timp estimat pentru citire":"2 minute"},"schema":{"@context":"https:\/\/schema.org","@graph":[{"@type":"WebPage","@id":"https:\/\/internetaddictsanonymous.org\/in-person-meetings\/brazil-saopaulo\/","url":"https:\/\/internetaddictsanonymous.org\/in-person-meetings\/brazil-saopaulo\/","name":"ITAA \u00een Brazilia \u2013 Dependen\u021bi de internet \u0219i tehnologie Anonimi","isPartOf":{"@id":"https:\/\/internetaddictsanonymous.org\/#website"},"datePublished":"2025-08-01T03:39:39+00:00","dateModified":"2026-04-27T12:16:33+00:00","breadcrumb":{"@id":"https:\/\/internetaddictsanonymous.org\/in-person-meetings\/brazil-saopaulo\/#breadcrumb"},"inLanguage":"ro-RO","potentialAction":[{"@type":"ReadAction","target":["https:\/\/internetaddictsanonymous.org\/in-person-meetings\/brazil-saopaulo\/"]}]},{"@type":"BreadcrumbList","@id":"https:\/\/internetaddictsanonymous.org\/in-person-meetings\/brazil-saopaulo\/#breadcrumb","itemListElement":[{"@type":"ListItem","position":1,"name":"Home","item":"https:\/\/internetaddictsanonymous.org\/"},{"@type":"ListItem","position":2,"name":"In-Person Meetings","item":"https:\/\/internetaddictsanonymous.org\/in-person-meetings\/"},{"@type":"ListItem","position":3,"name":"ITAA en Brazil"}]},{"@type":"WebSite","@id":"https:\/\/internetaddictsanonymous.org\/#website","url":"https:\/\/internetaddictsanonymous.org\/","name":"Dependen\u021bii de Internet \u0219i Tehnologie Anonimi","description":"Fr\u0103\u021bie mondial\u0103 \u00een 12 pa\u0219i pentru dependen\u021ba de internet \u0219i tehnologie","publisher":{"@id":"https:\/\/internetaddictsanonymous.org\/#organization"},"potentialAction":[{"@type":"SearchAction","target":{"@type":"EntryPoint","urlTemplate":"https:\/\/internetaddictsanonymous.org\/?s={search_term_string}"},"query-input":{"@type":"PropertyValueSpecification","valueRequired":true,"valueName":"search_term_string"}}],"inLanguage":"ro-RO"},{"@type":"Organization","@id":"https:\/\/internetaddictsanonymous.org\/#organization","name":"Dependen\u021bii de Internet \u0219i Tehnologie Anonimi","url":"https:\/\/internetaddictsanonymous.org\/","logo":{"@type":"ImageObject","inLanguage":"ro-RO","@id":"https:\/\/internetaddictsanonymous.org\/#\/schema\/logo\/image\/","url":"https:\/\/internetaddictsanonymous.org\/wp-content\/uploads\/2023\/01\/cropped-ITAA-logo-480px.png","contentUrl":"https:\/\/internetaddictsanonymous.org\/wp-content\/uploads\/2023\/01\/cropped-ITAA-logo-480px.png","width":480,"height":480,"caption":"Internet and Technology Addicts Anonymous"},"image":{"@id":"https:\/\/internetaddictsanonymous.org\/#\/schema\/logo\/image\/"}}]}},"jetpack_sharing_enabled":true,"jetpack_shortlink":"https:\/\/wp.me\/P9Fwob-5ge","_links":{"self":[{"href":"https:\/\/internetaddictsanonymous.org\/ro\/wp-json\/wp\/v2\/pages\/20226","targetHints":{"allow":["GET"]}}],"collection":[{"href":"https:\/\/internetaddictsanonymous.org\/ro\/wp-json\/wp\/v2\/pages"}],"about":[{"href":"https:\/\/internetaddictsanonymous.org\/ro\/wp-json\/wp\/v2\/types\/page"}],"author":[{"embeddable":true,"href":"https:\/\/internetaddictsanonymous.org\/ro\/wp-json\/wp\/v2\/users\/35194285"}],"replies":[{"embeddable":true,"href":"https:\/\/internetaddictsanonymous.org\/ro\/wp-json\/wp\/v2\/comments?post=20226"}],"version-history":[{"count":7,"href":"https:\/\/internetaddictsanonymous.org\/ro\/wp-json\/wp\/v2\/pages\/20226\/revisions"}],"predecessor-version":[{"id":20709,"href":"https:\/\/internetaddictsanonymous.org\/ro\/wp-json\/wp\/v2\/pages\/20226\/revisions\/20709"}],"up":[{"embeddable":true,"href":"https:\/\/internetaddictsanonymous.org\/ro\/wp-json\/wp\/v2\/pages\/148"}],"wp:attachment":[{"href":"https:\/\/internetaddictsanonymous.org\/ro\/wp-json\/wp\/v2\/media?parent=20226"}],"wp:term":[{"taxonomy":"post_tag","embeddable":true,"href":"https:\/\/internetaddictsanonymous.org\/ro\/wp-json\/wp\/v2\/tags?post=20226"}],"curies":[{"name":"wp","href":"https:\/\/api.w.org\/{rel}","templated":true}]}}