{"id":4,"date":"2018-02-17T01:08:05","date_gmt":"2018-02-17T01:08:05","guid":{"rendered":"https:\/\/internetandtechaa.wordpress.com\/?page_id=4"},"modified":"2026-03-17T17:13:48","modified_gmt":"2026-03-18T00:13:48","slug":"home","status":"publish","type":"page","link":"https:\/\/internetaddictsanonymous.org\/ro\/","title":{"rendered":"Dependen\u021bii de Internet \u0219i Tehnologie Anonimi"},"content":{"rendered":"<p>Bine a\u021bi venit la Internet and Technology Addicts Anonymous! Ne bucur\u0103m c\u0103 ne-a\u021bi g\u0103sit \u0219i sper\u0103m c\u0103 comunitatea noastr\u0103 v\u0103 poate fi la fel de util\u0103 cum a fost pentru noi.<strong> <mark style=\"background-color:rgba(0, 0, 0, 0)\" class=\"has-inline-color has-dark-gray-color\">ITAA este o comunitate \u00een doisprezece pa\u0219i format\u0103 din persoane care se sprijin\u0103 reciproc \u00een recuperarea de la dependen\u021ba de internet \u0219i tehnologie.<\/mark><\/strong> Aceasta include dependen\u021ba de re\u021bele sociale, dependen\u021ba de telefon, dependen\u021ba de video, dependen\u021ba de televizor, dependen\u021ba de jocuri video, dependen\u021ba de \u0219tiri, dependen\u021ba de pornografie, aplica\u021biile de dating, cercetarea online, cump\u0103r\u0103turile online, dependen\u021ba de inteligen\u021b\u0103 artificial\u0103 sau orice alt\u0103 activitate digital\u0103 care devine compulsiv\u0103 \u0219i problematic\u0103.&nbsp;<\/p>\n\n\n\n<h3 class=\"wp-block-heading\">Ajutor gratuit pentru dependen\u021ba de internet \u0219i tehnologie<\/h3>\n\n\n\n<p>Indiferent c\u00e2t de mare sau mic\u0103 crede\u021bi c\u0103 este problema dvs., v\u0103 \u00eencuraj\u0103m s\u0103 \u00eencerca\u021bi s\u0103 participa\u021bi la una dintre \u00eent\u00e2lnirile noastre zilnice pentru a vedea dac\u0103 ITAA v\u0103 poate fi de ajutor. \u00cent\u00e2lnirile noastre sunt gratuite \u0219i deschise oric\u0103rei persoane care se lupt\u0103 cu utilizarea compulsiv\u0103 a internetului. \u00cent\u00e2lnirile sunt sigure, securizate \u0219i anonime. ITAA este foarte divers\u0103, iar \u00eent\u00e2lnirile noastre includ membri de toate v\u00e2rstele, genurile \u0219i etniile din \u00eentreaga lume. \u00cen plus fa\u021b\u0103 de limba englez\u0103, avem \u00eent\u00e2lniri \u0219i \u00een <a href=\"https:\/\/internetaddictsanonymous.org\/fr\/itaa-en-francais\/\">francez\u0103<\/a>, <a href=\"https:\/\/internetaddictsanonymous.org\/es\/espanol\/\">spaniol\u0103<\/a>, <a href=\"https:\/\/internetaddictsanonymous.org\/ru\/itaa-%d0%bd%d0%b0-%d1%80%d1%83%d1%81%d1%81%d0%ba%d0%be%d0%bc-%d1%8f%d0%b7%d1%8b%d0%ba%d0%b5\/\">Rus\u0103<\/a>, <a href=\"https:\/\/internetaddictsanonymous.org\/de\/itaa-in-german\/\">german\u0103<\/a>, <a href=\"https:\/\/internetaddictsanonymous.org\/he\/%d7%90%d7%99%d7%98%d7%90-%d7%91%d7%a2%d7%91%d7%a8%d7%99%d7%aa\/\">ebraic\u0103<\/a>, <a href=\"https:\/\/internetaddictsanonymous.org\/ar\/itaa-%d8%a8%d8%a7%d9%84%d9%84%d8%ba%d8%a9-%d8%a7%d9%84%d8%b9%d8%b1%d8%a8%d9%8a%d8%a9\/\">arab\u0103<\/a>, <a href=\"https:\/\/internetaddictsanonymous.org\/pt\/portuguese\/\">Portughez\u0103<\/a>, <a href=\"https:\/\/internetaddictsanonymous.org\/pl\/itaa-in-polish\/\">polonez\u0103<\/a>, <a href=\"https:\/\/internetaddictsanonymous.org\/nl\/nederlands\/\" type=\"link\" id=\"https:\/\/internetaddictsanonymous.org\/nl\/nederlands\/\">olandez\u0103<\/a> \u0219i <a href=\"https:\/\/internetaddictsanonymous.org\/fa\/itaa-in-persian\/\">persan\u0103<\/a>. De asemenea, pute\u021bi g\u0103si o \u00eent\u00e2lnire local\u0103, \u00een persoan\u0103, \u00een <a href=\"https:\/\/internetaddictsanonymous.org\/ro\/local-internet-addiction-meetings\/\">ora\u0219ul dumneavoastr\u0103<\/a>.<\/p>\n\n\n\n<div class=\"wp-block-buttons is-content-justification-left is-layout-flex wp-container-core-buttons-is-layout-fdcfc74e wp-block-buttons-is-layout-flex\">\n<div class=\"wp-block-button has-custom-width wp-block-button__width-50 is-style-fill\"><a class=\"wp-block-button__link has-white-color has-blue-background-color has-text-color has-background has-custom-font-size wp-element-button\" href=\"https:\/\/internetaddictsanonymous.org\/ro\/intalniri-online\/\" style=\"border-radius:100px;font-size:25px;font-style:normal;font-weight:900\">Particip\u0103 la o \u00eent\u00e2lnire<\/a><\/div>\n<\/div>\n\n\n\n<p><br>  <\/p>\n\n\n\n<h3 class=\"wp-block-heading\">Resurse pentru dependen\u021ba de internet \u0219i tehnologie<\/h3>\n\n\n\n<p>Dac\u0103 v\u0103 \u00eentreba\u021bi dac\u0103 ave\u021bi o dependen\u021b\u0103 de internet \u0219i tehnologie, pute\u021bi consulta chestionarele noastre pentru <a href=\"https:\/\/internetaddictsanonymous.org\/ro\/dependenta-de-internet-si-tehnologie\/\">dependen\u021ba de internet<\/a>, <a href=\"https:\/\/internetaddictsanonymous.org\/ro\/dependenta-de-internet-si-tehnologie\/dependenta-de-social-media\/\">dependen\u021ba de social media<\/a>, <a href=\"https:\/\/internetaddictsanonymous.org\/ro\/dependenta-de-internet\/dependenta-de-streaming\/\">dependen\u021ba de streaming<\/a>, <a href=\"https:\/\/internetaddictsanonymous.org\/ro\/dependenta-de-internet-si-tehnologie\/dependenta-de-telefon\/\">dependen\u021ba de telefon<\/a>, <a href=\"https:\/\/internetaddictsanonymous.org\/ro\/dependenta-de-internet-si-tehnologie\/dependenta-de-jocuri-video\/\">dependen\u021ba de jocuri video<\/a>, <a href=\"https:\/\/internetaddictsanonymous.org\/ro\/dependenti-anonimi-de-internet-si-tehnologie\/dependenta-de-pornografie\/\">dependen\u021ba de pornografie<\/a>, sau <a href=\"https:\/\/internetaddictsanonymous.org\/ro\/dependenta-de-internet-si-tehnologie\/dependenta-de-informatii\/\">dependen\u021ba de informa\u021bii<\/a>. De asemenea, pute\u021bi afla mai multe despre ITAA citind&nbsp;<a href=\"https:\/\/internetaddictsanonymous.org\/ro\/ghid-pentru-noii-veniti\/\">ghid pentru noii veni\u021bi<\/a>, revizuindu-ne <a href=\"https:\/\/internetaddictsanonymous.org\/ro\/resurse\/instrumente-de-recuperare\/\">instrumente de recuperare<\/a>, sau ascultarea de <a href=\"https:\/\/internetaddictsanonymous.org\/ro\/povesti-de-recuperare\/\">pove\u0219tile de recuperare ale membrilor<\/a>.<\/p>\n\n\n\n<p>ITAA nu este afiliat\u0103 la niciun program politic, religie sau interese externe. Suntem complet autosuficien\u021bi \u0219i gratui\u021bi pentru to\u021bi cei care au nevoie. Scopul nostru unic este s\u0103 ne ab\u021binem de la utilizarea compulsiv\u0103 a internetului \u0219i a tehnologiei \u0219i s\u0103 \u00eei ajut\u0103m pe al\u021bii s\u0103 se elibereze de aceast\u0103 dependen\u021b\u0103.<\/p>\n\n\n\n<p>Din nou, bine a\u021bi venit! Sper\u0103m ca aceast\u0103 comunitate s\u0103 v\u0103 poat\u0103 oferi sprijinul de care ave\u021bi nevoie \u00een recuperarea dvs. de la dependen\u021ba de internet \u0219i tehnologie. V\u0103 rug\u0103m s\u0103 nu ezita\u021bi s\u0103 <a href=\"https:\/\/internetaddictsanonymous.org\/ro\/contact\/\">ajunge la<\/a> dac\u0103 ave\u021bi \u00eentreb\u0103ri.<br>  <\/p>\n\n\n<p><em>Ultima actualizare a site-ului web: 23 aprilie 2026, ora 15:20 GMT<\/em><\/p>\n<!-- PMB print buttons is only displayed on a single post\/page URLs-->","protected":false},"excerpt":{"rendered":"<p>Bun venit la Dependen\u021bii Anonimi de Internet \u0219i Tehnologie! Ne bucur\u0103m c\u0103 ne-a\u021bi g\u0103sit \u0219i sper\u0103m c\u0103 comunitatea noastr\u0103 v\u0103 poate fi la fel de util\u0103 a\u0219a cum ne-a fost nou\u0103. ITAA este o comunitate \u00een Doisprezece Pa\u0219i format\u0103 din persoane care se sprijin\u0103 reciproc \u00een recuperarea de la dependen\u021ba de internet \u0219i tehnologie. Aceasta include dependen\u021ba de re\u021bele sociale, dependen\u021ba de telefon, dependen\u021ba de videoclipuri... <a href=\"https:\/\/internetaddictsanonymous.org\/ro\/\" class=\"more-link\">Continu\u0103 s\u0103 cite\u0219ti <span class=\"screen-reader-text\">Dependen\u021bii de Internet \u0219i Tehnologie Anonimi<\/span><\/a><\/p>","protected":false},"author":35194237,"featured_media":0,"parent":0,"menu_order":1,"comment_status":"closed","ping_status":"closed","template":"full-width-page.php","meta":{"inline_featured_image":false,"_lmt_disableupdate":"no","_lmt_disable":"","footnotes":""},"tags":[655524906,307668,655524904,655524816,655524905,6271859,534293,1410996,3250287],"class_list":["post-4","page","type-page","status-publish","hentry","tag-balanced-technology-use","tag-internet-addiction","tag-internet-addicts-anonymous","tag-internet-and-technology-addiction","tag-mindful-internet-use","tag-online-shopping-addiction","tag-support-group","tag-technology-addiction","tag-youtube-addiction"],"yoast_head":"<!-- This site is optimized with the Yoast SEO plugin v27.4 - https:\/\/yoast.com\/product\/yoast-seo-wordpress\/ -->\n<title>Internet and Technology Addicts Anonymous | Receive Free Help &amp; Support<\/title>\n<meta name=\"description\" content=\"An active international 12-step fellowship for internet and technology addiction, with meetings every day. Join meetings by phone, computer, or in person.\" \/>\n<meta name=\"robots\" content=\"index, follow, max-snippet:-1, max-image-preview:large, max-video-preview:-1\" \/>\n<link rel=\"canonical\" href=\"https:\/\/internetaddictsanonymous.org\/ro\/\" \/>\n<meta property=\"og:locale\" content=\"ro_RO\" \/>\n<meta property=\"og:type\" content=\"article\" \/>\n<meta property=\"og:title\" content=\"Internet and Technology Addicts Anonymous | Receive Free Help &amp; Support\" \/>\n<meta property=\"og:description\" content=\"An active international 12-step fellowship for internet and technology addiction, with meetings every day. Join meetings by phone, computer, or in person.\" \/>\n<meta property=\"og:url\" content=\"https:\/\/internetaddictsanonymous.org\/ro\/\" \/>\n<meta property=\"og:site_name\" content=\"Internet and Technology Addicts Anonymous\" \/>\n<meta property=\"article:modified_time\" content=\"2026-03-18T00:13:48+00:00\" \/>\n<meta name=\"twitter:card\" content=\"summary_large_image\" \/>\n<meta name=\"twitter:label1\" content=\"Timp estimat pentru citire\" \/>\n\t<meta name=\"twitter:data1\" content=\"2 minute\" \/>\n<script type=\"application\/ld+json\" class=\"yoast-schema-graph\">{\"@context\":\"https:\\\/\\\/schema.org\",\"@graph\":[{\"@type\":\"WebPage\",\"@id\":\"https:\\\/\\\/internetaddictsanonymous.org\\\/\",\"url\":\"https:\\\/\\\/internetaddictsanonymous.org\\\/\",\"name\":\"Internet and Technology Addicts Anonymous | Receive Free Help & Support\",\"isPartOf\":{\"@id\":\"https:\\\/\\\/internetaddictsanonymous.org\\\/#website\"},\"datePublished\":\"2018-02-17T01:08:05+00:00\",\"dateModified\":\"2026-03-18T00:13:48+00:00\",\"description\":\"An active international 12-step fellowship for internet and technology addiction, with meetings every day. Join meetings by phone, computer, or in person.\",\"breadcrumb\":{\"@id\":\"https:\\\/\\\/internetaddictsanonymous.org\\\/#breadcrumb\"},\"inLanguage\":\"ro-RO\",\"potentialAction\":[{\"@type\":\"ReadAction\",\"target\":[\"https:\\\/\\\/internetaddictsanonymous.org\\\/\"]}]},{\"@type\":\"BreadcrumbList\",\"@id\":\"https:\\\/\\\/internetaddictsanonymous.org\\\/#breadcrumb\",\"itemListElement\":[{\"@type\":\"ListItem\",\"position\":1,\"name\":\"Home\",\"item\":\"https:\\\/\\\/internetaddictsanonymous.org\\\/\"},{\"@type\":\"ListItem\",\"position\":2,\"name\":\"Internet and Technology Addicts Anonymous\"}]},{\"@type\":\"WebSite\",\"@id\":\"https:\\\/\\\/internetaddictsanonymous.org\\\/#website\",\"url\":\"https:\\\/\\\/internetaddictsanonymous.org\\\/\",\"name\":\"Internet and Technology Addicts Anonymous\",\"description\":\"Worldwide 12-step Fellowship for Internet and Technology Addiction\",\"publisher\":{\"@id\":\"https:\\\/\\\/internetaddictsanonymous.org\\\/#organization\"},\"potentialAction\":[{\"@type\":\"SearchAction\",\"target\":{\"@type\":\"EntryPoint\",\"urlTemplate\":\"https:\\\/\\\/internetaddictsanonymous.org\\\/?s={search_term_string}\"},\"query-input\":{\"@type\":\"PropertyValueSpecification\",\"valueRequired\":true,\"valueName\":\"search_term_string\"}}],\"inLanguage\":\"ro-RO\"},{\"@type\":\"Organization\",\"@id\":\"https:\\\/\\\/internetaddictsanonymous.org\\\/#organization\",\"name\":\"Internet and Technology Addicts Anonymous\",\"url\":\"https:\\\/\\\/internetaddictsanonymous.org\\\/\",\"logo\":{\"@type\":\"ImageObject\",\"inLanguage\":\"ro-RO\",\"@id\":\"https:\\\/\\\/internetaddictsanonymous.org\\\/#\\\/schema\\\/logo\\\/image\\\/\",\"url\":\"https:\\\/\\\/internetaddictsanonymous.org\\\/wp-content\\\/uploads\\\/2023\\\/01\\\/cropped-ITAA-logo-480px.png\",\"contentUrl\":\"https:\\\/\\\/internetaddictsanonymous.org\\\/wp-content\\\/uploads\\\/2023\\\/01\\\/cropped-ITAA-logo-480px.png\",\"width\":480,\"height\":480,\"caption\":\"Internet and Technology Addicts Anonymous\"},\"image\":{\"@id\":\"https:\\\/\\\/internetaddictsanonymous.org\\\/#\\\/schema\\\/logo\\\/image\\\/\"}}]}<\/script>\n<!-- \/ Yoast SEO plugin. -->","yoast_head_json":{"title":"Dependen\u021bi de Internet \u0219i Tehnologie Anonimi | Primi\u021bi ajutor \u0219i sprijin gratuit","description":"O fr\u0103\u021bie interna\u021bional\u0103 activ\u0103 \u00een 12 pa\u0219i pentru dependen\u021ba de internet \u0219i tehnologie, cu \u00eent\u00e2lniri \u00een fiecare zi. Participa\u021bi la \u00eent\u00e2lniri prin telefon, computer sau personal.","robots":{"index":"index","follow":"follow","max-snippet":"max-snippet:-1","max-image-preview":"max-image-preview:large","max-video-preview":"max-video-preview:-1"},"canonical":"https:\/\/internetaddictsanonymous.org\/ro\/","og_locale":"ro_RO","og_type":"article","og_title":"Internet and Technology Addicts Anonymous | Receive Free Help & Support","og_description":"An active international 12-step fellowship for internet and technology addiction, with meetings every day. Join meetings by phone, computer, or in person.","og_url":"https:\/\/internetaddictsanonymous.org\/ro\/","og_site_name":"Internet and Technology Addicts Anonymous","article_modified_time":"2026-03-18T00:13:48+00:00","twitter_card":"summary_large_image","twitter_misc":{"Timp estimat pentru citire":"2 minute"},"schema":{"@context":"https:\/\/schema.org","@graph":[{"@type":"WebPage","@id":"https:\/\/internetaddictsanonymous.org\/","url":"https:\/\/internetaddictsanonymous.org\/","name":"Dependen\u021bi de Internet \u0219i Tehnologie Anonimi | Primi\u021bi ajutor \u0219i sprijin gratuit","isPartOf":{"@id":"https:\/\/internetaddictsanonymous.org\/#website"},"datePublished":"2018-02-17T01:08:05+00:00","dateModified":"2026-03-18T00:13:48+00:00","description":"O fr\u0103\u021bie interna\u021bional\u0103 activ\u0103 \u00een 12 pa\u0219i pentru dependen\u021ba de internet \u0219i tehnologie, cu \u00eent\u00e2lniri \u00een fiecare zi. Participa\u021bi la \u00eent\u00e2lniri prin telefon, computer sau personal.","breadcrumb":{"@id":"https:\/\/internetaddictsanonymous.org\/#breadcrumb"},"inLanguage":"ro-RO","potentialAction":[{"@type":"ReadAction","target":["https:\/\/internetaddictsanonymous.org\/"]}]},{"@type":"BreadcrumbList","@id":"https:\/\/internetaddictsanonymous.org\/#breadcrumb","itemListElement":[{"@type":"ListItem","position":1,"name":"Home","item":"https:\/\/internetaddictsanonymous.org\/"},{"@type":"ListItem","position":2,"name":"Internet and Technology Addicts Anonymous"}]},{"@type":"WebSite","@id":"https:\/\/internetaddictsanonymous.org\/#website","url":"https:\/\/internetaddictsanonymous.org\/","name":"Dependen\u021bii de Internet \u0219i Tehnologie Anonimi","description":"Fr\u0103\u021bie mondial\u0103 \u00een 12 pa\u0219i pentru dependen\u021ba de internet \u0219i tehnologie","publisher":{"@id":"https:\/\/internetaddictsanonymous.org\/#organization"},"potentialAction":[{"@type":"SearchAction","target":{"@type":"EntryPoint","urlTemplate":"https:\/\/internetaddictsanonymous.org\/?s={search_term_string}"},"query-input":{"@type":"PropertyValueSpecification","valueRequired":true,"valueName":"search_term_string"}}],"inLanguage":"ro-RO"},{"@type":"Organization","@id":"https:\/\/internetaddictsanonymous.org\/#organization","name":"Dependen\u021bii de Internet \u0219i Tehnologie Anonimi","url":"https:\/\/internetaddictsanonymous.org\/","logo":{"@type":"ImageObject","inLanguage":"ro-RO","@id":"https:\/\/internetaddictsanonymous.org\/#\/schema\/logo\/image\/","url":"https:\/\/internetaddictsanonymous.org\/wp-content\/uploads\/2023\/01\/cropped-ITAA-logo-480px.png","contentUrl":"https:\/\/internetaddictsanonymous.org\/wp-content\/uploads\/2023\/01\/cropped-ITAA-logo-480px.png","width":480,"height":480,"caption":"Internet and Technology Addicts Anonymous"},"image":{"@id":"https:\/\/internetaddictsanonymous.org\/#\/schema\/logo\/image\/"}}]}},"jetpack_sharing_enabled":false,"jetpack_shortlink":"https:\/\/wp.me\/P9Fwob-4","_links":{"self":[{"href":"https:\/\/internetaddictsanonymous.org\/ro\/wp-json\/wp\/v2\/pages\/4","targetHints":{"allow":["GET"]}}],"collection":[{"href":"https:\/\/internetaddictsanonymous.org\/ro\/wp-json\/wp\/v2\/pages"}],"about":[{"href":"https:\/\/internetaddictsanonymous.org\/ro\/wp-json\/wp\/v2\/types\/page"}],"author":[{"embeddable":true,"href":"https:\/\/internetaddictsanonymous.org\/ro\/wp-json\/wp\/v2\/users\/35194237"}],"replies":[{"embeddable":true,"href":"https:\/\/internetaddictsanonymous.org\/ro\/wp-json\/wp\/v2\/comments?post=4"}],"version-history":[{"count":100,"href":"https:\/\/internetaddictsanonymous.org\/ro\/wp-json\/wp\/v2\/pages\/4\/revisions"}],"predecessor-version":[{"id":21125,"href":"https:\/\/internetaddictsanonymous.org\/ro\/wp-json\/wp\/v2\/pages\/4\/revisions\/21125"}],"wp:attachment":[{"href":"https:\/\/internetaddictsanonymous.org\/ro\/wp-json\/wp\/v2\/media?parent=4"}],"wp:term":[{"taxonomy":"post_tag","embeddable":true,"href":"https:\/\/internetaddictsanonymous.org\/ro\/wp-json\/wp\/v2\/tags?post=4"}],"curies":[{"name":"wp","href":"https:\/\/api.w.org\/{rel}","templated":true}]}}