{"id":42,"date":"2018-02-17T02:04:58","date_gmt":"2018-02-17T02:04:58","guid":{"rendered":"https:\/\/internetandtechaa.wordpress.com\/?page_id=42"},"modified":"2023-01-30T20:17:53","modified_gmt":"2023-01-31T01:17:53","slug":"resurse","status":"publish","type":"page","link":"https:\/\/internetaddictsanonymous.org\/ro\/resources\/","title":{"rendered":"Resurse"},"content":{"rendered":"<p>Bine a\u021bi venit la ITAA! Aici pute\u021bi g\u0103si o list\u0103 de resurse utile care v\u0103 pot ajuta pe m\u0103sur\u0103 ce porni\u021bi pe drumul recuper\u0103rii.<\/p>\n<p><strong><a href=\"https:\/\/internetaddictsanonymous.org\/ro\/12-pasi-ai-itaa\/\">Cei Doisprezece Pa\u0219i \u0219i cele Dou\u0103sprezece Tradi\u021bii ale ITAA<\/a><br \/>\n<\/strong>Principiile directoare ale programului nostru.<\/p>\n<p><strong><a href=\"https:\/\/internetaddictsanonymous.org\/ro\/ghid-pentru-noii-veniti\/\">Un ghid pentru nou-veni\u021bi<\/a><br \/>\n<\/strong>O list\u0103 de \u0219ase sugestii simple pentru \u00eenceperea activit\u0103\u021bii \u00een ITAA.<\/p>\n<p><strong><a href=\"https:\/\/internetaddictsanonymous.org\/ro\/povesti-de-recuperare\/\">Pove\u0219ti de recuperare<\/a><br \/>\n<\/strong>Pove\u0219ti \u00eenregistrate \u0219i scrise de la membrii recupera\u021bi ai ITAA.<\/p>\n<p><strong><a href=\"https:\/\/internetaddictsanonymous.org\/ro\/resurse\/instrumente-de-recuperare\/\">Instrumente de recuperare<\/a><br \/>\n<\/strong>Instrumente \u0219i strategii testate \u00een timp care ne pot ajuta s\u0103 r\u0103m\u00e2nem abstinen\u021bi.<\/p>\n<p><strong><a href=\"https:\/\/internetaddictsanonymous.org\/ro\/descoperirea-sobrietatii-foaie-de-lucru-o-introducere-la-recuperarea-dependentei-de-internet\/\">Foaie de lucru pentru descoperirea sobriet\u0103\u021bii<\/a><\/strong><br \/>\nO foaie de lucru conceput\u0103 pentru a ne ajuta s\u0103 ne schi\u021b\u0103m planul de recuperare a dependen\u021bei de internet, cu \u00eentreb\u0103ri \u0219i \u00eendemnuri de urmat.<\/p>\n<p><a href=\"https:\/\/internetaddictsanonymous.org\/ro\/un-ghid-al-sobrietatii-alunecari-si-recidive-in-itaa\/\"><strong>\u00cen\u021belegerea sobriet\u0103\u021bii, a alunec\u0103rilor \u0219i a recidivelor<\/strong><\/a><br \/>\nO prezentare general\u0103 a ceea ce \u00eenseamn\u0103 sobrietatea \u00een ITAA, precum \u0219i a modului de a preveni \u0219i de a cre\u0219te \u00een urma derapajelor \u0219i recidivelor.<\/p>\n<p><a href=\"https:\/\/internetaddictsanonymous.org\/ro\/un-ghid-al-retragerilor\/\"><strong>Gestionarea retragerilor<\/strong><\/a><br \/>\nO descriere a procesului de retragere, \u00eempreun\u0103 cu pove\u0219ti de recuperare de la patru membri.<\/p>\n<p><strong><a href=\"https:\/\/internetaddictsanonymous.org\/ro\/un-ghid-pentru-apelurile-de-proximitate-in-itaa\/\">Efectuarea de apeluri de proximitate<\/a><br \/>\n<\/strong>Un ghid pentru apelarea altor membri \u00een afara reuniunilor.<\/p>\n<p><a href=\"https:\/\/internetaddictsanonymous.org\/ro\/sponsorizare\/\"><strong>Importan\u021ba sponsoriz\u0103rii<\/strong><\/a><br \/>\nSponsorizarea este o rela\u021bie informal\u0103 \u00een care un membru mai experimentat al ITAA ne ajut\u0103 s\u0103 ne \u00eendrum\u0103m pe parcursul recuper\u0103rii.<\/p>\n<p><a href=\"https:\/\/internetaddictsanonymous.org\/ro\/resurse\/literature\/\"><strong>Resurse Stepworking<\/strong><\/a><br \/>\nAceast\u0103 pagin\u0103 include link-uri c\u0103tre literatura din alte programe pe care o putem folosi pentru a lucra la Pa\u0219i, precum \u0219i unele resurse informale suplimentare dezvoltate de membrii ITAA.<\/p>\n<p><a href=\"https:\/\/internetaddictsanonymous.org\/ro\/serviciu\/\"><strong>Un ghid pentru servicii<\/strong><\/a><br \/>\nO prezentare general\u0103 a modurilor \u00een care putem face servicii \u0219i sprijini recuperarea altor membri.<\/p>\n<p><strong><a href=\"https:\/\/internetaddictsanonymous.org\/ro\/siguranta-in-itaa\/\">Siguran\u021ba \u00een ITAA<\/a><br \/>\n<\/strong>Un ghid pentru a reac\u021biona la un comportament nesigur sau inadecvat.<\/p>\n<p><a href=\"https:\/\/internetaddictsanonymous.org\/ro\/the-doctors-opinion\/\"><strong>Dovezile \u0219tiin\u021bifice privind dependen\u021ba de internet \u0219i tehnologie<\/strong><\/a><br \/>\nO prezentare general\u0103 a literaturii \u0219tiin\u021bifice privind efectele \u0219i consecin\u021bele dependen\u021bei de internet \u0219i de tehnologie.<\/p>\n<!-- PMB print buttons is only displayed on a single post\/page URLs-->","protected":false},"excerpt":{"rendered":"<p>Bun venit la ITAA! Aici pute\u021bi g\u0103si o list\u0103 de resurse utile care v\u0103 pot ajuta pe m\u0103sur\u0103 ce v\u0103 angaja\u021bi \u00een c\u0103l\u0103toria de recuperare. Cei doisprezece pa\u0219i \u0219i cele dou\u0103sprezece tradi\u021bii ale ITAA. Principiile c\u0103l\u0103uzitoare ale programului nostru. Un ghid pentru nou-veni\u021bi. O list\u0103 de \u0219ase sugestii simple pentru a \u00eencepe \u00een ITAA. Pove\u0219ti de recuperare \u00eenregistrate... <a href=\"https:\/\/internetaddictsanonymous.org\/ro\/resources\/\" class=\"more-link\">Continu\u0103 s\u0103 cite\u0219ti <span class=\"screen-reader-text\">Resurse<\/span><\/a><\/p>","protected":false},"author":35194237,"featured_media":0,"parent":0,"menu_order":0,"comment_status":"closed","ping_status":"closed","template":"full-width-page.php","meta":{"inline_featured_image":false,"_lmt_disableupdate":"","_lmt_disable":"","jetpack_post_was_ever_published":false,"footnotes":""},"tags":[],"class_list":["post-42","page","type-page","status-publish","hentry"],"yoast_head":"<!-- This site is optimized with the Yoast SEO plugin v27.1.1 - https:\/\/yoast.com\/product\/yoast-seo-wordpress\/ -->\n<title>Resources &#8211; Internet and Technology Addicts Anonymous<\/title>\n<meta name=\"robots\" content=\"index, follow, max-snippet:-1, max-image-preview:large, max-video-preview:-1\" \/>\n<link rel=\"canonical\" href=\"https:\/\/internetaddictsanonymous.org\/ro\/resurse\/\" \/>\n<meta property=\"og:locale\" content=\"ro_RO\" \/>\n<meta property=\"og:type\" content=\"article\" \/>\n<meta property=\"og:title\" content=\"Resources &#8211; Internet and Technology Addicts Anonymous\" \/>\n<meta property=\"og:description\" content=\"Welcome to ITAA! Here you can find a list of helpful resources that may help you as you embark on your recovery journey. The Twelve Steps and Twelve Traditions of ITAA The guiding principles of our program. A Guide For Newcomers A list of six simple suggestions for getting started in ITAA. Recovery Stories Recorded &hellip; Continu\u0103 s\u0103 cite\u0219ti Resources\" \/>\n<meta property=\"og:url\" content=\"https:\/\/internetaddictsanonymous.org\/ro\/resurse\/\" \/>\n<meta property=\"og:site_name\" content=\"Internet and Technology Addicts Anonymous\" \/>\n<meta property=\"article:modified_time\" content=\"2023-01-31T01:17:53+00:00\" \/>\n<meta name=\"twitter:card\" content=\"summary_large_image\" \/>\n<meta name=\"twitter:label1\" content=\"Timp estimat pentru citire\" \/>\n\t<meta name=\"twitter:data1\" content=\"2 minute\" \/>\n<script type=\"application\/ld+json\" class=\"yoast-schema-graph\">{\"@context\":\"https:\/\/schema.org\",\"@graph\":[{\"@type\":\"WebPage\",\"@id\":\"https:\/\/internetaddictsanonymous.org\/resources\/\",\"url\":\"https:\/\/internetaddictsanonymous.org\/resources\/\",\"name\":\"Resources &#8211; Internet and Technology Addicts Anonymous\",\"isPartOf\":{\"@id\":\"https:\/\/internetaddictsanonymous.org\/#website\"},\"datePublished\":\"2018-02-17T02:04:58+00:00\",\"dateModified\":\"2023-01-31T01:17:53+00:00\",\"breadcrumb\":{\"@id\":\"https:\/\/internetaddictsanonymous.org\/resources\/#breadcrumb\"},\"inLanguage\":\"ro-RO\",\"potentialAction\":[{\"@type\":\"ReadAction\",\"target\":[\"https:\/\/internetaddictsanonymous.org\/resources\/\"]}]},{\"@type\":\"BreadcrumbList\",\"@id\":\"https:\/\/internetaddictsanonymous.org\/resources\/#breadcrumb\",\"itemListElement\":[{\"@type\":\"ListItem\",\"position\":1,\"name\":\"Home\",\"item\":\"https:\/\/internetaddictsanonymous.org\/\"},{\"@type\":\"ListItem\",\"position\":2,\"name\":\"Resources\"}]},{\"@type\":\"WebSite\",\"@id\":\"https:\/\/internetaddictsanonymous.org\/#website\",\"url\":\"https:\/\/internetaddictsanonymous.org\/\",\"name\":\"Internet and Technology Addicts Anonymous\",\"description\":\"Worldwide 12-step Fellowship for Internet and Technology Addiction\",\"publisher\":{\"@id\":\"https:\/\/internetaddictsanonymous.org\/#organization\"},\"potentialAction\":[{\"@type\":\"SearchAction\",\"target\":{\"@type\":\"EntryPoint\",\"urlTemplate\":\"https:\/\/internetaddictsanonymous.org\/?s={search_term_string}\"},\"query-input\":{\"@type\":\"PropertyValueSpecification\",\"valueRequired\":true,\"valueName\":\"search_term_string\"}}],\"inLanguage\":\"ro-RO\"},{\"@type\":\"Organization\",\"@id\":\"https:\/\/internetaddictsanonymous.org\/#organization\",\"name\":\"Internet and Technology Addicts Anonymous\",\"url\":\"https:\/\/internetaddictsanonymous.org\/\",\"logo\":{\"@type\":\"ImageObject\",\"inLanguage\":\"ro-RO\",\"@id\":\"https:\/\/internetaddictsanonymous.org\/#\/schema\/logo\/image\/\",\"url\":\"https:\/\/internetaddictsanonymous.org\/wp-content\/uploads\/2023\/01\/cropped-ITAA-logo-480px.png\",\"contentUrl\":\"https:\/\/internetaddictsanonymous.org\/wp-content\/uploads\/2023\/01\/cropped-ITAA-logo-480px.png\",\"width\":480,\"height\":480,\"caption\":\"Internet and Technology Addicts Anonymous\"},\"image\":{\"@id\":\"https:\/\/internetaddictsanonymous.org\/#\/schema\/logo\/image\/\"}}]}<\/script>\n<!-- \/ Yoast SEO plugin. -->","yoast_head_json":{"title":"Resurse - Dependen\u021bii de Internet \u0219i Tehnologie Anonimi","robots":{"index":"index","follow":"follow","max-snippet":"max-snippet:-1","max-image-preview":"max-image-preview:large","max-video-preview":"max-video-preview:-1"},"canonical":"https:\/\/internetaddictsanonymous.org\/ro\/resurse\/","og_locale":"ro_RO","og_type":"article","og_title":"Resources &#8211; Internet and Technology Addicts Anonymous","og_description":"Welcome to ITAA! Here you can find a list of helpful resources that may help you as you embark on your recovery journey. The Twelve Steps and Twelve Traditions of ITAA The guiding principles of our program. A Guide For Newcomers A list of six simple suggestions for getting started in ITAA. Recovery Stories Recorded &hellip; Continu\u0103 s\u0103 cite\u0219ti Resources","og_url":"https:\/\/internetaddictsanonymous.org\/ro\/resurse\/","og_site_name":"Internet and Technology Addicts Anonymous","article_modified_time":"2023-01-31T01:17:53+00:00","twitter_card":"summary_large_image","twitter_misc":{"Timp estimat pentru citire":"2 minute"},"schema":{"@context":"https:\/\/schema.org","@graph":[{"@type":"WebPage","@id":"https:\/\/internetaddictsanonymous.org\/resources\/","url":"https:\/\/internetaddictsanonymous.org\/resources\/","name":"Resurse - Dependen\u021bii de Internet \u0219i Tehnologie Anonimi","isPartOf":{"@id":"https:\/\/internetaddictsanonymous.org\/#website"},"datePublished":"2018-02-17T02:04:58+00:00","dateModified":"2023-01-31T01:17:53+00:00","breadcrumb":{"@id":"https:\/\/internetaddictsanonymous.org\/resources\/#breadcrumb"},"inLanguage":"ro-RO","potentialAction":[{"@type":"ReadAction","target":["https:\/\/internetaddictsanonymous.org\/resources\/"]}]},{"@type":"BreadcrumbList","@id":"https:\/\/internetaddictsanonymous.org\/resources\/#breadcrumb","itemListElement":[{"@type":"ListItem","position":1,"name":"Home","item":"https:\/\/internetaddictsanonymous.org\/"},{"@type":"ListItem","position":2,"name":"Resources"}]},{"@type":"WebSite","@id":"https:\/\/internetaddictsanonymous.org\/#website","url":"https:\/\/internetaddictsanonymous.org\/","name":"Dependen\u021bii de Internet \u0219i Tehnologie Anonimi","description":"Fr\u0103\u021bie mondial\u0103 \u00een 12 pa\u0219i pentru dependen\u021ba de internet \u0219i tehnologie","publisher":{"@id":"https:\/\/internetaddictsanonymous.org\/#organization"},"potentialAction":[{"@type":"SearchAction","target":{"@type":"EntryPoint","urlTemplate":"https:\/\/internetaddictsanonymous.org\/?s={search_term_string}"},"query-input":{"@type":"PropertyValueSpecification","valueRequired":true,"valueName":"search_term_string"}}],"inLanguage":"ro-RO"},{"@type":"Organization","@id":"https:\/\/internetaddictsanonymous.org\/#organization","name":"Dependen\u021bii de Internet \u0219i Tehnologie Anonimi","url":"https:\/\/internetaddictsanonymous.org\/","logo":{"@type":"ImageObject","inLanguage":"ro-RO","@id":"https:\/\/internetaddictsanonymous.org\/#\/schema\/logo\/image\/","url":"https:\/\/internetaddictsanonymous.org\/wp-content\/uploads\/2023\/01\/cropped-ITAA-logo-480px.png","contentUrl":"https:\/\/internetaddictsanonymous.org\/wp-content\/uploads\/2023\/01\/cropped-ITAA-logo-480px.png","width":480,"height":480,"caption":"Internet and Technology Addicts Anonymous"},"image":{"@id":"https:\/\/internetaddictsanonymous.org\/#\/schema\/logo\/image\/"}}]}},"jetpack_sharing_enabled":false,"jetpack_shortlink":"https:\/\/wp.me\/P9Fwob-G","_links":{"self":[{"href":"https:\/\/internetaddictsanonymous.org\/ro\/wp-json\/wp\/v2\/pages\/42","targetHints":{"allow":["GET"]}}],"collection":[{"href":"https:\/\/internetaddictsanonymous.org\/ro\/wp-json\/wp\/v2\/pages"}],"about":[{"href":"https:\/\/internetaddictsanonymous.org\/ro\/wp-json\/wp\/v2\/types\/page"}],"author":[{"embeddable":true,"href":"https:\/\/internetaddictsanonymous.org\/ro\/wp-json\/wp\/v2\/users\/35194237"}],"replies":[{"embeddable":true,"href":"https:\/\/internetaddictsanonymous.org\/ro\/wp-json\/wp\/v2\/comments?post=42"}],"version-history":[{"count":23,"href":"https:\/\/internetaddictsanonymous.org\/ro\/wp-json\/wp\/v2\/pages\/42\/revisions"}],"predecessor-version":[{"id":15258,"href":"https:\/\/internetaddictsanonymous.org\/ro\/wp-json\/wp\/v2\/pages\/42\/revisions\/15258"}],"wp:attachment":[{"href":"https:\/\/internetaddictsanonymous.org\/ro\/wp-json\/wp\/v2\/media?parent=42"}],"wp:term":[{"taxonomy":"post_tag","embeddable":true,"href":"https:\/\/internetaddictsanonymous.org\/ro\/wp-json\/wp\/v2\/tags?post=42"}],"curies":[{"name":"wp","href":"https:\/\/api.w.org\/{rel}","templated":true}]}}