{"id":4484,"date":"2019-01-07T06:09:19","date_gmt":"2019-01-07T06:09:19","guid":{"rendered":"https:\/\/internetaddictsanonymous.org\/?page_id=4484"},"modified":"2026-03-17T17:14:35","modified_gmt":"2026-03-18T00:14:35","slug":"intalniri-online","status":"publish","type":"page","link":"https:\/\/internetaddictsanonymous.org\/ro\/online-meetings\/","title":{"rendered":"\u00cent\u00e2lniri online\/telefonice"},"content":{"rendered":"<p><strong><mark style=\"background-color:rgba(0, 0, 0, 0);color:#000000\" class=\"has-inline-color\">Pe l\u00e2ng\u0103 participarea la <a href=\"https:\/\/internetaddictsanonymous.org\/ro\/intalniri-in-persoana\/\">\u00eent\u00e2lniri \u00een persoan\u0103<\/a>, <\/mark><\/strong><mark style=\"background-color:rgba(0, 0, 0, 0);color:#000000\" class=\"has-inline-color\"><strong>\u00cent\u00e2lnirile online sunt o resurs\u0103 incredibil\u0103 care, \u00een cele din urm\u0103, ne ajut\u0103 s\u0103 cheltuim bani&nbsp;<em>mai pu\u021bin<\/em>&nbsp;timpul pe ecran<\/strong>.<\/mark> \u00cen procesul de recuperare, c\u0103ut\u0103m s\u0103 identific\u0103m \u0219i s\u0103 ne ab\u021binem de la utilizarea compulsiv\u0103 a internetului, \u00eenv\u0103\u021b\u00e2nd totodat\u0103 s\u0103 folosim tehnologia \u00eentr-un mod s\u0103n\u0103tos \u0219i func\u021bional. Dac\u0103 e\u0219ti nou \u00een procesul de recuperare, te \u00eencuraj\u0103m s\u0103 \u00eencerci s\u0103 participi la \u0219ase \u00eent\u00e2lniri \u00eentr-un interval scurt de timp pentru a vedea dac\u0103 programul nostru \u021bi-ar putea fi de ajutor.<\/p>\n\n\n\n<p><mark style=\"background-color: rgba(0, 0, 0, 0);\" class=\"has-inline-color has-dark-gray-color\"><b>Orele de \u00eent\u00e2lnire sunt afi\u0219ate \u00een fusul orar local.<\/b><\/mark> V\u0103 rug\u0103m s\u0103 re\u021bine\u021bi c\u0103 ave\u021bi nevoie de un <a href=\"http:\/\/zoom.us\/\">Cont Zoom<\/a> s\u0103 participa\u021bi prin video, de\u0219i pute\u021bi \u0219i s\u0103 apela\u021bi telefonul. De\u0219i majoritatea \u00eent\u00e2lnirilor sunt \u00een limba englez\u0103, pute\u021bi activa subtitr\u0103rile traduse \u00een limba dvs. f\u0103c\u00e2nd clic pe butonul \u201cSubtitr\u0103ri\u201d din partea de jos a ecranului Zoom \u0219i activ\u00e2nd traducerea. De asemenea, avem \u00eent\u00e2lniri \u00een\u00a0<a href=\"https:\/\/internetaddictsanonymous.org\/fr\/itaa-en-francais\/\">francez\u0103<\/a>,\u00a0<a href=\"https:\/\/internetaddictsanonymous.org\/es\/espanol\/\">spaniol\u0103<\/a>,\u00a0<a href=\"https:\/\/internetaddictsanonymous.org\/ru\/itaa-%d0%bd%d0%b0-%d1%80%d1%83%d1%81%d1%81%d0%ba%d0%be%d0%bc-%d1%8f%d0%b7%d1%8b%d0%ba%d0%b5\/\">Rus\u0103<\/a>,\u00a0<a href=\"https:\/\/internetaddictsanonymous.org\/de\/itaa-in-german\/\">german\u0103<\/a>, <a href=\"https:\/\/internetaddictsanonymous.org\/he\/%d7%90%d7%99%d7%98%d7%90-%d7%91%d7%a2%d7%91%d7%a8%d7%99%d7%aa\/\">ebraic\u0103<\/a>, <a href=\"https:\/\/internetaddictsanonymous.org\/pt\/portuguese\/\">Portughez\u0103<\/a>, <a href=\"https:\/\/internetaddictsanonymous.org\/ar\/itaa-%d8%a8%d8%a7%d9%84%d9%84%d8%ba%d8%a9-%d8%a7%d9%84%d8%b9%d8%b1%d8%a8%d9%8a%d8%a9\/\">arab\u0103<\/a>, <a href=\"https:\/\/internetaddictsanonymous.org\/pl\/itaa-in-polish\/\">polonez\u0103<\/a>, <a href=\"https:\/\/internetaddictsanonymous.org\/nl\/nederlands\/\" type=\"link\" id=\"https:\/\/internetaddictsanonymous.org\/nl\/nederlands\/\">olandez\u0103<\/a> \u0219i <a href=\"https:\/\/internetaddictsanonymous.org\/fa\/itaa-in-persian\/\">persan\u0103<\/a>. V\u0103 rog <a href=\"https:\/\/internetaddictsanonymous.org\/ro\/contact\/\">contacta\u021bi-ne prin intermediul formularului de contact<\/a> dac\u0103 ave\u021bi probleme \u00een a v\u0103 al\u0103tura unei reuniuni sau dac\u0103 participa\u021bi la o reuniune la care nu exist\u0103 un pre\u0219edinte.<\/p>\n\n\n\n<p><em><strong>Au existat recent incidente de trolling pe Zoom.<\/strong>&nbsp; V\u0103 rog <em>cite\u0219te <a href=\"http:\/\/internetaddictsanonymous.org\/ro\/orientari-privind-securitatea-pentru-gazdele-reuniunilor-itaa\/\">Instruc\u021biuni de securitate pentru \u00eent\u00e2lnirile ITAA<\/a><\/em> \u0219i raporta\u021bi orice incidente suplimentare webmasterilor.<\/em><\/p>\n\n\n<p><iframe style=\"height: 1150px; width: 100%;\" src=\"https:\/\/teamup.com\/ksahzu4xdr66wve679?view=d&amp;showHeader=0&amp;showLogo=0&amp;showTitle=0&amp;showSidepanel=0&amp;showViewSelector=1\" width=\"100%\" height=\"1150\" frameborder=\"0\"><\/iframe><\/p>\n\n\n<p>De asemenea, avem un <a href=\"https:\/\/internetaddictsanonymous.org\/ro\/intalniri-cu-vorbitori\/\" target=\"_blank\" rel=\"noreferrer noopener\">calendar<\/a> care afi\u0219eaz\u0103 \u00eent\u00e2lniri \u00een care un membru ITAA deschide \u00eent\u00e2lnirea cu un vorbitor care \u00ee\u0219i \u00eemp\u0103rt\u0103\u0219e\u0219te experien\u021ba, puterea \u0219i speran\u021ba.<\/p>\n\n\n\n<h3 class=\"wp-block-heading\"><strong>Un ghid pentru codul de culori al reuniunii:<\/strong><\/h3>\n\n\n\n<p>- <strong><mark style=\"background-color:rgba(0, 0, 0, 0);color:#4770d8\" class=\"has-inline-color\">Albastru<\/mark><\/strong> \u00eent\u00e2lnirile sunt destinate dependen\u021bilor de internet \u0219i de tehnologie, precum \u0219i tuturor celor care analizeaz\u0103 dac\u0103 ar putea avea o problem\u0103. Nou-veni\u021bii sunt bineveni\u021bi.<br>- <strong><mark style=\"background-color:rgba(0, 0, 0, 0);color:#A52A2A\" class=\"has-inline-color\">Maro<\/mark><\/strong> \u00cent\u00e2lnirile sunt primele \u00eent\u00e2lniri ale unui atelier cu pa\u0219i \u00eenchisi Open Path, \u00een care un grup de ITAA-uri se reune\u0219te pentru a studia cei 12 pa\u0219i ai no\u0219tri. \u00cent\u00e2lnirile ini\u021biale sunt deschise; cu toate acestea, este necesar s\u0103 participa\u021bi la prima \u00eent\u00e2lnire, dup\u0103 care atelierul este \u00eenchis.<br>- <strong><mark style=\"background-color:rgba(0, 0, 0, 0);color:#88b347\" class=\"has-inline-color\">Verde<\/mark><\/strong> sunt \u00eent\u00e2lniri cu evenimente speciale. Acestea pot fi s\u0103rb\u0103tori cu tematic\u0103 de vacan\u021b\u0103 sau alte \u00eent\u00e2lniri la nivelul comunit\u0103\u021bii.<br>- <strong><mark style=\"background-color:rgba(0, 0, 0, 0);color:#757575\" class=\"has-inline-color\">Gri cu dungi<\/mark><\/strong> \u00eent\u00e2lnirile sunt \u00eentr-o limb\u0103 care nu este engleza. <br>- <strong><mark style=\"background-color:rgba(0, 0, 0, 0);color:#f58a4b\" class=\"has-inline-color\">Portocaliu<\/mark><\/strong> sunt \u00eent\u00e2lniri de serviciu ITAA pentru discutarea problemelor legate de administra\u021bie \u0219i servicii. Acestea sunt deschise oric\u0103rui membru al ITAA.<br>- <strong><mark style=\"background-color:rgba(0, 0, 0, 0);color:#f5699a\" class=\"has-inline-color\">Roz cu dungi<\/mark><\/strong> sunt \u00eent\u00e2lniri cu vorbitori, \u00een care un membru al ITAA deschide \u00eent\u00e2lnirea \u00eemp\u0103rt\u0103\u0219indu-\u0219i povestea, experien\u021ba, puterea \u0219i speran\u021ba.<br><em>- <\/em><strong><mark style=\"background-color:rgba(0, 0, 0, 0);color:#b586e2\" class=\"has-inline-color\">Violet<\/mark><\/strong> \u00eent\u00e2lnirile sunt destinate dependen\u021bilor de internet \u0219i tehnologie, nou-veni\u021bilor \u0219i non-dependen\u021bilor interesa\u021bi de programul ITAA de recuperare de la dependen\u021b\u0103. Aceasta poate include prieteni, familie, cercet\u0103tori sau jurnali\u0219ti. Cei care nu se identific\u0103 ca dependen\u021bi de internet \u0219i tehnologie pot participa la \u00eent\u00e2lnirile purpurii \u00een calitate de observatori. Va exista timp dup\u0103 \u00eent\u00e2lnire pentru a pune \u00eentreb\u0103ri.<\/p>\n\n\n\n<h3 class=\"wp-block-heading\"><strong>Cum func\u021bioneaz\u0103 reuniunile?<\/strong><\/h3>\n\n\n\n<p>Dac\u0103 participa\u021bi pentru prima dat\u0103 la o reuniune, nu trebuie s\u0103 fi\u021bi nervos. Majoritatea \u0219edin\u021belor noastre sunt foarte simple; fiecare \u0219edin\u021b\u0103 are un pre\u0219edinte care conduce \u0219edin\u021ba, iar majoritatea \u0219edin\u021belor dureaz\u0103 o or\u0103. Pre\u0219edintele \u0219i al\u021bi voluntari citesc c\u00e2teva declara\u021bii de deschidere, \u00eenainte de a deschide \u0219edin\u021ba pentru ca membrii s\u0103 \u00eemp\u0103rt\u0103\u0219easc\u0103. Nu exist\u0103 nicio obliga\u021bie de a \u00eemp\u0103rt\u0103\u0219i, \u0219i este \u00een regul\u0103 doar s\u0103 asculta\u021bi. Pute\u021bi s\u0103 ne spune\u021bi ce mai face\u021bi sau pur \u0219i simplu s\u0103 v\u0103 prezenta\u021bi \u0219i ce v-a adus la ITAA. Cu excep\u021bia cazului \u00een care este solicitat de membrul care \u00eemp\u0103rt\u0103\u0219e\u0219te, nu oferim sugestii sau comentarii ca r\u0103spuns la ceea ce \u00eemp\u0103rt\u0103\u0219esc ceilal\u021bi; pur \u0219i simplu ascult\u0103m f\u0103r\u0103 a judeca. La sf\u00e2r\u0219itul orei, \u00eent\u00e2lnirea se va \u00eencheia cu c\u00e2teva declara\u021bii de \u00eencheiere, dup\u0103 care membrii r\u0103m\u00e2n de obicei la telefon pentru a discuta ocazional, a pune \u00eentreb\u0103ri \u0219i a face schimb de date de contact.<\/p>\n\n\n\n<h3 class=\"wp-block-heading\"><strong>Denumiri diferite ale reuniunilor<\/strong><\/h3>\n\n\n\n<p>Multe \u00eent\u00e2lniri din calendar au nume unice. Acesta este un mod prietenos de a ajuta membrii s\u0103 disting\u0103 \u00eent\u00e2lnirile \u00eentre ele. Unele \u00eent\u00e2lniri pot avea formate speciale \u0219i pute\u021bi s\u0103 trece\u021bi peste sau s\u0103 face\u021bi clic pe o \u00eent\u00e2lnire pentru a vedea detaliile \u00eent\u00e2lnirii. Dac\u0103 nu exist\u0103 detalii despre \u00eent\u00e2lnire, aceasta urmeaz\u0103 probabil o anumit\u0103 versiune a formatului standard <a href=\"https:\/\/internetaddictsanonymous.org\/ro\/programul-reuniunilor-online\/scenariu-de-intalnire\/\">scenariu de \u00eent\u00e2lnire<\/a>. Fiecare \u00eent\u00e2lnire este independent\u0103 \u0219i are o arom\u0103 u\u0219or diferit\u0103 - dac\u0103 nu sunte\u021bi sigur la care s\u0103 v\u0103 al\u0103tura\u021bi, pute\u021bi \u00eencerca c\u00e2teva \u00eent\u00e2lniri diferite pentru a vedea care dintre ele rezoneaz\u0103 cu dumneavoastr\u0103.<\/p>\n\n\n\n<h3 class=\"wp-block-heading\"><strong>Securitate<\/strong><\/h3>\n\n\n\n<p>Reuniunile noastre au partajarea ecranului dezactivat\u0103 \u0219i criptarea activat\u0103. Gazdele au posibilitatea de a \u00eentrerupe \u0219i de a elimina orice participant care deranjeaz\u0103. Dac\u0103 g\u0103zdui\u021bi o reuniune, v\u0103 suger\u0103m s\u0103 citi\u021bi documentul ITAA <a href=\"https:\/\/internetaddictsanonymous.org\/ro\/orientari-privind-securitatea-pentru-gazdele-reuniunilor-itaa\/\">ghid privind modul de prevenire \u0219i r\u0103spuns la perturb\u0103ri<\/a>.<\/p>\n\n\n\n<h3 class=\"wp-block-heading\"><strong>Resurse legate de accesibilitate<\/strong><\/h3>\n\n\n\n<p><a href=\"https:\/\/internetaddictsanonymous.org\/ro\/accesibilitate\/\">Accesibilitate pentru membrii cu deficien\u021be de vorbire \u0219i auz<\/a><\/p>\n\n\n\n<p><a href=\"https:\/\/support.zoom.us\/hc\/en-us\/articles\/201362893-How-much-bandwidth-do-I-need-when-using-3G-or-4G-LTE\">L\u0103\u021bimea de band\u0103 necesar\u0103 atunci c\u00e2nd utiliza\u021bi 3G, 4G\/LTE sau 5G (support.zoom.us)<\/a><\/p>\n\n\n\n<p><a href=\"https:\/\/support.zoom.us\/hc\/en-us\/articles\/4409500570381-Stopping-all-incoming-video-in-a-meeting-or-webinar\">Cum s\u0103 opri\u021bi toate materialele video primite (support.zoom.us<\/a>)<\/p>\n<!-- PMB print buttons is only displayed on a single post\/page URLs-->","protected":false},"excerpt":{"rendered":"<p>Pe l\u00e2ng\u0103 participarea la \u00eent\u00e2lniri fa\u021b\u0103 \u00een fa\u021b\u0103, \u00eent\u00e2lnirile online sunt o resurs\u0103 incredibil\u0103 care, \u00een cele din urm\u0103, ne ajut\u0103 s\u0103 petrecem mai pu\u021bin timp \u00een fa\u021ba ecranelor. \u00cen recuperare, c\u0103ut\u0103m s\u0103 identific\u0103m \u0219i s\u0103 ne ab\u021binem de la utilizarea compulsiv\u0103 a internetului, \u00eenv\u0103\u021b\u00e2nd totodat\u0103 s\u0103 folosim tehnologia \u00eentr-un mod s\u0103n\u0103tos \u0219i func\u021bional. Dac\u0103 e\u0219ti nou, te \u00eencuraj\u0103m s\u0103 \u00eencerci s\u0103 participi la \u0219ase \u00eent\u00e2lniri... <a href=\"https:\/\/internetaddictsanonymous.org\/ro\/online-meetings\/\" class=\"more-link\">Continu\u0103 s\u0103 cite\u0219ti <span class=\"screen-reader-text\">\u00cent\u00e2lniri online\/telefonice<\/span><\/a><\/p>","protected":false},"author":35194237,"featured_media":0,"parent":0,"menu_order":0,"comment_status":"closed","ping_status":"closed","template":"full-width-page.php","meta":{"inline_featured_image":false,"_lmt_disableupdate":"no","_lmt_disable":"","footnotes":""},"tags":[655524910,655524912,655524911],"class_list":["post-4484","page","type-page","status-publish","hentry","tag-meeting-times","tag-online-meeting-access-instructions","tag-phone-meeting-numbers"],"yoast_head":"<!-- This site is optimized with the Yoast SEO plugin v27.5 - https:\/\/yoast.com\/product\/yoast-seo-wordpress\/ -->\n<title>Online\/Phone Meetings &#8211; Internet and Technology Addicts Anonymous<\/title>\n<meta name=\"robots\" content=\"index, follow, max-snippet:-1, max-image-preview:large, max-video-preview:-1\" \/>\n<link rel=\"canonical\" href=\"https:\/\/internetaddictsanonymous.org\/ro\/intalniri-online\/\" \/>\n<meta property=\"og:locale\" content=\"ro_RO\" \/>\n<meta property=\"og:type\" content=\"article\" \/>\n<meta property=\"og:title\" content=\"Online\/Phone Meetings &#8211; Internet and Technology Addicts Anonymous\" \/>\n<meta property=\"og:description\" content=\"In addition to attending in-person meetings, online meetings are an incredible resource that ultimately help us spend&nbsp;less&nbsp;time on the screen. In recovery, we seek to identify and abstain from compulsive internet use while also learning to use technology in a healthy, functional way. If you are new, we encourage you to try attending six meetings &hellip; Continu\u0103 s\u0103 cite\u0219ti Online\/Phone Meetings\" \/>\n<meta property=\"og:url\" content=\"https:\/\/internetaddictsanonymous.org\/ro\/intalniri-online\/\" \/>\n<meta property=\"og:site_name\" content=\"Internet and Technology Addicts Anonymous\" \/>\n<meta property=\"article:modified_time\" content=\"2026-03-18T00:14:35+00:00\" \/>\n<meta name=\"twitter:card\" content=\"summary_large_image\" \/>\n<meta name=\"twitter:label1\" content=\"Timp estimat pentru citire\" \/>\n\t<meta name=\"twitter:data1\" content=\"4 minute\" \/>\n<script type=\"application\/ld+json\" class=\"yoast-schema-graph\">{\"@context\":\"https:\\\/\\\/schema.org\",\"@graph\":[{\"@type\":\"WebPage\",\"@id\":\"https:\\\/\\\/internetaddictsanonymous.org\\\/online-meetings\\\/\",\"url\":\"https:\\\/\\\/internetaddictsanonymous.org\\\/online-meetings\\\/\",\"name\":\"Online\\\/Phone Meetings &#8211; Internet and Technology Addicts Anonymous\",\"isPartOf\":{\"@id\":\"https:\\\/\\\/internetaddictsanonymous.org\\\/#website\"},\"datePublished\":\"2019-01-07T06:09:19+00:00\",\"dateModified\":\"2026-03-18T00:14:35+00:00\",\"breadcrumb\":{\"@id\":\"https:\\\/\\\/internetaddictsanonymous.org\\\/online-meetings\\\/#breadcrumb\"},\"inLanguage\":\"ro-RO\",\"potentialAction\":[{\"@type\":\"ReadAction\",\"target\":[\"https:\\\/\\\/internetaddictsanonymous.org\\\/online-meetings\\\/\"]}]},{\"@type\":\"BreadcrumbList\",\"@id\":\"https:\\\/\\\/internetaddictsanonymous.org\\\/online-meetings\\\/#breadcrumb\",\"itemListElement\":[{\"@type\":\"ListItem\",\"position\":1,\"name\":\"Home\",\"item\":\"https:\\\/\\\/internetaddictsanonymous.org\\\/\"},{\"@type\":\"ListItem\",\"position\":2,\"name\":\"Online\\\/Phone Meetings\"}]},{\"@type\":\"WebSite\",\"@id\":\"https:\\\/\\\/internetaddictsanonymous.org\\\/#website\",\"url\":\"https:\\\/\\\/internetaddictsanonymous.org\\\/\",\"name\":\"Internet and Technology Addicts Anonymous\",\"description\":\"Worldwide 12-step Fellowship for Internet and Technology Addiction\",\"publisher\":{\"@id\":\"https:\\\/\\\/internetaddictsanonymous.org\\\/#organization\"},\"potentialAction\":[{\"@type\":\"SearchAction\",\"target\":{\"@type\":\"EntryPoint\",\"urlTemplate\":\"https:\\\/\\\/internetaddictsanonymous.org\\\/?s={search_term_string}\"},\"query-input\":{\"@type\":\"PropertyValueSpecification\",\"valueRequired\":true,\"valueName\":\"search_term_string\"}}],\"inLanguage\":\"ro-RO\"},{\"@type\":\"Organization\",\"@id\":\"https:\\\/\\\/internetaddictsanonymous.org\\\/#organization\",\"name\":\"Internet and Technology Addicts Anonymous\",\"url\":\"https:\\\/\\\/internetaddictsanonymous.org\\\/\",\"logo\":{\"@type\":\"ImageObject\",\"inLanguage\":\"ro-RO\",\"@id\":\"https:\\\/\\\/internetaddictsanonymous.org\\\/#\\\/schema\\\/logo\\\/image\\\/\",\"url\":\"https:\\\/\\\/internetaddictsanonymous.org\\\/wp-content\\\/uploads\\\/2023\\\/01\\\/cropped-ITAA-logo-480px.png\",\"contentUrl\":\"https:\\\/\\\/internetaddictsanonymous.org\\\/wp-content\\\/uploads\\\/2023\\\/01\\\/cropped-ITAA-logo-480px.png\",\"width\":480,\"height\":480,\"caption\":\"Internet and Technology Addicts Anonymous\"},\"image\":{\"@id\":\"https:\\\/\\\/internetaddictsanonymous.org\\\/#\\\/schema\\\/logo\\\/image\\\/\"}}]}<\/script>\n<!-- \/ Yoast SEO plugin. -->","yoast_head_json":{"title":"\u00cent\u00e2lniri online\/telefonice - Dependen\u021bii de Internet \u0219i Tehnologie Anonimi","robots":{"index":"index","follow":"follow","max-snippet":"max-snippet:-1","max-image-preview":"max-image-preview:large","max-video-preview":"max-video-preview:-1"},"canonical":"https:\/\/internetaddictsanonymous.org\/ro\/intalniri-online\/","og_locale":"ro_RO","og_type":"article","og_title":"Online\/Phone Meetings &#8211; Internet and Technology Addicts Anonymous","og_description":"In addition to attending in-person meetings, online meetings are an incredible resource that ultimately help us spend&nbsp;less&nbsp;time on the screen. In recovery, we seek to identify and abstain from compulsive internet use while also learning to use technology in a healthy, functional way. If you are new, we encourage you to try attending six meetings &hellip; Continu\u0103 s\u0103 cite\u0219ti Online\/Phone Meetings","og_url":"https:\/\/internetaddictsanonymous.org\/ro\/intalniri-online\/","og_site_name":"Internet and Technology Addicts Anonymous","article_modified_time":"2026-03-18T00:14:35+00:00","twitter_card":"summary_large_image","twitter_misc":{"Timp estimat pentru citire":"4 minute"},"schema":{"@context":"https:\/\/schema.org","@graph":[{"@type":"WebPage","@id":"https:\/\/internetaddictsanonymous.org\/online-meetings\/","url":"https:\/\/internetaddictsanonymous.org\/online-meetings\/","name":"\u00cent\u00e2lniri online\/telefonice - Dependen\u021bii de Internet \u0219i Tehnologie Anonimi","isPartOf":{"@id":"https:\/\/internetaddictsanonymous.org\/#website"},"datePublished":"2019-01-07T06:09:19+00:00","dateModified":"2026-03-18T00:14:35+00:00","breadcrumb":{"@id":"https:\/\/internetaddictsanonymous.org\/online-meetings\/#breadcrumb"},"inLanguage":"ro-RO","potentialAction":[{"@type":"ReadAction","target":["https:\/\/internetaddictsanonymous.org\/online-meetings\/"]}]},{"@type":"BreadcrumbList","@id":"https:\/\/internetaddictsanonymous.org\/online-meetings\/#breadcrumb","itemListElement":[{"@type":"ListItem","position":1,"name":"Home","item":"https:\/\/internetaddictsanonymous.org\/"},{"@type":"ListItem","position":2,"name":"Online\/Phone Meetings"}]},{"@type":"WebSite","@id":"https:\/\/internetaddictsanonymous.org\/#website","url":"https:\/\/internetaddictsanonymous.org\/","name":"Dependen\u021bii de Internet \u0219i Tehnologie Anonimi","description":"Fr\u0103\u021bie mondial\u0103 \u00een 12 pa\u0219i pentru dependen\u021ba de internet \u0219i tehnologie","publisher":{"@id":"https:\/\/internetaddictsanonymous.org\/#organization"},"potentialAction":[{"@type":"SearchAction","target":{"@type":"EntryPoint","urlTemplate":"https:\/\/internetaddictsanonymous.org\/?s={search_term_string}"},"query-input":{"@type":"PropertyValueSpecification","valueRequired":true,"valueName":"search_term_string"}}],"inLanguage":"ro-RO"},{"@type":"Organization","@id":"https:\/\/internetaddictsanonymous.org\/#organization","name":"Dependen\u021bii de Internet \u0219i Tehnologie Anonimi","url":"https:\/\/internetaddictsanonymous.org\/","logo":{"@type":"ImageObject","inLanguage":"ro-RO","@id":"https:\/\/internetaddictsanonymous.org\/#\/schema\/logo\/image\/","url":"https:\/\/internetaddictsanonymous.org\/wp-content\/uploads\/2023\/01\/cropped-ITAA-logo-480px.png","contentUrl":"https:\/\/internetaddictsanonymous.org\/wp-content\/uploads\/2023\/01\/cropped-ITAA-logo-480px.png","width":480,"height":480,"caption":"Internet and Technology Addicts Anonymous"},"image":{"@id":"https:\/\/internetaddictsanonymous.org\/#\/schema\/logo\/image\/"}}]}},"jetpack_sharing_enabled":true,"jetpack_shortlink":"https:\/\/wp.me\/P9Fwob-1ak","_links":{"self":[{"href":"https:\/\/internetaddictsanonymous.org\/ro\/wp-json\/wp\/v2\/pages\/4484","targetHints":{"allow":["GET"]}}],"collection":[{"href":"https:\/\/internetaddictsanonymous.org\/ro\/wp-json\/wp\/v2\/pages"}],"about":[{"href":"https:\/\/internetaddictsanonymous.org\/ro\/wp-json\/wp\/v2\/types\/page"}],"author":[{"embeddable":true,"href":"https:\/\/internetaddictsanonymous.org\/ro\/wp-json\/wp\/v2\/users\/35194237"}],"replies":[{"embeddable":true,"href":"https:\/\/internetaddictsanonymous.org\/ro\/wp-json\/wp\/v2\/comments?post=4484"}],"version-history":[{"count":100,"href":"https:\/\/internetaddictsanonymous.org\/ro\/wp-json\/wp\/v2\/pages\/4484\/revisions"}],"predecessor-version":[{"id":21126,"href":"https:\/\/internetaddictsanonymous.org\/ro\/wp-json\/wp\/v2\/pages\/4484\/revisions\/21126"}],"wp:attachment":[{"href":"https:\/\/internetaddictsanonymous.org\/ro\/wp-json\/wp\/v2\/media?parent=4484"}],"wp:term":[{"taxonomy":"post_tag","embeddable":true,"href":"https:\/\/internetaddictsanonymous.org\/ro\/wp-json\/wp\/v2\/tags?post=4484"}],"curies":[{"name":"wp","href":"https:\/\/api.w.org\/{rel}","templated":true}]}}