{"id":9095,"date":"2019-11-12T19:19:38","date_gmt":"2019-11-12T19:19:38","guid":{"rendered":"https:\/\/internetaddictsanonymous.org\/?page_id=9095"},"modified":"2024-03-02T10:03:10","modified_gmt":"2024-03-02T15:03:10","slug":"inceperea-unei-noi-intalniri-fata-in-fata","status":"publish","type":"page","link":"https:\/\/internetaddictsanonymous.org\/ro\/starting-a-new-face-to-face-meeting\/","title":{"rendered":"\u00cenceperea unei noi \u00eent\u00e2lniri"},"content":{"rendered":"<p>Aici pute\u021bi g\u0103si c\u00e2teva sugestii despre cum s\u0103 \u00eencepe\u021bi o nou\u0103 \u00eent\u00e2lnire, fie online, fie fa\u021b\u0103 \u00een fa\u021b\u0103 \u00een zona dvs. \u00cenceperea unei noi \u00eent\u00e2lniri este un act incredibil de serviciu care v\u0103 poate ajuta nu numai pe dvs., ci \u0219i pe al\u021bi dependen\u021bi din zona dvs. care se confrunt\u0103 cu dificult\u0103\u021bi.<\/p>\n\n\n\n<p>\u2022 Vestea bun\u0103 este c\u0103 \u00eenceperea unei noi \u00eent\u00e2lniri este foarte simpl\u0103! Oricine, oriunde, poate \u00eencepe o \u00eent\u00e2lnire ITAA \u2013 nu este nevoie s\u0103 prime\u0219ti permisiunea nim\u0103nui. <\/p>\n\n\n\n<p>\u2022 V\u0103 recomand\u0103m s\u0103 citi\u021bi \u201c<a href=\"https:\/\/www.aa.org\/assets\/en_US\/en_bigbook_chapt11.pdf\">O viziune pentru tine<\/a>\u201d\u00een Marea Carte a AA. Capitolul este incredibil de inspirator \u0219i include sfaturi practice \u0219i \u00eendrum\u0103ri pentru cei care doresc s\u0103 \u00eenceap\u0103 noi \u00eent\u00e2lniri.\u201d.<\/p>\n\n\n\n<p>- <a href=\"https:\/\/internetaddictsanonymous.org\/ro\/12-pasi-ai-itaa\/\">Cele dou\u0103sprezece tradi\u021bii ale ITAA<\/a> sunt ghiduri utile \u00een organizarea unei noi \u00eent\u00e2lniri.<\/p>\n\n\n\n<p>\u2022 Ai nevoie doar de dou\u0103 persoane care doresc s\u0103 se recupereze dup\u0103 dependen\u021ba de internet \u0219i tehnologie pentru a \u00eencepe o \u00eent\u00e2lnire.<\/p>\n\n\n\n<p>\u2022 Dac\u0103 \u00eencepe\u021bi o \u00eent\u00e2lnire fa\u021b\u0103 \u00een fa\u021b\u0103, poate fi o idee bun\u0103 s\u0103 c\u0103uta\u021bi locuri unde se \u021bin alte \u00eent\u00e2lniri \u00een 12 pa\u0219i \u0219i s\u0103 \u00eentreba\u021bi dac\u0103 au spa\u021biu disponibil pentru a \u00eencepe o nou\u0103 \u00eent\u00e2lnire ITAA. Dup\u0103 ce v-a\u021bi hot\u0103r\u00e2t asupra unei loca\u021bii, ne pute\u021bi comunica locul \u00eent\u00e2lnirii, ora \u0219i datele de contact, iar noi le putem lista pe pagina \u00eent\u00e2lnirilor fa\u021b\u0103 \u00een fa\u021b\u0103. De asemenea, pute\u021bi solicita ad\u0103ugarea unui anun\u021b pe panoul de anun\u021buri.<\/p>\n\n\n\n<p>\u2022 Dac\u0103 \u00eencepe\u021bi o \u00eent\u00e2lnire online, trimite\u021bi-ne un mesaj prin intermediul formularului de contact de pe site \u0219i \u00eel putem ad\u0103uga \u00een calendar \u0219i, dac\u0103 dori\u021bi, pe panoul de anun\u021buri. \u00cen mesajul dvs., v\u0103 rug\u0103m s\u0103 include\u021bi ziua \u0219i ora \u00eent\u00e2lnirii, numele \u00eent\u00e2lnirii \u0219i o scurt\u0103 descriere a evenimentului. De asemenea, v\u0103 rug\u0103m s\u0103 indica\u021bi \u00een mesaj dac\u0103 dori\u021bi s\u0103 utiliza\u021bi una dintre cele dou\u0103 op\u021biuni.&nbsp;<a href=\"https:\/\/internetaddictsanonymous.org\/ro\/camere-itaa-zoom\/\">Linkuri Zoom ITAA<\/a>&nbsp;(pe care orice membru ITAA \u00eel poate folosi) sau un link alternativ pentru \u00eent\u00e2lnire. De asemenea, v\u0103 \u00eencuraj\u0103m s\u0103 citi\u021bi <a href=\"https:\/\/internetaddictsanonymous.org\/ro\/orientari-privind-securitatea-pentru-gazdele-reuniunilor-itaa\/\">Sugestiile ITAA privind securitatea \u00eent\u00e2lnirilor<\/a>.<\/p>\n\n\n\n<p>\u2022 Un format util pentru \u00eent\u00e2lniri mici cu doar c\u00e2teva persoane este s\u0103 citi\u021bi din literatura celor 12 pa\u0219i. Pute\u021bi citi pe r\u00e2nd pasaje \u0219i pute\u021bi \u00eemp\u0103rt\u0103\u0219i reflec\u021bii. De asemenea, pute\u021bi folosi sau adapta <a href=\"https:\/\/internetaddictsanonymous.org\/ro\/programul-reuniunilor-online\/scenariu-de-intalnire\/\">format<\/a> pe care le folosim \u00een mod tradi\u021bional \u00een \u00eent\u00e2lnirile telefonice.<\/p>\n\n\n\n<p>\u2022 Pentru \u00eent\u00e2lnirile fa\u021b\u0103 \u00een fa\u021b\u0103, pute\u021bi pune la dispozi\u021bie <a href=\"https:\/\/www.canva.com\/design\/DADrBuzE8Jo\/vhANeFLQMqW3fv3_ndWp0w\/edit?utm_content=DADrBuzE8Jo&amp;utm_campaign=designshare&amp;utm_medium=link2&amp;utm_source=sharebutton\" target=\"_blank\" rel=\"noreferrer noopener\">flutura\u0219i<\/a>; majoritatea cluburilor cu 12 pa\u0219i au un loc unde pute\u021bi l\u0103sa un flutura\u0219 sau pute\u021bi lista detaliile \u00eent\u00e2lnirii.\u00a0<\/p>\n\n\n\n<p>\u2022 Dac\u0103 \u00eencepe\u021bi o \u00eent\u00e2lnire fa\u021b\u0103 \u00een fa\u021b\u0103, pute\u021bi lua \u00een considerare cum pute\u021bi asigura s\u0103n\u0103tatea \u0219i siguran\u021ba tuturor participan\u021bilor la \u00eent\u00e2lnire. Sunte\u021bi \u00eencuraja\u021bi s\u0103 respecta\u021bi legile, reglement\u0103rile \u0219i politicile sanitare locale. De asemenea, pute\u021bi lua \u00een considerare \u00eent\u00e2lnirea \u00eentr-un spa\u021biu \u00een aer liber.<\/p>\n\n\n\n<p>\u2022 Ave\u021bi perseveren\u021b\u0103, r\u0103bdare \u0219i \u00eencredere \u00een puteri superioare.<\/p>\n\n\n\n<p><\/p>\n<!-- PMB print buttons is only displayed on a single post\/page URLs-->","protected":false},"excerpt":{"rendered":"<p>Here you can find some suggestions for how to start a new meeting, whether online or a face-to-face meeting in your area. Starting a new meeting is an incredible act of service which can help not only you, but also other struggling addicts in your area. \u2022 The good news is that starting a new &hellip; <a href=\"https:\/\/internetaddictsanonymous.org\/ro\/starting-a-new-face-to-face-meeting\/\" class=\"more-link\">Continu\u0103 s\u0103 cite\u0219ti <span class=\"screen-reader-text\">\u00cenceperea unei noi \u00eent\u00e2lniri<\/span><\/a><\/p>","protected":false},"author":35194237,"featured_media":0,"parent":0,"menu_order":0,"comment_status":"closed","ping_status":"closed","template":"full-width-page.php","meta":{"inline_featured_image":false,"_lmt_disableupdate":"no","_lmt_disable":"","footnotes":""},"tags":[],"class_list":["post-9095","page","type-page","status-publish","hentry"],"yoast_head":"<!-- This site is optimized with the Yoast SEO plugin v27.5 - https:\/\/yoast.com\/product\/yoast-seo-wordpress\/ -->\n<title>Starting a new meeting &#8211; Internet and Technology Addicts Anonymous<\/title>\n<meta name=\"robots\" content=\"index, follow, max-snippet:-1, max-image-preview:large, max-video-preview:-1\" \/>\n<link rel=\"canonical\" href=\"https:\/\/internetaddictsanonymous.org\/ro\/inceperea-unei-noi-intalniri-fata-in-fata\/\" \/>\n<meta property=\"og:locale\" content=\"ro_RO\" \/>\n<meta property=\"og:type\" content=\"article\" \/>\n<meta property=\"og:title\" content=\"Starting a new meeting &#8211; Internet and Technology Addicts Anonymous\" \/>\n<meta property=\"og:description\" content=\"Here you can find some suggestions for how to start a new meeting, whether online or a face-to-face meeting in your area. Starting a new meeting is an incredible act of service which can help not only you, but also other struggling addicts in your area. \u2022 The good news is that starting a new &hellip; Continu\u0103 s\u0103 cite\u0219ti Starting a new meeting\" \/>\n<meta property=\"og:url\" content=\"https:\/\/internetaddictsanonymous.org\/ro\/inceperea-unei-noi-intalniri-fata-in-fata\/\" \/>\n<meta property=\"og:site_name\" content=\"Internet and Technology Addicts Anonymous\" \/>\n<meta property=\"article:modified_time\" content=\"2024-03-02T15:03:10+00:00\" \/>\n<meta name=\"twitter:card\" content=\"summary_large_image\" \/>\n<meta name=\"twitter:label1\" content=\"Timp estimat pentru citire\" \/>\n\t<meta name=\"twitter:data1\" content=\"2 minute\" \/>\n<script type=\"application\/ld+json\" class=\"yoast-schema-graph\">{\"@context\":\"https:\\\/\\\/schema.org\",\"@graph\":[{\"@type\":\"WebPage\",\"@id\":\"https:\\\/\\\/internetaddictsanonymous.org\\\/starting-a-new-face-to-face-meeting\\\/\",\"url\":\"https:\\\/\\\/internetaddictsanonymous.org\\\/starting-a-new-face-to-face-meeting\\\/\",\"name\":\"Starting a new meeting &#8211; Internet and Technology Addicts Anonymous\",\"isPartOf\":{\"@id\":\"https:\\\/\\\/internetaddictsanonymous.org\\\/#website\"},\"datePublished\":\"2019-11-12T19:19:38+00:00\",\"dateModified\":\"2024-03-02T15:03:10+00:00\",\"breadcrumb\":{\"@id\":\"https:\\\/\\\/internetaddictsanonymous.org\\\/starting-a-new-face-to-face-meeting\\\/#breadcrumb\"},\"inLanguage\":\"ro-RO\",\"potentialAction\":[{\"@type\":\"ReadAction\",\"target\":[\"https:\\\/\\\/internetaddictsanonymous.org\\\/starting-a-new-face-to-face-meeting\\\/\"]}]},{\"@type\":\"BreadcrumbList\",\"@id\":\"https:\\\/\\\/internetaddictsanonymous.org\\\/starting-a-new-face-to-face-meeting\\\/#breadcrumb\",\"itemListElement\":[{\"@type\":\"ListItem\",\"position\":1,\"name\":\"Home\",\"item\":\"https:\\\/\\\/internetaddictsanonymous.org\\\/\"},{\"@type\":\"ListItem\",\"position\":2,\"name\":\"Starting a new meeting\"}]},{\"@type\":\"WebSite\",\"@id\":\"https:\\\/\\\/internetaddictsanonymous.org\\\/#website\",\"url\":\"https:\\\/\\\/internetaddictsanonymous.org\\\/\",\"name\":\"Internet and Technology Addicts Anonymous\",\"description\":\"Worldwide 12-step Fellowship for Internet and Technology Addiction\",\"publisher\":{\"@id\":\"https:\\\/\\\/internetaddictsanonymous.org\\\/#organization\"},\"potentialAction\":[{\"@type\":\"SearchAction\",\"target\":{\"@type\":\"EntryPoint\",\"urlTemplate\":\"https:\\\/\\\/internetaddictsanonymous.org\\\/?s={search_term_string}\"},\"query-input\":{\"@type\":\"PropertyValueSpecification\",\"valueRequired\":true,\"valueName\":\"search_term_string\"}}],\"inLanguage\":\"ro-RO\"},{\"@type\":\"Organization\",\"@id\":\"https:\\\/\\\/internetaddictsanonymous.org\\\/#organization\",\"name\":\"Internet and Technology Addicts Anonymous\",\"url\":\"https:\\\/\\\/internetaddictsanonymous.org\\\/\",\"logo\":{\"@type\":\"ImageObject\",\"inLanguage\":\"ro-RO\",\"@id\":\"https:\\\/\\\/internetaddictsanonymous.org\\\/#\\\/schema\\\/logo\\\/image\\\/\",\"url\":\"https:\\\/\\\/internetaddictsanonymous.org\\\/wp-content\\\/uploads\\\/2023\\\/01\\\/cropped-ITAA-logo-480px.png\",\"contentUrl\":\"https:\\\/\\\/internetaddictsanonymous.org\\\/wp-content\\\/uploads\\\/2023\\\/01\\\/cropped-ITAA-logo-480px.png\",\"width\":480,\"height\":480,\"caption\":\"Internet and Technology Addicts Anonymous\"},\"image\":{\"@id\":\"https:\\\/\\\/internetaddictsanonymous.org\\\/#\\\/schema\\\/logo\\\/image\\\/\"}}]}<\/script>\n<!-- \/ Yoast SEO plugin. -->","yoast_head_json":{"title":"\u00cenceperea unei noi \u00eent\u00e2lniri \u2013 Dependen\u021bi de internet \u0219i tehnologie Anonimi","robots":{"index":"index","follow":"follow","max-snippet":"max-snippet:-1","max-image-preview":"max-image-preview:large","max-video-preview":"max-video-preview:-1"},"canonical":"https:\/\/internetaddictsanonymous.org\/ro\/inceperea-unei-noi-intalniri-fata-in-fata\/","og_locale":"ro_RO","og_type":"article","og_title":"Starting a new meeting &#8211; Internet and Technology Addicts Anonymous","og_description":"Here you can find some suggestions for how to start a new meeting, whether online or a face-to-face meeting in your area. Starting a new meeting is an incredible act of service which can help not only you, but also other struggling addicts in your area. \u2022 The good news is that starting a new &hellip; Continu\u0103 s\u0103 cite\u0219ti Starting a new meeting","og_url":"https:\/\/internetaddictsanonymous.org\/ro\/inceperea-unei-noi-intalniri-fata-in-fata\/","og_site_name":"Internet and Technology Addicts Anonymous","article_modified_time":"2024-03-02T15:03:10+00:00","twitter_card":"summary_large_image","twitter_misc":{"Timp estimat pentru citire":"2 minute"},"schema":{"@context":"https:\/\/schema.org","@graph":[{"@type":"WebPage","@id":"https:\/\/internetaddictsanonymous.org\/starting-a-new-face-to-face-meeting\/","url":"https:\/\/internetaddictsanonymous.org\/starting-a-new-face-to-face-meeting\/","name":"\u00cenceperea unei noi \u00eent\u00e2lniri \u2013 Dependen\u021bi de internet \u0219i tehnologie Anonimi","isPartOf":{"@id":"https:\/\/internetaddictsanonymous.org\/#website"},"datePublished":"2019-11-12T19:19:38+00:00","dateModified":"2024-03-02T15:03:10+00:00","breadcrumb":{"@id":"https:\/\/internetaddictsanonymous.org\/starting-a-new-face-to-face-meeting\/#breadcrumb"},"inLanguage":"ro-RO","potentialAction":[{"@type":"ReadAction","target":["https:\/\/internetaddictsanonymous.org\/starting-a-new-face-to-face-meeting\/"]}]},{"@type":"BreadcrumbList","@id":"https:\/\/internetaddictsanonymous.org\/starting-a-new-face-to-face-meeting\/#breadcrumb","itemListElement":[{"@type":"ListItem","position":1,"name":"Home","item":"https:\/\/internetaddictsanonymous.org\/"},{"@type":"ListItem","position":2,"name":"Starting a new meeting"}]},{"@type":"WebSite","@id":"https:\/\/internetaddictsanonymous.org\/#website","url":"https:\/\/internetaddictsanonymous.org\/","name":"Dependen\u021bii de Internet \u0219i Tehnologie Anonimi","description":"Fr\u0103\u021bie mondial\u0103 \u00een 12 pa\u0219i pentru dependen\u021ba de internet \u0219i tehnologie","publisher":{"@id":"https:\/\/internetaddictsanonymous.org\/#organization"},"potentialAction":[{"@type":"SearchAction","target":{"@type":"EntryPoint","urlTemplate":"https:\/\/internetaddictsanonymous.org\/?s={search_term_string}"},"query-input":{"@type":"PropertyValueSpecification","valueRequired":true,"valueName":"search_term_string"}}],"inLanguage":"ro-RO"},{"@type":"Organization","@id":"https:\/\/internetaddictsanonymous.org\/#organization","name":"Dependen\u021bii de Internet \u0219i Tehnologie Anonimi","url":"https:\/\/internetaddictsanonymous.org\/","logo":{"@type":"ImageObject","inLanguage":"ro-RO","@id":"https:\/\/internetaddictsanonymous.org\/#\/schema\/logo\/image\/","url":"https:\/\/internetaddictsanonymous.org\/wp-content\/uploads\/2023\/01\/cropped-ITAA-logo-480px.png","contentUrl":"https:\/\/internetaddictsanonymous.org\/wp-content\/uploads\/2023\/01\/cropped-ITAA-logo-480px.png","width":480,"height":480,"caption":"Internet and Technology Addicts Anonymous"},"image":{"@id":"https:\/\/internetaddictsanonymous.org\/#\/schema\/logo\/image\/"}}]}},"jetpack_sharing_enabled":true,"jetpack_shortlink":"https:\/\/wp.me\/P9Fwob-2mH","_links":{"self":[{"href":"https:\/\/internetaddictsanonymous.org\/ro\/wp-json\/wp\/v2\/pages\/9095","targetHints":{"allow":["GET"]}}],"collection":[{"href":"https:\/\/internetaddictsanonymous.org\/ro\/wp-json\/wp\/v2\/pages"}],"about":[{"href":"https:\/\/internetaddictsanonymous.org\/ro\/wp-json\/wp\/v2\/types\/page"}],"author":[{"embeddable":true,"href":"https:\/\/internetaddictsanonymous.org\/ro\/wp-json\/wp\/v2\/users\/35194237"}],"replies":[{"embeddable":true,"href":"https:\/\/internetaddictsanonymous.org\/ro\/wp-json\/wp\/v2\/comments?post=9095"}],"version-history":[{"count":18,"href":"https:\/\/internetaddictsanonymous.org\/ro\/wp-json\/wp\/v2\/pages\/9095\/revisions"}],"predecessor-version":[{"id":17641,"href":"https:\/\/internetaddictsanonymous.org\/ro\/wp-json\/wp\/v2\/pages\/9095\/revisions\/17641"}],"wp:attachment":[{"href":"https:\/\/internetaddictsanonymous.org\/ro\/wp-json\/wp\/v2\/media?parent=9095"}],"wp:term":[{"taxonomy":"post_tag","embeddable":true,"href":"https:\/\/internetaddictsanonymous.org\/ro\/wp-json\/wp\/v2\/tags?post=9095"}],"curies":[{"name":"wp","href":"https:\/\/api.w.org\/{rel}","templated":true}]}}