{"id":9457,"date":"2020-01-05T20:45:38","date_gmt":"2020-01-05T20:45:38","guid":{"rendered":"https:\/\/internetaddictsanonymous.org\/?page_id=9457"},"modified":"2026-01-18T11:11:47","modified_gmt":"2026-01-18T19:11:47","slug":"sponsorizare","status":"publish","type":"page","link":"https:\/\/internetaddictsanonymous.org\/ro\/sponsorship\/","title":{"rendered":"Importan\u021ba sponsoriz\u0103rii"},"content":{"rendered":"<h4 class=\"wp-block-heading\"><strong>Ce este sponsorizarea?<\/strong><\/h4>\n\n\n\n<p>Sponsorizarea are o tradi\u021bie \u00eendelungat\u0103 \u00een cadrul fr\u0103\u021biilor \u00een 12 pa\u0219i. Un sponsor este un membru mai experimentat care poate ajuta la \u00eendrumarea unui membru mai nou prin cei 12 pa\u0219i \u0219i spre recuperare. Un sponsor poate, de asemenea, s\u0103 ajute la definirea liniilor de sus, de mijloc \u0219i de jos sau s\u0103 fac\u0103 sugestii cu privire la modul de a stabili sobrietatea sau de a o restabili dup\u0103 o perioad\u0103 de recidiv\u0103. \u00cen aceast\u0103 rela\u021bie informal\u0103 \u0219i voluntar\u0103, sponsorul \u00ee\u0219i \u00eemp\u0103rt\u0103\u0219e\u0219te experien\u021ba, puterea \u0219i speran\u021ba. A avea un sponsor \u00eei ofer\u0103 sponsee-ului posibilitatea de a pune \u00eentreb\u0103ri \u0219i de a primi sprijin \u0219i responsabilitate. Mul\u021bi dintre noi am constatat c\u0103 recuperarea noastr\u0103 a devenit mai stabil\u0103 numai dup\u0103 ce am g\u0103sit un sponsor \u0219i am lucrat cei doisprezece pa\u0219i \u00eempreun\u0103 cu acesta.<br><br> <\/p>\n\n\n\n<h4 class=\"wp-block-heading\"><strong>Cum g\u0103sesc un sponsor?<\/strong><\/h4>\n\n\n\n<p>Una dintre cele mai bune modalit\u0103\u021bi de a intra \u00een contact cu un sponsor este prin intermediul apelurilor de informare cu al\u021bi membri. Atunci c\u00e2nd particip\u0103m la \u00eent\u00e2lniri, ascult\u0103m persoanele care \"au ceea ce ne dorim\" \u0219i ne apropiem de ele. \u00cei \u00eentreb\u0103m de c\u00e2t timp sunt \u00een fr\u0103\u021bie, dac\u0103 au \u0219i ei un sponsor \u0219i dac\u0103 au parcurs pa\u0219ii sau parcurg pa\u0219ii \u00een mod activ. Dup\u0103 ce ajungem s\u0103 \u00eei cunoa\u0219tem pu\u021bin prin intermediul apelurilor de informare, putem decide s\u0103 \u00eei \u00eentreb\u0103m dac\u0103 sunt disponibili s\u0103 ne sponsorizeze. \u00cen programul nostru, ne concentr\u0103m pe progres, nu pe perfec\u021biune, \u0219i probabil c\u0103 nu vom g\u0103si niciodat\u0103 sponsorul \"perfect\". Ceea ce este important este ca poten\u021bialul sponsor s\u0103 fie sincer cu privire la propria recuperare \u0219i s\u0103 fi dob\u00e2ndit o stare stabil\u0103 de sobrietate.<\/p>\n\n\n\n<p>Este important s\u0103 avem o rela\u021bie bun\u0103 cu sponsorul nostru, astfel \u00eenc\u00e2t s\u0103 poat\u0103 avea loc conversa\u021bii deschise \u0219i sincere. Persoane diferite au nevoie de lucruri diferite de la o rela\u021bie de sponsorizare - unii au nevoie de o abordare mai bl\u00e2nd\u0103, \u00een timp ce al\u021bii au nevoie de cineva care s\u0103 \u00eei stimuleze. Unele persoane consider\u0103 c\u0103 este important ca sponsorul lor s\u0103 fi folosit IT \u00een moduri similare. Aceste nevoi se pot schimba \u00een timp, pe m\u0103sur\u0103 ce avans\u0103m \u00een program. Explorarea a\u0219tept\u0103rilor at\u00e2t ale sponsorului, c\u00e2t \u0219i ale sponsee-ului este vital\u0103 pentru o rela\u021bie s\u0103n\u0103toas\u0103. Aceasta este o rela\u021bie confiden\u021bial\u0103 care are nevoie, de asemenea, de limite puternice. Este bine de \u0219tiut c\u0103, dup\u0103 c\u00e2teva \u00eent\u00e2lniri, dac\u0103 nu pare s\u0103 fie potrivirea potrivit\u0103, ambele persoane sunt libere s\u0103 spun\u0103 acest lucru \u0219i s\u0103 se despart\u0103 pe cale amiabil\u0103.<\/p>\n\n\n\n<p>Deoarece nu exist\u0103 \u00eenc\u0103 un num\u0103r mare de sponsori \u00een ITAA, unii membri au g\u0103sit sponsori \u00een alte programe \u00een doisprezece pa\u0219i. \u00cen aceste cazuri, este important ca sponsorul s\u0103 fie deschis la ideea de dependen\u021b\u0103 de internet \u0219i tehnologie. Adesea, pentru mul\u021bi dintre noi nu este fezabil s\u0103 navig\u0103m \u00een via\u021b\u0103 f\u0103r\u0103 o anumit\u0103 utilizare a tehnologiei, astfel \u00eenc\u00e2t sobrietatea \u00een ITAA nu este de obicei la fel de absolut\u0103 ca \u00een cazul alcoolului sau al substan\u021belor. Din acest motiv, poate fi util s\u0103 c\u0103uta\u021bi un sponsor cu experien\u021b\u0103 \u00een recuperarea de la o dependen\u021b\u0103 precum m\u00e2ncarea, sexul sau dragostea.  Multe dintre instrumentele pe care le folosim \u00een ITAA sunt similare cu instrumentele din aceste programe.&nbsp;<\/p>\n\n\n\n<p>Din punct de vedere istoric, \u00een cadrul asocia\u021biilor \u00een 12 pa\u0219i, s-a sugerat ca membrii s\u0103 acorde aten\u021bie sexului, orient\u0103rii sexuale \u0219i oric\u0103ror sentimente de atrac\u021bie romantic\u0103 atunci c\u00e2nd aleg un sponsor\/sponsee. De exemplu, o femeie heterosexual\u0103 ar putea evita s\u0103 sponsorizeze un b\u0103rbat heterosexual. Dac\u0103 exist\u0103 chiar \u0219i o mic\u0103 posibilitate ca noi s\u0103 dezvolt\u0103m sentimente pentru cealalt\u0103 parte, este un motiv pentru a ne g\u00e2ndi serios dac\u0103 s\u0103 mergem mai departe.&nbsp;<br><br> <\/p>\n\n\n\n<h4 class=\"wp-block-heading\"><strong>Ce este co-sponsorizarea? Cum func\u021bioneaz\u0103?<\/strong><\/h4>\n\n\n\n<p>\u00cen co-sponsorizare, dou\u0103 persoane se sponsorizeaz\u0103 reciproc \u00een parcurgerea pa\u0219ilor. De obicei, este util ca una sau ambele persoane s\u0103 fi avut experien\u021b\u0103 \u00een parcurgerea celor doisprezece pa\u0219i \u00een cadrul unui alt program. Un membru poate fi nou \u00een ITAA, dar are ani de sobrietate \u00een alte comunit\u0103\u021bi \u00een doisprezece pa\u0219i. Ace\u0219ti membri au o experien\u021b\u0103, o putere \u0219i o speran\u021b\u0103 valoroase pe care le pot \u00eemp\u0103rt\u0103\u0219i cu al\u021bii \u0219i pe care le pot aduce \u00een propria lor recuperare ITAA.<br><br> <\/p>\n\n\n\n<h4 class=\"wp-block-heading\"><strong>C\u00e2nd sunt preg\u0103tit s\u0103 sponsorizez pe altcineva?<\/strong><\/h4>\n\n\n\n<p>Este \u00een regul\u0103 s\u0103 \u00eencepem s\u0103 sponsoriz\u0103m \u00eenainte de a ne sim\u021bi pe deplin preg\u0103ti\u021bi. Poate p\u0103rea intimidant \u0219i, uneori, putem sim\u021bi c\u0103 nu \u0219tim suficient sau c\u0103 \u00eenc\u0103 ne lupt\u0103m. Discu\u021bia cu sponsorul nostru \u00eenainte de a \u00eencepe s\u0103 sponsoriz\u0103m alte persoane poate fi util\u0103 pentru a ob\u021bine claritate. De obicei, \u00eei l\u0103s\u0103m pe al\u021bii s\u0103 ne \u00eentrebe dac\u0103 suntem disponibili pentru sponsorizare, mai degrab\u0103 dec\u00e2t s\u0103 ne adres\u0103m persoanelor \u0219i s\u0103 ne oferim voluntari.&nbsp;<\/p>\n\n\n\n<p>Putem \u00eencerca s\u0103 fim un sponsor temporar pentru cineva pentru o perioad\u0103 de 1-3 luni, pentru a vedea cum ne sim\u021bim. Pe m\u0103sur\u0103 ce \u00eencepem s\u0103 sponsoriz\u0103m, s\u0103 fim sinceri \u0219i deschi\u0219i cu privire la stadiul recuper\u0103rii noastre \u0219i la lipsa noastr\u0103 de experien\u021b\u0103 poate ajuta la reducerea presiunii pe care o putem sim\u021bi. Ca sponsori, nu suntem perfec\u021bi \u0219i este \u00een regul\u0103 s\u0103 nu \u0219tim toate r\u0103spunsurile. Putem apela oric\u00e2nd la al\u021bi membri care au experien\u021b\u0103 de sponsorizare \u00een aceast\u0103 sau \u00een alt\u0103 fr\u0103\u021bie \u0219i s\u0103 cerem ajutor sau s\u0103 punem \u00eentreb\u0103ri. Este important s\u0103 avem un sponsor sau o rela\u021bie puternic\u0103 de co-sponsorizare \u00eenainte de a \u00eencepe s\u0103 sponsoriz\u0103m. De asemenea, ar trebui s\u0103 fim suficient de avansa\u021bi \u00een munca noastr\u0103 \u00een trepte pentru a putea ajuta la \u00eendrumarea celui pe care \u00eel sponsoriz\u0103m prin trepte.<\/p>\n\n\n\n<p>Pe m\u0103sur\u0103 ce dob\u00e2ndim mai mult\u0103 experien\u021b\u0103 \u00een sponsorizarea altora, vom deveni mai \u00eencrez\u0103tori \u0219i mai sensibili la modalit\u0103\u021bile de sponsorizare care ne sunt cele mai naturale. Participarea la apeluri de informare, \u00een special cu noii veni\u021bi, poate fi o modalitate de a \u00eencepe s\u0103 \u00eenv\u0103\u021b\u0103m cum s\u0103 fim de ajutor prin ascultare empatic\u0103 \u0219i \u00eemp\u0103rt\u0103\u0219irea propriei experien\u021be.<br><br> <\/p>\n\n\n\n<h4 class=\"wp-block-heading\"><strong>De ce s\u0103 sponsoriza\u021bi?<\/strong><\/h4>\n\n\n\n<p>\u00cen cel de-al 12-lea pas al ITAA, \u00eencerc\u0103m s\u0103 \"transmitem acest mesaj dependen\u021bilor de internet \u0219i tehnologie\". Sponsorizarea ne \u00eent\u0103re\u0219te propria recuperare. Acest lucru a fost dovedit de-a lungul istoriei tuturor programelor \u00een 12 pa\u0219i, precum \u0219i \u00een ITAA. Sponsoriz\u00e2ndu-i pe al\u021bii, ne examin\u0103m propriul program, iar acest lucru ne face s\u0103 continu\u0103m s\u0103 lucr\u0103m \u0219i s\u0103 mergem \u00eenainte. De\u0219i este un angajament, recompensa experien\u021bei merit\u0103!<br><br> <\/p>\n\n\n\n<h4 class=\"wp-block-heading\"><strong>Ce se \u00eent\u00e2mpl\u0103 dac\u0103 sponsee-ul meu recidiveaz\u0103?<\/strong><\/h4>\n\n\n\n<p>Este esen\u021bial s\u0103 ne amintim c\u0103 nu suntem responsabili pentru recuperarea persoanei pe care o sponsoriz\u0103m. Singura noastr\u0103 responsabilitate ca sponsor este s\u0103 oferim programul ITAA a\u0219a cum \u00eel \u00een\u021belegem \u0219i s\u0103 \u00eemp\u0103rt\u0103\u0219im propria noastr\u0103 experien\u021b\u0103. Este important s\u0103 renun\u021b\u0103m la a\u0219tept\u0103ri \u0219i s\u0103 fim vigilen\u021bi \u00eempotriva codependen\u021bei sau a \u00eencerc\u0103rii de a \"repara\" cealalt\u0103 persoan\u0103. Nu este rolul nostru s\u0103 \u00eel purt\u0103m pe cel pe care \u00eel sponsoriz\u0103m sau s\u0103 fim puterea lui superioar\u0103. Experien\u021ba lor de recuperare este a lor; noi putem fi martori \u0219i \u00eei putem sprijini, dar nu ne putem recupera \u00een locul lor.<br><br> <\/p>\n\n\n\n<h4 class=\"wp-block-heading\"><strong>Ce se \u00eent\u00e2mpl\u0103 dac\u0103 \u00eencep s\u0103 dezvolt sentimente pentru sponsorul \/ sponsee-ul meu?&nbsp;<\/strong><\/h4>\n\n\n\n<p>Atrac\u021bia romantic\u0103 sau o rela\u021bie \u00eentre sponsor \u0219i sponsee poate distrage aten\u021bia, crea confuzie, fi dureroas\u0103 \u0219i chiar d\u0103un\u0103toare. Este important s\u0103 se stabileasc\u0103 \u0219i s\u0103 se men\u021bin\u0103 limite puternice \u00een rela\u021bie, pentru a minimiza \u0219ansele de a face r\u0103u. Dac\u0103, la un moment dat, fie sponsorul, fie sponsee-ul observ\u0103 c\u0103 se dezvolt\u0103 o atrac\u021bie romantic\u0103, este recomandat s\u0103 discute acest lucru cu un coleg de \u00eencredere. Adesea, \u00een astfel de cazuri, cel mai logic poate fi s\u0103 se pun\u0103 cap\u0103t pe cale amiabil\u0103 sponsoriz\u0103rii \u00eentr-o manier\u0103 de sus\u021binere. O discu\u021bie sincer\u0103 este important\u0103 pentru a vedea cum poate fi gestionat\u0103 aceast\u0103 situa\u021bie f\u0103r\u0103 ca ea s\u0103 interfereze cu recuperarea vreuneia dintre persoane.<br><br> <\/p>\n\n\n\n<h4 class=\"wp-block-heading\"><strong>Ce este al treisprezecelea pas?\u00a0<\/strong><\/h4>\n\n\n\n<p id=\"block-f4cc2ef5-469a-47b7-9d20-bcd09a8478d0\">\u00cen programele celor Doisprezece Pa\u0219i, \u201cPa\u0219ii Treisprezece\u201d reprezint\u0103 manipularea unei alte persoane \u00een recuperare, \u00een special a unui nou-venit sau a unui afiliat, \u00eentr-o rela\u021bie sexual\u0103 sau romantic\u0103. Acest comportament este inadecvat \u0219i descurajat din toat\u0103 inima \u00een cadrul ITAA. \u00cei \u00eencuraj\u0103m pe noii veni\u021bi s\u0103 evite colaborarea cu sponsori sau dezvoltarea unor rela\u021bii prin apeluri de informare cu membrii cu care am putea dezvolta atrac\u021bie sexual\u0103 sau romantic\u0103. Dac\u0103 sim\u021bi\u021bi c\u0103 sunte\u021bi destinatarul unei aten\u021bii sexuale sau romantice nepotrivite sau nedorite, v\u0103 rug\u0103m s\u0103 discuta\u021bi cu un membru \u00een care ave\u021bi \u00eencredere - anonimatul \u0219i confiden\u021bialitatea nu sunt mascarea unui comportament inadecvat.<\/p>\n\n\n\n<p id=\"block-f4cc2ef5-469a-47b7-9d20-bcd09a8478d0\">Pentru mai multe informa\u021bii despre cum s\u0103 reac\u021biona\u021bi la un comportament neadecvat, pute\u021bi consulta <a href=\"https:\/\/internetaddictsanonymous.org\/ro\/siguranta-in-itaa\/\">ghid de siguran\u021b\u0103 \u00een ITAA<\/a>.<br><br><br><\/p>\n\n\n\n<h4 class=\"wp-block-heading\"><strong>\u00cen ce fel \u00eei pot ajuta pe noii veni\u021bi dac\u0103 nu m\u0103 simt \u00eenc\u0103 preg\u0103tit s\u0103 \u00eei sponsorizez?&nbsp;<\/strong><\/h4>\n\n\n\n<p>A face servicii este un principiu central al fr\u0103\u021biilor \u00een 12 pa\u0219i. A fi dispus s\u0103 vorbim cu noii veni\u021bi, r\u0103m\u00e2n\u00e2nd dup\u0103 o \u00eent\u00e2lnire sau oferindu-le num\u0103rul nostru de telefon pentru \u00eentreb\u0103ri suplimentare, este un mod minunat de a fi de folos. Ascultarea, \u00eemp\u0103rt\u0103\u0219irea propriei experien\u021be \u0219i oferirea de sugestii bazate pe ceea ce ne-a ajutat pe noi sunt toate de o importan\u021b\u0103 vital\u0103 pentru un nou venit la ITAA. De asemenea, aceasta d\u0103 for\u021b\u0103 propriului nostru program \u0219i recuperare \u0219i le men\u021bine proaspete. Exist\u0103, de asemenea, o list\u0103 a posturilor de serviciu deschise pe site-ul ITAA. Se aude adesea \u00een s\u0103lile de 12 pa\u0219i: \"P\u0103str\u0103m ceea ce avem doar d\u00e2ndu-l!\"&nbsp;<\/p>\n\n\n\n<hr class=\"wp-block-separator has-alpha-channel-opacity\"\/>\n\n\n\n<p><em>Aceast\u0103 pagin\u0103 a fost redactat\u0103 de Comitetul pentru con\u021binut web al ITAA. Dac\u0103 dori\u021bi s\u0103 \u00eemp\u0103rt\u0103\u0219i\u021bi feedback sau s\u0103 contribui\u021bi la eforturile noastre, ne-ar pl\u0103cea s\u0103 v\u0103 auzim sau s\u0103 participa\u021bi la una dintre reuniunile noastre. Mai multe detalii pot fi g\u0103site pe&nbsp;<a href=\"https:\/\/internetaddictsanonymous.org\/ro\/posturi-de-serviciu-vacante\/\">Comitete de servicii<\/a>&nbsp;pagin\u0103.<\/em><\/p>\n<!-- PMB print buttons is only displayed on a single post\/page URLs-->","protected":false},"excerpt":{"rendered":"<p>What is sponsorship? Sponsorship has a long-standing tradition in 12-step fellowships. A sponsor is a more experienced member who can help guide a newer member through the 12 steps and towards recovery. A sponsor may also help define top, middle, and bottom lines or make suggestions about how to establish sobriety or reestablish it after &hellip; <a href=\"https:\/\/internetaddictsanonymous.org\/ro\/sponsorship\/\" class=\"more-link\">Continu\u0103 s\u0103 cite\u0219ti <span class=\"screen-reader-text\">Importan\u021ba sponsoriz\u0103rii<\/span><\/a><\/p>","protected":false},"author":35194237,"featured_media":0,"parent":0,"menu_order":0,"comment_status":"closed","ping_status":"closed","template":"full-width-page.php","meta":{"inline_featured_image":false,"_lmt_disableupdate":"no","_lmt_disable":"","footnotes":""},"tags":[],"class_list":["post-9457","page","type-page","status-publish","hentry"],"yoast_head":"<!-- This site is optimized with the Yoast SEO plugin v27.4 - https:\/\/yoast.com\/product\/yoast-seo-wordpress\/ -->\n<title>The Importance of Sponsorship &#8211; Internet and Technology Addicts Anonymous<\/title>\n<meta name=\"robots\" content=\"index, follow, max-snippet:-1, max-image-preview:large, max-video-preview:-1\" \/>\n<link rel=\"canonical\" href=\"https:\/\/internetaddictsanonymous.org\/ro\/sponsorizare\/\" \/>\n<meta property=\"og:locale\" content=\"ro_RO\" \/>\n<meta property=\"og:type\" content=\"article\" \/>\n<meta property=\"og:title\" content=\"The Importance of Sponsorship &#8211; Internet and Technology Addicts Anonymous\" \/>\n<meta property=\"og:description\" content=\"What is sponsorship? Sponsorship has a long-standing tradition in 12-step fellowships. A sponsor is a more experienced member who can help guide a newer member through the 12 steps and towards recovery. A sponsor may also help define top, middle, and bottom lines or make suggestions about how to establish sobriety or reestablish it after &hellip; Continu\u0103 s\u0103 cite\u0219ti The Importance of Sponsorship\" \/>\n<meta property=\"og:url\" content=\"https:\/\/internetaddictsanonymous.org\/ro\/sponsorizare\/\" \/>\n<meta property=\"og:site_name\" content=\"Internet and Technology Addicts Anonymous\" \/>\n<meta property=\"article:modified_time\" content=\"2026-01-18T19:11:47+00:00\" \/>\n<meta name=\"twitter:card\" content=\"summary_large_image\" \/>\n<meta name=\"twitter:label1\" content=\"Timp estimat pentru citire\" \/>\n\t<meta name=\"twitter:data1\" content=\"7 minute\" \/>\n<script type=\"application\/ld+json\" class=\"yoast-schema-graph\">{\"@context\":\"https:\\\/\\\/schema.org\",\"@graph\":[{\"@type\":\"WebPage\",\"@id\":\"https:\\\/\\\/internetaddictsanonymous.org\\\/sponsorship\\\/\",\"url\":\"https:\\\/\\\/internetaddictsanonymous.org\\\/sponsorship\\\/\",\"name\":\"The Importance of Sponsorship &#8211; Internet and Technology Addicts Anonymous\",\"isPartOf\":{\"@id\":\"https:\\\/\\\/internetaddictsanonymous.org\\\/#website\"},\"datePublished\":\"2020-01-05T20:45:38+00:00\",\"dateModified\":\"2026-01-18T19:11:47+00:00\",\"breadcrumb\":{\"@id\":\"https:\\\/\\\/internetaddictsanonymous.org\\\/sponsorship\\\/#breadcrumb\"},\"inLanguage\":\"ro-RO\",\"potentialAction\":[{\"@type\":\"ReadAction\",\"target\":[\"https:\\\/\\\/internetaddictsanonymous.org\\\/sponsorship\\\/\"]}]},{\"@type\":\"BreadcrumbList\",\"@id\":\"https:\\\/\\\/internetaddictsanonymous.org\\\/sponsorship\\\/#breadcrumb\",\"itemListElement\":[{\"@type\":\"ListItem\",\"position\":1,\"name\":\"Home\",\"item\":\"https:\\\/\\\/internetaddictsanonymous.org\\\/\"},{\"@type\":\"ListItem\",\"position\":2,\"name\":\"The Importance of Sponsorship\"}]},{\"@type\":\"WebSite\",\"@id\":\"https:\\\/\\\/internetaddictsanonymous.org\\\/#website\",\"url\":\"https:\\\/\\\/internetaddictsanonymous.org\\\/\",\"name\":\"Internet and Technology Addicts Anonymous\",\"description\":\"Worldwide 12-step Fellowship for Internet and Technology Addiction\",\"publisher\":{\"@id\":\"https:\\\/\\\/internetaddictsanonymous.org\\\/#organization\"},\"potentialAction\":[{\"@type\":\"SearchAction\",\"target\":{\"@type\":\"EntryPoint\",\"urlTemplate\":\"https:\\\/\\\/internetaddictsanonymous.org\\\/?s={search_term_string}\"},\"query-input\":{\"@type\":\"PropertyValueSpecification\",\"valueRequired\":true,\"valueName\":\"search_term_string\"}}],\"inLanguage\":\"ro-RO\"},{\"@type\":\"Organization\",\"@id\":\"https:\\\/\\\/internetaddictsanonymous.org\\\/#organization\",\"name\":\"Internet and Technology Addicts Anonymous\",\"url\":\"https:\\\/\\\/internetaddictsanonymous.org\\\/\",\"logo\":{\"@type\":\"ImageObject\",\"inLanguage\":\"ro-RO\",\"@id\":\"https:\\\/\\\/internetaddictsanonymous.org\\\/#\\\/schema\\\/logo\\\/image\\\/\",\"url\":\"https:\\\/\\\/internetaddictsanonymous.org\\\/wp-content\\\/uploads\\\/2023\\\/01\\\/cropped-ITAA-logo-480px.png\",\"contentUrl\":\"https:\\\/\\\/internetaddictsanonymous.org\\\/wp-content\\\/uploads\\\/2023\\\/01\\\/cropped-ITAA-logo-480px.png\",\"width\":480,\"height\":480,\"caption\":\"Internet and Technology Addicts Anonymous\"},\"image\":{\"@id\":\"https:\\\/\\\/internetaddictsanonymous.org\\\/#\\\/schema\\\/logo\\\/image\\\/\"}}]}<\/script>\n<!-- \/ Yoast SEO plugin. -->","yoast_head_json":{"title":"Importan\u021ba sponsoriz\u0103rii - Dependen\u021bii de Internet \u0219i Tehnologie Anonimi","robots":{"index":"index","follow":"follow","max-snippet":"max-snippet:-1","max-image-preview":"max-image-preview:large","max-video-preview":"max-video-preview:-1"},"canonical":"https:\/\/internetaddictsanonymous.org\/ro\/sponsorizare\/","og_locale":"ro_RO","og_type":"article","og_title":"The Importance of Sponsorship &#8211; Internet and Technology Addicts Anonymous","og_description":"What is sponsorship? Sponsorship has a long-standing tradition in 12-step fellowships. A sponsor is a more experienced member who can help guide a newer member through the 12 steps and towards recovery. A sponsor may also help define top, middle, and bottom lines or make suggestions about how to establish sobriety or reestablish it after &hellip; Continu\u0103 s\u0103 cite\u0219ti The Importance of Sponsorship","og_url":"https:\/\/internetaddictsanonymous.org\/ro\/sponsorizare\/","og_site_name":"Internet and Technology Addicts Anonymous","article_modified_time":"2026-01-18T19:11:47+00:00","twitter_card":"summary_large_image","twitter_misc":{"Timp estimat pentru citire":"7 minute"},"schema":{"@context":"https:\/\/schema.org","@graph":[{"@type":"WebPage","@id":"https:\/\/internetaddictsanonymous.org\/sponsorship\/","url":"https:\/\/internetaddictsanonymous.org\/sponsorship\/","name":"Importan\u021ba sponsoriz\u0103rii - Dependen\u021bii de Internet \u0219i Tehnologie Anonimi","isPartOf":{"@id":"https:\/\/internetaddictsanonymous.org\/#website"},"datePublished":"2020-01-05T20:45:38+00:00","dateModified":"2026-01-18T19:11:47+00:00","breadcrumb":{"@id":"https:\/\/internetaddictsanonymous.org\/sponsorship\/#breadcrumb"},"inLanguage":"ro-RO","potentialAction":[{"@type":"ReadAction","target":["https:\/\/internetaddictsanonymous.org\/sponsorship\/"]}]},{"@type":"BreadcrumbList","@id":"https:\/\/internetaddictsanonymous.org\/sponsorship\/#breadcrumb","itemListElement":[{"@type":"ListItem","position":1,"name":"Home","item":"https:\/\/internetaddictsanonymous.org\/"},{"@type":"ListItem","position":2,"name":"The Importance of Sponsorship"}]},{"@type":"WebSite","@id":"https:\/\/internetaddictsanonymous.org\/#website","url":"https:\/\/internetaddictsanonymous.org\/","name":"Dependen\u021bii de Internet \u0219i Tehnologie Anonimi","description":"Fr\u0103\u021bie mondial\u0103 \u00een 12 pa\u0219i pentru dependen\u021ba de internet \u0219i tehnologie","publisher":{"@id":"https:\/\/internetaddictsanonymous.org\/#organization"},"potentialAction":[{"@type":"SearchAction","target":{"@type":"EntryPoint","urlTemplate":"https:\/\/internetaddictsanonymous.org\/?s={search_term_string}"},"query-input":{"@type":"PropertyValueSpecification","valueRequired":true,"valueName":"search_term_string"}}],"inLanguage":"ro-RO"},{"@type":"Organization","@id":"https:\/\/internetaddictsanonymous.org\/#organization","name":"Dependen\u021bii de Internet \u0219i Tehnologie Anonimi","url":"https:\/\/internetaddictsanonymous.org\/","logo":{"@type":"ImageObject","inLanguage":"ro-RO","@id":"https:\/\/internetaddictsanonymous.org\/#\/schema\/logo\/image\/","url":"https:\/\/internetaddictsanonymous.org\/wp-content\/uploads\/2023\/01\/cropped-ITAA-logo-480px.png","contentUrl":"https:\/\/internetaddictsanonymous.org\/wp-content\/uploads\/2023\/01\/cropped-ITAA-logo-480px.png","width":480,"height":480,"caption":"Internet and Technology Addicts Anonymous"},"image":{"@id":"https:\/\/internetaddictsanonymous.org\/#\/schema\/logo\/image\/"}}]}},"jetpack_sharing_enabled":true,"jetpack_shortlink":"https:\/\/wp.me\/P9Fwob-2sx","_links":{"self":[{"href":"https:\/\/internetaddictsanonymous.org\/ro\/wp-json\/wp\/v2\/pages\/9457","targetHints":{"allow":["GET"]}}],"collection":[{"href":"https:\/\/internetaddictsanonymous.org\/ro\/wp-json\/wp\/v2\/pages"}],"about":[{"href":"https:\/\/internetaddictsanonymous.org\/ro\/wp-json\/wp\/v2\/types\/page"}],"author":[{"embeddable":true,"href":"https:\/\/internetaddictsanonymous.org\/ro\/wp-json\/wp\/v2\/users\/35194237"}],"replies":[{"embeddable":true,"href":"https:\/\/internetaddictsanonymous.org\/ro\/wp-json\/wp\/v2\/comments?post=9457"}],"version-history":[{"count":46,"href":"https:\/\/internetaddictsanonymous.org\/ro\/wp-json\/wp\/v2\/pages\/9457\/revisions"}],"predecessor-version":[{"id":20908,"href":"https:\/\/internetaddictsanonymous.org\/ro\/wp-json\/wp\/v2\/pages\/9457\/revisions\/20908"}],"wp:attachment":[{"href":"https:\/\/internetaddictsanonymous.org\/ro\/wp-json\/wp\/v2\/media?parent=9457"}],"wp:term":[{"taxonomy":"post_tag","embeddable":true,"href":"https:\/\/internetaddictsanonymous.org\/ro\/wp-json\/wp\/v2\/tags?post=9457"}],"curies":[{"name":"wp","href":"https:\/\/api.w.org\/{rel}","templated":true}]}}