{"id":9835,"date":"2020-02-09T10:49:59","date_gmt":"2020-02-09T10:49:59","guid":{"rendered":"https:\/\/internetaddictsanonymous.org\/?page_id=9835"},"modified":"2026-04-08T18:26:27","modified_gmt":"2026-04-09T01:26:27","slug":"povesti-de-recuperare","status":"publish","type":"page","link":"https:\/\/internetaddictsanonymous.org\/ro\/recovery-stories\/","title":{"rendered":"Pove\u0219ti de recuperare"},"content":{"rendered":"<p>Aici \u00eemp\u0103rt\u0103\u0219im experien\u021ba, puterea \u0219i speran\u021ba membrilor ITAA. Povestim despre cum a fost, ce s-a schimbat \u0219i cum este acum.<\/p>\n\n\n\n<h2 class=\"wp-block-heading\"><strong>Casete cu difuzoare<\/strong><\/h2>\n\n\n\n<p><strong><a href=\"https:\/\/drive.google.com\/file\/d\/12Qr9utldpvMAtyNtr-YS4DNI5d8Ofadq\/view?usp=sharing\" type=\"link\" id=\"https:\/\/drive.google.com\/file\/d\/12Qr9utldpvMAtyNtr-YS4DNI5d8Ofadq\/view?usp=sharing\">Lauren T \u2013 Boli cronice \u0219i contact con\u0219tient<\/a><\/strong> (45 min, 4 aprilie 2026)<br><strong><a href=\"https:\/\/drive.google.com\/file\/d\/14Z0m7jLQWqbiXN82BRfpmmQ3o88dbpYm\/view?usp=sharing\">Lauren VB \u2013 Ridicat\u0103 dintr-un fund spiritual<\/a><\/strong> (35 min, 18 ian. 2026)<br><strong><a href=\"https:\/\/drive.google.com\/file\/d\/1jtKX3Orob3tiuvE5J028RnUtzXD6bGk9\/view?usp=drive_link\" target=\"_blank\" rel=\"noreferrer noopener\">Lauren VB \u2013 S\u0103rb\u0103toarea a opt ani de la ITAA<\/a><\/strong> (35 min, 23 iunie 2025)<br><strong><a href=\"https:\/\/drive.google.com\/file\/d\/1fG6-AaNMXeMEaMNH4i4cHYTHaF0hXfF4\/view?usp=drive_link\" target=\"_blank\" rel=\"noreferrer noopener\">Uma \u2013 S\u0103rb\u0103toarea a opt ani de la ITAA<\/a> <\/strong>(30 min, 23 iunie 2025)<br><strong><a href=\"https:\/\/drive.google.com\/file\/d\/17LH5OXfKjhOkspc3pXuuOE6eWBP4J04_\/view?usp=sharing\">NAC 2024 Morgan S Vorbitor Distribuie + \u00centreb\u0103ri \u0219i R\u0103spunsuri<\/a><\/strong> (50 min, 29 septembrie 2024)<br><strong><a href=\"https:\/\/drive.google.com\/file\/d\/1Ukm5rzi2ed7DMDINAOVTK87vFVodcyfo\/view?usp=sharing\">Panelul de stare a bursei NAC 2024<\/a><\/strong> (50 min, 28 septembrie 2024)<br><strong><a href=\"https:\/\/drive.google.com\/file\/d\/1FZd-1a2YhCCPkVzk8MVqn_Tu3LOqC3WX\/view?usp=sharing\">Panelul NAC 2024 privind sobrietatea pe termen lung<\/a><\/strong> (50 min, 28 septembrie 2024)<br><a href=\"https:\/\/drive.google.com\/file\/d\/1ihnAwVmrrgTnYmBB-wX88qJOQUFwSv7B\/view?usp=drive_link\"><strong>NAC 2024 Willow L Speaker Share + Q&amp;A<\/strong><\/a> (45 min, 27 septembrie 2024)<br><strong><a href=\"https:\/\/drive.google.com\/file\/d\/16Ah5V_UOiUQPGXzzJmJLuiHTwNTuXG7t\/view?usp=drive_link\">Minah \u2013 R\u0103spunz\u00e2nd la recidiv\u0103<\/a><\/strong> (45 min, 22 decembrie 2023)<br><strong><a href=\"https:\/\/drive.google.com\/file\/d\/1bNy6hPMdGJAHStesnpytmstxlkYGHDkZ\/view?usp=sharing\" target=\"_blank\" rel=\"noreferrer noopener\">Chris C - S\u0103rb\u0103torirea a \u0219apte ani de existen\u021b\u0103 a ITAA<\/a><\/strong> (30 de minute, 23 iunie 2024)<br><strong><a href=\"https:\/\/drive.google.com\/file\/d\/1kbcKTp9HdIXwRCjlMxIu9jb4Yz8x04zh\/view?usp=sharing\" target=\"_blank\" rel=\"noreferrer noopener\">Tiffany Denise - S\u0103rb\u0103torirea a \u0219apte ani de existen\u021b\u0103 a ITAA<\/a><\/strong> (30 de minute, 23 iunie 2024)<br><strong><a href=\"https:\/\/drive.google.com\/file\/d\/160uYa46e3bDz2sq5k66l8RngNPrY5Mnh\/view?usp=drive_link\" target=\"_blank\" rel=\"noreferrer noopener\">Emmanuelle F - S\u0103rb\u0103torirea a \u0219ase ani de existen\u021b\u0103 a ITAA<\/a><\/strong> (30 de minute, 23 iunie 2023)<br><strong><a href=\"https:\/\/drive.google.com\/file\/d\/1_SPXmKrrv7g0gaNE8Zq3nhJo_FBX3YqQ\/view?usp=share_link\" target=\"_blank\" rel=\"noreferrer noopener\">Ela B - Pendulum's Dance<\/a><\/strong> (40 de minute, 13 mai 2023)<br><strong><a href=\"https:\/\/drive.google.com\/file\/d\/1Hz8jBMVhDRyZQeo384JIA74i62lJucaG\/view?usp=share_link\" target=\"_blank\" rel=\"noreferrer noopener\">Stella D - Renun\u021barea la renun\u021bare<\/a><\/strong> (1 or\u0103, 5 ianuarie 2023)<br><strong><a href=\"https:\/\/drive.google.com\/file\/d\/1ELehiaIGWL0G6tdjQzZOSzxjMtpwdDPF\/view?usp=share_link\" target=\"_blank\" rel=\"noreferrer noopener\">Tomas K - Lumea degenerat\u0103<\/a><\/strong> (1 or\u0103 \u0219i 20 de minute, 1 ianuarie 2023)<br><strong><a href=\"https:\/\/drive.google.com\/file\/d\/1wzO2gD3G8qxPpW7gsBNPVc1WvofLpQOz\/view?usp=share_link\" target=\"_blank\" rel=\"noreferrer noopener\">Will C - Keep Coming Back<\/a><\/strong> (1 or\u0103, 31 decembrie 2022)<br><strong><a href=\"https:\/\/drive.google.com\/file\/d\/1-aNaRq73P-c0kivZhNgwl1uLu03fRuaH\/view?usp=share_link\" target=\"_blank\" rel=\"noreferrer noopener\">Marco V - De la u\u0219a mor\u021bii la o via\u021b\u0103 de libertate<\/a><\/strong> (40 de minute, 11 noiembrie 2022)<br><strong><a href=\"https:\/\/drive.google.com\/file\/d\/1jw5N3Sk_wTtNcJJiCpTvsqz9adWXsRZO\/view?usp=sharing\" target=\"_blank\" rel=\"noreferrer noopener\">Nikki H - G\u0103sirea libert\u0103\u021bii fa\u021b\u0103 de dependen\u021ba de social media<\/a><\/strong> (30 de minute, 20 octombrie 2022)<br><strong><a href=\"https:\/\/drive.google.com\/file\/d\/1D3L0nGqAuYpQ4qN2Ojrc6QMkRQ9Pt9NV\/view?usp=sharing\" target=\"_blank\" rel=\"noreferrer noopener\">Emmanuelle F - 18 luni de sobrietate tehnic\u0103<\/a><\/strong> (1 or\u0103, 1 octombrie 2022)<br><strong><a href=\"https:\/\/drive.google.com\/file\/d\/1q-OzQ_Ly-_PnZRbsAvyj8WyK354tkHVP\/view?usp=sharing\" target=\"_blank\" rel=\"noreferrer noopener\">Mary Kate - O cale creativ\u0103 prin recuperare<\/a><\/strong> (15 minute, 25 septembrie 2022)<br><a href=\"https:\/\/drive.google.com\/file\/d\/1DraCXbgf5KaRn7ZXRmoxbY_I9d8dwNmT\/view\" target=\"_blank\" rel=\"noreferrer noopener\"><strong>Tomas K - Celebrarea anivers\u0103rii de cinci ani a ITAA<\/strong><\/a> (30 de minute, 23 iunie 2022)<br><a href=\"https:\/\/drive.google.com\/file\/d\/1q9sgJlw2auWIMcc3Zz_J8KncNqgEGdKm\/view?usp=sharing\" target=\"_blank\" rel=\"noreferrer noopener\"><strong>Rebecca W - We Want You Back<\/strong><\/a> (25 minute, 27 decembrie 2020)<br><a href=\"https:\/\/drive.google.com\/file\/d\/1Gt_5sgdXrLXts6atwDkeV7u6PH9U1vYX\/view?usp=sharing\" target=\"_blank\" rel=\"noreferrer noopener\"><strong>Tomas K - O schimbare nea\u0219teptat\u0103<\/strong><\/a> (35 minute, 26 aprilie 2020)<br><br><\/p>\n\n\n\n<h2 class=\"wp-block-heading\"><strong>Povestiri scrise<\/strong><\/h2>\n\n\n\n<p><strong><a href=\"https:\/\/internetaddictsanonymous.org\/ro\/povesti-de-recuperare\/un-program-functional\/\">Un program de lucru<\/a> (<a href=\"https:\/\/drive.google.com\/file\/d\/1H_0irFahW0c2bSYV7VJz1op0T9TQzr8n\/view?usp=drive_link\">PDF<\/a>)<\/strong><br><strong><a href=\"https:\/\/internetaddictsanonymous.org\/ro\/povesti-de-recuperare\/devenind-apt-sa-viseze\/\">Devenind apt pentru a visa<\/a> <a href=\"https:\/\/drive.google.com\/file\/d\/1sa9dBP0TMQeO_q1tzpWsT1CYh99mLj03\/view?usp=sharing\" target=\"_blank\" rel=\"noreferrer noopener\">(PDF)<\/a><\/strong><br><strong><a href=\"https:\/\/internetaddictsanonymous.org\/ro\/povesti-de-recuperare\/fereastra-deschisa\/\">Fereastr\u0103 deschis\u0103<\/a> <a href=\"https:\/\/drive.google.com\/file\/d\/189zj0x6rHfcaTaRND6HL--4DD4OXmVSi\/view?usp=share_link\" target=\"_blank\" rel=\"noreferrer noopener\">(PDF)<\/a><\/strong><br><strong><a href=\"https:\/\/internetaddictsanonymous.org\/ro\/povesti-de-recuperare\/recuperarea-este-posibila\/\">Recuperarea este posibil\u0103<\/a> <a href=\"https:\/\/drive.google.com\/file\/d\/1xeZ9Gkm-PFfm7CYuS_T2f8HbLL15bn1J\/view?usp=sharing\" target=\"_blank\" rel=\"noreferrer noopener\">(PDF)<\/a><\/strong><br><strong><a href=\"https:\/\/internetaddictsanonymous.org\/ro\/povesti-de-recuperare\/singurul-lucru-care-a-functionat\/\">Singurul lucru care a func\u021bionat<\/a> <a href=\"https:\/\/drive.google.com\/file\/d\/1E_kQZogx9klLKGI27N1kDHhHvowuiDsN\/view?usp=sharing\" target=\"_blank\" rel=\"noreferrer noopener\">(PDF)<\/a><\/strong><\/p>\n\n\n\n<div style=\"height:75px\" aria-hidden=\"true\" id=\"working-program\" class=\"wp-block-spacer\"><\/div>\n<!-- PMB print buttons is only displayed on a single post\/page URLs-->","protected":false},"excerpt":{"rendered":"<p>Here we share the experience, strength and hope of ITAA members. We share about how it was, what changed, and how it is now. Speaker tapes Lauren T &#8211; Chronic Illness and Conscious Contact (45min, April 4, 2026)Lauren VB &#8211; Lifted From a Spiritual Bottom (35min, Jan 18, 2026)Lauren VB &#8211; ITAA Eight Year Anniversary &hellip; <a href=\"https:\/\/internetaddictsanonymous.org\/ro\/recovery-stories\/\" class=\"more-link\">Continu\u0103 s\u0103 cite\u0219ti <span class=\"screen-reader-text\">Pove\u0219ti de recuperare<\/span><\/a><\/p>","protected":false},"author":35194237,"featured_media":0,"parent":0,"menu_order":0,"comment_status":"closed","ping_status":"closed","template":"full-width-page.php","meta":{"inline_featured_image":false,"_lmt_disableupdate":"","_lmt_disable":"","footnotes":""},"tags":[],"class_list":["post-9835","page","type-page","status-publish","hentry"],"yoast_head":"<!-- This site is optimized with the Yoast SEO plugin v27.4 - https:\/\/yoast.com\/product\/yoast-seo-wordpress\/ -->\n<title>Recovery Stories &#8211; Internet and Technology Addicts Anonymous<\/title>\n<meta name=\"robots\" content=\"index, follow, max-snippet:-1, max-image-preview:large, max-video-preview:-1\" \/>\n<link rel=\"canonical\" href=\"https:\/\/internetaddictsanonymous.org\/ro\/povesti-de-recuperare\/\" \/>\n<meta property=\"og:locale\" content=\"ro_RO\" \/>\n<meta property=\"og:type\" content=\"article\" \/>\n<meta property=\"og:title\" content=\"Recovery Stories &#8211; Internet and Technology Addicts Anonymous\" \/>\n<meta property=\"og:description\" content=\"Here we share the experience, strength and hope of ITAA members. We share about how it was, what changed, and how it is now. Speaker tapes Lauren T &#8211; Chronic Illness and Conscious Contact (45min, April 4, 2026)Lauren VB &#8211; Lifted From a Spiritual Bottom (35min, Jan 18, 2026)Lauren VB &#8211; ITAA Eight Year Anniversary &hellip; Continu\u0103 s\u0103 cite\u0219ti Recovery Stories\" \/>\n<meta property=\"og:url\" content=\"https:\/\/internetaddictsanonymous.org\/ro\/povesti-de-recuperare\/\" \/>\n<meta property=\"og:site_name\" content=\"Internet and Technology Addicts Anonymous\" \/>\n<meta property=\"article:modified_time\" content=\"2026-04-09T01:26:27+00:00\" \/>\n<meta name=\"twitter:card\" content=\"summary_large_image\" \/>\n<meta name=\"twitter:label1\" content=\"Timp estimat pentru citire\" \/>\n\t<meta name=\"twitter:data1\" content=\"2 minute\" \/>\n<script type=\"application\/ld+json\" class=\"yoast-schema-graph\">{\"@context\":\"https:\\\/\\\/schema.org\",\"@graph\":[{\"@type\":\"WebPage\",\"@id\":\"https:\\\/\\\/internetaddictsanonymous.org\\\/recovery-stories\\\/\",\"url\":\"https:\\\/\\\/internetaddictsanonymous.org\\\/recovery-stories\\\/\",\"name\":\"Recovery Stories &#8211; Internet and Technology Addicts Anonymous\",\"isPartOf\":{\"@id\":\"https:\\\/\\\/internetaddictsanonymous.org\\\/#website\"},\"datePublished\":\"2020-02-09T10:49:59+00:00\",\"dateModified\":\"2026-04-09T01:26:27+00:00\",\"breadcrumb\":{\"@id\":\"https:\\\/\\\/internetaddictsanonymous.org\\\/recovery-stories\\\/#breadcrumb\"},\"inLanguage\":\"ro-RO\",\"potentialAction\":[{\"@type\":\"ReadAction\",\"target\":[\"https:\\\/\\\/internetaddictsanonymous.org\\\/recovery-stories\\\/\"]}]},{\"@type\":\"BreadcrumbList\",\"@id\":\"https:\\\/\\\/internetaddictsanonymous.org\\\/recovery-stories\\\/#breadcrumb\",\"itemListElement\":[{\"@type\":\"ListItem\",\"position\":1,\"name\":\"Home\",\"item\":\"https:\\\/\\\/internetaddictsanonymous.org\\\/\"},{\"@type\":\"ListItem\",\"position\":2,\"name\":\"Recovery Stories\"}]},{\"@type\":\"WebSite\",\"@id\":\"https:\\\/\\\/internetaddictsanonymous.org\\\/#website\",\"url\":\"https:\\\/\\\/internetaddictsanonymous.org\\\/\",\"name\":\"Internet and Technology Addicts Anonymous\",\"description\":\"Worldwide 12-step Fellowship for Internet and Technology Addiction\",\"publisher\":{\"@id\":\"https:\\\/\\\/internetaddictsanonymous.org\\\/#organization\"},\"potentialAction\":[{\"@type\":\"SearchAction\",\"target\":{\"@type\":\"EntryPoint\",\"urlTemplate\":\"https:\\\/\\\/internetaddictsanonymous.org\\\/?s={search_term_string}\"},\"query-input\":{\"@type\":\"PropertyValueSpecification\",\"valueRequired\":true,\"valueName\":\"search_term_string\"}}],\"inLanguage\":\"ro-RO\"},{\"@type\":\"Organization\",\"@id\":\"https:\\\/\\\/internetaddictsanonymous.org\\\/#organization\",\"name\":\"Internet and Technology Addicts Anonymous\",\"url\":\"https:\\\/\\\/internetaddictsanonymous.org\\\/\",\"logo\":{\"@type\":\"ImageObject\",\"inLanguage\":\"ro-RO\",\"@id\":\"https:\\\/\\\/internetaddictsanonymous.org\\\/#\\\/schema\\\/logo\\\/image\\\/\",\"url\":\"https:\\\/\\\/internetaddictsanonymous.org\\\/wp-content\\\/uploads\\\/2023\\\/01\\\/cropped-ITAA-logo-480px.png\",\"contentUrl\":\"https:\\\/\\\/internetaddictsanonymous.org\\\/wp-content\\\/uploads\\\/2023\\\/01\\\/cropped-ITAA-logo-480px.png\",\"width\":480,\"height\":480,\"caption\":\"Internet and Technology Addicts Anonymous\"},\"image\":{\"@id\":\"https:\\\/\\\/internetaddictsanonymous.org\\\/#\\\/schema\\\/logo\\\/image\\\/\"}}]}<\/script>\n<!-- \/ Yoast SEO plugin. -->","yoast_head_json":{"title":"Pove\u0219ti de recuperare - Dependen\u021bii de Internet \u0219i Tehnologie Anonimi","robots":{"index":"index","follow":"follow","max-snippet":"max-snippet:-1","max-image-preview":"max-image-preview:large","max-video-preview":"max-video-preview:-1"},"canonical":"https:\/\/internetaddictsanonymous.org\/ro\/povesti-de-recuperare\/","og_locale":"ro_RO","og_type":"article","og_title":"Recovery Stories &#8211; Internet and Technology Addicts Anonymous","og_description":"Here we share the experience, strength and hope of ITAA members. We share about how it was, what changed, and how it is now. Speaker tapes Lauren T &#8211; Chronic Illness and Conscious Contact (45min, April 4, 2026)Lauren VB &#8211; Lifted From a Spiritual Bottom (35min, Jan 18, 2026)Lauren VB &#8211; ITAA Eight Year Anniversary &hellip; Continu\u0103 s\u0103 cite\u0219ti Recovery Stories","og_url":"https:\/\/internetaddictsanonymous.org\/ro\/povesti-de-recuperare\/","og_site_name":"Internet and Technology Addicts Anonymous","article_modified_time":"2026-04-09T01:26:27+00:00","twitter_card":"summary_large_image","twitter_misc":{"Timp estimat pentru citire":"2 minute"},"schema":{"@context":"https:\/\/schema.org","@graph":[{"@type":"WebPage","@id":"https:\/\/internetaddictsanonymous.org\/recovery-stories\/","url":"https:\/\/internetaddictsanonymous.org\/recovery-stories\/","name":"Pove\u0219ti de recuperare - Dependen\u021bii de Internet \u0219i Tehnologie Anonimi","isPartOf":{"@id":"https:\/\/internetaddictsanonymous.org\/#website"},"datePublished":"2020-02-09T10:49:59+00:00","dateModified":"2026-04-09T01:26:27+00:00","breadcrumb":{"@id":"https:\/\/internetaddictsanonymous.org\/recovery-stories\/#breadcrumb"},"inLanguage":"ro-RO","potentialAction":[{"@type":"ReadAction","target":["https:\/\/internetaddictsanonymous.org\/recovery-stories\/"]}]},{"@type":"BreadcrumbList","@id":"https:\/\/internetaddictsanonymous.org\/recovery-stories\/#breadcrumb","itemListElement":[{"@type":"ListItem","position":1,"name":"Home","item":"https:\/\/internetaddictsanonymous.org\/"},{"@type":"ListItem","position":2,"name":"Recovery Stories"}]},{"@type":"WebSite","@id":"https:\/\/internetaddictsanonymous.org\/#website","url":"https:\/\/internetaddictsanonymous.org\/","name":"Dependen\u021bii de Internet \u0219i Tehnologie Anonimi","description":"Fr\u0103\u021bie mondial\u0103 \u00een 12 pa\u0219i pentru dependen\u021ba de internet \u0219i tehnologie","publisher":{"@id":"https:\/\/internetaddictsanonymous.org\/#organization"},"potentialAction":[{"@type":"SearchAction","target":{"@type":"EntryPoint","urlTemplate":"https:\/\/internetaddictsanonymous.org\/?s={search_term_string}"},"query-input":{"@type":"PropertyValueSpecification","valueRequired":true,"valueName":"search_term_string"}}],"inLanguage":"ro-RO"},{"@type":"Organization","@id":"https:\/\/internetaddictsanonymous.org\/#organization","name":"Dependen\u021bii de Internet \u0219i Tehnologie Anonimi","url":"https:\/\/internetaddictsanonymous.org\/","logo":{"@type":"ImageObject","inLanguage":"ro-RO","@id":"https:\/\/internetaddictsanonymous.org\/#\/schema\/logo\/image\/","url":"https:\/\/internetaddictsanonymous.org\/wp-content\/uploads\/2023\/01\/cropped-ITAA-logo-480px.png","contentUrl":"https:\/\/internetaddictsanonymous.org\/wp-content\/uploads\/2023\/01\/cropped-ITAA-logo-480px.png","width":480,"height":480,"caption":"Internet and Technology Addicts Anonymous"},"image":{"@id":"https:\/\/internetaddictsanonymous.org\/#\/schema\/logo\/image\/"}}]}},"jetpack_sharing_enabled":true,"jetpack_shortlink":"https:\/\/wp.me\/P9Fwob-2yD","_links":{"self":[{"href":"https:\/\/internetaddictsanonymous.org\/ro\/wp-json\/wp\/v2\/pages\/9835","targetHints":{"allow":["GET"]}}],"collection":[{"href":"https:\/\/internetaddictsanonymous.org\/ro\/wp-json\/wp\/v2\/pages"}],"about":[{"href":"https:\/\/internetaddictsanonymous.org\/ro\/wp-json\/wp\/v2\/types\/page"}],"author":[{"embeddable":true,"href":"https:\/\/internetaddictsanonymous.org\/ro\/wp-json\/wp\/v2\/users\/35194237"}],"replies":[{"embeddable":true,"href":"https:\/\/internetaddictsanonymous.org\/ro\/wp-json\/wp\/v2\/comments?post=9835"}],"version-history":[{"count":87,"href":"https:\/\/internetaddictsanonymous.org\/ro\/wp-json\/wp\/v2\/pages\/9835\/revisions"}],"predecessor-version":[{"id":21211,"href":"https:\/\/internetaddictsanonymous.org\/ro\/wp-json\/wp\/v2\/pages\/9835\/revisions\/21211"}],"wp:attachment":[{"href":"https:\/\/internetaddictsanonymous.org\/ro\/wp-json\/wp\/v2\/media?parent=9835"}],"wp:term":[{"taxonomy":"post_tag","embeddable":true,"href":"https:\/\/internetaddictsanonymous.org\/ro\/wp-json\/wp\/v2\/tags?post=9835"}],"curies":[{"name":"wp","href":"https:\/\/api.w.org\/{rel}","templated":true}]}}